{"id":93,"date":"2013-06-26T11:55:35","date_gmt":"2013-06-26T10:55:35","guid":{"rendered":"http:\/\/www.kreditvergleich-gratis.de\/?page_id=93"},"modified":"2018-08-20T09:26:50","modified_gmt":"2018-08-20T08:26:50","slug":"creditplus","status":"publish","type":"page","link":"http:\/\/www.crcg.de\/kreditvergleich\/creditplus\/","title":{"rendered":"CreditPlus \u2013 seit Jahrzehnten ein Ansprechpartner"},"content":{"rendered":"<p>Schon seit mehr als 50 Jahren ist die CreditPlus Bank AG aus Stuttgart mit der Vergabe von Ratenkrediten auf dem Geldmarkt zu finden. Sie wurde im Jahr 1960 von Willy Wall gegr\u00fcndet und nannte sich zun\u00e4chst Teilzahlungs-<a href=\"http:\/\/www.crcg.de\/kreditvergleich\/\">Kredit<\/a>-Bank. Schon ein paar Jahre sp\u00e4ter wurde sie \u00fcbernommen und damit zu einer Universalbank weiterentwickelt. Sie war auch die erste Bank, die auf dem Gebiet der damaligen DDR erste Filialen er\u00f6ffnet hat, Dresden, Leipzig, Rostock und Erfurt waren die ersten St\u00e4dte. 1998 wurde sie von der Konsumfinanzierungsgruppe Cr\u00e9dit Agricole Consumer France \u00fcbernommen und nach dem 50-j\u00e4hrigen Jubil\u00e4um \u00dcbernahme die Suzuki International Europe die Captive Funktion. Im Jahr 2012 wurde CreditPlus erneut <a href=\"http:\/\/www.crcg.de\/kreditvergleich\/ratenkredit\/\">zur besten Bank f\u00fcr Ratenkredite ernannt<\/a>, auch ein Jahr zuvor hat sie diese Auszeichnung erhalten.<\/p>\n<p>Ihren individuellen CreditPlus Kredit fragen Sie am besten direkt hier an:<\/p>\n<p><script src=\"https:\/\/embed.finanzcheck.de\/embed\/iframe.js?configuration=W33AaszzaVML&#038;amount=12000&#038;term=84&#038;productId=37&#038;subId=creditplus\"><\/script><\/p>\n<h2>Verantwortungsvoller Umgang mit Krediten<\/h2>\n<p>Kunden, die sich bei der CreditPlus Bank f\u00fcr einen Kredit interessieren, k\u00f6nnen auf der Webseite ein umfangreiches Informationsangebot finden. Die Bank wirbt daf\u00fcr, einen verantwortungsvollen Umgang mit Geld zu pflegen. Das hei\u00dft, dass die Vergabe von Krediten so erfolgt, dass der Kunde sie auch mit h\u00f6chster Wahrscheinlichkeit zur\u00fcckzahlen kann. Gemeinsam mit dem Bankenverband wurden deshalb Richtlinien herausgearbeitet, denen der jeweilige Kreditantrag entsprechen muss.<\/p>\n<p>Die Auswahl der Kredite ist umfangreich und kann jedem Kunden f\u00fcr seinen pers\u00f6nlichen Zweck das richtige Produkt anbieten. Neben den h\u00e4ufig gew\u00e4hlten Autokrediten ist <a href=\"http:\/\/www.crcg.de\/kreditvergleich\/sofortkredit\/\">auch der Sofortkredit<\/a> oder <a href=\"http:\/\/www.crcg.de\/kreditvergleich\/kleinkredit\/\">der Kleinkredit sehr beliebt<\/a>. Sie sind Verbraucherkredite, die f\u00fcr die Erf\u00fcllung eines Herzenswunsches genau richtig sind. Aber auch die eine oder andere Verpflichtung, die ganz allt\u00e4glich ist wie zum Beispiel der Ausgleich des Girokontos oder die Anschaffung dringend ben\u00f6tigter M\u00f6bel kann mit einem Kredit von CreditPlus finanziert werden.<\/p>\n<p>Wir hingegen das ersparte Geld sinnvoll angelegt, kann bei der CreditPlus Bank auch ein Festgeldkonto ausgew\u00e4hlt werden. Dieses wird mit einer lukrativen Verzinsung angeboten und kann ebenso auf der Webseite der Bank ausgew\u00e4hlt werden, wie auch der Kreditantrag ausgef\u00fcllt werden kann. Dies ist f\u00fcr alle Verbraucher sehr angenehm, denn das Thema Kreditantrag m\u00f6chten sie am liebsten in den eigenen vier W\u00e4nden selbst erledigen. Daf\u00fcr eignet sich nat\u00fcrlich ein Onlineantrag bei der CreditPlus Bank sehr gut. Wer sich durch die einzelnen Angebote durchgelesen hat, kann entscheiden, f\u00fcr welches Kreditangebot er einen Antrag einreichen m\u00f6chte und findet so genau nach seinen W\u00fcnschen das entsprechende Angebot.<\/p>\n<h3>Wenn es einmal schnell gehen soll: CreditPlus Kredit<\/h3>\n<p>CreditPlus bietet auch einen <a href=\"http:\/\/www.crcg.de\/kreditvergleich\/sofortkredit\/\">Sofortkredit<\/a> f\u00fcr alle Kunden an, die m\u00f6glichst kurzfristig Geld ben\u00f6tigen, daf\u00fcr aber keinen Dispokredit in Anspruch nehmen wollen. Der Sofortkredit kann als Wunschkredit mit Darlehensbetr\u00e4gen zwischen 1.000 Euro und 70.000 Euro beantragt werden, die Laufzeit kann zwischen 12 und 84 Monaten bestimmt werden. Der Sofort Kredit ist nicht nur schnell verf\u00fcgbar, er kann auch flexibel gehandhabt werden. Kostenlose Sonderzahlungen, wie sie zum Beispiel durch den Einsatz von Guthaben aus Sparvertr\u00e4gen oder Weihnachtsgratifikationen m\u00f6glich sind, k\u00f6nnen jederzeit vorgenommen werden. Der <a href=\"http:\/\/www.crcg.de\/kreditvergleich\/kreditrechner\/\">Kreditrechner<\/a> zeigt dem Verbraucher immer wieder, <a href=\"http:\/\/www.crcg.de\/kreditvergleich\/\">welche Banken die besten Angebote haben<\/a>. Hat er sich f\u00fcr CreditPlus entschieden, geht die Weiterleitung zum Antrag f\u00fcr den Kredit in wenigen Schritten. Hier wird dann alles Weitere wie gewohnt erledigt und \u00fcber den Postweg erreicht der Kreditantrag schlie\u00dflich die Bank, die durch die sofortige Pr\u00fcfung daf\u00fcr sorgt, dass der Sofortkredit seinem Namen alle Ehre macht.<\/p>\n<h2>Kreditangebote<\/h2>\n<p>Die CreditPlus Bank hat sich auf Online-Konsumentenkredite spezialisiert. Mit 15 Filialen und einem transparenten Angebot wird dem Kunden ein bestm\u00f6glicher Service geboten. Eigenen Angaben zufolge erreichte der kundenfreundliche Service eine Kundenzufriedenheit von 99 Prozent. Die Kreditsumme kann zur freien Verwendung eingesetzt werden. F\u00fcr Selbstst\u00e4ndige und Autofinanzierungen bestehen separate Angebote.<\/p>\n<h2>Sofortkredit<\/h2>\n<p>Bei der CreditPlus Bank k\u00f6nnen bis zu 100.000 Euro auf normalem Wege als Kredit aufgenommen werden. Bei einer h\u00f6heren Summe ist eine separate Anfrage und Besprechung mit dem Bankhaus notwendig. Beim Kreditvergleich liegt die CreditPlus Bank im oberen Bereich. Der Mindestbetrag liegt bei 500 Euro. Dies ist f\u00fcr einen kleinen Liquidationsfluss ebenso vorteilhaft wie f\u00fcr die Finanzierung gr\u00f6\u00dferer Projekte. Der Nettokreditbetrag kann selbst festgelegt werden. Vorgaben oder Staffelungen ergeben sich nicht. Die Kreditsumme sollte allerdings den pers\u00f6nlichen Voraussetzungen angepasst sein.<\/p>\n<p>Die Laufzeit kann vom Kreditnehmer ebenfalls frei gew\u00e4hlt werden und bewegt sich zwischen 12 und 120 Monaten. Eine stufenlose Laufzeit ist ebenso m\u00f6glich, die Abstufungen k\u00f6nnen halbj\u00e4hrlich bestimmt werden. Bei einer sehr kleinen Kreditsumme ist eine k\u00fcrzere Laufzeit m\u00f6glich. Hier lohnt es sich, dies mit dem Kundenservice oder der \u00f6rtlichen Filiale vor der Kreditaufnahme abzusprechen. Sobald ben\u00f6tigte Kreditunterlagen vollst\u00e4ndig bei der CreditPlus Bank vorliegen, geschieht eine zeitnahe Bearbeitung des Kreditantrages. Eine Vorabantragszusage erfolgt bei der Onlinebeantragung eines Sofortkredits umgehend. Eine verbindliche Kreditgenehmigung erfolgt, sobald alle Unterlagen vollst\u00e4ndig \u00fcberpr\u00fcft sind. Nach dieser Pr\u00fcfung wird die Kreditauszahlung innerhalb von 5 Werktagen vorgenommen. Als beworbener \u201eSofortkredit\u201c allerdings ein recht langer Zeitraum.<\/p>\n<p>Parallel laufende mehrere Kredite oder aufgelaufene Schulden sind mit einem Sofortkredit der CreditPlus Bank zusammengefasst m\u00f6glich, um eine <a href=\"http:\/\/www.crcg.de\/kreditvergleich\/umschuldungskredit\/\">Umschuldung<\/a> vorzunehmen. Der Sofortkredit richtet sich haupts\u00e4chlich an Kreditnehmer ohne Zweckbindung. Zu den Kundengruppen geh\u00f6ren Privatpersonen, Rentner und Beamte bis 79 Jahre.<\/p>\n<h2>Privatkredit f\u00fcr Beamte<\/h2>\n<p>Beamten wird der <a href=\"http:\/\/www.crcg.de\/kreditvergleich\/privatkredit\/\">Privatkredit<\/a> zu g\u00fcnstigen Konditionen und mit einer Laufzeit bis zu 120 Monaten angeboten. Das Geld steht nach erfolgter Auszahlung zur freien Verf\u00fcgung. Die Kredith\u00f6he begrenzt sich von 1.000.- bis 70.000.- Euro. Die Quote der Zusage ist bei Beamten besonders hoch.<\/p>\n<h2>Autokredit<\/h2>\n<p>Das Angebot f\u00fcr einen <a href=\"http:\/\/www.crcg.de\/kreditvergleich\/autokredit\/\">Autokredit<\/a> ist transparent, bietet gute Konditionen und ist bei guter Bonit\u00e4t g\u00fcnstig. Die Finanzierung kann \u00fcber unseren Kreditvergleich bei der Bank kostenlos beantragt werden.<\/p>\n<p><u>Details und Konditionen<\/u><\/p>\n<ul>\n<li>Kreditentscheid nach 24h<\/li>\n<\/ul>\n<p><u>Bearbeitungsgeb\u00fchr:<\/u><\/p>\n<ul>\n<li>0% des Nettokreditbetrages<\/li>\n<li>Bearbeitungsgeb\u00fchr entf\u00e4llt<\/li>\n<\/ul>\n<p><u>Grundvoraussetzungen:<\/u><\/p>\n<ul>\n<li>Vollj\u00e4hrig und Wohnsitz in Deutschland<\/li>\n<li>Bereits 3 Monate beim derzeitigen Arbeitgeber<\/li>\n<li>Probezeit beendet<\/li>\n<li>Nicht selbst\u00e4ndig, kein Teilhaber oder Gesellschafter<\/li>\n<li>Handlung auf eigene Rechnung und eigenen Namen<\/li>\n<li>Kein negativer Schufa Eintrag.<\/li>\n<\/ul>\n<p><u>Ben\u00f6tigte Unterlagen:<\/u><\/p>\n<ul>\n<li>Zwei Gehaltsabrechnungen<\/li>\n<li>Kontoauszug des Gehaltskontos eines Monats als Mietnachweis<\/li>\n<li>g\u00fcltiger Ausweis<\/li>\n<\/ul>\n<p><u>Vorzeitige R\u00fcckzahlung:<\/u><\/p>\n<ul>\n<li>Sondertilgungen 2x im Jahr ohne Kosten m\u00f6glich<\/li>\n<li>Vorzeitige Ausl\u00f6sung der gesamten Kreditsumme fr\u00fchestens nach 6 Monaten zzgl. 3 monatiger gesetzlicher K\u00fcndigungsfrist, Geb\u00fchrenpflichtig.<\/li>\n<\/ul>\n<p><u>Besonderheiten:<\/u><\/p>\n<ul>\n<li>Kreditzins abh\u00e4ngig von der Bonit\u00e4t<\/li>\n<li>Sichere Online-\u00dcbertragung<\/li>\n<li>T\u00dcV-Gepr\u00fcftes Service-Zertifikat<\/li>\n<li>Hohe Kundenzufriedenheit<\/li>\n<\/ul>\n<p><u>Kredit-Scoring Schufa:<\/u><\/p>\n<p>Anfragen f\u00fcr einen Kredit werden \u00fcber das Merkmal &#8222;Anfrage Kreditkonditionen&#8220; bei der Schufa angefragt. Diese Auskunftseinholung ist kein negatives Merkmal und f\u00fcr die Berechnung des individuellen Zinssatzes nicht relevant.<\/p>\n<p><u>Daten der CreditPlus Bank im \u00dcberblick:<\/u><\/p>\n<ul>\n<li>Anbieter: CreditPlus Bank AG<\/li>\n<li>Produkt: Autokredit<\/li>\n<li>Verwendung f\u00fcr: Kauf von Auto oder Motorrad<\/li>\n<li>Nettodarlehensbetrag : Ab 5.000 Euro bis 50.000 Euro<\/li>\n<\/ul>\n","protected":false},"excerpt":{"rendered":"<p>Schon seit mehr als 50 Jahren ist die CreditPlus Bank AG aus Stuttgart mit der Vergabe von Ratenkrediten auf dem Geldmarkt zu finden. Sie wurde im Jahr 1960 von Willy Wall gegr\u00fcndet und nannte sich zun\u00e4chst Teilzahlungs-Kredit-Bank. Schon ein paar Jahre sp\u00e4ter wurde sie \u00fcbernommen und damit zu einer Universalbank weiterentwickelt. Sie war auch die [&hellip;]<\/p>\n","protected":false},"author":2,"featured_media":0,"parent":0,"menu_order":0,"comment_status":"open","ping_status":"closed","template":"","meta":{"footnotes":""},"class_list":["post-93","page","type-page","status-publish","hentry"],"yoast_head":"<!-- This site is optimized with the Yoast SEO plugin v26.8 - https:\/\/yoast.com\/product\/yoast-seo-wordpress\/ -->\n<title>CreditPlus Kredit online: Jetzt g\u00fcnstigen Zins sichern, Stand: Mai\/2026<\/title>\n<meta name=\"description\" content=\"lll\u27a4 CreditPlus Kredit 2026 auf STERN.de \u2b50 G\u00fcnstige Kredite bei der CreditPlus mit schneller Auszahlung &amp; Niedrig-Zins sichern! \u2705 Jetzt beantragen!\" \/>\n<meta name=\"robots\" content=\"index, follow, max-snippet:-1, max-image-preview:large, max-video-preview:-1\" \/>\n<link rel=\"canonical\" href=\"https:\/\/www.stern.de\/vergleich\/kredit\/creditplus\/\" \/>\n<meta property=\"og:locale\" content=\"de_DE\" \/>\n<meta property=\"og:type\" content=\"article\" \/>\n<meta property=\"og:title\" content=\"CreditPlus Kredit online: Jetzt g\u00fcnstigen Zins sichern, Stand: Mai\/2026\" \/>\n<meta property=\"og:description\" content=\"lll\u27a4 CreditPlus Kredit 2026 auf STERN.de \u2b50 G\u00fcnstige Kredite bei der CreditPlus mit schneller Auszahlung &amp; Niedrig-Zins sichern! \u2705 Jetzt beantragen!\" \/>\n<meta property=\"og:url\" content=\"https:\/\/www.stern.de\/vergleich\/kredit\/creditplus\/\" \/>\n<meta property=\"og:site_name\" content=\"Kreditvergleich gratis\" \/>\n<meta property=\"article:modified_time\" content=\"2018-08-20T08:26:50+00:00\" \/>\n<meta name=\"twitter:card\" content=\"summary_large_image\" \/>\n<meta name=\"twitter:label1\" content=\"Gesch\u00e4tzte Lesezeit\" \/>\n\t<meta name=\"twitter:data1\" content=\"6\u00a0Minuten\" \/>\n<script type=\"application\/ld+json\" class=\"yoast-schema-graph\">{\"@context\":\"https:\/\/schema.org\",\"@graph\":[{\"@type\":\"WebPage\",\"@id\":\"http:\/\/www.crcg.de\/kreditvergleich\/creditplus\/\",\"url\":\"https:\/\/www.stern.de\/vergleich\/kredit\/creditplus\/\",\"name\":\"CreditPlus Kredit online: Jetzt g\u00fcnstigen Zins sichern, Stand: Mai\/2026\",\"isPartOf\":{\"@id\":\"http:\/\/www.crcg.de\/kreditvergleich\/#website\"},\"datePublished\":\"2013-06-26T10:55:35+00:00\",\"dateModified\":\"2018-08-20T08:26:50+00:00\",\"description\":\"lll\u27a4 CreditPlus Kredit 2026 auf STERN.de \u2b50 G\u00fcnstige Kredite bei der CreditPlus mit schneller Auszahlung & Niedrig-Zins sichern! \u2705 Jetzt beantragen!\",\"breadcrumb\":{\"@id\":\"https:\/\/www.stern.de\/vergleich\/kredit\/creditplus\/#breadcrumb\"},\"inLanguage\":\"de\",\"potentialAction\":[{\"@type\":\"ReadAction\",\"target\":[\"https:\/\/www.stern.de\/vergleich\/kredit\/creditplus\/\"]}]},{\"@type\":\"BreadcrumbList\",\"@id\":\"https:\/\/www.stern.de\/vergleich\/kredit\/creditplus\/#breadcrumb\",\"itemListElement\":[{\"@type\":\"ListItem\",\"position\":1,\"name\":\"Startseite\",\"item\":\"http:\/\/www.crcg.de\/kreditvergleich\/\"},{\"@type\":\"ListItem\",\"position\":2,\"name\":\"CreditPlus \u2013 seit Jahrzehnten ein Ansprechpartner\"}]},{\"@type\":\"WebSite\",\"@id\":\"http:\/\/www.crcg.de\/kreditvergleich\/#website\",\"url\":\"http:\/\/www.crcg.de\/kreditvergleich\/\",\"name\":\"Kreditvergleich gratis\",\"description\":\"Gratis Kreditvergleich f\u00fcr Jedermann\",\"potentialAction\":[{\"@type\":\"SearchAction\",\"target\":{\"@type\":\"EntryPoint\",\"urlTemplate\":\"http:\/\/www.crcg.de\/kreditvergleich\/?s={search_term_string}\"},\"query-input\":{\"@type\":\"PropertyValueSpecification\",\"valueRequired\":true,\"valueName\":\"search_term_string\"}}],\"inLanguage\":\"de\"}]}<\/script>\n<!-- \/ Yoast SEO plugin. -->","yoast_head_json":{"title":"CreditPlus Kredit online: Jetzt g\u00fcnstigen Zins sichern, Stand: Mai\/2026","description":"lll\u27a4 CreditPlus Kredit 2026 auf STERN.de \u2b50 G\u00fcnstige Kredite bei der CreditPlus mit schneller Auszahlung & Niedrig-Zins sichern! \u2705 Jetzt beantragen!","robots":{"index":"index","follow":"follow","max-snippet":"max-snippet:-1","max-image-preview":"max-image-preview:large","max-video-preview":"max-video-preview:-1"},"canonical":"https:\/\/www.stern.de\/vergleich\/kredit\/creditplus\/","og_locale":"de_DE","og_type":"article","og_title":"CreditPlus Kredit online: Jetzt g\u00fcnstigen Zins sichern, Stand: Mai\/2026","og_description":"lll\u27a4 CreditPlus Kredit 2026 auf STERN.de \u2b50 G\u00fcnstige Kredite bei der CreditPlus mit schneller Auszahlung & Niedrig-Zins sichern! \u2705 Jetzt beantragen!","og_url":"https:\/\/www.stern.de\/vergleich\/kredit\/creditplus\/","og_site_name":"Kreditvergleich gratis","article_modified_time":"2018-08-20T08:26:50+00:00","twitter_card":"summary_large_image","twitter_misc":{"Gesch\u00e4tzte Lesezeit":"6\u00a0Minuten"},"schema":{"@context":"https:\/\/schema.org","@graph":[{"@type":"WebPage","@id":"http:\/\/www.crcg.de\/kreditvergleich\/creditplus\/","url":"https:\/\/www.stern.de\/vergleich\/kredit\/creditplus\/","name":"CreditPlus Kredit online: Jetzt g\u00fcnstigen Zins sichern, Stand: Mai\/2026","isPartOf":{"@id":"http:\/\/www.crcg.de\/kreditvergleich\/#website"},"datePublished":"2013-06-26T10:55:35+00:00","dateModified":"2018-08-20T08:26:50+00:00","description":"lll\u27a4 CreditPlus Kredit 2026 auf STERN.de \u2b50 G\u00fcnstige Kredite bei der CreditPlus mit schneller Auszahlung & Niedrig-Zins sichern! \u2705 Jetzt beantragen!","breadcrumb":{"@id":"https:\/\/www.stern.de\/vergleich\/kredit\/creditplus\/#breadcrumb"},"inLanguage":"de","potentialAction":[{"@type":"ReadAction","target":["https:\/\/www.stern.de\/vergleich\/kredit\/creditplus\/"]}]},{"@type":"BreadcrumbList","@id":"https:\/\/www.stern.de\/vergleich\/kredit\/creditplus\/#breadcrumb","itemListElement":[{"@type":"ListItem","position":1,"name":"Startseite","item":"http:\/\/www.crcg.de\/kreditvergleich\/"},{"@type":"ListItem","position":2,"name":"CreditPlus \u2013 seit Jahrzehnten ein Ansprechpartner"}]},{"@type":"WebSite","@id":"http:\/\/www.crcg.de\/kreditvergleich\/#website","url":"http:\/\/www.crcg.de\/kreditvergleich\/","name":"Kreditvergleich gratis","description":"Gratis Kreditvergleich f\u00fcr Jedermann","potentialAction":[{"@type":"SearchAction","target":{"@type":"EntryPoint","urlTemplate":"http:\/\/www.crcg.de\/kreditvergleich\/?s={search_term_string}"},"query-input":{"@type":"PropertyValueSpecification","valueRequired":true,"valueName":"search_term_string"}}],"inLanguage":"de"}]}},"_links":{"self":[{"href":"http:\/\/www.crcg.de\/kreditvergleich\/wp-json\/wp\/v2\/pages\/93","targetHints":{"allow":["GET"]}}],"collection":[{"href":"http:\/\/www.crcg.de\/kreditvergleich\/wp-json\/wp\/v2\/pages"}],"about":[{"href":"http:\/\/www.crcg.de\/kreditvergleich\/wp-json\/wp\/v2\/types\/page"}],"author":[{"embeddable":true,"href":"http:\/\/www.crcg.de\/kreditvergleich\/wp-json\/wp\/v2\/users\/2"}],"replies":[{"embeddable":true,"href":"http:\/\/www.crcg.de\/kreditvergleich\/wp-json\/wp\/v2\/comments?post=93"}],"version-history":[{"count":9,"href":"http:\/\/www.crcg.de\/kreditvergleich\/wp-json\/wp\/v2\/pages\/93\/revisions"}],"predecessor-version":[{"id":1064,"href":"http:\/\/www.crcg.de\/kreditvergleich\/wp-json\/wp\/v2\/pages\/93\/revisions\/1064"}],"wp:attachment":[{"href":"http:\/\/www.crcg.de\/kreditvergleich\/wp-json\/wp\/v2\/media?parent=93"}],"curies":[{"name":"wp","href":"https:\/\/api.w.org\/{rel}","templated":true}]}}