{"id":58,"date":"2013-06-24T12:45:45","date_gmt":"2013-06-24T11:45:45","guid":{"rendered":"http:\/\/www.kreditvergleich-gratis.de\/?page_id=58"},"modified":"2018-08-20T09:03:32","modified_gmt":"2018-08-20T08:03:32","slug":"autofinanzierung","status":"publish","type":"page","link":"http:\/\/www.crcg.de\/kreditvergleich\/autofinanzierung\/","title":{"rendered":"Autofinanzierung &#8211; Der g\u00fcnstige Vergleich mit dem Auto\u2013Finanzierungsrechner"},"content":{"rendered":"<p>Schnell ist es passiert und das alte Auto hat einen irreparablen Schaden. Vielleicht steht auch wieder Nachwuchs an, die Familie vergr\u00f6\u00dfert sich und es muss ein familientauglicher Wagen mit gen\u00fcgend Sitzpl\u00e4tzen her. Nicht immer sind f\u00fcr solche Anschaffungen gen\u00fcgend R\u00fccklagen vorhanden. Zu diesem Zweck bieten zahlreiche Banken eine zweckgebundene Finanzierung an. Die sogenannte Kfz-Finanzierung kann sowohl \u00fcber die eigene Hausbank als auch \u00fcber die Autoh\u00e4ndler und die jeweiligen Vertragsbanken der Autohersteller abgeschlossen werden. Aufgrund der zahlreichen Anbieter lohnt es sich jedoch, vorab schon einmal einen Vergleich der angebotenen Autofinanzierungen durchzuf\u00fchren. Der Autofinanzierungs-Rechner auf STERN.de erm\u00f6glicht es, schnell und unkompliziert zahlreiche Angebote und Konditionen zu \u00fcberblicken und einen geeigneten <a href=\"http:\/\/www.crcg.de\/kreditvergleich\/onlinekredit\/\">Onlinekredit<\/a> zu erhalten.<\/p>\n<h2>G\u00fcnstige Angebote durch den Auto-Finanzierungsrechner finden<\/h2>\n<p>Die Finanzierung des neuen Autos ist nicht immer aus eigener Tasche m\u00f6glich, weshalb der Kfz-<a href=\"http:\/\/www.crcg.de\/kreditvergleich\/\">Kredit<\/a> heutzutage zu den meist vergebenen Krediten der Banken geh\u00f6rt. Wer eine g\u00fcnstige Autofinanzierung sucht, wird im Internet mit zahlreichen Angeboten konfrontiert. Soll es eine 0-Prozent-Finanzierung des Gef\u00e4hrts sein oder eine Autofinanzierung ohne SCHUFA? Den Kreditnehmern stehen viele Optionen und Angebote f\u00fcr Autofinanzierungen zur Verf\u00fcgung. In diesem Fall lohnt es sich, einen Vergleich der Autofinanzierungen durchzuf\u00fchren, um das auf die individuelle Situation am besten abgestimmte Angebot zu erhalten. Mit Hilfe des Autofinanzierungs-Rechners auf STERN.de ist es m\u00f6glich, mit nur wenigen Angaben einen <a href=\"http:\/\/www.crcg.de\/kreditvergleich\/\">Kredit-Vergleich<\/a> durchzuf\u00fchren und einen Anbieter mit den passenden Konditionen einfach ausfindig zu machen.<\/p>\n<h2>Wie funktioniert der Kfz-Finanzierungsrechner?<\/h2>\n<p>Um eine g\u00fcnstige Fahrzeugfinanzierung mit dem Autofinanzierungs-Rechner ausfindig zu machen, werden nur wenige Daten ben\u00f6tigt. Der Kfz\u2013Finanzierungsrechner ben\u00f6tigt lediglich folgende Angaben:<\/p>\n<ul>\n<li>Kreditsumme<\/li>\n<li>Kreditlaufzeit<\/li>\n<li>Verwendungszweck<\/li>\n<\/ul>\n<p>Unabh\u00e4ngig davon, ob eine Audi-Finanzierung oder eine BMW-Finanzierung durchgef\u00fchrt werden soll, reicht es aus, beim Verwendungszweck <a title=\"Gebrauchtfahrzeug\" href=\"http:\/\/www.crcg.de\/kreditvergleich\/gebrauchtwagen-finanzierung\/\">Gebrauchtfahrzeug<\/a> oder <a title=\"Neuwagen\" href=\"http:\/\/www.crcg.de\/kreditvergleich\/neuwagen-finanzierung\/\">Neuwagen<\/a> anzugeben. Vorab sollte sich der Kreditnehmer informieren, welche Kreditsumme er f\u00fcr den neuen Traumwagen ben\u00f6tigt. Zudem kann die Kreditlaufzeit angegeben werden. Soll die Pkw-Finanzierung schon nach zw\u00f6lf Monaten abgeschlossen sein? Oder ist es wichtiger, diemonatliche Rate niedrig zu halten und eher eine l\u00e4ngere Laufzeit zu w\u00e4hlen? Bei der Berechnung der Kfz-Finanzierung ist es m\u00f6glich, eine Kreditlaufzeit von bis zu 120 Monaten zu w\u00e4hlen. Per Mausklick kann das Finanzierungsangebot, das den eigenen Anspr\u00fcchen und Vorstellungen am ehesten gerecht wird, aufgerufen und analysiert werden.<\/p>\n<h2>Welche M\u00f6glichkeiten gibt es, das Auto g\u00fcnstig zu finanzieren?<\/h2>\n<p>Eine Fahrzeugfinanzierung sollte immer auf die individuelle Situation abgestimmt sein, daher sollten Interessenten alles \u00fcber die M\u00f6glichkeiten, ein Fahrzeug zu finanzieren, wissen. Wollen Sie das Auto finanzieren und keine Anzahlung leisten? Oder wird eine Autofinanzierung mit Anzahlung eher Ihren W\u00fcnschen gerecht? Soll es eine Autofinanzierung mit 0 % sein? Mittlerweile werden auch Autofinanzierungen ohne Zinsen angeboten. Mit dem Finanzierungsrechner f\u00fcr Kfz-Anschaffungen werden zahlreiche M\u00f6glichkeiten aufgelistet und die f\u00fcr die individuelle Situation beste Autofinanzierung kann problemlos herausgesucht werden. F\u00fcr bestimmte Autofinanzierungen gelten jedoch einige Voraussetzungen.<\/p>\n<h3>Die Autofinanzierung ohne Schufa<\/h3>\n<p>Neben g\u00fcnstigen Autofinanzierungen ohne Anzahlung oder den so genannten 0 % Finanzierungen des Autos gibt es auch die M\u00f6glichkeit, die Kfz-Finanzierung ohne SCHUFA durchzuf\u00fchren. Schnell ist es passiert und durch eine vergessene Rechnung, monatliche Zahlungsprobleme oder andere Gr\u00fcnde liegt ein SCHUFA-Eintrag vor. Bei zahlreichen Krediten wird jedoch eine Abfrage der SCHUFA durchgef\u00fchrt. F\u00e4llt diese negativ aus, werden bestimmte Kredite nicht gew\u00e4hrt. Mit dem Kfz-Finanzierungs-Rechner ist es denkbar, auch eine billige Finanzierung f\u00fcr das Auto ohne SCHUFA zu erhalten. F\u00fcr diese Autofinanzierung m\u00fcssen bestimmte Bedingungen gegeben sein.<\/p>\n<h3>Wie funktioniert die Autofinanzierung ohne SCHUFA?<\/h3>\n<p>Die Finanzierung des Autos ohne SCHUFA weist folgende Besonderheiten auf:<\/p>\n<ul>\n<li>Es handelt sich meist um einen klassischen Finanz-\/Ratenkauf<\/li>\n<li>Die Konditionen gelten als relativ niedrig<\/li>\n<li>Die Kreditsummer gilt als vergleichsweise hoch (durchschnittlich mehr als 10.000 Euro)<\/li>\n<li>Die monatliche R\u00fcckzahlung der Raten ist meist festgeschrieben und nicht sehr flexibel<\/li>\n<li>Sicherheiten m\u00fcssen nicht so hoch sein, da das Kraftfahrzeug selbst eine Sicherheit darstellt<\/li>\n<\/ul>\n<div class=\"alert alert-info\">Die Konditionen einer Autofinanzierung sind bei den meisten Anbietern mehr als fair. Das liegt auch daran, dass die Kreditgeber sich meist sicher sein k\u00f6nnen, dass die Finanzierung erfolgreich beglichen wird vom Kreditnehmer. Schlie\u00dflich spielt der Pkw eine wichtige Rolle im allt\u00e4glichen Leben, etwa um auf die Arbeit zu gelangen oder als Familien-Chauffeur zu fungieren.<\/div>\n\n<h2>Welche Voraussetzungen m\u00fcssen f\u00fcr eine g\u00fcnstige Finanzierung des Autos gegeben sein?<\/h2>\n<p>F\u00fcr zahlreiche Kredite und Darlehen, unter anderem auch f\u00fcr die Finanzierung des Fahrzeugs, m\u00fcssen generell bestimmte Voraussetzungen erf\u00fcllt sein, damit die Finanzierungssumme vom Kreditgeber ausgezahlt wird. \u00dcblicherweise sind folgende Unterlagen notwendig:<\/p>\n<ul>\n<li>Gehaltsnachweis bei <a title=\"Selbst\u00e4ndigen\" href=\"http:\/\/www.crcg.de\/kreditvergleich\/kredit-fuer-selbststaendige\/\">Selbst\u00e4ndigen<\/a><\/li>\n<li>Einkommensnachweis bei Arbeitnehmern<\/li>\n<li>Mindestalter von 18 Jahren<\/li>\n<li>F\u00fchrerschein<\/li>\n<li>Positive Schufa-Bilanz<\/li>\n<\/ul>\n<p>Eine SCHUFA-Auskunft ist auch bei einer billigen Finanzierung gang und gebe. Mittlerweile gibt es aber, wie schon erw\u00e4hnt, auch Anbieter, die einen KFZ <a href=\"http:\/\/www.crcg.de\/kreditvergleich\/kredit-ohne-schufa\/\">Kredit ohne SCHUFA<\/a> anbieten. Auch Selbstst\u00e4ndige haben die M\u00f6glichkeit, eine Pkw-Finanzierung zu bekommen. W\u00e4hrend es bei zahlreichen Kreditkarten f\u00fcr Selbstst\u00e4ndige schwierig ist, an ein Darlehen zu gelangen, ist die Autofinanzierung in dieser Hinsicht eine Ausnahme. Das liegt nicht zuletzt daran, dass Firmen nicht selten Fahrzeuge ben\u00f6tigen und die Banken sich der dadurch ergebenen Nachfrage angepasst haben. Es muss lediglich der Verwendungszweck f\u00fcr den Kredit angegeben werden.<\/p>\n<h2>Wer bietet eine Autofinanzierung an?<\/h2>\n<p>Wer f\u00fcr die Autofinanzierung ein g\u00fcnstiges Angebot sucht, hat grunds\u00e4tzlich die Auswahl zwischen zwei Arten von Anbietern. Zum einen ist es m\u00f6glich, das Auto sinnvoll \u00fcber Kreditinstitute zu finanzieren. Des Weiteren besteht die M\u00f6glichkeit, die preisg\u00fcnstige Autofinanzierung \u00fcber sogenannte Autobanken (wird meist \u00fcber den H\u00e4ndler angeboten) zu t\u00e4tigen. Die Autobanken kooperieren in der Regel mit den Vertragsh\u00e4ndlern oder sind fester Bestandteil von Autoherstellern. Zu den bekanntesten Autobanken in Deutschland z\u00e4hlen zum Beispiel:<\/p>\n<ul style=\"columns: 2; -webkit-columns: 2; -moz-columns: 2;\">\n<li>BMW Financial Services<\/li>\n<li>Fiat \/ FCA Bank<\/li>\n<li>Ford Bank Finanzierungsl\u00f6sungen<\/li>\n<li>Honda Financial Services<\/li>\n<li>Mazda Finance<\/li>\n<li>Mercedes-Benz Bank<\/li>\n<li>Opel Bank<\/li>\n<li>Renault Bank direct<\/li>\n<li>Audi Financial Services<\/li>\n<li>Seat Financial Services<\/li>\n<li>Skoda Financial Services<\/li>\n<li>Porsche Bank<\/li>\n<li>Toyota Kreditbank<\/li>\n<li>Volkswagen Financial Services<\/li>\n<\/ul>\n<p>Nicht alle der genannten Autobanken stammen aus Deutschland, haben allerdings eine Niederlassung in der Bundesrepublik und damit auch ein operatives Gesch\u00e4ft, \u00fcber das die M\u00f6glichkeit besteht, eine Finanzierung des neuen Wunschautos wahrzunehmen. Dar\u00fcber hinaus bieten alle gro\u00dfen Banken auch \u00fcber den jeweiligen H\u00e4ndler ein solches Darlehen an.<\/p>\n<h2>Die 3-Wege-Finanzierung<\/h2>\n<p>Bei der \u00dcbersicht f\u00fcr die Finanzierung des Autos \u00fcber den Rechner werden sowohl die klassische Finanzierungsvariante als auch die so genannte 3-Wege-Finanzierung offeriert. Diese weist zum Beispiel folgende Besonderheiten auf:<\/p>\n<ul>\n<li>\u00c4hnlichkeit mit einem Auto Leasing<\/li>\n<li>Ist eher gesch\u00e4ftlichen Kreditnehmern vorbehalten ist. Wie zu vermuten<\/li>\n<\/ul>\n<p>Die 3-Wege-Finanzierung erfolgt in drei Schritten. Zun\u00e4chst wird das Fahrzeug angezahlt. Im weiteren Verlauf erfolgt die Abzahlung der monatlichen Raten bis zu einem bestimmten Zeitpunkt. Schlussendlich kann der Kunde mit einer <a href=\"http:\/\/www.crcg.de\/kreditvergleich\/autokredit-mit-schlussrate\/\">Schlussrate das Auto<\/a> endg\u00fcltig kaufen. Diese Schlussrate kann sowohl durch eine weitere Autofinanzierung im Zuge der Anschlussfinanzierung als auch durch Eigenkapital getilgt werden. Zudem besteht die M\u00f6glichkeit, die Schlussrate nicht zu tilgen und daf\u00fcr das Fahrzeug zur\u00fcckzugeben. Eine weitere Variante ist die R\u00fcckzahlung der letzten Rate und der daraufhin folgende Verkauf des Fahrzeuges. Die 3-Wege-Finanzierung ist ebenfalls mit keiner Anzahlung m\u00f6glich, wobei hier die Anzahlung auf die Ratenzahlung oder die Schlusszahlung aufgeschlagen wird.<\/p>\n<h3>Mobilit\u00e4tspakete zur Finanzierung des Wagens<\/h3>\n<p>Immer mehr Kreditgeber bieten sogenannte Mobilit\u00e4tspakete zus\u00e4tzlich zur Autofinanzierung an. Bei diesen Angebotspaketen handelt es sich sozusagen um einen All Inclusive Kredit. Da das Autofahren einige auf Anhieb nicht ersichtlichen Nebenkosten aufweist, erfreut sich diese Finanzierungsart einer besonders gro\u00dfen Popularit\u00e4t. Im Angebot der Mobilit\u00e4tspakete zus\u00e4tzlich zu einer Autofinanzierung ist folgendes enthalten:<\/p>\n<ul>\n<li>Versicherung<\/li>\n<li>Steuern<\/li>\n<li>Wartung<\/li>\n<\/ul>\n<p>Die Kosten f\u00fcr diese Ausgabeposten variieren zwischen 100 und 250 Euro. Der Kreditnehmer bezahlt diese an den Kreditgeber im Rahmen der Tilgung zur\u00fcck. Dies bedeutet zugleich, dass der Kreditgeber die b\u00fcrokratischen Vorgaben erf\u00fcllt und sich um die Zahlungsabwicklung der genannten Posten k\u00fcmmert. Erst, wenn das Fahrzeug in den Besitz des Kreditnehmers wechselt, muss sich dieser auch um die Versicherung, Steuern und Wartung selbst k\u00fcmmern. Ein anderer Vorteil der Mobilit\u00e4tspakete zus\u00e4tzlich zur Autofinanzierung liegt darin, dass die Laufzeiten sehr kurz sind. Meist verlangen die Kreditgeber, dass die Tilgung binnen 12 Monaten erfolgt. F\u00fcr Kreditnehmer besteht der Vorteil darin, im Falle eines Arbeitsplatzverlustes keine dauerhaft hohen Tilgungen tragen zu m\u00fcssen, sondern lediglich bis zum Ende der Laufzeit.<\/p>\n<h2 class=\"notoc\">Unser Fazit<\/h2>\n<p>Die Autofinanzierung ist einer der meistgenutzten Kredite und dementsprechend gro\u00df ist die Anzahl der Anbieter. Daher lohnt es sich vorab, die Autofinanzierung zu berechnen und sich die besten Angebote zu suchen. Durch Finanzierungs-Rechner f\u00fcr Fahrzeuge auf STERN.de l\u00e4sst sich schnell ein \u00dcberblick \u00fcber die geeigneten Kfz-Kredite aufrufen. Ob es nun die klassische monatliche Ratenzahlung oder die 3-Wege-Finanzierung ist &#8211; der Rechner zur Finanzierung des Autos ist f\u00fcr alle gel\u00e4ufigen Finanzierungsmodelle geeignet. Die sogenannten Mobilit\u00e4ts-Pakete erfreuen sich dabei immer gr\u00f6\u00dferer Beliebtheit. In Bezug auf Anbieter und Konditionen ist anzumerken, dass wie bei anderen Finanzk\u00e4ufen die Zinsen relativ niedrig sind. Auch die Kulanz der Kreditgeber gegen\u00fcber Selbst\u00e4ndigen, die ein Auto f\u00fcr ihren Gewerbebetrieb ben\u00f6tigen, ist diesbez\u00fcglich hervorzuheben.<\/p>\n","protected":false},"excerpt":{"rendered":"<p>Schnell ist es passiert und das alte Auto hat einen irreparablen Schaden. Vielleicht steht auch wieder Nachwuchs an, die Familie vergr\u00f6\u00dfert sich und es muss ein familientauglicher Wagen mit gen\u00fcgend Sitzpl\u00e4tzen her. Nicht immer sind f\u00fcr solche Anschaffungen gen\u00fcgend R\u00fccklagen vorhanden. Zu diesem Zweck bieten zahlreiche Banken eine zweckgebundene Finanzierung an. Die sogenannte Kfz-Finanzierung kann [&hellip;]<\/p>\n","protected":false},"author":2,"featured_media":0,"parent":0,"menu_order":0,"comment_status":"open","ping_status":"closed","template":"","meta":{"footnotes":""},"class_list":["post-58","page","type-page","status-publish","hentry"],"yoast_head":"<!-- This site is optimized with the Yoast SEO plugin v26.8 - https:\/\/yoast.com\/product\/yoast-seo-wordpress\/ -->\n<title>Autofinanzierung Vergleich: Jetzt g\u00fcnstige Angebote ab 0,69% sichern<\/title>\n<meta name=\"description\" content=\"lll\u27a4 Autofinanzierung Vergleich auf STERN.de \u2b50 Schnelle Auszahlung + T\u00dcV-gepr\u00fcft + flexible Laufzeiten + 100% transparent \u2705 Jetzt zur neuen Kfz-Finanzierung!\" \/>\n<meta name=\"robots\" content=\"index, follow, max-snippet:-1, max-image-preview:large, max-video-preview:-1\" \/>\n<link rel=\"canonical\" href=\"https:\/\/www.stern.de\/vergleich\/kredit\/autofinanzierung\/\" \/>\n<meta property=\"og:locale\" content=\"de_DE\" \/>\n<meta property=\"og:type\" content=\"article\" \/>\n<meta property=\"og:title\" content=\"Autofinanzierung Vergleich: Jetzt g\u00fcnstige Angebote ab 0,69% sichern\" \/>\n<meta property=\"og:description\" content=\"lll\u27a4 Autofinanzierung Vergleich auf STERN.de \u2b50 Schnelle Auszahlung + T\u00dcV-gepr\u00fcft + flexible Laufzeiten + 100% transparent \u2705 Jetzt zur neuen Kfz-Finanzierung!\" \/>\n<meta property=\"og:url\" content=\"https:\/\/www.stern.de\/vergleich\/kredit\/autofinanzierung\/\" \/>\n<meta property=\"og:site_name\" content=\"Kreditvergleich gratis\" \/>\n<meta property=\"article:modified_time\" content=\"2018-08-20T08:03:32+00:00\" \/>\n<meta name=\"twitter:card\" content=\"summary_large_image\" \/>\n<meta name=\"twitter:label1\" content=\"Gesch\u00e4tzte Lesezeit\" \/>\n\t<meta name=\"twitter:data1\" content=\"8\u00a0Minuten\" \/>\n<script type=\"application\/ld+json\" class=\"yoast-schema-graph\">{\"@context\":\"https:\/\/schema.org\",\"@graph\":[{\"@type\":\"WebPage\",\"@id\":\"http:\/\/www.crcg.de\/kreditvergleich\/autofinanzierung\/\",\"url\":\"https:\/\/www.stern.de\/vergleich\/kredit\/autofinanzierung\/\",\"name\":\"Autofinanzierung Vergleich: Jetzt g\u00fcnstige Angebote ab 0,69% sichern\",\"isPartOf\":{\"@id\":\"http:\/\/www.crcg.de\/kreditvergleich\/#website\"},\"datePublished\":\"2013-06-24T11:45:45+00:00\",\"dateModified\":\"2018-08-20T08:03:32+00:00\",\"description\":\"lll\u27a4 Autofinanzierung Vergleich auf STERN.de \u2b50 Schnelle Auszahlung + T\u00dcV-gepr\u00fcft + flexible Laufzeiten + 100% transparent \u2705 Jetzt zur neuen Kfz-Finanzierung!\",\"breadcrumb\":{\"@id\":\"https:\/\/www.stern.de\/vergleich\/kredit\/autofinanzierung\/#breadcrumb\"},\"inLanguage\":\"de\",\"potentialAction\":[{\"@type\":\"ReadAction\",\"target\":[\"https:\/\/www.stern.de\/vergleich\/kredit\/autofinanzierung\/\"]}]},{\"@type\":\"BreadcrumbList\",\"@id\":\"https:\/\/www.stern.de\/vergleich\/kredit\/autofinanzierung\/#breadcrumb\",\"itemListElement\":[{\"@type\":\"ListItem\",\"position\":1,\"name\":\"Startseite\",\"item\":\"http:\/\/www.crcg.de\/kreditvergleich\/\"},{\"@type\":\"ListItem\",\"position\":2,\"name\":\"Autofinanzierung &#8211; Der g\u00fcnstige Vergleich mit dem Auto\u2013Finanzierungsrechner\"}]},{\"@type\":\"WebSite\",\"@id\":\"http:\/\/www.crcg.de\/kreditvergleich\/#website\",\"url\":\"http:\/\/www.crcg.de\/kreditvergleich\/\",\"name\":\"Kreditvergleich gratis\",\"description\":\"Gratis Kreditvergleich f\u00fcr Jedermann\",\"potentialAction\":[{\"@type\":\"SearchAction\",\"target\":{\"@type\":\"EntryPoint\",\"urlTemplate\":\"http:\/\/www.crcg.de\/kreditvergleich\/?s={search_term_string}\"},\"query-input\":{\"@type\":\"PropertyValueSpecification\",\"valueRequired\":true,\"valueName\":\"search_term_string\"}}],\"inLanguage\":\"de\"}]}<\/script>\n<!-- \/ Yoast SEO plugin. -->","yoast_head_json":{"title":"Autofinanzierung Vergleich: Jetzt g\u00fcnstige Angebote ab 0,69% sichern","description":"lll\u27a4 Autofinanzierung Vergleich auf STERN.de \u2b50 Schnelle Auszahlung + T\u00dcV-gepr\u00fcft + flexible Laufzeiten + 100% transparent \u2705 Jetzt zur neuen Kfz-Finanzierung!","robots":{"index":"index","follow":"follow","max-snippet":"max-snippet:-1","max-image-preview":"max-image-preview:large","max-video-preview":"max-video-preview:-1"},"canonical":"https:\/\/www.stern.de\/vergleich\/kredit\/autofinanzierung\/","og_locale":"de_DE","og_type":"article","og_title":"Autofinanzierung Vergleich: Jetzt g\u00fcnstige Angebote ab 0,69% sichern","og_description":"lll\u27a4 Autofinanzierung Vergleich auf STERN.de \u2b50 Schnelle Auszahlung + T\u00dcV-gepr\u00fcft + flexible Laufzeiten + 100% transparent \u2705 Jetzt zur neuen Kfz-Finanzierung!","og_url":"https:\/\/www.stern.de\/vergleich\/kredit\/autofinanzierung\/","og_site_name":"Kreditvergleich gratis","article_modified_time":"2018-08-20T08:03:32+00:00","twitter_card":"summary_large_image","twitter_misc":{"Gesch\u00e4tzte Lesezeit":"8\u00a0Minuten"},"schema":{"@context":"https:\/\/schema.org","@graph":[{"@type":"WebPage","@id":"http:\/\/www.crcg.de\/kreditvergleich\/autofinanzierung\/","url":"https:\/\/www.stern.de\/vergleich\/kredit\/autofinanzierung\/","name":"Autofinanzierung Vergleich: Jetzt g\u00fcnstige Angebote ab 0,69% sichern","isPartOf":{"@id":"http:\/\/www.crcg.de\/kreditvergleich\/#website"},"datePublished":"2013-06-24T11:45:45+00:00","dateModified":"2018-08-20T08:03:32+00:00","description":"lll\u27a4 Autofinanzierung Vergleich auf STERN.de \u2b50 Schnelle Auszahlung + T\u00dcV-gepr\u00fcft + flexible Laufzeiten + 100% transparent \u2705 Jetzt zur neuen Kfz-Finanzierung!","breadcrumb":{"@id":"https:\/\/www.stern.de\/vergleich\/kredit\/autofinanzierung\/#breadcrumb"},"inLanguage":"de","potentialAction":[{"@type":"ReadAction","target":["https:\/\/www.stern.de\/vergleich\/kredit\/autofinanzierung\/"]}]},{"@type":"BreadcrumbList","@id":"https:\/\/www.stern.de\/vergleich\/kredit\/autofinanzierung\/#breadcrumb","itemListElement":[{"@type":"ListItem","position":1,"name":"Startseite","item":"http:\/\/www.crcg.de\/kreditvergleich\/"},{"@type":"ListItem","position":2,"name":"Autofinanzierung &#8211; Der g\u00fcnstige Vergleich mit dem Auto\u2013Finanzierungsrechner"}]},{"@type":"WebSite","@id":"http:\/\/www.crcg.de\/kreditvergleich\/#website","url":"http:\/\/www.crcg.de\/kreditvergleich\/","name":"Kreditvergleich gratis","description":"Gratis Kreditvergleich f\u00fcr Jedermann","potentialAction":[{"@type":"SearchAction","target":{"@type":"EntryPoint","urlTemplate":"http:\/\/www.crcg.de\/kreditvergleich\/?s={search_term_string}"},"query-input":{"@type":"PropertyValueSpecification","valueRequired":true,"valueName":"search_term_string"}}],"inLanguage":"de"}]}},"_links":{"self":[{"href":"http:\/\/www.crcg.de\/kreditvergleich\/wp-json\/wp\/v2\/pages\/58","targetHints":{"allow":["GET"]}}],"collection":[{"href":"http:\/\/www.crcg.de\/kreditvergleich\/wp-json\/wp\/v2\/pages"}],"about":[{"href":"http:\/\/www.crcg.de\/kreditvergleich\/wp-json\/wp\/v2\/types\/page"}],"author":[{"embeddable":true,"href":"http:\/\/www.crcg.de\/kreditvergleich\/wp-json\/wp\/v2\/users\/2"}],"replies":[{"embeddable":true,"href":"http:\/\/www.crcg.de\/kreditvergleich\/wp-json\/wp\/v2\/comments?post=58"}],"version-history":[{"count":12,"href":"http:\/\/www.crcg.de\/kreditvergleich\/wp-json\/wp\/v2\/pages\/58\/revisions"}],"predecessor-version":[{"id":1035,"href":"http:\/\/www.crcg.de\/kreditvergleich\/wp-json\/wp\/v2\/pages\/58\/revisions\/1035"}],"wp:attachment":[{"href":"http:\/\/www.crcg.de\/kreditvergleich\/wp-json\/wp\/v2\/media?parent=58"}],"curies":[{"name":"wp","href":"https:\/\/api.w.org\/{rel}","templated":true}]}}