{"id":484,"date":"2014-11-21T13:13:04","date_gmt":"2014-11-21T12:13:04","guid":{"rendered":"http:\/\/www.kreditvergleich-gratis.de\/?page_id=484"},"modified":"2018-03-29T11:10:37","modified_gmt":"2018-03-29T10:10:37","slug":"haeufig-gestellte-fragen","status":"publish","type":"page","link":"http:\/\/www.crcg.de\/kreditvergleich\/haeufig-gestellte-fragen\/","title":{"rendered":"H\u00e4ufig gestellte Fragen"},"content":{"rendered":"<h2>Wer bekommt einen Kredit?<\/h2>\n<p>In wirtschaftlichen Krisenzeiten ist es selbst f\u00fcr besser betuchte Menschen schwer, von Kreditinstituten und sonstigen Kreditgebern ein faires Darlehen zu erhalten. Sofern die allgemeine wirtschaftliche Lage positiv ist, erh\u00f6hen sich auch f\u00fcr weniger gut betuchte Personen, die in einem festen und sicheren Arbeitsverh\u00e4ltnis stehen, die Chancen, einen Kredit zu erhalten. Da die meisten Kreditgeber eine <a title=\"Auskunft bei der Schufa\" href=\"http:\/\/www.crcg.de\/kreditvergleich\/kredit-ohne-schufa\/\">Auskunft bei der Schufa<\/a> beantragen, sollte die dortige Bilanz des potenziellen Kreditnehmers keine negativen Eintr\u00e4ge aufweisen, etwa durch andere Kredite und Kreditkarten, die in j\u00fcngerer Vergangenheit beantragt wurden. Bei einer negativen Schufa sinkt die Kreditw\u00fcrdigkeit einer Person, wodurch viele Kreditgeber verunsichert werden \u2013 auch wenn ein regelm\u00e4\u00dfiges Einkommen durch geregelte Arbeitsverh\u00e4ltnisse vorliegt. <a title=\"Selbstst\u00e4ndige\" href=\"http:\/\/www.crcg.de\/kreditvergleich\/kredit-fuer-selbststaendige\/\">Selbst\u00e4ndige<\/a>, Freiberufler und Arbeitssuchende haben es bei seri\u00f6sen Kreditgebern grunds\u00e4tzlich schwer, Fremdkapital zu erhalten, da die Kredittilgung aufgrund der wirtschaftlichen Risiken dieser Personengruppen nicht ausreichend garantiert werden kann. Sollten Sie selbst\u00e4ndig oder freiberuflich t\u00e4tig sein, k\u00f6nnen Sie durch das Stellen von Sicherheiten wie Ihre Lebensversicherung oder Immobilie sowie mit Hilfe eines B\u00fcrgen Ihre Kreditw\u00fcrdigkeit und die Chancen auf ein Darlehen erh\u00f6hen.<\/p>\n<h2>Wieviel Kredit kann ich mir leisten?<\/h2>\n<p>Die wichtigste Frage bei der Beantragung eines Kredits bezieht sich auf die Wahl der gew\u00fcnschten Kreditsumme. Der Kreditgeber berechnet die maximal gew\u00e4hrte Kreditsumme auf Basis des monatlichen Einkommens des Kreditnehmers. Nachgewiesen werden muss das Einkommen im Rahmen des Kreditantrags. Der Kreditnehmer kann die Lohnabrechnungen und Kontobez\u00fcge entweder online oder per Post an den Kreditgeber oder Kreditvermittler weiterleiten. Auch Sie selbst als Kreditnehmer sollten im Vorfeld eines Kreditantrages die maximale Kreditsumme, die Sie sich leisten k\u00f6nnen, zu kalkulieren. Je h\u00f6her diese ist, desto l\u00e4nger sind meist auch die Kreditlaufzeit und damit der durch Zinsen verursachte Mehraufwand. Deshalb sollten Sie die Kreditsumme, die Sie sich leisten k\u00f6nnen und m\u00f6chten, m\u00f6glichst knapp kalkulieren. Auch eine Haushaltsrechnung mit s\u00e4mtlichen Einnahmen- und Ausgabenposten sollte erstellt werden. Mit dieser k\u00f6nnen Sie nicht nur herausfinden, wie hoch die f\u00fcr Sie empfehlenswerte Kreditsumme sein sollte, sondern auch die monatlichen Tilgungsraten und die damit verkn\u00fcpfte Kreditlaufzeit.<\/p>\n<h2>Wie lange dauert es, bis der Kredit ausgezahlt wird?<\/h2>\n<p>Sollten Sie nach einem Kreditantrag eine Zusage f\u00fcr die Auszahlung erhalten, dauert es in der Regel vier bis acht Werktage, bis Sie das Geld bei einer Bankfiliale abholen, per Post erhalten oder per Online Banking \u00fcberwiesen bekommen k\u00f6nnen. Die Auszahlungsfrist eines Darlehens h\u00e4ngt jedoch von vielen Faktoren ab. Bei Kreditvermittlern, die Kreditgeber und Kreditnehmer zusammenbringen, dauert es meist l\u00e4nger als bei Banken direkt. Dies liegt an der zus\u00e4tzlichen \u00dcberpr\u00fcfungszeit, da nicht nur der Kreditvermittler selbst, sondern auch der Kreditgeber anschlie\u00dfend den Kreditantrag \u00fcberpr\u00fcft. Sollten bei der Beantragung des Darlehens noch wichtige Dokumente fehlen, verz\u00f6gert sich die Auszahlungsfrist ebenfalls. Nach dem Kreditantrag erh\u00e4lt der Antragssteller zudem den Kreditvertrag per Post zugestellt. Dieser muss unterschrieben und meist zur\u00fcck zur Post gebracht werden, um sich via Post Ident Verfahren auszuweisen. Wenn Sie aktuell wenig Zeit oder keine Post in Ihrer N\u00e4he haben, k\u00f6nnen auch durch diese Ma\u00dfnahmen Verz\u00f6gerungen bei der Auszahlung entstehen. Seri\u00f6se Kredite mit sofortiger Auszahlung gibt es nicht, da kein Kreditgeber ohne \u00dcberpr\u00fcfung der Bonit\u00e4t des Antragsstellers sein Kapital zur Verf\u00fcgung stellt.<\/p>\n<h2>Wie l\u00e4uft der Kreditantrag ab?<\/h2>\n<p>Der Kreditantrag ist der erste Schritt, um einen Kredit zu erhalten. Bei <a title=\"www.kreditvergleich-gratis.de\" href=\"http:\/\/www.crcg.de\/kreditvergleich\/\">www.kreditvergleich-gratis.de<\/a> k\u00f6nnen Sie zun\u00e4chst die Kreditsumme sowie die Laufzeit und den Verwendungszweck bestimmen, um passende Kreditangebote renommierter Kreditgeber zu finden. Dadurch erhalten Sie einen guten \u00dcberblick zum Kreditmarkt und eine transparente \u00dcbersicht zu den Kreditkonditionen wie Zinsbelastungen und Monatstilgungen. Sobald Sie das f\u00fcr sich passende Angebot gefunden haben, k\u00f6nnen Sie direkt \u00fcber unsere Seite den Antrag online ausf\u00fcllen. Dabei muss lediglich die Anzahl der Kreditnehmer bestimmt werden, ehe ein Formular mit den pers\u00f6nlichen Daten bereitgestellt wird. Hier tragen Sie Informationen zu Ihrer Anschrift, Herkunft und ihren Familienstand ein. Auch Ihr Geburtsdatum und Ihre Kontaktdaten sowie Ihr vollst\u00e4ndige Vor- und Zuname werden in diesem Unterschritt des Kreditantrags ben\u00f6tigt. In einem weiteren Formular des Kreditantrages m\u00fcssen zudem Angaben zum Einkommen gemacht werden. Auch die monatlichen Belastungen wie Versicherungen, Miet- und Unterhaltszahlungen werden abgefragt. Nachdem Sie dieses Formular ausgef\u00fcllt haben, erhalten Sie ein Kreditangebot, das bei Akzeptanz zu unterschreiben und an den Kreditgeber direkt zu versenden ist.<\/p>\n<h2>Welche Unterlagen werden f\u00fcr einen Kredit ben\u00f6tigt?<\/h2>\n<p>Es gibt eine Vielzahl an Unterlagen und Dokumenten, die f\u00fcr einen erfolgreichen Kreditantrag ben\u00f6tigt werden. Zu trennen sind dabei die Pflicht- und Zusatzdokumente, die der Antragssteller vorzeigen und dem potentiellen Kreditgeber zum Analysieren \u00fcbergeben muss.<\/p>\n<p>Zu den Pflichtdokumenten geh\u00f6ren:<\/p>\n<ul>\n<li>Einkommensnachweis der letzten 2 oder auch 3 Monate<\/li>\n<li>Bei Selbst\u00e4ndigen die betriebswirtschaftliche Auswertung der letzten 2 bis 3 Jahre<\/li>\n<li>Eine der Wahrheit entsprechende Selbstauskunft<\/li>\n<li>Kontoausz\u00fcge der letzten 2 oder 3 Monate mit allen Ums\u00e4tzen<\/li>\n<li>Aktuelle Kreditvertr\u00e4ge mit anderen Kreditgebern mit Angaben zum aktuellen Soll<\/li>\n<li>Personalausweis als Kopie<\/li>\n<\/ul>\n<p>Zudem gibt es einige Zusatzinformationen, die Kreditgeber insbesondere dann anfordern, wenn bei der Kontrolle Ihrer eingereichten Pflichtdokumente Unklarheiten entstehen. Zu diesen Zusatzdokumenten geh\u00f6ren u. a. zus\u00e4tzliche Lohnbescheide oder auch der aktuell g\u00fcltige Arbeitsvertrag, die Lohnsteuerkarte und zus\u00e4tzliche Sicherheiten. Als Sicherheiten k\u00f6nnen B\u00fcrgschaftserkl\u00e4rungen dritter Personen dienen. Ebenso werden h\u00e4ufig Arbeitgeberbest\u00e4tigungen vom Kreditgeber verlangt.<\/p>\n<h2>Wie wird ein Kredit umgeschuldet?<\/h2>\n<p>Es gibt immer wieder F\u00e4lle, in denen eine Umschuldung der Grund f\u00fcr einen Kreditantrag ist. Bei dieser kommen jedoch zahlreiche Fragen auf. Zun\u00e4chst gilt es, zwischen der Umschuldung von Ratenkrediten und <a title=\"Baudarlehen\" href=\"http:\/\/www.crcg.de\/kreditvergleich\/baufinanzierung\/\">Baudarlehen<\/a> zu unterscheiden. Wenn Sie einen Ratenkredit umschulden m\u00f6chten, sollten Sie einerseits zun\u00e4chst die Bedingungen ihrer bestehenden Darlehen \u00fcberpr\u00fcfen. Manche Kreditgeber erlauben keine Umschuldung. Sollte diesbez\u00fcglich kein Problem bestehen, ist eine Kalkulation des Kapitalaufwandes des neuen Darlehens, das als <a title=\"Umschuldungskredit\" href=\"http:\/\/www.crcg.de\/kreditvergleich\/umschuldungskredit\/\">Umschuldungskredit<\/a> dient, angebracht. Besonders lohnenswert ist die Umschuldung von einem Dispokredit in einen <a title=\"Ratenkredit\" href=\"http:\/\/www.crcg.de\/kreditvergleich\/ratenkredit\/\">Ratenkredit<\/a>. Nur wenn diese wirklich verringert werden kann, lohnt sich die Umschuldung bestehender Ratenkredite. Sie k\u00f6nnen auf dieser Seite eine Umschuldung direkt im Kreditantrag vornehmen, indem Sie an entsprechender Stelle angeben, dass sie gew\u00fcnscht sei.<\/p>\n<p>Bei Baudarlehen, die umgeschuldet werden sollen, muss meist eine Vorf\u00e4lligkeitsgeb\u00fchr als Entsch\u00e4digung bezahlen. Diese muss in die Kalkulation des Kapitalaufwandes der Umschuldung mit einflie\u00dfen. Allgemein lohnt sich diese bei Baudarlehen in der Regel nicht, da die Vorf\u00e4lligkeitsentsch\u00e4digung einerseits recht hoch ist und die Zinskonditionen bei den Anbietern f\u00fcr solche Kredite deutlich geringer sind als bei Dispokrediten gegen\u00fcber Ratenkrediten. Da die Kreditsumme jedoch deutlich h\u00f6her ist, kann \u2013 vorausgesetzt ist eine vorausgegangene Kalkulation \u2013 eine Umschuldung schon bei geringen Zinsprozentpunkten lohnenswert sein.<\/p>\n<h2>Wie lange setze ich die Zinsbindung?<\/h2>\n<p>Wie lange Sie eine Zinsbindung bei einem Kreditantrag setzen sollten, h\u00e4ngt in erster Linie vom aktuellen Zinsniveau der Wirtschaft ab. Eine lange Zinsbindung ist in Zeiten eines Niedrigzinses stets die bessere Variante als eine kurze Zinsbindung. So haben Sie die Garantie, f\u00fcr eine m\u00f6glichst lange Kreditperiode von identischen Zinskonditionen zu profitieren. In Zeiten eines hohen Zinsniveaus ist eine kurze Zinsbindung vorteilhafter, um die Chance zu erhalten, noch w\u00e4hrend der Kreditlaufzeit von eventuell besseren Zinskonditionen zu profitieren. Auch sind Sie durch kurze Zinslaufzeiten automatisch schneller schuldenfrei, sofern Sie eine fr\u00fchere R\u00fcckzahlung in Form von Sondertilgungen gestattet wird. Beachten sollten Sie jedoch, dass nicht alle Kreditgeber Kreditnehmern bei der Zinsbindung die Entscheidungsfreiheit lassen. Vielmehr m\u00fcssen beide Beteiligte miteinander verhandeln. Je h\u00f6her ihre Kreditw\u00fcrdigkeit und damit einhergehend ihre Attraktivit\u00e4t bei Kreditgebern ist, desto bessere Verhandlungsm\u00f6glichkeiten haben Sie beim Kreditantrag.<\/p>\n<h2>Was bringen zus\u00e4tzliche Sicherheiten f\u00fcr die Bank?<strong><br \/>\n<\/strong><\/h2>\n<p>Durch die Erbringung zus\u00e4tzlicher Sicherheiten, wozu neben Versicherungen und Immobilien u. a. auch ein B\u00fcrge oder mehrere B\u00fcrgen geh\u00f6ren, profitieren Sie und die Bank von einigen Vorteilen. Der Kreditgeber hat demnach mehr Vertrauen in Sie und dankt es Ihnen mit besseren Zinskonditionen. Sie sollten bei der Erbringung von Sicherheiten darauf achten, welche Sicherheiten f\u00fcr Banken besonders attraktiv sind. Hypotheken zum Beispiel sind nicht sehr gerne gesehen, da sie in ihrer H\u00f6he mit ihrer Grundschuld verkn\u00fcpft sind. Das bedeutet, dass die Schuld mit der Hypothek selbst sinkt. Besonders attraktiv sind dagegen mehrere B\u00fcrgen sowie Lohn- und Sozialleistungen als Abtretung, da die Bank im Fall der F\u00e4lle direkt die M\u00f6glichkeit hat, die Forderungen zumindest teilweise einzutreiben.<\/p>\n","protected":false},"excerpt":{"rendered":"<p>Wer bekommt einen Kredit? In wirtschaftlichen Krisenzeiten ist es selbst f\u00fcr besser betuchte Menschen schwer, von Kreditinstituten und sonstigen Kreditgebern ein faires Darlehen zu erhalten. Sofern die allgemeine wirtschaftliche Lage positiv ist, erh\u00f6hen sich auch f\u00fcr weniger gut betuchte Personen, die in einem festen und sicheren Arbeitsverh\u00e4ltnis stehen, die Chancen, einen Kredit zu erhalten. Da [&hellip;]<\/p>\n","protected":false},"author":2,"featured_media":0,"parent":0,"menu_order":0,"comment_status":"open","ping_status":"closed","template":"","meta":{"footnotes":""},"class_list":["post-484","page","type-page","status-publish","hentry"],"yoast_head":"<!-- This site is optimized with the Yoast SEO plugin v26.8 - https:\/\/yoast.com\/product\/yoast-seo-wordpress\/ -->\n<title>H\u00e4ufig gestellte Fragen zum Kreditvergleich<\/title>\n<meta name=\"description\" content=\"Auf dieser Seite finden Sie h\u00e4ufig gestellte Fragen zum Kreditvergleich und die dazugeh\u00f6rigen Antworten. Wir helfen weiter.\" \/>\n<meta name=\"robots\" content=\"index, follow, max-snippet:-1, max-image-preview:large, max-video-preview:-1\" \/>\n<link rel=\"canonical\" href=\"https:\/\/www.stern.de\/vergleich\/kredit\/haeufig-gestellte-fragen\/\" \/>\n<meta property=\"og:locale\" content=\"de_DE\" \/>\n<meta property=\"og:type\" content=\"article\" \/>\n<meta property=\"og:title\" content=\"H\u00e4ufig gestellte Fragen zum Kreditvergleich\" \/>\n<meta property=\"og:description\" content=\"Auf dieser Seite finden Sie h\u00e4ufig gestellte Fragen zum Kreditvergleich und die dazugeh\u00f6rigen Antworten. Wir helfen weiter.\" \/>\n<meta property=\"og:url\" content=\"https:\/\/www.stern.de\/vergleich\/kredit\/haeufig-gestellte-fragen\/\" \/>\n<meta property=\"og:site_name\" content=\"Kreditvergleich gratis\" \/>\n<meta property=\"article:modified_time\" content=\"2018-03-29T10:10:37+00:00\" \/>\n<meta name=\"twitter:card\" content=\"summary_large_image\" \/>\n<meta name=\"twitter:label1\" content=\"Gesch\u00e4tzte Lesezeit\" \/>\n\t<meta name=\"twitter:data1\" content=\"7\u00a0Minuten\" \/>\n<script type=\"application\/ld+json\" class=\"yoast-schema-graph\">{\"@context\":\"https:\/\/schema.org\",\"@graph\":[{\"@type\":\"WebPage\",\"@id\":\"http:\/\/www.crcg.de\/kreditvergleich\/haeufig-gestellte-fragen\/\",\"url\":\"https:\/\/www.stern.de\/vergleich\/kredit\/haeufig-gestellte-fragen\/\",\"name\":\"H\u00e4ufig gestellte Fragen zum Kreditvergleich\",\"isPartOf\":{\"@id\":\"http:\/\/www.crcg.de\/kreditvergleich\/#website\"},\"datePublished\":\"2014-11-21T12:13:04+00:00\",\"dateModified\":\"2018-03-29T10:10:37+00:00\",\"description\":\"Auf dieser Seite finden Sie h\u00e4ufig gestellte Fragen zum Kreditvergleich und die dazugeh\u00f6rigen Antworten. Wir helfen weiter.\",\"breadcrumb\":{\"@id\":\"https:\/\/www.stern.de\/vergleich\/kredit\/haeufig-gestellte-fragen\/#breadcrumb\"},\"inLanguage\":\"de\",\"potentialAction\":[{\"@type\":\"ReadAction\",\"target\":[\"https:\/\/www.stern.de\/vergleich\/kredit\/haeufig-gestellte-fragen\/\"]}]},{\"@type\":\"BreadcrumbList\",\"@id\":\"https:\/\/www.stern.de\/vergleich\/kredit\/haeufig-gestellte-fragen\/#breadcrumb\",\"itemListElement\":[{\"@type\":\"ListItem\",\"position\":1,\"name\":\"Startseite\",\"item\":\"http:\/\/www.crcg.de\/kreditvergleich\/\"},{\"@type\":\"ListItem\",\"position\":2,\"name\":\"H\u00e4ufig gestellte Fragen\"}]},{\"@type\":\"WebSite\",\"@id\":\"http:\/\/www.crcg.de\/kreditvergleich\/#website\",\"url\":\"http:\/\/www.crcg.de\/kreditvergleich\/\",\"name\":\"Kreditvergleich gratis\",\"description\":\"Gratis Kreditvergleich f\u00fcr Jedermann\",\"potentialAction\":[{\"@type\":\"SearchAction\",\"target\":{\"@type\":\"EntryPoint\",\"urlTemplate\":\"http:\/\/www.crcg.de\/kreditvergleich\/?s={search_term_string}\"},\"query-input\":{\"@type\":\"PropertyValueSpecification\",\"valueRequired\":true,\"valueName\":\"search_term_string\"}}],\"inLanguage\":\"de\"}]}<\/script>\n<!-- \/ Yoast SEO plugin. -->","yoast_head_json":{"title":"H\u00e4ufig gestellte Fragen zum Kreditvergleich","description":"Auf dieser Seite finden Sie h\u00e4ufig gestellte Fragen zum Kreditvergleich und die dazugeh\u00f6rigen Antworten. Wir helfen weiter.","robots":{"index":"index","follow":"follow","max-snippet":"max-snippet:-1","max-image-preview":"max-image-preview:large","max-video-preview":"max-video-preview:-1"},"canonical":"https:\/\/www.stern.de\/vergleich\/kredit\/haeufig-gestellte-fragen\/","og_locale":"de_DE","og_type":"article","og_title":"H\u00e4ufig gestellte Fragen zum Kreditvergleich","og_description":"Auf dieser Seite finden Sie h\u00e4ufig gestellte Fragen zum Kreditvergleich und die dazugeh\u00f6rigen Antworten. Wir helfen weiter.","og_url":"https:\/\/www.stern.de\/vergleich\/kredit\/haeufig-gestellte-fragen\/","og_site_name":"Kreditvergleich gratis","article_modified_time":"2018-03-29T10:10:37+00:00","twitter_card":"summary_large_image","twitter_misc":{"Gesch\u00e4tzte Lesezeit":"7\u00a0Minuten"},"schema":{"@context":"https:\/\/schema.org","@graph":[{"@type":"WebPage","@id":"http:\/\/www.crcg.de\/kreditvergleich\/haeufig-gestellte-fragen\/","url":"https:\/\/www.stern.de\/vergleich\/kredit\/haeufig-gestellte-fragen\/","name":"H\u00e4ufig gestellte Fragen zum Kreditvergleich","isPartOf":{"@id":"http:\/\/www.crcg.de\/kreditvergleich\/#website"},"datePublished":"2014-11-21T12:13:04+00:00","dateModified":"2018-03-29T10:10:37+00:00","description":"Auf dieser Seite finden Sie h\u00e4ufig gestellte Fragen zum Kreditvergleich und die dazugeh\u00f6rigen Antworten. Wir helfen weiter.","breadcrumb":{"@id":"https:\/\/www.stern.de\/vergleich\/kredit\/haeufig-gestellte-fragen\/#breadcrumb"},"inLanguage":"de","potentialAction":[{"@type":"ReadAction","target":["https:\/\/www.stern.de\/vergleich\/kredit\/haeufig-gestellte-fragen\/"]}]},{"@type":"BreadcrumbList","@id":"https:\/\/www.stern.de\/vergleich\/kredit\/haeufig-gestellte-fragen\/#breadcrumb","itemListElement":[{"@type":"ListItem","position":1,"name":"Startseite","item":"http:\/\/www.crcg.de\/kreditvergleich\/"},{"@type":"ListItem","position":2,"name":"H\u00e4ufig gestellte Fragen"}]},{"@type":"WebSite","@id":"http:\/\/www.crcg.de\/kreditvergleich\/#website","url":"http:\/\/www.crcg.de\/kreditvergleich\/","name":"Kreditvergleich gratis","description":"Gratis Kreditvergleich f\u00fcr Jedermann","potentialAction":[{"@type":"SearchAction","target":{"@type":"EntryPoint","urlTemplate":"http:\/\/www.crcg.de\/kreditvergleich\/?s={search_term_string}"},"query-input":{"@type":"PropertyValueSpecification","valueRequired":true,"valueName":"search_term_string"}}],"inLanguage":"de"}]}},"_links":{"self":[{"href":"http:\/\/www.crcg.de\/kreditvergleich\/wp-json\/wp\/v2\/pages\/484","targetHints":{"allow":["GET"]}}],"collection":[{"href":"http:\/\/www.crcg.de\/kreditvergleich\/wp-json\/wp\/v2\/pages"}],"about":[{"href":"http:\/\/www.crcg.de\/kreditvergleich\/wp-json\/wp\/v2\/types\/page"}],"author":[{"embeddable":true,"href":"http:\/\/www.crcg.de\/kreditvergleich\/wp-json\/wp\/v2\/users\/2"}],"replies":[{"embeddable":true,"href":"http:\/\/www.crcg.de\/kreditvergleich\/wp-json\/wp\/v2\/comments?post=484"}],"version-history":[{"count":1,"href":"http:\/\/www.crcg.de\/kreditvergleich\/wp-json\/wp\/v2\/pages\/484\/revisions"}],"predecessor-version":[{"id":929,"href":"http:\/\/www.crcg.de\/kreditvergleich\/wp-json\/wp\/v2\/pages\/484\/revisions\/929"}],"wp:attachment":[{"href":"http:\/\/www.crcg.de\/kreditvergleich\/wp-json\/wp\/v2\/media?parent=484"}],"curies":[{"name":"wp","href":"https:\/\/api.w.org\/{rel}","templated":true}]}}