{"id":41,"date":"2013-06-21T21:50:36","date_gmt":"2013-06-21T20:50:36","guid":{"rendered":"http:\/\/www.kreditvergleich-gratis.de\/?page_id=41"},"modified":"2018-08-20T08:58:49","modified_gmt":"2018-08-20T07:58:49","slug":"kredit-fuer-studenten","status":"publish","type":"page","link":"http:\/\/www.crcg.de\/kreditvergleich\/kredit-fuer-studenten\/","title":{"rendered":"Studentenkredit \u2013 Jetzt g\u00fcnstigen Kredit f\u00fcr Studenten sichern"},"content":{"rendered":"<p>Wer studiert hat oder noch studiert, der kennt die Situation: Das Geld ist knapp und es ist kaum m\u00f6glich, alle anfallenden Kosten f\u00fcr Miete, Lebensunterhalt und Studienmittel aufzubringen. Gerade die Mieten in den Universit\u00e4tsst\u00e4dten steigen immer mehr an, so dass auch ein WG Zimmer in St\u00e4dten wie M\u00fcnchen heute schon ein gro\u00dfes Loch in die monatliche Kasse rei\u00dft. Eine Unterkunft au\u00dferhalb ist auch oft nicht die L\u00f6sung, da dann Zeit und Geld f\u00fcr die Wege zur Uni draufgehen und dar\u00fcber hinaus sind ruhige, l\u00e4ndliche Gegenden nicht gerade der Traum eines Studenten. Wer sich voll und ganz auf sein Studium konzentrieren m\u00f6chte, hat au\u00dferdem heute kaum noch die Zeit, einen Studentenjob anzunehmen, um sich finanziell \u00fcber Wasser zu halten und wenn zeitintensive Praktika geleistet werden m\u00fcssen oder wichtige Pr\u00fcfungen anstehen, bleibt sowieso keine Zeit mehr zum Jobben. Abhilfe schaffen kann hier ein spezieller <a href=\"http:\/\/www.crcg.de\/kreditvergleich\/\">Kredit<\/a> f\u00fcr Studenten, der von unterschiedlichen Banken und Kreditinstituten angeboten wird. Ein bekanntes Beispiel ist der KfW Studienkredit, der von der Kreditanstalt f\u00fcr Wiederaufbau (KfW), der weltweit gr\u00f6\u00dften F\u00f6rderbank, angeboten wird. Die Einf\u00fchrung dieser speziellen Studentenkredite ist dabei unter anderem auch der Einf\u00fchrung der Studiengeb\u00fchren zu verdanken, die zwischen 2006 und 2007 in nahezu allen deutschen Bundesl\u00e4ndern eingef\u00fchrt, mittlerweile jedoch gr\u00f6\u00dftenteils wieder abgeschafft wurden. Lesen Sie in diesem Ratgeber alles, was Sie rund um den Studienkredit wissen m\u00fcssen, wie Sie ihn zur Studienfinanzierung nutzen k\u00f6nnen, wie die R\u00fcckzahlung funktioniert, welche Voraussetzungen Sie f\u00fcr den Studenten Kredit erf\u00fcllen m\u00fcssen und wie Sie beispielsweise den KfW Studienkredit beantragen k\u00f6nnen. Ein Studienkredit Vergleich der unterschiedlichen Anbieter hilft, den geeigneten Studentenkredit zu finden und das Studium dar\u00fcber zu finanzieren.<\/p>\n<h2>Was ist ein Studentenkredit?<\/h2>\n<p>Wenn man \u00fcber den Studentenkredit spricht, ist es zun\u00e4chst wichtig, den Begriff genau zu definieren. Nat\u00fcrlich ist es m\u00f6glich, einen Kredit als Student aufzunehmen, um damit beispielsweise ein Auto zu kaufen oder die erste eigene Wohnung am Studienort einzurichten. Dabei handelt es sich jedoch in nicht um einen klassischen Studentenkredit mit dem Ziel, ein Studium zu finanzieren, sondern es handelt es sich in aller Regel um einen herk\u00f6mmlichen <a href=\"http:\/\/www.crcg.de\/kreditvergleich\/ratenkredit\/\">Ratenkredit<\/a>. Der kann beispielsweise als <a href=\"http:\/\/www.crcg.de\/kreditvergleich\/autokredit\/\">Autokredit<\/a> oder Wohnkredit durchaus zweckgebunden sein, doch er muss von einem Kredit, der zur Finanzierung von einem Studium aufgenommen wird, klar unterschieden werden.<\/p>\n<h3>Ratenkredite f\u00fcr Studenten<\/h3>\n<p>Auch Studenten k\u00f6nnen Ratenkredite aufnehmen, um beispielsweise wichtige und unaufschiebbare Anschaffungen zu t\u00e4tigen. Da Studenten in der Regel jedoch nicht \u00fcber ein festes und regelm\u00e4\u00dfiges Einkommen in erforderlicher H\u00f6he verf\u00fcgen, verlangen die Banken oftmals eine zus\u00e4tzliche Sicherheit in Form eines B\u00fcrgen. Als B\u00fcrge springen hier sehr oft die Eltern oder ein Elternteil ein, die dann mit ihrem eigenen Verm\u00f6gen f\u00fcr den Kredit der Kinder haften. Die Banken r\u00e4umen den Studenten dabei zuweilen besondere Konditionen f\u00fcr einen solchen Ratenkredit ein, da sie die zuk\u00fcnftigen Akademiker schon fr\u00fchzeitig als Kunden binden m\u00f6chten. Diese Ratenkredite f\u00fcr Studenten werden sowohl mit als auch ohne Zweckbindung vergeben und k\u00f6nnen entsprechend genutzt werden. Sie d\u00fcrfen jedoch nicht mit einem speziellen Studentenkredit wie beispielsweise dem Studienkredit der KfW Bank verwechselt werden, der sich in vielen Punkten von einem herk\u00f6mmlichen Ratenkredit unterscheidet.<\/p>\n<h3>Studentenkredit oder Studiendarlehen<\/h3>\n<p>Wenn ein Kredit speziell f\u00fcr ein Studium aufgenommen wird, handelt es sich um eine andere Form des Kredits als beispielsweise bei einem herk\u00f6mmlichen Ratenkredit. Die Unterschiede bestehen sowohl in den Voraussetzungen f\u00fcr die Gew\u00e4hrung des Studentenkredits als auch in der Art der Auszahlung und der R\u00fcckzahlung. Der von der KfW Bank angebotene Studienkredit beispielsweise wird nicht etwa in einem Betrag, sondern in einer monatlichen H\u00f6he von bis zu 650 \u20ac ausgezahlt. Diese monatliche Auszahlung soll es dem Studenten erm\u00f6glichen, seine Lebenshaltungskosten w\u00e4hrend des Studiums zu begleichen. Die Zinsen f\u00fcr den Kredit werden in der Regel direkt von der monatlichen Auszahlung abgezogen. Da die Kreditsumme mit jeder Auszahlung ansteigt, werden im Laufe der Zeit auch die Zinszahlungen immer h\u00f6her. Bei einer monatlichen Auszahlung von 300 \u20ac werden bei einem Effektivzinssatz von 4, 16 % p.a. so beispielsweise im ersten Monat die vollen 300 \u20ac ausgezahlt, nach 12 Monaten jedoch nur noch 288,78 \u20ac und nach 3 Jahren kommen 35,70 \u20ac an Zinsen zusammen und es werden von den 300 \u20ac nur mehr 264,30 \u20ac ausgezahlt. Die KfW-Bank bietet jedoch auch die M\u00f6glichkeit, einen Zinsaufschub zu vereinbaren, wenn jeden Monat der volle Auszahlungsbetrag aufs Konto gezahlt werden soll. In diesem Fall werden die Zinsen erst zu einem sp\u00e4teren Zeitpunkt f\u00e4llig, die Studenten m\u00fcssen dabei im Erst- oder Zweitstudium jedoch einen Leistungsnachweis vorlegen. Sehr unterschiedlich gestaltet sich bei dem KfW Studienkredit auch die R\u00fcckzahlung des Darlehens.<\/p>\n<p>Nach Ablauf der Kreditlaufzeit und somit nach der letzten Auszahlung beginnt eine sogenannte Karenzzeit. Diese Karenzzeit dauert in der Regel 18 Monate und w\u00e4hrend dieser Zeit werden nur die Zinsen f\u00fcr die Kreditsumme monatlich abgebucht. Diese Regelung dient dazu, dass Studienabsolventen nach Beendigung des Studiums ausreichend Zeit haben, um eine feste Anstellung zu finden, mit der sie die R\u00fcckzahlung des Kredits leisten k\u00f6nnen. Studenten, die schneller mit der R\u00fcckzahlung beginnen m\u00f6chten, weil sie bereits eine entsprechende Arbeit gefunden haben, k\u00f6nnen die Karenzzeit auch verk\u00fcrzen. Mit Ablauf der Karenzzeit beginnt die R\u00fcckzahlung des aufgenommenen Studentenkredits in monatlichen Raten. Die H\u00f6he der Rate kann bis zu einem gewissen Grad selbst gew\u00e4hlt werden, denn die Laufzeit passt sich entsprechend an, sie darf jedoch nicht mehr als 25 Jahre betragen. Zweimal im Jahr zu festen Terminen ist es den Kreditnehmern dar\u00fcber hinaus m\u00f6glich, die Kreditrate zu ver\u00e4ndern und jeweils zu erh\u00f6hen oder verringern. Sondertilgungen sind bei dem KfW-Studienkredit jederzeit ohne Zusatzkosten m\u00f6glich.<\/p>\n<h2>Weitere Arten eines Kredits f\u00fcr Studenten<\/h2>\n<p>Neben dem Ratenkredit oder Konsumkredit f\u00fcr Studenten und dem klassischen Studienkredit, wie er beispielsweise von der KfW Bank oder auch als DKB Studienkredit angeboten wird, gibt es noch einige andere Kredite, die Studenten aufnehmen k\u00f6nnen. Dazu geh\u00f6ren beispielsweise<\/p>\n<ul>\n<li>Dispositionskredite<\/li>\n<li>Universit\u00e4tskredite oder Stipendien<\/li>\n<li>BAf\u00f6G<\/li>\n<\/ul>\n<p>W\u00e4hrend die Dispositionskredite keine speziellen Studentenkredite sind, sondern oft aus Geldmangel zustande kommen, weil das Konto notgedrungen \u00fcberzogen wird, handelt es sich bei den Universit\u00e4tskrediten beziehungsweise Stipendien sowie bei der Zahlung von Baf\u00f6g um Finanzierungsarten, die nur Studenten zugutekommen. Universit\u00e4tskredite oder Stipendien werden beispielsweise von den Universit\u00e4ten selbst oder aber vielen anderen Anbietern angeboten. Dazu geh\u00f6ren vor allem in den Fachbereichen BWL oder VWL gro\u00dfe Unternehmen, die begabte Studenten schon w\u00e4hrend des Studiums an sich binden wollen und so den Wirtschaftsnachwuchs f\u00f6rdern. Dar\u00fcber hinaus gibt es viele Stiftungen, die Stipendien vergeben. In Deutschland sind hier vor allem die 13 Begabtenf\u00f6rderungswerke erw\u00e4hnenswert, zu denen beispielsweise das Ernst Ludwig Ehrlich Studienwerk, das Avicenna Studienwerk oder das evangelische Studienwerk Villigst z\u00e4hlen. Dar\u00fcber hinaus vergibt beispielsweise auch die Bundeswehr Stipendien. Da das Stipendium in der Regel nicht zur\u00fcckgezahlt werden muss, nimmt es unter den F\u00f6rderungsm\u00f6glichkeiten f\u00fcr ein Studium jedoch eine Sonderstellung ein. Beim BAf\u00f6G hingegen handelt es sich um eine monatliche Beihilfe f\u00fcr mehr Bildungsgerechtigkeit und Bildungschancen, die gem\u00e4\u00df des Bundesausbildungsf\u00f6rderungsgesetzes gezahlt wird. Mittels der folgenden Tabelle sollen die F\u00f6rderm\u00f6glichkeiten f\u00fcr Studenten am Beispiel von BAf\u00f6G, dem KfW-Kredit f\u00fcr das Studium und dem Ratenkredit f\u00fcr Studenten verglichen werden.<\/p>\n<h2>Unterschied zwischen Baf\u00f6g und klassischen Studentenkrediten<\/h2>\n<p>Zwischen der F\u00f6rderung durch BAf\u00f6G, einem Studienkredit, wie ihn beispielsweise die KfW Bank vergibt und einem Ratenkredit f\u00fcr Studenten gibt es einige teils gravierende Unterschiede, die in der nachfolgend genannten Tabelle n\u00e4her erl\u00e4utert werden:<\/p>\n<div class=\"table-responsive\">\n<table class=\"table&quot;\" border=\"0\" width=\"100%\" frame=\"below\" rules=\"rows\" cellpadding=\"5\">\n<tbody>\n<tr>\n<th>Merkmal<\/th>\n<th>Baf\u00f6g<\/th>\n<th><strong>Klassischer Studentenkredit z.B. von der KfW Bank<\/strong><\/th>\n<th>Ratenkredit f\u00fcr Studenten<\/th>\n<\/tr>\n<tr>\n<td valign=\"top\">Voraussetzungen<\/td>\n<td valign=\"top\">\n<ul>\n<li>Hochschule muss f\u00f6rderungsf\u00e4hig sein<\/li>\n<li>Student muss deutscher Staatsb\u00fcrger sein<\/li>\n<li>Studium sollte vor dem 30. Lebensjahr beginnen<\/li>\n<li>Es sollte sich m\u00f6glichst um eine Erstausbildung handeln<\/li>\n<li>Eltern k\u00f6nnen keine finanzielle Unterst\u00fctzung leisten<\/li>\n<li>Das Studium findet in einer anderen Stadt statt<\/li>\n<\/ul>\n<\/td>\n<td valign=\"top\">\n<ul>\n<li>Einkommensunabh\u00e4ngige F\u00f6rderung<\/li>\n<li>18-44 Jahre alt<\/li>\n<li>Deutscher Staatsb\u00fcrger, Familienangeh\u00f6riger eines deutschen Staatsb\u00fcrgers, EU B\u00fcrger und Familienangeh\u00f6rige von EU B\u00fcrgern, die seit mehr als 3 Jahren in Deutschland leben oder Bildungsinl\u00e4nder<\/li>\n<li>Studium an staatlich anerkannter Hochschule<\/li>\n<\/ul>\n<\/td>\n<td valign=\"top\">\n<ul>\n<li>Gute Sicherheiten notwendig<\/li>\n<li>Meist B\u00fcrge<\/li>\n<li>Studiennachweis notwendig<\/li>\n<li>Mindestens 18 Jahre<\/li>\n<\/ul>\n<\/td>\n<\/tr>\n<tr>\n<td valign=\"top\">Zinsen<\/td>\n<td valign=\"top\">Zinslos<\/td>\n<td valign=\"top\">Variabel ab ca. 3,55 % p. a.<\/td>\n<td valign=\"top\">Ab ca. 0,89 Prozent<\/td>\n<\/tr>\n<tr>\n<td valign=\"top\">R\u00fcckzahlung<\/td>\n<td valign=\"top\">R\u00fcckzahlung erfolgt sp\u00e4testens f\u00fcnf Jahre nach der letzten Kreditauszahlung<\/td>\n<td valign=\"top\">Nach Ablauf der Laufzeit und einer Karenzzeit von 18 Monaten<\/td>\n<td valign=\"top\">Sofort in monatlichen Raten<\/td>\n<\/tr>\n<tr>\n<td valign=\"top\">Auszahlung und Verwendungszweck<\/td>\n<td valign=\"top\">Monatlich zur Studienfinanzierung<\/td>\n<td valign=\"top\">Monatlich zur Studienfinanzierung<\/td>\n<td valign=\"top\">Auf einmal zweckgebunden oder zur freien Verf\u00fcgung<\/td>\n<\/tr>\n<\/tbody>\n<\/table>\n<\/div>\n<p>Hier machen sowohl die Unterschiede bei den Auszahlungs- als auch bei den R\u00fcckzahlungskonditionen deutlich, wie sehr sich ein Ratenkredit f\u00fcr Studenten und ein Studienkredit oder das BAf\u00f6G voneinander unterscheiden. Wer im Studium einen Kredit aufnehmen will, sollte daher sorgf\u00e4ltig unterscheiden, ob er mit einem Ratenkredit oder einem <a href=\"http:\/\/www.crcg.de\/kreditvergleich\/sofortkredit\/\">Sofortkredit<\/a> f\u00fcr Studenten einen kurzzeitigen finanziellen Engpass \u00fcberbr\u00fccken oder eine Anschaffung t\u00e4tigen will oder ob er einen langfristigen Kredit f\u00fcr Studenten ohne Einkommen beantragen m\u00f6chte, um das Studium zu finanzieren. Hinsichtlich der Verzinsung wird au\u00dferdem klar, dass sich jeder Student, der die Voraussetzungen f\u00fcr den Bezug von BAf\u00f6G erf\u00fcllt, eher um diese F\u00f6rderung bem\u00fchen sollte, anstatt einen Studienkredit aufzunehmen, da das BAf\u00f6G zinslos vergeben wird, w\u00e4hrend auf den KfW Studienkredit Zinsen gezahlt werden m\u00fcssen. Doch reicht das BAf\u00f6G auch zum Leben? Diese Frage muss jeder Student, abh\u00e4ngig von seinen Lebenshaltungskosten und seinem Anspruch auf die Beihilfe selbst beantworten, doch die folgende Grafik zeigt den durchschnittlichen Bezug von BAf\u00f6G in den Jahren von 1991 bis 2016.<\/p>\n<div id=\"foerderbetrag\"><\/div>\n<p>Quelle: <a href=\"https:\/\/de.statista.com\/statistik\/daten\/studie\/220\/umfrage\/monatlicher-bafoeg-foerderbetrag-pro-student\/\" target=\"_blank\" rel=\"nofollow noopener\">Statista<\/a><\/p>\n<h2>Schritt f\u00fcr Schritt zum Kredit f\u00fcr Studenten gelangen<\/h2>\n<p>Wer einen Studentenkredit aufnehmen m\u00f6chte, muss auch hier wieder unterscheiden zwischen dem Ratenkredit f\u00fcr Studenten und einem Studienkredit, wie ihn beispielsweise die KfW-Bank anbietet. Wer einen Kredit als Student aufnehmen m\u00f6chte, um kurzfristig einen finanziellen Engpass zu \u00fcberbr\u00fccken, eine wichtige Anschaffung zu t\u00e4tigen oder auch sich einen Wunsch zu erf\u00fcllen, kann den <a href=\"http:\/\/www.crcg.de\/kreditvergleich\/kreditrechner\/\">Kreditrechner<\/a> auf STERN.de nutzen, um die g\u00fcnstigsten Konditionen f\u00fcr diesen Kredit zu finden. Mit dem Kreditrechner kann sowohl ein zweckgebundener Kredit als auch ein freier Kredit gesucht werden. Da Studenten jedoch in der Regel nicht \u00fcber das erforderliche Einkommen f\u00fcr eine Kreditgew\u00e4hrung verf\u00fcgen, wird es in den meisten F\u00e4llen notwendig sein, einen B\u00fcrgen oder eine andere Sicherheit zustellen. Die Beantragung des Kredits erfolgt dabei in f\u00fcnf einfachen Schritten:<\/p>\n<ol>\n<li><strong>Kreditsuche<\/strong>: \u00dcber den Kreditrechner auf STERN.de kann ein passender Studentenkredit gesucht und gefunden werden<\/li>\n<li><strong>Dokumente bereithalten<\/strong>: Studenten sollten einen Nachweis f\u00fcr ihr Studium sowie Angaben zu Sicherheiten und B\u00fcrgen zusammensuchen, ehe es zum 3. Schritt geht<\/li>\n<li><strong>Antragsformular<\/strong>: Nachdem ein Kredit ausgew\u00e4hlt wurde, der den eigenen pers\u00f6nlichen Anforderungen gerecht wird, geht es darum, das Kreditformular, das online verf\u00fcgbar ist, auszuf\u00fcllen<\/li>\n<li><strong>Kreditzusage: <\/strong>Wird der Kredit gew\u00e4hrt, erh\u00e4lt der Antragsteller einen individuellen, verbindlichen Kreditvorschlag von der Bank<\/li>\n<li><strong>Post IDENT<\/strong>: Ist der Antragsteller mit den Konditionen einverstanden, wird das Antragsformular ausgef\u00fcllt und unterschrieben an den Kreditgeber zur\u00fcckgesendet. Per Postident Verfahren auf einer Poststelle oder aber per Videoident Verfahren in einem Videochat muss der Antragsteller nun noch seine Identit\u00e4t nachweisen.<\/li>\n<li><strong>Auszahlung:<\/strong> Im letzten Schritt wird die Kreditsumme per \u00dcberweisung auf das angegebene Konto an den Kreditnehmer ausgezahlt.<\/li>\n<\/ol>\n<h2>Studienkredite zur Finanzierung des Studiums <strong><br \/>\n<\/strong><\/h2>\n<p>Ganz anders sieht das Prozedere aus, wenn Studenten einen Studentenkredit aufnehmen wollen, um damit ihr Studium zu finanzieren. Einen KfW Studienkredit Rechner k\u00f6nnen wir auf STERN.de nicht bereitstellen, doch Studenten, die einen KfW Studienkredit Antrag stellen wollen, finden auf der Website der KfW-Bank alle daf\u00fcr notwendigen Informationen. Der Kreditantrag kann auch bei der KfW Bank direkt online ausgef\u00fcllt werden und auf der Website der KfW-Bank wird detailliert beschrieben, welche Unterlagen die Antragsteller bereithalten m\u00fcssen und es ist eine ausf\u00fchrliche Ausf\u00fcllhilfe vorhanden. Anders als beim Baf\u00f6g wird der Studienkredit der KfW Bank einkommensunabh\u00e4ngig gew\u00e4hrt, so dass eine der gr\u00f6\u00dften H\u00fcrden des BAf\u00f6G, n\u00e4mlich das Einkommen der Eltern, hier nicht ber\u00fccksichtigt wird. Dennoch werden auch von der KfW Bank nicht alle Antr\u00e4ge auf einen Studienkredit genehmigt. Zu Ablehnungen kommt es insbesondere dann, wenn die Antragsteller bereits einmal eine eidesstattliche Versicherung abgegeben haben oder wenn Leistungsnachweise nicht oder nicht fristgerecht eingereicht oder erbracht werden oder wenn Nachweise \u00fcber akademische Abschl\u00fcsse nicht nachgewiesen werden. Neben dem klassischen KfW Studienkredit bietet die KfW-Bank au\u00dferdem einen Bildungskredit f\u00fcr finanzielle Unterst\u00fctzung w\u00e4hrend der Ausbildung, Aufstiegs-BAf\u00f6G f\u00fcr die berufliche Fortbildung und ein BAf\u00f6G-Bankdarlehen f\u00fcr Studenten, die kein BAf\u00f6G mehr erhalten, da die H\u00f6chstf\u00f6rderungsdauer abgelaufen ist.<\/p>\n<div class=\"alert alert-info\">Ein Studentenkredit ist auch gut geeignet, um beispielsweise ein Auslandssemester zu finanzieren. Wer beispielsweise in Deutschland w\u00e4hrend des Studiums noch bei den Eltern wohnt und daher finanziell gut \u00fcber die Runden kommt, kann einen Studienkredit f\u00fcr das Ausland aufnehmen und so ein Auslandssemester mit wertvollen Erfahrungen finanzieren. Diese Kredite werden beispielsweise von auxmoney.com angeboten<\/div>\n\n<h2 class=\"notoc\">Unser Fazit: Eine Antragsstellung lohnt sich<\/h2>\n<p>Ob Ratenkredit oder Studienfinanzierung, auch Studenten sollten nicht davor zur\u00fcckschrecken, einen Kreditantrag zu stellen. Nicht alle Banken, die Ratenkredite vergeben, sehen Studenten automatisch als Risikogruppe und sp\u00e4testens, wenn die Eltern als B\u00fcrgen einspringen, steht der Kreditgew\u00e4hrung meist nichts mehr im Wege. Ganz im Gegenteil bieten einige Banken sogar g\u00fcnstige Konditionen f\u00fcr Studenten an, wenn die Rahmenbedingungen passen, um die zuk\u00fcnftigen Akademiker m\u00f6glichst fr\u00fch als Kunden an sich zu binden, denn schlie\u00dflich sind die Studenten von heute oftmals die Besserverdiener von morgen. Wer kein Baf\u00f6g bekommt, weil er den strengen Kriterien nicht entspricht, sollte sich nach einem Studienkredit bei der KfW Bank erkundigen, mit dem nicht nur ein Studium, sondern auch Aus- und Weiterbildungen finanziert werden k\u00f6nnen.<\/p>\n","protected":false},"excerpt":{"rendered":"<p>Wer studiert hat oder noch studiert, der kennt die Situation: Das Geld ist knapp und es ist kaum m\u00f6glich, alle anfallenden Kosten f\u00fcr Miete, Lebensunterhalt und Studienmittel aufzubringen. Gerade die Mieten in den Universit\u00e4tsst\u00e4dten steigen immer mehr an, so dass auch ein WG Zimmer in St\u00e4dten wie M\u00fcnchen heute schon ein gro\u00dfes Loch in die [&hellip;]<\/p>\n","protected":false},"author":2,"featured_media":0,"parent":0,"menu_order":0,"comment_status":"open","ping_status":"closed","template":"","meta":{"footnotes":""},"class_list":["post-41","page","type-page","status-publish","hentry"],"yoast_head":"<!-- This site is optimized with the Yoast SEO plugin v26.8 - https:\/\/yoast.com\/product\/yoast-seo-wordpress\/ -->\n<title>Studentenkredit 2026: G\u00fcnstiger Kredit f\u00fcr Studenten schon ab 0,69%<\/title>\n<meta name=\"description\" content=\"lll\u27a4 Studentenkredit auf STERN.de \u2b50 Schnelle Auszahlung + T\u00dcV-gepr\u00fcft + flexible Laufzeiten + ohne Einkommensnachweis \u2705 Jetzt Kredit f\u00fcr Studenten beantragen!\" \/>\n<meta name=\"robots\" content=\"index, follow, max-snippet:-1, max-image-preview:large, max-video-preview:-1\" \/>\n<link rel=\"canonical\" href=\"https:\/\/www.stern.de\/vergleich\/kredit\/studenten\/\" \/>\n<meta property=\"og:locale\" content=\"de_DE\" \/>\n<meta property=\"og:type\" content=\"article\" \/>\n<meta property=\"og:title\" content=\"Studentenkredit 2026: G\u00fcnstiger Kredit f\u00fcr Studenten schon ab 0,69%\" \/>\n<meta property=\"og:description\" content=\"lll\u27a4 Studentenkredit auf STERN.de \u2b50 Schnelle Auszahlung + T\u00dcV-gepr\u00fcft + flexible Laufzeiten + ohne Einkommensnachweis \u2705 Jetzt Kredit f\u00fcr Studenten beantragen!\" \/>\n<meta property=\"og:url\" content=\"https:\/\/www.stern.de\/vergleich\/kredit\/studenten\/\" \/>\n<meta property=\"og:site_name\" content=\"Kreditvergleich gratis\" \/>\n<meta property=\"article:modified_time\" content=\"2018-08-20T07:58:49+00:00\" \/>\n<meta name=\"twitter:card\" content=\"summary_large_image\" \/>\n<meta name=\"twitter:label1\" content=\"Gesch\u00e4tzte Lesezeit\" \/>\n\t<meta name=\"twitter:data1\" content=\"12\u00a0Minuten\" \/>\n<script type=\"application\/ld+json\" class=\"yoast-schema-graph\">{\"@context\":\"https:\/\/schema.org\",\"@graph\":[{\"@type\":\"WebPage\",\"@id\":\"http:\/\/www.crcg.de\/kreditvergleich\/kredit-fuer-studenten\/\",\"url\":\"https:\/\/www.stern.de\/vergleich\/kredit\/studenten\/\",\"name\":\"Studentenkredit 2026: G\u00fcnstiger Kredit f\u00fcr Studenten schon ab 0,69%\",\"isPartOf\":{\"@id\":\"http:\/\/www.crcg.de\/kreditvergleich\/#website\"},\"datePublished\":\"2013-06-21T20:50:36+00:00\",\"dateModified\":\"2018-08-20T07:58:49+00:00\",\"description\":\"lll\u27a4 Studentenkredit auf STERN.de \u2b50 Schnelle Auszahlung + T\u00dcV-gepr\u00fcft + flexible Laufzeiten + ohne Einkommensnachweis \u2705 Jetzt Kredit f\u00fcr Studenten beantragen!\",\"breadcrumb\":{\"@id\":\"https:\/\/www.stern.de\/vergleich\/kredit\/studenten\/#breadcrumb\"},\"inLanguage\":\"de\",\"potentialAction\":[{\"@type\":\"ReadAction\",\"target\":[\"https:\/\/www.stern.de\/vergleich\/kredit\/studenten\/\"]}]},{\"@type\":\"BreadcrumbList\",\"@id\":\"https:\/\/www.stern.de\/vergleich\/kredit\/studenten\/#breadcrumb\",\"itemListElement\":[{\"@type\":\"ListItem\",\"position\":1,\"name\":\"Startseite\",\"item\":\"http:\/\/www.crcg.de\/kreditvergleich\/\"},{\"@type\":\"ListItem\",\"position\":2,\"name\":\"Studentenkredit \u2013 Jetzt g\u00fcnstigen Kredit f\u00fcr Studenten sichern\"}]},{\"@type\":\"WebSite\",\"@id\":\"http:\/\/www.crcg.de\/kreditvergleich\/#website\",\"url\":\"http:\/\/www.crcg.de\/kreditvergleich\/\",\"name\":\"Kreditvergleich gratis\",\"description\":\"Gratis Kreditvergleich f\u00fcr Jedermann\",\"potentialAction\":[{\"@type\":\"SearchAction\",\"target\":{\"@type\":\"EntryPoint\",\"urlTemplate\":\"http:\/\/www.crcg.de\/kreditvergleich\/?s={search_term_string}\"},\"query-input\":{\"@type\":\"PropertyValueSpecification\",\"valueRequired\":true,\"valueName\":\"search_term_string\"}}],\"inLanguage\":\"de\"}]}<\/script>\n<!-- \/ Yoast SEO plugin. -->","yoast_head_json":{"title":"Studentenkredit 2026: G\u00fcnstiger Kredit f\u00fcr Studenten schon ab 0,69%","description":"lll\u27a4 Studentenkredit auf STERN.de \u2b50 Schnelle Auszahlung + T\u00dcV-gepr\u00fcft + flexible Laufzeiten + ohne Einkommensnachweis \u2705 Jetzt Kredit f\u00fcr Studenten beantragen!","robots":{"index":"index","follow":"follow","max-snippet":"max-snippet:-1","max-image-preview":"max-image-preview:large","max-video-preview":"max-video-preview:-1"},"canonical":"https:\/\/www.stern.de\/vergleich\/kredit\/studenten\/","og_locale":"de_DE","og_type":"article","og_title":"Studentenkredit 2026: G\u00fcnstiger Kredit f\u00fcr Studenten schon ab 0,69%","og_description":"lll\u27a4 Studentenkredit auf STERN.de \u2b50 Schnelle Auszahlung + T\u00dcV-gepr\u00fcft + flexible Laufzeiten + ohne Einkommensnachweis \u2705 Jetzt Kredit f\u00fcr Studenten beantragen!","og_url":"https:\/\/www.stern.de\/vergleich\/kredit\/studenten\/","og_site_name":"Kreditvergleich gratis","article_modified_time":"2018-08-20T07:58:49+00:00","twitter_card":"summary_large_image","twitter_misc":{"Gesch\u00e4tzte Lesezeit":"12\u00a0Minuten"},"schema":{"@context":"https:\/\/schema.org","@graph":[{"@type":"WebPage","@id":"http:\/\/www.crcg.de\/kreditvergleich\/kredit-fuer-studenten\/","url":"https:\/\/www.stern.de\/vergleich\/kredit\/studenten\/","name":"Studentenkredit 2026: G\u00fcnstiger Kredit f\u00fcr Studenten schon ab 0,69%","isPartOf":{"@id":"http:\/\/www.crcg.de\/kreditvergleich\/#website"},"datePublished":"2013-06-21T20:50:36+00:00","dateModified":"2018-08-20T07:58:49+00:00","description":"lll\u27a4 Studentenkredit auf STERN.de \u2b50 Schnelle Auszahlung + T\u00dcV-gepr\u00fcft + flexible Laufzeiten + ohne Einkommensnachweis \u2705 Jetzt Kredit f\u00fcr Studenten beantragen!","breadcrumb":{"@id":"https:\/\/www.stern.de\/vergleich\/kredit\/studenten\/#breadcrumb"},"inLanguage":"de","potentialAction":[{"@type":"ReadAction","target":["https:\/\/www.stern.de\/vergleich\/kredit\/studenten\/"]}]},{"@type":"BreadcrumbList","@id":"https:\/\/www.stern.de\/vergleich\/kredit\/studenten\/#breadcrumb","itemListElement":[{"@type":"ListItem","position":1,"name":"Startseite","item":"http:\/\/www.crcg.de\/kreditvergleich\/"},{"@type":"ListItem","position":2,"name":"Studentenkredit \u2013 Jetzt g\u00fcnstigen Kredit f\u00fcr Studenten sichern"}]},{"@type":"WebSite","@id":"http:\/\/www.crcg.de\/kreditvergleich\/#website","url":"http:\/\/www.crcg.de\/kreditvergleich\/","name":"Kreditvergleich gratis","description":"Gratis Kreditvergleich f\u00fcr Jedermann","potentialAction":[{"@type":"SearchAction","target":{"@type":"EntryPoint","urlTemplate":"http:\/\/www.crcg.de\/kreditvergleich\/?s={search_term_string}"},"query-input":{"@type":"PropertyValueSpecification","valueRequired":true,"valueName":"search_term_string"}}],"inLanguage":"de"}]}},"_links":{"self":[{"href":"http:\/\/www.crcg.de\/kreditvergleich\/wp-json\/wp\/v2\/pages\/41","targetHints":{"allow":["GET"]}}],"collection":[{"href":"http:\/\/www.crcg.de\/kreditvergleich\/wp-json\/wp\/v2\/pages"}],"about":[{"href":"http:\/\/www.crcg.de\/kreditvergleich\/wp-json\/wp\/v2\/types\/page"}],"author":[{"embeddable":true,"href":"http:\/\/www.crcg.de\/kreditvergleich\/wp-json\/wp\/v2\/users\/2"}],"replies":[{"embeddable":true,"href":"http:\/\/www.crcg.de\/kreditvergleich\/wp-json\/wp\/v2\/comments?post=41"}],"version-history":[{"count":10,"href":"http:\/\/www.crcg.de\/kreditvergleich\/wp-json\/wp\/v2\/pages\/41\/revisions"}],"predecessor-version":[{"id":1045,"href":"http:\/\/www.crcg.de\/kreditvergleich\/wp-json\/wp\/v2\/pages\/41\/revisions\/1045"}],"wp:attachment":[{"href":"http:\/\/www.crcg.de\/kreditvergleich\/wp-json\/wp\/v2\/media?parent=41"}],"curies":[{"name":"wp","href":"https:\/\/api.w.org\/{rel}","templated":true}]}}