{"id":20,"date":"2013-06-19T15:19:21","date_gmt":"2013-06-19T14:19:21","guid":{"rendered":"http:\/\/www.kreditvergleich-gratis.de\/?page_id=20"},"modified":"2018-08-20T08:27:38","modified_gmt":"2018-08-20T07:27:38","slug":"sofortkredit","status":"publish","type":"page","link":"http:\/\/www.crcg.de\/kreditvergleich\/sofortkredit\/","title":{"rendered":"Sofortkredit Vergleich 2018 &#8211; Sofort Kredit erhalten auch ohne Schufa Auskunft"},"content":{"rendered":"<p>Ein kaputtes Auto, eine unvorhersehbare Reparatur am Haus oder ein ganz spontaner Urlaub mit Freunden oder der Familie, all das kostet Geld, was nicht immer sofort verf\u00fcgbar ist. Hier kann ein Sofort-Kredit helfen, bei dem man direkt erf\u00e4hrt, ob der Kredit gew\u00e4hrt wird und bei dem man nicht lange auf die Auszahlung warten muss. Doch was ist ein Sofort-<a href=\"http:\/\/www.crcg.de\/kreditvergleich\/\">Kredit<\/a>, was unterscheidet ihn von anderen Krediten und worauf muss man besonders achten? Bei einem Sofortkredit handelt es sich in aller Regel um einen herk\u00f6mmlichen <a href=\"http:\/\/www.crcg.de\/kreditvergleich\/ratenkredit\/\">Ratenkredit<\/a>. Er wird sowohl als frei verwendbares Darlehen angeboten als auch als zweckgebundenes, das beispielsweise f\u00fcr die Anschaffung eines Autos oder f\u00fcr die Finanzierung einer Urlaubsreise genutzt werden kann.<\/p>\n<div class=\"alert alert-info\">Soll der Kredit mit Sofortzusage f\u00fcr einen bestimmten Verwendungszweck genutzt werden, ist es immer sinnvoll, diesen Zweck bei einem Vergleich oder einem Kreditantrag anzugeben, denn zweckgebundene Kredite werden oft zu g\u00fcnstigeren Konditionen angeboten als freie Kredite, da die Banken bei einem festen und nachvollziehbaren Verwendungszweck oft ein geringeres Risiko einkalkulieren.<\/div>\n\n<p>Die Besonderheit des Sofort-Kredits besteht darin, dass er sehr schnell und bequem beantragt werden kann, in der Regel sofort eine Zusage oder Absage erfolgt und das Geld sehr schnell verf\u00fcgbar ist. Wenn also das Auto unvermutet den Geist aufgibt und schnell ein neues her muss oder wenn die Traumreise im Sonderangebot ist und man schnell zuschlagen muss, dann ist ein Kredit, der umgehend aufs Girokonto gezahlt wird, genau richtig.<\/p>\n<h2>Schnelle Anfragem\u00f6glichkeit und Antwortzeit<\/h2>\n<p>Sofortkredite geh\u00f6ren zu den Finanzdienstleistungen, die vor allem \u00fcber das Internet angeboten werden. W\u00e4hrend es in den Filialen oft Tage oder gar Wochen dauert, bis der Kunde auch nur eine Zusage oder Absage erh\u00e4lt und noch mehr Zeit ins Land geht, bis das Geld bei Ihnen eintrifft, sind die Wartezeiten beim Online Sofortkredit wesentlich geringer. Viele Anbieter bieten den Kredit mit Sofortzusage an, so dass der Kunde keinerlei Wartezeit hat, sondern beim <a href=\"http:\/\/www.crcg.de\/kreditvergleich\/onlinekredit\/\">Onlinekredit<\/a> sofort innerhalb von Minuten erf\u00e4hrt, ob der Kredit bewilligt wird oder nicht.<\/p>\n<div class=\"alert alert-warning\">Bei einer sofortigen Zusage handelt es sich zun\u00e4chst um ein unverbindliches Angebot. Eine verbindliche Kreditzusage erfolgt erst, nachdem Sie den in der Sofortzusage enthaltenen Antrag unterzeichnet und zur Bank geschickt haben. Diese sendet Ihnen anschliessend den Vertrag zu.<\/div>\n\n<p>Haben Sie bei der Beantragung alles wahrheitsgem\u00e4\u00df ausgef\u00fcllt und ist die im Rahmen Ihrer Anfrage durchgef\u00fchrte Anfrage bei der Schufa positiv verlaufen, k\u00f6nnen Sie sich in aller Regel darauf verlassen, dass die umgehende Zusage auch nach Absenden des Kreditantrags Bestand hat.<\/p>\n<p>Doch wie funktioniert ein Kredit, der sofort bewilligt oder abgelehnt wird und welche Schritte m\u00fcssen bei einem Kredit mit Sofortzusage erledigt werden? Welche Unterlagen sind notwendig, welche Nachweise m\u00fcssen Sie beibringen und welche Voraussetzungen m\u00fcssen gegeben sein, damit Ihnen ein Sofortkredit online bewilligt wird? Um diese Fragen zu beantworten, werfen wir einen Blick auf den Ablauf der Beantragung eines Sofortkredits.<\/p>\n<p>Um geeignete Anbieter zu finden, sollten Sie dazu auf jeden Fall im ersten Schritt den <a href=\"http:\/\/www.crcg.de\/kreditvergleich\/\">Kreditvergleich auf STERN.de<\/a> nutzen und sich einen ausf\u00fchrlichen \u00dcberblick verschaffen. Dazu sollten Sie zun\u00e4chst Ihren Kreditbedarf, die gew\u00fcnschte Laufzeit und gegebenenfalls den Kreditzweck ermitteln. Je genauer Sie diese Angaben machen k\u00f6nnen, desto einfacher wird es, den Kredit online sofort zu beantragen und desto bessere Treffer werden Sie beim Anbieter-Check erzielen.<\/p>\n<div class=\"alert alert-info\">Achten Sie vor allem auf den effektiven Jahreszins. Er ist der wichtigste Wert beim Vergleichen der Angebote f\u00fcr einen Kredit mit Sofortauszahlung, da im effektiven Jahreszins bereits alle Kosten f\u00fcr den Kredit beinhaltet sind. Eine Ausnahme bildet nur die Restschuldversicherung, deren Kosten nicht im effektiven Jahreszins enthalten sind.<\/div>\n\n<p>Haben Sie sich f\u00fcr einen oder mehrere in Frage kommenden Anbieter entschieden, k\u00f6nnen Sie dort den Sofortkredit online beantragen. Bei den meisten Kreditinstituten m\u00fcssen Sie jedoch zun\u00e4chst einige Voraussetzungen erf\u00fcllen.<\/p>\n<ol>\n<li>Sie m\u00fcssen vollj\u00e4hrig sein, dies verlangt die deutsche Gesetzgebung<\/li>\n<li>Sie m\u00fcssen einen festen Wohnsitz in Deutschland haben<\/li>\n<li>Sie m\u00fcssen bereits Kunde einer deutschen Bank oder bei einer ausl\u00e4ndischen Bank, die in Deutschland t\u00e4tig ist, sein<\/li>\n<li>Sie m\u00fcssen \u00fcber ein regelm\u00e4\u00dfiges Einkommen verf\u00fcgen.<\/li>\n<\/ol>\n<p>Am liebsten ist den Kreditinstituten in Bezug auf das Einkommen ein festes und unbefristetes Arbeitsverh\u00e4ltnis. Zwar z\u00e4hlen neben dem regelm\u00e4\u00dfig ausbezahlten Lohn oder Gehalt auch die Eink\u00fcnfte, die aus einer selbstst\u00e4ndigen oder freiberuflichen T\u00e4tigkeit stammen sowie Renten oder Mieteink\u00fcnfte zu den regelm\u00e4\u00dfigen Einkommen, doch gerade Freiberufler und Selbstst\u00e4ndige haben oft Probleme, eine Kreditbewilligung zu bekommen, da die Best\u00e4ndigkeit des Einkommens in geringerer Weise gegeben ist als bei einem unbefristeten Arbeitsverh\u00e4ltnis. Sehr gute Chancen haben hingegen Mitarbeiter des \u00f6ffentlichen Dienstes und Beamte, da sie ein besonders sicheres Besch\u00e4ftigungsverh\u00e4ltnis vorweisen k\u00f6nnen. F\u00fcr diese Berufsgruppen bieten manche Kreditinstitute daher sogar Sonderkonditionen an. Sehr schwierig, wenn nicht sogar unm\u00f6glich wird es hingegen, einen Sofortkredit f\u00fcr Arbeitslose, Hartz IV Empf\u00e4nger, Sozialhilfeempf\u00e4nger oder Baf\u00f6g-Empf\u00e4nger zu erhalten, denn auch wenn hier eine Art von regelm\u00e4\u00dfigem Einkommen vorliegt, ist f\u00fcr die Bank dennoch auch die Art des Einkommens oft ausschlaggebend. Auch Lehrlinge und Arbeitnehmer, die noch in der Probezeit sind, werden bei einem Kreditantrag daher oft abgelehnt.<\/p>\n<h2>So wird der Sofort-Kredit beantragt<\/h2>\n<p>Den Antrag f\u00fcr den Sofortkredit k\u00f6nnen Sie schnell, einfach und bequem direkt im Internet stellen. Dazu m\u00fcssen zun\u00e4chst folgende Angaben zu den pers\u00f6nlichen Lebensumst\u00e4nden gemacht werden:<\/p>\n<ul>\n<li>Familienstand inklusive der im Haushalt lebenden Personen und der unterhaltspflichtigen Kinder<\/li>\n<li>Ihre beruflichen T\u00e4tigkeit und Ihr Einkommen<\/li>\n<li>Art und Dauer Ihres Arbeitsverh\u00e4ltnisses<\/li>\n<li>Gesamtes Haushaltsnettoeinkommen<\/li>\n<li>Ihre Lebenshaltungskosten inklusive Mietzahlungen etc.<\/li>\n<li>Verbindlichkeiten aus bereits bestehenden Krediten oder anderen Schulden<\/li>\n<\/ul>\n<p>Haben Sie alle Fragen beantwortet, f\u00fchrt das Kreditinstitut in aller Regel im Hintergrund eine Anfrage bei der Auskunftei aus. Dort wird Ihre Bonit\u00e4t gepr\u00fcft. Verl\u00e4uft diese Pr\u00fcfung positiv, erhalten Sie innerhalb weniger Minuten eine Sofortzusage f\u00fcr Ihren Kredit. Als n\u00e4chstes bekommen Sie eine E-Mail des Kreditinstituts, in der sich ein individuelles Kreditangebot und das Kreditantrags-Formular befinden. Dort finden Sie auch alle Informationen zu den ben\u00f6tigten Nachweisen, die beigef\u00fcgt werden m\u00fcssen. In der Regel handelt es sich dabei um die Kontoausz\u00fcge der letzten 3 Monate und die letzten drei Gehaltsabrechnungen. Den Kreditantrag k\u00f6nnen Sie meist direkt im Netz ausf\u00fcllen und sp\u00e4ter zusammen mit den geforderten Unterlagen an den Kreditanbieter zur\u00fcckschicken. Im letzten Schritt m\u00fcssen Sie ein Legitimationsverfahren durchlaufen, da die Banken gesetzlich verpflichtet sind, Ihre Identit\u00e4t anhand eines Ausweisdokumentes zweifelsfrei festzustellen. G\u00fcltige Ausweisdokumente sind dabei ein g\u00fcltiger Reisepass sowie eine Wohnsitzbest\u00e4tigung des Einwohnermeldeamtes oder ein g\u00fcltiger Personalausweis.<\/p>\n<h3>Der Identit\u00e4tsnachweis<\/h3>\n<p>Sie haben nun mehrere M\u00f6glichkeiten, dem Kreditinstitut Ihre Identit\u00e4t nachzuweisen. Der klassische Weg f\u00fchrt in die Filiale, in der Sie sich ausweisen und den Kreditantrag abgeben. Viele Banken, die sofort online einen Kredit anbieten, verf\u00fcgen jedoch nicht \u00fcber ein Filialnetz, so dass diese M\u00f6glichkeit in vielen F\u00e4llen nicht gegeben ist. In diesem Fall k\u00f6nnen Sie das Post-Ident-Verfahren nutzen, bei dem Sie eine Filiale der Deutschen Post AG aufsuchen, sich dort ausweisen und Ihren Kreditantrag dann direkt von dort versenden m\u00fcssen. Viele Institute, die einen Online Kredit sofort anbieten, machen es ihren Kunden inzwischen sogar noch einfacher. Sie erheben den Identit\u00e4tsnachweis im Video-Ident Verfahren, bei dem Sie sich einem Bankmitarbeiter gegen\u00fcber in einem Video Chat ausweisen. Alle ben\u00f6tigten Nachweise k\u00f6nnen Sie einscannen und per E-Mail an das Kreditinstitut zur\u00fcckschicken und auch den Kreditantrag k\u00f6nnen Sie inzwischen online unterzeichnen und abschicken. So wird die gesamte Kreditabwicklung online durchgef\u00fchrt, was viel Zeit einspart.<\/p>\n<h2>Sofortkredit ohne Schufa \u2013 ist das m\u00f6glich?<\/h2>\n<p>Auch bei einem Online Kredit, der umgehend aufs Konto gezahlt wird, findet in aller Regel eine Bonit\u00e4tspr\u00fcfung statt. Doch es gibt Ausnahmen und so bieten einige Kreditinstitute auch einen Sofortkredit ohne Bonit\u00e4tspr\u00fcfung an. Zwar bieten wesentlich mehr Kreditinstitute den Sofortkredit mit Schufa an, doch wer dort ein negatives Scoring hat, wird in den meisten F\u00e4llen eine Ablehnung von den Kreditinstituten bekommen. Einen Sofortkredit trotz Schufa Eintrag werden Sie daher nur bei den Instituten bekommen, die den Kredit sofort genehmigen. Vorteilhaft ist zwar in der Regel ein Kredit mit Schufa, der direkt ausgezahlt wird, doch wer dort keine entsprechende Bonit\u00e4t vorweisen kann und dringend einen Kredit, der sofort zur Auszahlung kommt, braucht, wird auf eine der Offerten mit keiner Schufa Pr\u00fcfung zur\u00fcckgreifen.<\/p>\n<p>Einige Vor- und Nachteile zeigt die nachfolgende Tabelle:<\/p>\n<div class=\"table-responsive\">\n<table class=\"table&quot;\" border=\"0\" width=\"100%\" frame=\"below\" rules=\"rows\" cellpadding=\"5\">\n<tbody>\n<tr>\n<th>Mit Schufaauskunft<\/th>\n<th>Ohne Schufaauskunft<\/th>\n<\/tr>\n<tr>\n<td>Mehr Auswahl bei den Angeboten von Kreditgebern<\/td>\n<td>Kredit auch m\u00f6glich bei negativer Schufaauskunft<\/td>\n<\/tr>\n<tr>\n<td>Bessere Zinskonditionen durch die Sicherheit f\u00fcr die Bank bei positiver Schufa-Auskunft<\/td>\n<td>Auch bei niedrigem Einkommen verf\u00fcgbar<\/td>\n<\/tr>\n<tr>\n<td>Weniger Sicherheiten und Nachweise werden verlangt<\/td>\n<td>Viele Sicherheiten und Nachweise erforderlich<\/td>\n<\/tr>\n<tr>\n<td>Seri\u00f6sere Anbieter<\/td>\n<td>Vorsicht vor schwarzen Schafen<\/td>\n<\/tr>\n<\/tbody>\n<\/table>\n<\/div>\n<h2>Wer erh\u00e4lt einen Sofortkredit<\/h2>\n<p>Bei einwandfreier Bonit\u00e4t und einem geregelten Einkommen haben Sie grunds\u00e4tzlich gute Karten hinsichtlich einer Zusage f\u00fcr einen Sofortkredit. Sie haben au\u00dferdem die M\u00f6glichkeit, aus vielen Anbietern zu w\u00e4hlen und k\u00f6nnen sich Ihren Kreditgeber meist aussuchen. Etwas anders sieht es schon aus, wenn Sie als Selbst\u00e4ndiger oder Freiberufler t\u00e4tig sind. Einige Kreditinstitute bieten hier zwar spezielle Online Sofortkredite mit Sofortauszahlung an, jedoch m\u00fcssen Sie dazu meist nachweisen, dass Sie die Selbst\u00e4ndigkeit oder freiberufliche T\u00e4tigkeit seit einer bestimmten Zeit aus\u00fcben und w\u00e4hrend dieses Zeitraums bestimmte Ums\u00e4tze und Gewinne erwirtschaftet haben. <a href=\"http:\/\/www.crcg.de\/kreditvergleich\/kredit-fuer-selbststaendige\/\">Selbst\u00e4ndige<\/a> und Freiberufler m\u00fcssen au\u00dferdem anstelle in der letzten 3 Gehaltsabrechnungen die letzten drei Steuerbescheide beim Kreditinstitut einreichen und zus\u00e4tzlich oft Sicherheiten wie beispielsweise die Abtretung einer Lebensversicherung oder die Hinterlegung des Kfz Briefes stellen.<\/p>\n<p>Noch schwieriger haben es Arbeitslose, Hartz IV Empf\u00e4nger, Sozialhilfeempf\u00e4nger, Minijobber, aber auch Rentner und Pension\u00e4re. Sie bekommen in vielen F\u00e4llen keine Kreditzusage und auch ein Sofortkredit ohne Einkommensnachweis ist nicht leicht zu bekommen. Doch es gibt Anbieter, die sich auf genaue diese Art der Kreditvergabe spezialisiert haben und beispielsweise einen Sofortkredit f\u00fcr Arbeitslose, einen Sofortkredit ohne Einkommensnachweis oder einen Sofortkredit ohne Schufa anbieten. Unter diesen Anbietern befinden sich durchaus auch seri\u00f6se Anbieter, jedoch m\u00fcssen Kreditnehmer hier aufgrund des h\u00f6heren Risikos mit deutlich h\u00f6heren Zinsen rechnen. Wer also keine idealen Voraussetzungen f\u00fcr einen Sofortkredit mitbringt, sollte trotzdem nicht gleich die Hoffnung aufgeben und den Kreditvergleich auf STERN.de nutzen, um einen geeigneten Sofortkredit ohne Schufa oder Einkommensnachweis zu erhalten. Meist werden unter diesen Bedingungen jedoch auch nur kleinere Kredite vergeben, mit denen ein kurzfristiger Engpass \u00fcberbr\u00fcckt werden soll.<\/p>\n<div id=\"abgeschlosseneratenkredite\"><\/div>\n<p>Quelle: <a href=\"https:\/\/de.statista.com\/statistik\/daten\/studie\/70156\/umfrage\/abgeschlossene--kreditvertraege-in-deutschland\/\" target=\"_blank\" rel=\"nofollow noopener\">Statista<\/a><\/p>\n<h2>Wann wird das Geld ausgezahlt?<\/h2>\n<p>Wer einen Sofortkredit online beantragt, dem ist nicht nur daran gelegen, dass die Antragstellung schnell und problemlos \u00fcber die B\u00fchne geht, sondern er m\u00f6chte auch m\u00f6glichst schnell \u00fcber das Geld verf\u00fcgen k\u00f6nnen. Doch ist das wirklich m\u00f6glich, ein Sofortkredit, der heute noch zur Auszahlung kommt?<br \/>\nDie Antwort ist ja, einige Kreditinstitute bieten einen Sofort-Kredit an, der noch am gleichen Tag ausgezahlt wird. Bei den schnellsten Expressoptionen k\u00f6nnen die Kredite sogar innerhalb von nur 30 Minuten ausgezahlt werden. Hier handelt es sich in der Regel jedoch um <a href=\"http:\/\/www.crcg.de\/kreditvergleich\/kleinkredit\/\">Kleinkredite<\/a>, die f\u00fcr Neukunden meist nur in einer H\u00f6he von bis zu 500 Euro ausgezahlt werden. Bestandskunden hingegen k\u00f6nnen Kredite mit einer Kreditsumme von bis zu 3000 Euro erhalten. Und auch ein Sofortkredit ohne Schufa in 24 Stunden ist m\u00f6glich, doch auch hier handelt es sich um Kleinkredite, die meist nur in einer H\u00f6he von bis zu 1.500 Euro ausgezahlt werden. Wer mehr Geld braucht, muss etwas l\u00e4nger warten, doch auch bei einer gr\u00f6\u00dferen Kreditsumme von bis zu 100.000 Euro steht das Geld bei einem Kredit mit Sofortauszahlung in aller Regel innerhalb weniger Tage zur Verf\u00fcgung.<\/p>\n<h2 class=\"notoc\">Unser Fazit<\/h2>\n<p>Wer schnell, kurzfristig und unkompliziert Geld braucht, liegt mit einem Sofort-Kredit oft genau richtig. Die rasche und unkomplizierte Beantragung, die bei vielen Anbietern komplett am heimischen Computer erfolgen kann, ist ebenso ein Vorteil wie die schnelle Zusage, die in der Regel innerhalb weniger Minuten erfolgt. Wer es ganz eilig hat, der kann bei einem Kleinkredit auf Anbieter zur\u00fcckgreifen, die das Geld noch am gleichen Tag, sp\u00e4testens aber innerhalb von 24 Stunden zur Verf\u00fcgung stellen.<\/p>\n<p>Ein Sofortkredit ohne Schufa eignet sich insbesondere f\u00fcr alle, die keine gute Bonit\u00e4t vorweisen k\u00f6nnen und auch ein Sofortkredit f\u00fcr Arbeitslose oder ein Sofortkredit ohne Einkommensnachweis wird von einigen Anbietern angeboten, wobei Sie hier aufpassen m\u00fcssen, nicht an schwarze Schafe zu geraten.<br \/>\nDabei kann es nicht schaden, die Erfahrungen anderer Kreditnehmer zu ber\u00fccksichtigen, die beispielsweise auf Bewertungsplattformen im Internet einzusehen sind.<\/p>\n<p>Trotz aller Skepsis, die bei manchen Deutschen noch herrscht, wenn seri\u00f6se Bankgesch\u00e4fte mit einem modernen Medium wie dem Internet verbunden werden und die \u00fcblicherweise Tage oder Wochen andauernde deutsche Gr\u00fcndlichkeit bei der Pr\u00fcfung des Kreditantrags au\u00dfer Kraft gesetzt wird, ist ein Online Sofortkredit durchaus eine seri\u00f6se Finanzdienstleistung und auch ein Sofortkredit muss nicht automatisch ein Angebot eines Kredithais sein. Der Kreditvergleich auf STERN.de erm\u00f6glicht es Ihnen, die Konditionen vieler Anbieter f\u00fcr einen Kredit mit Sofortauszahlung zu vergleichen und den passenden Anbieter f\u00fcr Ihre W\u00fcnsche zu finden.<\/p>\n","protected":false},"excerpt":{"rendered":"<p>Ein kaputtes Auto, eine unvorhersehbare Reparatur am Haus oder ein ganz spontaner Urlaub mit Freunden oder der Familie, all das kostet Geld, was nicht immer sofort verf\u00fcgbar ist. Hier kann ein Sofort-Kredit helfen, bei dem man direkt erf\u00e4hrt, ob der Kredit gew\u00e4hrt wird und bei dem man nicht lange auf die Auszahlung warten muss. Doch [&hellip;]<\/p>\n","protected":false},"author":2,"featured_media":0,"parent":0,"menu_order":0,"comment_status":"open","ping_status":"closed","template":"","meta":{"footnotes":""},"class_list":["post-20","page","type-page","status-publish","hentry"],"yoast_head":"<!-- This site is optimized with the Yoast SEO plugin v26.8 - https:\/\/yoast.com\/product\/yoast-seo-wordpress\/ -->\n<title>Sofortkredit Vergleich ohne Schufa: Jetzt online berechnen und beantragen<\/title>\n<meta name=\"description\" content=\"lll\u27a4 Sofortkredit Vergleich auf STERN.de \u2b50 Schnelle Auszahlung + flexible Laufzeiten + ohne Schufa + mit Sofortzusage \u2705 Jetzt g\u00fcnstigen sofort Kredit sichern!\" \/>\n<meta name=\"robots\" content=\"index, follow, max-snippet:-1, max-image-preview:large, max-video-preview:-1\" \/>\n<link rel=\"canonical\" href=\"https:\/\/www.stern.de\/vergleich\/kredit\/sofortkredit\/\" \/>\n<meta property=\"og:locale\" content=\"de_DE\" \/>\n<meta property=\"og:type\" content=\"article\" \/>\n<meta property=\"og:title\" content=\"Sofortkredit Vergleich ohne Schufa: Jetzt online berechnen und beantragen\" \/>\n<meta property=\"og:description\" content=\"lll\u27a4 Sofortkredit Vergleich auf STERN.de \u2b50 Schnelle Auszahlung + flexible Laufzeiten + ohne Schufa + mit Sofortzusage \u2705 Jetzt g\u00fcnstigen sofort Kredit sichern!\" \/>\n<meta property=\"og:url\" content=\"https:\/\/www.stern.de\/vergleich\/kredit\/sofortkredit\/\" \/>\n<meta property=\"og:site_name\" content=\"Kreditvergleich gratis\" \/>\n<meta property=\"article:modified_time\" content=\"2018-08-20T07:27:38+00:00\" \/>\n<meta name=\"twitter:card\" content=\"summary_large_image\" \/>\n<meta name=\"twitter:label1\" content=\"Gesch\u00e4tzte Lesezeit\" \/>\n\t<meta name=\"twitter:data1\" content=\"11\u00a0Minuten\" \/>\n<script type=\"application\/ld+json\" class=\"yoast-schema-graph\">{\"@context\":\"https:\/\/schema.org\",\"@graph\":[{\"@type\":\"WebPage\",\"@id\":\"http:\/\/www.crcg.de\/kreditvergleich\/sofortkredit\/\",\"url\":\"https:\/\/www.stern.de\/vergleich\/kredit\/sofortkredit\/\",\"name\":\"Sofortkredit Vergleich ohne Schufa: Jetzt online berechnen und beantragen\",\"isPartOf\":{\"@id\":\"http:\/\/www.crcg.de\/kreditvergleich\/#website\"},\"datePublished\":\"2013-06-19T14:19:21+00:00\",\"dateModified\":\"2018-08-20T07:27:38+00:00\",\"description\":\"lll\u27a4 Sofortkredit Vergleich auf STERN.de \u2b50 Schnelle Auszahlung + flexible Laufzeiten + ohne Schufa + mit Sofortzusage \u2705 Jetzt g\u00fcnstigen sofort Kredit sichern!\",\"breadcrumb\":{\"@id\":\"https:\/\/www.stern.de\/vergleich\/kredit\/sofortkredit\/#breadcrumb\"},\"inLanguage\":\"de\",\"potentialAction\":[{\"@type\":\"ReadAction\",\"target\":[\"https:\/\/www.stern.de\/vergleich\/kredit\/sofortkredit\/\"]}]},{\"@type\":\"BreadcrumbList\",\"@id\":\"https:\/\/www.stern.de\/vergleich\/kredit\/sofortkredit\/#breadcrumb\",\"itemListElement\":[{\"@type\":\"ListItem\",\"position\":1,\"name\":\"Startseite\",\"item\":\"http:\/\/www.crcg.de\/kreditvergleich\/\"},{\"@type\":\"ListItem\",\"position\":2,\"name\":\"Sofortkredit Vergleich 2018 &#8211; Sofort Kredit erhalten auch ohne Schufa Auskunft\"}]},{\"@type\":\"WebSite\",\"@id\":\"http:\/\/www.crcg.de\/kreditvergleich\/#website\",\"url\":\"http:\/\/www.crcg.de\/kreditvergleich\/\",\"name\":\"Kreditvergleich gratis\",\"description\":\"Gratis Kreditvergleich f\u00fcr Jedermann\",\"potentialAction\":[{\"@type\":\"SearchAction\",\"target\":{\"@type\":\"EntryPoint\",\"urlTemplate\":\"http:\/\/www.crcg.de\/kreditvergleich\/?s={search_term_string}\"},\"query-input\":{\"@type\":\"PropertyValueSpecification\",\"valueRequired\":true,\"valueName\":\"search_term_string\"}}],\"inLanguage\":\"de\"}]}<\/script>\n<!-- \/ Yoast SEO plugin. -->","yoast_head_json":{"title":"Sofortkredit Vergleich ohne Schufa: Jetzt online berechnen und beantragen","description":"lll\u27a4 Sofortkredit Vergleich auf STERN.de \u2b50 Schnelle Auszahlung + flexible Laufzeiten + ohne Schufa + mit Sofortzusage \u2705 Jetzt g\u00fcnstigen sofort Kredit sichern!","robots":{"index":"index","follow":"follow","max-snippet":"max-snippet:-1","max-image-preview":"max-image-preview:large","max-video-preview":"max-video-preview:-1"},"canonical":"https:\/\/www.stern.de\/vergleich\/kredit\/sofortkredit\/","og_locale":"de_DE","og_type":"article","og_title":"Sofortkredit Vergleich ohne Schufa: Jetzt online berechnen und beantragen","og_description":"lll\u27a4 Sofortkredit Vergleich auf STERN.de \u2b50 Schnelle Auszahlung + flexible Laufzeiten + ohne Schufa + mit Sofortzusage \u2705 Jetzt g\u00fcnstigen sofort Kredit sichern!","og_url":"https:\/\/www.stern.de\/vergleich\/kredit\/sofortkredit\/","og_site_name":"Kreditvergleich gratis","article_modified_time":"2018-08-20T07:27:38+00:00","twitter_card":"summary_large_image","twitter_misc":{"Gesch\u00e4tzte Lesezeit":"11\u00a0Minuten"},"schema":{"@context":"https:\/\/schema.org","@graph":[{"@type":"WebPage","@id":"http:\/\/www.crcg.de\/kreditvergleich\/sofortkredit\/","url":"https:\/\/www.stern.de\/vergleich\/kredit\/sofortkredit\/","name":"Sofortkredit Vergleich ohne Schufa: Jetzt online berechnen und beantragen","isPartOf":{"@id":"http:\/\/www.crcg.de\/kreditvergleich\/#website"},"datePublished":"2013-06-19T14:19:21+00:00","dateModified":"2018-08-20T07:27:38+00:00","description":"lll\u27a4 Sofortkredit Vergleich auf STERN.de \u2b50 Schnelle Auszahlung + flexible Laufzeiten + ohne Schufa + mit Sofortzusage \u2705 Jetzt g\u00fcnstigen sofort Kredit sichern!","breadcrumb":{"@id":"https:\/\/www.stern.de\/vergleich\/kredit\/sofortkredit\/#breadcrumb"},"inLanguage":"de","potentialAction":[{"@type":"ReadAction","target":["https:\/\/www.stern.de\/vergleich\/kredit\/sofortkredit\/"]}]},{"@type":"BreadcrumbList","@id":"https:\/\/www.stern.de\/vergleich\/kredit\/sofortkredit\/#breadcrumb","itemListElement":[{"@type":"ListItem","position":1,"name":"Startseite","item":"http:\/\/www.crcg.de\/kreditvergleich\/"},{"@type":"ListItem","position":2,"name":"Sofortkredit Vergleich 2018 &#8211; Sofort Kredit erhalten auch ohne Schufa Auskunft"}]},{"@type":"WebSite","@id":"http:\/\/www.crcg.de\/kreditvergleich\/#website","url":"http:\/\/www.crcg.de\/kreditvergleich\/","name":"Kreditvergleich gratis","description":"Gratis Kreditvergleich f\u00fcr Jedermann","potentialAction":[{"@type":"SearchAction","target":{"@type":"EntryPoint","urlTemplate":"http:\/\/www.crcg.de\/kreditvergleich\/?s={search_term_string}"},"query-input":{"@type":"PropertyValueSpecification","valueRequired":true,"valueName":"search_term_string"}}],"inLanguage":"de"}]}},"_links":{"self":[{"href":"http:\/\/www.crcg.de\/kreditvergleich\/wp-json\/wp\/v2\/pages\/20","targetHints":{"allow":["GET"]}}],"collection":[{"href":"http:\/\/www.crcg.de\/kreditvergleich\/wp-json\/wp\/v2\/pages"}],"about":[{"href":"http:\/\/www.crcg.de\/kreditvergleich\/wp-json\/wp\/v2\/types\/page"}],"author":[{"embeddable":true,"href":"http:\/\/www.crcg.de\/kreditvergleich\/wp-json\/wp\/v2\/users\/2"}],"replies":[{"embeddable":true,"href":"http:\/\/www.crcg.de\/kreditvergleich\/wp-json\/wp\/v2\/comments?post=20"}],"version-history":[{"count":14,"href":"http:\/\/www.crcg.de\/kreditvergleich\/wp-json\/wp\/v2\/pages\/20\/revisions"}],"predecessor-version":[{"id":1037,"href":"http:\/\/www.crcg.de\/kreditvergleich\/wp-json\/wp\/v2\/pages\/20\/revisions\/1037"}],"wp:attachment":[{"href":"http:\/\/www.crcg.de\/kreditvergleich\/wp-json\/wp\/v2\/media?parent=20"}],"curies":[{"name":"wp","href":"https:\/\/api.w.org\/{rel}","templated":true}]}}