{"id":116,"date":"2013-06-28T12:50:17","date_gmt":"2013-06-28T11:50:17","guid":{"rendered":"http:\/\/www.kreditvergleich-gratis.de\/?page_id=116"},"modified":"2018-08-20T09:34:01","modified_gmt":"2018-08-20T08:34:01","slug":"netbank","status":"publish","type":"page","link":"http:\/\/www.crcg.de\/kreditvergleich\/netbank\/","title":{"rendered":"Netbank \u2013 Europas erste Internetbank"},"content":{"rendered":"<p>Die Netbank AG wurde im Jahre 1998 durch den Erhalt einer Vollbank-Lizenz gegr\u00fcndet und ging ein Jahr sp\u00e4ter als erste Internetbank Europas an den Start. Bei ihr bekamen Kunden das Depot-Pauschalpreismodell mit Namen \u201eFlat-free\u201c, damit war die netbank AG die erste deutsche Privatkundenbank mit einem solchen Angebot. Das und die anderen Angebote waren so erfolgreich, dass schon im Jahr 2002 die Gewinnschwelle erreicht wurde und wiederum zwei Jahre sp\u00e4ter konnte der 50.000ste Kunde zum 5-j\u00e4hrigen Jubil\u00e4um ausgelost werden. Auch die Einf\u00fchrung des mobilen TAN-Verfahren wurde seitens der netbank AG als eine der ersten Banken in Deutschland durchgef\u00fchrt. So viele Annehmlichkeiten f\u00fchrten schlie\u00dflich dazu, dass die Bank 2007 auf Platz 1 f\u00fcr die kundenfreundlichsten Konditionen durch den Bankentest von Focus-Money gew\u00e4hlt wurde. Die erfolgreiche Geschichte der Bank geht weiter, seitdem 2010 mehr als 150.000 Kunden gez\u00e4hlt werden konnten, erhielt die netbank AG 2011 die Auszeichnung von n-tv und der Finanzberatung FMH f\u00fcr das beste Girokonto 2011.<\/p>\n<p>Hier beantragen Sie direkt Ihren Wunschkredit bei der netbank:<\/p>\n<p><script src=\"https:\/\/embed.finanzcheck.de\/embed\/iframe.js?configuration=W33AaszzaVML&#038;amount=12000&#038;term=84&#038;productId=77&#038;subId=netbank\"><\/script><\/p>\n<h2>Die Netbank konzentriert sich auf das Wesentliche<\/h2>\n<p>Das ist auch beim Besuch der Webseite zu bemerken. Sie ist klar und einfach strukturiert und konzentriert sich auf die Produkte, die sie im Angebot hat. Um die mit Preisen ausgezeichneten Produkte wie zum Beispiel das Girokonto zu nennen, bietet sie hier Top-Konditionen an. Der einfache Satz: Das kostenlose Girokonto \u2013 Einfach f\u00fcr alle ist dabei ma\u00dfgeblich. Jeder Kunde, egal ob Angestellter, Freiberufler, Student oder Rentner kann die kostenlosen Konditionen f\u00fcr das Girokonto nutzen. Trotz der Geb\u00fchrenfreiheit bietet dieses Girokonto jedoch alles an, was man ben\u00f6tigt, um seinen privaten Geldverkehr zu regeln. Lediglich die Vorgabe eines regelm\u00e4\u00dfigen monatlichen Geldeingangs ist gegeben, mehr nicht. Dann k\u00f6nnen die Kunden der netbank AG beim Girokonto:<\/p>\n<ul>\n<li>Die kostenlose Kontof\u00fchrung einschlie\u00dflich Tagesgeldkonto<\/li>\n<li>Kostenlos weltweit Bargeld abheben<\/li>\n<li>0,25% Guthabenzins p.A. erhalten<\/li>\n<li>Kostenlose girocard und MasterCard nutzen<\/li>\n<li>Einen Dispokredit in H\u00f6he von 8,25% p.A. nutzen<\/li>\n<li>Onlinebanking nutzen<\/li>\n<li>Wechselbonus von 20 Euro erhalten<\/li>\n<\/ul>\n<p>Das sind allgemein gute Angebote, die schon so manchen Kunden zu einem Wechsel des Girokontos zur netbank AG veranlasst haben. Den meisten Bankkunden ist es nat\u00fcrlich wichtig, ausreichende M\u00f6glichkeiten zur Bargeldabhebung am Bankautomaten zur Verf\u00fcgung zu haben. Bei der netbank AG ist das kein Problem, denn weltweit stehen alle Bankautomaten mit dem Cash-Pool-Zeichen kostenlos zur Verf\u00fcgung. Ein komfortabler Bargeld-nach-Hause-Service wird angeboten, der vor allem f\u00fcr Senioren und k\u00f6rperlich beeintr\u00e4chtigte Menschen sehr n\u00fctzlich sein kann.<\/p>\n<h3>Kredite bei der netbank AG<\/h3>\n<p>Auch der Bereich Kredite ist bei der netbank AG hervorzuheben. Die Bank wirbt selbst mit <a href=\"http:\/\/www.crcg.de\/kreditvergleich\/\">fairen und g\u00fcnstigen Konditionen, die in so manchem Kreditvergleich best\u00e4tigt werden<\/a>. Ein Kreditantrag wird nach einer schnellen Entscheidung z\u00fcgig ausgezahlt, sodass die Kunden schon kurzfristig \u00fcber das gew\u00fcnschte Darlehen verf\u00fcgen k\u00f6nnen. In diesem Sinne wird <a href=\"http:\/\/www.crcg.de\/kreditvergleich\/ratenkredit\/\">der Ratenkredit<\/a> der netbank AG auch f\u00fcr gr\u00f6\u00dfere Anschaffungen beantragt und nicht nur f\u00fcr die Abl\u00f6sung eines bestehenden Kredites mit ung\u00fcnstigen Konditionen. Aber auch f\u00fcr einen <a title=\"Kleinkredit\" href=\"http:\/\/www.crcg.de\/kreditvergleich\/kleinkredit\/\">Kleinkredit<\/a> eignet sich der netbank <a href=\"http:\/\/www.crcg.de\/kreditvergleich\/\">Kredit<\/a>. Die bonit\u00e4tsunabh\u00e4ngige Verzinsung ist g\u00fcnstig und kann damit den einen oder anderen Wunsch bequem erf\u00fcllen. Die netbank AG wirbt damit, auch <a title=\"Freiberuflern und Selbst\u00e4ndigen einen Kredit\" href=\"http:\/\/www.crcg.de\/kreditvergleich\/kredit-fuer-selbststaendige\/\">Freiberuflern und Selbst\u00e4ndigen einen Kredit<\/a> einzur\u00e4umen. Das ist im Allgemeinen schwierig und nicht bei jeder Bank im Angebot vorgesehen. Dar\u00fcber hinaus bietet der Kreditbereich <a href=\"http:\/\/www.crcg.de\/kreditvergleich\/baufinanzierung\/\">auch die Baufinanzierung<\/a> an, die im Bankentest sehr positiv beurteilt wurde. Ein eigener Vergleichsrechner bietet die M\u00f6glichkeit, aus 70 Anbietern mit tagesaktuellen Konditionen seinen Favoriten herauszusuchen.<\/p>\n<h2>Ratenkredit f\u00fcr Freiberufler bei der Netbank<\/h2>\n<p>F\u00fcr Freiberufler ist dieser <a href=\"http:\/\/www.crcg.de\/kreditvergleich\/ratenkredit\/\">Ratenkredit<\/a> ein sehr gutes Angebot. Sind Freiberufler vom Finanzamt als Solche eingestuft, kann ein Ratenkredit umgehend beantragt werden. Die zu w\u00e4hlenden Kreditsummen liegen bei minimal 3.000 Euro und maximal 50.000 Euro, somit ergibt f\u00fcr die Erf\u00fcllung eines Wunsches ein beachtlicher Spielraum. An Unternehmen werden Investitionskredite und an Gewerbetreibende keine Kredite vergeben. Gewerbetreibende sind Betriebe, die der Gewerbesteuerpflicht unterliegen.<\/p>\n<p>Folgende Unterlagen sind von Freiberuflern einzureichen:<\/p>\n<ul>\n<li>die letzten beiden Einkommenssteuerbescheide (EStB),<\/li>\n<li>Betriebswirtschaftliche Auswertung (BWA) des letzten Monats und per 31.12. des Vorjahres. Summen- und Saldenliste mit Unterschrift<\/li>\n<li>Einnahmen-\u00dcberschuss-Rechnung (E\u00dcR) per 31.12. des Vorjahres und des letzten Monats oder Gewinn- und Verlustrechnung (GuV) mit Unterschrift der letzten zwei Jahre oder Jahresabschluss (JA) der letzten zwei Jahre<\/li>\n<li>fortlaufende Kontoausz\u00fcge (ohne Streichungen) der letzten f\u00fcnf Wochen vom privaten Konto<\/li>\n<\/ul>\n<p>Mit diesen Unterlagen kann umgehend ein Kredit beantragt werden. Die Anfrage geschieht nur \u00fcber das Onlineportal, da die Netbank \u00fcber keine eigenen Filialen verf\u00fcgt. Das ist f\u00fcr Kunden vorteilhaft, denn mit dieser Ersparnis an Kosten kann die Bank einen preiswerten und guten Service zu Top-Konditionen anbieten. Das Positive der niedrigen Zinsen zeigt sich ebenso bei den Produkteigenschaften.<\/p>\n<p>Ein Darlehen ist bereits ab 3.000 Euro bis maximal 50.000 Euro erh\u00e4ltlich, damit liegt die Bank im Wettbewerbsvergleich allerdings nur im Mittelfeld. Die Darlehenssumme ist in 100 Euro Schritten w\u00e4hlbar und die Laufzeiten mit 6 Monatsraten durchaus positiv. Der Standard ist eine maximale Laufzeit von 84 Monatsraten. Neben der w\u00e4hlbaren stufenlosen Laufzeit kann alternativ eine individuelle Rate eingegeben werden und dadurch ergibt sich die Dauer der R\u00fcckzahlung.<\/p>\n<p>Freiberufler k\u00f6nnen den Netbank Kredit jederzeit zur <a href=\"http:\/\/www.crcg.de\/kreditvergleich\/umschuldungskredit\/\">Umschuldung<\/a> nutzen, dabei entstehen nach j\u00fcngster Rechtsprechung keine zus\u00e4tzlichen Geb\u00fchren. Die Zusage des Darlehens erfolgt sofort nach der Antragstellung. Die Auszahlung dauert nach Eingang s\u00e4mtlicher Unterlagen mit Bearbeitung und Bonit\u00e4tspr\u00fcfung allerdings zwei bis drei Tage, denn die Unterlagen m\u00fcssen auf dem Postweg eingereicht werden.<\/p>\n<p>Bei den Konditionen unterscheidet sich ein Kredit der Netbank nicht zwischen Freiberufler und Arbeitnehmer. Bei Freiberuflern wird allerdings ein Zinsaufschlag erhoben, da bei diesen keine Gehaltsabtretung vorgenommen werden kann. Jeder Freiberufler, der keiner Gewerbesteuerpflicht unterliegt, kann einen Kredit beantragen und dieser steht bei Bewilligung zur freien Verf\u00fcgung.<\/p>\n<h2>Ratenkredit<\/h2>\n<p>Jedem Interessenten wird der Ratenkredit mit bonit\u00e4tsunabh\u00e4ngigen Zinss\u00e4tzen angeboten, des Weiteren sind Sondertilgungen m\u00f6glich und es erfolgt eine sofortige Online-Vorabzusage. Der Ratenkredit ist bei der Netbank ein solides Angebot, jedoch spricht der hohe Mindestkreditbetrag nicht jeden Interessenten an. Der Ratenkredit eignet sich daher nur gut f\u00fcr etwas gr\u00f6\u00dfere W\u00fcnsche. Die Mindestkreditsumme von 3.000 Euro ist nicht unbedingt eine L\u00f6sung, wenn nur eine kleine Summe von beispielsweise 1.000 Euro ben\u00f6tigt wird, zum Beispiel um einen Dispo abzul\u00f6sen. Die maximalen 50.000 Euro sind nichts Besonderes im Kreditvergleich und stehen damit eher am unteren m\u00f6glichen Kreditvolumen.<\/p>\n<p>Die Netbank erm\u00f6glicht eine Abstufung der Kreditsumme in 100 Euro Schritten. Die Mindestlaufzeit kann sich mit 6 Monaten zur Tilgung durchaus sehen lassen, eine maximale Laufzeit von 84 Monaten bildet allerdings keine Besonderheit. Es ist m\u00f6glich, Laufzeiten willk\u00fcrlich festzulegen, zum Beispiel 26 oder 45 Monate. Die Netbank vergibt ebenso Ratenkredite an Selbstst\u00e4ndige. Dabei darf der Gewerbetreibende nicht gewerbesteuerpflichtig sein und das Unternehmen muss bereits seit 3 Jahren bestehen.<\/p>\n","protected":false},"excerpt":{"rendered":"<p>Die Netbank AG wurde im Jahre 1998 durch den Erhalt einer Vollbank-Lizenz gegr\u00fcndet und ging ein Jahr sp\u00e4ter als erste Internetbank Europas an den Start. Bei ihr bekamen Kunden das Depot-Pauschalpreismodell mit Namen \u201eFlat-free\u201c, damit war die netbank AG die erste deutsche Privatkundenbank mit einem solchen Angebot. Das und die anderen Angebote waren so erfolgreich, [&hellip;]<\/p>\n","protected":false},"author":2,"featured_media":0,"parent":0,"menu_order":0,"comment_status":"open","ping_status":"closed","template":"","meta":{"footnotes":""},"class_list":["post-116","page","type-page","status-publish","hentry"],"yoast_head":"<!-- This site is optimized with the Yoast SEO plugin v26.8 - https:\/\/yoast.com\/product\/yoast-seo-wordpress\/ -->\n<title>netbank Kredit: G\u00fcnstige Kreditzinsen, Stand: Mai\/2026<\/title>\n<meta name=\"description\" content=\"lll\u27a4 netbank Kredit 2026 auf STERN.de \u2b50 G\u00fcnstige Kredite bei der netbank mit schneller Auszahlung &amp; Niedrig-Zins sichern! \u2705 Jetzt beantragen!\" \/>\n<meta name=\"robots\" content=\"index, follow, max-snippet:-1, max-image-preview:large, max-video-preview:-1\" \/>\n<link rel=\"canonical\" href=\"https:\/\/www.stern.de\/vergleich\/kredit\/netbank\/\" \/>\n<meta property=\"og:locale\" content=\"de_DE\" \/>\n<meta property=\"og:type\" content=\"article\" \/>\n<meta property=\"og:title\" content=\"netbank Kredit: G\u00fcnstige Kreditzinsen, Stand: Mai\/2026\" \/>\n<meta property=\"og:description\" content=\"lll\u27a4 netbank Kredit 2026 auf STERN.de \u2b50 G\u00fcnstige Kredite bei der netbank mit schneller Auszahlung &amp; Niedrig-Zins sichern! \u2705 Jetzt beantragen!\" \/>\n<meta property=\"og:url\" content=\"https:\/\/www.stern.de\/vergleich\/kredit\/netbank\/\" \/>\n<meta property=\"og:site_name\" content=\"Kreditvergleich gratis\" \/>\n<meta property=\"article:modified_time\" content=\"2018-08-20T08:34:01+00:00\" \/>\n<meta name=\"twitter:card\" content=\"summary_large_image\" \/>\n<meta name=\"twitter:label1\" content=\"Gesch\u00e4tzte Lesezeit\" \/>\n\t<meta name=\"twitter:data1\" content=\"6\u00a0Minuten\" \/>\n<script type=\"application\/ld+json\" class=\"yoast-schema-graph\">{\"@context\":\"https:\/\/schema.org\",\"@graph\":[{\"@type\":\"WebPage\",\"@id\":\"http:\/\/www.crcg.de\/kreditvergleich\/netbank\/\",\"url\":\"https:\/\/www.stern.de\/vergleich\/kredit\/netbank\/\",\"name\":\"netbank Kredit: G\u00fcnstige Kreditzinsen, Stand: Mai\/2026\",\"isPartOf\":{\"@id\":\"http:\/\/www.crcg.de\/kreditvergleich\/#website\"},\"datePublished\":\"2013-06-28T11:50:17+00:00\",\"dateModified\":\"2018-08-20T08:34:01+00:00\",\"description\":\"lll\u27a4 netbank Kredit 2026 auf STERN.de \u2b50 G\u00fcnstige Kredite bei der netbank mit schneller Auszahlung & Niedrig-Zins sichern! \u2705 Jetzt beantragen!\",\"breadcrumb\":{\"@id\":\"https:\/\/www.stern.de\/vergleich\/kredit\/netbank\/#breadcrumb\"},\"inLanguage\":\"de\",\"potentialAction\":[{\"@type\":\"ReadAction\",\"target\":[\"https:\/\/www.stern.de\/vergleich\/kredit\/netbank\/\"]}]},{\"@type\":\"BreadcrumbList\",\"@id\":\"https:\/\/www.stern.de\/vergleich\/kredit\/netbank\/#breadcrumb\",\"itemListElement\":[{\"@type\":\"ListItem\",\"position\":1,\"name\":\"Startseite\",\"item\":\"http:\/\/www.crcg.de\/kreditvergleich\/\"},{\"@type\":\"ListItem\",\"position\":2,\"name\":\"Netbank \u2013 Europas erste Internetbank\"}]},{\"@type\":\"WebSite\",\"@id\":\"http:\/\/www.crcg.de\/kreditvergleich\/#website\",\"url\":\"http:\/\/www.crcg.de\/kreditvergleich\/\",\"name\":\"Kreditvergleich gratis\",\"description\":\"Gratis Kreditvergleich f\u00fcr Jedermann\",\"potentialAction\":[{\"@type\":\"SearchAction\",\"target\":{\"@type\":\"EntryPoint\",\"urlTemplate\":\"http:\/\/www.crcg.de\/kreditvergleich\/?s={search_term_string}\"},\"query-input\":{\"@type\":\"PropertyValueSpecification\",\"valueRequired\":true,\"valueName\":\"search_term_string\"}}],\"inLanguage\":\"de\"}]}<\/script>\n<!-- \/ Yoast SEO plugin. -->","yoast_head_json":{"title":"netbank Kredit: G\u00fcnstige Kreditzinsen, Stand: Mai\/2026","description":"lll\u27a4 netbank Kredit 2026 auf STERN.de \u2b50 G\u00fcnstige Kredite bei der netbank mit schneller Auszahlung & Niedrig-Zins sichern! \u2705 Jetzt beantragen!","robots":{"index":"index","follow":"follow","max-snippet":"max-snippet:-1","max-image-preview":"max-image-preview:large","max-video-preview":"max-video-preview:-1"},"canonical":"https:\/\/www.stern.de\/vergleich\/kredit\/netbank\/","og_locale":"de_DE","og_type":"article","og_title":"netbank Kredit: G\u00fcnstige Kreditzinsen, Stand: Mai\/2026","og_description":"lll\u27a4 netbank Kredit 2026 auf STERN.de \u2b50 G\u00fcnstige Kredite bei der netbank mit schneller Auszahlung & Niedrig-Zins sichern! \u2705 Jetzt beantragen!","og_url":"https:\/\/www.stern.de\/vergleich\/kredit\/netbank\/","og_site_name":"Kreditvergleich gratis","article_modified_time":"2018-08-20T08:34:01+00:00","twitter_card":"summary_large_image","twitter_misc":{"Gesch\u00e4tzte Lesezeit":"6\u00a0Minuten"},"schema":{"@context":"https:\/\/schema.org","@graph":[{"@type":"WebPage","@id":"http:\/\/www.crcg.de\/kreditvergleich\/netbank\/","url":"https:\/\/www.stern.de\/vergleich\/kredit\/netbank\/","name":"netbank Kredit: G\u00fcnstige Kreditzinsen, Stand: Mai\/2026","isPartOf":{"@id":"http:\/\/www.crcg.de\/kreditvergleich\/#website"},"datePublished":"2013-06-28T11:50:17+00:00","dateModified":"2018-08-20T08:34:01+00:00","description":"lll\u27a4 netbank Kredit 2026 auf STERN.de \u2b50 G\u00fcnstige Kredite bei der netbank mit schneller Auszahlung & Niedrig-Zins sichern! \u2705 Jetzt beantragen!","breadcrumb":{"@id":"https:\/\/www.stern.de\/vergleich\/kredit\/netbank\/#breadcrumb"},"inLanguage":"de","potentialAction":[{"@type":"ReadAction","target":["https:\/\/www.stern.de\/vergleich\/kredit\/netbank\/"]}]},{"@type":"BreadcrumbList","@id":"https:\/\/www.stern.de\/vergleich\/kredit\/netbank\/#breadcrumb","itemListElement":[{"@type":"ListItem","position":1,"name":"Startseite","item":"http:\/\/www.crcg.de\/kreditvergleich\/"},{"@type":"ListItem","position":2,"name":"Netbank \u2013 Europas erste Internetbank"}]},{"@type":"WebSite","@id":"http:\/\/www.crcg.de\/kreditvergleich\/#website","url":"http:\/\/www.crcg.de\/kreditvergleich\/","name":"Kreditvergleich gratis","description":"Gratis Kreditvergleich f\u00fcr Jedermann","potentialAction":[{"@type":"SearchAction","target":{"@type":"EntryPoint","urlTemplate":"http:\/\/www.crcg.de\/kreditvergleich\/?s={search_term_string}"},"query-input":{"@type":"PropertyValueSpecification","valueRequired":true,"valueName":"search_term_string"}}],"inLanguage":"de"}]}},"_links":{"self":[{"href":"http:\/\/www.crcg.de\/kreditvergleich\/wp-json\/wp\/v2\/pages\/116","targetHints":{"allow":["GET"]}}],"collection":[{"href":"http:\/\/www.crcg.de\/kreditvergleich\/wp-json\/wp\/v2\/pages"}],"about":[{"href":"http:\/\/www.crcg.de\/kreditvergleich\/wp-json\/wp\/v2\/types\/page"}],"author":[{"embeddable":true,"href":"http:\/\/www.crcg.de\/kreditvergleich\/wp-json\/wp\/v2\/users\/2"}],"replies":[{"embeddable":true,"href":"http:\/\/www.crcg.de\/kreditvergleich\/wp-json\/wp\/v2\/comments?post=116"}],"version-history":[{"count":8,"href":"http:\/\/www.crcg.de\/kreditvergleich\/wp-json\/wp\/v2\/pages\/116\/revisions"}],"predecessor-version":[{"id":1068,"href":"http:\/\/www.crcg.de\/kreditvergleich\/wp-json\/wp\/v2\/pages\/116\/revisions\/1068"}],"wp:attachment":[{"href":"http:\/\/www.crcg.de\/kreditvergleich\/wp-json\/wp\/v2\/media?parent=116"}],"curies":[{"name":"wp","href":"https:\/\/api.w.org\/{rel}","templated":true}]}}