


{"id":849,"date":"2010-10-25T10:19:24","date_gmt":"2010-10-25T09:19:24","guid":{"rendered":"http:\/\/www.kreditkartenvergleich.org\/?page_id=849"},"modified":"2017-09-12T14:21:59","modified_gmt":"2017-09-12T13:21:59","slug":"american-express-kreditkarte","status":"publish","type":"page","link":"http:\/\/www.crcg.de\/kreditkartenvergleich\/american-express-kreditkarte\/","title":{"rendered":"American Express Kreditkarten"},"content":{"rendered":"<div class=\"text-space\">American Express ist ein Herausgeber von Kreditkarten, der weltweite eine gro\u00dfe Anerkennung genie\u00dft. Die Produkte des Unternehmens richten sich sowohl an Privat- als auch an Gesch\u00e4ftskunden, und decken aufgrund unterschiedlichen Leistungsumfangs die verschiedensten Anspr\u00fcche und Bed\u00fcrfnisse ab. Insbesondere folgende vier <strong>Kreditkarten von American Express<\/strong> erfreuen sich gro\u00dfer Beliebtheit:<\/div>\n<p><iframe onload=\"fa_iframeresize.do(this);\" src=\"https:\/\/tools.financeads.net\/kreditkarterechner.php?tp=dif&#038;h=1&#038;wf=22327&#038;kartengesellschaft=1\" scrolling=\"no\" width=\"100%\" style=\"padding:0px;margin:0px;border-width:0px;\" frameborder=\"0\"><\/iframe><script type=\"text\/javascript\" src=\"http:\/\/www.crcg.de\/kreditkartenvergleich\/\/js.financeads.net\/iframeResizeMe.min.js.gz\"><\/script><\/p>\n<div class=\"text-space\">\n<h2>American Express Card: Der Klassiker<\/h2>\n<p><img decoding=\"async\" style=\"float: left; margin-right: 10px; margin-bottom: 5px;\" src=\"http:\/\/www.financeads.net\/tb.php?t=11493V14013196B\" alt=\"American Express Green Card\" width=\"200\" height=\"127\" border=\"0\" \/>Die American Express Card ist der <strong>Klassiker unter den Kreditkarten<\/strong>. Sie wird bereits ab einem Bruttojahreseinkommen in H\u00f6he von mindestens 25.000 Euro ausgeh\u00e4ndigt, und kostet eine Jahresgeb\u00fchr in H\u00f6he von 55 Euro.<\/p>\n<p>Neben den M\u00f6glichkeiten, weltweit bargeldlos mit der American Express Card zahlen sowie Bargeld abheben zu k\u00f6nnen, erhalten Kunden mit dieser Kreditkarte auch <strong>handverlesene Angebote rund um die Themen Reisen, Shopping und Gastronomie<\/strong>. Eine kostenlose Zusatzkarte kann bei Bedarf ausgestellt werden.<\/p>\n<h3>American Express Gold Card: Von starken Leistungen profitieren<\/h3>\n<p><img decoding=\"async\" style=\"float: left; margin-right: 10px; margin-bottom: 5px;\" src=\"http:\/\/www.financeads.net\/tb.php?t=11493V14013158B\" alt=\"American Express Gold Card\" width=\"190\" height=\"120\" border=\"0\" \/>Die <strong>American Express Gold Card<\/strong> ist mehr als nur eine Kreditkarte: Sie verbindet die praktischen Eigenschaften einer klassischen Kreditkarte mit umfassenden Versicherungsleistungen. Wer diese Karte nutzt, erh\u00e4lt automatisch <strong>eine Reise-R\u00fccktrittskostenversicherung<\/strong>, eine Auslandskrankenversicherung einen Kfz-Schutzbrief und weitere praktische Versicherungen hinzu.<\/p>\n<p>Im ersten Jahr ist die American Express Gold Card kostenlos, und eine Zusatzkarte ist ebenfalls kostenfrei inklusive. Danach schl\u00e4gt die Kreditkarte mit 140 Euro Jahresgeb\u00fchr zu Buche. Ausgeh\u00e4ndigt wird die Karte <strong>ab einem Bruttojahreseinkommen von mindestens 40.000 Euro<\/strong>. Bei jedem Einkauf k\u00f6nnen wertvolle Punkte gesammelt werden, die sich schlie\u00dflich in attraktive Pr\u00e4mien und Rabatte umwandeln lassen.<\/p>\n<h4>American Express Business Card: Die Kreditkarte f\u00fcr Mittelstand und Freiberufler<\/h4>\n<p><img decoding=\"async\" style=\"float: left; margin-right: 10px; margin-bottom: 5px;\" src=\"http:\/\/www.financeads.net\/tb.php?t=11493V14013228B\" alt=\"American Express Business Green Card\" width=\"200\" height=\"131\" border=\"0\" \/>Die American Express <strong>Business Card<\/strong> ist die richtige Kreditkarte f\u00fcr den Mittelstand und f\u00fcr Freiberufler. Als Business-Kreditkarte k\u00f6nnen Zusatzkarten f\u00fcr Mitarbeiter beantragt werden, sodass stets eine <strong>gro\u00dfe Transparenz der gesamten Ausgaben<\/strong> gew\u00e4hrleistet bleibt. Mit Hilfe des Business Plus Partnerprogramms lassen sich Einsparungen von bis zu 50 % erreichen.<\/p>\n<p>Die Kreditkarte ist im ersten Jahr kostenlos, sp\u00e4ter werden 70 Euro Jahresgeb\u00fchr f\u00e4llig. Genehmigt wird die American Express Business Card Unternehmen, die bereits seit \u00fcber einem Jahr existieren und Bankverbindung sowie Firmensitz innerhalb Deutschlands haben. Ein Bruttojahreseinkommen von mindestens 23.000 Euro ist weiterhin Bedingung.<\/p>\n<h5>American Express Business Gold Card: Die Business-Kreditkarte f\u00fcr Anspruchsvolle<\/h5>\n<p><img decoding=\"async\" style=\"float: left; margin-right: 10px; margin-bottom: 5px;\" src=\"http:\/\/www.financeads.net\/tb.php?t=11493V14013216B\" alt=\"American Express Business Gold Card\" width=\"200\" height=\"131\" border=\"0\" \/>Anspruchsvolle Businesskunden sind mit der <strong>American Express Business Gold<\/strong> Card bestens bedient: Diese <a title=\"Kreditkarte\" href=\"http:\/\/www.crcg.de\/kreditkartenvergleich\/\">Kreditkarte<\/a> ist der ideale Begleiter auf Gesch\u00e4ftsreisen, und erf\u00fcllt auch hohe Anspr\u00fcche. Ein verl\u00e4ngertes Zahlungsziel von 20 Tagen sorgt f\u00fcr Liquidit\u00e4tsvorteile, f\u00fcr Einsparungen sorgt unterdessen das Business Plus Partnerprogramm.<\/p>\n<p>Der Business Plus Reiseservice hilft bei der Buchung von Reisen und offeriert eine individuelle Beratung. Integriert sind bei dieser Kreditkarte auch umfassende Versicherungsleistungen, etwa eine Auslandsreise-Krankenversicherung oder ein Kfz-Schutzbrief. Mit Hilfe des Bonusprogramms lassen sich bei jedem Einkauf mit der American Express Business Gold Card Punkt sammeln, die sp\u00e4ter in verschiedene Produkte und Leistungen eingel\u00f6st werden k\u00f6nnen.<\/p>\n<p>Die Kreditkarte ist im 1. Jahr kostenfrei, und steht danach f\u00fcr 140 Euro Jahresgeb\u00fchr zur Verf\u00fcgung. Zusatzkarten f\u00fcr Mitarbeiter sind m\u00f6glich. Als Voraussetzungen gelten ein deutscher Firmensitz, eine deutsche Bankverbindung sowie ein Bruttojahreseinkommen in H\u00f6he von mindestens 40.000 Euro. Die Firma muss bereits seit \u00fcber einem Jahr bestehen.<\/p>\n<h6>American Express Platinum Card<\/h6>\n<p><img decoding=\"async\" style=\"float: left; margin-right: 10px; margin-bottom: 5px;\" src=\"http:\/\/www.financeads.net\/tb.php?t=11493V14013839B\" alt=\"American Express Platinum Card\" width=\"200\" height=\"127\" border=\"0\" \/>Die American Express Platinum Card bietet so viele Vorteile, dass man sie kaum alle nutzen kann. Zum Beispiel gibt es ausgew\u00e4hlte Hotels auf Reisen zu g\u00fcnstigen Preisen. Auch Kreuzfahrten oder Mietw\u00e4gen an den Zielorten sind verg\u00fcnstigt mit der Platinum Kreditkarte von American Express. Die zahlreichen Versicherungen, egal ob f\u00fcr Reisen oder auch f\u00fcr einen m\u00f6glichen Kreditkartenverlust sind alle im Leistungsumfang integriert. Auch das Punkte-System wie bei den andere American Express Kreditkarten ist mit dabei und bei jedem EInsatz werden die Punkte auf das Punkte-Konto gutgeschrieben. Alle weiteren Informationen und den <strong>Antrag zur Platinum Card von American Axpress<\/strong> erhalten Sie \u00fcber unseren Vergleich.<\/p>\n<h6>Kreditkarten von American Express: nur mit einwandfreier Schufa<\/h6>\n<p>F\u00fcr alle American Express Kreditkarten ist eine einwandfreie Schufa unbedingte Voraussetzung. Die Kreditkarte sind ma\u00dfgeschneiderte L\u00f6sungen, die sowohl im Privat- als auch im Gesch\u00e4ftsbereich eine hilfreiche Unterst\u00fctzung in allen Lebenslagen darstellen.<\/p>\n<\/div>\n","protected":false},"excerpt":{"rendered":"<p>American Express ist ein Herausgeber von Kreditkarten, der weltweite eine gro\u00dfe Anerkennung genie\u00dft. Die Produkte des Unternehmens richten sich sowohl an Privat- als auch an Gesch\u00e4ftskunden, und...","protected":false},"author":2,"featured_media":0,"parent":0,"menu_order":0,"comment_status":"closed","ping_status":"open","template":"page-full.php","meta":{"_acf_changed":false,"_monsterinsights_skip_tracking":false,"_monsterinsights_sitenote_active":false,"_monsterinsights_sitenote_note":"","_monsterinsights_sitenote_category":0,"footnotes":""},"class_list":["post-849","page","type-page","status-publish","hentry"],"acf":[],"yoast_head":"<!-- This site is optimized with the Yoast SEO plugin v26.8 - https:\/\/yoast.com\/product\/yoast-seo-wordpress\/ -->\n<title>American Express Kreditkarten - Jetzt beantragen<\/title>\n<meta name=\"description\" content=\"Die American Express Kreditkarten sind sehr gefragt. Es gibt Sie f\u00fcr gesch\u00e4ftliche Zwecke (American Express Gold Card) oder f\u00fcr privat (Klassik-Kreditkarte)\" \/>\n<meta name=\"robots\" content=\"index, follow, max-snippet:-1, max-image-preview:large, max-video-preview:-1\" \/>\n<link rel=\"canonical\" href=\"https:\/\/www.kreditkartenvergleich.org\/american-express-kreditkarte\/\" \/>\n<meta name=\"twitter:label1\" content=\"Gesch\u00e4tzte Lesezeit\" \/>\n\t<meta name=\"twitter:data1\" content=\"3\u00a0Minuten\" \/>\n<script type=\"application\/ld+json\" class=\"yoast-schema-graph\">{\"@context\":\"https:\/\/schema.org\",\"@graph\":[{\"@type\":\"WebPage\",\"@id\":\"http:\/\/www.crcg.de\/kreditkartenvergleich\/american-express-kreditkarte\/\",\"url\":\"http:\/\/www.crcg.de\/kreditkartenvergleich\/american-express-kreditkarte\/\",\"name\":\"American Express Kreditkarten - Jetzt beantragen\",\"isPartOf\":{\"@id\":\"http:\/\/www.crcg.de\/kreditkartenvergleich\/#website\"},\"primaryImageOfPage\":{\"@id\":\"http:\/\/www.crcg.de\/kreditkartenvergleich\/american-express-kreditkarte\/#primaryimage\"},\"image\":{\"@id\":\"http:\/\/www.crcg.de\/kreditkartenvergleich\/american-express-kreditkarte\/#primaryimage\"},\"thumbnailUrl\":\"http:\/\/www.financeads.net\/tb.php?t=11493V14013196B\",\"datePublished\":\"2010-10-25T09:19:24+00:00\",\"dateModified\":\"2017-09-12T13:21:59+00:00\",\"description\":\"Die American Express Kreditkarten sind sehr gefragt. Es gibt Sie f\u00fcr gesch\u00e4ftliche Zwecke (American Express Gold Card) oder f\u00fcr privat (Klassik-Kreditkarte)\",\"breadcrumb\":{\"@id\":\"http:\/\/www.crcg.de\/kreditkartenvergleich\/american-express-kreditkarte\/#breadcrumb\"},\"inLanguage\":\"de\",\"potentialAction\":[{\"@type\":\"ReadAction\",\"target\":[\"http:\/\/www.crcg.de\/kreditkartenvergleich\/american-express-kreditkarte\/\"]}]},{\"@type\":\"ImageObject\",\"inLanguage\":\"de\",\"@id\":\"http:\/\/www.crcg.de\/kreditkartenvergleich\/american-express-kreditkarte\/#primaryimage\",\"url\":\"http:\/\/www.financeads.net\/tb.php?t=11493V14013196B\",\"contentUrl\":\"http:\/\/www.financeads.net\/tb.php?t=11493V14013196B\"},{\"@type\":\"BreadcrumbList\",\"@id\":\"http:\/\/www.crcg.de\/kreditkartenvergleich\/american-express-kreditkarte\/#breadcrumb\",\"itemListElement\":[{\"@type\":\"ListItem\",\"position\":1,\"name\":\"Startseite\",\"item\":\"http:\/\/www.crcg.de\/kreditkartenvergleich\/\"},{\"@type\":\"ListItem\",\"position\":2,\"name\":\"American Express Kreditkarten\"}]},{\"@type\":\"WebSite\",\"@id\":\"http:\/\/www.crcg.de\/kreditkartenvergleich\/#website\",\"url\":\"http:\/\/www.crcg.de\/kreditkartenvergleich\/\",\"name\":\"Kreditkartenvergleich.org\",\"description\":\"Das unabh\u00e4ngige Kreditkarten Vergleich Portal\",\"potentialAction\":[{\"@type\":\"SearchAction\",\"target\":{\"@type\":\"EntryPoint\",\"urlTemplate\":\"http:\/\/www.crcg.de\/kreditkartenvergleich\/?s={search_term_string}\"},\"query-input\":{\"@type\":\"PropertyValueSpecification\",\"valueRequired\":true,\"valueName\":\"search_term_string\"}}],\"inLanguage\":\"de\"}]}<\/script>\n<!-- \/ Yoast SEO plugin. -->","yoast_head_json":{"title":"American Express Kreditkarten - Jetzt beantragen","description":"Die American Express Kreditkarten sind sehr gefragt. Es gibt Sie f\u00fcr gesch\u00e4ftliche Zwecke (American Express Gold Card) oder f\u00fcr privat (Klassik-Kreditkarte)","robots":{"index":"index","follow":"follow","max-snippet":"max-snippet:-1","max-image-preview":"max-image-preview:large","max-video-preview":"max-video-preview:-1"},"canonical":"https:\/\/www.kreditkartenvergleich.org\/american-express-kreditkarte\/","twitter_misc":{"Gesch\u00e4tzte Lesezeit":"3\u00a0Minuten"},"schema":{"@context":"https:\/\/schema.org","@graph":[{"@type":"WebPage","@id":"http:\/\/www.crcg.de\/kreditkartenvergleich\/american-express-kreditkarte\/","url":"http:\/\/www.crcg.de\/kreditkartenvergleich\/american-express-kreditkarte\/","name":"American Express Kreditkarten - Jetzt beantragen","isPartOf":{"@id":"http:\/\/www.crcg.de\/kreditkartenvergleich\/#website"},"primaryImageOfPage":{"@id":"http:\/\/www.crcg.de\/kreditkartenvergleich\/american-express-kreditkarte\/#primaryimage"},"image":{"@id":"http:\/\/www.crcg.de\/kreditkartenvergleich\/american-express-kreditkarte\/#primaryimage"},"thumbnailUrl":"http:\/\/www.financeads.net\/tb.php?t=11493V14013196B","datePublished":"2010-10-25T09:19:24+00:00","dateModified":"2017-09-12T13:21:59+00:00","description":"Die American Express Kreditkarten sind sehr gefragt. Es gibt Sie f\u00fcr gesch\u00e4ftliche Zwecke (American Express Gold Card) oder f\u00fcr privat (Klassik-Kreditkarte)","breadcrumb":{"@id":"http:\/\/www.crcg.de\/kreditkartenvergleich\/american-express-kreditkarte\/#breadcrumb"},"inLanguage":"de","potentialAction":[{"@type":"ReadAction","target":["http:\/\/www.crcg.de\/kreditkartenvergleich\/american-express-kreditkarte\/"]}]},{"@type":"ImageObject","inLanguage":"de","@id":"http:\/\/www.crcg.de\/kreditkartenvergleich\/american-express-kreditkarte\/#primaryimage","url":"http:\/\/www.financeads.net\/tb.php?t=11493V14013196B","contentUrl":"http:\/\/www.financeads.net\/tb.php?t=11493V14013196B"},{"@type":"BreadcrumbList","@id":"http:\/\/www.crcg.de\/kreditkartenvergleich\/american-express-kreditkarte\/#breadcrumb","itemListElement":[{"@type":"ListItem","position":1,"name":"Startseite","item":"http:\/\/www.crcg.de\/kreditkartenvergleich\/"},{"@type":"ListItem","position":2,"name":"American Express Kreditkarten"}]},{"@type":"WebSite","@id":"http:\/\/www.crcg.de\/kreditkartenvergleich\/#website","url":"http:\/\/www.crcg.de\/kreditkartenvergleich\/","name":"Kreditkartenvergleich.org","description":"Das unabh\u00e4ngige Kreditkarten Vergleich Portal","potentialAction":[{"@type":"SearchAction","target":{"@type":"EntryPoint","urlTemplate":"http:\/\/www.crcg.de\/kreditkartenvergleich\/?s={search_term_string}"},"query-input":{"@type":"PropertyValueSpecification","valueRequired":true,"valueName":"search_term_string"}}],"inLanguage":"de"}]}},"_links":{"self":[{"href":"http:\/\/www.crcg.de\/kreditkartenvergleich\/wp-json\/wp\/v2\/pages\/849","targetHints":{"allow":["GET"]}}],"collection":[{"href":"http:\/\/www.crcg.de\/kreditkartenvergleich\/wp-json\/wp\/v2\/pages"}],"about":[{"href":"http:\/\/www.crcg.de\/kreditkartenvergleich\/wp-json\/wp\/v2\/types\/page"}],"author":[{"embeddable":true,"href":"http:\/\/www.crcg.de\/kreditkartenvergleich\/wp-json\/wp\/v2\/users\/2"}],"replies":[{"embeddable":true,"href":"http:\/\/www.crcg.de\/kreditkartenvergleich\/wp-json\/wp\/v2\/comments?post=849"}],"version-history":[{"count":3,"href":"http:\/\/www.crcg.de\/kreditkartenvergleich\/wp-json\/wp\/v2\/pages\/849\/revisions"}],"predecessor-version":[{"id":5448,"href":"http:\/\/www.crcg.de\/kreditkartenvergleich\/wp-json\/wp\/v2\/pages\/849\/revisions\/5448"}],"wp:attachment":[{"href":"http:\/\/www.crcg.de\/kreditkartenvergleich\/wp-json\/wp\/v2\/media?parent=849"}],"curies":[{"name":"wp","href":"https:\/\/api.w.org\/{rel}","templated":true}]}}