


{"id":4492,"date":"2016-06-13T07:33:19","date_gmt":"2016-06-13T06:33:19","guid":{"rendered":"http:\/\/www.kreditkartenvergleich.org\/?page_id=4492"},"modified":"2017-03-24T20:47:47","modified_gmt":"2017-03-24T19:47:47","slug":"wuestenrot-visa-gold-test-erfahrungen-today-formatf-today-formaty","status":"publish","type":"page","link":"http:\/\/www.crcg.de\/kreditkartenvergleich\/wuestenrot-visa-gold\/","title":{"rendered":"W\u00fcstenrot Visa Gold &#8211; Test &#038; Erfahrungen [today format=F] [today format=Y]"},"content":{"rendered":"<div class=\"visit-provider\" style=\"text-align: center;\">\n<p><img decoding=\"async\" src=\"..\/wp-content\/uploads\/Wuestenrot_Visa_Gold.jpg\" alt=\"Bank Logo\" \/><\/p>\n<div style=\"text-align: center;\">\n<form action=\"http:\/\/www.crcg.de\/kreditkartenvergleich\/wp-admin\/goto.php\" method=\"post\" target=\"_blank\"><input name=\"ref_url\" type=\"hidden\" value=\"http:\/\/www.crcg.de\/kreditkartenvergleich\/goto-wuestenrot-gold\" \/><input name=\"submit\" type=\"submit\" class=\"cpn_btn\" value=\"Zur Bank\" \/><\/form>\n<\/div>\n<div id=\"table_details\">\n<table class=\"table_details_bewertung\" border=\"0\" width=\"100%\">\n<tbody>\n<tr>\n<td align=\"center\" nowrap=\"nowrap\"><span class=\"table_details_bewertung_head\">Bewertung<\/span><span class=\"table_details_bewertung_punkte\">88\/100<\/span><span class=\"table_details_bewertung_note\"><b>GUT<\/b><\/span><\/td>\n<\/tr>\n<\/tbody>\n<\/table>\n<div id=\"table_details_abstand\"><\/div>\n<table class=\"table_details_block\" border=\"0\" width=\"100%\" cellspacing=\"1\" cellpadding=\"3\">\n<tbody>\n<tr>\n<td class=\"table_details_block_head\" colspan=\"2\" align=\"center\"><b>Allgemein<\/b><\/td>\n<\/tr>\n<tr>\n<td class=\"table_details_block_zelle_left\">eff. Jahreszins:<\/td>\n<td class=\"table_details_block_zelle_right\"><b>21 <\/b>\/ 25<\/td>\n<\/tr>\n<tr>\n<td class=\"table_details_block_zelle_left\">Geb\u00fchren:<\/td>\n<td class=\"table_details_block_zelle_right\"><b>16 <\/b>\/ 20<\/td>\n<\/tr>\n<tr>\n<td class=\"table_details_block_zelle_left\">Bonus:<\/td>\n<td class=\"table_details_block_zelle_right\"><b>13 <\/b>\/ 15<\/td>\n<\/tr>\n<tr>\n<td class=\"table_details_block_zelle_left\"><b>Total:<\/b><\/td>\n<td class=\"table_details_block_zelle_right\"><b>50 <\/b>\/ 60<\/td>\n<\/tr>\n<\/tbody>\n<\/table>\n<div id=\"table_details_abstand\"><\/div>\n<table class=\"table_details_block\" border=\"0\" width=\"100%\" cellspacing=\"1\" cellpadding=\"3\">\n<tbody>\n<tr>\n<td class=\"table_details_block_head\" colspan=\"2\" align=\"center\"><b>Leistungen<\/b><\/td>\n<\/tr>\n<tr>\n<td class=\"table_details_block_zelle_left\">Angebote:<\/td>\n<td class=\"table_details_block_zelle_right\"><b>9<\/b> \/ 10<\/td>\n<\/tr>\n<tr>\n<td class=\"table_details_block_zelle_left\">Besonderheiten:<\/td>\n<td class=\"table_details_block_zelle_right\"><b>4<\/b> \/ 5<\/td>\n<\/tr>\n<tr>\n<td class=\"table_details_block_zelle_left\">Versicherung:<\/td>\n<td class=\"table_details_block_zelle_right\"><b>5<\/b> \/ 5<\/td>\n<\/tr>\n<tr>\n<td class=\"table_details_block_zelle_left\"><b>Total:<\/b><\/td>\n<td class=\"table_details_block_zelle_right\"><b>18<\/b> \/ 20<\/td>\n<\/tr>\n<\/tbody>\n<\/table>\n<div id=\"table_details_abstand\"><\/div>\n<table class=\"table_details_block\" border=\"0\" width=\"100%\" cellspacing=\"1\" cellpadding=\"3\">\n<tbody>\n<tr>\n<td class=\"table_details_block_head\" colspan=\"2\" align=\"center\"><b>Kundenservice<\/b><\/td>\n<\/tr>\n<tr>\n<td class=\"table_details_block_zelle_left\">Beratung:<\/td>\n<td class=\"table_details_block_zelle_right\"><b>10<\/b> \/ 10<\/td>\n<\/tr>\n<tr>\n<td class=\"table_details_block_zelle_left\">Hotline:<\/td>\n<td class=\"table_details_block_zelle_right\"><b>5<\/b> \/ 5<\/td>\n<\/tr>\n<tr>\n<td class=\"table_details_block_zelle_left\">Sicherheit:<\/td>\n<td class=\"table_details_block_zelle_right\"><b>5<\/b> \/ 5<\/td>\n<\/tr>\n<tr>\n<td class=\"table_details_block_zelle_left\"><b>Total:<\/b><\/td>\n<td class=\"table_details_block_zelle_right\"><b>20<\/b> \/ 20<\/td>\n<\/tr>\n<\/tbody>\n<\/table>\n<\/div>\n<\/div>\n\n<p>W\u00fcstenrot bietet Kunden eine Vielzahl unterschiedlicher Kreditkarten an, die sich in Service, Limit und Umgang unterscheiden. Eine dieser Karten ist die W\u00fcstenrot Visa Gold Karte. Mit einem <strong>speziellen Versicherungspaket<\/strong> ausgestattet verspricht sie h\u00f6chste Sicherheit bei nationaler Flexibilit\u00e4t.<\/p>\n<p>Die Visa Gold bietet Kunden einige <a href=\"http:\/\/www.crcg.de\/kreditkartenvergleich\/wuestenrot-visa-gold\/#Vorteile\">Vorteile<\/a>. Der wohl wichtigste ist, dass unbegrenzt auf der ganzen Welt Geld abgehoben werden kann. Einschr\u00e4nkungen existieren nicht. Die ersten vier Abhebungen im Ausland werden kostenlos angeboten, bei allen folgenden f\u00e4llt eine geringe Bearbeitungsgeb\u00fchr an. Zus\u00e4tzlich verspricht die Karte s<strong>ehr hohe Sicherheitsma\u00dfnahmen<\/strong>. Im Falle eines Missbrauchs oder Diebstahl der Karte l\u00e4sst sich Kreditkarte <span style=\"text-decoration: underline;\">schnell sperren und schlimmere Auswirkungen verhindern<\/span>.<\/p>\n<p>Kunden bekommen ein <strong>Tageslimit von 1.500 Euro<\/strong>, das sie abheben k\u00f6nnen. Abh\u00e4ngig vom Rahmen kann das Limit f\u00fcr den gesamten Monat jedoch auf 5.000 Euro beschr\u00e4nkt werden. Diese Rahmenbedingungen werden vor Abschluss des Vertrages festgelegt.<\/p>\n<p>Eine weitere Besonderheit ist, dass sie Teil eines Bonusprogrammes ist. So wird beispielsweise auf alle get\u00e4tigten Kartenums\u00e4tze ein Bonus in unterschiedlicher H\u00f6he gew\u00e4hrt. Bei einem Umsatz von 10.000 Euro erh\u00e4lt der Kunde <strong>bis zu 100 Euro gutgeschrieben<\/strong>.<br \/>\nIm ersten Jahr ist die Kreditkarte beitragsfrei. Das Angebot kann nach Belieben ausprobiert werden. Beim Erwerb der Visa Gold Karte schlie\u00dft der Kunde automatisch eine <span style=\"text-decoration: underline;\">Internet-Rechtschutz-Versicherung<\/span> der ROLAND Rechtsschutz-Versicherung AG ab. Die Versicherungssumme liegt bei <strong>50.000 Euro<\/strong> und ist ein erneuter Beweis, wie wichtig W\u00fcstenrot die Sicherheit seiner Kunden ist. Die Versicherung erm\u00f6glicht, dass Kunden auch <span style=\"text-decoration: underline;\">beim Online-Shopping rechtlich abgesichert<\/span> sind.<\/p>\n<p>Wird diese Kreditkarte beantragt und gewilligt, erh\u00e4lt der Kunde ein <strong>kostenloses Girokont<\/strong>o, das in erster Linie zur Verrechnung der Ums\u00e4tze der Kreditkarte genutzt wird. Kunden haben die M\u00f6glichkeit, jederzeit die aktuellen Kontoums\u00e4tze abzurufen. Besonders einfach gelingt dies \u00fcber die <span style=\"text-decoration: underline;\">Mobile Banking App von W\u00fcstenrot<\/span>. Sie l\u00e4sst sich einfach auf dem Smartphone installiert und erm\u00f6glicht jederzeit Zugriff auf das Girokonto.<br \/>\nDie Kreditkarte l\u00e4sst sich wie jedes herk\u00f6mmliche Zahlungsmittel verwenden. Wird sie im europ\u00e4ischen Raum genutzt, fallen keine weiteren Kosten an. Werden Produkte mit Fremdw\u00e4hrungen erworben, erhebt W\u00fcstenrot eine Geb\u00fchr von 1,5% vom aktuellen EUR-Gegenwert.<br \/>\nUm eine <a href=\"http:\/\/www.crcg.de\/kreditkartenvergleich\/kreditkarte-beantragen\/\" target=\"_blank\">Kreditkarte beantragen<\/a> zu k\u00f6nnen, m\u00fcssen Kunden bestimmte Bedingungen erf\u00fcllen. So ist es beispielsweise wichtig, dass ein Girokonto bei der Bank besteht, der Antragsteller einen <span style=\"text-decoration: underline;\">festen Wohnsitz in Deutschland<\/span> hat und \u00fcber eine <span style=\"text-decoration: underline;\">ausreichende Bonit\u00e4t<\/span> verf\u00fcgt. Diese Bonit\u00e4t wird in der Regel mit Hilfe der SCHUFA gepr\u00fcft.<\/p>\n<h3 class=\"heading-text\">Besonderheiten<\/h3>\n<p>Die Visa Gold Karte gew\u00e4hrt ein <strong>Online-Cashback in H\u00f6he von bis zu 15%<\/strong>. Hierbei handelt es sich um ein spezielles Bonusprogramm, das endlich wie Webmiles oder HapppyPoints funktioniert. Anstatt jedoch Punkte zu sammeln, die meist an ein einzelnes Gesch\u00e4ft gebunden sind, hat der Kunde die M\u00f6glichkeit, sich seine <span style=\"text-decoration: underline;\">Rabatte auszahlen zu lassen.<\/span><br \/>\nNeben der Kreditkarte selbst erh\u00e4lt der Kunde zus\u00e4tzliche die kostenlose Karte &#8222;Visa Classic&#8220;. Zus\u00e4tzlich l\u00e4sst sich das kostenlose Top Giro auch als Verrechnungskonto nutzen. Um die W\u00fcstenrot Visa Gold Karte nutzen zu k\u00f6nnen, ist <strong>kein monatlicher Mindestgeldeingang n\u00f6tig<\/strong>. Auch bei einem kleineren Einkommen oder als Kreditkarte nebenbei l\u00e4sst sie sich problemlos nutzen.<br \/>\nWer seine Karte \u00fcber das Internet beantragen m\u00f6chte, ben\u00f6tigt hierf\u00fcr lediglich seinen Personalausweis. Besonders schnell geht es \u00fcber Video-Ident, Post-Ident ist nicht erforderlich.<br \/>\nEine weitere Besonderheit, die erneut die <span style=\"text-decoration: underline;\">hohen Sicherheitsma\u00dfnahmen<\/span> unterstreicht, ist, dass der Kunde sich regelm\u00e4\u00dfig per SMS \u00fcber den aktuellen Kontostand informieren lassen kann. Dieser Service ist kostenlos und hilft, den \u00dcberblick \u00fcber Buchungen nicht zu verlieren.<\/p>\n<h3 class=\"heading-text\">Vorteile<\/h3>\n<ul style=\"text-align: justify;\">\n<li>beitragsfrei im ersten Jahr<\/li>\n<li>umsatzabh\u00e4ngiger Bonus bis zu 100 Euro pro Jahr<\/li>\n<li>monatlicher Verf\u00fcgungsrahmen von bis zu 5.000 Euro (bonit\u00e4tsabh\u00e4ngig)<\/li>\n<li>attraktives Versicherungspaket<\/li>\n<li>weltweit kostenfreie Bargeldabhebungen (unbegrenzt)<\/li>\n<li>bis zu 15 % Online-Cashback<\/li>\n<li>kostenlose Zusatzkarte &#8222;Visa Classic&#8220;<\/li>\n<li>kostenloses Top Giro als Verrechnungskonto<\/li>\n<li>kostenlose Girocard (Maestro)<\/li>\n<li>kein monatlicher Mindestgeldeingang erforderlich<\/li>\n<li>kein Post-Ident erforderlich: Kontoer\u00f6ffnung mit Personalausweis \u00fcber das Internet per Video-Ident m\u00f6glich<\/li>\n<li>kostenlose App f\u00fcr iOS und Android (z.B. Umsatz- und Kontostandanzeige f\u00fcr Girokonto und Kreditkarte, \u00dcberweisungen ausf\u00fchren, Anbindung weiterer Bankverbindungen m\u00f6glich)<\/li>\n<\/ul>\n<h3 class=\"heading-text\">Informationen<\/h3>\n<ul>\n<li>nur in Verbindung mit dem kostenlosen Girokonto &#8222;Top Giro&#8220;<\/li>\n<li>das Tageslimit i.H.v. 1.500 Euro gilt in Summe f\u00fcr Bargeldbezug und bargeldlosem Kartenumsatz<\/li>\n<li>der angegebene Sollzins bezieht sich auf den Dispokredit zum Girokonto<\/li>\n<li>Internet- Rechtsschutz-Versicherung: z. B. f\u00fcr Anwaltskosten bei Rechtsstreitigkeiten von Online-Eink\u00e4ufen bis 50.000 Euro<\/li>\n<li>Sicherheit: kostenlose Kontostandsmitteilung per SMS, Verified by Visa<\/li>\n<\/ul>\n<h3 class=\"heading-text\">Fazit<\/h3>\n<p>Die W\u00fcstenrot Visa Gold Karte bietet <span style=\"text-decoration: underline;\">zahlreiche Vorteile<\/span>, die sich Kunden nicht entgehen lassen sollten. Der j\u00e4hrliche Beitrag ist ausgesprochen g\u00fcnstig, das erste <strong>kostenlose Beitragsjahr<\/strong> l\u00e4sst sich durchaus als Probephase nutzen. Gef\u00e4llt der Service nicht, l\u00e4sst sich die Karte vor Ablauf des Jahres k\u00fcndigen. Allerdings ist die Karte, wie nahezu jede Kreditkarte, an ein Girokonto gekn\u00fcpft, das der Verrechnung dient. Alles in allem ist jedoch zu sagen, dass es sich hier um ein <strong>sehr gutes Angebot mit \u00fcberzeugenden Konditionen<\/strong> handelt.<br \/>\n<div class=\"table-container-top-button\" style=\"text-align: center;\">\n<form action=\"\/wp-admin\/goto.php\" method=\"post\" target=\"_blank\"><input name=\"ref_url\" type=\"hidden\" value=\"\/goto-wuestenrot-gold\" \/><input class=\"cpn_btn\" name=\"submit\" type=\"submit\" value=\"Kreditkarte beantragen \u00bb\" \/><\/form>\n<\/div>\n<\/p>\n<h3 class=\"heading-text\">Konditions\u00fcbersicht<\/h3>\n<p>Hier finden Sie die Konditionen der W\u00fcstenrot Visa Gold.<\/p>\n<h4>Kosten<\/h4>\n<table class=\"table_all\" border=\"0\" width=\"100%\" cellspacing=\"2\" cellpadding=\"5\">\n<tbody>\n<tr valign=\"top\">\n<td class=\"table_all_headline\" colspan=\"2\">Kosten bei Bezahlung<\/td>\n<\/tr>\n<tr valign=\"top\">\n<td class=\"table_all_left\" width=\"35%\">Inland<\/td>\n<td class=\"table_all_right\" width=\"65%\">0,00 Euro<\/td>\n<\/tr>\n<tr valign=\"top\">\n<td class=\"table_all_left\" width=\"35%\">Euro-Zone<\/td>\n<td class=\"table_all_right\" width=\"65%\">0,00 Euro<\/td>\n<\/tr>\n<tr valign=\"top\">\n<td class=\"table_all_left\" width=\"30%\">Fremdw\u00e4hrung innerhalb Europa<\/td>\n<td class=\"table_all_right\" width=\"70%\">1,50% des Kartenumsatzes<\/td>\n<\/tr>\n<tr valign=\"top\">\n<td class=\"table_all_left\" width=\"30%\">Fremdw\u00e4hrung au\u00dferhalb Europa\/Weltweit<\/td>\n<td class=\"table_all_right\" width=\"70%\">1,50% des Kartenumsatzes<\/td>\n<\/tr>\n<\/tbody>\n<\/table>\n<table class=\"table_all\" border=\"0\" width=\"100%\" cellspacing=\"2\" cellpadding=\"5\">\n<tbody>\n<tr valign=\"top\">\n<td class=\"table_all_headline\" colspan=\"2\">Kosten bei Bargeldabhebung<\/td>\n<\/tr>\n<tr valign=\"top\">\n<td class=\"table_all_left\" width=\"35%\">Inland<\/td>\n<td class=\"table_all_right\" width=\"65%\">0,00 Euro<\/td>\n<\/tr>\n<tr valign=\"top\">\n<td class=\"table_all_left\" width=\"35%\">Euro-Zone<\/td>\n<td class=\"table_all_right\" width=\"65%\">0,00 Euro<\/td>\n<\/tr>\n<tr valign=\"top\">\n<td class=\"table_all_left\" width=\"30%\">Fremdw\u00e4hrung innerhalb Europa<\/td>\n<td class=\"table_all_right\" width=\"70%\">0,00 Euro<\/td>\n<\/tr>\n<tr valign=\"top\">\n<td class=\"table_all_left\" width=\"30%\">Fremdw\u00e4hrung au\u00dferhalb Europa\/Weltweit<\/td>\n<td class=\"table_all_right\" width=\"70%\">0,00 Euro<\/td>\n<\/tr>\n<\/tbody>\n<\/table>\n<h4>Zinsen und Geb\u00fchren<\/h4>\n<table class=\"table_all\" border=\"0\" width=\"100%\" cellspacing=\"2\" cellpadding=\"5\">\n<tbody>\n<tr valign=\"top\">\n<td class=\"table_all_headline\" width=\"25%\">Zinsen<strong><br \/>\n<\/strong><\/td>\n<td class=\"table_all_headline\" width=\"40%\">Zinssatz<strong><br \/>\n<\/strong><\/td>\n<\/tr>\n<tr valign=\"top\">\n<td class=\"table_all_left\" width=\"25%\">Soll (effektiver Jahreszins)<\/td>\n<td class=\"table_all_right\" width=\"40%\">11,09%<\/td>\n<\/tr>\n<\/tbody>\n<\/table>\n<table class=\"table_all\" border=\"0\" width=\"100%\" cellspacing=\"2\" cellpadding=\"5\">\n<tbody>\n<tr valign=\"top\">\n<td class=\"table_all_headline\" width=\"15%\">Ausstellungsgeb\u00fchren<strong><br \/>\n<\/strong><\/td>\n<td class=\"table_all_headline\" width=\"40%\">Euro<strong><br \/>\n<\/strong><\/td>\n<\/tr>\n<tr valign=\"top\">\n<td class=\"table_all_left\" width=\"15%\">Ersatzkarte<\/td>\n<td class=\"table_all_right\" width=\"40%\">15,00 Euro<\/td>\n<\/tr>\n<tr valign=\"top\">\n<td class=\"table_all_left\" width=\"15%\">Notfallersatzkarte<\/td>\n<td class=\"table_all_right\" width=\"40%\">250,00 Euro<\/td>\n<\/tr>\n<\/tbody>\n<\/table>\n<table class=\"table_all\" border=\"0\" width=\"100%\" cellspacing=\"2\" cellpadding=\"5\">\n<tbody>\n<tr valign=\"top\">\n<td class=\"table_all_headline\" width=\"25%\">Haftung und Limits<strong><br \/>\n<\/strong><\/td>\n<td class=\"table_all_headline\" width=\"40%\">Euro<strong><br \/>\n<\/strong><\/td>\n<\/tr>\n<tr valign=\"top\">\n<td class=\"table_all_left\" width=\"25%\">Max. Haftung<\/td>\n<td class=\"table_all_right\" width=\"40%\">150,00 Euro<\/td>\n<\/tr>\n<tr valign=\"top\">\n<td class=\"table_all_left\" width=\"25%\">Tageslimit<\/td>\n<td class=\"table_all_right\" width=\"40%\">1500,00 Euro<\/td>\n<\/tr>\n<tr valign=\"top\">\n<td class=\"table_all_left\" width=\"25%\">Monatslimit<\/td>\n<td class=\"table_all_right\" width=\"40%\">5000,00 Euro<\/td>\n<\/tr>\n<\/tbody>\n<\/table>\n<h4>Hauptkarte<\/h4>\n<table class=\"table_all\" border=\"0\" width=\"100%\" cellspacing=\"2\" cellpadding=\"5\">\n<tbody>\n<tr valign=\"top\">\n<td class=\"table_all_headline\" width=\"25%\">Im ersten Jahr<strong><br \/>\n<\/strong><\/td>\n<td class=\"table_all_headline\" width=\"40%\">Jahresgeb\u00fchr<strong><br \/>\n<\/strong><\/td>\n<\/tr>\n<tr valign=\"top\">\n<td class=\"table_all_left\" width=\"25%\">unabh\u00e4ngig vom Umsatz<\/td>\n<td class=\"table_all_right\" width=\"40%\">0,00 Euro<\/td>\n<\/tr>\n<\/tbody>\n<\/table>\n<table class=\"table_all\" border=\"0\" width=\"100%\" cellspacing=\"2\" cellpadding=\"5\">\n<tbody>\n<tr valign=\"top\">\n<td class=\"table_all_headline\" width=\"25%\">Ab dem 2. Jahr<strong><br \/>\n<\/strong><\/td>\n<td class=\"table_all_headline\" width=\"40%\">Jahresgeb\u00fchr<strong><br \/>\n<\/strong><\/td>\n<\/tr>\n<tr valign=\"top\">\n<td class=\"table_all_left\" width=\"25%\">ab 4000 Euro Umsatz pro Jahr<\/td>\n<td class=\"table_all_right\" width=\"40%\">0,00 Euro<\/td>\n<\/tr>\n<tr valign=\"top\">\n<td class=\"table_all_left\" width=\"25%\">ab 2000 Euro Umsatz pro Jahr<\/td>\n<td class=\"table_all_right\" width=\"40%\">20,00 Euro<\/td>\n<\/tr>\n<tr valign=\"top\">\n<td class=\"table_all_left\" width=\"25%\">unter 2000 Euro Umsatz pro Jahr<\/td>\n<td class=\"table_all_right\" width=\"40%\">39,00 Euro<\/td>\n<\/tr>\n<\/tbody>\n<\/table>\n<h4>Private Partnerkarte<\/h4>\n<table class=\"table_all\" border=\"0\" width=\"100%\" cellspacing=\"2\" cellpadding=\"5\">\n<tbody>\n<tr valign=\"top\">\n<td class=\"table_all_headline\" width=\"25%\">Umsatz pro Jahr<\/td>\n<td class=\"table_all_headline\" width=\"40%\">Jahresgeb\u00fchr<\/td>\n<\/tr>\n<tr valign=\"top\">\n<td class=\"table_all_left\" width=\"25%\">unabh\u00e4ngig vom Umsatz<\/td>\n<td class=\"table_all_right\" width=\"40%\">29,00 Euro<\/td>\n<\/tr>\n<\/tbody>\n<\/table>\n<div class=\"table-container-top-button\" style=\"text-align: center;\">\n<form action=\"\/wp-admin\/goto.php\" method=\"post\" target=\"_blank\"><input name=\"ref_url\" type=\"hidden\" value=\"\/goto-wuestenrot-gold\" \/><input class=\"cpn_btn\" name=\"submit\" type=\"submit\" value=\"Kreditkarte beantragen \u00bb\" \/><\/form>\n<\/div>\n\n<h3 class=\"heading-text\">User Erfahrungen<\/h3>\n<p>[reviewr]<\/p>\n","protected":false},"excerpt":{"rendered":"<p>W\u00fcstenrot bietet Kunden eine Vielzahl unterschiedlicher Kreditkarten an, die sich in Service, Limit und Umgang unterscheiden. Eine dieser Karten ist die W\u00fcstenrot Visa Gold Karte. Mit einem spezi...","protected":false},"author":10,"featured_media":0,"parent":0,"menu_order":0,"comment_status":"closed","ping_status":"closed","template":"","meta":{"_acf_changed":false,"_monsterinsights_skip_tracking":false,"_monsterinsights_sitenote_active":false,"_monsterinsights_sitenote_note":"","_monsterinsights_sitenote_category":0,"footnotes":""},"class_list":["post-4492","page","type-page","status-publish","hentry"],"acf":[],"yoast_head":"<!-- This site is optimized with the Yoast SEO plugin v26.8 - https:\/\/yoast.com\/product\/yoast-seo-wordpress\/ -->\n<title>W\u00fcstenrot Visa Gold Test 2026 - Aktuelle Erfahrungen<\/title>\n<meta name=\"description\" content=\"W\u00fcstenrot Visa Gold im Test: im 1. Jahr beitragsfrei \u2713 weltweit sicher bezahlen &amp; kostenlos Bargeld abheben \u2713 Internet-Rechtsschutz-Versicherung \u2713\" \/>\n<meta name=\"robots\" content=\"index, follow, max-snippet:-1, max-image-preview:large, max-video-preview:-1\" \/>\n<link rel=\"canonical\" href=\"https:\/\/www.kreditkartenvergleich.org\/wuestenrot-visa-gold\/\" \/>\n<meta name=\"twitter:label1\" content=\"Gesch\u00e4tzte Lesezeit\" \/>\n\t<meta name=\"twitter:data1\" content=\"5\u00a0Minuten\" \/>\n<script type=\"application\/ld+json\" class=\"yoast-schema-graph\">{\"@context\":\"https:\/\/schema.org\",\"@graph\":[{\"@type\":\"WebPage\",\"@id\":\"http:\/\/www.crcg.de\/kreditkartenvergleich\/wuestenrot-visa-gold\/\",\"url\":\"http:\/\/www.crcg.de\/kreditkartenvergleich\/wuestenrot-visa-gold\/\",\"name\":\"W\u00fcstenrot Visa Gold Test 2026 - Aktuelle Erfahrungen\",\"isPartOf\":{\"@id\":\"http:\/\/www.crcg.de\/kreditkartenvergleich\/#website\"},\"datePublished\":\"2016-06-13T06:33:19+00:00\",\"dateModified\":\"2017-03-24T19:47:47+00:00\",\"description\":\"W\u00fcstenrot Visa Gold im Test: im 1. Jahr beitragsfrei \u2713 weltweit sicher bezahlen & kostenlos Bargeld abheben \u2713 Internet-Rechtsschutz-Versicherung \u2713\",\"breadcrumb\":{\"@id\":\"http:\/\/www.crcg.de\/kreditkartenvergleich\/wuestenrot-visa-gold\/#breadcrumb\"},\"inLanguage\":\"de\",\"potentialAction\":[{\"@type\":\"ReadAction\",\"target\":[\"http:\/\/www.crcg.de\/kreditkartenvergleich\/wuestenrot-visa-gold\/\"]}]},{\"@type\":\"BreadcrumbList\",\"@id\":\"http:\/\/www.crcg.de\/kreditkartenvergleich\/wuestenrot-visa-gold\/#breadcrumb\",\"itemListElement\":[{\"@type\":\"ListItem\",\"position\":1,\"name\":\"Startseite\",\"item\":\"http:\/\/www.crcg.de\/kreditkartenvergleich\/\"},{\"@type\":\"ListItem\",\"position\":2,\"name\":\"W\u00fcstenrot Visa Gold &#8211; Test &#038; Erfahrungen [today format=F] [today format=Y]\"}]},{\"@type\":\"WebSite\",\"@id\":\"http:\/\/www.crcg.de\/kreditkartenvergleich\/#website\",\"url\":\"http:\/\/www.crcg.de\/kreditkartenvergleich\/\",\"name\":\"Kreditkartenvergleich.org\",\"description\":\"Das unabh\u00e4ngige Kreditkarten Vergleich Portal\",\"potentialAction\":[{\"@type\":\"SearchAction\",\"target\":{\"@type\":\"EntryPoint\",\"urlTemplate\":\"http:\/\/www.crcg.de\/kreditkartenvergleich\/?s={search_term_string}\"},\"query-input\":{\"@type\":\"PropertyValueSpecification\",\"valueRequired\":true,\"valueName\":\"search_term_string\"}}],\"inLanguage\":\"de\"}]}<\/script>\n<!-- \/ Yoast SEO plugin. -->","yoast_head_json":{"title":"W\u00fcstenrot Visa Gold Test 2026 - Aktuelle Erfahrungen","description":"W\u00fcstenrot Visa Gold im Test: im 1. Jahr beitragsfrei \u2713 weltweit sicher bezahlen & kostenlos Bargeld abheben \u2713 Internet-Rechtsschutz-Versicherung \u2713","robots":{"index":"index","follow":"follow","max-snippet":"max-snippet:-1","max-image-preview":"max-image-preview:large","max-video-preview":"max-video-preview:-1"},"canonical":"https:\/\/www.kreditkartenvergleich.org\/wuestenrot-visa-gold\/","twitter_misc":{"Gesch\u00e4tzte Lesezeit":"5\u00a0Minuten"},"schema":{"@context":"https:\/\/schema.org","@graph":[{"@type":"WebPage","@id":"http:\/\/www.crcg.de\/kreditkartenvergleich\/wuestenrot-visa-gold\/","url":"http:\/\/www.crcg.de\/kreditkartenvergleich\/wuestenrot-visa-gold\/","name":"W\u00fcstenrot Visa Gold Test 2026 - Aktuelle Erfahrungen","isPartOf":{"@id":"http:\/\/www.crcg.de\/kreditkartenvergleich\/#website"},"datePublished":"2016-06-13T06:33:19+00:00","dateModified":"2017-03-24T19:47:47+00:00","description":"W\u00fcstenrot Visa Gold im Test: im 1. Jahr beitragsfrei \u2713 weltweit sicher bezahlen & kostenlos Bargeld abheben \u2713 Internet-Rechtsschutz-Versicherung \u2713","breadcrumb":{"@id":"http:\/\/www.crcg.de\/kreditkartenvergleich\/wuestenrot-visa-gold\/#breadcrumb"},"inLanguage":"de","potentialAction":[{"@type":"ReadAction","target":["http:\/\/www.crcg.de\/kreditkartenvergleich\/wuestenrot-visa-gold\/"]}]},{"@type":"BreadcrumbList","@id":"http:\/\/www.crcg.de\/kreditkartenvergleich\/wuestenrot-visa-gold\/#breadcrumb","itemListElement":[{"@type":"ListItem","position":1,"name":"Startseite","item":"http:\/\/www.crcg.de\/kreditkartenvergleich\/"},{"@type":"ListItem","position":2,"name":"W\u00fcstenrot Visa Gold &#8211; Test &#038; Erfahrungen [today format=F] [today format=Y]"}]},{"@type":"WebSite","@id":"http:\/\/www.crcg.de\/kreditkartenvergleich\/#website","url":"http:\/\/www.crcg.de\/kreditkartenvergleich\/","name":"Kreditkartenvergleich.org","description":"Das unabh\u00e4ngige Kreditkarten Vergleich Portal","potentialAction":[{"@type":"SearchAction","target":{"@type":"EntryPoint","urlTemplate":"http:\/\/www.crcg.de\/kreditkartenvergleich\/?s={search_term_string}"},"query-input":{"@type":"PropertyValueSpecification","valueRequired":true,"valueName":"search_term_string"}}],"inLanguage":"de"}]}},"_links":{"self":[{"href":"http:\/\/www.crcg.de\/kreditkartenvergleich\/wp-json\/wp\/v2\/pages\/4492","targetHints":{"allow":["GET"]}}],"collection":[{"href":"http:\/\/www.crcg.de\/kreditkartenvergleich\/wp-json\/wp\/v2\/pages"}],"about":[{"href":"http:\/\/www.crcg.de\/kreditkartenvergleich\/wp-json\/wp\/v2\/types\/page"}],"author":[{"embeddable":true,"href":"http:\/\/www.crcg.de\/kreditkartenvergleich\/wp-json\/wp\/v2\/users\/10"}],"replies":[{"embeddable":true,"href":"http:\/\/www.crcg.de\/kreditkartenvergleich\/wp-json\/wp\/v2\/comments?post=4492"}],"version-history":[{"count":0,"href":"http:\/\/www.crcg.de\/kreditkartenvergleich\/wp-json\/wp\/v2\/pages\/4492\/revisions"}],"wp:attachment":[{"href":"http:\/\/www.crcg.de\/kreditkartenvergleich\/wp-json\/wp\/v2\/media?parent=4492"}],"curies":[{"name":"wp","href":"https:\/\/api.w.org\/{rel}","templated":true}]}}