


{"id":4488,"date":"2016-06-13T07:33:34","date_gmt":"2016-06-13T06:33:34","guid":{"rendered":"http:\/\/www.kreditkartenvergleich.org\/?page_id=4488"},"modified":"2017-03-24T20:44:54","modified_gmt":"2017-03-24T19:44:54","slug":"advanzia-mastercard-gold-test-erfahrungen-today-formatf-today-formaty","status":"publish","type":"page","link":"http:\/\/www.crcg.de\/kreditkartenvergleich\/advanzia-mastercard-gold\/","title":{"rendered":"Advanzia MasterCard Gold &#8211; Test &#038; Erfahrungen [today format=F] [today format=Y]"},"content":{"rendered":"<div class=\"visit-provider\" style=\"text-align: center;\">\n<p><img decoding=\"async\" src=\"..\/wp-content\/uploads\/Advanzia_MasterCard_Gold.jpg\" alt=\"Bank Logo\" \/><\/p>\n<div style=\"text-align: center;\">\n<form action=\"http:\/\/www.crcg.de\/kreditkartenvergleich\/wp-admin\/goto.php\" method=\"post\" target=\"_blank\"><input name=\"ref_url\" type=\"hidden\" value=\"http:\/\/www.crcg.de\/kreditkartenvergleich\/goto-advanzia\" \/><input name=\"submit\" type=\"submit\" class=\"cpn_btn\" value=\"Zur Bank\" \/><\/form>\n<\/div>\n<div id=\"table_details\">\n<table class=\"table_details_bewertung\" border=\"0\" width=\"100%\">\n<tbody>\n<tr>\n<td align=\"center\" nowrap=\"nowrap\"><span class=\"table_details_bewertung_head\">Bewertung<\/span><span class=\"table_details_bewertung_punkte\">90\/100<\/span><span class=\"table_details_bewertung_note\"><b>GUT<\/b><\/span><\/td>\n<\/tr>\n<\/tbody>\n<\/table>\n<div id=\"table_details_abstand\"><\/div>\n<table class=\"table_details_block\" border=\"0\" width=\"100%\" cellspacing=\"1\" cellpadding=\"3\">\n<tbody>\n<tr>\n<td class=\"table_details_block_head\" colspan=\"2\" align=\"center\"><b>Allgemein<\/b><\/td>\n<\/tr>\n<tr>\n<td class=\"table_details_block_zelle_left\">eff. Jahreszins:<\/td>\n<td class=\"table_details_block_zelle_right\"><b>21 <\/b>\/ 25<\/td>\n<\/tr>\n<tr>\n<td class=\"table_details_block_zelle_left\">Geb\u00fchren:<\/td>\n<td class=\"table_details_block_zelle_right\"><b>20 <\/b>\/ 20<\/td>\n<\/tr>\n<tr>\n<td class=\"table_details_block_zelle_left\">Bonus:<\/td>\n<td class=\"table_details_block_zelle_right\"><b>11 <\/b>\/ 15<\/td>\n<\/tr>\n<tr>\n<td class=\"table_details_block_zelle_left\"><b>Total:<\/b><\/td>\n<td class=\"table_details_block_zelle_right\"><b>92 <\/b>\/ 60<\/td>\n<\/tr>\n<\/tbody>\n<\/table>\n<div id=\"table_details_abstand\"><\/div>\n<table class=\"table_details_block\" border=\"0\" width=\"100%\" cellspacing=\"1\" cellpadding=\"3\">\n<tbody>\n<tr>\n<td class=\"table_details_block_head\" colspan=\"2\" align=\"center\"><b>Leistungen<\/b><\/td>\n<\/tr>\n<tr>\n<td class=\"table_details_block_zelle_left\">Angebote:<\/td>\n<td class=\"table_details_block_zelle_right\"><b>9<\/b> \/ 10<\/td>\n<\/tr>\n<tr>\n<td class=\"table_details_block_zelle_left\">Besonderheiten:<\/td>\n<td class=\"table_details_block_zelle_right\"><b>4<\/b> \/ 5<\/td>\n<\/tr>\n<tr>\n<td class=\"table_details_block_zelle_left\">Versicherung:<\/td>\n<td class=\"table_details_block_zelle_right\"><b>5<\/b> \/ 5<\/td>\n<\/tr>\n<tr>\n<td class=\"table_details_block_zelle_left\"><b>Total:<\/b><\/td>\n<td class=\"table_details_block_zelle_right\"><b>18<\/b> \/ 20<\/td>\n<\/tr>\n<\/tbody>\n<\/table>\n<div id=\"table_details_abstand\"><\/div>\n<table class=\"table_details_block\" border=\"0\" width=\"100%\" cellspacing=\"1\" cellpadding=\"3\">\n<tbody>\n<tr>\n<td class=\"table_details_block_head\" colspan=\"2\" align=\"center\"><b>Kundenservice<\/b><\/td>\n<\/tr>\n<tr>\n<td class=\"table_details_block_zelle_left\">Beratung:<\/td>\n<td class=\"table_details_block_zelle_right\"><b>10<\/b> \/ 10<\/td>\n<\/tr>\n<tr>\n<td class=\"table_details_block_zelle_left\">Hotline:<\/td>\n<td class=\"table_details_block_zelle_right\"><b>5<\/b> \/ 5<\/td>\n<\/tr>\n<tr>\n<td class=\"table_details_block_zelle_left\">Sicherheit:<\/td>\n<td class=\"table_details_block_zelle_right\"><b>5<\/b> \/ 5<\/td>\n<\/tr>\n<tr>\n<td class=\"table_details_block_zelle_left\"><b>Total:<\/b><\/td>\n<td class=\"table_details_block_zelle_right\"><b>20<\/b> \/ 20<\/td>\n<\/tr>\n<\/tbody>\n<\/table>\n<\/div>\n<\/div>\n\n<p>Die Advanzia ist eine Bank in Luxemburg und bietet eine goldene Kreditkarte mit Transparenz, Einfachheit, und Vertrauen an. Die Mastercard Gold wird <strong>ohne feste Jahresgeb\u00fchr angeboten<\/strong>. Diese Kreditkarte beinhaltet einen <span style=\"text-decoration: underline;\">umfangreichen Versicherungsschutz, ist v\u00f6llig ohne Geb\u00fchren<\/span> und erlaubt einen kostenlosen Kredit bis zu sieben Wochen. Die Mastercard Gold der luxemburgischen Advanzia Bank als Geb\u00fchrenfrei Mastercard Gold direkt auf der Seite der Advanzia Bank in Anspruch genommen werden.<br \/>\nDiese <a href=\"http:\/\/www.crcg.de\/kreditkartenvergleich\/kostenlose-kreditkarten\/\" target=\"_blank\">kostenlose Kreditkarte ohne Geb\u00fchren<\/a> ist ein treuer Begleiter auf reisen und im Alltag. Die Advanzia MasterCard Gold ist die einzige goldene Kreditkarte unter allen Kreditkarten, die man ohne Jahresgeb\u00fchr bekommt.<br \/>\nDie Bank aus Luxemburg vergibt die Kreditkarte mit <strong>umfangreichen Versicherungsleistungen<\/strong>, wenn man sich auf Reisen begibt. Der Versicherungsschutz ist ausreichend und man kann sich v\u00f6llig auf die Kreditkarte verlassen. Die Deckungssummen, welche die Bank akzeptiert sind ausreichend hoch und der Schutz gilt, sobald mindestens f\u00fcnfzig Prozent der Reise mit der Kreditkarte bezahlt wurden. Egal, ob eine Privathaftpflicht im Urlaub oder ein versp\u00e4teter Koffer, es wird nur ein Selbstbehalt von Hundert Euro f\u00e4llig. Der Rest ist mit der Advanzia Mastercard gedeckt. Beim Einkauf entstehen keine Geb\u00fchren, da dem Inhaber dieser Kreditkarte ein <strong>Kredit ohne jeglichen Kosten von bis zu sieben Wochen<\/strong> gew\u00e4hrt wird.<br \/>\nWer zum Beispiel am ersten Tag im Monat einkauft, muss diesen Betrag erst bis zum zwanzigsten Tag des Folgemonats zahlen, also ausgleichen. Wird dieser Termin verpasst, fallen f\u00fcr den Besitzer der MasterCard Gold <span style=\"text-decoration: underline;\">Sollzinsen von 19,94 Prozent effektiv pro Jahr<\/span> ab dem Kaufdatum an. Sollzinsen in der gleichen H\u00f6he fallen an, wenn man die Teilzahlfunktion nutzt und die Schulden nur teilweise zur\u00fcckzahlt.<br \/>\nDie dauerhaft beitragsfreie Kreditkarte verlangt <strong>keine Geb\u00fchr f\u00fcr den Einsatz im Ausland<\/strong> und beinhaltet ein automatisches Reiseversicherungspaket, wenn mindestens die H\u00e4lfte der Reise mit der Geb\u00fchrenfrei MasterCard bezahlt wurden. Ebenfalls eine Reise-Komfortversicherung bis zu 1200 Euro bei verpasstem Reiseantritt und 250 Euro bei versp\u00e4tetem Antritt zur Reise sind inkludiert. Eine Reiser\u00fcckverg\u00fctung mit f\u00fcnf Prozent, sowie ein Mietwagenportal mit ebenfalls <span style=\"text-decoration: underline;\">f\u00fcnf Prozent R\u00fcckverg\u00fctung<\/span> sind gratis mit dabei.<br \/>\nEin weiterer Vorteil ist die Privathaftpflichtversicherung, die bei der goldenen Kreditkarte mit dabei ist und eine mit bis zu <strong>350.000,- Euro hohe Deckungssumme pro Versicherungsfall<\/strong> gew\u00e4hrleistet. 24 Stunden an sieben tagen in der Woche ist der <span style=\"text-decoration: underline;\">geb\u00fchrenfreie Kundenservice f\u00fcr die Kreditkartenbesitzer<\/span> verf\u00fcgbar.<\/p>\n<h3 class=\"heading-text\">Besonderheiten<\/h3>\n<p>Mit der Kreditkarte bekommt man zugleich hervorragende Vorteile mit dazu, und das ohne irgendwelche Geb\u00fchren. Die Kreditkarte von Advanzia kann <strong>ohne Auslandseinsatzgeb\u00fchr<\/strong> auf der ganzen Welt verwendet werden. F\u00fcr Bargeldabhebungen entstehen ebenfalls keine Geb\u00fchren. Wer eine Ersatzkarte ben\u00f6tigt, bekommt diese ohne zus\u00e4tzliche Kosten. Ein Ersatz-PIN und auch die Kartensperrung sind ebenfalls frei.<br \/>\nBesonders ist auch das f\u00fcr Eink\u00e4ufe <strong>bis zu sieben Wochen ein zinsfreies Zahlungsziel<\/strong> gew\u00e4hrleistet wird. Ein kostenloser und pers\u00f6nlicher Kundenservice rund um die Uhr, an sieben Tagen in der Woche geh\u00f6rt zum Service der Advanzia Kreditkarte. Mit der goldenen MasterCard hat der Besitzer <span style=\"text-decoration: underline;\">Zugang zu 35 Millionen Akzeptanzstellen<\/span> und zu 1,7 Millionen Bankautomaten auf der ganzen Welt. Eine weitere Besonderheit ist die <span style=\"text-decoration: underline;\">kostenlose und umfangreiche Reiseversicherung<\/span>, welche die goldene Kreditkarte beinhaltet.<\/p>\n<h3 class=\"heading-text\">Vorteile<\/h3>\n<ul style=\"text-align: justify;\">\n<li>dauerhaft beitragsfreie Kreditkarte<\/li>\n<li>keine Geb\u00fchr f\u00fcr Bargeldbezug weltweit (ab dem Tag der Transaktion bis zum Ausgleich fallen monatlich jedoch 1,73 Prozent des Betrags an)<\/li>\n<li>keine Auslandseinsatzgeb\u00fchr<\/li>\n<li>kostenlose und umfangreiche Reiseversicherung inklusive<\/li>\n<li>Reise-Komfortversicherung inklusive: bis zu 1.200 Euro bei verpasstem und 250 Euro bei versp\u00e4tetem Reiseantritt<\/li>\n<li>5 % Reiser\u00fcckverg\u00fctung mit Bestpreisgarantie<\/li>\n<li>flexible R\u00fcckzahlung<\/li>\n<li>kostenlose Service-Leistungen und verl\u00e4ngertes Zahlungsziel<\/li>\n<li>inklusive Privathaftpflichtversicherung mit bis zu 350.000 Euro Deckungssumme je Versicherungsfall, Selbstbehalt 100 Euro<\/li>\n<li>kostenloser Rechnungsversand per Post auf Anfrage<\/li>\n<li>Mietwagenportal mit 5 % R\u00fcckverg\u00fctung<\/li>\n<li>rund um die Uhr geb\u00fchrenfreier Kundenservice<\/li>\n<\/ul>\n<h3 class=\"heading-text\">Informationen<\/h3>\n<ul>\n<li>die Rechnungssumme wird nicht automatisch eingezogen, sondern muss \u00fcberwiesen werden<\/li>\n<li>die monatliche Abrechnung geht standardm\u00e4\u00dfig per E-Mail ein<\/li>\n<li>Sicherheit: MasterCard SecureCode und EMV-Chip<\/li>\n<li>Rabatte: Bis zu 20% Erm\u00e4\u00dfigung an \u00fcber 330 Alamo Stationen in den USA und Kanada.<\/li>\n<\/ul>\n<h3 class=\"heading-text\">Fazit<\/h3>\n<p>Wer Besitzer dieser Kreditkarte ist, bekommt von der Bank einen <span style=\"text-decoration: underline;\">bis zu sieben Wochen langen kostenlosen Kredit<\/span> einger\u00e4umt. F\u00fcr Zahlungen au\u00dferhalb der Eurozone werden keine zus\u00e4tzlichen Geb\u00fchren gefordert. Die geb\u00fchrenfreie und flexible MasterCard Gold wird <strong>auf der ganzen Welt als Zahlungsmittel akzeptiert<\/strong>. Menschen, die mit Geld und Fristen gut umgehen k\u00f6nnen, haben mit der goldenen Advanzia Card die ideale Wahl getroffen. Mit der Advanzia geb\u00fchrenfrei Mastercard Gold erh\u00e4lt man eine g\u00fcnstige goldene Kreditkarte, die ein treuer Begleiter ist.<br \/>\n<div class=\"table-container-top-button\" style=\"text-align: center;\">\n<form action=\"\/wp-admin\/goto.php\" method=\"post\" target=\"_blank\"><input name=\"ref_url\" type=\"hidden\" value=\"\/goto-advanzia\" \/><input class=\"cpn_btn\" name=\"submit\" type=\"submit\" value=\"Kreditkarte beantragen \u00bb\" \/><\/form>\n<\/div>\n<\/p>\n<h3 class=\"heading-text\">Konditions\u00fcbersicht<\/h3>\n<p>Hier finden Sie die Konditionen der Advanzia MasterCard Gold.<\/p>\n<h4>Kosten<\/h4>\n<table class=\"table_all\" border=\"0\" width=\"100%\" cellspacing=\"2\" cellpadding=\"5\">\n<tbody>\n<tr valign=\"top\">\n<td class=\"table_all_headline\" colspan=\"2\">Kosten bei Bezahlung<\/td>\n<\/tr>\n<tr valign=\"top\">\n<td class=\"table_all_left\" width=\"35%\">Inland<\/td>\n<td class=\"table_all_right\" width=\"65%\">0,00 Euro<\/td>\n<\/tr>\n<tr valign=\"top\">\n<td class=\"table_all_left\" width=\"35%\">Euro-Zone<\/td>\n<td class=\"table_all_right\" width=\"65%\">0,00 Euro<\/td>\n<\/tr>\n<tr valign=\"top\">\n<td class=\"table_all_left\" width=\"30%\">Fremdw\u00e4hrung innerhalb Europa<\/td>\n<td class=\"table_all_right\" width=\"70%\">0,00 Euro<\/td>\n<\/tr>\n<tr valign=\"top\">\n<td class=\"table_all_left\" width=\"30%\">Fremdw\u00e4hrung au\u00dferhalb Europa\/Weltweit<\/td>\n<td class=\"table_all_right\" width=\"70%\">0,00 Euro<\/td>\n<\/tr>\n<\/tbody>\n<\/table>\n<table class=\"table_all\" border=\"0\" width=\"100%\" cellspacing=\"2\" cellpadding=\"5\">\n<tbody>\n<tr valign=\"top\">\n<td class=\"table_all_headline\" colspan=\"2\">Kosten bei Bargeldabhebung<\/td>\n<\/tr>\n<tr valign=\"top\">\n<td class=\"table_all_left\" width=\"35%\">Inland<\/td>\n<td class=\"table_all_right\" width=\"65%\">0,00 Euro<\/td>\n<\/tr>\n<tr valign=\"top\">\n<td class=\"table_all_left\" width=\"35%\">Euro-Zone<\/td>\n<td class=\"table_all_right\" width=\"65%\">0,00 Euro<\/td>\n<\/tr>\n<tr valign=\"top\">\n<td class=\"table_all_left\" width=\"30%\">Fremdw\u00e4hrung innerhalb Europa<\/td>\n<td class=\"table_all_right\" width=\"70%\">0,00 Euro<\/td>\n<\/tr>\n<tr valign=\"top\">\n<td class=\"table_all_left\" width=\"30%\">Fremdw\u00e4hrung au\u00dferhalb Europa\/Weltweit<\/td>\n<td class=\"table_all_right\" width=\"70%\">0,00 Euro<\/td>\n<\/tr>\n<\/tbody>\n<\/table>\n<h4>Zinsen und Geb\u00fchren<\/h4>\n<table class=\"table_all\" border=\"0\" width=\"100%\" cellspacing=\"2\" cellpadding=\"5\">\n<tbody>\n<tr valign=\"top\">\n<td class=\"table_all_headline\" width=\"25%\">Zinsen<strong><br \/>\n<\/strong><\/td>\n<td class=\"table_all_headline\" width=\"40%\">Zinssatz<strong><br \/>\n<\/strong><\/td>\n<\/tr>\n<tr valign=\"top\">\n<td class=\"table_all_left\" width=\"25%\">Soll (effektiver Jahreszins)<\/td>\n<td class=\"table_all_right\" width=\"40%\">19,94%<\/td>\n<\/tr>\n<\/tbody>\n<\/table>\n<table class=\"table_all\" border=\"0\" width=\"100%\" cellspacing=\"2\" cellpadding=\"5\">\n<tbody>\n<tr valign=\"top\">\n<td class=\"table_all_headline\" width=\"15%\">Ausstellungsgeb\u00fchren<strong><br \/>\n<\/strong><\/td>\n<td class=\"table_all_headline\" width=\"40%\">Euro<strong><br \/>\n<\/strong><\/td>\n<\/tr>\n<tr valign=\"top\">\n<td class=\"table_all_left\" width=\"15%\">Ersatzkarte<\/td>\n<td class=\"table_all_right\" width=\"40%\">0,00 Euro<\/td>\n<\/tr>\n<tr valign=\"top\">\n<td class=\"table_all_left\" width=\"15%\">Notfallersatzkarte<\/td>\n<td class=\"table_all_right\" width=\"40%\">0,00 Euro<\/td>\n<\/tr>\n<\/tbody>\n<\/table>\n<table class=\"table_all\" border=\"0\" width=\"100%\" cellspacing=\"2\" cellpadding=\"5\">\n<tbody>\n<tr valign=\"top\">\n<td class=\"table_all_headline\" width=\"25%\">Haftung und Limits<strong><br \/>\n<\/strong><\/td>\n<td class=\"table_all_headline\" width=\"40%\">Euro<strong><br \/>\n<\/strong><\/td>\n<\/tr>\n<tr valign=\"top\">\n<td class=\"table_all_left\" width=\"25%\">Max. Haftung<\/td>\n<td class=\"table_all_right\" width=\"40%\">150,00 Euro<\/td>\n<\/tr>\n<\/tbody>\n<\/table>\n<h4>Hauptkarte<\/h4>\n<table class=\"table_all\" border=\"0\" width=\"100%\" cellspacing=\"2\" cellpadding=\"5\">\n<tbody>\n<tr valign=\"top\">\n<td class=\"table_all_headline\" width=\"25%\">Umsatz pro Jahr<strong><br \/>\n<\/strong><\/td>\n<td class=\"table_all_headline\" width=\"40%\">Jahresgeb\u00fchr<strong><br \/>\n<\/strong><\/td>\n<\/tr>\n<tr valign=\"top\">\n<td class=\"table_all_left\" width=\"25%\">unabh\u00e4ngig vom Umsatz<\/td>\n<td class=\"table_all_right\" width=\"40%\">0,00 Euro<\/td>\n<\/tr>\n<\/tbody>\n<\/table>\n<h4>Private Partnerkarte<\/h4>\n<table class=\"table_all\" border=\"0\" width=\"100%\" cellspacing=\"2\" cellpadding=\"5\">\n<tbody>\n<tr valign=\"top\">\n<td class=\"table_all_headline\" width=\"25%\">Umsatz pro Jahr<\/td>\n<td class=\"table_all_headline\" width=\"40%\">Jahresgeb\u00fchr<\/td>\n<\/tr>\n<tr valign=\"top\">\n<td class=\"table_all_left\" width=\"25%\">unabh\u00e4ngig vom Umsatz<\/td>\n<td class=\"table_all_right\" width=\"40%\">0,00 Euro<\/td>\n<\/tr>\n<\/tbody>\n<\/table>\n<p style=\"text-align: center;\"><div class=\"table-container-top-button\" style=\"text-align: center;\">\n<form action=\"\/wp-admin\/goto.php\" method=\"post\" target=\"_blank\"><input name=\"ref_url\" type=\"hidden\" value=\"\/goto-advanzia\" \/><input class=\"cpn_btn\" name=\"submit\" type=\"submit\" value=\"Kreditkarte beantragen \u00bb\" \/><\/form>\n<\/div>\n<\/p>\n<h3 class=\"heading-text\">User Erfahrungen<\/h3>\n<p>[reviewr]<\/p>\n","protected":false},"excerpt":{"rendered":"<p>Die Advanzia ist eine Bank in Luxemburg und bietet eine goldene Kreditkarte mit Transparenz, Einfachheit, und Vertrauen an. Die Mastercard Gold wird ohne feste Jahresgeb\u00fchr angeboten. Diese Kredit...","protected":false},"author":10,"featured_media":0,"parent":0,"menu_order":0,"comment_status":"closed","ping_status":"closed","template":"","meta":{"_acf_changed":false,"_monsterinsights_skip_tracking":false,"_monsterinsights_sitenote_active":false,"_monsterinsights_sitenote_note":"","_monsterinsights_sitenote_category":0,"footnotes":""},"class_list":["post-4488","page","type-page","status-publish","hentry"],"acf":[],"yoast_head":"<!-- This site is optimized with the Yoast SEO plugin v26.8 - https:\/\/yoast.com\/product\/yoast-seo-wordpress\/ -->\n<title>Advanzia MasterCard Gold Test 2026 - Aktuelle Erfahrungen<\/title>\n<meta name=\"description\" content=\"Advanzia MasterCard Gold im Test: Kreditkarte ohne Jahresgeb\u00fchren \u2713 geb\u00fchrenfreies Geldabheben \u2713 keine Auslandseinsatzgeb\u00fchr \u2713 Zinsfreies Zahlungsziel \u2713\" \/>\n<meta name=\"robots\" content=\"index, follow, max-snippet:-1, max-image-preview:large, max-video-preview:-1\" \/>\n<link rel=\"canonical\" href=\"https:\/\/www.kreditkartenvergleich.org\/advanzia-mastercard-gold\/\" \/>\n<meta name=\"twitter:label1\" content=\"Gesch\u00e4tzte Lesezeit\" \/>\n\t<meta name=\"twitter:data1\" content=\"4\u00a0Minuten\" \/>\n<script type=\"application\/ld+json\" class=\"yoast-schema-graph\">{\"@context\":\"https:\/\/schema.org\",\"@graph\":[{\"@type\":\"WebPage\",\"@id\":\"http:\/\/www.crcg.de\/kreditkartenvergleich\/advanzia-mastercard-gold\/\",\"url\":\"http:\/\/www.crcg.de\/kreditkartenvergleich\/advanzia-mastercard-gold\/\",\"name\":\"Advanzia MasterCard Gold Test 2026 - Aktuelle Erfahrungen\",\"isPartOf\":{\"@id\":\"http:\/\/www.crcg.de\/kreditkartenvergleich\/#website\"},\"datePublished\":\"2016-06-13T06:33:34+00:00\",\"dateModified\":\"2017-03-24T19:44:54+00:00\",\"description\":\"Advanzia MasterCard Gold im Test: Kreditkarte ohne Jahresgeb\u00fchren \u2713 geb\u00fchrenfreies Geldabheben \u2713 keine Auslandseinsatzgeb\u00fchr \u2713 Zinsfreies Zahlungsziel \u2713\",\"breadcrumb\":{\"@id\":\"http:\/\/www.crcg.de\/kreditkartenvergleich\/advanzia-mastercard-gold\/#breadcrumb\"},\"inLanguage\":\"de\",\"potentialAction\":[{\"@type\":\"ReadAction\",\"target\":[\"http:\/\/www.crcg.de\/kreditkartenvergleich\/advanzia-mastercard-gold\/\"]}]},{\"@type\":\"BreadcrumbList\",\"@id\":\"http:\/\/www.crcg.de\/kreditkartenvergleich\/advanzia-mastercard-gold\/#breadcrumb\",\"itemListElement\":[{\"@type\":\"ListItem\",\"position\":1,\"name\":\"Startseite\",\"item\":\"http:\/\/www.crcg.de\/kreditkartenvergleich\/\"},{\"@type\":\"ListItem\",\"position\":2,\"name\":\"Advanzia MasterCard Gold &#8211; Test &#038; Erfahrungen [today format=F] [today format=Y]\"}]},{\"@type\":\"WebSite\",\"@id\":\"http:\/\/www.crcg.de\/kreditkartenvergleich\/#website\",\"url\":\"http:\/\/www.crcg.de\/kreditkartenvergleich\/\",\"name\":\"Kreditkartenvergleich.org\",\"description\":\"Das unabh\u00e4ngige Kreditkarten Vergleich Portal\",\"potentialAction\":[{\"@type\":\"SearchAction\",\"target\":{\"@type\":\"EntryPoint\",\"urlTemplate\":\"http:\/\/www.crcg.de\/kreditkartenvergleich\/?s={search_term_string}\"},\"query-input\":{\"@type\":\"PropertyValueSpecification\",\"valueRequired\":true,\"valueName\":\"search_term_string\"}}],\"inLanguage\":\"de\"}]}<\/script>\n<!-- \/ Yoast SEO plugin. -->","yoast_head_json":{"title":"Advanzia MasterCard Gold Test 2026 - Aktuelle Erfahrungen","description":"Advanzia MasterCard Gold im Test: Kreditkarte ohne Jahresgeb\u00fchren \u2713 geb\u00fchrenfreies Geldabheben \u2713 keine Auslandseinsatzgeb\u00fchr \u2713 Zinsfreies Zahlungsziel \u2713","robots":{"index":"index","follow":"follow","max-snippet":"max-snippet:-1","max-image-preview":"max-image-preview:large","max-video-preview":"max-video-preview:-1"},"canonical":"https:\/\/www.kreditkartenvergleich.org\/advanzia-mastercard-gold\/","twitter_misc":{"Gesch\u00e4tzte Lesezeit":"4\u00a0Minuten"},"schema":{"@context":"https:\/\/schema.org","@graph":[{"@type":"WebPage","@id":"http:\/\/www.crcg.de\/kreditkartenvergleich\/advanzia-mastercard-gold\/","url":"http:\/\/www.crcg.de\/kreditkartenvergleich\/advanzia-mastercard-gold\/","name":"Advanzia MasterCard Gold Test 2026 - Aktuelle Erfahrungen","isPartOf":{"@id":"http:\/\/www.crcg.de\/kreditkartenvergleich\/#website"},"datePublished":"2016-06-13T06:33:34+00:00","dateModified":"2017-03-24T19:44:54+00:00","description":"Advanzia MasterCard Gold im Test: Kreditkarte ohne Jahresgeb\u00fchren \u2713 geb\u00fchrenfreies Geldabheben \u2713 keine Auslandseinsatzgeb\u00fchr \u2713 Zinsfreies Zahlungsziel \u2713","breadcrumb":{"@id":"http:\/\/www.crcg.de\/kreditkartenvergleich\/advanzia-mastercard-gold\/#breadcrumb"},"inLanguage":"de","potentialAction":[{"@type":"ReadAction","target":["http:\/\/www.crcg.de\/kreditkartenvergleich\/advanzia-mastercard-gold\/"]}]},{"@type":"BreadcrumbList","@id":"http:\/\/www.crcg.de\/kreditkartenvergleich\/advanzia-mastercard-gold\/#breadcrumb","itemListElement":[{"@type":"ListItem","position":1,"name":"Startseite","item":"http:\/\/www.crcg.de\/kreditkartenvergleich\/"},{"@type":"ListItem","position":2,"name":"Advanzia MasterCard Gold &#8211; Test &#038; Erfahrungen [today format=F] [today format=Y]"}]},{"@type":"WebSite","@id":"http:\/\/www.crcg.de\/kreditkartenvergleich\/#website","url":"http:\/\/www.crcg.de\/kreditkartenvergleich\/","name":"Kreditkartenvergleich.org","description":"Das unabh\u00e4ngige Kreditkarten Vergleich Portal","potentialAction":[{"@type":"SearchAction","target":{"@type":"EntryPoint","urlTemplate":"http:\/\/www.crcg.de\/kreditkartenvergleich\/?s={search_term_string}"},"query-input":{"@type":"PropertyValueSpecification","valueRequired":true,"valueName":"search_term_string"}}],"inLanguage":"de"}]}},"_links":{"self":[{"href":"http:\/\/www.crcg.de\/kreditkartenvergleich\/wp-json\/wp\/v2\/pages\/4488","targetHints":{"allow":["GET"]}}],"collection":[{"href":"http:\/\/www.crcg.de\/kreditkartenvergleich\/wp-json\/wp\/v2\/pages"}],"about":[{"href":"http:\/\/www.crcg.de\/kreditkartenvergleich\/wp-json\/wp\/v2\/types\/page"}],"author":[{"embeddable":true,"href":"http:\/\/www.crcg.de\/kreditkartenvergleich\/wp-json\/wp\/v2\/users\/10"}],"replies":[{"embeddable":true,"href":"http:\/\/www.crcg.de\/kreditkartenvergleich\/wp-json\/wp\/v2\/comments?post=4488"}],"version-history":[{"count":0,"href":"http:\/\/www.crcg.de\/kreditkartenvergleich\/wp-json\/wp\/v2\/pages\/4488\/revisions"}],"wp:attachment":[{"href":"http:\/\/www.crcg.de\/kreditkartenvergleich\/wp-json\/wp\/v2\/media?parent=4488"}],"curies":[{"name":"wp","href":"https:\/\/api.w.org\/{rel}","templated":true}]}}