


{"id":4485,"date":"2016-06-13T07:33:41","date_gmt":"2016-06-13T06:33:41","guid":{"rendered":"http:\/\/www.kreditkartenvergleich.org\/?page_id=4485"},"modified":"2017-03-24T20:44:44","modified_gmt":"2017-03-24T19:44:44","slug":"hanseatic-bank-genialcard-test-erfahrungen-today-formatf-today-formaty","status":"publish","type":"page","link":"http:\/\/www.crcg.de\/kreditkartenvergleich\/hanseatic-bank-genialcard\/","title":{"rendered":"Hanseatic Bank GenialCard &#8211; Test &#038; Erfahrungen [today format=F] [today format=Y]"},"content":{"rendered":"<div class=\"visit-provider\" style=\"text-align: center;\">\n<p><img decoding=\"async\" src=\"..\/wp-content\/uploads\/hanseatic_-genialcard.jpg\" alt=\"Bank Logo\" \/><\/p>\n<div style=\"text-align: center;\">\n<form action=\"http:\/\/www.crcg.de\/kreditkartenvergleich\/wp-admin\/goto.php\" method=\"post\" target=\"_blank\"><input name=\"ref_url\" type=\"hidden\" value=\"http:\/\/www.crcg.de\/kreditkartenvergleich\/goto-hanseaticbank\" \/><input name=\"submit\" type=\"submit\" class=\"cpn_btn\" value=\"Zur Bank\" \/><\/form>\n<\/div>\n<div id=\"table_details\">\n<table class=\"table_details_bewertung\" border=\"0\" width=\"100%\">\n<tbody>\n<tr>\n<td align=\"center\" nowrap=\"nowrap\"><span class=\"table_details_bewertung_head\">Bewertung<\/span><span class=\"table_details_bewertung_punkte\">90\/100<\/span><span class=\"table_details_bewertung_note\"><b>GUT<\/b><\/span><\/td>\n<\/tr>\n<\/tbody>\n<\/table>\n<div id=\"table_details_abstand\"><\/div>\n<table class=\"table_details_block\" border=\"0\" width=\"100%\" cellspacing=\"1\" cellpadding=\"3\">\n<tbody>\n<tr>\n<td class=\"table_details_block_head\" colspan=\"2\" align=\"center\"><b>Allgemein<\/b><\/td>\n<\/tr>\n<tr>\n<td class=\"table_details_block_zelle_left\">eff. Jahreszins:<\/td>\n<td class=\"table_details_block_zelle_right\"><b>21 <\/b>\/ 25<\/td>\n<\/tr>\n<tr>\n<td class=\"table_details_block_zelle_left\">Geb\u00fchren:<\/td>\n<td class=\"table_details_block_zelle_right\"><b>18 <\/b>\/ 20<\/td>\n<\/tr>\n<tr>\n<td class=\"table_details_block_zelle_left\">Bonus:<\/td>\n<td class=\"table_details_block_zelle_right\"><b>14 <\/b>\/ 15<\/td>\n<\/tr>\n<tr>\n<td class=\"table_details_block_zelle_left\"><b>Total:<\/b><\/td>\n<td class=\"table_details_block_zelle_right\"><b>93 <\/b>\/ 60<\/td>\n<\/tr>\n<\/tbody>\n<\/table>\n<div id=\"table_details_abstand\"><\/div>\n<table class=\"table_details_block\" border=\"0\" width=\"100%\" cellspacing=\"1\" cellpadding=\"3\">\n<tbody>\n<tr>\n<td class=\"table_details_block_head\" colspan=\"2\" align=\"center\"><b>Leistungen<\/b><\/td>\n<\/tr>\n<tr>\n<td class=\"table_details_block_zelle_left\">Angebote:<\/td>\n<td class=\"table_details_block_zelle_right\"><b>10<\/b> \/ 10<\/td>\n<\/tr>\n<tr>\n<td class=\"table_details_block_zelle_left\">Besonderheiten:<\/td>\n<td class=\"table_details_block_zelle_right\"><b>4<\/b> \/ 5<\/td>\n<\/tr>\n<tr>\n<td class=\"table_details_block_zelle_left\">Versicherung:<\/td>\n<td class=\"table_details_block_zelle_right\"><b>5<\/b> \/ 5<\/td>\n<\/tr>\n<tr>\n<td class=\"table_details_block_zelle_left\"><b>Total:<\/b><\/td>\n<td class=\"table_details_block_zelle_right\"><b>19<\/b> \/ 20<\/td>\n<\/tr>\n<\/tbody>\n<\/table>\n<div id=\"table_details_abstand\"><\/div>\n<table class=\"table_details_block\" border=\"0\" width=\"100%\" cellspacing=\"1\" cellpadding=\"3\">\n<tbody>\n<tr>\n<td class=\"table_details_block_head\" colspan=\"2\" align=\"center\"><b>Kundenservice<\/b><\/td>\n<\/tr>\n<tr>\n<td class=\"table_details_block_zelle_left\">Beratung:<\/td>\n<td class=\"table_details_block_zelle_right\"><b>9<\/b> \/ 10<\/td>\n<\/tr>\n<tr>\n<td class=\"table_details_block_zelle_left\">Hotline:<\/td>\n<td class=\"table_details_block_zelle_right\"><b>4<\/b> \/ 5<\/td>\n<\/tr>\n<tr>\n<td class=\"table_details_block_zelle_left\">Sicherheit:<\/td>\n<td class=\"table_details_block_zelle_right\"><b>5<\/b> \/ 5<\/td>\n<\/tr>\n<tr>\n<td class=\"table_details_block_zelle_left\"><b>Total:<\/b><\/td>\n<td class=\"table_details_block_zelle_right\"><b>18<\/b> \/ 20<\/td>\n<\/tr>\n<\/tbody>\n<\/table>\n<\/div>\n<\/div>\n\n<p>Die GenialCard ist eine zeitgem\u00e4\u00dfe Visa-Kreditkarte, die <strong>finanzielle Flexibilit\u00e4t und Sicherheit<\/strong> bietet. Innerhalb seines pers\u00f6nlichen Verf\u00fcgungsrahmen kann der Besitzer einer GenialCard sowohl bargeldlos einkaufen und \u00dcberweisungen auf das eigene Girokonto t\u00e4tigen als auch eine <span style=\"text-decoration: underline;\">Bargeldverf\u00fcgung am Bankautomat schnell und einfach vornehmen<\/span>. Dabei besteht ein merklicher pers\u00f6nlicher Vorteil unter anderem darin, dass die get\u00e4tigten Ums\u00e4tze entweder pro Monat in einem Betrag, oder in Teilbetr\u00e4gen vom eigenen Girokonto abgebucht werden k\u00f6nnen. Als i-T\u00fcpfelchen der gesamten M\u00f6glichkeiten, die der Besitz dieser Kreditkarte in sich birgt, gilt dabei sicherlich die dauerhafte <strong>jahresgeb\u00fchrenfreie Nutzung.<\/strong><\/p>\n<h3 class=\"heading-text\">Besonderheiten<\/h3>\n<p>Die GenialCard kann beim Einkaufen im Laden oder Internet, beim Tanken und Reisen oder f\u00fcr viele andere Dienstleistungen eingesetzt werden. Dabei ist es nahezu egal in welchem Land man sich befindet, denn die GenialCard kann auch an <strong>43 Millionen Akzeptanzstellen<\/strong> weltweit (mitunter rund um die Uhr) genutzt werden.<br \/>\nBei Bedarf kann zus\u00e4tzlich zur eigenen Kreditkarte f\u00fcr eine weitere vollj\u00e4hrige Person <span style=\"text-decoration: underline;\">eine Partnerkarte beantragt werden<\/span>. Diese, auf den Namen des Partners ausgestellte Karte, wird dann auch \u00fcber das Kartenkonto der GenialCard abgerechnet.<br \/>\nMit der GenialCard ist ein<strong> effektiver und verl\u00e4sslicher Schutz<\/strong> garantiert. Durch eine PIN-Eingabe bei der Bezahlung, verbunden mit dem in die Karte integrierten EMV-Chip, ist man gegen den Missbrauch von Kartendaten nach dem aktuellsten Stand modernster Technik auf allerbeste Art und Weise abgesichert.<br \/>\nWer eine GenialCard sein Eigen nennt, hat <span style=\"text-decoration: underline;\">immer den passenden Betrag zur Hand<\/span> &#8211; dabei spielt es keine Rolle, in welchem Land er sich gerade befindet. Denn weltweit zahlt man mit dieser Kreditkarte bargeldlos &#8211; in der jeweiligen W\u00e4hrung des Landes, in dem man sich gerade aufh\u00e4lt. Und wer doch Bargeld ben\u00f6tigt, kann dies schnell und einfach mit seiner <a href=\"http:\/\/www.crcg.de\/kreditkartenvergleich\/gebuehrenfreie-kreditkarte\/\" target=\"_blank\">geb\u00fchrenfreien Kreditkarte<\/a> am Bankautomaten in n\u00e4chster N\u00e4he abheben.<\/p>\n<p>Jeder Kunde der weiterhin das bisherige Girokonto seiner gewohnten Hausbank nutzen m\u00f6chte, kann das auch weiterhin tun. Denn wer eine GenialCard bei der Hanseatic Bank beantragt, muss dort nicht unbedingt auch ein Girokonto er\u00f6ffnen.<br \/>\nWer mit seiner GenialCard bei den Onlineshops der &#8222;Hanseatic Bank Vorteilswelt&#8220; einkauft bekommt garantiert Geld zur\u00fcck. Denn auf den Nettowarenpreis von Eink\u00e4ufen werden <strong>bis zu 15 % Cashback<\/strong> wieder zur\u00fcckgezahlt.<br \/>\nReisewillige, die ihren Urlaub bei &#8222;Urlaubsplus&#8220; buchen und mit der GenialCard bezahlen, sparen in Sachen Pauschalreisen, Ferienh\u00e4usern, Kreuzfahrten sowie Mietwagen &amp; Co. 5 % des tats\u00e4chlichen Reisepreises. Im Folgemonat &#8211; nach Reiseantritt &#8211; wird der R\u00fcckerstattungsbetrag auf das Girokonto \u00fcberwiesen.<\/p>\n<p>Gem\u00e4\u00df der jeweils aktuellen Konditions\u00fcbersicht werden die Zinsen ab dem Buchungstag berechnet &#8211; der Zins orientiert sich ausschlie\u00dflich nach den Richtlinien des markt\u00fcblichen Zinssatzes. Die Geb\u00fchren f\u00fcr eine \u00dcberweisung betragen lediglich 3,95 \u20ac.<\/p>\n<h3 class=\"heading-text\">Vorteile<\/h3>\n<ul style=\"text-align: justify;\">\n<li>dauerhaft ohne Jahresgeb\u00fchr<\/li>\n<li>bis zu 30 Tage keine Zinsen<\/li>\n<li>bargeldlose Kartenzahlungen innerhalb der EU kostenfrei<\/li>\n<li>hohe Nutzungslimits (sofern der Verf\u00fcgungsrahmen ausreicht)<\/li>\n<li>anf\u00e4nglicher Verf\u00fcgungsrahmen bis 2.500 Euro<\/li>\n<li>Online-Cashbackprogramm in der &#8222;Hanseatic Bank Vorteilswelt&#8220; mit bis zu 15 % Rabatt<\/li>\n<li>5% Rabatt bei Reisebuchungen \u00fcber Partner \u201eUrlaubsplus\u201c<\/li>\n<li>optionale Kreditversicherungen<\/li>\n<li>Kooperationsangebote bei verschiedenen Unternehmen (Karstadt, Notebooksbilliger.de etc.)<\/li>\n<\/ul>\n<h3 class=\"heading-text\">Informationen<\/h3>\n<ul>\n<li>Einkaufslimit im Internet pro Tag: 3.000 Euro<\/li>\n<li>Cashback: Bis zu 15% Cashback \u00fcber 300 Onlineshops<\/li>\n<li>Sicherheit: EMV Chip, PIN-Abfrage bei jeder Kartenzahlung an der Ladenkasse, 3D-Secure<\/li>\n<li>bei Bargeldabhebungen au\u00dferhalb der Euro-Zone fallen zzgl. zu den 3 % (mind. 5,95 Euro) Abhebungsgeb\u00fchren, 1,75 % Auslandseinsatzentgelt an<\/li>\n<\/ul>\n<h3 class=\"heading-text\">Fazit<\/h3>\n<p>Der Besitz einer GenialCard birgt <strong>viele attraktive und lohnenswerte Vorteile<\/strong> der besonderen Art. Sie ist an allen Visa-Akzeptanzstellen einsetzbar und garantiert ihrem Besitzer sowohl eine <strong>sichere bargeldlose Zahlung weltweit<\/strong> als auch die Bargeldabhebung am Geldautomaten in n\u00e4chster N\u00e4he seines Aufenthaltsortes. Dar\u00fcber hinaus kann man eine Partnerkarte beantragen und von <span style=\"text-decoration: underline;\">zahlreichen attraktiven Verg\u00fcnstigungen<\/span> wie zum Beispiel eine facettenreiche Auswahl an Artikeln aus der &#8222;Hanseatic Bank Vorteilswelt&#8220; erhalten. Dar\u00fcber hinaus winken bei dem Hanseatic Bank Partnerunternehmen &#8222;Urlaubplus&#8220; Verg\u00fcnstigungen f\u00fcr die dort gebuchte Urlaubsreise.<br \/>\n<div class=\"table-container-top-button\" style=\"text-align: center;\">\n<form action=\"\/wp-admin\/goto.php\" method=\"post\" target=\"_blank\"><input name=\"ref_url\" type=\"hidden\" value=\"\/goto-hanseaticbank\" \/><input class=\"cpn_btn\" name=\"submit\" type=\"submit\" value=\"Kreditkarte beantragen \u00bb\" \/><\/form>\n<\/div>\n<\/p>\n<h3 class=\"heading-text\">Konditions\u00fcbersicht<\/h3>\n<p>Hier finden Sie die Konditionen der Hanseatic Bank GenialCard.<\/p>\n<h4>Kosten<\/h4>\n<table class=\"table_all\" border=\"0\" width=\"100%\" cellspacing=\"2\" cellpadding=\"5\">\n<tbody>\n<tr valign=\"top\">\n<td class=\"table_all_headline\" colspan=\"2\">Kosten bei Bezahlung<\/td>\n<\/tr>\n<tr valign=\"top\">\n<td class=\"table_all_left\" width=\"35%\">Inland<\/td>\n<td class=\"table_all_right\" width=\"65%\">0,00 Euro<\/td>\n<\/tr>\n<tr valign=\"top\">\n<td class=\"table_all_left\" width=\"35%\">Euro-Zone<\/td>\n<td class=\"table_all_right\" width=\"65%\">0,00 Euro<\/td>\n<\/tr>\n<tr valign=\"top\">\n<td class=\"table_all_left\" width=\"30%\">Fremdw\u00e4hrung innerhalb Europa<\/td>\n<td class=\"table_all_right\" width=\"70%\">1,75% vom Kartenumsatz<\/td>\n<\/tr>\n<tr valign=\"top\">\n<td class=\"table_all_left\" width=\"30%\">Fremdw\u00e4hrung au\u00dferhalb Europa\/Weltweit<\/td>\n<td class=\"table_all_right\" width=\"70%\">1,75% vom Kartenumsatz<\/td>\n<\/tr>\n<\/tbody>\n<\/table>\n<table class=\"table_all\" border=\"0\" width=\"100%\" cellspacing=\"2\" cellpadding=\"5\">\n<tbody>\n<tr valign=\"top\">\n<td class=\"table_all_headline\" colspan=\"2\">Kosten bei Bargeldabhebung<\/td>\n<\/tr>\n<tr valign=\"top\">\n<td class=\"table_all_left\" width=\"35%\">Inland<\/td>\n<td class=\"table_all_right\" width=\"65%\">3,00%, mind. 5,95 Euro<\/td>\n<\/tr>\n<tr valign=\"top\">\n<td class=\"table_all_left\" width=\"35%\">Euro-Zone<\/td>\n<td class=\"table_all_right\" width=\"65%\">3,00%, mind. 5,95 Euro<\/td>\n<\/tr>\n<tr valign=\"top\">\n<td class=\"table_all_left\" width=\"30%\">Fremdw\u00e4hrung innerhalb Europa<\/td>\n<td class=\"table_all_right\" width=\"70%\">3,00%, mind. 5,95 Euro<\/td>\n<\/tr>\n<tr valign=\"top\">\n<td class=\"table_all_left\" width=\"30%\">Fremdw\u00e4hrung au\u00dferhalb Europa\/Weltweit<\/td>\n<td class=\"table_all_right\" width=\"70%\">3,00%, mind. 5,95 Euro<\/td>\n<\/tr>\n<\/tbody>\n<\/table>\n<h4>Zinsen und Geb\u00fchren<\/h4>\n<table class=\"table_all\" border=\"0\" width=\"100%\" cellspacing=\"2\" cellpadding=\"5\">\n<tbody>\n<tr valign=\"top\">\n<td class=\"table_all_headline\" width=\"25%\">Zinsen<strong><br \/>\n<\/strong><\/td>\n<td class=\"table_all_headline\" width=\"40%\">Zinssatz<strong><br \/>\n<\/strong><\/td>\n<\/tr>\n<tr valign=\"top\">\n<td class=\"table_all_left\" width=\"25%\">Soll (effektiver Jahreszins)<\/td>\n<td class=\"table_all_right\" width=\"40%\">16,90%<\/td>\n<\/tr>\n<\/tbody>\n<\/table>\n<table class=\"table_all\" border=\"0\" width=\"100%\" cellspacing=\"2\" cellpadding=\"5\">\n<tbody>\n<tr valign=\"top\">\n<td class=\"table_all_headline\" width=\"15%\">Ausstellungsgeb\u00fchren<strong><br \/>\n<\/strong><\/td>\n<td class=\"table_all_headline\" width=\"40%\">Euro<strong><br \/>\n<\/strong><\/td>\n<\/tr>\n<tr valign=\"top\">\n<td class=\"table_all_left\" width=\"15%\">Ersatzkarte<\/td>\n<td class=\"table_all_right\" width=\"40%\">9,00 Euro<\/td>\n<\/tr>\n<\/tbody>\n<\/table>\n<table class=\"table_all\" border=\"0\" width=\"100%\" cellspacing=\"2\" cellpadding=\"5\">\n<tbody>\n<tr valign=\"top\">\n<td class=\"table_all_headline\" width=\"25%\">Haftung und Limits<strong><br \/>\n<\/strong><\/td>\n<td class=\"table_all_headline\" width=\"40%\">Euro<strong><br \/>\n<\/strong><\/td>\n<\/tr>\n<tr valign=\"top\">\n<td class=\"table_all_left\" width=\"25%\">Max. Haftung<\/td>\n<td class=\"table_all_right\" width=\"40%\">50,00 Euro<\/td>\n<\/tr>\n<tr valign=\"top\">\n<td class=\"table_all_left\" width=\"25%\">Tageslimit<\/td>\n<td class=\"table_all_right\" width=\"40%\">10.000,00 Euro<\/td>\n<\/tr>\n<tr valign=\"top\">\n<td class=\"table_all_left\" width=\"25%\">Cashlimit Tag Inland<\/td>\n<td class=\"table_all_right\" width=\"40%\">500,00 Euro<\/td>\n<\/tr>\n<\/tbody>\n<\/table>\n<h4>Hauptkarte<\/h4>\n<table class=\"table_all\" border=\"0\" width=\"100%\" cellspacing=\"2\" cellpadding=\"5\">\n<tbody>\n<tr valign=\"top\">\n<td class=\"table_all_headline\" width=\"25%\">Umsatz pro Jahr<strong><br \/>\n<\/strong><\/td>\n<td class=\"table_all_headline\" width=\"40%\">Jahresgeb\u00fchr<strong><br \/>\n<\/strong><\/td>\n<\/tr>\n<tr valign=\"top\">\n<td class=\"table_all_left\" width=\"25%\">unabh\u00e4ngig vom Umsatz<\/td>\n<td class=\"table_all_right\" width=\"40%\">0,00 Euro<\/td>\n<\/tr>\n<\/tbody>\n<\/table>\n<h4>Private Partnerkarte<\/h4>\n<table class=\"table_all\" border=\"0\" width=\"100%\" cellspacing=\"2\" cellpadding=\"5\">\n<tbody>\n<tr valign=\"top\">\n<td class=\"table_all_headline\" width=\"25%\">Umsatz pro Jahr<\/td>\n<td class=\"table_all_headline\" width=\"40%\">Jahresgeb\u00fchr<\/td>\n<\/tr>\n<tr valign=\"top\">\n<td class=\"table_all_left\" width=\"25%\">unabh\u00e4ngig vom Umsatz<\/td>\n<td class=\"table_all_right\" width=\"40%\">9,00 Euro<\/td>\n<\/tr>\n<\/tbody>\n<\/table>\n<div class=\"table-container-top-button\" style=\"text-align: center;\">\n<form action=\"\/wp-admin\/goto.php\" method=\"post\" target=\"_blank\"><input name=\"ref_url\" type=\"hidden\" value=\"\/goto-hanseaticbank\" \/><input class=\"cpn_btn\" name=\"submit\" type=\"submit\" value=\"Kreditkarte beantragen \u00bb\" \/><\/form>\n<\/div>\n\n<h3 class=\"heading-text\">User Erfahrungen<\/h3>\n<p>[reviewr]<\/p>\n","protected":false},"excerpt":{"rendered":"<p>Die GenialCard ist eine zeitgem\u00e4\u00dfe Visa-Kreditkarte, die finanzielle Flexibilit\u00e4t und Sicherheit bietet. Innerhalb seines pers\u00f6nlichen Verf\u00fcgungsrahmen kann der Besitzer einer GenialCard sowoh...","protected":false},"author":10,"featured_media":0,"parent":0,"menu_order":0,"comment_status":"closed","ping_status":"closed","template":"","meta":{"_acf_changed":false,"_monsterinsights_skip_tracking":false,"_monsterinsights_sitenote_active":false,"_monsterinsights_sitenote_note":"","_monsterinsights_sitenote_category":0,"footnotes":""},"class_list":["post-4485","page","type-page","status-publish","hentry"],"acf":[],"yoast_head":"<!-- This site is optimized with the Yoast SEO plugin v26.8 - https:\/\/yoast.com\/product\/yoast-seo-wordpress\/ -->\n<title>Hanseatic Bank GenialCard Test 2026 - Aktuelle Erfahrungen<\/title>\n<meta name=\"description\" content=\"Hanseatic Bank GenialCard im unabh\u00e4ngigen Test: Kreditkarte ohne Jahresgeb\u00fchren \u2713 sofort bis zu 2.500,- \u20ac Finanzreserve \u2713 flexible R\u00fcckzahlung \u2713\" \/>\n<meta name=\"robots\" content=\"index, follow, max-snippet:-1, max-image-preview:large, max-video-preview:-1\" \/>\n<link rel=\"canonical\" href=\"https:\/\/www.kreditkartenvergleich.org\/hanseatic-bank-genialcard\/\" \/>\n<meta name=\"twitter:label1\" content=\"Gesch\u00e4tzte Lesezeit\" \/>\n\t<meta name=\"twitter:data1\" content=\"4\u00a0Minuten\" \/>\n<script type=\"application\/ld+json\" class=\"yoast-schema-graph\">{\"@context\":\"https:\/\/schema.org\",\"@graph\":[{\"@type\":\"WebPage\",\"@id\":\"http:\/\/www.crcg.de\/kreditkartenvergleich\/hanseatic-bank-genialcard\/\",\"url\":\"http:\/\/www.crcg.de\/kreditkartenvergleich\/hanseatic-bank-genialcard\/\",\"name\":\"Hanseatic Bank GenialCard Test 2026 - Aktuelle Erfahrungen\",\"isPartOf\":{\"@id\":\"http:\/\/www.crcg.de\/kreditkartenvergleich\/#website\"},\"datePublished\":\"2016-06-13T06:33:41+00:00\",\"dateModified\":\"2017-03-24T19:44:44+00:00\",\"description\":\"Hanseatic Bank GenialCard im unabh\u00e4ngigen Test: Kreditkarte ohne Jahresgeb\u00fchren \u2713 sofort bis zu 2.500,- \u20ac Finanzreserve \u2713 flexible R\u00fcckzahlung \u2713\",\"breadcrumb\":{\"@id\":\"http:\/\/www.crcg.de\/kreditkartenvergleich\/hanseatic-bank-genialcard\/#breadcrumb\"},\"inLanguage\":\"de\",\"potentialAction\":[{\"@type\":\"ReadAction\",\"target\":[\"http:\/\/www.crcg.de\/kreditkartenvergleich\/hanseatic-bank-genialcard\/\"]}]},{\"@type\":\"BreadcrumbList\",\"@id\":\"http:\/\/www.crcg.de\/kreditkartenvergleich\/hanseatic-bank-genialcard\/#breadcrumb\",\"itemListElement\":[{\"@type\":\"ListItem\",\"position\":1,\"name\":\"Startseite\",\"item\":\"http:\/\/www.crcg.de\/kreditkartenvergleich\/\"},{\"@type\":\"ListItem\",\"position\":2,\"name\":\"Hanseatic Bank GenialCard &#8211; Test &#038; Erfahrungen [today format=F] [today format=Y]\"}]},{\"@type\":\"WebSite\",\"@id\":\"http:\/\/www.crcg.de\/kreditkartenvergleich\/#website\",\"url\":\"http:\/\/www.crcg.de\/kreditkartenvergleich\/\",\"name\":\"Kreditkartenvergleich.org\",\"description\":\"Das unabh\u00e4ngige Kreditkarten Vergleich Portal\",\"potentialAction\":[{\"@type\":\"SearchAction\",\"target\":{\"@type\":\"EntryPoint\",\"urlTemplate\":\"http:\/\/www.crcg.de\/kreditkartenvergleich\/?s={search_term_string}\"},\"query-input\":{\"@type\":\"PropertyValueSpecification\",\"valueRequired\":true,\"valueName\":\"search_term_string\"}}],\"inLanguage\":\"de\"}]}<\/script>\n<!-- \/ Yoast SEO plugin. -->","yoast_head_json":{"title":"Hanseatic Bank GenialCard Test 2026 - Aktuelle Erfahrungen","description":"Hanseatic Bank GenialCard im unabh\u00e4ngigen Test: Kreditkarte ohne Jahresgeb\u00fchren \u2713 sofort bis zu 2.500,- \u20ac Finanzreserve \u2713 flexible R\u00fcckzahlung \u2713","robots":{"index":"index","follow":"follow","max-snippet":"max-snippet:-1","max-image-preview":"max-image-preview:large","max-video-preview":"max-video-preview:-1"},"canonical":"https:\/\/www.kreditkartenvergleich.org\/hanseatic-bank-genialcard\/","twitter_misc":{"Gesch\u00e4tzte Lesezeit":"4\u00a0Minuten"},"schema":{"@context":"https:\/\/schema.org","@graph":[{"@type":"WebPage","@id":"http:\/\/www.crcg.de\/kreditkartenvergleich\/hanseatic-bank-genialcard\/","url":"http:\/\/www.crcg.de\/kreditkartenvergleich\/hanseatic-bank-genialcard\/","name":"Hanseatic Bank GenialCard Test 2026 - Aktuelle Erfahrungen","isPartOf":{"@id":"http:\/\/www.crcg.de\/kreditkartenvergleich\/#website"},"datePublished":"2016-06-13T06:33:41+00:00","dateModified":"2017-03-24T19:44:44+00:00","description":"Hanseatic Bank GenialCard im unabh\u00e4ngigen Test: Kreditkarte ohne Jahresgeb\u00fchren \u2713 sofort bis zu 2.500,- \u20ac Finanzreserve \u2713 flexible R\u00fcckzahlung \u2713","breadcrumb":{"@id":"http:\/\/www.crcg.de\/kreditkartenvergleich\/hanseatic-bank-genialcard\/#breadcrumb"},"inLanguage":"de","potentialAction":[{"@type":"ReadAction","target":["http:\/\/www.crcg.de\/kreditkartenvergleich\/hanseatic-bank-genialcard\/"]}]},{"@type":"BreadcrumbList","@id":"http:\/\/www.crcg.de\/kreditkartenvergleich\/hanseatic-bank-genialcard\/#breadcrumb","itemListElement":[{"@type":"ListItem","position":1,"name":"Startseite","item":"http:\/\/www.crcg.de\/kreditkartenvergleich\/"},{"@type":"ListItem","position":2,"name":"Hanseatic Bank GenialCard &#8211; Test &#038; Erfahrungen [today format=F] [today format=Y]"}]},{"@type":"WebSite","@id":"http:\/\/www.crcg.de\/kreditkartenvergleich\/#website","url":"http:\/\/www.crcg.de\/kreditkartenvergleich\/","name":"Kreditkartenvergleich.org","description":"Das unabh\u00e4ngige Kreditkarten Vergleich Portal","potentialAction":[{"@type":"SearchAction","target":{"@type":"EntryPoint","urlTemplate":"http:\/\/www.crcg.de\/kreditkartenvergleich\/?s={search_term_string}"},"query-input":{"@type":"PropertyValueSpecification","valueRequired":true,"valueName":"search_term_string"}}],"inLanguage":"de"}]}},"_links":{"self":[{"href":"http:\/\/www.crcg.de\/kreditkartenvergleich\/wp-json\/wp\/v2\/pages\/4485","targetHints":{"allow":["GET"]}}],"collection":[{"href":"http:\/\/www.crcg.de\/kreditkartenvergleich\/wp-json\/wp\/v2\/pages"}],"about":[{"href":"http:\/\/www.crcg.de\/kreditkartenvergleich\/wp-json\/wp\/v2\/types\/page"}],"author":[{"embeddable":true,"href":"http:\/\/www.crcg.de\/kreditkartenvergleich\/wp-json\/wp\/v2\/users\/10"}],"replies":[{"embeddable":true,"href":"http:\/\/www.crcg.de\/kreditkartenvergleich\/wp-json\/wp\/v2\/comments?post=4485"}],"version-history":[{"count":0,"href":"http:\/\/www.crcg.de\/kreditkartenvergleich\/wp-json\/wp\/v2\/pages\/4485\/revisions"}],"wp:attachment":[{"href":"http:\/\/www.crcg.de\/kreditkartenvergleich\/wp-json\/wp\/v2\/media?parent=4485"}],"curies":[{"name":"wp","href":"https:\/\/api.w.org\/{rel}","templated":true}]}}