


{"id":4483,"date":"2016-06-13T07:33:50","date_gmt":"2016-06-13T06:33:50","guid":{"rendered":"http:\/\/www.kreditkartenvergleich.org\/?page_id=4483"},"modified":"2017-03-24T20:47:21","modified_gmt":"2017-03-24T19:47:21","slug":"wuestenrot-visa-classic-test-erfahrungen-today-formatf-today-formaty","status":"publish","type":"page","link":"http:\/\/www.crcg.de\/kreditkartenvergleich\/wuestenrot-visa-classic\/","title":{"rendered":"W\u00fcstenrot Visa Classic &#8211; Test &#038; Erfahrungen [today format=F] [today format=Y]"},"content":{"rendered":"<div class=\"visit-provider\" style=\"text-align: center;\">\n<p><img decoding=\"async\" src=\"..\/wp-content\/uploads\/Wuestenrot_Visa_Classic.jpg\" alt=\"Bank Logo\" \/><\/p>\n<div style=\"text-align: center;\">\n<form action=\"http:\/\/www.crcg.de\/kreditkartenvergleich\/wp-admin\/goto.php\" method=\"post\" target=\"_blank\"><input name=\"ref_url\" type=\"hidden\" value=\"http:\/\/www.crcg.de\/kreditkartenvergleich\/goto-wuestenrot-classic\" \/><input name=\"submit\" type=\"submit\" class=\"cpn_btn\" value=\"Zur Bank\" \/><\/form>\n<\/div>\n<div id=\"table_details\">\n<table class=\"table_details_bewertung\" border=\"0\" width=\"100%\">\n<tbody>\n<tr>\n<td align=\"center\" nowrap=\"nowrap\"><span class=\"table_details_bewertung_head\">Bewertung<\/span><span class=\"table_details_bewertung_punkte\">93\/100<\/span><span class=\"table_details_bewertung_note\"><b>SEHR GUT<\/b><\/span><\/td>\n<\/tr>\n<\/tbody>\n<\/table>\n<div id=\"table_details_abstand\"><\/div>\n<table class=\"table_details_block\" border=\"0\" width=\"100%\" cellspacing=\"1\" cellpadding=\"3\">\n<tbody>\n<tr>\n<td class=\"table_details_block_head\" colspan=\"2\" align=\"center\"><b>Allgemein<\/b><\/td>\n<\/tr>\n<tr>\n<td class=\"table_details_block_zelle_left\">eff. Jahreszins:<\/td>\n<td class=\"table_details_block_zelle_right\"><b>24 <\/b>\/ 25<\/td>\n<\/tr>\n<tr>\n<td class=\"table_details_block_zelle_left\">Geb\u00fchren:<\/td>\n<td class=\"table_details_block_zelle_right\"><b>18 <\/b>\/ 20<\/td>\n<\/tr>\n<tr>\n<td class=\"table_details_block_zelle_left\">Bonus:<\/td>\n<td class=\"table_details_block_zelle_right\"><b>13 <\/b>\/ 15<\/td>\n<\/tr>\n<tr>\n<td class=\"table_details_block_zelle_left\"><b>Total:<\/b><\/td>\n<td class=\"table_details_block_zelle_right\"><b>55 <\/b>\/ 60<\/td>\n<\/tr>\n<\/tbody>\n<\/table>\n<div id=\"table_details_abstand\"><\/div>\n<table class=\"table_details_block\" border=\"0\" width=\"100%\" cellspacing=\"1\" cellpadding=\"3\">\n<tbody>\n<tr>\n<td class=\"table_details_block_head\" colspan=\"2\" align=\"center\"><b>Leistungen<\/b><\/td>\n<\/tr>\n<tr>\n<td class=\"table_details_block_zelle_left\">Angebote:<\/td>\n<td class=\"table_details_block_zelle_right\"><b>9<\/b> \/ 10<\/td>\n<\/tr>\n<tr>\n<td class=\"table_details_block_zelle_left\">Besonderheiten:<\/td>\n<td class=\"table_details_block_zelle_right\"><b>5<\/b> \/ 5<\/td>\n<\/tr>\n<tr>\n<td class=\"table_details_block_zelle_left\">Versicherung:<\/td>\n<td class=\"table_details_block_zelle_right\"><b>5<\/b> \/ 5<\/td>\n<\/tr>\n<tr>\n<td class=\"table_details_block_zelle_left\"><b>Total:<\/b><\/td>\n<td class=\"table_details_block_zelle_right\"><b>19<\/b> \/ 20<\/td>\n<\/tr>\n<\/tbody>\n<\/table>\n<div id=\"table_details_abstand\"><\/div>\n<table class=\"table_details_block\" border=\"0\" width=\"100%\" cellspacing=\"1\" cellpadding=\"3\">\n<tbody>\n<tr>\n<td class=\"table_details_block_head\" colspan=\"2\" align=\"center\"><b>Kundenservice<\/b><\/td>\n<\/tr>\n<tr>\n<td class=\"table_details_block_zelle_left\">Beratung:<\/td>\n<td class=\"table_details_block_zelle_right\"><b>10<\/b> \/ 10<\/td>\n<\/tr>\n<tr>\n<td class=\"table_details_block_zelle_left\">Hotline:<\/td>\n<td class=\"table_details_block_zelle_right\"><b>4<\/b> \/ 5<\/td>\n<\/tr>\n<tr>\n<td class=\"table_details_block_zelle_left\">Sicherheit:<\/td>\n<td class=\"table_details_block_zelle_right\"><b>5<\/b> \/ 5<\/td>\n<\/tr>\n<tr>\n<td class=\"table_details_block_zelle_left\"><b>Total:<\/b><\/td>\n<td class=\"table_details_block_zelle_right\"><b>19<\/b> \/ 20<\/td>\n<\/tr>\n<\/tbody>\n<\/table>\n<\/div>\n<\/div>\n\n<p>Um eine Visa Classic Kreditkarte von W\u00fcstenrot zu bekommen, m\u00fcssen Sie auch ein <strong>W\u00fcstenrot Top Girokonto<\/strong> besitzen, oder abschlie\u00dfen. Die Voraussetzungen sind, dass Sie vollj\u00e4hrig sind, Bonit\u00e4t vorweisen k\u00f6nnen und einer SCHUFA-Auskunft zustimmen. Haben Sie noch nie mit W\u00fcstenrot-Produkten zu tun gehabt, dann m\u00fcssen Sie sich legitimieren von einem Bankmitarbeiter. Dies kann per Post oder Video geschehen. Haben Sie dann ein Girokonto mit Kreditkarte der W\u00fcstenrot-Bank, so k\u00f6nnen Sie an jedem inl\u00e4ndischen Bankautomaten mit Visa-Logo Geld abheben. Die ersten 24 Abhebungen im Jahr kosten Sie nichts, ab der 25. Abhebung wird Ihnen eine kleine Geb\u00fchr von 1,99 \u20ac berechnet. F\u00fcr Abhebungen bei fremden Banken m\u00fcssen Sie noch eine zus\u00e4tzliche Geb\u00fchr zahlen, informieren Sie sich dazu bei der jeweiligen Bank. Die <strong>maximale Summe pro Tag betr\u00e4gt 1.000 \u20ac<\/strong>, pro Monat sind es, bei der Visa Classic Kreditkarte, 2.500 \u20ac.<\/p>\n<h3 class=\"heading-text\">Besonderheiten<\/h3>\n<p>Die W\u00fcstenrot Bank bietet <strong>sichere Zahlungsweise weltweit<\/strong> an \u00fcber 9.000 Automaten. Nutzen Sie im Ausland die Kreditkarte und wollen an einem Automaten Geld abheben, so k\u00f6nnen Sie mit dem ATM Locator den n\u00e4chsten Geldautomaten suchen und anzeigen lassen. Zudem ist die Kreditkarte im ersten Jahr. unabh\u00e4ngig vom Umsatz, beitragsfrei. Danach f\u00e4llt bei Ums\u00e4tzen unter 2.000\u20ac eine Jahresgeb\u00fchr von 19,00\u20ac an. Bei einem Jahresumsatz von 2.000\u20ac ist die Kreditkarte beitragsfrei. F\u00fcr Kunden unter 25 Jahren ist die Karte unabh\u00e4ngig vom Umsatz beitragsfrei.<\/p>\n<p>Eine weitere Besonderheit ist die <span style=\"text-decoration: underline;\">Ersparnis von 5% auf Reisebuchungen bei W\u00fcstenrot<\/span>. Auf Reisen, die bei dem Dienstleister Urlaubsplus gebucht werden, erhalten Sie, mit Kreditkartenzahlung 5% Rabatt auf den Endpreis.<br \/>\nZudem gibt es viele <a href=\"http:\/\/www.crcg.de\/kreditkartenvergleich\/wuestenrot-visa-classic\/#Vorteile\">Vorteile<\/a> bei den Partnern im Cash-Back-Programm von W\u00fcstenrot. Wenn Sie W\u00fcstenrotkunde sind, bekommen Sie <strong>15% Cashback auf Ihre Eink\u00e4ufe<\/strong> bei Partnern. Dies sind unter anderem, Deichmann und Zalando.<br \/>\nSie haben die volle Kontrolle \u00fcber Finanzen per W\u00fcstenrot <strong>Mobile Banking App<\/strong>. Sie haben die Wahl zwischen zwei Apps: Eine Mobile Banking App, mit dieser k\u00f6nnen Sie nahezu alle Kartenfunktionen nutzen. Die Kontostand App ist etwas einfacher, hiermit k\u00f6nnen Sie Ihre Buchungsvorg\u00e4nge und den Kontostand einsehen. \u00dcberweisungen sind hiermit nicht m\u00f6glich. Die App dient nur der Information \u00fcber Ihre Zahlungsvorg\u00e4nge.<br \/>\n<strong>Ein Verrechnungskonto bei W\u00fcstenrot zur Kreditkarte gibt es f\u00fcr Sie kostenlos.<\/strong> Mit dem Top Giro bekommen Sie nach drei aufeinanderfolgenden Geldeing\u00e4ngen \u00fcber 1.000 \u20ac, eine Bonuszahlung von 100 \u20ac.<br \/>\nProfitieren Sie von den umfangreichen Serviceangeboten f\u00fcr Ihre Visa Classic Kreditkarte. Bei Problemen mit Ihrer Karte k\u00f6nnen Sie sich an einen der Mitarbeiter wenden. Egal ob online, per Telefon, oder pers\u00f6nlich in einer Filiale. Aufgrund einer sorgf\u00e4ltigen Pr\u00fcfung kann es bis zu einer Woche dauern, bis Ihr Anliegen bearbeitet wurde.<\/p>\n<h3 class=\"heading-text\">Vorteile<\/h3>\n<ul style=\"text-align: justify;\">\n<li>j\u00e4hrlich bis zu 24 Bargeldabhebungen weltweit kostenlos (danach 0,99 \u20ac je Abhebung)<\/li>\n<li>kein monatlicher Mindestgeldeingang erforderlich<\/li>\n<li>Kreditkarten-Abrechnung erfolgt einmal monatlich<\/li>\n<li>vollwertige VISA Card zum Nulltarif mit dauerhaft kostenlosem Girokonto<\/li>\n<li>bis zu 15 % Online-Cashback<\/li>\n<li>kein Post-Ident erforderlich: Kontoer\u00f6ffnung mit Personalausweis \u00fcber das Internet per Video-Ident m\u00f6glich<\/li>\n<li>kein Auslandseinsatzentgelt bei bargeldloser Zahlung in der Eurozone (au\u00dferhalb 1,50 % des Umsatzes)<\/li>\n<li>kostenloser Bargeldbezug in Deutschland dank kostenloser Maestro-Karte<\/li>\n<li>kostenlose App f\u00fcr iOS und Android (z.B. Umsatz- und Kontostandanzeige f\u00fcr Girokonto und Kreditkarte, \u00dcberweisungen ausf\u00fchren, Anbindung weiterer Bankverbindungen m\u00f6glich)<\/li>\n<\/ul>\n<h3 class=\"heading-text\">Informationen<\/h3>\n<ul>\n<li>nur in Verbindung mit dem kostenlosen Girokonto &#8222;Top Giro&#8220;<\/li>\n<li>das Tageslimit i.H.v. 1.000 Euro gilt in Summe f\u00fcr Bargeldbezug und bargeldlosem Kartenumsatz<\/li>\n<li>der angegebene Sollzins bezieht sich auf den Dispokredit zum Girokonto<\/li>\n<li>Sicherheit: kostenlose Kontostandsmitteilung per SMS, Verified by Visa<\/li>\n<li>Cashback: bis zu 15 % Cashback bei den Online-Partnern, u.a. bei Zalando, Amazon, OBI oder Karstadt.<\/li>\n<\/ul>\n<h3 class=\"heading-text\">Fazit<\/h3>\n<p>Die Visa Classic Kreditkarte ist sehr gut geeignet, f\u00fcr junge Leute. Sie kostet nur eine geringe Geb\u00fchr und ist <span style=\"text-decoration: underline;\">f\u00fcr Kunden unter 25 kostenlos<\/span>. Ab einem Umsatz von nur 2.000 \u20ac zahlen Sie ebenfalls keine Geb\u00fchren. Auch dies macht die Karte<strong> f\u00fcr junge Leute attraktiv<\/strong>. Fast alles, was man mit der Karte machen kann, l\u00e4sst sich auch online erledigen. Lediglich Bargeld k\u00f6nnen Sie online noch nicht abheben. Bei Problemen, haben Sie immer einen kompetenten Ansprechpartner vor Ort, oder am Telefon. Die Beantragung Ihrer Visa Classic Kreditkarte werden Sie also nicht bereuen k\u00f6nnen.<br \/>\n<div class=\"table-container-top-button\" style=\"text-align: center;\">\n<form action=\"\/wp-admin\/goto.php\" method=\"post\" target=\"_blank\"><input name=\"ref_url\" type=\"hidden\" value=\"\/goto-wuestenrot-classic\" \/><input class=\"cpn_btn\" name=\"submit\" type=\"submit\" value=\"Kreditkarte beantragen \u00bb\" \/><\/form>\n<\/div>\n<\/p>\n<h3 class=\"heading-text\">Konditions\u00fcbersicht<\/h3>\n<p>Hier finden Sie die Konditionen der W\u00fcstenrot Visa Classic.<\/p>\n<h4>Kosten<\/h4>\n<table class=\"table_all\" border=\"0\" width=\"100%\" cellspacing=\"2\" cellpadding=\"5\">\n<tbody>\n<tr valign=\"top\">\n<td class=\"table_all_headline\" colspan=\"2\">Kosten bei Bezahlung<\/td>\n<\/tr>\n<tr valign=\"top\">\n<td class=\"table_all_left\" width=\"35%\">Inland<\/td>\n<td class=\"table_all_right\" width=\"65%\">0,00 Euro<\/td>\n<\/tr>\n<tr valign=\"top\">\n<td class=\"table_all_left\" width=\"35%\">Euro-Zone<\/td>\n<td class=\"table_all_right\" width=\"65%\">0,00 Euro<\/td>\n<\/tr>\n<tr valign=\"top\">\n<td class=\"table_all_left\" width=\"30%\">Fremdw\u00e4hrung innerhalb Europa<\/td>\n<td class=\"table_all_right\" width=\"70%\">1,5% des Transaktionsvolumens<\/td>\n<\/tr>\n<tr valign=\"top\">\n<td class=\"table_all_left\" width=\"30%\">Fremdw\u00e4hrung au\u00dferhalb Europa\/Weltweit<\/td>\n<td class=\"table_all_right\" width=\"70%\">1,5% des Transaktionsvolumens<\/td>\n<\/tr>\n<\/tbody>\n<\/table>\n<table class=\"table_all\" border=\"0\" width=\"100%\" cellspacing=\"2\" cellpadding=\"5\">\n<tbody>\n<tr valign=\"top\">\n<td class=\"table_all_headline\" colspan=\"2\">Kosten bei Bargeldabhebung<\/td>\n<\/tr>\n<tr valign=\"top\">\n<td class=\"table_all_left\" width=\"35%\">Inland<\/td>\n<td class=\"table_all_right\" width=\"65%\">0,00 Euro f\u00fcr die ersten 24 Abhebungen je Kalenderjahr und 0,99 EUR ab der 25. Abhebung<\/td>\n<\/tr>\n<tr valign=\"top\">\n<td class=\"table_all_left\" width=\"35%\">Euro-Zone<\/td>\n<td class=\"table_all_right\" width=\"65%\">0,00 Euro f\u00fcr die ersten 24 Abhebungen je Kalenderjahr und 0,99 EUR ab der 25. Abhebung<\/td>\n<\/tr>\n<tr valign=\"top\">\n<td class=\"table_all_left\" width=\"30%\">Fremdw\u00e4hrung innerhalb Europa<\/td>\n<td class=\"table_all_right\" width=\"70%\">0,00 Euro f\u00fcr die ersten 24 Abhebungen je Kalenderjahr und 0,99 EUR ab der 25. Abhebung<\/td>\n<\/tr>\n<tr valign=\"top\">\n<td class=\"table_all_left\" width=\"30%\">Fremdw\u00e4hrung au\u00dferhalb Europa\/Weltweit<\/td>\n<td class=\"table_all_right\" width=\"70%\">0,00 Euro f\u00fcr die ersten 24 Abhebungen je Kalenderjahr und 0,99 EUR ab der 25. Abhebung<\/td>\n<\/tr>\n<\/tbody>\n<\/table>\n<h4>Zinsen und Geb\u00fchren<\/h4>\n<table class=\"table_all\" border=\"0\" width=\"100%\" cellspacing=\"2\" cellpadding=\"5\">\n<tbody>\n<tr valign=\"top\">\n<td class=\"table_all_headline\" width=\"25%\">Zinsen<strong><br \/>\n<\/strong><\/td>\n<td class=\"table_all_headline\" width=\"40%\">Zinssatz<strong><br \/>\n<\/strong><\/td>\n<\/tr>\n<tr valign=\"top\">\n<td class=\"table_all_left\" width=\"25%\">Soll (effektiver Jahreszins)<\/td>\n<td class=\"table_all_right\" width=\"40%\">11,09%<\/td>\n<\/tr>\n<\/tbody>\n<\/table>\n<table class=\"table_all\" border=\"0\" width=\"100%\" cellspacing=\"2\" cellpadding=\"5\">\n<tbody>\n<tr valign=\"top\">\n<td class=\"table_all_headline\" width=\"15%\">Ausstellungsgeb\u00fchren<strong><br \/>\n<\/strong><\/td>\n<td class=\"table_all_headline\" width=\"40%\">Euro<strong><br \/>\n<\/strong><\/td>\n<\/tr>\n<tr valign=\"top\">\n<td class=\"table_all_left\" width=\"15%\">Ersatzkarte<\/td>\n<td class=\"table_all_right\" width=\"40%\">15,00 Euro<\/td>\n<\/tr>\n<tr valign=\"top\">\n<td class=\"table_all_left\" width=\"15%\">Notfallersatzkarte<\/td>\n<td class=\"table_all_right\" width=\"40%\">250,00 Euro<\/td>\n<\/tr>\n<\/tbody>\n<\/table>\n<table class=\"table_all\" border=\"0\" width=\"100%\" cellspacing=\"2\" cellpadding=\"5\">\n<tbody>\n<tr valign=\"top\">\n<td class=\"table_all_headline\" width=\"25%\">Haftung und Limits<strong><br \/>\n<\/strong><\/td>\n<td class=\"table_all_headline\" width=\"40%\">Euro<strong><br \/>\n<\/strong><\/td>\n<\/tr>\n<tr valign=\"top\">\n<td class=\"table_all_left\" width=\"25%\">Max. Haftung<\/td>\n<td class=\"table_all_right\" width=\"40%\">150,00 Euro<\/td>\n<\/tr>\n<tr valign=\"top\">\n<td class=\"table_all_left\" width=\"25%\">Tageslimit<\/td>\n<td class=\"table_all_right\" width=\"40%\">1000,00 Euro<\/td>\n<\/tr>\n<tr valign=\"top\">\n<td class=\"table_all_left\" width=\"25%\">Monatslimit<\/td>\n<td class=\"table_all_right\" width=\"40%\">2500,00 Euro<\/td>\n<\/tr>\n<\/tbody>\n<\/table>\n<h4>Hauptkarte<\/h4>\n<table class=\"table_all\" border=\"0\" width=\"100%\" cellspacing=\"2\" cellpadding=\"5\">\n<tbody>\n<tr valign=\"top\">\n<td class=\"table_all_headline\" width=\"25%\">Im ersten Jahr<strong><br \/>\n<\/strong><\/td>\n<td class=\"table_all_headline\" width=\"40%\">Jahresgeb\u00fchr<strong><br \/>\n<\/strong><\/td>\n<\/tr>\n<tr valign=\"top\">\n<td class=\"table_all_left\" width=\"25%\">unabh\u00e4ngig vom Umsatz<\/td>\n<td class=\"table_all_right\" width=\"40%\">0,00 Euro<\/td>\n<\/tr>\n<\/tbody>\n<\/table>\n<table class=\"table_all\" border=\"0\" width=\"100%\" cellspacing=\"2\" cellpadding=\"5\">\n<tbody>\n<tr valign=\"top\">\n<td class=\"table_all_headline\" width=\"25%\">Ab dem 2. Jahr<strong><br \/>\n<\/strong><\/td>\n<td class=\"table_all_headline\" width=\"40%\">Jahresgeb\u00fchr<strong><br \/>\n<\/strong><\/td>\n<\/tr>\n<tr valign=\"top\">\n<td class=\"table_all_left\" width=\"25%\">ab 2000 Euro Umsatz pro Jahr<\/td>\n<td class=\"table_all_right\" width=\"40%\">0,00 Euro<\/td>\n<\/tr>\n<tr valign=\"top\">\n<td class=\"table_all_left\" width=\"25%\">unter 2000 Euro Umsatz pro Jahr<\/td>\n<td class=\"table_all_right\" width=\"40%\">19,00 Euro<\/td>\n<\/tr>\n<\/tbody>\n<\/table>\n<h4>Private Partnerkarte<\/h4>\n<table class=\"table_all\" border=\"0\" width=\"100%\" cellspacing=\"2\" cellpadding=\"5\">\n<tbody>\n<tr valign=\"top\">\n<td class=\"table_all_headline\" width=\"25%\">Umsatz pro Jahr<\/td>\n<td class=\"table_all_headline\" width=\"40%\">Jahresgeb\u00fchr<\/td>\n<\/tr>\n<tr valign=\"top\">\n<td class=\"table_all_left\" width=\"25%\">unabh\u00e4ngig vom Umsatz<\/td>\n<td class=\"table_all_right\" width=\"40%\">0,00 Euro<\/td>\n<\/tr>\n<\/tbody>\n<\/table>\n<div class=\"table-container-top-button\" style=\"text-align: center;\">\n<form action=\"\/wp-admin\/goto.php\" method=\"post\" target=\"_blank\"><input name=\"ref_url\" type=\"hidden\" value=\"\/goto-wuestenrot-classic\" \/><input class=\"cpn_btn\" name=\"submit\" type=\"submit\" value=\"Kreditkarte beantragen \u00bb\" \/><\/form>\n<\/div>\n\n<h3 class=\"heading-text\">User Erfahrungen<\/h3>\n<p>[reviewr]<\/p>\n","protected":false},"excerpt":{"rendered":"<p>Um eine Visa Classic Kreditkarte von W\u00fcstenrot zu bekommen, m\u00fcssen Sie auch ein W\u00fcstenrot Top Girokonto besitzen, oder abschlie\u00dfen. Die Voraussetzungen sind, dass Sie vollj\u00e4hrig sind, Bonit\u00e4t...","protected":false},"author":10,"featured_media":0,"parent":0,"menu_order":0,"comment_status":"closed","ping_status":"closed","template":"","meta":{"_acf_changed":false,"_monsterinsights_skip_tracking":false,"_monsterinsights_sitenote_active":false,"_monsterinsights_sitenote_note":"","_monsterinsights_sitenote_category":0,"footnotes":""},"class_list":["post-4483","page","type-page","status-publish","hentry"],"acf":[],"yoast_head":"<!-- This site is optimized with the Yoast SEO plugin v26.8 - https:\/\/yoast.com\/product\/yoast-seo-wordpress\/ -->\n<title>W\u00fcstenrot Visa Classic Test 2026 - Aktuelle Erfahrungen<\/title>\n<meta name=\"description\" content=\"ICS Visa World Card im unabh\u00e4ngigen Test: Kreditkarte ohne Jahresgeb\u00fchren \u2713 geb\u00fchrenfreies Geldabheben \u2713 kostenloses Girokonto \u2713 Cash-Back-Programme \u2713\" \/>\n<meta name=\"robots\" content=\"index, follow, max-snippet:-1, max-image-preview:large, max-video-preview:-1\" \/>\n<link rel=\"canonical\" href=\"https:\/\/www.kreditkartenvergleich.org\/wuestenrot-visa-classic\/\" \/>\n<meta name=\"twitter:label1\" content=\"Gesch\u00e4tzte Lesezeit\" \/>\n\t<meta name=\"twitter:data1\" content=\"4\u00a0Minuten\" \/>\n<script type=\"application\/ld+json\" class=\"yoast-schema-graph\">{\"@context\":\"https:\/\/schema.org\",\"@graph\":[{\"@type\":\"WebPage\",\"@id\":\"http:\/\/www.crcg.de\/kreditkartenvergleich\/wuestenrot-visa-classic\/\",\"url\":\"http:\/\/www.crcg.de\/kreditkartenvergleich\/wuestenrot-visa-classic\/\",\"name\":\"W\u00fcstenrot Visa Classic Test 2026 - Aktuelle Erfahrungen\",\"isPartOf\":{\"@id\":\"http:\/\/www.crcg.de\/kreditkartenvergleich\/#website\"},\"datePublished\":\"2016-06-13T06:33:50+00:00\",\"dateModified\":\"2017-03-24T19:47:21+00:00\",\"description\":\"ICS Visa World Card im unabh\u00e4ngigen Test: Kreditkarte ohne Jahresgeb\u00fchren \u2713 geb\u00fchrenfreies Geldabheben \u2713 kostenloses Girokonto \u2713 Cash-Back-Programme \u2713\",\"breadcrumb\":{\"@id\":\"http:\/\/www.crcg.de\/kreditkartenvergleich\/wuestenrot-visa-classic\/#breadcrumb\"},\"inLanguage\":\"de\",\"potentialAction\":[{\"@type\":\"ReadAction\",\"target\":[\"http:\/\/www.crcg.de\/kreditkartenvergleich\/wuestenrot-visa-classic\/\"]}]},{\"@type\":\"BreadcrumbList\",\"@id\":\"http:\/\/www.crcg.de\/kreditkartenvergleich\/wuestenrot-visa-classic\/#breadcrumb\",\"itemListElement\":[{\"@type\":\"ListItem\",\"position\":1,\"name\":\"Startseite\",\"item\":\"http:\/\/www.crcg.de\/kreditkartenvergleich\/\"},{\"@type\":\"ListItem\",\"position\":2,\"name\":\"W\u00fcstenrot Visa Classic &#8211; Test &#038; Erfahrungen [today format=F] [today format=Y]\"}]},{\"@type\":\"WebSite\",\"@id\":\"http:\/\/www.crcg.de\/kreditkartenvergleich\/#website\",\"url\":\"http:\/\/www.crcg.de\/kreditkartenvergleich\/\",\"name\":\"Kreditkartenvergleich.org\",\"description\":\"Das unabh\u00e4ngige Kreditkarten Vergleich Portal\",\"potentialAction\":[{\"@type\":\"SearchAction\",\"target\":{\"@type\":\"EntryPoint\",\"urlTemplate\":\"http:\/\/www.crcg.de\/kreditkartenvergleich\/?s={search_term_string}\"},\"query-input\":{\"@type\":\"PropertyValueSpecification\",\"valueRequired\":true,\"valueName\":\"search_term_string\"}}],\"inLanguage\":\"de\"}]}<\/script>\n<!-- \/ Yoast SEO plugin. -->","yoast_head_json":{"title":"W\u00fcstenrot Visa Classic Test 2026 - Aktuelle Erfahrungen","description":"ICS Visa World Card im unabh\u00e4ngigen Test: Kreditkarte ohne Jahresgeb\u00fchren \u2713 geb\u00fchrenfreies Geldabheben \u2713 kostenloses Girokonto \u2713 Cash-Back-Programme \u2713","robots":{"index":"index","follow":"follow","max-snippet":"max-snippet:-1","max-image-preview":"max-image-preview:large","max-video-preview":"max-video-preview:-1"},"canonical":"https:\/\/www.kreditkartenvergleich.org\/wuestenrot-visa-classic\/","twitter_misc":{"Gesch\u00e4tzte Lesezeit":"4\u00a0Minuten"},"schema":{"@context":"https:\/\/schema.org","@graph":[{"@type":"WebPage","@id":"http:\/\/www.crcg.de\/kreditkartenvergleich\/wuestenrot-visa-classic\/","url":"http:\/\/www.crcg.de\/kreditkartenvergleich\/wuestenrot-visa-classic\/","name":"W\u00fcstenrot Visa Classic Test 2026 - Aktuelle Erfahrungen","isPartOf":{"@id":"http:\/\/www.crcg.de\/kreditkartenvergleich\/#website"},"datePublished":"2016-06-13T06:33:50+00:00","dateModified":"2017-03-24T19:47:21+00:00","description":"ICS Visa World Card im unabh\u00e4ngigen Test: Kreditkarte ohne Jahresgeb\u00fchren \u2713 geb\u00fchrenfreies Geldabheben \u2713 kostenloses Girokonto \u2713 Cash-Back-Programme \u2713","breadcrumb":{"@id":"http:\/\/www.crcg.de\/kreditkartenvergleich\/wuestenrot-visa-classic\/#breadcrumb"},"inLanguage":"de","potentialAction":[{"@type":"ReadAction","target":["http:\/\/www.crcg.de\/kreditkartenvergleich\/wuestenrot-visa-classic\/"]}]},{"@type":"BreadcrumbList","@id":"http:\/\/www.crcg.de\/kreditkartenvergleich\/wuestenrot-visa-classic\/#breadcrumb","itemListElement":[{"@type":"ListItem","position":1,"name":"Startseite","item":"http:\/\/www.crcg.de\/kreditkartenvergleich\/"},{"@type":"ListItem","position":2,"name":"W\u00fcstenrot Visa Classic &#8211; Test &#038; Erfahrungen [today format=F] [today format=Y]"}]},{"@type":"WebSite","@id":"http:\/\/www.crcg.de\/kreditkartenvergleich\/#website","url":"http:\/\/www.crcg.de\/kreditkartenvergleich\/","name":"Kreditkartenvergleich.org","description":"Das unabh\u00e4ngige Kreditkarten Vergleich Portal","potentialAction":[{"@type":"SearchAction","target":{"@type":"EntryPoint","urlTemplate":"http:\/\/www.crcg.de\/kreditkartenvergleich\/?s={search_term_string}"},"query-input":{"@type":"PropertyValueSpecification","valueRequired":true,"valueName":"search_term_string"}}],"inLanguage":"de"}]}},"_links":{"self":[{"href":"http:\/\/www.crcg.de\/kreditkartenvergleich\/wp-json\/wp\/v2\/pages\/4483","targetHints":{"allow":["GET"]}}],"collection":[{"href":"http:\/\/www.crcg.de\/kreditkartenvergleich\/wp-json\/wp\/v2\/pages"}],"about":[{"href":"http:\/\/www.crcg.de\/kreditkartenvergleich\/wp-json\/wp\/v2\/types\/page"}],"author":[{"embeddable":true,"href":"http:\/\/www.crcg.de\/kreditkartenvergleich\/wp-json\/wp\/v2\/users\/10"}],"replies":[{"embeddable":true,"href":"http:\/\/www.crcg.de\/kreditkartenvergleich\/wp-json\/wp\/v2\/comments?post=4483"}],"version-history":[{"count":0,"href":"http:\/\/www.crcg.de\/kreditkartenvergleich\/wp-json\/wp\/v2\/pages\/4483\/revisions"}],"wp:attachment":[{"href":"http:\/\/www.crcg.de\/kreditkartenvergleich\/wp-json\/wp\/v2\/media?parent=4483"}],"curies":[{"name":"wp","href":"https:\/\/api.w.org\/{rel}","templated":true}]}}