


{"id":3626,"date":"2014-02-04T09:16:19","date_gmt":"2014-02-04T08:16:19","guid":{"rendered":"http:\/\/www.kreditkartenvergleich.org\/?page_id=3626"},"modified":"2017-09-12T12:04:01","modified_gmt":"2017-09-12T11:04:01","slug":"kreditkarte-wieder-entsperren","status":"publish","type":"page","link":"http:\/\/www.crcg.de\/kreditkartenvergleich\/ratgeber\/kreditkarte-wieder-entsperren\/","title":{"rendered":"Kreditkarte wieder entsperren"},"content":{"rendered":"<p>Eine gesperrte Kreditkarte l\u00e4sst sich grunds\u00e4tzlich wieder entsperren. Wie die <strong>Entsperrung funktioniert<\/strong>, richtet sich nach der Ursache der <strong>vorl\u00e4ufigen Deaktivierung der Karte<\/strong>.<\/p>\n<h2>Entsperrung nach Verlust und Wiederauffinden der Karte<\/h2>\n<p><img decoding=\"async\" class=\"alignright wp-image-3627\" style=\"margin-left: 10px; margin-bottom: 8px; border: 0px none;\" src=\"http:\/\/www.crcg.de\/kreditkartenvergleich\/wp-content\/uploads\/sperrung-276x300.jpg\" alt=\"Sperrung der Kreditkarte\" width=\"166\" height=\"180\" srcset=\"http:\/\/www.crcg.de\/kreditkartenvergleich\/wp-content\/uploads\/sperrung-276x300.jpg 276w, http:\/\/www.crcg.de\/kreditkartenvergleich\/wp-content\/uploads\/sperrung-92x100.jpg 92w, http:\/\/www.crcg.de\/kreditkartenvergleich\/wp-content\/uploads\/sperrung.jpg 346w\" sizes=\"(max-width: 166px) 100vw, 166px\" \/>Kreditkartenbesitzer m\u00fcssen eine <a title=\"Verlorene oder gestohlene Kreditkarte\" href=\"http:\/\/www.crcg.de\/kreditkartenvergleich\/ratgeber\/verlust-der-kreditkarte\/\" target=\"_blank\" rel=\"noopener\">verlorene oder gestohlene Karte<\/a> umgehend sperren lassen, damit sie <a title=\"Missbrauchsfall\" href=\"http:\/\/www.crcg.de\/kreditkartenvergleich\/ratgeber\/missbrauch-der-kreditkarte\/\" target=\"_blank\" rel=\"noopener\">bei einem Missbrauch<\/a> nicht beziehungsweise nur mit einem geringen Betrag haften. Eine <strong>Verz\u00f6gerung der Verlustmitteilung<\/strong> w\u00fcrde zu h\u00f6heren Kosten f\u00fchren, wenn ein Dieb oder Finder mit der fremden Karte bezahlt. Die <strong>unmittelbar nach der Nichtauffindbarkeit der Kreditkarte<\/strong> abzugebende Meldung an den Emittenten beziehungsweise die Kreditkartengesellschaft bewirkt aber auch, dass scheinbar verlorene oder gestohlene Kreditkarten in Wirklichkeit nur <strong>durch ihren Besitzer verlegt<\/strong> wurden. In diesem Fall ist erfolgt die <strong>Entsperrung der Kreditkarte<\/strong>, indem der Kartenbesitzer <a title=\"Gleiche Rufnummer zur Entsperrung wie zur Sperrung\" href=\"http:\/\/www.crcg.de\/kreditkartenvergleich\/ratgeber\/notrufnummern\/\" target=\"_blank\" rel=\"noopener\">dieselbe Rufnummer wie f\u00fcr die Sperrung<\/a> w\u00e4hlt und seine Karte umgehend erneut freischalten l\u00e4sst.<\/p>\n<h3>Entsperrung nach einer Sperre wegen Limit-\u00dcberschreitung<\/h3>\n<p>Eine Kreditkartensperrung <strong>wegen einer Limit-\u00dcberschreitung<\/strong> kommt nur noch selten vor, da eine solche zumeist vor der Freigabe der Zahlung entdeckt wird. Die automatischen Kontrollsysteme funktionieren jedoch nicht, wenn aus technischen Gr\u00fcnden eine Online-Kontrolle des aktuellen Verf\u00fcgungsrahmen nicht m\u00f6glich ist. Kreditkartenbesitzer empfinden die <strong>Ablehnung einer gew\u00fcnschten Transaktion<\/strong> wegen eines nicht ausreichenden Kontorahmens f\u00fcr die Kreditkarte ebenfalls als <strong>vor\u00fcbergehende Kartensperrung<\/strong>. Diese subjektive Wahrnehmung entspricht zwar nicht der Begriffsverwendung durch die Kartengesellschaften, die <strong>Nichtverwendbarkeit der Kreditkarte<\/strong> steht jedoch ohne Zweifel fest. Eine <strong>tats\u00e4chliche oder wahrgenommene Sperrung<\/strong> wegen eines nicht ausreichenden Verf\u00fcgungsrahmens l\u00e4sst sich aufheben, indem der Kartenbesitzer eine <a title=\"Einzahlung auf das Konto der Kreditkarte\" href=\"http:\/\/www.crcg.de\/kreditkartenvergleich\/ratgeber\/kreditkarte-aufladen\/\" target=\"_blank\" rel=\"noopener\">Einzahlung auf das Kreditkartenkonto<\/a> leistet oder \u00fcber eine <strong>Erh\u00f6hung seines Limits<\/strong> verhandelt.<\/p>\n<div class=\"infobox-big\"><div class=\"infobox-small\"><div class=\"info-bulb\"><\/div><div class=\"info-header\">Lieber sperren<\/div><p>Sollten Sie Ihre Kreditkarte nicht finden, lassen Sie diese vorsichtshalber sperren. Hierf\u00fcr haben wir eine kostenlose Druckvorlage mit den wichtigsten Sperrnummern zusammengestellt, die Sie <a title=\"Sperrnummern\" href=\"http:\/\/www.crcg.de\/kreditkartenvergleich\/sperrnummern.pdf\" target=\"_blank\" rel=\"noopener\">hier downloaden und ausdrucken<\/a> k\u00f6nnen.<\/p><\/div><\/div>\n<h4>Entsperrung nach einer Kartensperrung wegen untypischer Nutzung<\/h4>\n<p>Kreditkartenunternehmen f\u00fchlen sich zunehmend <strong>zum Schutz ihrer Kunden verpflichtet<\/strong> und sperren eine Kreditkarte, sobald sie deren Nutzung als untypisch f\u00fcr den konkreten Kartenbesitzer einstufen. Eine nicht typische Kartenverwendung liegt bereits vor, wenn Kunden <strong>entgegen ihrer \u00fcblichen Gepflogenheiten<\/strong> ihren Urlaub im Ausland verbringen und dort mit ihrer Kreditkarte bezahlen. Der Kartensperrung wegen einer <strong>untypischen Nutzung der Kreditkarte<\/strong> geht grunds\u00e4tzlich eine Aufforderung zur \u00dcberpr\u00fcfung des Zahlungsvorgangs voraus. Viele Akzeptanzstellen nehmen den geforderten Anruf beim Emittenten nicht vor, sondern teilen dem Kartenzahler mit, dass seine <strong>Karte bereits gesperrt<\/strong> sei. Tats\u00e4chlich erfolgt die Sperrung erst, wenn der Zahlungsvorgang nach einer <strong>Anforderung einer weiteren Legitimation<\/strong> abgebrochen wird. Die Entsperrung einer wegen untypischer Nutzung deaktivierten Kreditkarte erfolgt durch einen <strong>Anruf bei der Kartengesellschaft<\/strong>, in dessen Verlauf der Mitarbeiter verschiedene Daten abgleicht.<\/p>\n","protected":false},"excerpt":{"rendered":"<p>Eine gesperrte Kreditkarte l\u00e4sst sich grunds\u00e4tzlich wieder entsperren. Wie die Entsperrung funktioniert, richtet sich nach der Ursache der vorl\u00e4ufigen Deaktivierung der Karte. Entsperrung nach V...","protected":false},"author":2,"featured_media":0,"parent":1736,"menu_order":0,"comment_status":"open","ping_status":"open","template":"page-full.php","meta":{"_acf_changed":false,"_monsterinsights_skip_tracking":false,"_monsterinsights_sitenote_active":false,"_monsterinsights_sitenote_note":"","_monsterinsights_sitenote_category":0,"footnotes":""},"class_list":["post-3626","page","type-page","status-publish","hentry"],"acf":[],"yoast_head":"<!-- This site is optimized with the Yoast SEO plugin v26.8 - https:\/\/yoast.com\/product\/yoast-seo-wordpress\/ -->\n<title>Kreditkarte wieder entsperren<\/title>\n<meta name=\"robots\" content=\"index, follow, max-snippet:-1, max-image-preview:large, max-video-preview:-1\" \/>\n<link rel=\"canonical\" href=\"https:\/\/www.kreditkartenvergleich.org\/ratgeber\/kreditkarte-wieder-entsperren\/\" \/>\n<meta name=\"twitter:label1\" content=\"Gesch\u00e4tzte Lesezeit\" \/>\n\t<meta name=\"twitter:data1\" content=\"2\u00a0Minuten\" \/>\n<script type=\"application\/ld+json\" class=\"yoast-schema-graph\">{\"@context\":\"https:\/\/schema.org\",\"@graph\":[{\"@type\":\"WebPage\",\"@id\":\"http:\/\/www.crcg.de\/kreditkartenvergleich\/ratgeber\/kreditkarte-wieder-entsperren\/\",\"url\":\"http:\/\/www.crcg.de\/kreditkartenvergleich\/ratgeber\/kreditkarte-wieder-entsperren\/\",\"name\":\"Kreditkarte wieder entsperren\",\"isPartOf\":{\"@id\":\"http:\/\/www.crcg.de\/kreditkartenvergleich\/#website\"},\"primaryImageOfPage\":{\"@id\":\"http:\/\/www.crcg.de\/kreditkartenvergleich\/ratgeber\/kreditkarte-wieder-entsperren\/#primaryimage\"},\"image\":{\"@id\":\"http:\/\/www.crcg.de\/kreditkartenvergleich\/ratgeber\/kreditkarte-wieder-entsperren\/#primaryimage\"},\"thumbnailUrl\":\"http:\/\/www.crcg.de\/kreditkartenvergleich\/wp-content\/uploads\/sperrung-276x300.jpg\",\"datePublished\":\"2014-02-04T08:16:19+00:00\",\"dateModified\":\"2017-09-12T11:04:01+00:00\",\"breadcrumb\":{\"@id\":\"http:\/\/www.crcg.de\/kreditkartenvergleich\/ratgeber\/kreditkarte-wieder-entsperren\/#breadcrumb\"},\"inLanguage\":\"de\",\"potentialAction\":[{\"@type\":\"ReadAction\",\"target\":[\"http:\/\/www.crcg.de\/kreditkartenvergleich\/ratgeber\/kreditkarte-wieder-entsperren\/\"]}]},{\"@type\":\"ImageObject\",\"inLanguage\":\"de\",\"@id\":\"http:\/\/www.crcg.de\/kreditkartenvergleich\/ratgeber\/kreditkarte-wieder-entsperren\/#primaryimage\",\"url\":\"http:\/\/www.crcg.de\/kreditkartenvergleich\/wp-content\/uploads\/sperrung.jpg\",\"contentUrl\":\"http:\/\/www.crcg.de\/kreditkartenvergleich\/wp-content\/uploads\/sperrung.jpg\",\"width\":346,\"height\":376,\"caption\":\"Sperrung der Kreditkarte\"},{\"@type\":\"BreadcrumbList\",\"@id\":\"http:\/\/www.crcg.de\/kreditkartenvergleich\/ratgeber\/kreditkarte-wieder-entsperren\/#breadcrumb\",\"itemListElement\":[{\"@type\":\"ListItem\",\"position\":1,\"name\":\"Startseite\",\"item\":\"http:\/\/www.crcg.de\/kreditkartenvergleich\/\"},{\"@type\":\"ListItem\",\"position\":2,\"name\":\"Ratgeber\",\"item\":\"http:\/\/www.crcg.de\/kreditkartenvergleich\/ratgeber\/\"},{\"@type\":\"ListItem\",\"position\":3,\"name\":\"Kreditkarte wieder entsperren\"}]},{\"@type\":\"WebSite\",\"@id\":\"http:\/\/www.crcg.de\/kreditkartenvergleich\/#website\",\"url\":\"http:\/\/www.crcg.de\/kreditkartenvergleich\/\",\"name\":\"Kreditkartenvergleich.org\",\"description\":\"Das unabh\u00e4ngige Kreditkarten Vergleich Portal\",\"potentialAction\":[{\"@type\":\"SearchAction\",\"target\":{\"@type\":\"EntryPoint\",\"urlTemplate\":\"http:\/\/www.crcg.de\/kreditkartenvergleich\/?s={search_term_string}\"},\"query-input\":{\"@type\":\"PropertyValueSpecification\",\"valueRequired\":true,\"valueName\":\"search_term_string\"}}],\"inLanguage\":\"de\"}]}<\/script>\n<!-- \/ Yoast SEO plugin. -->","yoast_head_json":{"title":"Kreditkarte wieder entsperren","robots":{"index":"index","follow":"follow","max-snippet":"max-snippet:-1","max-image-preview":"max-image-preview:large","max-video-preview":"max-video-preview:-1"},"canonical":"https:\/\/www.kreditkartenvergleich.org\/ratgeber\/kreditkarte-wieder-entsperren\/","twitter_misc":{"Gesch\u00e4tzte Lesezeit":"2\u00a0Minuten"},"schema":{"@context":"https:\/\/schema.org","@graph":[{"@type":"WebPage","@id":"http:\/\/www.crcg.de\/kreditkartenvergleich\/ratgeber\/kreditkarte-wieder-entsperren\/","url":"http:\/\/www.crcg.de\/kreditkartenvergleich\/ratgeber\/kreditkarte-wieder-entsperren\/","name":"Kreditkarte wieder entsperren","isPartOf":{"@id":"http:\/\/www.crcg.de\/kreditkartenvergleich\/#website"},"primaryImageOfPage":{"@id":"http:\/\/www.crcg.de\/kreditkartenvergleich\/ratgeber\/kreditkarte-wieder-entsperren\/#primaryimage"},"image":{"@id":"http:\/\/www.crcg.de\/kreditkartenvergleich\/ratgeber\/kreditkarte-wieder-entsperren\/#primaryimage"},"thumbnailUrl":"http:\/\/www.crcg.de\/kreditkartenvergleich\/wp-content\/uploads\/sperrung-276x300.jpg","datePublished":"2014-02-04T08:16:19+00:00","dateModified":"2017-09-12T11:04:01+00:00","breadcrumb":{"@id":"http:\/\/www.crcg.de\/kreditkartenvergleich\/ratgeber\/kreditkarte-wieder-entsperren\/#breadcrumb"},"inLanguage":"de","potentialAction":[{"@type":"ReadAction","target":["http:\/\/www.crcg.de\/kreditkartenvergleich\/ratgeber\/kreditkarte-wieder-entsperren\/"]}]},{"@type":"ImageObject","inLanguage":"de","@id":"http:\/\/www.crcg.de\/kreditkartenvergleich\/ratgeber\/kreditkarte-wieder-entsperren\/#primaryimage","url":"http:\/\/www.crcg.de\/kreditkartenvergleich\/wp-content\/uploads\/sperrung.jpg","contentUrl":"http:\/\/www.crcg.de\/kreditkartenvergleich\/wp-content\/uploads\/sperrung.jpg","width":346,"height":376,"caption":"Sperrung der Kreditkarte"},{"@type":"BreadcrumbList","@id":"http:\/\/www.crcg.de\/kreditkartenvergleich\/ratgeber\/kreditkarte-wieder-entsperren\/#breadcrumb","itemListElement":[{"@type":"ListItem","position":1,"name":"Startseite","item":"http:\/\/www.crcg.de\/kreditkartenvergleich\/"},{"@type":"ListItem","position":2,"name":"Ratgeber","item":"http:\/\/www.crcg.de\/kreditkartenvergleich\/ratgeber\/"},{"@type":"ListItem","position":3,"name":"Kreditkarte wieder entsperren"}]},{"@type":"WebSite","@id":"http:\/\/www.crcg.de\/kreditkartenvergleich\/#website","url":"http:\/\/www.crcg.de\/kreditkartenvergleich\/","name":"Kreditkartenvergleich.org","description":"Das unabh\u00e4ngige Kreditkarten Vergleich Portal","potentialAction":[{"@type":"SearchAction","target":{"@type":"EntryPoint","urlTemplate":"http:\/\/www.crcg.de\/kreditkartenvergleich\/?s={search_term_string}"},"query-input":{"@type":"PropertyValueSpecification","valueRequired":true,"valueName":"search_term_string"}}],"inLanguage":"de"}]}},"_links":{"self":[{"href":"http:\/\/www.crcg.de\/kreditkartenvergleich\/wp-json\/wp\/v2\/pages\/3626","targetHints":{"allow":["GET"]}}],"collection":[{"href":"http:\/\/www.crcg.de\/kreditkartenvergleich\/wp-json\/wp\/v2\/pages"}],"about":[{"href":"http:\/\/www.crcg.de\/kreditkartenvergleich\/wp-json\/wp\/v2\/types\/page"}],"author":[{"embeddable":true,"href":"http:\/\/www.crcg.de\/kreditkartenvergleich\/wp-json\/wp\/v2\/users\/2"}],"replies":[{"embeddable":true,"href":"http:\/\/www.crcg.de\/kreditkartenvergleich\/wp-json\/wp\/v2\/comments?post=3626"}],"version-history":[{"count":2,"href":"http:\/\/www.crcg.de\/kreditkartenvergleich\/wp-json\/wp\/v2\/pages\/3626\/revisions"}],"predecessor-version":[{"id":5395,"href":"http:\/\/www.crcg.de\/kreditkartenvergleich\/wp-json\/wp\/v2\/pages\/3626\/revisions\/5395"}],"up":[{"embeddable":true,"href":"http:\/\/www.crcg.de\/kreditkartenvergleich\/wp-json\/wp\/v2\/pages\/1736"}],"wp:attachment":[{"href":"http:\/\/www.crcg.de\/kreditkartenvergleich\/wp-json\/wp\/v2\/media?parent=3626"}],"curies":[{"name":"wp","href":"https:\/\/api.w.org\/{rel}","templated":true}]}}