


{"id":3618,"date":"2014-02-09T09:02:05","date_gmt":"2014-02-09T08:02:05","guid":{"rendered":"http:\/\/www.kreditkartenvergleich.org\/?page_id=3618"},"modified":"2017-09-12T12:10:56","modified_gmt":"2017-09-12T11:10:56","slug":"was-haelt-die-kreditkarte-aus","status":"publish","type":"page","link":"http:\/\/www.crcg.de\/kreditkartenvergleich\/ratgeber\/was-haelt-die-kreditkarte-aus\/","title":{"rendered":"Was h\u00e4lt die Kreditkarte aus?"},"content":{"rendered":"<p><img decoding=\"async\" class=\"alignright wp-image-3621\" style=\"margin-left: 10px; margin-bottom: 8px; border: 0px none;\" src=\"http:\/\/www.crcg.de\/kreditkartenvergleich\/wp-content\/uploads\/was-haelt-die-kreditkarte-aus-276x300.jpg\" alt=\"Was h\u00e4lt die Kreditkarte aus?\" width=\"166\" height=\"180\" srcset=\"http:\/\/www.crcg.de\/kreditkartenvergleich\/wp-content\/uploads\/was-haelt-die-kreditkarte-aus-276x300.jpg 276w, http:\/\/www.crcg.de\/kreditkartenvergleich\/wp-content\/uploads\/was-haelt-die-kreditkarte-aus-92x100.jpg 92w, http:\/\/www.crcg.de\/kreditkartenvergleich\/wp-content\/uploads\/was-haelt-die-kreditkarte-aus.jpg 346w\" sizes=\"(max-width: 166px) 100vw, 166px\" \/>Der Magnetstreifen kann als <strong>Herzst\u00fcck einer Kreditkarte<\/strong> bezeichnet werden. Er befindet sich als ein magnetischer Metalloxidstreifen auf der Kartenr\u00fcckseite. Die darauf gespeicherten Daten werden beim sogenannten <strong>Durchziehen oder Einziehen der Kreditkarte<\/strong> vom Leseger\u00e4t ausgelesen. Dieser Lesevorgang ist die Grundlage daf\u00fcr, dass die Kreditkarte beim bargeldlosen Bezahlen akzeptiert, und dass am Geldautomaten nach dem Einlesen der <strong>Auszahlungsvorgang aktiviert<\/strong> wird. Wenn der Magnetstreifen besch\u00e4digt ist, dann kann die Kreditkarte nicht mehr als solche genutzt werden. Sie ist dann wertlos. Dazu sollte es nicht kommen. Ungeachtet dessen k\u00f6nnen Missgeschicke im Alltag geschehen, die <strong>auf den ersten Blick kartensch\u00e4digend<\/strong> wirken, jedoch nicht sein m\u00fcssen. Was in solchen F\u00e4llen zu tun ist, das kann <a title=\"Unser Ratgeber\" href=\"http:\/\/www.crcg.de\/kreditkartenvergleich\/ratgeber\/\" target=\"_blank\" rel=\"noopener\">in unserem Ratgeber<\/a> anhand von Beispielen aus der Praxis n\u00e4her nachgelesen werden.<\/p>\n<h2>Kartendefekte wegen Entmagnetisierung<\/h2>\n<p><img decoding=\"async\" class=\"alignright wp-image-3623\" style=\"border: 0px;\" src=\"http:\/\/www.crcg.de\/kreditkartenvergleich\/wp-content\/uploads\/magnet-213x300.jpg\" alt=\"Vorsicht bei Magneten in der N\u00e4he von Kreditkarten\" width=\"170\" height=\"240\" srcset=\"http:\/\/www.crcg.de\/kreditkartenvergleich\/wp-content\/uploads\/magnet-213x300.jpg 213w, http:\/\/www.crcg.de\/kreditkartenvergleich\/wp-content\/uploads\/magnet-71x100.jpg 71w\" sizes=\"(max-width: 170px) 100vw, 170px\" \/>Der Magnetstreifen als ein magnetischer Datentr\u00e4ger kann <strong>in der direkten N\u00e4he zu einem st\u00e4rkeren Magneten<\/strong> durch Datenverlust besch\u00e4digt werden. Diese Gefahr besteht beispielsweise bei <strong>Diebstahlsicherungen f\u00fcr Waren<\/strong>, die sehr nahe an der Ladenkasse und an dem dortigen Leseger\u00e4t f\u00fcr Kreditkarten platziert sind. Hier treffen zwei Interessen aufeinander; zum einen der bargeldlose Zahlungsvorgang, zum anderen der Diebstahlschutz. Ein <strong>direkter Kontakt der Kreditkarte<\/strong> mit dem Ger\u00e4t kann die Kreditkartendaten ganz oder teilweise l\u00f6schen. Im Krankenhaus verbreiten das R\u00f6ntgen- oder das Magnet-Resonanz-Tomografieger\u00e4t, kurz MRT-Ger\u00e4t, ein eigenes starkes Magnetfeld. Der <strong>Magnetstreifen einer Kreditkarte h\u00e4lt das vielfach nicht aus<\/strong>. Er wird durch eine Entmagnetisierung besch\u00e4digt oder gel\u00f6scht. Dazu reicht erfahrungsgem\u00e4\u00df auch schon der Besuch beim Zahnarzt, wenn der Patient die Kreditkarte in der Kleidung aufbewahrt, die er auf dem Behandlungsstuhl tr\u00e4gt. Ganz allgemein sind jegliche Magnete oder Magnetfelder eine <strong>starke Belastung f\u00fcr die Kreditkarte<\/strong>. Das reicht bis hin zum Handy, zum Magnetschl\u00fcssel oder zur l\u00e4ngeren Ablage der Kreditkarte auf dem Fernsehger\u00e4t oder der Unterhaltungselektronik.<\/p>\n<div class=\"infobox-big\"><div class=\"infobox-small\"><div class=\"info-bulb\"><\/div><div class=\"info-header\">Praxistipp<\/div><p>In der Regel kommt eine Kreditkarte <strong>nicht in direkten Kontakt mit Magneten<\/strong>, daher ist die Gefahr sehr gering, die Kreditkarte zu zerst\u00f6ren.<\/p><\/div><\/div>\n<h3>Vielf\u00e4ltige physische Besch\u00e4digungen der Kreditkarte<\/h3>\n<p><img decoding=\"async\" class=\"alignright size-medium wp-image-3620\" src=\"http:\/\/www.crcg.de\/kreditkartenvergleich\/wp-content\/uploads\/zerstoert-187x300.jpg\" alt=\"Zerst\u00f6rte Kreditkarte\" width=\"187\" height=\"300\" srcset=\"http:\/\/www.crcg.de\/kreditkartenvergleich\/wp-content\/uploads\/zerstoert-187x300.jpg 187w, http:\/\/www.crcg.de\/kreditkartenvergleich\/wp-content\/uploads\/zerstoert-62x100.jpg 62w, http:\/\/www.crcg.de\/kreditkartenvergleich\/wp-content\/uploads\/zerstoert.jpg 283w\" sizes=\"(max-width: 187px) 100vw, 187px\" \/>Die zweite Variante, den Magnetstreifen der Kreditkarte zu besch\u00e4digen, ist die Einwirkung von au\u00dfen. Der magnetisierte Streifen muss <strong>staubfrei gehalten<\/strong> und vor jeglichen \u00e4u\u00dferlichen Einwirkungen gesch\u00fctzt werden. Kratzer, Dellen oder starke Verschmutzung machen die Kreditkarte unbrauchbar. Schon die <strong>kleinste Unebenheit<\/strong> reicht dazu aus, dass die Karte nicht mehr lesbar ist. Das <strong>versehentliche maschinelle Waschen<\/strong> der in der W\u00e4sche vergessenen Kreditkarte ist so lange problemlos, wie die Kartenr\u00fcckseite durch die Kleidung gesch\u00fctzt ist. Wird die Karte in der Waschmaschine oder im Trockner mehr- oder vielfach an die Trommel geschleudert, dann ist eine Besch\u00e4digung nahezu sicher. Das <strong>auf die Kartenvorderseite gesetzte Stuhlbein<\/strong> muss keineswegs kartensch\u00e4digend sein, wenn mit dem Stuhl nicht auf dem Erdboden umher gerutscht wird. Das verst\u00e4rkte Gewicht des Sitzens ist nicht das Problem, sondern die rutschende Stuhlbewegung, die zum Abrieb f\u00fchrt. \u00c4hnlich verh\u00e4lt es sich auf der Stra\u00dfe, wenn <strong>ein Fahrzeug \u00fcber die Kreditkarte f\u00e4hrt<\/strong>. Das kann sowohl die Kartenvorder- als auch die Kartenr\u00fcckseite schadlos \u00fcberstehen. Der Sekundenbruchteil des \u00dcberfahrens muss keinen Einfluss auf den Magnetstreifen haben. F\u00fcr den ist nichts so schadhaft wie Aufrieb oder Abrieb. In beiden F\u00e4llen wird <strong>Einfluss auf seine Substanz<\/strong> genommen. Bei Aufrieb wird der Magnetstreifen verschmiert und zur Unleserlichkeit hin ver\u00e4ndert; bei Abrieb wird er durch eine regelrechte Besch\u00e4digung bis zur Unbrauchbarkeit hin beeintr\u00e4chtigt.<\/p>\n<p>Als Res\u00fcmee bleibt festzuhalten, dass die Kreditkarte durchaus viel aush\u00e4lt. W\u00e4hrend der Benutzer eine <strong>physische Besch\u00e4digung sofort erkennt<\/strong>, auch weil sie oftmals von ihm verursacht wird, kann er das <strong>Ausma\u00df einer Entmagnetisierung<\/strong> weder erkennen noch absch\u00e4tzen. In diesem Falle merkt er den Schaden erst dann, wenn das Kartenleseger\u00e4t beim Einkauf oder am Geldautomaten streikt.<\/p>\n","protected":false},"excerpt":{"rendered":"<p>Der Magnetstreifen kann als Herzst\u00fcck einer Kreditkarte bezeichnet werden. Er befindet sich als ein magnetischer Metalloxidstreifen auf der Kartenr\u00fcckseite. Die darauf gespeicherten Daten werden ...","protected":false},"author":2,"featured_media":0,"parent":1736,"menu_order":0,"comment_status":"open","ping_status":"open","template":"page-full.php","meta":{"_acf_changed":false,"_monsterinsights_skip_tracking":false,"_monsterinsights_sitenote_active":false,"_monsterinsights_sitenote_note":"","_monsterinsights_sitenote_category":0,"footnotes":""},"class_list":["post-3618","page","type-page","status-publish","hentry"],"acf":[],"yoast_head":"<!-- This site is optimized with the Yoast SEO plugin v26.8 - https:\/\/yoast.com\/product\/yoast-seo-wordpress\/ -->\n<title>Was h\u00e4lt die Kreditkarte aus?<\/title>\n<meta name=\"robots\" content=\"index, follow, max-snippet:-1, max-image-preview:large, max-video-preview:-1\" \/>\n<link rel=\"canonical\" href=\"https:\/\/www.kreditkartenvergleich.org\/ratgeber\/was-haelt-die-kreditkarte-aus\/\" \/>\n<meta name=\"twitter:label1\" content=\"Gesch\u00e4tzte Lesezeit\" \/>\n\t<meta name=\"twitter:data1\" content=\"3\u00a0Minuten\" \/>\n<script type=\"application\/ld+json\" class=\"yoast-schema-graph\">{\"@context\":\"https:\/\/schema.org\",\"@graph\":[{\"@type\":\"WebPage\",\"@id\":\"http:\/\/www.crcg.de\/kreditkartenvergleich\/ratgeber\/was-haelt-die-kreditkarte-aus\/\",\"url\":\"http:\/\/www.crcg.de\/kreditkartenvergleich\/ratgeber\/was-haelt-die-kreditkarte-aus\/\",\"name\":\"Was h\u00e4lt die Kreditkarte aus?\",\"isPartOf\":{\"@id\":\"http:\/\/www.crcg.de\/kreditkartenvergleich\/#website\"},\"primaryImageOfPage\":{\"@id\":\"http:\/\/www.crcg.de\/kreditkartenvergleich\/ratgeber\/was-haelt-die-kreditkarte-aus\/#primaryimage\"},\"image\":{\"@id\":\"http:\/\/www.crcg.de\/kreditkartenvergleich\/ratgeber\/was-haelt-die-kreditkarte-aus\/#primaryimage\"},\"thumbnailUrl\":\"http:\/\/www.crcg.de\/kreditkartenvergleich\/wp-content\/uploads\/was-haelt-die-kreditkarte-aus-276x300.jpg\",\"datePublished\":\"2014-02-09T08:02:05+00:00\",\"dateModified\":\"2017-09-12T11:10:56+00:00\",\"breadcrumb\":{\"@id\":\"http:\/\/www.crcg.de\/kreditkartenvergleich\/ratgeber\/was-haelt-die-kreditkarte-aus\/#breadcrumb\"},\"inLanguage\":\"de\",\"potentialAction\":[{\"@type\":\"ReadAction\",\"target\":[\"http:\/\/www.crcg.de\/kreditkartenvergleich\/ratgeber\/was-haelt-die-kreditkarte-aus\/\"]}]},{\"@type\":\"ImageObject\",\"inLanguage\":\"de\",\"@id\":\"http:\/\/www.crcg.de\/kreditkartenvergleich\/ratgeber\/was-haelt-die-kreditkarte-aus\/#primaryimage\",\"url\":\"http:\/\/www.crcg.de\/kreditkartenvergleich\/wp-content\/uploads\/was-haelt-die-kreditkarte-aus.jpg\",\"contentUrl\":\"http:\/\/www.crcg.de\/kreditkartenvergleich\/wp-content\/uploads\/was-haelt-die-kreditkarte-aus.jpg\",\"width\":346,\"height\":376,\"caption\":\"Was h\u00e4lt die Kreditkarte aus?\"},{\"@type\":\"BreadcrumbList\",\"@id\":\"http:\/\/www.crcg.de\/kreditkartenvergleich\/ratgeber\/was-haelt-die-kreditkarte-aus\/#breadcrumb\",\"itemListElement\":[{\"@type\":\"ListItem\",\"position\":1,\"name\":\"Startseite\",\"item\":\"http:\/\/www.crcg.de\/kreditkartenvergleich\/\"},{\"@type\":\"ListItem\",\"position\":2,\"name\":\"Ratgeber\",\"item\":\"http:\/\/www.crcg.de\/kreditkartenvergleich\/ratgeber\/\"},{\"@type\":\"ListItem\",\"position\":3,\"name\":\"Was h\u00e4lt die Kreditkarte aus?\"}]},{\"@type\":\"WebSite\",\"@id\":\"http:\/\/www.crcg.de\/kreditkartenvergleich\/#website\",\"url\":\"http:\/\/www.crcg.de\/kreditkartenvergleich\/\",\"name\":\"Kreditkartenvergleich.org\",\"description\":\"Das unabh\u00e4ngige Kreditkarten Vergleich Portal\",\"potentialAction\":[{\"@type\":\"SearchAction\",\"target\":{\"@type\":\"EntryPoint\",\"urlTemplate\":\"http:\/\/www.crcg.de\/kreditkartenvergleich\/?s={search_term_string}\"},\"query-input\":{\"@type\":\"PropertyValueSpecification\",\"valueRequired\":true,\"valueName\":\"search_term_string\"}}],\"inLanguage\":\"de\"}]}<\/script>\n<!-- \/ Yoast SEO plugin. -->","yoast_head_json":{"title":"Was h\u00e4lt die Kreditkarte aus?","robots":{"index":"index","follow":"follow","max-snippet":"max-snippet:-1","max-image-preview":"max-image-preview:large","max-video-preview":"max-video-preview:-1"},"canonical":"https:\/\/www.kreditkartenvergleich.org\/ratgeber\/was-haelt-die-kreditkarte-aus\/","twitter_misc":{"Gesch\u00e4tzte Lesezeit":"3\u00a0Minuten"},"schema":{"@context":"https:\/\/schema.org","@graph":[{"@type":"WebPage","@id":"http:\/\/www.crcg.de\/kreditkartenvergleich\/ratgeber\/was-haelt-die-kreditkarte-aus\/","url":"http:\/\/www.crcg.de\/kreditkartenvergleich\/ratgeber\/was-haelt-die-kreditkarte-aus\/","name":"Was h\u00e4lt die Kreditkarte aus?","isPartOf":{"@id":"http:\/\/www.crcg.de\/kreditkartenvergleich\/#website"},"primaryImageOfPage":{"@id":"http:\/\/www.crcg.de\/kreditkartenvergleich\/ratgeber\/was-haelt-die-kreditkarte-aus\/#primaryimage"},"image":{"@id":"http:\/\/www.crcg.de\/kreditkartenvergleich\/ratgeber\/was-haelt-die-kreditkarte-aus\/#primaryimage"},"thumbnailUrl":"http:\/\/www.crcg.de\/kreditkartenvergleich\/wp-content\/uploads\/was-haelt-die-kreditkarte-aus-276x300.jpg","datePublished":"2014-02-09T08:02:05+00:00","dateModified":"2017-09-12T11:10:56+00:00","breadcrumb":{"@id":"http:\/\/www.crcg.de\/kreditkartenvergleich\/ratgeber\/was-haelt-die-kreditkarte-aus\/#breadcrumb"},"inLanguage":"de","potentialAction":[{"@type":"ReadAction","target":["http:\/\/www.crcg.de\/kreditkartenvergleich\/ratgeber\/was-haelt-die-kreditkarte-aus\/"]}]},{"@type":"ImageObject","inLanguage":"de","@id":"http:\/\/www.crcg.de\/kreditkartenvergleich\/ratgeber\/was-haelt-die-kreditkarte-aus\/#primaryimage","url":"http:\/\/www.crcg.de\/kreditkartenvergleich\/wp-content\/uploads\/was-haelt-die-kreditkarte-aus.jpg","contentUrl":"http:\/\/www.crcg.de\/kreditkartenvergleich\/wp-content\/uploads\/was-haelt-die-kreditkarte-aus.jpg","width":346,"height":376,"caption":"Was h\u00e4lt die Kreditkarte aus?"},{"@type":"BreadcrumbList","@id":"http:\/\/www.crcg.de\/kreditkartenvergleich\/ratgeber\/was-haelt-die-kreditkarte-aus\/#breadcrumb","itemListElement":[{"@type":"ListItem","position":1,"name":"Startseite","item":"http:\/\/www.crcg.de\/kreditkartenvergleich\/"},{"@type":"ListItem","position":2,"name":"Ratgeber","item":"http:\/\/www.crcg.de\/kreditkartenvergleich\/ratgeber\/"},{"@type":"ListItem","position":3,"name":"Was h\u00e4lt die Kreditkarte aus?"}]},{"@type":"WebSite","@id":"http:\/\/www.crcg.de\/kreditkartenvergleich\/#website","url":"http:\/\/www.crcg.de\/kreditkartenvergleich\/","name":"Kreditkartenvergleich.org","description":"Das unabh\u00e4ngige Kreditkarten Vergleich Portal","potentialAction":[{"@type":"SearchAction","target":{"@type":"EntryPoint","urlTemplate":"http:\/\/www.crcg.de\/kreditkartenvergleich\/?s={search_term_string}"},"query-input":{"@type":"PropertyValueSpecification","valueRequired":true,"valueName":"search_term_string"}}],"inLanguage":"de"}]}},"_links":{"self":[{"href":"http:\/\/www.crcg.de\/kreditkartenvergleich\/wp-json\/wp\/v2\/pages\/3618","targetHints":{"allow":["GET"]}}],"collection":[{"href":"http:\/\/www.crcg.de\/kreditkartenvergleich\/wp-json\/wp\/v2\/pages"}],"about":[{"href":"http:\/\/www.crcg.de\/kreditkartenvergleich\/wp-json\/wp\/v2\/types\/page"}],"author":[{"embeddable":true,"href":"http:\/\/www.crcg.de\/kreditkartenvergleich\/wp-json\/wp\/v2\/users\/2"}],"replies":[{"embeddable":true,"href":"http:\/\/www.crcg.de\/kreditkartenvergleich\/wp-json\/wp\/v2\/comments?post=3618"}],"version-history":[{"count":1,"href":"http:\/\/www.crcg.de\/kreditkartenvergleich\/wp-json\/wp\/v2\/pages\/3618\/revisions"}],"predecessor-version":[{"id":5418,"href":"http:\/\/www.crcg.de\/kreditkartenvergleich\/wp-json\/wp\/v2\/pages\/3618\/revisions\/5418"}],"up":[{"embeddable":true,"href":"http:\/\/www.crcg.de\/kreditkartenvergleich\/wp-json\/wp\/v2\/pages\/1736"}],"wp:attachment":[{"href":"http:\/\/www.crcg.de\/kreditkartenvergleich\/wp-json\/wp\/v2\/media?parent=3618"}],"curies":[{"name":"wp","href":"https:\/\/api.w.org\/{rel}","templated":true}]}}