


{"id":3566,"date":"2014-02-06T10:27:12","date_gmt":"2014-02-06T09:27:12","guid":{"rendered":"http:\/\/www.kreditkartenvergleich.org\/?page_id=3566"},"modified":"2017-09-12T12:12:07","modified_gmt":"2017-09-12T11:12:07","slug":"wie-funktioniert-die-kreditkarte","status":"publish","type":"page","link":"http:\/\/www.crcg.de\/kreditkartenvergleich\/ratgeber\/wie-funktioniert-die-kreditkarte\/","title":{"rendered":"Wie funktioniert die Kreditkarte?"},"content":{"rendered":"<p><img decoding=\"async\" class=\"alignright wp-image-3568\" style=\"border: 0px;\" src=\"http:\/\/www.crcg.de\/kreditkartenvergleich\/wp-content\/uploads\/funktionsweise-276x300.jpg\" alt=\"Funktionsweise von Kreditkarten\" width=\"166\" height=\"180\" srcset=\"http:\/\/www.crcg.de\/kreditkartenvergleich\/wp-content\/uploads\/funktionsweise-276x300.jpg 276w, http:\/\/www.crcg.de\/kreditkartenvergleich\/wp-content\/uploads\/funktionsweise-92x100.jpg 92w, http:\/\/www.crcg.de\/kreditkartenvergleich\/wp-content\/uploads\/funktionsweise.jpg 346w\" sizes=\"(max-width: 166px) 100vw, 166px\" \/>Die Bezahlung \u00fcber das <strong>bargeldlose System<\/strong> wird \u00fcberall auf der Welt immer beliebter. Kredit- und EC-Karten sind in beinahe jedem Portemonnaie zu finden. Schon aufgrund des Handels im Internet ist es wichtig, sich mit der <strong>Anschaffung einer solchen Karte<\/strong> zu besch\u00e4ftigen. Mindestens ebenso wichtig ist es aber, sich zu \u00fcberlegen, <strong>welche Kreditkarte die richtige Wahl ist<\/strong>. Dazu braucht es auch Verst\u00e4ndnis, wie die kleinen Karten \u00fcberhaupt funktionieren.<\/p>\n<h2>Die verschiedenen Arten von Kreditkarten<\/h2>\n<p><img decoding=\"async\" class=\"alignright wp-image-3571\" style=\"border: 0px;\" src=\"http:\/\/www.crcg.de\/kreditkartenvergleich\/wp-content\/uploads\/arten-276x300.jpg\" alt=\"Die verschiedenen Arten von Kreditkarten\" width=\"166\" height=\"180\" srcset=\"http:\/\/www.crcg.de\/kreditkartenvergleich\/wp-content\/uploads\/arten-276x300.jpg 276w, http:\/\/www.crcg.de\/kreditkartenvergleich\/wp-content\/uploads\/arten-92x100.jpg 92w, http:\/\/www.crcg.de\/kreditkartenvergleich\/wp-content\/uploads\/arten.jpg 346w\" sizes=\"(max-width: 166px) 100vw, 166px\" \/>Um die Funktionsweise von Kreditkarten zu verstehen, muss man die <strong>unterschiedlichen Arten<\/strong> einmal genau betrachten. Denn nicht jede Kreditkarte gleicht der anderen. Besonders durch die <strong>Art der Bezahlung<\/strong> muss unterschieden werden. Das hat vor allem damit zu tun, dass man sich auf die <strong>Suche nach einem Mittel<\/strong> machen muss, wie man selbst mit der Kreditkarte sehr gut umgehen kann. Unter den Arten sind auch Karten verf\u00fcgbar, f\u00fcr die man keine gute Bonit\u00e4t ben\u00f6tigt und trotzdem alle <a title=\"Vorteile der kleinen Kreditkarten\" href=\"http:\/\/www.crcg.de\/kreditkartenvergleich\/ratgeber\/vorteile-von-kreditkarten\/\">Vorteile der kleinen Karten<\/a> nutzen kann. Welche Arten von Kreditkarten stehen zur Verf\u00fcgung?<\/p>\n<ul>\n<li>Die <strong>wohl beliebteste Form<\/strong> ist die Prepaid-Kreditkarte. <a title=\"Prepaid Kreditkarte\" href=\"http:\/\/www.crcg.de\/kreditkartenvergleich\/prepaid-kreditkarte\/\">Hier muss<\/a> sich der Benutzer <strong>keine Sorgen um w\u00f6chentliche Limits oder Auszahlungen<\/strong> machen. Der Nutzer muss das <a title=\"Geld auf die Kreditkarte laden\" href=\"http:\/\/www.crcg.de\/kreditkartenvergleich\/ratgeber\/kreditkarte-aufladen\/\">Geld n\u00e4mlich auf die Karte laden<\/a> und kann diese dann f\u00fcr den Einkauf benutzen. Auch die <strong>Geb\u00fchren sind hier eine Seltenheit<\/strong>. Perfekt f\u00fcr alle, die auf der Suche nach einer sicheren Karte sind.<\/li>\n<li>Die Debitcard kann auch als <strong>eine Art von EC-Karte<\/strong> gesehen werden. Hier werden die entsprechenden Beitr\u00e4ge direkt von einem verbundenen Girokonto abgebucht. Auch daher sind hier die <strong>Geb\u00fchren sehr gering<\/strong> und die Karten k\u00f6nnen au\u00dferdem perfekt f\u00fcr die Auszahlung von Bargeld im Ausland benutzt werden.<\/li>\n<li>Nur die <strong>Creditcard<\/strong> bietet alle Funktionen, die man <strong>von einer Kreditkarte im eigentlichen Sinne<\/strong> erwartet. Die Ums\u00e4tze werden f\u00fcr eine feste Laufzeit berechnet und am Ende entweder direkt abgebucht oder sie k\u00f6nnen <strong>per anteiliger Ratenzahlung beglichen<\/strong> werden.<\/li>\n<\/ul>\n<div class=\"infobox-big\"><div class=\"infobox-small\"><div class=\"info-bulb\"><\/div><div class=\"info-header\">Ausreichende M\u00f6glichkeiten<\/div><p>Mit diesen drei Formen der Karten hat man <strong>ausreichend M\u00f6glichkeiten zur Verf\u00fcgung<\/strong>, um selbst in den Genuss der typischen Funktionen einer Kreditkarte zu kommen. Bei den Arten der Bezahlung ist es daher auch so wichtig, dass man die Karte w\u00e4hlt, die am ehesten der <strong>eigenen finanziellen Lage<\/strong> entsprechen. Denn besonders eine Kreditkarte kann daf\u00fcr sorgen, <strong>dass man den \u00dcberblick \u00fcber die eigenen Finanzen verliert<\/strong>. Daher sollte man sich auch noch mit den anderen Feinheiten einer solchen bargeldlosen Bezahlung auseinandersetzen und sich am Ende <a title=\"Entscheidung f\u00fcr eine neue Kreditkarte\" href=\"http:\/\/www.crcg.de\/kreditkartenvergleich\/\">f\u00fcr einen Dienstleister entscheiden<\/a>, bei dem man sich in sicheren H\u00e4nden f\u00fchlt.<\/p><\/div><\/div>\n<h3>Die richtige Kreditkarte finden<\/h3>\n<p><img decoding=\"async\" class=\"alignright wp-image-3574\" style=\"border: 0px;\" src=\"http:\/\/www.crcg.de\/kreditkartenvergleich\/wp-content\/uploads\/richtige-karte-finden-276x300.jpg\" alt=\"Die richtige Kreditkarte finden\" width=\"166\" height=\"180\" srcset=\"http:\/\/www.crcg.de\/kreditkartenvergleich\/wp-content\/uploads\/richtige-karte-finden-276x300.jpg 276w, http:\/\/www.crcg.de\/kreditkartenvergleich\/wp-content\/uploads\/richtige-karte-finden-92x100.jpg 92w, http:\/\/www.crcg.de\/kreditkartenvergleich\/wp-content\/uploads\/richtige-karte-finden.jpg 346w\" sizes=\"(max-width: 166px) 100vw, 166px\" \/>Nat\u00fcrlich gibt es auch f\u00fcr die Kreditkarte in der Regel <strong>eine sehr gro\u00dfe Auswahl an Anbietern<\/strong>. Schon die Hausbank, etwa eine Sparkasse, hat meistens gute Angebote, mit denen man an die beliebte <a title=\"Master Karten\" href=\"http:\/\/www.crcg.de\/kreditkartenvergleich\/mastercard-kreditkarte\/\">Master<\/a>&#8211; und <a title=\"Visa Cards\" href=\"http:\/\/www.crcg.de\/kreditkartenvergleich\/visa-kreditkarte\/\">Visacard<\/a> kommt. Auch hier gibt es aber <strong>deutliche Unterschiede in den Funktionen<\/strong>. Manche Anbieter haben zus\u00e4tzliche Funktionen, die wie folgt aussehen k\u00f6nnen:<\/p>\n<ul>\n<li><strong>Verg\u00fcnstigungen bei Veranstaltungen<\/strong> oder Versicherungen.<\/li>\n<li><strong>Zus\u00e4tzliche Funktionen<\/strong> f\u00fcr das Abheben von Bargeld im Ausland.<\/li>\n<li>Ein entsprechender Schutz vor Diebstahl oder ein Bonus beim Einkaufen in bestimmten L\u00e4den.<\/li>\n<\/ul>\n<div class=\"infobox-big\"><div class=\"infobox-small\"><div class=\"info-bulb\"><\/div><div class=\"info-header\">Funktionen und damit verbundene Kosten<\/div><p>Die Funktionen sind ein Punkt. Dabei darf auch nicht vergessen werden, dass eine solche Karte <strong>in der Regel Kosten verursacht<\/strong>. Die Zinsen sind dabei nur ein Punkt. Viele Angebote sind mit hohen Jahresgeb\u00fchren verbunden, die man nat\u00fcrlich auch bezahlen muss, um die Karte im vollen Umfang nutzen zu k\u00f6nnen. Umso wichtiger ist es, dass man sich mit den richtigen Werkzeugen auf die Suche nach einem Anbieter macht, der viele Funktionen aber nur sehr geringe Kosten hat.<\/p><\/div><\/div>\n<p>Unser Vergleich hilft dabei, sich auf die Suche nach einem Anbieter zu machen, bei dem man die <strong>entsprechenden Sicherheiten<\/strong> hat. Alle Kosten sind gering und man kann die <strong>Karte f\u00fcr den Einkauf nutzen<\/strong>. Ob nun im Web oder in den L\u00e4den, oder beim Abheben von Bargeld im Ausland &#8211; die richtige Karte bietet <strong>viele M\u00f6glichkeiten<\/strong>. Besonders die Beschaffung von Bargeld im Urlaub darf dabei nicht vergessen werden. Wer unseren Vergleich nutzt und sich dar\u00fcber bewusst ist, welche Funktionen die Karte haben soll, kann am Ende die <strong>&#8222;passt-perfekt&#8220; Kreditkarte<\/strong> f\u00fcr den eigenen Zweck finden und wird dabei auch noch sehr wenig Geld bezahlen m\u00fcssen.<\/p>\n","protected":false},"excerpt":{"rendered":"<p>Die Bezahlung \u00fcber das bargeldlose System wird \u00fcberall auf der Welt immer beliebter. Kredit- und EC-Karten sind in beinahe jedem Portemonnaie zu finden. Schon aufgrund des Handels im Internet ist...","protected":false},"author":2,"featured_media":0,"parent":1736,"menu_order":0,"comment_status":"open","ping_status":"open","template":"page-full.php","meta":{"_acf_changed":false,"_monsterinsights_skip_tracking":false,"_monsterinsights_sitenote_active":false,"_monsterinsights_sitenote_note":"","_monsterinsights_sitenote_category":0,"footnotes":""},"class_list":["post-3566","page","type-page","status-publish","hentry"],"acf":[],"yoast_head":"<!-- This site is optimized with the Yoast SEO plugin v26.8 - https:\/\/yoast.com\/product\/yoast-seo-wordpress\/ -->\n<title>Wie funktioniert die Kreditkarte?<\/title>\n<meta name=\"description\" content=\"Wie funktioniert die Kreditkarte? Wir erkl\u00e4ren die Funktions- und Einsatzarten einer Kreditkarte.\" \/>\n<meta name=\"robots\" content=\"index, follow, max-snippet:-1, max-image-preview:large, max-video-preview:-1\" \/>\n<link rel=\"canonical\" href=\"https:\/\/www.kreditkartenvergleich.org\/ratgeber\/wie-funktioniert-die-kreditkarte\/\" \/>\n<meta name=\"twitter:label1\" content=\"Gesch\u00e4tzte Lesezeit\" \/>\n\t<meta name=\"twitter:data1\" content=\"4\u00a0Minuten\" \/>\n<script type=\"application\/ld+json\" class=\"yoast-schema-graph\">{\"@context\":\"https:\/\/schema.org\",\"@graph\":[{\"@type\":\"WebPage\",\"@id\":\"http:\/\/www.crcg.de\/kreditkartenvergleich\/ratgeber\/wie-funktioniert-die-kreditkarte\/\",\"url\":\"http:\/\/www.crcg.de\/kreditkartenvergleich\/ratgeber\/wie-funktioniert-die-kreditkarte\/\",\"name\":\"Wie funktioniert die Kreditkarte?\",\"isPartOf\":{\"@id\":\"http:\/\/www.crcg.de\/kreditkartenvergleich\/#website\"},\"primaryImageOfPage\":{\"@id\":\"http:\/\/www.crcg.de\/kreditkartenvergleich\/ratgeber\/wie-funktioniert-die-kreditkarte\/#primaryimage\"},\"image\":{\"@id\":\"http:\/\/www.crcg.de\/kreditkartenvergleich\/ratgeber\/wie-funktioniert-die-kreditkarte\/#primaryimage\"},\"thumbnailUrl\":\"http:\/\/www.crcg.de\/kreditkartenvergleich\/wp-content\/uploads\/funktionsweise-276x300.jpg\",\"datePublished\":\"2014-02-06T09:27:12+00:00\",\"dateModified\":\"2017-09-12T11:12:07+00:00\",\"description\":\"Wie funktioniert die Kreditkarte? Wir erkl\u00e4ren die Funktions- und Einsatzarten einer Kreditkarte.\",\"breadcrumb\":{\"@id\":\"http:\/\/www.crcg.de\/kreditkartenvergleich\/ratgeber\/wie-funktioniert-die-kreditkarte\/#breadcrumb\"},\"inLanguage\":\"de\",\"potentialAction\":[{\"@type\":\"ReadAction\",\"target\":[\"http:\/\/www.crcg.de\/kreditkartenvergleich\/ratgeber\/wie-funktioniert-die-kreditkarte\/\"]}]},{\"@type\":\"ImageObject\",\"inLanguage\":\"de\",\"@id\":\"http:\/\/www.crcg.de\/kreditkartenvergleich\/ratgeber\/wie-funktioniert-die-kreditkarte\/#primaryimage\",\"url\":\"http:\/\/www.crcg.de\/kreditkartenvergleich\/wp-content\/uploads\/funktionsweise.jpg\",\"contentUrl\":\"http:\/\/www.crcg.de\/kreditkartenvergleich\/wp-content\/uploads\/funktionsweise.jpg\",\"width\":346,\"height\":376,\"caption\":\"Funktionsweise von Kreditkarten\"},{\"@type\":\"BreadcrumbList\",\"@id\":\"http:\/\/www.crcg.de\/kreditkartenvergleich\/ratgeber\/wie-funktioniert-die-kreditkarte\/#breadcrumb\",\"itemListElement\":[{\"@type\":\"ListItem\",\"position\":1,\"name\":\"Startseite\",\"item\":\"http:\/\/www.crcg.de\/kreditkartenvergleich\/\"},{\"@type\":\"ListItem\",\"position\":2,\"name\":\"Ratgeber\",\"item\":\"http:\/\/www.crcg.de\/kreditkartenvergleich\/ratgeber\/\"},{\"@type\":\"ListItem\",\"position\":3,\"name\":\"Wie funktioniert die Kreditkarte?\"}]},{\"@type\":\"WebSite\",\"@id\":\"http:\/\/www.crcg.de\/kreditkartenvergleich\/#website\",\"url\":\"http:\/\/www.crcg.de\/kreditkartenvergleich\/\",\"name\":\"Kreditkartenvergleich.org\",\"description\":\"Das unabh\u00e4ngige Kreditkarten Vergleich Portal\",\"potentialAction\":[{\"@type\":\"SearchAction\",\"target\":{\"@type\":\"EntryPoint\",\"urlTemplate\":\"http:\/\/www.crcg.de\/kreditkartenvergleich\/?s={search_term_string}\"},\"query-input\":{\"@type\":\"PropertyValueSpecification\",\"valueRequired\":true,\"valueName\":\"search_term_string\"}}],\"inLanguage\":\"de\"}]}<\/script>\n<!-- \/ Yoast SEO plugin. -->","yoast_head_json":{"title":"Wie funktioniert die Kreditkarte?","description":"Wie funktioniert die Kreditkarte? Wir erkl\u00e4ren die Funktions- und Einsatzarten einer Kreditkarte.","robots":{"index":"index","follow":"follow","max-snippet":"max-snippet:-1","max-image-preview":"max-image-preview:large","max-video-preview":"max-video-preview:-1"},"canonical":"https:\/\/www.kreditkartenvergleich.org\/ratgeber\/wie-funktioniert-die-kreditkarte\/","twitter_misc":{"Gesch\u00e4tzte Lesezeit":"4\u00a0Minuten"},"schema":{"@context":"https:\/\/schema.org","@graph":[{"@type":"WebPage","@id":"http:\/\/www.crcg.de\/kreditkartenvergleich\/ratgeber\/wie-funktioniert-die-kreditkarte\/","url":"http:\/\/www.crcg.de\/kreditkartenvergleich\/ratgeber\/wie-funktioniert-die-kreditkarte\/","name":"Wie funktioniert die Kreditkarte?","isPartOf":{"@id":"http:\/\/www.crcg.de\/kreditkartenvergleich\/#website"},"primaryImageOfPage":{"@id":"http:\/\/www.crcg.de\/kreditkartenvergleich\/ratgeber\/wie-funktioniert-die-kreditkarte\/#primaryimage"},"image":{"@id":"http:\/\/www.crcg.de\/kreditkartenvergleich\/ratgeber\/wie-funktioniert-die-kreditkarte\/#primaryimage"},"thumbnailUrl":"http:\/\/www.crcg.de\/kreditkartenvergleich\/wp-content\/uploads\/funktionsweise-276x300.jpg","datePublished":"2014-02-06T09:27:12+00:00","dateModified":"2017-09-12T11:12:07+00:00","description":"Wie funktioniert die Kreditkarte? Wir erkl\u00e4ren die Funktions- und Einsatzarten einer Kreditkarte.","breadcrumb":{"@id":"http:\/\/www.crcg.de\/kreditkartenvergleich\/ratgeber\/wie-funktioniert-die-kreditkarte\/#breadcrumb"},"inLanguage":"de","potentialAction":[{"@type":"ReadAction","target":["http:\/\/www.crcg.de\/kreditkartenvergleich\/ratgeber\/wie-funktioniert-die-kreditkarte\/"]}]},{"@type":"ImageObject","inLanguage":"de","@id":"http:\/\/www.crcg.de\/kreditkartenvergleich\/ratgeber\/wie-funktioniert-die-kreditkarte\/#primaryimage","url":"http:\/\/www.crcg.de\/kreditkartenvergleich\/wp-content\/uploads\/funktionsweise.jpg","contentUrl":"http:\/\/www.crcg.de\/kreditkartenvergleich\/wp-content\/uploads\/funktionsweise.jpg","width":346,"height":376,"caption":"Funktionsweise von Kreditkarten"},{"@type":"BreadcrumbList","@id":"http:\/\/www.crcg.de\/kreditkartenvergleich\/ratgeber\/wie-funktioniert-die-kreditkarte\/#breadcrumb","itemListElement":[{"@type":"ListItem","position":1,"name":"Startseite","item":"http:\/\/www.crcg.de\/kreditkartenvergleich\/"},{"@type":"ListItem","position":2,"name":"Ratgeber","item":"http:\/\/www.crcg.de\/kreditkartenvergleich\/ratgeber\/"},{"@type":"ListItem","position":3,"name":"Wie funktioniert die Kreditkarte?"}]},{"@type":"WebSite","@id":"http:\/\/www.crcg.de\/kreditkartenvergleich\/#website","url":"http:\/\/www.crcg.de\/kreditkartenvergleich\/","name":"Kreditkartenvergleich.org","description":"Das unabh\u00e4ngige Kreditkarten Vergleich Portal","potentialAction":[{"@type":"SearchAction","target":{"@type":"EntryPoint","urlTemplate":"http:\/\/www.crcg.de\/kreditkartenvergleich\/?s={search_term_string}"},"query-input":{"@type":"PropertyValueSpecification","valueRequired":true,"valueName":"search_term_string"}}],"inLanguage":"de"}]}},"_links":{"self":[{"href":"http:\/\/www.crcg.de\/kreditkartenvergleich\/wp-json\/wp\/v2\/pages\/3566","targetHints":{"allow":["GET"]}}],"collection":[{"href":"http:\/\/www.crcg.de\/kreditkartenvergleich\/wp-json\/wp\/v2\/pages"}],"about":[{"href":"http:\/\/www.crcg.de\/kreditkartenvergleich\/wp-json\/wp\/v2\/types\/page"}],"author":[{"embeddable":true,"href":"http:\/\/www.crcg.de\/kreditkartenvergleich\/wp-json\/wp\/v2\/users\/2"}],"replies":[{"embeddable":true,"href":"http:\/\/www.crcg.de\/kreditkartenvergleich\/wp-json\/wp\/v2\/comments?post=3566"}],"version-history":[{"count":2,"href":"http:\/\/www.crcg.de\/kreditkartenvergleich\/wp-json\/wp\/v2\/pages\/3566\/revisions"}],"predecessor-version":[{"id":5422,"href":"http:\/\/www.crcg.de\/kreditkartenvergleich\/wp-json\/wp\/v2\/pages\/3566\/revisions\/5422"}],"up":[{"embeddable":true,"href":"http:\/\/www.crcg.de\/kreditkartenvergleich\/wp-json\/wp\/v2\/pages\/1736"}],"wp:attachment":[{"href":"http:\/\/www.crcg.de\/kreditkartenvergleich\/wp-json\/wp\/v2\/media?parent=3566"}],"curies":[{"name":"wp","href":"https:\/\/api.w.org\/{rel}","templated":true}]}}