


{"id":3507,"date":"2014-02-07T11:39:53","date_gmt":"2014-02-07T10:39:53","guid":{"rendered":"http:\/\/www.kreditkartenvergleich.org\/?page_id=3507"},"modified":"2017-09-12T12:25:32","modified_gmt":"2017-09-12T11:25:32","slug":"kreditkarte-entwerten","status":"publish","type":"page","link":"http:\/\/www.crcg.de\/kreditkartenvergleich\/ratgeber\/kreditkarte-entwerten\/","title":{"rendered":"Kreditkarte entwerten"},"content":{"rendered":"<p>Wer seine alte Kreditkarte nicht mehr ben\u00f6tigt oder auch eine neue erh\u00e4lt, muss die <strong>bisher genutzte Plastikkarte entwerten<\/strong>. Doch oft ist es damit nicht getan: Wechselt man beispielsweise den Anbieter oder m\u00f6chte den <a title=\"komplette K\u00fcndigung der Karte\" href=\"http:\/\/www.crcg.de\/kreditkartenvergleich\/ratgeber\/kreditkarte-kuendigen\/\">Vertrag vollst\u00e4ndig k\u00fcndigen<\/a>, muss auf einiges geachtet werden. Die <strong>wichtigsten Punkte erkl\u00e4rt<\/strong> der nachfolgende Artikel.<\/p>\n<h2>Die wichtigsten Fakten rund um die K\u00fcndigung einer Kreditkarte<\/h2>\n<p><img decoding=\"async\" class=\"alignright wp-image-3508\" style=\"margin-left: 10px; margin-bottom: 10px; border: 0px none; float: right;\" src=\"http:\/\/www.crcg.de\/kreditkartenvergleich\/wp-content\/uploads\/flexibilitaet-276x300.jpg\" alt=\"Deutlich mehr Flexibilit\u00e4t\" width=\"166\" height=\"180\" srcset=\"http:\/\/www.crcg.de\/kreditkartenvergleich\/wp-content\/uploads\/flexibilitaet-276x300.jpg 276w, http:\/\/www.crcg.de\/kreditkartenvergleich\/wp-content\/uploads\/flexibilitaet-92x100.jpg 92w, http:\/\/www.crcg.de\/kreditkartenvergleich\/wp-content\/uploads\/flexibilitaet.jpg 346w\" sizes=\"(max-width: 166px) 100vw, 166px\" \/>Fr\u00fcher war es der Fall, dass der Kreditkartenbesitzer eine <strong>dreimonatige K\u00fcndigungsfrist einhalten<\/strong> musste, bevor die K\u00fcndigung wirksam wurde. Am 31. September 2009 trat jedoch die so genannte Zahlungsdiensterichtlinie in Kraft. Diese erm\u00f6glicht, dass Kunden ihren Kreditkartenvertrag <strong>zum Ende eines jeden Monats k\u00fcndigen<\/strong> k\u00f6nnen. Auf diese Weise genie\u00dfen Verbraucher <strong>deutlich mehr Flexibilit\u00e4t<\/strong> und sind nicht mehr dazu gezwungen, eine bestimmte Karte noch viel l\u00e4nger zu benutzen, als sie eigentlich m\u00f6chten. Diese Regel greift sowohl f\u00fcr alle Banken als auch f\u00fcr s\u00e4mtliche Kreditkartentypen &#8211; sie gilt somit ebenso f\u00fcr <a title=\"Das gleiche gilt f\u00fcr Prepaid Kreditkarten\" href=\"http:\/\/www.crcg.de\/kreditkartenvergleich\/prepaid-kreditkarte\/\">Prepaid Kreditkarten<\/a>.<\/p>\n<p><img decoding=\"async\" class=\"alignright size-medium wp-image-3510\" style=\"margin-left: 10px; margin-bottom: 8px; border: 1px solid #5c0564;\" src=\"http:\/\/www.crcg.de\/kreditkartenvergleich\/wp-content\/uploads\/kreditkarte-entwerten-300x221.jpg\" alt=\"Mann entwertet Kreditkarte mit Schere\" width=\"300\" height=\"221\" srcset=\"http:\/\/www.crcg.de\/kreditkartenvergleich\/wp-content\/uploads\/kreditkarte-entwerten-300x221.jpg 300w, http:\/\/www.crcg.de\/kreditkartenvergleich\/wp-content\/uploads\/kreditkarte-entwerten-135x100.jpg 135w, http:\/\/www.crcg.de\/kreditkartenvergleich\/wp-content\/uploads\/kreditkarte-entwerten.jpg 424w\" sizes=\"(max-width: 300px) 100vw, 300px\" \/>Wenn man seine Kreditkarte k\u00fcndigen m\u00f6chte, so ist es sehr wichtig, die <strong>K\u00fcndigung schriftlich einzureichen<\/strong>. Am einfachsten funktioniert dies, wenn man die Karte von einer lokalen Filialbank erhalten hat: Man kann sie direkt am Schalter k\u00fcndigen und muss daf\u00fcr nur <strong>ein Formular ausf\u00fcllen<\/strong> sowie unterscheiden. Anschlie\u00dfend wird die Karte abgegeben und entwertet. Handelt es sich um Karten von Direktbanken, welche von Unternehmen im Internet ausgegeben wurden, so kann man das K\u00fcndigungsformular in der Regel online ausf\u00fcllen. Alternativ dazu reicht <strong>ein formloses Schreiben<\/strong> aus, in dem die Kunden- und Kreditkartennummer aufgef\u00fchrt sind. Als Ansprechpartner gilt immer das jeweilige Unternehmen, welches die Karte zuvor ausgestellt hat. Ebenfalls gekl\u00e4rt werden muss, ob man die <strong>Kreditkarte zur\u00fccksenden muss oder ob man sie selbst entsorgt bzw. entwertet<\/strong>. In jedem Fall sollte sie selbst zerschnitten werden &#8211; vor allem der Chip und der Magnetstreifen d\u00fcrfen nicht mehr intakt sein. Das gilt auch dann, wenn man die Karte an das Unternehmen zur\u00fccksendet, denn nat\u00fcrlich ist eine intakte, funktionsf\u00e4hige Karte auf dem Postweg alles andere als risikolos. Wer ganz auf Nummer sicher gehen m\u00f6chte, verschickt die <strong>K\u00fcndigung als Einschreiben mit R\u00fcckschein<\/strong>.<\/p>\n<h3>Nach der K\u00fcndigung und Entwertung der Kreditkarte<\/h3>\n<p>M\u00f6chte man die Kreditkarte k\u00fcndigen, so kann sie hinterher nat\u00fcrlich nicht mehr in Anspruch genommen werden. Die Bank darf die Karte dann ohne Weiteres einfordern.<br \/>\nMit dem Tag der K\u00fcndigung werden dar\u00fcber hinaus <strong>s\u00e4mtliche Forderungen f\u00e4llig<\/strong>, die noch in Zusammenhang mit der Kreditkarte stehen: Hat man noch Betr\u00e4ge offen bzw. einen Kreditrahmen beansprucht, so muss dieser <strong>sofort ausgeglichen<\/strong> werden. Der f\u00e4llige Betrag kann entweder direkt vom Girokonto abgebucht werden oder aber man \u00fcberweist die Summe selbst an das Kreditkartenunternehmen. Genauso verh\u00e4lt es sich, wenn sich noch ein Restguthaben auf der Karte befinden sollte &#8211; dieses wird direkt auf das Girokonto ausbezahlt.<\/p>\n<p><span style=\"text-decoration: underline;\"><em><strong>\u00dcbrigens:<\/strong><\/em><\/span> F\u00fcr den Fall, dass es sich bei der Kreditkarte, die gek\u00fcndigt und entwertet werden soll, nicht um eine <a title=\"Kreditkarte komplett kostenfrei\" href=\"http:\/\/www.crcg.de\/kreditkartenvergleich\/kostenlose-kreditkarten\/\">kostenfreie Kreditkarte<\/a> handelt, dann muss die Bank die zu viel gezahlte Jahresgeb\u00fchr zur\u00fcckerstatten, wenn das Jahr noch <strong>einige Monate l\u00e4nger andauert<\/strong>. Bevor die Karte gek\u00fcndigt wird, ist es zudem sehr wichtig, sich schon <strong>fr\u00fchzeitig eine neue Karte zu bestellen<\/strong>. Insbesondere dann, wenn man im Alltag darauf angewiesen ist, sollte die Dauer f\u00fcr die <strong>Zusendung einer neuen Karte<\/strong> nicht untersch\u00e4tzt werden, da diese schon einmal zwei Wochen oder mehr in Anspruch nehmen kann.<\/p>\n<p><span style=\"text-decoration: underline;\"><em><strong>Unser Tipp:<\/strong><\/em><\/span> Ein guter Vergleich hilft, den passenden Anbieter zu finden. Da nicht jede Kreditkarte kostenfrei ist und die einzelnen Karten sich untereinander auch <strong>in ihrer Leistung unterscheiden<\/strong>, sollten s\u00e4mtliche Anbieter genau unter die Lupe genommen werden. Oft werden Grundgeb\u00fchren gefordert oder es entstehen Kosten bei den Transaktionen &#8211; dies muss allerdings nicht sein, da es auch zahlreiche kostenlose Anbieter gibt. Nutzen Sie deshalb <a title=\"Unser praktischer Online Vergleich\" href=\"http:\/\/www.crcg.de\/kreditkartenvergleich\/\">unseren praktischen Vergleich<\/a>, um die richtige Karte f\u00fcr Ihren Bedarf zu finden.<\/p>\n","protected":false},"excerpt":{"rendered":"<p>Wer seine alte Kreditkarte nicht mehr ben\u00f6tigt oder auch eine neue erh\u00e4lt, muss die bisher genutzte Plastikkarte entwerten. Doch oft ist es damit nicht getan: Wechselt man beispielsweise den Anbi...","protected":false},"author":2,"featured_media":0,"parent":1736,"menu_order":0,"comment_status":"open","ping_status":"open","template":"page-full.php","meta":{"_acf_changed":false,"_monsterinsights_skip_tracking":false,"_monsterinsights_sitenote_active":false,"_monsterinsights_sitenote_note":"","_monsterinsights_sitenote_category":0,"footnotes":""},"class_list":["post-3507","page","type-page","status-publish","hentry"],"acf":[],"yoast_head":"<!-- This site is optimized with the Yoast SEO plugin v26.8 - https:\/\/yoast.com\/product\/yoast-seo-wordpress\/ -->\n<title>Kreditkarte entwerten<\/title>\n<meta name=\"robots\" content=\"index, follow, max-snippet:-1, max-image-preview:large, max-video-preview:-1\" \/>\n<link rel=\"canonical\" href=\"https:\/\/www.kreditkartenvergleich.org\/ratgeber\/kreditkarte-entwerten\/\" \/>\n<meta name=\"twitter:label1\" content=\"Gesch\u00e4tzte Lesezeit\" \/>\n\t<meta name=\"twitter:data1\" content=\"3\u00a0Minuten\" \/>\n<script type=\"application\/ld+json\" class=\"yoast-schema-graph\">{\"@context\":\"https:\/\/schema.org\",\"@graph\":[{\"@type\":\"WebPage\",\"@id\":\"http:\/\/www.crcg.de\/kreditkartenvergleich\/ratgeber\/kreditkarte-entwerten\/\",\"url\":\"http:\/\/www.crcg.de\/kreditkartenvergleich\/ratgeber\/kreditkarte-entwerten\/\",\"name\":\"Kreditkarte entwerten\",\"isPartOf\":{\"@id\":\"http:\/\/www.crcg.de\/kreditkartenvergleich\/#website\"},\"primaryImageOfPage\":{\"@id\":\"http:\/\/www.crcg.de\/kreditkartenvergleich\/ratgeber\/kreditkarte-entwerten\/#primaryimage\"},\"image\":{\"@id\":\"http:\/\/www.crcg.de\/kreditkartenvergleich\/ratgeber\/kreditkarte-entwerten\/#primaryimage\"},\"thumbnailUrl\":\"http:\/\/www.crcg.de\/kreditkartenvergleich\/wp-content\/uploads\/flexibilitaet-276x300.jpg\",\"datePublished\":\"2014-02-07T10:39:53+00:00\",\"dateModified\":\"2017-09-12T11:25:32+00:00\",\"breadcrumb\":{\"@id\":\"http:\/\/www.crcg.de\/kreditkartenvergleich\/ratgeber\/kreditkarte-entwerten\/#breadcrumb\"},\"inLanguage\":\"de\",\"potentialAction\":[{\"@type\":\"ReadAction\",\"target\":[\"http:\/\/www.crcg.de\/kreditkartenvergleich\/ratgeber\/kreditkarte-entwerten\/\"]}]},{\"@type\":\"ImageObject\",\"inLanguage\":\"de\",\"@id\":\"http:\/\/www.crcg.de\/kreditkartenvergleich\/ratgeber\/kreditkarte-entwerten\/#primaryimage\",\"url\":\"http:\/\/www.crcg.de\/kreditkartenvergleich\/wp-content\/uploads\/flexibilitaet.jpg\",\"contentUrl\":\"http:\/\/www.crcg.de\/kreditkartenvergleich\/wp-content\/uploads\/flexibilitaet.jpg\",\"width\":346,\"height\":376,\"caption\":\"Deutlich mehr Flexibilit\u00e4t\"},{\"@type\":\"BreadcrumbList\",\"@id\":\"http:\/\/www.crcg.de\/kreditkartenvergleich\/ratgeber\/kreditkarte-entwerten\/#breadcrumb\",\"itemListElement\":[{\"@type\":\"ListItem\",\"position\":1,\"name\":\"Startseite\",\"item\":\"http:\/\/www.crcg.de\/kreditkartenvergleich\/\"},{\"@type\":\"ListItem\",\"position\":2,\"name\":\"Ratgeber\",\"item\":\"http:\/\/www.crcg.de\/kreditkartenvergleich\/ratgeber\/\"},{\"@type\":\"ListItem\",\"position\":3,\"name\":\"Kreditkarte entwerten\"}]},{\"@type\":\"WebSite\",\"@id\":\"http:\/\/www.crcg.de\/kreditkartenvergleich\/#website\",\"url\":\"http:\/\/www.crcg.de\/kreditkartenvergleich\/\",\"name\":\"Kreditkartenvergleich.org\",\"description\":\"Das unabh\u00e4ngige Kreditkarten Vergleich Portal\",\"potentialAction\":[{\"@type\":\"SearchAction\",\"target\":{\"@type\":\"EntryPoint\",\"urlTemplate\":\"http:\/\/www.crcg.de\/kreditkartenvergleich\/?s={search_term_string}\"},\"query-input\":{\"@type\":\"PropertyValueSpecification\",\"valueRequired\":true,\"valueName\":\"search_term_string\"}}],\"inLanguage\":\"de\"}]}<\/script>\n<!-- \/ Yoast SEO plugin. -->","yoast_head_json":{"title":"Kreditkarte entwerten","robots":{"index":"index","follow":"follow","max-snippet":"max-snippet:-1","max-image-preview":"max-image-preview:large","max-video-preview":"max-video-preview:-1"},"canonical":"https:\/\/www.kreditkartenvergleich.org\/ratgeber\/kreditkarte-entwerten\/","twitter_misc":{"Gesch\u00e4tzte Lesezeit":"3\u00a0Minuten"},"schema":{"@context":"https:\/\/schema.org","@graph":[{"@type":"WebPage","@id":"http:\/\/www.crcg.de\/kreditkartenvergleich\/ratgeber\/kreditkarte-entwerten\/","url":"http:\/\/www.crcg.de\/kreditkartenvergleich\/ratgeber\/kreditkarte-entwerten\/","name":"Kreditkarte entwerten","isPartOf":{"@id":"http:\/\/www.crcg.de\/kreditkartenvergleich\/#website"},"primaryImageOfPage":{"@id":"http:\/\/www.crcg.de\/kreditkartenvergleich\/ratgeber\/kreditkarte-entwerten\/#primaryimage"},"image":{"@id":"http:\/\/www.crcg.de\/kreditkartenvergleich\/ratgeber\/kreditkarte-entwerten\/#primaryimage"},"thumbnailUrl":"http:\/\/www.crcg.de\/kreditkartenvergleich\/wp-content\/uploads\/flexibilitaet-276x300.jpg","datePublished":"2014-02-07T10:39:53+00:00","dateModified":"2017-09-12T11:25:32+00:00","breadcrumb":{"@id":"http:\/\/www.crcg.de\/kreditkartenvergleich\/ratgeber\/kreditkarte-entwerten\/#breadcrumb"},"inLanguage":"de","potentialAction":[{"@type":"ReadAction","target":["http:\/\/www.crcg.de\/kreditkartenvergleich\/ratgeber\/kreditkarte-entwerten\/"]}]},{"@type":"ImageObject","inLanguage":"de","@id":"http:\/\/www.crcg.de\/kreditkartenvergleich\/ratgeber\/kreditkarte-entwerten\/#primaryimage","url":"http:\/\/www.crcg.de\/kreditkartenvergleich\/wp-content\/uploads\/flexibilitaet.jpg","contentUrl":"http:\/\/www.crcg.de\/kreditkartenvergleich\/wp-content\/uploads\/flexibilitaet.jpg","width":346,"height":376,"caption":"Deutlich mehr Flexibilit\u00e4t"},{"@type":"BreadcrumbList","@id":"http:\/\/www.crcg.de\/kreditkartenvergleich\/ratgeber\/kreditkarte-entwerten\/#breadcrumb","itemListElement":[{"@type":"ListItem","position":1,"name":"Startseite","item":"http:\/\/www.crcg.de\/kreditkartenvergleich\/"},{"@type":"ListItem","position":2,"name":"Ratgeber","item":"http:\/\/www.crcg.de\/kreditkartenvergleich\/ratgeber\/"},{"@type":"ListItem","position":3,"name":"Kreditkarte entwerten"}]},{"@type":"WebSite","@id":"http:\/\/www.crcg.de\/kreditkartenvergleich\/#website","url":"http:\/\/www.crcg.de\/kreditkartenvergleich\/","name":"Kreditkartenvergleich.org","description":"Das unabh\u00e4ngige Kreditkarten Vergleich Portal","potentialAction":[{"@type":"SearchAction","target":{"@type":"EntryPoint","urlTemplate":"http:\/\/www.crcg.de\/kreditkartenvergleich\/?s={search_term_string}"},"query-input":{"@type":"PropertyValueSpecification","valueRequired":true,"valueName":"search_term_string"}}],"inLanguage":"de"}]}},"_links":{"self":[{"href":"http:\/\/www.crcg.de\/kreditkartenvergleich\/wp-json\/wp\/v2\/pages\/3507","targetHints":{"allow":["GET"]}}],"collection":[{"href":"http:\/\/www.crcg.de\/kreditkartenvergleich\/wp-json\/wp\/v2\/pages"}],"about":[{"href":"http:\/\/www.crcg.de\/kreditkartenvergleich\/wp-json\/wp\/v2\/types\/page"}],"author":[{"embeddable":true,"href":"http:\/\/www.crcg.de\/kreditkartenvergleich\/wp-json\/wp\/v2\/users\/2"}],"replies":[{"embeddable":true,"href":"http:\/\/www.crcg.de\/kreditkartenvergleich\/wp-json\/wp\/v2\/comments?post=3507"}],"version-history":[{"count":2,"href":"http:\/\/www.crcg.de\/kreditkartenvergleich\/wp-json\/wp\/v2\/pages\/3507\/revisions"}],"predecessor-version":[{"id":5433,"href":"http:\/\/www.crcg.de\/kreditkartenvergleich\/wp-json\/wp\/v2\/pages\/3507\/revisions\/5433"}],"up":[{"embeddable":true,"href":"http:\/\/www.crcg.de\/kreditkartenvergleich\/wp-json\/wp\/v2\/pages\/1736"}],"wp:attachment":[{"href":"http:\/\/www.crcg.de\/kreditkartenvergleich\/wp-json\/wp\/v2\/media?parent=3507"}],"curies":[{"name":"wp","href":"https:\/\/api.w.org\/{rel}","templated":true}]}}