


{"id":3475,"date":"2014-02-16T14:13:01","date_gmt":"2014-02-16T13:13:01","guid":{"rendered":"http:\/\/www.kreditkartenvergleich.org\/?page_id=3475"},"modified":"2017-09-12T12:30:34","modified_gmt":"2017-09-12T11:30:34","slug":"checkliste-kreditkarte","status":"publish","type":"page","link":"http:\/\/www.crcg.de\/kreditkartenvergleich\/ratgeber\/checkliste-kreditkarte\/","title":{"rendered":"Die Qual der Wahl: Unsere Checkliste f\u00fcr die passende Kreditkarte"},"content":{"rendered":"<p><img decoding=\"async\" class=\"alignleft wp-image-3479\" style=\"margin-right: 10px; margin-bottom: 8px; border: 0px none; float: left;\" src=\"http:\/\/www.crcg.de\/kreditkartenvergleich\/wp-content\/uploads\/checkliste-fragezeichen-276x300.jpg\" alt=\"M\u00e4nnchen informiert sich mit unserer Checkliste\" width=\"166\" height=\"180\" srcset=\"http:\/\/www.crcg.de\/kreditkartenvergleich\/wp-content\/uploads\/checkliste-fragezeichen-276x300.jpg 276w, http:\/\/www.crcg.de\/kreditkartenvergleich\/wp-content\/uploads\/checkliste-fragezeichen-92x100.jpg 92w, http:\/\/www.crcg.de\/kreditkartenvergleich\/wp-content\/uploads\/checkliste-fragezeichen.jpg 346w\" sizes=\"(max-width: 166px) 100vw, 166px\" \/>Zahlreiche Anbieter, unterschiedliche <a title=\"Geb\u00fchren\" href=\"http:\/\/www.crcg.de\/kreditkartenvergleich\/ratgeber\/gebuehren-von-kreditkarten\/\">Geb\u00fchren<\/a>, Zinsen und dergleichen mehr: Wer bei den vielen Fakten rund um Kreditkarten den \u00dcberblick verliert, steht nicht alleine da. Wenn Sie sich f\u00fcr eine Kreditkarte interessieren und die <strong>Vor- und Nachteile miteinander vergleichen<\/strong> wollen, sollten Sie einen Blick auf unsere folgende Checkliste riskieren.<\/p>\n<h2>Eine Kreditkarte ist eine Kreditkarte \u2013 oder?<\/h2>\n<p>Hier f\u00e4ngt es bereits an: \u201eDie Kreditkarte\u201c an sich gibt es eigentlich nicht. Stattdessen unterscheidet der Markt in <strong>verschiedene Typen von Kreditkarten<\/strong>, die im Fachjargon auf Namen wie Debit- oder auch Prepaid-Karte h\u00f6ren. Die drei in Deutschland meistgenutzten Karten gliedern sich wie folgt:<\/p>\n<ul>\n<li><strong><img decoding=\"async\" class=\"alignright wp-image-3483\" style=\"margin-left: 10px; margin-bottom: 8px; border: 0px;\" src=\"http:\/\/www.crcg.de\/kreditkartenvergleich\/wp-content\/uploads\/checkliste-abgehakt-276x300.jpg\" alt=\"Abgehakt auf der Checkliste\" width=\"166\" height=\"180\" srcset=\"http:\/\/www.crcg.de\/kreditkartenvergleich\/wp-content\/uploads\/checkliste-abgehakt-276x300.jpg 276w, http:\/\/www.crcg.de\/kreditkartenvergleich\/wp-content\/uploads\/checkliste-abgehakt-92x100.jpg 92w, http:\/\/www.crcg.de\/kreditkartenvergleich\/wp-content\/uploads\/checkliste-abgehakt.jpg 346w\" sizes=\"(max-width: 166px) 100vw, 166px\" \/><span style=\"text-decoration: underline;\"><em>Charge-Kreditkarten<\/em><\/span> &#8211; <\/strong>Dies ist der Typ von Kreditkarte, den die meisten Menschen meinen, wenn sie von einer solchen Karte sprechen. Sie gehen damit in ein Gesch\u00e4ft, <strong>bezahlen Ihren Einkauf<\/strong> und erhalten die Rechnung f\u00fcr diese Transaktion sp\u00e4ter. Die meisten Kreditinstitute bitten am Monatsende zur Kasse. Ein wenig \u201egef\u00e4hrlich\u201c kann der Einkauf nat\u00fcrlich sein, denn Sie k\u00f6nnen <strong>mehr Geld ausgeben, als Sie \u00fcberhaupt besitzen<\/strong>. Ein \u00dcberblick \u00fcber die eigenen Finanzen sollte also gegeben sein.<\/li>\n<li><strong><span style=\"text-decoration: underline;\"><em>Debit-Kreditkarten<\/em><\/span> &#8211; <\/strong>Diese Variante funktioniert prinzipiell wie eine EC-Karte: Sie kaufen ein und Ihr <strong>Konto wird sofort belastet<\/strong>. Die meisten Banken geben diese Kreditkarte auch an finanziell weniger gutbetuchte Personen aus \u2013 Sch\u00fcler, <a title=\"Kreditkarten f\u00fcr Studenten\" href=\"http:\/\/www.crcg.de\/kreditkartenvergleich\/kreditkarte-fuer-studenten\/\">Studenten<\/a> und dergleichen \u2013, au\u00dferdem ist eine <strong>\u00dcberschuldung nicht m\u00f6glich<\/strong>, was diese Karte auch von der Charge-Kreditkarte unterscheidet.<\/li>\n<li><strong><em><span style=\"text-decoration: underline;\">Prepaid-Kreditkarten<\/span><\/em> &#8211; <\/strong>Auch diese Kreditkarte empfiehlt sich f\u00fcr die genannten Personengruppen: Die Kreditkarte wird <strong>vorher per \u00dcberweisung \u201eaufgeladen\u201c<\/strong>. Nur die \u00fcberwiesene Summe steht anschlie\u00dfend zum Ausgeben zur Verf\u00fcgung. Wer die Kreditkarte eher gelegentlich benutzt \u2013 wie etwa im Urlaub \u2013, sollte hier n\u00e4her hinsehen.<\/li>\n<\/ul>\n<div class=\"headline-small\">Welche Kreditkarte sollte ich w\u00e4hlen?<\/div>\n<p><img decoding=\"async\" class=\"alignleft wp-image-3485\" style=\"margin-right: 10px; margin-bottom: 8px; border: 0px none; float: left;\" src=\"http:\/\/www.crcg.de\/kreditkartenvergleich\/wp-content\/uploads\/checkliste-welche-kreditkarte-276x300.jpg\" alt=\"Welche Kreditkarte sollte ich w\u00e4hlen?\" width=\"166\" height=\"180\" srcset=\"http:\/\/www.crcg.de\/kreditkartenvergleich\/wp-content\/uploads\/checkliste-welche-kreditkarte-276x300.jpg 276w, http:\/\/www.crcg.de\/kreditkartenvergleich\/wp-content\/uploads\/checkliste-welche-kreditkarte-92x100.jpg 92w, http:\/\/www.crcg.de\/kreditkartenvergleich\/wp-content\/uploads\/checkliste-welche-kreditkarte.jpg 346w\" sizes=\"(max-width: 166px) 100vw, 166px\" \/>In Deutschland sind es vor allem <a title=\"Kreditkarten von Visa\" href=\"http:\/\/www.crcg.de\/kreditkartenvergleich\/visa-kreditkarte\/\">VISA<\/a> und <a title=\"Kreditkarten von Mastercard\" href=\"http:\/\/www.crcg.de\/kreditkartenvergleich\/mastercard-kreditkarte\/\">MasterCard<\/a>, welche die Kreditkarten bereitstellen. Inzwischen stellt zwar gef\u00fchlt jedes etwas gr\u00f6\u00dfere Unternehmen und jede Bank eine eigene Kreditkarte zur Verf\u00fcgung \u2013 wie beispielsweise auch Amazon \u2013 doch dabei handelt es sich in diesem Beispiel nur um eine <strong>gew\u00f6hnliche MasterCard-Kreditkarte<\/strong>, die mit einem eigenen Firmenlogo versehen ist. Die un\u00fcberschaubare Flut an Kreditkarten ist also gar nicht so tief. Bei unserem <a title=\"Unser Kreditkarten Vergleich\" href=\"http:\/\/www.crcg.de\/kreditkartenvergleich\/\">Kreditkarten Vergleich<\/a> k\u00f6nnen Sie vorher festlegen, <strong>welches Kartensystem Sie bevorzugen<\/strong>, um die ungew\u00fcnschten Angebote gleich herauszufiltern.<\/p>\n<div class=\"infobox-big\"><div class=\"infobox-small\"><div class=\"info-bulb\"><\/div><div class=\"info-header\">Bonusangebote und Verg\u00fcnstigungen beachten<\/div><p>Richten Sie sich nicht unbedingt nach <strong>Bonusangeboten oder besonderen Verg\u00fctungen<\/strong>, welche Ihnen eine Bank oder ein Unternehmen anbietet. Orientieren Sie sich eher an der Akzeptanz und den Geb\u00fchren: Mit VISA oder MasterCard k\u00f6nnen Sie <strong>an \u00fcber 30 Millionen Stellen auf der Welt<\/strong> bezahlen. Bei <a title=\"American Express\" href=\"http:\/\/www.crcg.de\/kreditkartenvergleich\/american-express-kreditkarte\/\">American Express<\/a> beispielsweise sieht es mit der Akzeptanz schon deutlich schlechter aus. Wenn Sie bei uns die verschiedenen Kreditkarten vergleichen, werden Ihnen <strong>alle Vor- und auch Nachteile auf einen Blick<\/strong> angezeigt, so dass Sie in Ruhe abw\u00e4gen k\u00f6nnen.<\/p><\/div><\/div>\n<h3>Wie teuer sind Kreditkarten?<\/h3>\n<p>Die <a title=\"H\u00e4ufig kostenlose Kreditkarten\" href=\"http:\/\/www.crcg.de\/kreditkartenvergleich\/kostenlose-kreditkarten\/\">Karte selbst ist h\u00e4ufig kostenlos<\/a>, doch die Folgegeb\u00fchren k\u00f6nnen mitunter erheblich schwanken. Hier kocht leider jedes Kreditinstitut sein eigenes S\u00fcppchen, so dass Sie am besten <strong>vor Ort nachfragen oder online das Kleingedruckte lesen<\/strong>. Grunds\u00e4tzlich werden sich die Geb\u00fchren anhand folgender Modelle orientieren:<\/p>\n<ul>\n<li><img decoding=\"async\" class=\"alignright wp-image-3488\" style=\"margin-left: 10px; margin-bottom: 8px; border: 0px none;\" src=\"http:\/\/www.crcg.de\/kreditkartenvergleich\/wp-content\/uploads\/checkliste-kosten-276x300.jpg\" alt=\"Wie hoch sind die Kosten tats\u00e4chlich?\" width=\"166\" height=\"180\" srcset=\"http:\/\/www.crcg.de\/kreditkartenvergleich\/wp-content\/uploads\/checkliste-kosten-276x300.jpg 276w, http:\/\/www.crcg.de\/kreditkartenvergleich\/wp-content\/uploads\/checkliste-kosten-92x100.jpg 92w, http:\/\/www.crcg.de\/kreditkartenvergleich\/wp-content\/uploads\/checkliste-kosten.jpg 346w\" sizes=\"(max-width: 166px) 100vw, 166px\" \/><strong><span style=\"text-decoration: underline;\"><em>Umsatz pro Monat<\/em><\/span> &#8211;<\/strong> Einige Dienstleister koppeln einen <strong>Mindestumsatz an Ihre Kreditkarten<\/strong>. Wenn Sie dieses Ziel unter normalen Umst\u00e4nden nicht erreichen, sollten Sie diesen Kartentyp wahrscheinlich nicht w\u00e4hlen.<\/li>\n<li><strong><span style=\"text-decoration: underline;\"><em>Feste Jahresgeb\u00fchr<\/em><\/span> &#8211;<\/strong> Viele Herausgeber verlangen von Ihnen eine j\u00e4hrliche Geb\u00fchr, die stark schwanken kann. <strong>Der Vorteil:<\/strong> Sie wissen ganz genau, wie teuer das F\u00fchren der Kreditkarte wird.<\/li>\n<\/ul>\n<p>Durch unseren Vergleich werden <strong>alle fixen Kosten sowie m\u00f6gliche Folgegeb\u00fchren<\/strong> aufgelistet. Au\u00dferdem erfahren Sie hier, wie hoch die Zinsen bei jeder Karte ausfallen, falls Sie Ihren Kreditrahmen \u00fcberschreiten.<\/p>\n<h4>Gibt es \u201eversteckte Kosten\u201c?<\/h4>\n<p><img decoding=\"async\" class=\"alignright wp-image-3489\" style=\"margin-left: 10px; margin-bottom: 8px; border: 0px;\" src=\"http:\/\/www.crcg.de\/kreditkartenvergleich\/wp-content\/uploads\/checkliste-versteckte-kosten-276x300.jpg\" alt=\"Gibt es versteckte Kosten bei den Kreditkarten?\" width=\"166\" height=\"180\" srcset=\"http:\/\/www.crcg.de\/kreditkartenvergleich\/wp-content\/uploads\/checkliste-versteckte-kosten-276x300.jpg 276w, http:\/\/www.crcg.de\/kreditkartenvergleich\/wp-content\/uploads\/checkliste-versteckte-kosten-92x100.jpg 92w, http:\/\/www.crcg.de\/kreditkartenvergleich\/wp-content\/uploads\/checkliste-versteckte-kosten.jpg 346w\" sizes=\"(max-width: 166px) 100vw, 166px\" \/>Normalerweise werden f\u00fcr die Bezahlung von Produkten, Dienstleistungen oder anderen G\u00fctern innerhalb von Deutschland <strong>keine Geb\u00fchren erhoben<\/strong>. Viele Herausgeber w\u00e4hlen sogar den umgekehrten Weg: Wenn Sie h\u00e4ufig die Kreditkarte nutzen, erhalten Sie noch <strong>Bonuspr\u00e4mien<\/strong>. Im Ausland hingegen erheben die allermeisten Banken eine Geb\u00fchr auf Transaktionen und in der Regel auch das Abheben von Geld vom eigenen Bankkonto. Bezeichnet wird dies als <strong>Auslandseinsatzentgelt<\/strong>, und dieses Entgelt kann sich in seiner H\u00f6he betr\u00e4chtlich unterscheiden. Wenn Sie h\u00e4ufiger im Ausland verkehren \u2013 sei es <strong>beruflich oder privat<\/strong> \u2013, sollten Sie diese Geb\u00fchren unbedingt vorher pr\u00fcfen, da sie <strong>auf Dauer erhebliche Summen<\/strong> ausmachen k\u00f6nnen. <span style=\"text-decoration: underline;\"><strong>Ein Tipp<\/strong><\/span>: Filtern Sie bei Ihrem Vergleich nach Anbietern, die kostenlose Auslandstransaktionen erm\u00f6glichen.<\/p>\n<h5>Die Checkliste: Worauf achte ich vor der Anschaffung einer Kreditkarte?<\/h5>\n<ul>\n<li><strong><img decoding=\"async\" class=\"alignright wp-image-3492\" style=\"margin-left: 10px; margin-bottom: 8px; border: 0px;\" src=\"http:\/\/www.crcg.de\/kreditkartenvergleich\/wp-content\/uploads\/checkliste-anschaffung-276x300.jpg\" alt=\"Checkliste f\u00fcr die Anschaffung meiner neuen Kreditkarte\" width=\"166\" height=\"180\" srcset=\"http:\/\/www.crcg.de\/kreditkartenvergleich\/wp-content\/uploads\/checkliste-anschaffung-276x300.jpg 276w, http:\/\/www.crcg.de\/kreditkartenvergleich\/wp-content\/uploads\/checkliste-anschaffung-92x100.jpg 92w, http:\/\/www.crcg.de\/kreditkartenvergleich\/wp-content\/uploads\/checkliste-anschaffung.jpg 346w\" sizes=\"(max-width: 166px) 100vw, 166px\" \/>Welche Art von Kreditkarte passt zu meinen Finanzen und Einkaufsgewohnheiten?<\/strong><\/li>\n<li>Charge-, Debit- oder <a title=\"Prepaid Kreditkarte\" href=\"http:\/\/www.crcg.de\/kreditkartenvergleich\/prepaid-kreditkarte\/\">Prepaid-Kreditkarte<\/a>?<\/li>\n<li><strong>Wo wird meine gew\u00fcnschte Kreditkarte akzeptiert?<\/strong><\/li>\n<li>VISA oder MasterCard versprechen die meisten Akzeptanzstellen!<\/li>\n<li><strong>Wie zahle ich f\u00fcr das F\u00fchren meiner Kreditkarte?<\/strong><\/li>\n<li>Ist ein monatlicher Umsatz eine kluge Wahl?<\/li>\n<li><strong>Welche Geb\u00fchren oder Pr\u00e4mien erwarten mich beim Bezahlen mit der Kreditkarte?<\/strong><\/li>\n<li>Falls zutreffend: Ich bin h\u00e4ufig im Ausland unterwegs. Bietet meine gew\u00fcnschte Kreditkarte akzeptable Konditionen beim Bezahlen au\u00dferhalb von Deutschland?<\/li>\n<\/ul>\n<h6>W\u00e4hlen Sie die richtige Kreditkarte!<\/h6>\n<p>Mit diesem Wissen sollte es Ihnen nicht allzu schwerfallen, die <strong>passende Karte in unserem Vergleich zu finden<\/strong>. Lassen Sie sich beim Vergleich <strong>nicht von Versprechungen und Bonusangeboten k\u00f6dern<\/strong>, sondern w\u00e4hlen Sie sorgf\u00e4ltig genau das aus, was Sie brauchen \u2013 denn dieser Weg f\u00fchrt immer an das richtige Ziel.<\/p>\n","protected":false},"excerpt":{"rendered":"<p>Zahlreiche Anbieter, unterschiedliche Geb\u00fchren, Zinsen und dergleichen mehr: Wer bei den vielen Fakten rund um Kreditkarten den \u00dcberblick verliert, steht nicht alleine da. Wenn Sie sich f\u00fcr eine...","protected":false},"author":2,"featured_media":0,"parent":1736,"menu_order":0,"comment_status":"open","ping_status":"open","template":"page-full.php","meta":{"_acf_changed":false,"_monsterinsights_skip_tracking":false,"_monsterinsights_sitenote_active":false,"_monsterinsights_sitenote_note":"","_monsterinsights_sitenote_category":0,"footnotes":""},"class_list":["post-3475","page","type-page","status-publish","hentry"],"acf":[],"yoast_head":"<!-- This site is optimized with the Yoast SEO plugin v26.8 - https:\/\/yoast.com\/product\/yoast-seo-wordpress\/ -->\n<title>Die Qual der Wahl: Unsere Checkliste f\u00fcr die passende Kreditkarte<\/title>\n<meta name=\"robots\" content=\"index, follow, max-snippet:-1, max-image-preview:large, max-video-preview:-1\" \/>\n<link rel=\"canonical\" href=\"https:\/\/www.kreditkartenvergleich.org\/ratgeber\/checkliste-kreditkarte\/\" \/>\n<meta name=\"twitter:label1\" content=\"Gesch\u00e4tzte Lesezeit\" \/>\n\t<meta name=\"twitter:data1\" content=\"4\u00a0Minuten\" \/>\n<script type=\"application\/ld+json\" class=\"yoast-schema-graph\">{\"@context\":\"https:\/\/schema.org\",\"@graph\":[{\"@type\":\"WebPage\",\"@id\":\"http:\/\/www.crcg.de\/kreditkartenvergleich\/ratgeber\/checkliste-kreditkarte\/\",\"url\":\"http:\/\/www.crcg.de\/kreditkartenvergleich\/ratgeber\/checkliste-kreditkarte\/\",\"name\":\"Die Qual der Wahl: Unsere Checkliste f\u00fcr die passende Kreditkarte\",\"isPartOf\":{\"@id\":\"http:\/\/www.crcg.de\/kreditkartenvergleich\/#website\"},\"primaryImageOfPage\":{\"@id\":\"http:\/\/www.crcg.de\/kreditkartenvergleich\/ratgeber\/checkliste-kreditkarte\/#primaryimage\"},\"image\":{\"@id\":\"http:\/\/www.crcg.de\/kreditkartenvergleich\/ratgeber\/checkliste-kreditkarte\/#primaryimage\"},\"thumbnailUrl\":\"http:\/\/www.crcg.de\/kreditkartenvergleich\/wp-content\/uploads\/checkliste-fragezeichen-276x300.jpg\",\"datePublished\":\"2014-02-16T13:13:01+00:00\",\"dateModified\":\"2017-09-12T11:30:34+00:00\",\"breadcrumb\":{\"@id\":\"http:\/\/www.crcg.de\/kreditkartenvergleich\/ratgeber\/checkliste-kreditkarte\/#breadcrumb\"},\"inLanguage\":\"de\",\"potentialAction\":[{\"@type\":\"ReadAction\",\"target\":[\"http:\/\/www.crcg.de\/kreditkartenvergleich\/ratgeber\/checkliste-kreditkarte\/\"]}]},{\"@type\":\"ImageObject\",\"inLanguage\":\"de\",\"@id\":\"http:\/\/www.crcg.de\/kreditkartenvergleich\/ratgeber\/checkliste-kreditkarte\/#primaryimage\",\"url\":\"http:\/\/www.crcg.de\/kreditkartenvergleich\/wp-content\/uploads\/checkliste-fragezeichen.jpg\",\"contentUrl\":\"http:\/\/www.crcg.de\/kreditkartenvergleich\/wp-content\/uploads\/checkliste-fragezeichen.jpg\",\"width\":346,\"height\":376,\"caption\":\"M\u00e4nnchen informiert sich mit unserer Checkliste\"},{\"@type\":\"BreadcrumbList\",\"@id\":\"http:\/\/www.crcg.de\/kreditkartenvergleich\/ratgeber\/checkliste-kreditkarte\/#breadcrumb\",\"itemListElement\":[{\"@type\":\"ListItem\",\"position\":1,\"name\":\"Startseite\",\"item\":\"http:\/\/www.crcg.de\/kreditkartenvergleich\/\"},{\"@type\":\"ListItem\",\"position\":2,\"name\":\"Ratgeber\",\"item\":\"http:\/\/www.crcg.de\/kreditkartenvergleich\/ratgeber\/\"},{\"@type\":\"ListItem\",\"position\":3,\"name\":\"Die Qual der Wahl: Unsere Checkliste f\u00fcr die passende Kreditkarte\"}]},{\"@type\":\"WebSite\",\"@id\":\"http:\/\/www.crcg.de\/kreditkartenvergleich\/#website\",\"url\":\"http:\/\/www.crcg.de\/kreditkartenvergleich\/\",\"name\":\"Kreditkartenvergleich.org\",\"description\":\"Das unabh\u00e4ngige Kreditkarten Vergleich Portal\",\"potentialAction\":[{\"@type\":\"SearchAction\",\"target\":{\"@type\":\"EntryPoint\",\"urlTemplate\":\"http:\/\/www.crcg.de\/kreditkartenvergleich\/?s={search_term_string}\"},\"query-input\":{\"@type\":\"PropertyValueSpecification\",\"valueRequired\":true,\"valueName\":\"search_term_string\"}}],\"inLanguage\":\"de\"}]}<\/script>\n<!-- \/ Yoast SEO plugin. -->","yoast_head_json":{"title":"Die Qual der Wahl: Unsere Checkliste f\u00fcr die passende Kreditkarte","robots":{"index":"index","follow":"follow","max-snippet":"max-snippet:-1","max-image-preview":"max-image-preview:large","max-video-preview":"max-video-preview:-1"},"canonical":"https:\/\/www.kreditkartenvergleich.org\/ratgeber\/checkliste-kreditkarte\/","twitter_misc":{"Gesch\u00e4tzte Lesezeit":"4\u00a0Minuten"},"schema":{"@context":"https:\/\/schema.org","@graph":[{"@type":"WebPage","@id":"http:\/\/www.crcg.de\/kreditkartenvergleich\/ratgeber\/checkliste-kreditkarte\/","url":"http:\/\/www.crcg.de\/kreditkartenvergleich\/ratgeber\/checkliste-kreditkarte\/","name":"Die Qual der Wahl: Unsere Checkliste f\u00fcr die passende Kreditkarte","isPartOf":{"@id":"http:\/\/www.crcg.de\/kreditkartenvergleich\/#website"},"primaryImageOfPage":{"@id":"http:\/\/www.crcg.de\/kreditkartenvergleich\/ratgeber\/checkliste-kreditkarte\/#primaryimage"},"image":{"@id":"http:\/\/www.crcg.de\/kreditkartenvergleich\/ratgeber\/checkliste-kreditkarte\/#primaryimage"},"thumbnailUrl":"http:\/\/www.crcg.de\/kreditkartenvergleich\/wp-content\/uploads\/checkliste-fragezeichen-276x300.jpg","datePublished":"2014-02-16T13:13:01+00:00","dateModified":"2017-09-12T11:30:34+00:00","breadcrumb":{"@id":"http:\/\/www.crcg.de\/kreditkartenvergleich\/ratgeber\/checkliste-kreditkarte\/#breadcrumb"},"inLanguage":"de","potentialAction":[{"@type":"ReadAction","target":["http:\/\/www.crcg.de\/kreditkartenvergleich\/ratgeber\/checkliste-kreditkarte\/"]}]},{"@type":"ImageObject","inLanguage":"de","@id":"http:\/\/www.crcg.de\/kreditkartenvergleich\/ratgeber\/checkliste-kreditkarte\/#primaryimage","url":"http:\/\/www.crcg.de\/kreditkartenvergleich\/wp-content\/uploads\/checkliste-fragezeichen.jpg","contentUrl":"http:\/\/www.crcg.de\/kreditkartenvergleich\/wp-content\/uploads\/checkliste-fragezeichen.jpg","width":346,"height":376,"caption":"M\u00e4nnchen informiert sich mit unserer Checkliste"},{"@type":"BreadcrumbList","@id":"http:\/\/www.crcg.de\/kreditkartenvergleich\/ratgeber\/checkliste-kreditkarte\/#breadcrumb","itemListElement":[{"@type":"ListItem","position":1,"name":"Startseite","item":"http:\/\/www.crcg.de\/kreditkartenvergleich\/"},{"@type":"ListItem","position":2,"name":"Ratgeber","item":"http:\/\/www.crcg.de\/kreditkartenvergleich\/ratgeber\/"},{"@type":"ListItem","position":3,"name":"Die Qual der Wahl: Unsere Checkliste f\u00fcr die passende Kreditkarte"}]},{"@type":"WebSite","@id":"http:\/\/www.crcg.de\/kreditkartenvergleich\/#website","url":"http:\/\/www.crcg.de\/kreditkartenvergleich\/","name":"Kreditkartenvergleich.org","description":"Das unabh\u00e4ngige Kreditkarten Vergleich Portal","potentialAction":[{"@type":"SearchAction","target":{"@type":"EntryPoint","urlTemplate":"http:\/\/www.crcg.de\/kreditkartenvergleich\/?s={search_term_string}"},"query-input":{"@type":"PropertyValueSpecification","valueRequired":true,"valueName":"search_term_string"}}],"inLanguage":"de"}]}},"_links":{"self":[{"href":"http:\/\/www.crcg.de\/kreditkartenvergleich\/wp-json\/wp\/v2\/pages\/3475","targetHints":{"allow":["GET"]}}],"collection":[{"href":"http:\/\/www.crcg.de\/kreditkartenvergleich\/wp-json\/wp\/v2\/pages"}],"about":[{"href":"http:\/\/www.crcg.de\/kreditkartenvergleich\/wp-json\/wp\/v2\/types\/page"}],"author":[{"embeddable":true,"href":"http:\/\/www.crcg.de\/kreditkartenvergleich\/wp-json\/wp\/v2\/users\/2"}],"replies":[{"embeddable":true,"href":"http:\/\/www.crcg.de\/kreditkartenvergleich\/wp-json\/wp\/v2\/comments?post=3475"}],"version-history":[{"count":3,"href":"http:\/\/www.crcg.de\/kreditkartenvergleich\/wp-json\/wp\/v2\/pages\/3475\/revisions"}],"predecessor-version":[{"id":5438,"href":"http:\/\/www.crcg.de\/kreditkartenvergleich\/wp-json\/wp\/v2\/pages\/3475\/revisions\/5438"}],"up":[{"embeddable":true,"href":"http:\/\/www.crcg.de\/kreditkartenvergleich\/wp-json\/wp\/v2\/pages\/1736"}],"wp:attachment":[{"href":"http:\/\/www.crcg.de\/kreditkartenvergleich\/wp-json\/wp\/v2\/media?parent=3475"}],"curies":[{"name":"wp","href":"https:\/\/api.w.org\/{rel}","templated":true}]}}