


{"id":253,"date":"2010-01-21T22:27:27","date_gmt":"2010-01-21T21:27:27","guid":{"rendered":"http:\/\/www.kreditkartenvergleich.org\/?page_id=253"},"modified":"2017-09-12T11:42:56","modified_gmt":"2017-09-12T10:42:56","slug":"prepaid-kreditkarte","status":"publish","type":"page","link":"http:\/\/www.crcg.de\/kreditkartenvergleich\/prepaid-kreditkarte\/","title":{"rendered":"Prepaid Kreditkarten &#8211; die kosteng\u00fcnstige Alternative"},"content":{"rendered":"<div class=\"text-space\">\n<p><img decoding=\"async\" class=\"alignright size-thumbnail wp-image-930\" style=\"margin-left: 10px; margin-bottom: 8px; border: 1px solid #5c0564; float: right;\" title=\"Prepaid Kreditkarte mit Vorauszahlung\" src=\"http:\/\/www.crcg.de\/kreditkartenvergleich\/wp-content\/uploads\/2010\/01\/prepaid-kreditkarte-150x150.jpg\" alt=\"Prepaid Kreditkarte mit Vorauszahlung\" width=\"150\" height=\"150\" \/>Die <strong>Prepaid Kreditkarte ist<\/strong>, wie der Name es schon verraten mag, eine Karte, die den <strong>urspr\u00fcnglichen Sinn des Namens nicht mehr verdient<\/strong>. Mit dieser Karte hat der Inhaber keinen Kredit bei seiner Bank. Er muss, im Gegenteil dazu, die <a title=\"Aufladen seiner eigenen Kreditkarte\" href=\"http:\/\/www.crcg.de\/kreditkartenvergleich\/ratgeber\/kreditkarte-aufladen\/\">Karte mit Geld &#8222;aufladen&#8220;<\/a>, um sie anschlie\u00dfend <strong>zum Zahlen einsetzen<\/strong> zu k\u00f6nnen. Achten Sie auf die Besonderheiten der einzelnen Angebote und w\u00e4hlen Sie die f\u00fcr Sie <strong>&#8222;passt-perfekt&#8220; Karte<\/strong>.<\/p>\n<p><span style=\"text-decoration: underline;\"><strong><em>Tipp:<\/em><\/strong><\/span> Auch bei Prepaid Kreditkarten sollten die <strong>Kosten der Anbieter verglichen<\/strong> werden<\/p>\n<\/div>\n<p><iframe onload=\"fa_iframeresize.do(this);\" src=\"https:\/\/tools.financeads.net\/kreditkarterechner.php?tp=dif&#038;h=1&#038;wf=22327&#038;ntpl=responsive&#038;zahlungsart=prepaid\" scrolling=\"no\" width=\"100%\" style=\"padding:0px;margin:0px;border-width:0px;\" frameborder=\"0\"><\/iframe><script type=\"text\/javascript\" src=\"http:\/\/www.crcg.de\/kreditkartenvergleich\/\/js.financeads.net\/iframeResizeMe.min.js.gz\"><\/script><\/p>\n<div class=\"text-space\">\n<p><div class=\"infobox-big\"><div class=\"infobox-small\"><div class=\"info-bulb\"><\/div><div class=\"info-header\">Wer nutzt eine Prepaid Kreditkarte?<\/div><p>Grunds\u00e4tzlich kann jeder eine Prepaid Kreditkarte <strong>beantragen und benutzen<\/strong>, der sich aus unterschiedlichen Gr\u00fcnden damit einverstanden erkl\u00e4rt, dass die Kreditkarte keinen Kreditrahmen anbietet. Mancher Verbraucher m\u00f6chte sich damit <strong>vor \u00dcberschuldung sch\u00fctzen<\/strong>, andere haben nur diese M\u00f6glichkeit der Nutzung einer Kreditkarte zur Verf\u00fcgung. Wer <strong>Negativmerkmale in seiner Schufa-Bewertung<\/strong> vorweist, wird Probleme haben, einen Kredit zu bekommen. Wenn \u00fcberhaupt, muss der Verbraucher daf\u00fcr einen hohen Zinssatz zahlen und viele Sicherheiten vorlegen, die <strong>das Risiko des Zahlungsausfalls abdecken<\/strong> sollen. Um trotzdem die <a title=\"Positive Eigenschaften von Kreditkarten\" href=\"http:\/\/www.crcg.de\/kreditkartenvergleich\/ratgeber\/vorteile-von-kreditkarten\/\">positiven Eigenschaften einer Kreditkarte<\/a> nutzen zu k\u00f6nnen, w\u00e4hlen solche Verbraucher die Prepaid-Kreditkarte.<\/p><\/div><\/div><img decoding=\"async\" class=\"alignright size-medium wp-image-930\" style=\"margin-left: 10px; margin-bottom: 8px; border: 1px solid #5c0564; float: right;\" src=\"http:\/\/www.crcg.de\/kreditkartenvergleich\/wp-content\/uploads\/2010\/01\/prepaid-kreditkarte-300x200.jpg\" alt=\"Prepaid Kreditkarte mit Vorauszahlung\" width=\"300\" height=\"200\" srcset=\"http:\/\/www.crcg.de\/kreditkartenvergleich\/wp-content\/uploads\/2010\/01\/prepaid-kreditkarte-300x200.jpg 300w, http:\/\/www.crcg.de\/kreditkartenvergleich\/wp-content\/uploads\/2010\/01\/prepaid-kreditkarte.jpg 423w\" sizes=\"(max-width: 300px) 100vw, 300px\" \/>\u00c4hnlich wie die Debit Card oder die Chargecard der Banken weist die Prepaid Card, wie die Prepaid Kreditkarte auch genannt wird, die <strong>gleichen Merkmale<\/strong> in Bezug auf die Zahlungsfunktionen auf. Sie kann \u00fcberall dort eingesetzt werden, wo eine Kreditkarte akzeptiert wird.\u00a0 Lediglich bei manchen Autovermietungsfirmen k\u00f6nnte es <strong>Probleme beim Einsatz<\/strong> geben, das liegt jedoch daran, dass diese Firmen \u00f6fter mit unerwarteten Zusatzkosten durch Unf\u00e4lle usw. betroffen sind. In allen Gesch\u00e4ften und auch beim Kauf in einem Onlineshop kann die Prepaid Kreditkarte eingesetzt werden. Sie bietet nicht nur die <strong>bequeme M\u00f6glichkeit der Kartenzahlung<\/strong>, sondern gew\u00e4hrt dem Kunden damit auch eine gewisse Sicherheit. Da nur das <strong>auf der Karte befindliche Guthaben verbraucht<\/strong> werden kann, besteht keine Gefahr, beim <a title=\"Kreditkartenmissbrauch durch Dritte\" href=\"http:\/\/www.crcg.de\/kreditkartenvergleich\/ratgeber\/missbrauch-der-kreditkarte\/\">Kreditkartenmissbrauch durch Dritte<\/a> zu Schaden zu kommen.Welches sind die <strong>Vor- und Nachteile<\/strong>, die eine Prepaid Kreditkarte f\u00fcr den Inhaber bereith\u00e4lt? Da es mittlerweile eine <strong>Vielzahl an Anbietern<\/strong> f\u00fcr die spezielle Kreditkarte gibt, kann der \u00dcberblick schnell verloren gehen. Eine Prepaid Kreditkarte ist im Gegensatz zur <a title=\"kostenlose Kreditkarten\" href=\"http:\/\/www.crcg.de\/kreditkartenvergleich\/kostenlose-kreditkarten\/\">kostenlosen Kreditkarte<\/a> \u00fcberhaupt nicht kostenlos, selbst f\u00fcr diese Karte fallen noch <strong>unterschiedliche Geb\u00fchren<\/strong> an.<b>Tipp:<\/b> Fidor, Kalixa und W\u00fcstenrot berechnen f\u00fcr ihre Prepaid Kreditkarte keine Geb\u00fchren<\/p>\n<h2>Die Vor- und Nachteile auf einen Blick:<\/h2>\n<table>\n<tbody>\n<tr>\n<td width=\"50\"><\/td>\n<td style=\"valign: top;\"><strong>Vorteile<\/strong><\/p>\n<ul>\n<li>Keine Schufa-Pr\u00fcfung<\/li>\n<li>Auch f\u00fcr <strong>Freiberufler und Selbst\u00e4ndige<\/strong><\/li>\n<li>Kostenkontrolle durch Guthabenfunktion<\/li>\n<li>Auch f\u00fcr <strong>Jugendliche<\/strong> geeignet<\/li>\n<li>Auch f\u00fcr <strong>Verbraucher mit Negativ-Schufa<\/strong><\/li>\n<li>Guthabenverzinsung bei einigen Anbietern<\/li>\n<li>Ohne Jahresgeb\u00fchr erh\u00e4ltlich<\/li>\n<\/ul>\n<\/td>\n<td style=\"padding-left: 50px;\" valign=\"top\"><strong>Nachteile:<\/strong><\/p>\n<ul>\n<li>vor der Nutzung muss <strong>Guthaben aufgeladen<\/strong> werden<\/li>\n<li>Banklaufzeit durch \u00dcberweisung oder Einzahlung<\/li>\n<li>Akzeptanz nicht in allen Bereichen<\/li>\n<li>eventuell hohe Grundgeb\u00fchren<\/li>\n<\/ul>\n<\/td>\n<\/tr>\n<\/tbody>\n<\/table>\n<h3>Vielf\u00e4ltige Einsatzm\u00f6glichkeiten unterwegs und zu Hause<\/h3>\n<p><img decoding=\"async\" class=\"alignright size-medium wp-image-2042\" style=\"margin-left: 10px; margin-bottom: 8px; border: 1px solid #5c0564; float: right;\" src=\"http:\/\/www.crcg.de\/kreditkartenvergleich\/wp-content\/uploads\/2011\/12\/kreditkartenzahlung-300x229.jpg\" alt=\"Kreditkartenzahlung im Internet\" width=\"300\" height=\"229\" srcset=\"http:\/\/www.crcg.de\/kreditkartenvergleich\/wp-content\/uploads\/2011\/12\/kreditkartenzahlung-300x229.jpg 300w, http:\/\/www.crcg.de\/kreditkartenvergleich\/wp-content\/uploads\/2011\/12\/kreditkartenzahlung.jpg 396w\" sizes=\"(max-width: 300px) 100vw, 300px\" \/>In der Vielzahl der Angebote f\u00fcr Kreditkarten gibt es nat\u00fcrlich die eine oder andere, die dem Kunden <strong>mehr Vorteile<\/strong> bieten k\u00f6nnte. Der <a title=\"Aktueller Kreditkarten Vergleich\" href=\"http:\/\/www.crcg.de\/kreditkartenvergleich\/\">Kreditkarten Vergleich<\/a> zeigt das schnell auf einen Blick. Hier sind die Unterschiede vor allem in den Jahresgeb\u00fchren zu finden. W\u00e4hrend manche Anbieter die Karte im ersten Jahr und <strong>auch in den folgenden Jahren ohne Geb\u00fchr<\/strong> anbieten, haben andere oft stattliche Geb\u00fchren in ihrer Berechnung aufgelistet. Ebenso sieht es bei den Leistungen aus. Was bei einem Anbieter <strong>relativ mager<\/strong> ausf\u00e4llt, ist beim anderen Kreditkartenanbieter sehr umfangreich. Bei allem sollte der Kunde jedoch bedenken:<\/p>\n<p><span style=\"text-decoration: underline;\"><b>Tipp:<\/b><\/span> es werden keine hohen Sollzinsen f\u00fcr die ratenweise R\u00fcckzahlung berechnet<\/p>\n<p>Auch Prepaid Kreditkarten tragen das Zeichen von <a title=\"VISA\" href=\"http:\/\/www.crcg.de\/kreditkartenvergleich\/visa-kreditkarte\/\">VISA<\/a> oder <a title=\"Mastercard\" href=\"http:\/\/www.crcg.de\/kreditkartenvergleich\/mastercard-kreditkarte\/\">MasterCard<\/a> aufgedruckt, auch dadurch unterscheiden sie sich nicht von den normalen Kreditkarten. So kann diese Karte eingesetzt werden, ohne dass ein optischer Unterschied besteht. Der <a title=\"Gro\u00dfe Vorteile bei Kreditkarten\" href=\"http:\/\/www.crcg.de\/kreditkartenvergleich\/ratgeber\/vorteile-von-kreditkarten\/\">gr\u00f6\u00dfte Vorteil<\/a> besteht jedoch darin, dass <strong>mit der Prepaid Kreditkarte eine \u00dcberschuldung vermieden<\/strong> wird. Nur das vom Inhaber auf die Karte \u00fcbertragene Guthaben kann anschlie\u00dfend wieder ausgegeben werden. Die <strong>pers\u00f6nliche Kostenkontrolle<\/strong> ist damit gew\u00e4hrleistet.<\/p>\n<h4>Einen kleinen Unterschied gibt es<\/h4>\n<p>Die Prepaid Kreditkarte unterscheidet sich in ihren \u00e4u\u00dferen Merkmalen <strong>auf den ersten Blick nicht<\/strong> von anderen Kreditkarten. Das Logo der Bank vorne, die Pr\u00fcfziffer hinten auf der Karte sind ebenso vorhanden und machen den Einsatz ebenso m\u00f6glich wie mit einer herk\u00f6mmlichen Kreditkarte. Neben dem <strong>fehlenden Kreditrahmen<\/strong>, der ebenfalls optisch nicht erkennbar ist, ist jedoch die erhabene Pr\u00e4gung der Kreditkartennummer und dem Namen des Inhabers das <strong>gr\u00f6\u00dfte Unterscheidungsmerkmal<\/strong>.<\/p>\n<p>Die erhabene Pr\u00e4gung wird f\u00fcr die Kreditkartenleseger\u00e4te, die auch als <strong>\u201eRitsch-Ratsch-Ger\u00e4te\u201c<\/strong> bekannt sind, durchgef\u00fchrt. In diesem Ger\u00e4t wird bei der Kartenzahlung eine Quittung mit dem <strong>Aufdruck der eingestanzten Kreditkartennummer<\/strong> angefertigt. Da diese Ger\u00e4te aber immer mehr aus den Gesch\u00e4ften verschwinden und die elektronische Bearbeitung in den Vordergrund r\u00fcckt, d\u00fcrfte auch dieses letzte Merkmal bald nicht mehr vorhanden sein.<\/p>\n<h5>Fazit zur Prepaid Kreditkarte:<\/h5>\n<p><img decoding=\"async\" class=\"size-medium wp-image-2366 alignright\" style=\"margin-left: 10px; margin-bottom: 8px; border: 1px solid #5c0564; float: right;\" title=\"Die ideale L\u00f6sung f\u00fcr Jugendliche\" src=\"http:\/\/www.crcg.de\/kreditkartenvergleich\/wp-content\/uploads\/2010\/01\/kartefuerjugendliche-300x200.jpg\" alt=\"Die ideale L\u00f6sung f\u00fcr Jugendliche\" width=\"300\" height=\"200\" srcset=\"http:\/\/www.crcg.de\/kreditkartenvergleich\/wp-content\/uploads\/2010\/01\/kartefuerjugendliche-300x200.jpg 300w, http:\/\/www.crcg.de\/kreditkartenvergleich\/wp-content\/uploads\/2010\/01\/kartefuerjugendliche.jpg 424w\" sizes=\"(max-width: 300px) 100vw, 300px\" \/><\/p>\n<p>Prepaid-Kreditkarten sind keinesfalls eine <strong>Kreditkarte f\u00fcr \u00fcberschuldete Menschen oder lediglich f\u00fcr solche mit geringen finanziellen Mitteln<\/strong>, im Gegenteil. Inhaber einer solchen Kreditkarte zeigen, dass sie ihre <strong>Kosten im Blick<\/strong> haben wollen und die <strong>Gefahr der \u00dcberschuldung<\/strong> vermeiden m\u00f6chten. Aus welchem Grund diese Einstellung vorhanden ist, spielt dabei keine Rolle. In diesem Sinne ist die <strong>Prepaid-Kreditkarte auch f\u00fcr Jugendliche bestens geeignet<\/strong> und sch\u00fctzt sie davor, sich fr\u00fchzeitig in die Verschuldung zu begeben. Trotzdem sollte der Verbraucher sich genau informieren, bei welchem Kreditinstitut er eine Prepaid Kreditkarte beantragen m\u00f6chte. <\/p>\n<\/div>\n","protected":false},"excerpt":{"rendered":"<p>Die Prepaid Kreditkarte ist, wie der Name es schon verraten mag, eine Karte, die den urspr\u00fcnglichen Sinn des Namens nicht mehr verdient. Mit dieser Karte hat der Inhaber keinen Kredit bei seiner B...","protected":false},"author":2,"featured_media":0,"parent":0,"menu_order":0,"comment_status":"closed","ping_status":"open","template":"page-full.php","meta":{"_acf_changed":false,"_monsterinsights_skip_tracking":false,"_monsterinsights_sitenote_active":false,"_monsterinsights_sitenote_note":"","_monsterinsights_sitenote_category":0,"footnotes":""},"class_list":["post-253","page","type-page","status-publish","hentry"],"acf":[],"yoast_head":"<!-- This site is optimized with the Yoast SEO plugin v26.8 - https:\/\/yoast.com\/product\/yoast-seo-wordpress\/ -->\n<title>Prepaid Kreditkarte - Wer vergleicht hat bessere Karten<\/title>\n<meta name=\"description\" content=\"Prepaid Kreditkarten Vergleich \u2714 \u00dcber 50 Kreditkarten im Vergleich \u2714 Mehr Leistung, Mehr Spielraum \u2714 Wir verhelfen Ihrer Kreditkarte zur H\u00f6chstleistung.\" \/>\n<meta name=\"robots\" content=\"index, follow, max-snippet:-1, max-image-preview:large, max-video-preview:-1\" \/>\n<link rel=\"canonical\" href=\"https:\/\/www.kreditkartenvergleich.org\/prepaid-kreditkarte\/\" \/>\n<meta name=\"twitter:label1\" content=\"Gesch\u00e4tzte Lesezeit\" \/>\n\t<meta name=\"twitter:data1\" content=\"4\u00a0Minuten\" \/>\n<script type=\"application\/ld+json\" class=\"yoast-schema-graph\">{\"@context\":\"https:\/\/schema.org\",\"@graph\":[{\"@type\":\"WebPage\",\"@id\":\"http:\/\/www.crcg.de\/kreditkartenvergleich\/prepaid-kreditkarte\/\",\"url\":\"http:\/\/www.crcg.de\/kreditkartenvergleich\/prepaid-kreditkarte\/\",\"name\":\"Prepaid Kreditkarte - Wer vergleicht hat bessere Karten\",\"isPartOf\":{\"@id\":\"http:\/\/www.crcg.de\/kreditkartenvergleich\/#website\"},\"primaryImageOfPage\":{\"@id\":\"http:\/\/www.crcg.de\/kreditkartenvergleich\/prepaid-kreditkarte\/#primaryimage\"},\"image\":{\"@id\":\"http:\/\/www.crcg.de\/kreditkartenvergleich\/prepaid-kreditkarte\/#primaryimage\"},\"thumbnailUrl\":\"http:\/\/www.crcg.de\/kreditkartenvergleich\/wp-content\/uploads\/2010\/01\/prepaid-kreditkarte-150x150.jpg\",\"datePublished\":\"2010-01-21T21:27:27+00:00\",\"dateModified\":\"2017-09-12T10:42:56+00:00\",\"description\":\"Prepaid Kreditkarten Vergleich \u2714 \u00dcber 50 Kreditkarten im Vergleich \u2714 Mehr Leistung, Mehr Spielraum \u2714 Wir verhelfen Ihrer Kreditkarte zur H\u00f6chstleistung.\",\"breadcrumb\":{\"@id\":\"http:\/\/www.crcg.de\/kreditkartenvergleich\/prepaid-kreditkarte\/#breadcrumb\"},\"inLanguage\":\"de\",\"potentialAction\":[{\"@type\":\"ReadAction\",\"target\":[\"http:\/\/www.crcg.de\/kreditkartenvergleich\/prepaid-kreditkarte\/\"]}]},{\"@type\":\"ImageObject\",\"inLanguage\":\"de\",\"@id\":\"http:\/\/www.crcg.de\/kreditkartenvergleich\/prepaid-kreditkarte\/#primaryimage\",\"url\":\"http:\/\/www.crcg.de\/kreditkartenvergleich\/wp-content\/uploads\/2010\/01\/prepaid-kreditkarte.jpg\",\"contentUrl\":\"http:\/\/www.crcg.de\/kreditkartenvergleich\/wp-content\/uploads\/2010\/01\/prepaid-kreditkarte.jpg\",\"width\":\"423\",\"height\":\"283\",\"caption\":\"Prepaid Kreditkarte mit Vorauszahlung\"},{\"@type\":\"BreadcrumbList\",\"@id\":\"http:\/\/www.crcg.de\/kreditkartenvergleich\/prepaid-kreditkarte\/#breadcrumb\",\"itemListElement\":[{\"@type\":\"ListItem\",\"position\":1,\"name\":\"Startseite\",\"item\":\"http:\/\/www.crcg.de\/kreditkartenvergleich\/\"},{\"@type\":\"ListItem\",\"position\":2,\"name\":\"Prepaid Kreditkarten &#8211; die kosteng\u00fcnstige Alternative\"}]},{\"@type\":\"WebSite\",\"@id\":\"http:\/\/www.crcg.de\/kreditkartenvergleich\/#website\",\"url\":\"http:\/\/www.crcg.de\/kreditkartenvergleich\/\",\"name\":\"Kreditkartenvergleich.org\",\"description\":\"Das unabh\u00e4ngige Kreditkarten Vergleich Portal\",\"potentialAction\":[{\"@type\":\"SearchAction\",\"target\":{\"@type\":\"EntryPoint\",\"urlTemplate\":\"http:\/\/www.crcg.de\/kreditkartenvergleich\/?s={search_term_string}\"},\"query-input\":{\"@type\":\"PropertyValueSpecification\",\"valueRequired\":true,\"valueName\":\"search_term_string\"}}],\"inLanguage\":\"de\"}]}<\/script>\n<!-- \/ Yoast SEO plugin. -->","yoast_head_json":{"title":"Prepaid Kreditkarte - Wer vergleicht hat bessere Karten","description":"Prepaid Kreditkarten Vergleich \u2714 \u00dcber 50 Kreditkarten im Vergleich \u2714 Mehr Leistung, Mehr Spielraum \u2714 Wir verhelfen Ihrer Kreditkarte zur H\u00f6chstleistung.","robots":{"index":"index","follow":"follow","max-snippet":"max-snippet:-1","max-image-preview":"max-image-preview:large","max-video-preview":"max-video-preview:-1"},"canonical":"https:\/\/www.kreditkartenvergleich.org\/prepaid-kreditkarte\/","twitter_misc":{"Gesch\u00e4tzte Lesezeit":"4\u00a0Minuten"},"schema":{"@context":"https:\/\/schema.org","@graph":[{"@type":"WebPage","@id":"http:\/\/www.crcg.de\/kreditkartenvergleich\/prepaid-kreditkarte\/","url":"http:\/\/www.crcg.de\/kreditkartenvergleich\/prepaid-kreditkarte\/","name":"Prepaid Kreditkarte - Wer vergleicht hat bessere Karten","isPartOf":{"@id":"http:\/\/www.crcg.de\/kreditkartenvergleich\/#website"},"primaryImageOfPage":{"@id":"http:\/\/www.crcg.de\/kreditkartenvergleich\/prepaid-kreditkarte\/#primaryimage"},"image":{"@id":"http:\/\/www.crcg.de\/kreditkartenvergleich\/prepaid-kreditkarte\/#primaryimage"},"thumbnailUrl":"http:\/\/www.crcg.de\/kreditkartenvergleich\/wp-content\/uploads\/2010\/01\/prepaid-kreditkarte-150x150.jpg","datePublished":"2010-01-21T21:27:27+00:00","dateModified":"2017-09-12T10:42:56+00:00","description":"Prepaid Kreditkarten Vergleich \u2714 \u00dcber 50 Kreditkarten im Vergleich \u2714 Mehr Leistung, Mehr Spielraum \u2714 Wir verhelfen Ihrer Kreditkarte zur H\u00f6chstleistung.","breadcrumb":{"@id":"http:\/\/www.crcg.de\/kreditkartenvergleich\/prepaid-kreditkarte\/#breadcrumb"},"inLanguage":"de","potentialAction":[{"@type":"ReadAction","target":["http:\/\/www.crcg.de\/kreditkartenvergleich\/prepaid-kreditkarte\/"]}]},{"@type":"ImageObject","inLanguage":"de","@id":"http:\/\/www.crcg.de\/kreditkartenvergleich\/prepaid-kreditkarte\/#primaryimage","url":"http:\/\/www.crcg.de\/kreditkartenvergleich\/wp-content\/uploads\/2010\/01\/prepaid-kreditkarte.jpg","contentUrl":"http:\/\/www.crcg.de\/kreditkartenvergleich\/wp-content\/uploads\/2010\/01\/prepaid-kreditkarte.jpg","width":"423","height":"283","caption":"Prepaid Kreditkarte mit Vorauszahlung"},{"@type":"BreadcrumbList","@id":"http:\/\/www.crcg.de\/kreditkartenvergleich\/prepaid-kreditkarte\/#breadcrumb","itemListElement":[{"@type":"ListItem","position":1,"name":"Startseite","item":"http:\/\/www.crcg.de\/kreditkartenvergleich\/"},{"@type":"ListItem","position":2,"name":"Prepaid Kreditkarten &#8211; die kosteng\u00fcnstige Alternative"}]},{"@type":"WebSite","@id":"http:\/\/www.crcg.de\/kreditkartenvergleich\/#website","url":"http:\/\/www.crcg.de\/kreditkartenvergleich\/","name":"Kreditkartenvergleich.org","description":"Das unabh\u00e4ngige Kreditkarten Vergleich Portal","potentialAction":[{"@type":"SearchAction","target":{"@type":"EntryPoint","urlTemplate":"http:\/\/www.crcg.de\/kreditkartenvergleich\/?s={search_term_string}"},"query-input":{"@type":"PropertyValueSpecification","valueRequired":true,"valueName":"search_term_string"}}],"inLanguage":"de"}]}},"_links":{"self":[{"href":"http:\/\/www.crcg.de\/kreditkartenvergleich\/wp-json\/wp\/v2\/pages\/253","targetHints":{"allow":["GET"]}}],"collection":[{"href":"http:\/\/www.crcg.de\/kreditkartenvergleich\/wp-json\/wp\/v2\/pages"}],"about":[{"href":"http:\/\/www.crcg.de\/kreditkartenvergleich\/wp-json\/wp\/v2\/types\/page"}],"author":[{"embeddable":true,"href":"http:\/\/www.crcg.de\/kreditkartenvergleich\/wp-json\/wp\/v2\/users\/2"}],"replies":[{"embeddable":true,"href":"http:\/\/www.crcg.de\/kreditkartenvergleich\/wp-json\/wp\/v2\/comments?post=253"}],"version-history":[{"count":2,"href":"http:\/\/www.crcg.de\/kreditkartenvergleich\/wp-json\/wp\/v2\/pages\/253\/revisions"}],"predecessor-version":[{"id":5359,"href":"http:\/\/www.crcg.de\/kreditkartenvergleich\/wp-json\/wp\/v2\/pages\/253\/revisions\/5359"}],"wp:attachment":[{"href":"http:\/\/www.crcg.de\/kreditkartenvergleich\/wp-json\/wp\/v2\/media?parent=253"}],"curies":[{"name":"wp","href":"https:\/\/api.w.org\/{rel}","templated":true}]}}