


{"id":251,"date":"2010-01-18T11:44:22","date_gmt":"2010-01-18T10:44:22","guid":{"rendered":"http:\/\/www.kreditkartenvergleich.org\/?page_id=251"},"modified":"2017-09-12T14:30:42","modified_gmt":"2017-09-12T13:30:42","slug":"mastercard-kreditkarte","status":"publish","type":"page","link":"http:\/\/www.crcg.de\/kreditkartenvergleich\/mastercard-kreditkarte\/","title":{"rendered":"Die altbew\u00e4hrte Mastercard Kreditkarte"},"content":{"rendered":"<div class=\"text-space\">\n<p><iframe onload=\"fa_iframeresize.do(this);\" src=\"https:\/\/tools.financeads.net\/kreditkarterechner.php?tp=dif&#038;h=1&#038;wf=22327&#038;kartengesellschaft=3\" scrolling=\"no\" width=\"100%\" style=\"padding:0px;margin:0px;border-width:0px;\" frameborder=\"0\"><\/iframe><script type=\"text\/javascript\" src=\"http:\/\/www.crcg.de\/kreditkartenvergleich\/\/js.financeads.net\/iframeResizeMe.min.js.gz\"><\/script><\/p>\n<p><img decoding=\"async\" class=\"alignright wp-image-2281\" style=\"float: right; border: 0px;\" src=\"http:\/\/www.crcg.de\/kreditkartenvergleich\/wp-content\/uploads\/2010\/03\/mastercard-300x202.png\" alt=\"Mastercard\" width=\"240\" height=\"162\" srcset=\"http:\/\/www.crcg.de\/kreditkartenvergleich\/wp-content\/uploads\/2010\/03\/mastercard-300x202.png 300w, http:\/\/www.crcg.de\/kreditkartenvergleich\/wp-content\/uploads\/2010\/03\/mastercard.png 800w\" sizes=\"(max-width: 240px) 100vw, 240px\" \/>Die MasterCard ist in \u00fcber 210 L\u00e4ndern der Welt vertreten \u2013 und erf\u00e4hrt damit auf internationalem Boden eine hohe Akzeptanz. Bereits im Jahr 1951 gab die damalige Franklin Bank in New York die <strong>erste Kreditkarte unter dem Namen MasterCard<\/strong> heraus. Heute geh\u00f6rt sie zu den beliebtesten Kreditkarten der Welt \u2013 Millionen von Verbrauchern und Gesch\u00e4ftskunden haben sie im Einsatz \u2013 und t\u00e4tigen Ums\u00e4tze an den \u00fcber 29 Millionen Akzeptanzstellen weltweit.<\/p>\n<h2>Sicherheit, Komfort und Zuverl\u00e4ssigkeit<\/h2>\n<p>Im Laufe der Jahre wurde die Kreditkarte immer wieder um weitere Leistungen erweitert, sodass Verbraucher heute aus einem breiten Angebot genau die Kreditkarte finden k\u00f6nnen, die zu ihnen passt. Die <em>Mastercard<\/em> zeichnet sich durch ihre Zuverl\u00e4ssig, ein <strong>hohes Ma\u00df an Sicherheit<\/strong> und nicht zuletzt nat\u00fcrlich eine hohe Flexibilit\u00e4t beim Zahlungsverkehr aus. Ausgegeben werden die Kreditkarten jedoch nicht von MasterCard selbst, sondern von den Mitgliedsbanken.<\/p>\n<h2>MasterCard Angebote diverser Banken<\/h2>\n<\/div>\n<div class=\"text-space\">\n<p>Die wohl am h\u00e4ufigsten zum Einsatz kommende Kreditkarte des Unternehmens ist die MasterCard Standard aus dem <a title=\"Kreditkartenvergleich\" href=\"http:\/\/www.crcg.de\/kreditkartenvergleich\/\">Kreditkartenvergleich<\/a>, die Sicherheit, Komfort und attraktive Konditionen ineinander vereint. Mit ihr kann <strong>Bargeld weltweit abgehoben<\/strong> sowie im In- und Ausland bargeldlos bezahlt werden. Dar\u00fcber hinaus l\u00e4sst sich mit der Mastercard mieten, bestellen, reservieren und auch im Internet unkompliziert einkaufen. Auf Wunsch steht <strong>f\u00fcr weitere Familienmitglieder eine Zusatzkarte<\/strong> bereit.<\/p>\n<h2>Mastercard Gold f\u00fcr h\u00f6here Anspr\u00fcche<\/h2>\n<p><img decoding=\"async\" class=\"alignright size-medium wp-image-909\" title=\"Mastercard\" src=\"http:\/\/www.crcg.de\/kreditkartenvergleich\/wp-content\/uploads\/2010\/01\/mastercard-kreditkarten-300x200.jpg\" alt=\"\" width=\"216\" height=\"144\" srcset=\"http:\/\/www.crcg.de\/kreditkartenvergleich\/wp-content\/uploads\/2010\/01\/mastercard-kreditkarten-300x200.jpg 300w, http:\/\/www.crcg.de\/kreditkartenvergleich\/wp-content\/uploads\/2010\/01\/mastercard-kreditkarten.jpg 423w\" sizes=\"(max-width: 216px) 100vw, 216px\" \/>Wer noch h\u00f6heren Komfort w\u00fcnscht, kann die Mastercard Gold in Anspruch nehmen. Hier werden die gleichen Leistungen wie bei der Mastercard Standard gew\u00e4hrleistet, dar\u00fcber hinaus sind jedoch auch <strong>Versicherungsleistungen inkludiert<\/strong> \u2013 wie beispielsweise eine Auslandsreiseversicherung oder ein Auslands-Autoschutzbrief. Dar\u00fcber hinaus liegt das <strong>Limit f\u00fcr Bargeldauszahlungen mit der Mastercard Gold<\/strong> h\u00f6her, und in vielen Hotels oder bei Mietwagenstationen muss keine Kaution hinterlegt werden.<\/p>\n<h2>Mastercard Platinum f\u00fcr maximalen Komfort<\/h2>\n<p>Die Mastercard Platinum ist die Kreditkarte (<a title=\"Goldene Visa Kreditkarten\" href=\"http:\/\/www.crcg.de\/kreditkartenvergleich\/visa-kreditkarte\/\">vergleichbar mit der Visa Kreditkarte Gold<\/a>), die f\u00fcr h\u00f6chsten Luxus und Komfort steht. Sie bietet nicht nur einen umfassenden Versicherungsschutz, sondern wartet auch mit Sonderkonditionen <strong>bei zahlreichen Hotels, in Bekleidungsgesch\u00e4ften sowie bei Mietwagenstationen<\/strong> auf. Mit dem Reise- und Assistance-Service, der \u00fcber die <strong>Mastercard Platinum<\/strong> in Anspruch genommen werden kann, lassen sich viele Dienstleistungen, die im Berufs- und Privatleben anfallen, outsourcen.<\/p>\n<h2>Mastercard Prepaid \u2013 f\u00fcr den stetigen \u00dcberblick<\/h2>\n<p>Dar\u00fcber hinaus gibt es <a title=\"Prepaid Kreditkarten von Mastercard\" href=\"http:\/\/www.crcg.de\/kreditkartenvergleich\/prepaid-kreditkarte\/\">von MasterCard auch eine Prepaid-Kreditkarte<\/a>, die auf Guthabenbasis funktioniert \u2013 Geld kann nur ausgegeben werden, wenn es zuvor auch einbezahlt wurde. Damit behalten Sie stets den finanziellen \u00dcberblick.<\/p>\n<\/div>\n","protected":false},"excerpt":{"rendered":"<p>Die MasterCard ist in \u00fcber 210 L\u00e4ndern der Welt vertreten \u2013 und erf\u00e4hrt damit auf internationalem Boden eine hohe Akzeptanz. Bereits im Jahr 1951 gab die damalige Franklin Bank in New York die...","protected":false},"author":2,"featured_media":0,"parent":0,"menu_order":0,"comment_status":"closed","ping_status":"open","template":"page-full.php","meta":{"_acf_changed":false,"_monsterinsights_skip_tracking":false,"_monsterinsights_sitenote_active":false,"_monsterinsights_sitenote_note":"","_monsterinsights_sitenote_category":0,"footnotes":""},"class_list":["post-251","page","type-page","status-publish","hentry"],"acf":[],"yoast_head":"<!-- This site is optimized with the Yoast SEO plugin v26.8 - https:\/\/yoast.com\/product\/yoast-seo-wordpress\/ -->\n<title>Mastercard Kreditkarte aus dem Kreditkartenvergleich<\/title>\n<meta name=\"description\" content=\"Die Mastercard ist eine der weit verbreitetsten Kreditkarten auf der Welt. Die Mastercard bietet wohl jeder Anbieter aus dem Kreditkartenvergleich an und kann bei vielen Banken und Anbietern geordert werden.\" \/>\n<meta name=\"robots\" content=\"index, follow, max-snippet:-1, max-image-preview:large, max-video-preview:-1\" \/>\n<link rel=\"canonical\" href=\"https:\/\/www.kreditkartenvergleich.org\/mastercard-kreditkarte\/\" \/>\n<meta name=\"twitter:label1\" content=\"Gesch\u00e4tzte Lesezeit\" \/>\n\t<meta name=\"twitter:data1\" content=\"2\u00a0Minuten\" \/>\n<script type=\"application\/ld+json\" class=\"yoast-schema-graph\">{\"@context\":\"https:\/\/schema.org\",\"@graph\":[{\"@type\":\"WebPage\",\"@id\":\"http:\/\/www.crcg.de\/kreditkartenvergleich\/mastercard-kreditkarte\/\",\"url\":\"http:\/\/www.crcg.de\/kreditkartenvergleich\/mastercard-kreditkarte\/\",\"name\":\"Mastercard Kreditkarte aus dem Kreditkartenvergleich\",\"isPartOf\":{\"@id\":\"http:\/\/www.crcg.de\/kreditkartenvergleich\/#website\"},\"primaryImageOfPage\":{\"@id\":\"http:\/\/www.crcg.de\/kreditkartenvergleich\/mastercard-kreditkarte\/#primaryimage\"},\"image\":{\"@id\":\"http:\/\/www.crcg.de\/kreditkartenvergleich\/mastercard-kreditkarte\/#primaryimage\"},\"thumbnailUrl\":\"http:\/\/www.crcg.de\/kreditkartenvergleich\/wp-content\/uploads\/2010\/03\/mastercard-300x202.png\",\"datePublished\":\"2010-01-18T10:44:22+00:00\",\"dateModified\":\"2017-09-12T13:30:42+00:00\",\"description\":\"Die Mastercard ist eine der weit verbreitetsten Kreditkarten auf der Welt. Die Mastercard bietet wohl jeder Anbieter aus dem Kreditkartenvergleich an und kann bei vielen Banken und Anbietern geordert werden.\",\"breadcrumb\":{\"@id\":\"http:\/\/www.crcg.de\/kreditkartenvergleich\/mastercard-kreditkarte\/#breadcrumb\"},\"inLanguage\":\"de\",\"potentialAction\":[{\"@type\":\"ReadAction\",\"target\":[\"http:\/\/www.crcg.de\/kreditkartenvergleich\/mastercard-kreditkarte\/\"]}]},{\"@type\":\"ImageObject\",\"inLanguage\":\"de\",\"@id\":\"http:\/\/www.crcg.de\/kreditkartenvergleich\/mastercard-kreditkarte\/#primaryimage\",\"url\":\"http:\/\/www.crcg.de\/kreditkartenvergleich\/wp-content\/uploads\/2010\/03\/mastercard.png\",\"contentUrl\":\"http:\/\/www.crcg.de\/kreditkartenvergleich\/wp-content\/uploads\/2010\/03\/mastercard.png\",\"width\":\"800\",\"height\":\"541\",\"caption\":\"Mastercard\"},{\"@type\":\"BreadcrumbList\",\"@id\":\"http:\/\/www.crcg.de\/kreditkartenvergleich\/mastercard-kreditkarte\/#breadcrumb\",\"itemListElement\":[{\"@type\":\"ListItem\",\"position\":1,\"name\":\"Startseite\",\"item\":\"http:\/\/www.crcg.de\/kreditkartenvergleich\/\"},{\"@type\":\"ListItem\",\"position\":2,\"name\":\"Die altbew\u00e4hrte Mastercard Kreditkarte\"}]},{\"@type\":\"WebSite\",\"@id\":\"http:\/\/www.crcg.de\/kreditkartenvergleich\/#website\",\"url\":\"http:\/\/www.crcg.de\/kreditkartenvergleich\/\",\"name\":\"Kreditkartenvergleich.org\",\"description\":\"Das unabh\u00e4ngige Kreditkarten Vergleich Portal\",\"potentialAction\":[{\"@type\":\"SearchAction\",\"target\":{\"@type\":\"EntryPoint\",\"urlTemplate\":\"http:\/\/www.crcg.de\/kreditkartenvergleich\/?s={search_term_string}\"},\"query-input\":{\"@type\":\"PropertyValueSpecification\",\"valueRequired\":true,\"valueName\":\"search_term_string\"}}],\"inLanguage\":\"de\"}]}<\/script>\n<!-- \/ Yoast SEO plugin. -->","yoast_head_json":{"title":"Mastercard Kreditkarte aus dem Kreditkartenvergleich","description":"Die Mastercard ist eine der weit verbreitetsten Kreditkarten auf der Welt. Die Mastercard bietet wohl jeder Anbieter aus dem Kreditkartenvergleich an und kann bei vielen Banken und Anbietern geordert werden.","robots":{"index":"index","follow":"follow","max-snippet":"max-snippet:-1","max-image-preview":"max-image-preview:large","max-video-preview":"max-video-preview:-1"},"canonical":"https:\/\/www.kreditkartenvergleich.org\/mastercard-kreditkarte\/","twitter_misc":{"Gesch\u00e4tzte Lesezeit":"2\u00a0Minuten"},"schema":{"@context":"https:\/\/schema.org","@graph":[{"@type":"WebPage","@id":"http:\/\/www.crcg.de\/kreditkartenvergleich\/mastercard-kreditkarte\/","url":"http:\/\/www.crcg.de\/kreditkartenvergleich\/mastercard-kreditkarte\/","name":"Mastercard Kreditkarte aus dem Kreditkartenvergleich","isPartOf":{"@id":"http:\/\/www.crcg.de\/kreditkartenvergleich\/#website"},"primaryImageOfPage":{"@id":"http:\/\/www.crcg.de\/kreditkartenvergleich\/mastercard-kreditkarte\/#primaryimage"},"image":{"@id":"http:\/\/www.crcg.de\/kreditkartenvergleich\/mastercard-kreditkarte\/#primaryimage"},"thumbnailUrl":"http:\/\/www.crcg.de\/kreditkartenvergleich\/wp-content\/uploads\/2010\/03\/mastercard-300x202.png","datePublished":"2010-01-18T10:44:22+00:00","dateModified":"2017-09-12T13:30:42+00:00","description":"Die Mastercard ist eine der weit verbreitetsten Kreditkarten auf der Welt. Die Mastercard bietet wohl jeder Anbieter aus dem Kreditkartenvergleich an und kann bei vielen Banken und Anbietern geordert werden.","breadcrumb":{"@id":"http:\/\/www.crcg.de\/kreditkartenvergleich\/mastercard-kreditkarte\/#breadcrumb"},"inLanguage":"de","potentialAction":[{"@type":"ReadAction","target":["http:\/\/www.crcg.de\/kreditkartenvergleich\/mastercard-kreditkarte\/"]}]},{"@type":"ImageObject","inLanguage":"de","@id":"http:\/\/www.crcg.de\/kreditkartenvergleich\/mastercard-kreditkarte\/#primaryimage","url":"http:\/\/www.crcg.de\/kreditkartenvergleich\/wp-content\/uploads\/2010\/03\/mastercard.png","contentUrl":"http:\/\/www.crcg.de\/kreditkartenvergleich\/wp-content\/uploads\/2010\/03\/mastercard.png","width":"800","height":"541","caption":"Mastercard"},{"@type":"BreadcrumbList","@id":"http:\/\/www.crcg.de\/kreditkartenvergleich\/mastercard-kreditkarte\/#breadcrumb","itemListElement":[{"@type":"ListItem","position":1,"name":"Startseite","item":"http:\/\/www.crcg.de\/kreditkartenvergleich\/"},{"@type":"ListItem","position":2,"name":"Die altbew\u00e4hrte Mastercard Kreditkarte"}]},{"@type":"WebSite","@id":"http:\/\/www.crcg.de\/kreditkartenvergleich\/#website","url":"http:\/\/www.crcg.de\/kreditkartenvergleich\/","name":"Kreditkartenvergleich.org","description":"Das unabh\u00e4ngige Kreditkarten Vergleich Portal","potentialAction":[{"@type":"SearchAction","target":{"@type":"EntryPoint","urlTemplate":"http:\/\/www.crcg.de\/kreditkartenvergleich\/?s={search_term_string}"},"query-input":{"@type":"PropertyValueSpecification","valueRequired":true,"valueName":"search_term_string"}}],"inLanguage":"de"}]}},"_links":{"self":[{"href":"http:\/\/www.crcg.de\/kreditkartenvergleich\/wp-json\/wp\/v2\/pages\/251","targetHints":{"allow":["GET"]}}],"collection":[{"href":"http:\/\/www.crcg.de\/kreditkartenvergleich\/wp-json\/wp\/v2\/pages"}],"about":[{"href":"http:\/\/www.crcg.de\/kreditkartenvergleich\/wp-json\/wp\/v2\/types\/page"}],"author":[{"embeddable":true,"href":"http:\/\/www.crcg.de\/kreditkartenvergleich\/wp-json\/wp\/v2\/users\/2"}],"replies":[{"embeddable":true,"href":"http:\/\/www.crcg.de\/kreditkartenvergleich\/wp-json\/wp\/v2\/comments?post=251"}],"version-history":[{"count":3,"href":"http:\/\/www.crcg.de\/kreditkartenvergleich\/wp-json\/wp\/v2\/pages\/251\/revisions"}],"predecessor-version":[{"id":5450,"href":"http:\/\/www.crcg.de\/kreditkartenvergleich\/wp-json\/wp\/v2\/pages\/251\/revisions\/5450"}],"wp:attachment":[{"href":"http:\/\/www.crcg.de\/kreditkartenvergleich\/wp-json\/wp\/v2\/media?parent=251"}],"curies":[{"name":"wp","href":"https:\/\/api.w.org\/{rel}","templated":true}]}}