


{"id":2509,"date":"2013-11-10T11:01:25","date_gmt":"2013-11-10T10:01:25","guid":{"rendered":"http:\/\/www.kreditkartenvergleich.org\/?page_id=2509"},"modified":"2017-09-12T12:24:17","modified_gmt":"2017-09-12T11:24:17","slug":"goldene-kreditkarten","status":"publish","type":"page","link":"http:\/\/www.crcg.de\/kreditkartenvergleich\/goldene-kreditkarten\/","title":{"rendered":"Goldene Kreditkarten"},"content":{"rendered":"<div class=\"text-space\"><img decoding=\"async\" class=\"alignright wp-image-2512\" style=\"margin-left: 10px; margin-bottom: 8px; border: 0px none; float: right;\" src=\"http:\/\/www.crcg.de\/kreditkartenvergleich\/wp-content\/uploads\/2013\/11\/goldene-kreditkarte-300x210.jpg\" alt=\"Beispiel einer goldenen Kreditkarte\" width=\"240\" height=\"168\" srcset=\"http:\/\/www.crcg.de\/kreditkartenvergleich\/wp-content\/uploads\/2013\/11\/goldene-kreditkarte-300x210.jpg 300w, http:\/\/www.crcg.de\/kreditkartenvergleich\/wp-content\/uploads\/2013\/11\/goldene-kreditkarte.jpg 414w\" sizes=\"(max-width: 240px) 100vw, 240px\" \/><br \/>\nVerbraucher, die einen <strong>ganz besonderen Service<\/strong> genie\u00dfen m\u00f6chten, w\u00e4hlen aus den verschiedenen Angeboten der Kreditkarteninstitute die Karte aus, die am besten zu ihnen passt. Im Laufe der Zeit haben die Anbieter von Kreditkarten zus\u00e4tzlich zu den \u00fcblichen Funktionen <strong>verschiedene Serviceangebote und Zugaben<\/strong> im Angebot. Nat\u00fcrlich bekommt der Karteninhaber diese Leistungen nicht zum gleichen Preis wie der <a title=\"eine normale Kreditkarte\" href=\"http:\/\/www.crcg.de\/kreditkartenvergleich\/\">einer normalen Kreditkarte<\/a>, aber den meisten Inhabern ist der Nutzen wichtig. Das hei\u00dft ja nicht, dass man nicht vor dem Abschluss die Kosten und Geb\u00fchren vergleichen sollte, was in diesem <strong>Vergleichsrechner f\u00fcr goldene Kreditkarten<\/strong> ganz einfach und schnell m\u00f6glich ist. Es gibt sogar goldene Kreditkarten, f\u00fcr die keine Geb\u00fchren anfallen.<\/div>\n<p><iframe loading=\"lazy\" style=\"padding: 0px; margin: 0px; border-width: 0px;\" src=\"https:\/\/tools.financeads.net\/kreditkarterechner.php?tp=dif&amp;h=1&amp;wf=22327\" width=\"100%\" height=\"150\" frameborder=\"0\" scrolling=\"no\"><\/iframe><script type=\"text\/javascript\" src=\"http:\/\/www.crcg.de\/kreditkartenvergleich\/\/js.financeads.net\/iframeResizeMe.min.js.gz\"><\/script><\/p>\n<div class=\"text-space\">\n<h2>Was sind die Zusatzleistungen?<\/h2>\n<p>Kreditkarten waren in ihrer Entstehungszeit <strong>Gesch\u00e4ftsleuten und Unternehmen vorbehalten<\/strong>. Auch f\u00fcr Dienstreisen wurden Kreditkarten beantragt, weil damit <a title=\"Einfache und bequeme Zahlung im Ausland\" href=\"http:\/\/www.crcg.de\/kreditkartenvergleich\/ratgeber\/kreditkarten-im-auslandseinsatz\/\">im Ausland einfach und bequem bezahlt<\/a> werden konnte. Sowohl die <strong>Hotelrechnung wie auch das Essen mit den Gesch\u00e4ftspartnern<\/strong> konnte in einfacher Art und Weise bezahlt werden, selbst wenn wie damals \u00fcblich auch <strong>in Europa unterschiedliche W\u00e4hrungen<\/strong> herrschten. Zus\u00e4tzlich spielte nat\u00fcrlich auch der m\u00f6gliche Kreditrahmen eine Rolle, ein Aspekt, der heute vielleicht noch mehr zum Tragen kommt. Manche Karteninhaber nutzen heute die M\u00f6glichkeit der <a title=\"Kreditkarten-Doppel \u2013 zwei Kreditkarten\" href=\"http:\/\/www.crcg.de\/kreditkartenvergleich\/ratgeber\/kreditkarten-doppel\/\">doppelten Kreditkarte<\/a>, um ihre gesch\u00e4ftlichen Ausgaben von den privaten Rechnungen unterscheiden zu k\u00f6nnen. Der <strong>allgemeine Wettbewerb<\/strong> unter den Anbietern hat wohl auch dazu beigetragen, dass die Anbieter von Kreditkarten wie in einem Wettbewerb <a title=\"Immer neue Vorteile von Kreditkarten\" href=\"http:\/\/www.crcg.de\/kreditkartenvergleich\/ratgeber\/vorteile-von-kreditkarten\/\">immer neue Vorteile<\/a> ausgearbeitet haben. F\u00fcr diese zahlt der Kunde der <strong>goldenen Kreditkarte<\/strong> zwar auch eine h\u00f6here Jahresgeb\u00fchr, bekommt aber daf\u00fcr so <strong>einige Zusatzleistungen<\/strong> wie zum Beispiel diese hier:<\/p>\n<ul>\n<li>Auslandsreise Krankenversicherung<\/li>\n<li><strong>Reiser\u00fccktrittskostenversicherung<\/strong><\/li>\n<li>Verkehrsmittel Unfallversicherung<\/li>\n<li><strong>Geldautomaten-Raub-Versicherung<\/strong><\/li>\n<li>Mietwagen Vollkaskoversicherung<\/li>\n<li><strong>Bonusmeilen<\/strong><\/li>\n<li>Cashback Bonusprogramm<\/li>\n<li>Schutz f\u00fcr die Eink\u00e4ufe vor Besch\u00e4digung oder Diebstahl<\/li>\n<li>Tickets f\u00fcr Begleitpersonen<\/li>\n<li>Online-Reise-Service<\/li>\n<li><strong>Last-Minute-Angebote<\/strong><\/li>\n<li>Tankrabatt<\/li>\n<\/ul>\n<p>Je nach Anbieter k\u00f6nnen die <strong>Angebote f\u00fcr die Zusatzleistungen<\/strong> auch speziell auf die Bank zugeschnitten sein, wie beispielsweise bei der Germanwings Gold oder der ADAC mobilKarte Gold. Hier sollte also <strong>jeder Verbraucher selbst nach seinen W\u00fcnschen entscheiden<\/strong>. Da vielfach bis zu 10 Zusatzleistungen angeboten werden, ist die Auswahl manchmal etwas verwirrend.<\/p>\n<div class=\"infobox-big\"><div class=\"infobox-small\"><div class=\"info-bulb\"><\/div><div class=\"info-header\">Wichtiger Hinweis<\/div><p>Nicht alle Versicherungen sind ein vollwertiger Ersatz f\u00fcr separat abzuschlie\u00dfende Policen. Verlassen Sie sich nicht blind auf die integrierten Zusatzleistungen bei goldenen Kreditkarten.<\/p><\/div><\/div>\n<h3>Die geb\u00fchrenfreie Variante der goldenen Kreditkarte<\/h3>\n<p><img decoding=\"async\" class=\"alignright size-full wp-image-2342\" style=\"margin-left: 10px; margin-bottom: 8px; border: 0px; float: right;\" src=\"http:\/\/www.crcg.de\/kreditkartenvergleich\/wp-content\/uploads\/2009\/10\/gebuehrenfreigold.png\" alt=\"Advanzia Geb\u00fchrenfrei Gold\" width=\"250\" height=\"160\" \/>Es gibt auch <strong>geb\u00fchrenfreie goldene Kreditkarten<\/strong>, das hei\u00dft, es werden keine Jahresgeb\u00fchren berechnet und auch f\u00fcr die Bargeldabhebung nicht. Wie so oft wird ein solcher Service auf anderer Ebene finanziert, in diesem Fall bei den Zinsen, die <strong>ab dem Zeitpunkt der Bargeldabhebung in Rechnung gestellt<\/strong> werden. In diesem Fall lohnt sich ein Nachrechnen ganz besonders, denn im Vergleich gibt es Angebote, die f\u00fcr knapp <strong>20 Euro pro Jahr Grundgeb\u00fchr<\/strong> sogar die M\u00f6glichkeit eines Ratenkredits einr\u00e4umt, der nicht nur bequem eingerichtet, sondern auch <strong>\u00fcber einen Zeitraum von 5 Jahren<\/strong> zur\u00fcckgezahlt werden kann. Es gibt aber auch Varianten, die <a title=\"Im ersten Jahr kostenlose Kreditkarten\" href=\"http:\/\/www.crcg.de\/kreditkartenvergleich\/kostenlose-kreditkarten\/\">im ersten Jahr keine Geb\u00fchren<\/a> berechnen und im zweiten Jahr mit geringen Geb\u00fchren aufwarten. Bei der <strong>Erreichung eines Mindestumsatzes<\/strong> kann die Geb\u00fchr im zweiten Jahr erneut entfallen.<\/p>\n<h4>Fazit:<\/h4>\n<p>Bei der Vielzahl der Angebote \u2013 auch der kostenlosen Gold-Karten \u2013 sollte <a title=\"Immer unseren Vergleich durchf\u00fchren\" href=\"http:\/\/www.crcg.de\/kreditkartenvergleich\/kreditkarten-vergleich\/\">immer ein Vergleich angestellt<\/a> werden. Nicht nur, um eventuell versteckte oder <strong>erst auf den zweiten Blick erkennbare Geb\u00fchren<\/strong> zu finden, sondern auch, um sich in der <strong>Vielzahl der Zusatzleistungen<\/strong> zurechtzufinden. Man braucht nicht alle angebotenen Leistungen und sollte abw\u00e4gen, was vorteilhafter ist. Grunds\u00e4tzlich gilt auch hier, umsonst gibt es nichts oder nicht viel und es wird an anderer Stelle wieder hereingeholt. Wer einen ganz <strong>tollen Service<\/strong> m\u00f6chte, sollte sich nicht scheuen, auch eine h\u00f6here Jahresgeb\u00fchr zu zahlen, das lohnt sich dann auf jeden Fall.<\/p>\n<\/div>\n","protected":false},"excerpt":{"rendered":"<p>Verbraucher, die einen ganz besonderen Service genie\u00dfen m\u00f6chten, w\u00e4hlen aus den verschiedenen Angeboten der Kreditkarteninstitute die Karte aus, die am besten zu ihnen passt. Im Laufe der Zeit h...","protected":false},"author":2,"featured_media":0,"parent":0,"menu_order":0,"comment_status":"closed","ping_status":"open","template":"page-full.php","meta":{"_acf_changed":false,"_monsterinsights_skip_tracking":false,"_monsterinsights_sitenote_active":false,"_monsterinsights_sitenote_note":"","_monsterinsights_sitenote_category":0,"footnotes":""},"class_list":["post-2509","page","type-page","status-publish","hentry"],"acf":[],"yoast_head":"<!-- This site is optimized with the Yoast SEO plugin v26.8 - https:\/\/yoast.com\/product\/yoast-seo-wordpress\/ -->\n<title>Goldene Kreditkarten<\/title>\n<meta name=\"robots\" content=\"index, follow, max-snippet:-1, max-image-preview:large, max-video-preview:-1\" \/>\n<link rel=\"canonical\" href=\"https:\/\/www.kreditkartenvergleich.org\/goldene-kreditkarten\/\" \/>\n<meta name=\"twitter:label1\" content=\"Gesch\u00e4tzte Lesezeit\" \/>\n\t<meta name=\"twitter:data1\" content=\"3\u00a0Minuten\" \/>\n<script type=\"application\/ld+json\" class=\"yoast-schema-graph\">{\"@context\":\"https:\/\/schema.org\",\"@graph\":[{\"@type\":\"WebPage\",\"@id\":\"http:\/\/www.crcg.de\/kreditkartenvergleich\/goldene-kreditkarten\/\",\"url\":\"http:\/\/www.crcg.de\/kreditkartenvergleich\/goldene-kreditkarten\/\",\"name\":\"Goldene Kreditkarten\",\"isPartOf\":{\"@id\":\"http:\/\/www.crcg.de\/kreditkartenvergleich\/#website\"},\"primaryImageOfPage\":{\"@id\":\"http:\/\/www.crcg.de\/kreditkartenvergleich\/goldene-kreditkarten\/#primaryimage\"},\"image\":{\"@id\":\"http:\/\/www.crcg.de\/kreditkartenvergleich\/goldene-kreditkarten\/#primaryimage\"},\"thumbnailUrl\":\"http:\/\/www.crcg.de\/kreditkartenvergleich\/wp-content\/uploads\/2013\/11\/goldene-kreditkarte-300x210.jpg\",\"datePublished\":\"2013-11-10T10:01:25+00:00\",\"dateModified\":\"2017-09-12T11:24:17+00:00\",\"breadcrumb\":{\"@id\":\"http:\/\/www.crcg.de\/kreditkartenvergleich\/goldene-kreditkarten\/#breadcrumb\"},\"inLanguage\":\"de\",\"potentialAction\":[{\"@type\":\"ReadAction\",\"target\":[\"http:\/\/www.crcg.de\/kreditkartenvergleich\/goldene-kreditkarten\/\"]}]},{\"@type\":\"ImageObject\",\"inLanguage\":\"de\",\"@id\":\"http:\/\/www.crcg.de\/kreditkartenvergleich\/goldene-kreditkarten\/#primaryimage\",\"url\":\"http:\/\/www.crcg.de\/kreditkartenvergleich\/wp-content\/uploads\/2013\/11\/goldene-kreditkarte.jpg\",\"contentUrl\":\"http:\/\/www.crcg.de\/kreditkartenvergleich\/wp-content\/uploads\/2013\/11\/goldene-kreditkarte.jpg\",\"width\":414,\"height\":290,\"caption\":\"Beispiel einer goldenen Kreditkarte\"},{\"@type\":\"BreadcrumbList\",\"@id\":\"http:\/\/www.crcg.de\/kreditkartenvergleich\/goldene-kreditkarten\/#breadcrumb\",\"itemListElement\":[{\"@type\":\"ListItem\",\"position\":1,\"name\":\"Startseite\",\"item\":\"http:\/\/www.crcg.de\/kreditkartenvergleich\/\"},{\"@type\":\"ListItem\",\"position\":2,\"name\":\"Goldene Kreditkarten\"}]},{\"@type\":\"WebSite\",\"@id\":\"http:\/\/www.crcg.de\/kreditkartenvergleich\/#website\",\"url\":\"http:\/\/www.crcg.de\/kreditkartenvergleich\/\",\"name\":\"Kreditkartenvergleich.org\",\"description\":\"Das unabh\u00e4ngige Kreditkarten Vergleich Portal\",\"potentialAction\":[{\"@type\":\"SearchAction\",\"target\":{\"@type\":\"EntryPoint\",\"urlTemplate\":\"http:\/\/www.crcg.de\/kreditkartenvergleich\/?s={search_term_string}\"},\"query-input\":{\"@type\":\"PropertyValueSpecification\",\"valueRequired\":true,\"valueName\":\"search_term_string\"}}],\"inLanguage\":\"de\"}]}<\/script>\n<!-- \/ Yoast SEO plugin. -->","yoast_head_json":{"title":"Goldene Kreditkarten","robots":{"index":"index","follow":"follow","max-snippet":"max-snippet:-1","max-image-preview":"max-image-preview:large","max-video-preview":"max-video-preview:-1"},"canonical":"https:\/\/www.kreditkartenvergleich.org\/goldene-kreditkarten\/","twitter_misc":{"Gesch\u00e4tzte Lesezeit":"3\u00a0Minuten"},"schema":{"@context":"https:\/\/schema.org","@graph":[{"@type":"WebPage","@id":"http:\/\/www.crcg.de\/kreditkartenvergleich\/goldene-kreditkarten\/","url":"http:\/\/www.crcg.de\/kreditkartenvergleich\/goldene-kreditkarten\/","name":"Goldene Kreditkarten","isPartOf":{"@id":"http:\/\/www.crcg.de\/kreditkartenvergleich\/#website"},"primaryImageOfPage":{"@id":"http:\/\/www.crcg.de\/kreditkartenvergleich\/goldene-kreditkarten\/#primaryimage"},"image":{"@id":"http:\/\/www.crcg.de\/kreditkartenvergleich\/goldene-kreditkarten\/#primaryimage"},"thumbnailUrl":"http:\/\/www.crcg.de\/kreditkartenvergleich\/wp-content\/uploads\/2013\/11\/goldene-kreditkarte-300x210.jpg","datePublished":"2013-11-10T10:01:25+00:00","dateModified":"2017-09-12T11:24:17+00:00","breadcrumb":{"@id":"http:\/\/www.crcg.de\/kreditkartenvergleich\/goldene-kreditkarten\/#breadcrumb"},"inLanguage":"de","potentialAction":[{"@type":"ReadAction","target":["http:\/\/www.crcg.de\/kreditkartenvergleich\/goldene-kreditkarten\/"]}]},{"@type":"ImageObject","inLanguage":"de","@id":"http:\/\/www.crcg.de\/kreditkartenvergleich\/goldene-kreditkarten\/#primaryimage","url":"http:\/\/www.crcg.de\/kreditkartenvergleich\/wp-content\/uploads\/2013\/11\/goldene-kreditkarte.jpg","contentUrl":"http:\/\/www.crcg.de\/kreditkartenvergleich\/wp-content\/uploads\/2013\/11\/goldene-kreditkarte.jpg","width":414,"height":290,"caption":"Beispiel einer goldenen Kreditkarte"},{"@type":"BreadcrumbList","@id":"http:\/\/www.crcg.de\/kreditkartenvergleich\/goldene-kreditkarten\/#breadcrumb","itemListElement":[{"@type":"ListItem","position":1,"name":"Startseite","item":"http:\/\/www.crcg.de\/kreditkartenvergleich\/"},{"@type":"ListItem","position":2,"name":"Goldene Kreditkarten"}]},{"@type":"WebSite","@id":"http:\/\/www.crcg.de\/kreditkartenvergleich\/#website","url":"http:\/\/www.crcg.de\/kreditkartenvergleich\/","name":"Kreditkartenvergleich.org","description":"Das unabh\u00e4ngige Kreditkarten Vergleich Portal","potentialAction":[{"@type":"SearchAction","target":{"@type":"EntryPoint","urlTemplate":"http:\/\/www.crcg.de\/kreditkartenvergleich\/?s={search_term_string}"},"query-input":{"@type":"PropertyValueSpecification","valueRequired":true,"valueName":"search_term_string"}}],"inLanguage":"de"}]}},"_links":{"self":[{"href":"http:\/\/www.crcg.de\/kreditkartenvergleich\/wp-json\/wp\/v2\/pages\/2509","targetHints":{"allow":["GET"]}}],"collection":[{"href":"http:\/\/www.crcg.de\/kreditkartenvergleich\/wp-json\/wp\/v2\/pages"}],"about":[{"href":"http:\/\/www.crcg.de\/kreditkartenvergleich\/wp-json\/wp\/v2\/types\/page"}],"author":[{"embeddable":true,"href":"http:\/\/www.crcg.de\/kreditkartenvergleich\/wp-json\/wp\/v2\/users\/2"}],"replies":[{"embeddable":true,"href":"http:\/\/www.crcg.de\/kreditkartenvergleich\/wp-json\/wp\/v2\/comments?post=2509"}],"version-history":[{"count":3,"href":"http:\/\/www.crcg.de\/kreditkartenvergleich\/wp-json\/wp\/v2\/pages\/2509\/revisions"}],"predecessor-version":[{"id":5430,"href":"http:\/\/www.crcg.de\/kreditkartenvergleich\/wp-json\/wp\/v2\/pages\/2509\/revisions\/5430"}],"wp:attachment":[{"href":"http:\/\/www.crcg.de\/kreditkartenvergleich\/wp-json\/wp\/v2\/media?parent=2509"}],"curies":[{"name":"wp","href":"https:\/\/api.w.org\/{rel}","templated":true}]}}