


{"id":248,"date":"2010-01-15T10:21:22","date_gmt":"2010-01-15T09:21:22","guid":{"rendered":"http:\/\/www.kreditkartenvergleich.org\/?page_id=248"},"modified":"2017-09-12T14:22:49","modified_gmt":"2017-09-12T13:22:49","slug":"visa-kreditkarte","status":"publish","type":"page","link":"http:\/\/www.crcg.de\/kreditkartenvergleich\/visa-kreditkarte\/","title":{"rendered":"Visa Kreditkarten Angebote der Banken"},"content":{"rendered":"<div class=\"text-space\">\n<p><span style=\"text-decoration: underline;\"><img decoding=\"async\" class=\"alignright size-medium wp-image-907\" style=\"margin-left: 10px; margin-bottom: 8px; border: 1px solid grey; float: right;\" title=\"Visa Kreditkarten im \u00dcberblick\" src=\"http:\/\/www.crcg.de\/kreditkartenvergleich\/wp-content\/uploads\/2010\/01\/visa-kreditkarte-300x200.jpg\" alt=\"\" width=\"210\" height=\"140\" srcset=\"http:\/\/www.crcg.de\/kreditkartenvergleich\/wp-content\/uploads\/2010\/01\/visa-kreditkarte-300x200.jpg 300w, http:\/\/www.crcg.de\/kreditkartenvergleich\/wp-content\/uploads\/2010\/01\/visa-kreditkarte.jpg 423w\" sizes=\"(max-width: 210px) 100vw, 210px\" \/><\/span>Die <strong>Visa Kreditkarte<\/strong> z\u00e4hlt zu den beliebtesten und am meisten verbreiteten Kreditkarten im europ\u00e4ischen Raum. Auch weltweit genie\u00dft die Visacard eine hohe Akzeptanz, und kann <strong>in \u00fcber 170 L\u00e4ndern problemlos als Zahlungsmittel<\/strong> oder zum Bezug von Bargeld eingesetzt werden. Insgesamt sind alleine im europ\u00e4ischen Raum rund 360 Millionen Visa Kreditkarten im Umlauf, deren Umsatz sich j\u00e4hrlich auf etwa 1,3 Billionen Euro (Stand: 2008) bel\u00e4uft. Die Visa Kreditkarte kann nicht bei Visa direkt erworben werden \u2013 die Ausgabe der Kreditkarten erfolgt stets durch die Mitgliedsbanken.<\/p>\n<h2>Alle Kreditkartenangebote von Visa im \u00dcberblick<\/h2>\n<\/div>\n<p><iframe onload=\"fa_iframeresize.do(this);\" src=\"https:\/\/tools.financeads.net\/kreditkarterechner.php?tp=dif&#038;h=1&#038;wf=22327&#038;kartengesellschaft=2\" scrolling=\"no\" width=\"100%\" style=\"padding:0px;margin:0px;border-width:0px;\" frameborder=\"0\"><\/iframe><script type=\"text\/javascript\" src=\"http:\/\/www.crcg.de\/kreditkartenvergleich\/\/js.financeads.net\/iframeResizeMe.min.js.gz\"><\/script><\/p>\n<div class=\"text-space\">\n<h3>Visa Karte f\u00fcr Privatpersonen \u2013 individuelle Auswahl treffen<\/h3>\n<p>F\u00fcr Verbraucher stehen verschiedene Visa Kreditkarten zur Verf\u00fcgung, sodass die Kreditkarte den<strong> pers\u00f6nlichen W\u00fcnschen und Bed\u00fcrfnissen<\/strong> individuell angepasst werden kann. Besonders gefragt ist die Visa Classic Karte, die sogar als am h\u00e4ufigsten genutzte Kreditkarte der Welt gilt. Die Kreditkarte kann sowohl online als auch auf klassischem Wege eingesetzt werden und bietet eine besonders <strong>unkomplizierte und einfache Zahlungsabwicklung<\/strong>.<\/p>\n<h4>Visa Gold Karte \u2013 umfassende Leistungen, maximaler Komfort<\/h4>\n<p>F\u00fcr Vielreisende und Anspruchsvolle ist <a href=\"http:\/\/www.crcg.de\/kreditkartenvergleich\/barclaycard-new-visa-card\/\">die Barclaycard Gold Visa Karte<\/a> das Mittel der Wahl. Sie bietet die gleichen Vorteile wie die <strong>Visa<\/strong> Classic Card, besitzt jedoch einen h\u00f6heren Verf\u00fcgungsrahmen sowie inkludierte Versicherungen. Sollte die Visa Karte verloren gehen, so wird sie innerhalb der n\u00e4chsten 48 Stunden ersetzt.<\/p>\n<h5>Prepaid Kreditkarte von Visa<\/h5>\n<p>Dar\u00fcber hinaus bietet Visa auch eine <a href=\"http:\/\/www.crcg.de\/kreditkartenvergleich\/prepaid-kreditkarte\/\">Kreditkarte auf Guthabenbasis<\/a> an. Die Visa Prepaid Karte erm\u00f6glicht es damit auch <strong>Kunden mit negativer Schufa<\/strong>, in den Besitz einer Karte zu kommen. Mit dieser Kreditkarte kann stets nur der Betrag ausgegeben werden, der zuvor auch einbezahlt wurde \u2013 Schulden lassen sich dank dieser Visa Karte im Vorfeld vermeiden.<\/p>\n<h6>Verschiedene Abrechnungsmodelle<\/h6>\n<p><img decoding=\"async\" class=\"alignright size-medium wp-image-887\" style=\"margin-left: 10px; margin-bottom: 10px; border: 0px none; float: right;\" src=\"http:\/\/www.crcg.de\/kreditkartenvergleich\/wp-content\/uploads\/2010\/11\/visa-300x191.jpg\" alt=\"Visa Kreditkarte\" width=\"300\" height=\"191\" srcset=\"http:\/\/www.crcg.de\/kreditkartenvergleich\/wp-content\/uploads\/2010\/11\/visa-300x191.jpg 300w, http:\/\/www.crcg.de\/kreditkartenvergleich\/wp-content\/uploads\/2010\/11\/visa.jpg 551w\" sizes=\"(max-width: 300px) 100vw, 300px\" \/>Neben verschiedenen Kreditkarten bietet Visa auch verschiedene Abrechnungsarten an. So kann zwischen der <strong>Debit-, Charge-, Kredit- und Prepaidfunktion<\/strong> gew\u00e4hlt werden. Mit der Debit-Kreditkarte werden die mit der Visa Karte bezahlten Betr\u00e4ge <strong>bereits nach wenigen Tagen vom Verrechnungskonto abgebucht<\/strong>. Dahingegen erfolgt die Abrechnung der Ums\u00e4tze bei Kreditkarten mit Chargefunktion stets erst zu einem Stichtag einmal monatlich, sodass ein <strong>kurzfristiger und zinsloser Kredit einger\u00e4umt<\/strong> wird. Visa Karten mit Kreditfunktion sind einem echten Kredit gleichzusetzen. Hier wird ein <strong>individueller Kreditrahmen<\/strong> zwischen ausgebenden Bank und dem Kreditkarteninhaber vereinbart, und die R\u00fcckzahlung der get\u00e4tigten Ums\u00e4tze erfolgt flexibel und individuell. Die Prepaidfunktion erm\u00f6glicht es, stets <strong>nur den Betrag auszugeben, der zuvor einbezahlt wurde<\/strong> \u2013 \u00e4hnlich einer Handy-Prepaidkarte. Die <strong>Visa Kreditkarte<\/strong> ist unter ihrem heutigen Namen seit 1976 bekannt. Die umfassenden Leistungen, die Kundenorientierung und die Flexibilit\u00e4t machen die Kreditkarte zu einem weltweit beliebten Zahlungsmittel.<\/p>\n<\/div>\n","protected":false},"excerpt":{"rendered":"<p>Die Visa Kreditkarte z\u00e4hlt zu den beliebtesten und am meisten verbreiteten Kreditkarten im europ\u00e4ischen Raum. Auch weltweit genie\u00dft die Visacard eine hohe Akzeptanz, und kann in \u00fcber 170 L\u00e4nde...","protected":false},"author":2,"featured_media":0,"parent":0,"menu_order":0,"comment_status":"closed","ping_status":"open","template":"page-full.php","meta":{"_acf_changed":false,"_monsterinsights_skip_tracking":false,"_monsterinsights_sitenote_active":false,"_monsterinsights_sitenote_note":"","_monsterinsights_sitenote_category":0,"footnotes":""},"class_list":["post-248","page","type-page","status-publish","hentry"],"acf":[],"yoast_head":"<!-- This site is optimized with the Yoast SEO plugin v26.8 - https:\/\/yoast.com\/product\/yoast-seo-wordpress\/ -->\n<title>Kreditkarten Angebote von Visa im \u00dcberblick<\/title>\n<meta name=\"description\" content=\"Die Visa Kreditkarte ist weltweit verbreitet und wird fast \u00fcberall akzeptiert. Wir haben aktuelle Visa Kreditkarten in unserem Kreditkartenvergleich.\" \/>\n<meta name=\"robots\" content=\"index, follow, max-snippet:-1, max-image-preview:large, max-video-preview:-1\" \/>\n<link rel=\"canonical\" href=\"https:\/\/www.kreditkartenvergleich.org\/visa-kreditkarte\/\" \/>\n<meta name=\"twitter:label1\" content=\"Gesch\u00e4tzte Lesezeit\" \/>\n\t<meta name=\"twitter:data1\" content=\"2\u00a0Minuten\" \/>\n<script type=\"application\/ld+json\" class=\"yoast-schema-graph\">{\"@context\":\"https:\/\/schema.org\",\"@graph\":[{\"@type\":\"WebPage\",\"@id\":\"http:\/\/www.crcg.de\/kreditkartenvergleich\/visa-kreditkarte\/\",\"url\":\"http:\/\/www.crcg.de\/kreditkartenvergleich\/visa-kreditkarte\/\",\"name\":\"Kreditkarten Angebote von Visa im \u00dcberblick\",\"isPartOf\":{\"@id\":\"http:\/\/www.crcg.de\/kreditkartenvergleich\/#website\"},\"primaryImageOfPage\":{\"@id\":\"http:\/\/www.crcg.de\/kreditkartenvergleich\/visa-kreditkarte\/#primaryimage\"},\"image\":{\"@id\":\"http:\/\/www.crcg.de\/kreditkartenvergleich\/visa-kreditkarte\/#primaryimage\"},\"thumbnailUrl\":\"http:\/\/www.crcg.de\/kreditkartenvergleich\/wp-content\/uploads\/2010\/01\/visa-kreditkarte-300x200.jpg\",\"datePublished\":\"2010-01-15T09:21:22+00:00\",\"dateModified\":\"2017-09-12T13:22:49+00:00\",\"description\":\"Die Visa Kreditkarte ist weltweit verbreitet und wird fast \u00fcberall akzeptiert. Wir haben aktuelle Visa Kreditkarten in unserem Kreditkartenvergleich.\",\"breadcrumb\":{\"@id\":\"http:\/\/www.crcg.de\/kreditkartenvergleich\/visa-kreditkarte\/#breadcrumb\"},\"inLanguage\":\"de\",\"potentialAction\":[{\"@type\":\"ReadAction\",\"target\":[\"http:\/\/www.crcg.de\/kreditkartenvergleich\/visa-kreditkarte\/\"]}]},{\"@type\":\"ImageObject\",\"inLanguage\":\"de\",\"@id\":\"http:\/\/www.crcg.de\/kreditkartenvergleich\/visa-kreditkarte\/#primaryimage\",\"url\":\"http:\/\/www.crcg.de\/kreditkartenvergleich\/wp-content\/uploads\/2010\/01\/visa-kreditkarte.jpg\",\"contentUrl\":\"http:\/\/www.crcg.de\/kreditkartenvergleich\/wp-content\/uploads\/2010\/01\/visa-kreditkarte.jpg\",\"width\":\"423\",\"height\":\"283\"},{\"@type\":\"BreadcrumbList\",\"@id\":\"http:\/\/www.crcg.de\/kreditkartenvergleich\/visa-kreditkarte\/#breadcrumb\",\"itemListElement\":[{\"@type\":\"ListItem\",\"position\":1,\"name\":\"Startseite\",\"item\":\"http:\/\/www.crcg.de\/kreditkartenvergleich\/\"},{\"@type\":\"ListItem\",\"position\":2,\"name\":\"Visa Kreditkarten Angebote der Banken\"}]},{\"@type\":\"WebSite\",\"@id\":\"http:\/\/www.crcg.de\/kreditkartenvergleich\/#website\",\"url\":\"http:\/\/www.crcg.de\/kreditkartenvergleich\/\",\"name\":\"Kreditkartenvergleich.org\",\"description\":\"Das unabh\u00e4ngige Kreditkarten Vergleich Portal\",\"potentialAction\":[{\"@type\":\"SearchAction\",\"target\":{\"@type\":\"EntryPoint\",\"urlTemplate\":\"http:\/\/www.crcg.de\/kreditkartenvergleich\/?s={search_term_string}\"},\"query-input\":{\"@type\":\"PropertyValueSpecification\",\"valueRequired\":true,\"valueName\":\"search_term_string\"}}],\"inLanguage\":\"de\"}]}<\/script>\n<!-- \/ Yoast SEO plugin. -->","yoast_head_json":{"title":"Kreditkarten Angebote von Visa im \u00dcberblick","description":"Die Visa Kreditkarte ist weltweit verbreitet und wird fast \u00fcberall akzeptiert. Wir haben aktuelle Visa Kreditkarten in unserem Kreditkartenvergleich.","robots":{"index":"index","follow":"follow","max-snippet":"max-snippet:-1","max-image-preview":"max-image-preview:large","max-video-preview":"max-video-preview:-1"},"canonical":"https:\/\/www.kreditkartenvergleich.org\/visa-kreditkarte\/","twitter_misc":{"Gesch\u00e4tzte Lesezeit":"2\u00a0Minuten"},"schema":{"@context":"https:\/\/schema.org","@graph":[{"@type":"WebPage","@id":"http:\/\/www.crcg.de\/kreditkartenvergleich\/visa-kreditkarte\/","url":"http:\/\/www.crcg.de\/kreditkartenvergleich\/visa-kreditkarte\/","name":"Kreditkarten Angebote von Visa im \u00dcberblick","isPartOf":{"@id":"http:\/\/www.crcg.de\/kreditkartenvergleich\/#website"},"primaryImageOfPage":{"@id":"http:\/\/www.crcg.de\/kreditkartenvergleich\/visa-kreditkarte\/#primaryimage"},"image":{"@id":"http:\/\/www.crcg.de\/kreditkartenvergleich\/visa-kreditkarte\/#primaryimage"},"thumbnailUrl":"http:\/\/www.crcg.de\/kreditkartenvergleich\/wp-content\/uploads\/2010\/01\/visa-kreditkarte-300x200.jpg","datePublished":"2010-01-15T09:21:22+00:00","dateModified":"2017-09-12T13:22:49+00:00","description":"Die Visa Kreditkarte ist weltweit verbreitet und wird fast \u00fcberall akzeptiert. Wir haben aktuelle Visa Kreditkarten in unserem Kreditkartenvergleich.","breadcrumb":{"@id":"http:\/\/www.crcg.de\/kreditkartenvergleich\/visa-kreditkarte\/#breadcrumb"},"inLanguage":"de","potentialAction":[{"@type":"ReadAction","target":["http:\/\/www.crcg.de\/kreditkartenvergleich\/visa-kreditkarte\/"]}]},{"@type":"ImageObject","inLanguage":"de","@id":"http:\/\/www.crcg.de\/kreditkartenvergleich\/visa-kreditkarte\/#primaryimage","url":"http:\/\/www.crcg.de\/kreditkartenvergleich\/wp-content\/uploads\/2010\/01\/visa-kreditkarte.jpg","contentUrl":"http:\/\/www.crcg.de\/kreditkartenvergleich\/wp-content\/uploads\/2010\/01\/visa-kreditkarte.jpg","width":"423","height":"283"},{"@type":"BreadcrumbList","@id":"http:\/\/www.crcg.de\/kreditkartenvergleich\/visa-kreditkarte\/#breadcrumb","itemListElement":[{"@type":"ListItem","position":1,"name":"Startseite","item":"http:\/\/www.crcg.de\/kreditkartenvergleich\/"},{"@type":"ListItem","position":2,"name":"Visa Kreditkarten Angebote der Banken"}]},{"@type":"WebSite","@id":"http:\/\/www.crcg.de\/kreditkartenvergleich\/#website","url":"http:\/\/www.crcg.de\/kreditkartenvergleich\/","name":"Kreditkartenvergleich.org","description":"Das unabh\u00e4ngige Kreditkarten Vergleich Portal","potentialAction":[{"@type":"SearchAction","target":{"@type":"EntryPoint","urlTemplate":"http:\/\/www.crcg.de\/kreditkartenvergleich\/?s={search_term_string}"},"query-input":{"@type":"PropertyValueSpecification","valueRequired":true,"valueName":"search_term_string"}}],"inLanguage":"de"}]}},"_links":{"self":[{"href":"http:\/\/www.crcg.de\/kreditkartenvergleich\/wp-json\/wp\/v2\/pages\/248","targetHints":{"allow":["GET"]}}],"collection":[{"href":"http:\/\/www.crcg.de\/kreditkartenvergleich\/wp-json\/wp\/v2\/pages"}],"about":[{"href":"http:\/\/www.crcg.de\/kreditkartenvergleich\/wp-json\/wp\/v2\/types\/page"}],"author":[{"embeddable":true,"href":"http:\/\/www.crcg.de\/kreditkartenvergleich\/wp-json\/wp\/v2\/users\/2"}],"replies":[{"embeddable":true,"href":"http:\/\/www.crcg.de\/kreditkartenvergleich\/wp-json\/wp\/v2\/comments?post=248"}],"version-history":[{"count":3,"href":"http:\/\/www.crcg.de\/kreditkartenvergleich\/wp-json\/wp\/v2\/pages\/248\/revisions"}],"predecessor-version":[{"id":5449,"href":"http:\/\/www.crcg.de\/kreditkartenvergleich\/wp-json\/wp\/v2\/pages\/248\/revisions\/5449"}],"wp:attachment":[{"href":"http:\/\/www.crcg.de\/kreditkartenvergleich\/wp-json\/wp\/v2\/media?parent=248"}],"curies":[{"name":"wp","href":"https:\/\/api.w.org\/{rel}","templated":true}]}}