


{"id":2088,"date":"2011-12-19T15:47:56","date_gmt":"2011-12-19T14:47:56","guid":{"rendered":"http:\/\/www.kreditkartenvergleich.org\/?page_id=2088"},"modified":"2017-09-12T11:58:17","modified_gmt":"2017-09-12T10:58:17","slug":"klassische-kreditkarte","status":"publish","type":"page","link":"http:\/\/www.crcg.de\/kreditkartenvergleich\/ratgeber\/klassische-kreditkarte\/","title":{"rendered":"Die klassische Kreditkarte"},"content":{"rendered":"<p><img decoding=\"async\" class=\"alignright size-full wp-image-3758\" style=\"border: 0px;\" src=\"http:\/\/www.crcg.de\/kreditkartenvergleich\/wp-content\/uploads\/klassische-kreditkarte.jpg\" alt=\"Eine klassische Kreditkarte\" width=\"148\" height=\"93\" \/>Die <strong>klassische Kreditkarte<\/strong> ist die Kreditkarte im eigentlichen Sinn. Sie wird auch <strong>als echte Kreditkarte oder als Credit Card bezeichnet<\/strong> und r\u00e4umt ihrem Besitzer einen tats\u00e4chlichen Kreditrahmen ein. Transaktionen <a title=\"Transaktionen auch mit anderen normalen Kreditkarten von uns\" href=\"http:\/\/www.crcg.de\/kreditkartenvergleich\/\">mit anderen Kreditkarten<\/a> werden dagegen sofort oder innerhalb eines kurzen Zeitraumes dem Girokonto des Kreditkarten Inhabers belastet. Zahlungen mit der klassischen Kreditkarte k\u00f6nnen <a title=\"Unterschiedliche Varianten der Kreditkarten Abrechnung\" href=\"http:\/\/www.crcg.de\/kreditkartenvergleich\/ratgeber\/kreditkarten-abrechnung\/\">in einem Betrag oder in bequemen monatlichen Raten<\/a> beglichen werden. Dabei werden Sollzinsen f\u00e4llig, die dem Abschlagsbetrag zugerechnet werden.<\/p>\n<h2>Auch die Revolving-Kreditkarte ist eine klassische Kreditkarte<\/h2>\n<p>In Deutschland wird zunehmend die Revolving-Kreditkarte ausgegeben. Besonders ist sie aber <strong>im amerikanischen Raum verbreitet<\/strong>. Diese Kreditkarte bietet ihren Inhabern <strong>prozentuale R\u00fcckzahlungsraten<\/strong> der in Anspruch genommenen Kreditsumme an. Je nach Bank werden <strong>monatlich nur 5, 10 oder bis zu 50 Prozent des offenen Betrags f\u00e4llig<\/strong>, jedoch sind auch Sondertilgungen m\u00f6glich. Zwar ist diese <strong>Kreditkartenart sehr verlockend<\/strong>, sie bedeutet aber, dass immer wieder neue Sollzinsen f\u00e4llig werden, was eine vollst\u00e4ndige R\u00fcckzahlung erschwert.<\/p>\n<h3>Die klassische Kreditkarte bietet die meisten Vorteile<\/h3>\n<p><img decoding=\"async\" class=\"alignright wp-image-3677\" style=\"border: 0px;\" src=\"http:\/\/www.crcg.de\/kreditkartenvergleich\/wp-content\/uploads\/vorteile-276x300.jpg\" alt=\"Vorteile von Kreditkarten\" width=\"166\" height=\"180\" srcset=\"http:\/\/www.crcg.de\/kreditkartenvergleich\/wp-content\/uploads\/vorteile-276x300.jpg 276w, http:\/\/www.crcg.de\/kreditkartenvergleich\/wp-content\/uploads\/vorteile-92x100.jpg 92w, http:\/\/www.crcg.de\/kreditkartenvergleich\/wp-content\/uploads\/vorteile.jpg 346w\" sizes=\"(max-width: 166px) 100vw, 166px\" \/>Im Vergleich zu anderen <strong>Kreditkarten Arten bietet die klassische Kreditkarte<\/strong> weit <a title=\"Mehr Vorteile\" href=\"http:\/\/www.crcg.de\/kreditkartenvergleich\/ratgeber\/vorteile-von-kreditkarten\/\">mehr Vorteile<\/a>. Sie ist \u00fcberall auf der Welt rund um die Uhr einsetzbar und erf\u00e4hrt sehr hohe Akzeptanz. Ob bei Online-Zahlungen oder in Hotels, Mietwagenfirmen, Restaurants und Gesch\u00e4ften des t\u00e4glichen Bedarfs &#8211; gerade im au\u00dfereurop\u00e4ischen Ausland stehen Inhabern dieser Kreditkarte beinahe alle T\u00fcren offen. Sie bietet die h\u00f6chste Flexibilit\u00e4t, l\u00e4sst auch <strong>spontane Finanzentscheidungen<\/strong> zu und erm\u00f6glicht es, in 240 L\u00e4ndern der Welt Bargeld der jeweiligen Landesw\u00e4hrung zu erhalten.<\/p>\n<h4>Voraussetzungen f\u00fcr den Erhalt der klassischen Kreditkarte<\/h4>\n<p>Weil die klassische Kreditkarte \u00fcber einen Kreditrahmen verf\u00fcgt, ist ihre Ausgabe an verschiedene Bedingungen gekn\u00fcpft. Der Antragsteller muss nicht nur vollj\u00e4hrig sein, sondern auch \u00fcber ein regelm\u00e4\u00dfiges Einkommen verf\u00fcgen. Weiterhin holen die Kreditkarten Anbieter vor <strong>Aush\u00e4ndigung der Kreditkarte<\/strong> eine Schufa-Auskunft ein, um die <strong>Kreditw\u00fcrdigkeit zu \u00fcberpr\u00fcfen<\/strong>. Erst wenn alle Bedingungen erf\u00fcllt sind, kann der Antragsteller die begehrte Karte sein Eigen nennen.<\/p>\n","protected":false},"excerpt":{"rendered":"<p>Die klassische Kreditkarte ist die Kreditkarte im eigentlichen Sinn. Sie wird auch als echte Kreditkarte oder als Credit Card bezeichnet und r\u00e4umt ihrem Besitzer einen tats\u00e4chlichen Kreditrahmen ...","protected":false},"author":2,"featured_media":0,"parent":1736,"menu_order":0,"comment_status":"closed","ping_status":"open","template":"page-full.php","meta":{"_acf_changed":false,"_monsterinsights_skip_tracking":false,"_monsterinsights_sitenote_active":false,"_monsterinsights_sitenote_note":"","_monsterinsights_sitenote_category":0,"footnotes":""},"class_list":["post-2088","page","type-page","status-publish","hentry"],"acf":[],"yoast_head":"<!-- This site is optimized with the Yoast SEO plugin v26.8 - https:\/\/yoast.com\/product\/yoast-seo-wordpress\/ -->\n<title>Die klassische Kreditkarte ist am weit verbreitetsten<\/title>\n<meta name=\"description\" content=\"Die klassische Kreditkarte wird am h\u00e4ufigsten ausgegeben. Viele Banken und DIrektbanken bieten die klassische Kreditkarte auch kosten los an.\" \/>\n<meta name=\"robots\" content=\"index, follow, max-snippet:-1, max-image-preview:large, max-video-preview:-1\" \/>\n<link rel=\"canonical\" href=\"https:\/\/www.kreditkartenvergleich.org\/ratgeber\/klassische-kreditkarte\/\" \/>\n<meta name=\"twitter:label1\" content=\"Gesch\u00e4tzte Lesezeit\" \/>\n\t<meta name=\"twitter:data1\" content=\"2\u00a0Minuten\" \/>\n<script type=\"application\/ld+json\" class=\"yoast-schema-graph\">{\"@context\":\"https:\/\/schema.org\",\"@graph\":[{\"@type\":\"WebPage\",\"@id\":\"http:\/\/www.crcg.de\/kreditkartenvergleich\/ratgeber\/klassische-kreditkarte\/\",\"url\":\"http:\/\/www.crcg.de\/kreditkartenvergleich\/ratgeber\/klassische-kreditkarte\/\",\"name\":\"Die klassische Kreditkarte ist am weit verbreitetsten\",\"isPartOf\":{\"@id\":\"http:\/\/www.crcg.de\/kreditkartenvergleich\/#website\"},\"primaryImageOfPage\":{\"@id\":\"http:\/\/www.crcg.de\/kreditkartenvergleich\/ratgeber\/klassische-kreditkarte\/#primaryimage\"},\"image\":{\"@id\":\"http:\/\/www.crcg.de\/kreditkartenvergleich\/ratgeber\/klassische-kreditkarte\/#primaryimage\"},\"thumbnailUrl\":\"http:\/\/www.crcg.de\/kreditkartenvergleich\/wp-content\/uploads\/klassische-kreditkarte.jpg\",\"datePublished\":\"2011-12-19T14:47:56+00:00\",\"dateModified\":\"2017-09-12T10:58:17+00:00\",\"description\":\"Die klassische Kreditkarte wird am h\u00e4ufigsten ausgegeben. Viele Banken und DIrektbanken bieten die klassische Kreditkarte auch kosten los an.\",\"breadcrumb\":{\"@id\":\"http:\/\/www.crcg.de\/kreditkartenvergleich\/ratgeber\/klassische-kreditkarte\/#breadcrumb\"},\"inLanguage\":\"de\",\"potentialAction\":[{\"@type\":\"ReadAction\",\"target\":[\"http:\/\/www.crcg.de\/kreditkartenvergleich\/ratgeber\/klassische-kreditkarte\/\"]}]},{\"@type\":\"ImageObject\",\"inLanguage\":\"de\",\"@id\":\"http:\/\/www.crcg.de\/kreditkartenvergleich\/ratgeber\/klassische-kreditkarte\/#primaryimage\",\"url\":\"http:\/\/www.crcg.de\/kreditkartenvergleich\/wp-content\/uploads\/klassische-kreditkarte.jpg\",\"contentUrl\":\"http:\/\/www.crcg.de\/kreditkartenvergleich\/wp-content\/uploads\/klassische-kreditkarte.jpg\",\"width\":148,\"height\":93,\"caption\":\"Eine klassische Kreditkarte\"},{\"@type\":\"BreadcrumbList\",\"@id\":\"http:\/\/www.crcg.de\/kreditkartenvergleich\/ratgeber\/klassische-kreditkarte\/#breadcrumb\",\"itemListElement\":[{\"@type\":\"ListItem\",\"position\":1,\"name\":\"Startseite\",\"item\":\"http:\/\/www.crcg.de\/kreditkartenvergleich\/\"},{\"@type\":\"ListItem\",\"position\":2,\"name\":\"Ratgeber\",\"item\":\"http:\/\/www.crcg.de\/kreditkartenvergleich\/ratgeber\/\"},{\"@type\":\"ListItem\",\"position\":3,\"name\":\"Die klassische Kreditkarte\"}]},{\"@type\":\"WebSite\",\"@id\":\"http:\/\/www.crcg.de\/kreditkartenvergleich\/#website\",\"url\":\"http:\/\/www.crcg.de\/kreditkartenvergleich\/\",\"name\":\"Kreditkartenvergleich.org\",\"description\":\"Das unabh\u00e4ngige Kreditkarten Vergleich Portal\",\"potentialAction\":[{\"@type\":\"SearchAction\",\"target\":{\"@type\":\"EntryPoint\",\"urlTemplate\":\"http:\/\/www.crcg.de\/kreditkartenvergleich\/?s={search_term_string}\"},\"query-input\":{\"@type\":\"PropertyValueSpecification\",\"valueRequired\":true,\"valueName\":\"search_term_string\"}}],\"inLanguage\":\"de\"}]}<\/script>\n<!-- \/ Yoast SEO plugin. -->","yoast_head_json":{"title":"Die klassische Kreditkarte ist am weit verbreitetsten","description":"Die klassische Kreditkarte wird am h\u00e4ufigsten ausgegeben. Viele Banken und DIrektbanken bieten die klassische Kreditkarte auch kosten los an.","robots":{"index":"index","follow":"follow","max-snippet":"max-snippet:-1","max-image-preview":"max-image-preview:large","max-video-preview":"max-video-preview:-1"},"canonical":"https:\/\/www.kreditkartenvergleich.org\/ratgeber\/klassische-kreditkarte\/","twitter_misc":{"Gesch\u00e4tzte Lesezeit":"2\u00a0Minuten"},"schema":{"@context":"https:\/\/schema.org","@graph":[{"@type":"WebPage","@id":"http:\/\/www.crcg.de\/kreditkartenvergleich\/ratgeber\/klassische-kreditkarte\/","url":"http:\/\/www.crcg.de\/kreditkartenvergleich\/ratgeber\/klassische-kreditkarte\/","name":"Die klassische Kreditkarte ist am weit verbreitetsten","isPartOf":{"@id":"http:\/\/www.crcg.de\/kreditkartenvergleich\/#website"},"primaryImageOfPage":{"@id":"http:\/\/www.crcg.de\/kreditkartenvergleich\/ratgeber\/klassische-kreditkarte\/#primaryimage"},"image":{"@id":"http:\/\/www.crcg.de\/kreditkartenvergleich\/ratgeber\/klassische-kreditkarte\/#primaryimage"},"thumbnailUrl":"http:\/\/www.crcg.de\/kreditkartenvergleich\/wp-content\/uploads\/klassische-kreditkarte.jpg","datePublished":"2011-12-19T14:47:56+00:00","dateModified":"2017-09-12T10:58:17+00:00","description":"Die klassische Kreditkarte wird am h\u00e4ufigsten ausgegeben. Viele Banken und DIrektbanken bieten die klassische Kreditkarte auch kosten los an.","breadcrumb":{"@id":"http:\/\/www.crcg.de\/kreditkartenvergleich\/ratgeber\/klassische-kreditkarte\/#breadcrumb"},"inLanguage":"de","potentialAction":[{"@type":"ReadAction","target":["http:\/\/www.crcg.de\/kreditkartenvergleich\/ratgeber\/klassische-kreditkarte\/"]}]},{"@type":"ImageObject","inLanguage":"de","@id":"http:\/\/www.crcg.de\/kreditkartenvergleich\/ratgeber\/klassische-kreditkarte\/#primaryimage","url":"http:\/\/www.crcg.de\/kreditkartenvergleich\/wp-content\/uploads\/klassische-kreditkarte.jpg","contentUrl":"http:\/\/www.crcg.de\/kreditkartenvergleich\/wp-content\/uploads\/klassische-kreditkarte.jpg","width":148,"height":93,"caption":"Eine klassische Kreditkarte"},{"@type":"BreadcrumbList","@id":"http:\/\/www.crcg.de\/kreditkartenvergleich\/ratgeber\/klassische-kreditkarte\/#breadcrumb","itemListElement":[{"@type":"ListItem","position":1,"name":"Startseite","item":"http:\/\/www.crcg.de\/kreditkartenvergleich\/"},{"@type":"ListItem","position":2,"name":"Ratgeber","item":"http:\/\/www.crcg.de\/kreditkartenvergleich\/ratgeber\/"},{"@type":"ListItem","position":3,"name":"Die klassische Kreditkarte"}]},{"@type":"WebSite","@id":"http:\/\/www.crcg.de\/kreditkartenvergleich\/#website","url":"http:\/\/www.crcg.de\/kreditkartenvergleich\/","name":"Kreditkartenvergleich.org","description":"Das unabh\u00e4ngige Kreditkarten Vergleich Portal","potentialAction":[{"@type":"SearchAction","target":{"@type":"EntryPoint","urlTemplate":"http:\/\/www.crcg.de\/kreditkartenvergleich\/?s={search_term_string}"},"query-input":{"@type":"PropertyValueSpecification","valueRequired":true,"valueName":"search_term_string"}}],"inLanguage":"de"}]}},"_links":{"self":[{"href":"http:\/\/www.crcg.de\/kreditkartenvergleich\/wp-json\/wp\/v2\/pages\/2088","targetHints":{"allow":["GET"]}}],"collection":[{"href":"http:\/\/www.crcg.de\/kreditkartenvergleich\/wp-json\/wp\/v2\/pages"}],"about":[{"href":"http:\/\/www.crcg.de\/kreditkartenvergleich\/wp-json\/wp\/v2\/types\/page"}],"author":[{"embeddable":true,"href":"http:\/\/www.crcg.de\/kreditkartenvergleich\/wp-json\/wp\/v2\/users\/2"}],"replies":[{"embeddable":true,"href":"http:\/\/www.crcg.de\/kreditkartenvergleich\/wp-json\/wp\/v2\/comments?post=2088"}],"version-history":[{"count":2,"href":"http:\/\/www.crcg.de\/kreditkartenvergleich\/wp-json\/wp\/v2\/pages\/2088\/revisions"}],"predecessor-version":[{"id":5376,"href":"http:\/\/www.crcg.de\/kreditkartenvergleich\/wp-json\/wp\/v2\/pages\/2088\/revisions\/5376"}],"up":[{"embeddable":true,"href":"http:\/\/www.crcg.de\/kreditkartenvergleich\/wp-json\/wp\/v2\/pages\/1736"}],"wp:attachment":[{"href":"http:\/\/www.crcg.de\/kreditkartenvergleich\/wp-json\/wp\/v2\/media?parent=2088"}],"curies":[{"name":"wp","href":"https:\/\/api.w.org\/{rel}","templated":true}]}}