


{"id":2058,"date":"2014-02-10T15:08:24","date_gmt":"2014-02-10T14:08:24","guid":{"rendered":"http:\/\/www.kreditkartenvergleich.org\/?page_id=2058"},"modified":"2017-09-12T12:07:57","modified_gmt":"2017-09-12T11:07:57","slug":"notrufnummern","status":"publish","type":"page","link":"http:\/\/www.crcg.de\/kreditkartenvergleich\/ratgeber\/notrufnummern\/","title":{"rendered":"Notrufnummern zum Sperren der Kreditkarte"},"content":{"rendered":"<p><img decoding=\"async\" class=\"alignleft size-medium wp-image-2059\" title=\"Kreditkarten sperren\" src=\"http:\/\/www.crcg.de\/kreditkartenvergleich\/wp-content\/uploads\/2011\/12\/kreditkartesperren-277x300.jpg\" alt=\"Kreditkarten sperren\" width=\"277\" height=\"300\" srcset=\"http:\/\/www.crcg.de\/kreditkartenvergleich\/wp-content\/uploads\/2011\/12\/kreditkartesperren-277x300.jpg 277w, http:\/\/www.crcg.de\/kreditkartenvergleich\/wp-content\/uploads\/2011\/12\/kreditkartesperren.jpg 333w\" sizes=\"(max-width: 277px) 100vw, 277px\" \/>Geht die <a title=\"Verlorene Kreditkarte\" href=\"http:\/\/www.crcg.de\/kreditkartenvergleich\/ratgeber\/verlust-der-kreditkarte\/\">Kreditkarte verloren<\/a> oder wird diese gestohlen, ist schnelles Handeln gefragt, denn erst ab dem Zeitpunkt der Verlustmeldung gehen Haftungssch\u00e4den auf die Kreditkarten Gesellschaft \u00fcber. Nachdem die Bank oder der Herausgeber der Kreditkarte kontaktiert wurde, wird dieser die Kreditkarte umgehend sperren und damit einen m\u00f6glichen Missbrauch verhindern. Lediglich ein Eigenanteil von maximal 50 Euro k\u00f6nnen dem Kreditkarten Inhaber in diesem Fall noch belastet werden.<\/p>\n<h2>Die zentrale Sperr-Hotline anrufen<\/h2>\n<p>Ist die eigene Bank nicht erreichbar oder liegt die Telefonnummer nicht vor, kann eine Sperrung auch \u00fcber die zentrale Notrufnummer 116 116 vorgenommen werden. Diese Rufnummer ist deutschlandweit kostenlos und t\u00e4glich, rund um die Uhr, erreichbar. Auch aus dem Ausland k\u00f6nnen Kreditkarten \u00fcber diese <strong>Hotline mit der deutschen Vorwahl 0049<\/strong> gesperrt werden. Alternativ kann aus dem Ausland auch die Rufnummer <strong>0049\/ 30 4050 40506<\/strong> gew\u00e4hlt werden. Die Mitarbeiter der Sperr-Hotline ben\u00f6tigen zuerst einmal Informationen dar\u00fcber, was gesperrt werden soll, denn der Verein \u201eSperr e.V.\u201c ist ebenfalls f\u00fcr die Sperrung von SIM-Karten und anderen Bankkarten zust\u00e4ndig. Danach erfolgt die Weiterleitung zu der jeweiligen Kreditkarten Gesellschaft.<\/p>\n<div class=\"infobox-big\"><div class=\"infobox-small\"><div class=\"info-bulb\"><\/div><div class=\"info-header\">Notrufnummern immer parat<\/div><p>F\u00fcr den Notfall, sollten Sie die Sperrnummern nicht auswendig wissen, haben wir eine PDF vorbereitet, die Sie ausdrucken, ausschneiden und im Scheckkarten-Format in Ihren Geldbeutel stecken k\u00f6nnen:<\/p><\/div><\/div>\n<div style=\"float: left;\"><a class=\"zumanbieter\" title=\"Sperrnummern f\u00fcr EC- und Kreditkarten\" href=\"http:\/\/www.crcg.de\/kreditkartenvergleich\/sperrnummern.pdf\">Sperrnummern Download<\/a><\/div>\n<div style=\"clear: both;\"><\/div>\n<h3>Direkte Notrufnummern der Kreditkarten Herausgeber<\/h3>\n<p>Wer direkt bei seinem Kreditkarten Herausgeber anrufen m\u00f6chte, kann sich dadurch Zeit sparen und erreicht diesen unter den folgenden Rufnummern:<\/p>\n<p><strong>MasterCard:<\/strong><\/p>\n<ul>\n<li>Tel. 0800\/ 819 1040 (kostenlos f\u00fcr Sperrungen aus dem deutschen Festnetz)<\/li>\n<li>Tel. +1 636 7227 111 (aus dem deutschen Mobilfunknetz und aus dem Ausland)<\/li>\n<\/ul>\n<p><strong>Visa Card:<\/strong><\/p>\n<ul>\n<li>Tel. 0800\/ 811 8440 (kostenlos f\u00fcr Sperrungen aus dem deutschen Festnetz)<\/li>\n<li>Tel. +1 410 581 9994 (aus dem deutschen Mobilfunknetz)<\/li>\n<li>Tel. +1 410 581 3836 (aus dem Ausland)<\/li>\n<\/ul>\n<p><strong>American Express:<\/strong><\/p>\n<ul>\n<li>Tel. 069\/ 97 97 1000 (aus Deutschland, kostenpflichtig)<\/li>\n<\/ul>\n<p><strong>Diners Club:<\/strong><\/p>\n<ul>\n<li>Tel. 01805\/ 33 66 95 (aus Deutschland, kostenpflichtig)<\/li>\n<li>Tel. +1 303 799 1504 (aus dem Ausland)<\/li>\n<\/ul>\n<p>Nach <strong>erfolgreicher Sperrung der Kreditkarte<\/strong> wird die Bank umgehend eine Ersatzkarte mit identischen Leistungsmerkmalen ausstellen. Diese verf\u00fcgt \u00fcber eine neue Kreditkarten Nummer, PIN und Pr\u00fcfziffer. Ein eventuell <a title=\"vorhandenes Guthaben\" href=\"http:\/\/www.crcg.de\/kreditkartenvergleich\/ratgeber\/kreditkarten-mit-guthabenverzinsung\/\">vorhandenes Guthaben<\/a> auf der verlorenen oder gestohlenen Kreditkarte wird in der Regel ersetzt und auf die neue Kreditkarte \u00fcbertragen.<\/p>\n","protected":false},"excerpt":{"rendered":"<p>Geht die Kreditkarte verloren oder wird diese gestohlen, ist schnelles Handeln gefragt, denn erst ab dem Zeitpunkt der Verlustmeldung gehen Haftungssch\u00e4den auf die Kreditkarten Gesellschaft \u00fcber....","protected":false},"author":2,"featured_media":0,"parent":1736,"menu_order":0,"comment_status":"closed","ping_status":"open","template":"page-full.php","meta":{"_acf_changed":false,"_monsterinsights_skip_tracking":false,"_monsterinsights_sitenote_active":false,"_monsterinsights_sitenote_note":"","_monsterinsights_sitenote_category":0,"footnotes":""},"class_list":["post-2058","page","type-page","status-publish","hentry"],"acf":[],"yoast_head":"<!-- This site is optimized with the Yoast SEO plugin v26.8 - https:\/\/yoast.com\/product\/yoast-seo-wordpress\/ -->\n<title>Die wichtigsten Notrufnummern zum Sperren der Kreditkarte<\/title>\n<meta name=\"description\" content=\"Die Notrufnummern zum Kreditkarten sperren sind sehr wichtig und sollte man m\u00f6glichst griffbereit haben.\" \/>\n<meta name=\"robots\" content=\"index, follow, max-snippet:-1, max-image-preview:large, max-video-preview:-1\" \/>\n<link rel=\"canonical\" href=\"https:\/\/www.kreditkartenvergleich.org\/ratgeber\/notrufnummern\/\" \/>\n<meta name=\"twitter:label1\" content=\"Gesch\u00e4tzte Lesezeit\" \/>\n\t<meta name=\"twitter:data1\" content=\"2\u00a0Minuten\" \/>\n<script type=\"application\/ld+json\" class=\"yoast-schema-graph\">{\"@context\":\"https:\/\/schema.org\",\"@graph\":[{\"@type\":\"WebPage\",\"@id\":\"http:\/\/www.crcg.de\/kreditkartenvergleich\/ratgeber\/notrufnummern\/\",\"url\":\"http:\/\/www.crcg.de\/kreditkartenvergleich\/ratgeber\/notrufnummern\/\",\"name\":\"Die wichtigsten Notrufnummern zum Sperren der Kreditkarte\",\"isPartOf\":{\"@id\":\"http:\/\/www.crcg.de\/kreditkartenvergleich\/#website\"},\"primaryImageOfPage\":{\"@id\":\"http:\/\/www.crcg.de\/kreditkartenvergleich\/ratgeber\/notrufnummern\/#primaryimage\"},\"image\":{\"@id\":\"http:\/\/www.crcg.de\/kreditkartenvergleich\/ratgeber\/notrufnummern\/#primaryimage\"},\"thumbnailUrl\":\"http:\/\/www.crcg.de\/kreditkartenvergleich\/wp-content\/uploads\/2011\/12\/kreditkartesperren-277x300.jpg\",\"datePublished\":\"2014-02-10T14:08:24+00:00\",\"dateModified\":\"2017-09-12T11:07:57+00:00\",\"description\":\"Die Notrufnummern zum Kreditkarten sperren sind sehr wichtig und sollte man m\u00f6glichst griffbereit haben.\",\"breadcrumb\":{\"@id\":\"http:\/\/www.crcg.de\/kreditkartenvergleich\/ratgeber\/notrufnummern\/#breadcrumb\"},\"inLanguage\":\"de\",\"potentialAction\":[{\"@type\":\"ReadAction\",\"target\":[\"http:\/\/www.crcg.de\/kreditkartenvergleich\/ratgeber\/notrufnummern\/\"]}]},{\"@type\":\"ImageObject\",\"inLanguage\":\"de\",\"@id\":\"http:\/\/www.crcg.de\/kreditkartenvergleich\/ratgeber\/notrufnummern\/#primaryimage\",\"url\":\"http:\/\/www.crcg.de\/kreditkartenvergleich\/wp-content\/uploads\/2011\/12\/kreditkartesperren.jpg\",\"contentUrl\":\"http:\/\/www.crcg.de\/kreditkartenvergleich\/wp-content\/uploads\/2011\/12\/kreditkartesperren.jpg\",\"width\":\"333\",\"height\":\"360\",\"caption\":\"Sicherheit bei Kreditkarten\"},{\"@type\":\"BreadcrumbList\",\"@id\":\"http:\/\/www.crcg.de\/kreditkartenvergleich\/ratgeber\/notrufnummern\/#breadcrumb\",\"itemListElement\":[{\"@type\":\"ListItem\",\"position\":1,\"name\":\"Startseite\",\"item\":\"http:\/\/www.crcg.de\/kreditkartenvergleich\/\"},{\"@type\":\"ListItem\",\"position\":2,\"name\":\"Ratgeber\",\"item\":\"http:\/\/www.crcg.de\/kreditkartenvergleich\/ratgeber\/\"},{\"@type\":\"ListItem\",\"position\":3,\"name\":\"Notrufnummern zum Sperren der Kreditkarte\"}]},{\"@type\":\"WebSite\",\"@id\":\"http:\/\/www.crcg.de\/kreditkartenvergleich\/#website\",\"url\":\"http:\/\/www.crcg.de\/kreditkartenvergleich\/\",\"name\":\"Kreditkartenvergleich.org\",\"description\":\"Das unabh\u00e4ngige Kreditkarten Vergleich Portal\",\"potentialAction\":[{\"@type\":\"SearchAction\",\"target\":{\"@type\":\"EntryPoint\",\"urlTemplate\":\"http:\/\/www.crcg.de\/kreditkartenvergleich\/?s={search_term_string}\"},\"query-input\":{\"@type\":\"PropertyValueSpecification\",\"valueRequired\":true,\"valueName\":\"search_term_string\"}}],\"inLanguage\":\"de\"}]}<\/script>\n<!-- \/ Yoast SEO plugin. -->","yoast_head_json":{"title":"Die wichtigsten Notrufnummern zum Sperren der Kreditkarte","description":"Die Notrufnummern zum Kreditkarten sperren sind sehr wichtig und sollte man m\u00f6glichst griffbereit haben.","robots":{"index":"index","follow":"follow","max-snippet":"max-snippet:-1","max-image-preview":"max-image-preview:large","max-video-preview":"max-video-preview:-1"},"canonical":"https:\/\/www.kreditkartenvergleich.org\/ratgeber\/notrufnummern\/","twitter_misc":{"Gesch\u00e4tzte Lesezeit":"2\u00a0Minuten"},"schema":{"@context":"https:\/\/schema.org","@graph":[{"@type":"WebPage","@id":"http:\/\/www.crcg.de\/kreditkartenvergleich\/ratgeber\/notrufnummern\/","url":"http:\/\/www.crcg.de\/kreditkartenvergleich\/ratgeber\/notrufnummern\/","name":"Die wichtigsten Notrufnummern zum Sperren der Kreditkarte","isPartOf":{"@id":"http:\/\/www.crcg.de\/kreditkartenvergleich\/#website"},"primaryImageOfPage":{"@id":"http:\/\/www.crcg.de\/kreditkartenvergleich\/ratgeber\/notrufnummern\/#primaryimage"},"image":{"@id":"http:\/\/www.crcg.de\/kreditkartenvergleich\/ratgeber\/notrufnummern\/#primaryimage"},"thumbnailUrl":"http:\/\/www.crcg.de\/kreditkartenvergleich\/wp-content\/uploads\/2011\/12\/kreditkartesperren-277x300.jpg","datePublished":"2014-02-10T14:08:24+00:00","dateModified":"2017-09-12T11:07:57+00:00","description":"Die Notrufnummern zum Kreditkarten sperren sind sehr wichtig und sollte man m\u00f6glichst griffbereit haben.","breadcrumb":{"@id":"http:\/\/www.crcg.de\/kreditkartenvergleich\/ratgeber\/notrufnummern\/#breadcrumb"},"inLanguage":"de","potentialAction":[{"@type":"ReadAction","target":["http:\/\/www.crcg.de\/kreditkartenvergleich\/ratgeber\/notrufnummern\/"]}]},{"@type":"ImageObject","inLanguage":"de","@id":"http:\/\/www.crcg.de\/kreditkartenvergleich\/ratgeber\/notrufnummern\/#primaryimage","url":"http:\/\/www.crcg.de\/kreditkartenvergleich\/wp-content\/uploads\/2011\/12\/kreditkartesperren.jpg","contentUrl":"http:\/\/www.crcg.de\/kreditkartenvergleich\/wp-content\/uploads\/2011\/12\/kreditkartesperren.jpg","width":"333","height":"360","caption":"Sicherheit bei Kreditkarten"},{"@type":"BreadcrumbList","@id":"http:\/\/www.crcg.de\/kreditkartenvergleich\/ratgeber\/notrufnummern\/#breadcrumb","itemListElement":[{"@type":"ListItem","position":1,"name":"Startseite","item":"http:\/\/www.crcg.de\/kreditkartenvergleich\/"},{"@type":"ListItem","position":2,"name":"Ratgeber","item":"http:\/\/www.crcg.de\/kreditkartenvergleich\/ratgeber\/"},{"@type":"ListItem","position":3,"name":"Notrufnummern zum Sperren der Kreditkarte"}]},{"@type":"WebSite","@id":"http:\/\/www.crcg.de\/kreditkartenvergleich\/#website","url":"http:\/\/www.crcg.de\/kreditkartenvergleich\/","name":"Kreditkartenvergleich.org","description":"Das unabh\u00e4ngige Kreditkarten Vergleich Portal","potentialAction":[{"@type":"SearchAction","target":{"@type":"EntryPoint","urlTemplate":"http:\/\/www.crcg.de\/kreditkartenvergleich\/?s={search_term_string}"},"query-input":{"@type":"PropertyValueSpecification","valueRequired":true,"valueName":"search_term_string"}}],"inLanguage":"de"}]}},"_links":{"self":[{"href":"http:\/\/www.crcg.de\/kreditkartenvergleich\/wp-json\/wp\/v2\/pages\/2058","targetHints":{"allow":["GET"]}}],"collection":[{"href":"http:\/\/www.crcg.de\/kreditkartenvergleich\/wp-json\/wp\/v2\/pages"}],"about":[{"href":"http:\/\/www.crcg.de\/kreditkartenvergleich\/wp-json\/wp\/v2\/types\/page"}],"author":[{"embeddable":true,"href":"http:\/\/www.crcg.de\/kreditkartenvergleich\/wp-json\/wp\/v2\/users\/2"}],"replies":[{"embeddable":true,"href":"http:\/\/www.crcg.de\/kreditkartenvergleich\/wp-json\/wp\/v2\/comments?post=2058"}],"version-history":[{"count":1,"href":"http:\/\/www.crcg.de\/kreditkartenvergleich\/wp-json\/wp\/v2\/pages\/2058\/revisions"}],"predecessor-version":[{"id":5408,"href":"http:\/\/www.crcg.de\/kreditkartenvergleich\/wp-json\/wp\/v2\/pages\/2058\/revisions\/5408"}],"up":[{"embeddable":true,"href":"http:\/\/www.crcg.de\/kreditkartenvergleich\/wp-json\/wp\/v2\/pages\/1736"}],"wp:attachment":[{"href":"http:\/\/www.crcg.de\/kreditkartenvergleich\/wp-json\/wp\/v2\/media?parent=2058"}],"curies":[{"name":"wp","href":"https:\/\/api.w.org\/{rel}","templated":true}]}}