


{"id":2041,"date":"2011-12-16T15:21:38","date_gmt":"2011-12-16T14:21:38","guid":{"rendered":"http:\/\/www.kreditkartenvergleich.org\/?page_id=2041"},"modified":"2017-09-12T12:07:13","modified_gmt":"2017-09-12T11:07:13","slug":"kreditkartenzahlung-im-internet-darauf-sollten-sie-achten","status":"publish","type":"page","link":"http:\/\/www.crcg.de\/kreditkartenvergleich\/ratgeber\/kreditkartenzahlung-im-internet-darauf-sollten-sie-achten\/","title":{"rendered":"Kreditkartenzahlung im Internet: Darauf sollten Sie achten"},"content":{"rendered":"<p>Immer h\u00e4ufiger kommt die Kreditkarte nicht nur in L\u00e4den, in Hotels und bei Autovermietern zum Einsatz, sondern auch bei Shoppingtouren durch das Internet. Zunehmend mehr Online-Shops bieten die <strong>Bezahlung von Waren und Dienstleistungen via Kreditkarte<\/strong> an und forcieren damit eine <strong>schnelle und unkomplizierte Kaufabwicklung<\/strong>.<\/p>\n<div class=\"infobox-big\"><div class=\"infobox-small\"><div class=\"info-bulb\"><\/div><div class=\"info-header\">Einfache Zahlung im Internet<\/div><p>Die Zahlung per Kreditkarte im Internet ist sicher und einfach, sofern Kreditkartenbesitzer auf einige wenige Details achten:<\/p><\/div><\/div>\n<ul>\n<li><img decoding=\"async\" class=\"alignright wp-image-2042\" style=\"border: 0px none;\" title=\"Kreditkartenzahlung im Internet\" src=\"http:\/\/www.crcg.de\/kreditkartenvergleich\/wp-content\/uploads\/2011\/12\/kreditkartenzahlung-300x229.jpg\" alt=\"Kreditkartenzahlung im Internet\" width=\"240\" height=\"183\" srcset=\"http:\/\/www.crcg.de\/kreditkartenvergleich\/wp-content\/uploads\/2011\/12\/kreditkartenzahlung-300x229.jpg 300w, http:\/\/www.crcg.de\/kreditkartenvergleich\/wp-content\/uploads\/2011\/12\/kreditkartenzahlung.jpg 396w\" sizes=\"(max-width: 240px) 100vw, 240px\" \/>Wer im Internet mit der Kreditkarte einkauft, sollte stets auf eine <strong>verschl\u00fcsselte, sichere Verbindung<\/strong> achten: Wird der Bestellvorgang durchlaufen, sollte die jeweilige Seite im Adressfeld nicht mit http:\/\/ sondern mit \u201ehttps:\/\/ beginnen. Auf eine sichere Verbindung weist auch das Symbol eines <strong>kleinen Schlosses<\/strong> hin, das meist links unten auf der Website zu sehen ist.<\/li>\n<li>Eingekauft werden sollte grunds\u00e4tzlich nur in seri\u00f6sen Online-Shops, die das <strong>Vertrauen der Verbraucher zu Recht genie\u00dfen<\/strong>. Gro\u00dfe und bekannte Internetshops stehen dabei im Vordergrund \u2013 wer bei kleineren und unbekannteren Anbietern bestellt, sollte diesen vorher kritisch pr\u00fcfen. Kundenbewertungen oder auch das <strong>\u201eTrusted-Shops\u201c-Siegel geben meist schnell Aufschluss<\/strong> \u00fcber die Seriosit\u00e4t des Anbieters. Der Internetshop sollte auf jeden Fall \u00fcber Kontaktdaten (<strong>meist im Impressum zu sehen<\/strong>) verf\u00fcgen, die auch f\u00fcr Reklamationen wichtig sind.<\/li>\n<li>Keinesfalls sollte im Internet die Geheimnummer (PIN) der Kreditkarte preisgegeben werden! Sie wird f\u00fcr keinen Bestellvorgang ben\u00f6tigt. Angegeben werden m\u00fcssen lediglich die Kreditkartennummer, das Verfallsdatum der Karte als auch die Pr\u00fcfziffer, die <a title=\"Was steht auf der R\u00fcckseite der Kreditkarte\" href=\"http:\/\/www.crcg.de\/kreditkartenvergleich\/ratgeber\/was-steht-wo-auf-der-kreditkarte\/\">auf der R\u00fcckseite der Kreditkarte festgeschrieben<\/a> ist.<\/li>\n<\/ul>\n<p>Sollte <strong>Ware an einen Online-Shop zur\u00fcckgesandt<\/strong> werden, so erfolgt die R\u00fcckabwicklung des Kaufvertrages auch bei <a title=\"Zahlung per Kreditkarte\" href=\"http:\/\/www.crcg.de\/kreditkartenvergleich\/\">Zahlung per Kreditkarte<\/a> meist problemlos. Der bezahlte Betrag wird, sofern er bereits abgebucht wurde, dem Konto meist <strong>innerhalb k\u00fcrzester Zeit automatisch wieder gutgeschrieben<\/strong>.<\/p>\n","protected":false},"excerpt":{"rendered":"<p>Immer h\u00e4ufiger kommt die Kreditkarte nicht nur in L\u00e4den, in Hotels und bei Autovermietern zum Einsatz, sondern auch bei Shoppingtouren durch das Internet. Zunehmend mehr Online-Shops bieten die B...","protected":false},"author":2,"featured_media":0,"parent":1736,"menu_order":0,"comment_status":"closed","ping_status":"open","template":"page-full.php","meta":{"_acf_changed":false,"_monsterinsights_skip_tracking":false,"_monsterinsights_sitenote_active":false,"_monsterinsights_sitenote_note":"","_monsterinsights_sitenote_category":0,"footnotes":""},"class_list":["post-2041","page","type-page","status-publish","hentry"],"acf":[],"yoast_head":"<!-- This site is optimized with the Yoast SEO plugin v26.8 - https:\/\/yoast.com\/product\/yoast-seo-wordpress\/ -->\n<title>Vorsicht beim Bezahlen im Internet mit Kreditkarte<\/title>\n<meta name=\"description\" content=\"Wer einige Punkte beim Bezahlen im Internet beachtet, der wird im Normalfall nicht auf Kreditkartenbetr\u00fcger hereinfallen.\" \/>\n<meta name=\"robots\" content=\"index, follow, max-snippet:-1, max-image-preview:large, max-video-preview:-1\" \/>\n<link rel=\"canonical\" href=\"https:\/\/www.kreditkartenvergleich.org\/ratgeber\/kreditkartenzahlung-im-internet-darauf-sollten-sie-achten\/\" \/>\n<meta name=\"twitter:label1\" content=\"Gesch\u00e4tzte Lesezeit\" \/>\n\t<meta name=\"twitter:data1\" content=\"1\u00a0Minute\" \/>\n<script type=\"application\/ld+json\" class=\"yoast-schema-graph\">{\"@context\":\"https:\/\/schema.org\",\"@graph\":[{\"@type\":\"WebPage\",\"@id\":\"http:\/\/www.crcg.de\/kreditkartenvergleich\/ratgeber\/kreditkartenzahlung-im-internet-darauf-sollten-sie-achten\/\",\"url\":\"http:\/\/www.crcg.de\/kreditkartenvergleich\/ratgeber\/kreditkartenzahlung-im-internet-darauf-sollten-sie-achten\/\",\"name\":\"Vorsicht beim Bezahlen im Internet mit Kreditkarte\",\"isPartOf\":{\"@id\":\"http:\/\/www.crcg.de\/kreditkartenvergleich\/#website\"},\"primaryImageOfPage\":{\"@id\":\"http:\/\/www.crcg.de\/kreditkartenvergleich\/ratgeber\/kreditkartenzahlung-im-internet-darauf-sollten-sie-achten\/#primaryimage\"},\"image\":{\"@id\":\"http:\/\/www.crcg.de\/kreditkartenvergleich\/ratgeber\/kreditkartenzahlung-im-internet-darauf-sollten-sie-achten\/#primaryimage\"},\"thumbnailUrl\":\"http:\/\/www.crcg.de\/kreditkartenvergleich\/wp-content\/uploads\/2011\/12\/kreditkartenzahlung-300x229.jpg\",\"datePublished\":\"2011-12-16T14:21:38+00:00\",\"dateModified\":\"2017-09-12T11:07:13+00:00\",\"description\":\"Wer einige Punkte beim Bezahlen im Internet beachtet, der wird im Normalfall nicht auf Kreditkartenbetr\u00fcger hereinfallen.\",\"breadcrumb\":{\"@id\":\"http:\/\/www.crcg.de\/kreditkartenvergleich\/ratgeber\/kreditkartenzahlung-im-internet-darauf-sollten-sie-achten\/#breadcrumb\"},\"inLanguage\":\"de\",\"potentialAction\":[{\"@type\":\"ReadAction\",\"target\":[\"http:\/\/www.crcg.de\/kreditkartenvergleich\/ratgeber\/kreditkartenzahlung-im-internet-darauf-sollten-sie-achten\/\"]}]},{\"@type\":\"ImageObject\",\"inLanguage\":\"de\",\"@id\":\"http:\/\/www.crcg.de\/kreditkartenvergleich\/ratgeber\/kreditkartenzahlung-im-internet-darauf-sollten-sie-achten\/#primaryimage\",\"url\":\"http:\/\/www.crcg.de\/kreditkartenvergleich\/wp-content\/uploads\/2011\/12\/kreditkartenzahlung.jpg\",\"contentUrl\":\"http:\/\/www.crcg.de\/kreditkartenvergleich\/wp-content\/uploads\/2011\/12\/kreditkartenzahlung.jpg\",\"width\":\"396\",\"height\":\"303\",\"caption\":\"Kreditkartenzahlung im Internet\"},{\"@type\":\"BreadcrumbList\",\"@id\":\"http:\/\/www.crcg.de\/kreditkartenvergleich\/ratgeber\/kreditkartenzahlung-im-internet-darauf-sollten-sie-achten\/#breadcrumb\",\"itemListElement\":[{\"@type\":\"ListItem\",\"position\":1,\"name\":\"Startseite\",\"item\":\"http:\/\/www.crcg.de\/kreditkartenvergleich\/\"},{\"@type\":\"ListItem\",\"position\":2,\"name\":\"Ratgeber\",\"item\":\"http:\/\/www.crcg.de\/kreditkartenvergleich\/ratgeber\/\"},{\"@type\":\"ListItem\",\"position\":3,\"name\":\"Kreditkartenzahlung im Internet: Darauf sollten Sie achten\"}]},{\"@type\":\"WebSite\",\"@id\":\"http:\/\/www.crcg.de\/kreditkartenvergleich\/#website\",\"url\":\"http:\/\/www.crcg.de\/kreditkartenvergleich\/\",\"name\":\"Kreditkartenvergleich.org\",\"description\":\"Das unabh\u00e4ngige Kreditkarten Vergleich Portal\",\"potentialAction\":[{\"@type\":\"SearchAction\",\"target\":{\"@type\":\"EntryPoint\",\"urlTemplate\":\"http:\/\/www.crcg.de\/kreditkartenvergleich\/?s={search_term_string}\"},\"query-input\":{\"@type\":\"PropertyValueSpecification\",\"valueRequired\":true,\"valueName\":\"search_term_string\"}}],\"inLanguage\":\"de\"}]}<\/script>\n<!-- \/ Yoast SEO plugin. -->","yoast_head_json":{"title":"Vorsicht beim Bezahlen im Internet mit Kreditkarte","description":"Wer einige Punkte beim Bezahlen im Internet beachtet, der wird im Normalfall nicht auf Kreditkartenbetr\u00fcger hereinfallen.","robots":{"index":"index","follow":"follow","max-snippet":"max-snippet:-1","max-image-preview":"max-image-preview:large","max-video-preview":"max-video-preview:-1"},"canonical":"https:\/\/www.kreditkartenvergleich.org\/ratgeber\/kreditkartenzahlung-im-internet-darauf-sollten-sie-achten\/","twitter_misc":{"Gesch\u00e4tzte Lesezeit":"1\u00a0Minute"},"schema":{"@context":"https:\/\/schema.org","@graph":[{"@type":"WebPage","@id":"http:\/\/www.crcg.de\/kreditkartenvergleich\/ratgeber\/kreditkartenzahlung-im-internet-darauf-sollten-sie-achten\/","url":"http:\/\/www.crcg.de\/kreditkartenvergleich\/ratgeber\/kreditkartenzahlung-im-internet-darauf-sollten-sie-achten\/","name":"Vorsicht beim Bezahlen im Internet mit Kreditkarte","isPartOf":{"@id":"http:\/\/www.crcg.de\/kreditkartenvergleich\/#website"},"primaryImageOfPage":{"@id":"http:\/\/www.crcg.de\/kreditkartenvergleich\/ratgeber\/kreditkartenzahlung-im-internet-darauf-sollten-sie-achten\/#primaryimage"},"image":{"@id":"http:\/\/www.crcg.de\/kreditkartenvergleich\/ratgeber\/kreditkartenzahlung-im-internet-darauf-sollten-sie-achten\/#primaryimage"},"thumbnailUrl":"http:\/\/www.crcg.de\/kreditkartenvergleich\/wp-content\/uploads\/2011\/12\/kreditkartenzahlung-300x229.jpg","datePublished":"2011-12-16T14:21:38+00:00","dateModified":"2017-09-12T11:07:13+00:00","description":"Wer einige Punkte beim Bezahlen im Internet beachtet, der wird im Normalfall nicht auf Kreditkartenbetr\u00fcger hereinfallen.","breadcrumb":{"@id":"http:\/\/www.crcg.de\/kreditkartenvergleich\/ratgeber\/kreditkartenzahlung-im-internet-darauf-sollten-sie-achten\/#breadcrumb"},"inLanguage":"de","potentialAction":[{"@type":"ReadAction","target":["http:\/\/www.crcg.de\/kreditkartenvergleich\/ratgeber\/kreditkartenzahlung-im-internet-darauf-sollten-sie-achten\/"]}]},{"@type":"ImageObject","inLanguage":"de","@id":"http:\/\/www.crcg.de\/kreditkartenvergleich\/ratgeber\/kreditkartenzahlung-im-internet-darauf-sollten-sie-achten\/#primaryimage","url":"http:\/\/www.crcg.de\/kreditkartenvergleich\/wp-content\/uploads\/2011\/12\/kreditkartenzahlung.jpg","contentUrl":"http:\/\/www.crcg.de\/kreditkartenvergleich\/wp-content\/uploads\/2011\/12\/kreditkartenzahlung.jpg","width":"396","height":"303","caption":"Kreditkartenzahlung im Internet"},{"@type":"BreadcrumbList","@id":"http:\/\/www.crcg.de\/kreditkartenvergleich\/ratgeber\/kreditkartenzahlung-im-internet-darauf-sollten-sie-achten\/#breadcrumb","itemListElement":[{"@type":"ListItem","position":1,"name":"Startseite","item":"http:\/\/www.crcg.de\/kreditkartenvergleich\/"},{"@type":"ListItem","position":2,"name":"Ratgeber","item":"http:\/\/www.crcg.de\/kreditkartenvergleich\/ratgeber\/"},{"@type":"ListItem","position":3,"name":"Kreditkartenzahlung im Internet: Darauf sollten Sie achten"}]},{"@type":"WebSite","@id":"http:\/\/www.crcg.de\/kreditkartenvergleich\/#website","url":"http:\/\/www.crcg.de\/kreditkartenvergleich\/","name":"Kreditkartenvergleich.org","description":"Das unabh\u00e4ngige Kreditkarten Vergleich Portal","potentialAction":[{"@type":"SearchAction","target":{"@type":"EntryPoint","urlTemplate":"http:\/\/www.crcg.de\/kreditkartenvergleich\/?s={search_term_string}"},"query-input":{"@type":"PropertyValueSpecification","valueRequired":true,"valueName":"search_term_string"}}],"inLanguage":"de"}]}},"_links":{"self":[{"href":"http:\/\/www.crcg.de\/kreditkartenvergleich\/wp-json\/wp\/v2\/pages\/2041","targetHints":{"allow":["GET"]}}],"collection":[{"href":"http:\/\/www.crcg.de\/kreditkartenvergleich\/wp-json\/wp\/v2\/pages"}],"about":[{"href":"http:\/\/www.crcg.de\/kreditkartenvergleich\/wp-json\/wp\/v2\/types\/page"}],"author":[{"embeddable":true,"href":"http:\/\/www.crcg.de\/kreditkartenvergleich\/wp-json\/wp\/v2\/users\/2"}],"replies":[{"embeddable":true,"href":"http:\/\/www.crcg.de\/kreditkartenvergleich\/wp-json\/wp\/v2\/comments?post=2041"}],"version-history":[{"count":1,"href":"http:\/\/www.crcg.de\/kreditkartenvergleich\/wp-json\/wp\/v2\/pages\/2041\/revisions"}],"predecessor-version":[{"id":5406,"href":"http:\/\/www.crcg.de\/kreditkartenvergleich\/wp-json\/wp\/v2\/pages\/2041\/revisions\/5406"}],"up":[{"embeddable":true,"href":"http:\/\/www.crcg.de\/kreditkartenvergleich\/wp-json\/wp\/v2\/pages\/1736"}],"wp:attachment":[{"href":"http:\/\/www.crcg.de\/kreditkartenvergleich\/wp-json\/wp\/v2\/media?parent=2041"}],"curies":[{"name":"wp","href":"https:\/\/api.w.org\/{rel}","templated":true}]}}