


{"id":1888,"date":"2011-08-10T16:22:42","date_gmt":"2011-08-10T15:22:42","guid":{"rendered":"http:\/\/www.kreditkartenvergleich.org\/?page_id=1888"},"modified":"2017-09-12T12:25:55","modified_gmt":"2017-09-12T11:25:55","slug":"wie-sicher-sind-kreditkarten","status":"publish","type":"page","link":"http:\/\/www.crcg.de\/kreditkartenvergleich\/ratgeber\/wie-sicher-sind-kreditkarten\/","title":{"rendered":"Wie sicher sind Kreditkarten?"},"content":{"rendered":"<p><img decoding=\"async\" class=\"alignright wp-image-3697\" src=\"http:\/\/www.crcg.de\/kreditkartenvergleich\/wp-content\/uploads\/sicherheit-277x300.jpg\" alt=\"Sicherheit f\u00fcr Kreditkarten. Symbol mit Schloss.\" width=\"222\" height=\"240\" srcset=\"http:\/\/www.crcg.de\/kreditkartenvergleich\/wp-content\/uploads\/sicherheit-277x300.jpg 277w, http:\/\/www.crcg.de\/kreditkartenvergleich\/wp-content\/uploads\/sicherheit-92x100.jpg 92w, http:\/\/www.crcg.de\/kreditkartenvergleich\/wp-content\/uploads\/sicherheit.jpg 333w\" sizes=\"(max-width: 222px) 100vw, 222px\" \/>Wer mit einer Kreditkarte bezahlt, kann sich auf <strong>zahlreiche Sicherheitsvorkehrungen der Kreditkarten Gesellschaften<\/strong> verlassen. Im Laufe der Jahre wurden diese immer wieder \u00fcberarbeitet und erneuert, was einen <a title=\"Einschr\u00e4nkung des Missbrauchs\" href=\"http:\/\/www.crcg.de\/kreditkartenvergleich\/ratgeber\/missbrauch-der-kreditkarte\/\">Missbrauch weitgehend eingeschr\u00e4nkt<\/a> hat. Meist geschehen Bezahlungen \u00fcber die <strong>elektronische Einlesung<\/strong> oder \u00fcber die Bekanntgabe der Kreditkarten Daten. Als eher unsicher gilt das Bezahlen \u00fcber sogenannte Imprinter, auch Ritsch-Ratsch-Ger\u00e4te genannt. Dabei handelt es sich um Ger\u00e4te, die mechanisch einen Durchschlag der <strong>hochgepr\u00e4gten Kreditkarten Daten<\/strong> auf einen Papiervordruck bringen. In Betrugsf\u00e4llen wird die Kreditkarte kurz in einen anderen Raum gebracht, um dort den Beleg anzufertigen. Der Kunde ahnt nichts, w\u00e4hrend <strong>im Nebenraum ein Duplikat der Kreditkarte angefertigt<\/strong> wird. Deshalb sollte die Kreditkarte niemals au\u00dfer Sichtweite gegeben werden.<\/p>\n<h2>Verschl\u00fcsselte Bezahlungen im Internet<\/h2>\n<p>Bei Bezahlungen im Internet wird au\u00dfer Name, Kreditkartennummer und G\u00fcltigkeitszeitraum die dreistellige Pr\u00fcfziffer <a title=\"Das steht auf der R\u00fcckseite der Kreditkarte\" href=\"http:\/\/www.crcg.de\/kreditkartenvergleich\/ratgeber\/was-steht-wo-auf-der-kreditkarte\/\">auf der R\u00fcckseite der Kreditkarte<\/a> abgefragt. Sie ersetzt die Unterschrift und verhindert einen Missbrauch. Die Pr\u00fcfziffer ist nicht eingepr\u00e4gt, sondern nur aufgedruckt. Die meisten Internet-Shops leiten ihre Kunden f\u00fcr die Eingabe dieser Daten auf eine sichere Seite weiter. Diese ist an der Adresse des Webbrowsers zu erkennen. <strong>Beginnt sie mit https:\/\/ statt http:\/\/<\/strong> handelt es sich um eine sichere Verbindung.<\/p>\n<h3>Vorsorgliche Sperrungen von Kreditkarten<\/h3>\n<p>Die Kreditkarten Gesellschaften sorgen zudem f\u00fcr <strong>weitere Sicherheit<\/strong> und werden aufmerksam, wenn eine Kreditkarte innerhalb weniger Stunden an zwei weit voneinander entfernten Orten der Welt eingesetzt werden. Auch wenn mehrere, <strong>ungew\u00f6hnlich hohe Zahlungen<\/strong> stattfinden, reagieren die Kreditkarten Anbieter. Liegt der <strong>Verdacht eines Missbrauchs<\/strong> vor, wird die Kreditkarte vorsorglich gesperrt. Der Kreditkarten Inhaber haftet in Betrugsf\u00e4llen lediglich mit einer Eigenbeteiligung von etwa 100 Euro, wenn keine Verletzung der Sorgfaltspflicht vorliegt. Ein <a title=\"Verlust der Kreditkarte \" href=\"http:\/\/www.crcg.de\/kreditkartenvergleich\/ratgeber\/verlust-der-kreditkarte\/\">Verlust der Kreditkarte<\/a> muss dem Kreditkarten Unternehmen sofort gemeldet werden.<\/p>\n<h4>Kreditkarten sind sicherer als Bargeld<\/h4>\n<p>Kreditkarten im Vergleich zu Bargeld, gelten als sicherer. Bei <strong>Verlust oder Diebstahl<\/strong> ist die Kreditkarte <a title=\"minutenschnelle Sperrung durch Notrufnummer\" href=\"http:\/\/www.crcg.de\/kreditkartenvergleich\/ratgeber\/notrufnummern\/\">innerhalb weniger Minuten gesperrt<\/a> und der Schaden begrenzt. Wer Bargeld verliert, kann dagegen <strong>nur auf einen ehrlichen Finder hoffen<\/strong>. Wird die Kreditkarte sicher aufbewahrt, die PIN verdeckt eingegeben und jeder Rechnungsbeleg vor dem Unterschreiben gepr\u00fcft, kann die Kreditkarte als sicher angesehen werden.<\/p>\n<div class=\"infobox-big\"><div class=\"infobox-small\"><div class=\"info-bulb\"><\/div><div class=\"info-header\">G\u00fcltig f\u00fcr alle Arten<\/div><p>Die Sicherheit ist <strong>bei allen Kreditkarten diesselbe<\/strong>. Egal ob Debit- oder Charge-Card. Egal <a title=\"Kostenlose Karten\" href=\"http:\/\/www.crcg.de\/kreditkartenvergleich\/kostenlose-kreditkarten\/\">ob kostenlos<\/a> oder <a title=\"Karten mit hohen Geb\u00fchren\" href=\"http:\/\/www.crcg.de\/kreditkartenvergleich\/american-express-kreditkarte\/\">mit hohen Geb\u00fchren<\/a>, <a title=\"Alle Karten in unserem Vergleich\" href=\"http:\/\/www.crcg.de\/kreditkartenvergleich\/\">alle Kreditkarten aus unserem Vergleich<\/a> haben diesselben Sicherheitsstandards.<\/p><\/div><\/div>\n","protected":false},"excerpt":{"rendered":"<p>Wer mit einer Kreditkarte bezahlt, kann sich auf zahlreiche Sicherheitsvorkehrungen der Kreditkarten Gesellschaften verlassen. Im Laufe der Jahre wurden diese immer wieder \u00fcberarbeitet und erneuer...","protected":false},"author":2,"featured_media":0,"parent":1736,"menu_order":0,"comment_status":"closed","ping_status":"open","template":"page-full.php","meta":{"_acf_changed":false,"_monsterinsights_skip_tracking":false,"_monsterinsights_sitenote_active":false,"_monsterinsights_sitenote_note":"","_monsterinsights_sitenote_category":0,"footnotes":""},"class_list":["post-1888","page","type-page","status-publish","hentry"],"acf":[],"yoast_head":"<!-- This site is optimized with the Yoast SEO plugin v26.8 - https:\/\/yoast.com\/product\/yoast-seo-wordpress\/ -->\n<title>Die Sicherheit von Kreditkarten wird gro\u00df geschrieben<\/title>\n<meta name=\"description\" content=\"Sicherheit geht vor - Ist das bei den Kreditkarten auch so? Wie sicher sind Kreditkarten tats\u00e4chlich -&gt; Der Kreditkarten Ratgeber informiert\" \/>\n<meta name=\"robots\" content=\"index, follow, max-snippet:-1, max-image-preview:large, max-video-preview:-1\" \/>\n<link rel=\"canonical\" href=\"https:\/\/www.kreditkartenvergleich.org\/ratgeber\/wie-sicher-sind-kreditkarten\/\" \/>\n<meta name=\"twitter:label1\" content=\"Gesch\u00e4tzte Lesezeit\" \/>\n\t<meta name=\"twitter:data1\" content=\"2\u00a0Minuten\" \/>\n<script type=\"application\/ld+json\" class=\"yoast-schema-graph\">{\"@context\":\"https:\/\/schema.org\",\"@graph\":[{\"@type\":\"WebPage\",\"@id\":\"http:\/\/www.crcg.de\/kreditkartenvergleich\/ratgeber\/wie-sicher-sind-kreditkarten\/\",\"url\":\"http:\/\/www.crcg.de\/kreditkartenvergleich\/ratgeber\/wie-sicher-sind-kreditkarten\/\",\"name\":\"Die Sicherheit von Kreditkarten wird gro\u00df geschrieben\",\"isPartOf\":{\"@id\":\"http:\/\/www.crcg.de\/kreditkartenvergleich\/#website\"},\"primaryImageOfPage\":{\"@id\":\"http:\/\/www.crcg.de\/kreditkartenvergleich\/ratgeber\/wie-sicher-sind-kreditkarten\/#primaryimage\"},\"image\":{\"@id\":\"http:\/\/www.crcg.de\/kreditkartenvergleich\/ratgeber\/wie-sicher-sind-kreditkarten\/#primaryimage\"},\"thumbnailUrl\":\"http:\/\/www.crcg.de\/kreditkartenvergleich\/wp-content\/uploads\/sicherheit-277x300.jpg\",\"datePublished\":\"2011-08-10T15:22:42+00:00\",\"dateModified\":\"2017-09-12T11:25:55+00:00\",\"description\":\"Sicherheit geht vor - Ist das bei den Kreditkarten auch so? Wie sicher sind Kreditkarten tats\u00e4chlich -> Der Kreditkarten Ratgeber informiert\",\"breadcrumb\":{\"@id\":\"http:\/\/www.crcg.de\/kreditkartenvergleich\/ratgeber\/wie-sicher-sind-kreditkarten\/#breadcrumb\"},\"inLanguage\":\"de\",\"potentialAction\":[{\"@type\":\"ReadAction\",\"target\":[\"http:\/\/www.crcg.de\/kreditkartenvergleich\/ratgeber\/wie-sicher-sind-kreditkarten\/\"]}]},{\"@type\":\"ImageObject\",\"inLanguage\":\"de\",\"@id\":\"http:\/\/www.crcg.de\/kreditkartenvergleich\/ratgeber\/wie-sicher-sind-kreditkarten\/#primaryimage\",\"url\":\"http:\/\/www.crcg.de\/kreditkartenvergleich\/wp-content\/uploads\/sicherheit.jpg\",\"contentUrl\":\"http:\/\/www.crcg.de\/kreditkartenvergleich\/wp-content\/uploads\/sicherheit.jpg\",\"width\":333,\"height\":360,\"caption\":\"Sicherheit f\u00fcr Kreditkarten. Symbol mit Schloss.\"},{\"@type\":\"BreadcrumbList\",\"@id\":\"http:\/\/www.crcg.de\/kreditkartenvergleich\/ratgeber\/wie-sicher-sind-kreditkarten\/#breadcrumb\",\"itemListElement\":[{\"@type\":\"ListItem\",\"position\":1,\"name\":\"Startseite\",\"item\":\"http:\/\/www.crcg.de\/kreditkartenvergleich\/\"},{\"@type\":\"ListItem\",\"position\":2,\"name\":\"Ratgeber\",\"item\":\"http:\/\/www.crcg.de\/kreditkartenvergleich\/ratgeber\/\"},{\"@type\":\"ListItem\",\"position\":3,\"name\":\"Wie sicher sind Kreditkarten?\"}]},{\"@type\":\"WebSite\",\"@id\":\"http:\/\/www.crcg.de\/kreditkartenvergleich\/#website\",\"url\":\"http:\/\/www.crcg.de\/kreditkartenvergleich\/\",\"name\":\"Kreditkartenvergleich.org\",\"description\":\"Das unabh\u00e4ngige Kreditkarten Vergleich Portal\",\"potentialAction\":[{\"@type\":\"SearchAction\",\"target\":{\"@type\":\"EntryPoint\",\"urlTemplate\":\"http:\/\/www.crcg.de\/kreditkartenvergleich\/?s={search_term_string}\"},\"query-input\":{\"@type\":\"PropertyValueSpecification\",\"valueRequired\":true,\"valueName\":\"search_term_string\"}}],\"inLanguage\":\"de\"}]}<\/script>\n<!-- \/ Yoast SEO plugin. -->","yoast_head_json":{"title":"Die Sicherheit von Kreditkarten wird gro\u00df geschrieben","description":"Sicherheit geht vor - Ist das bei den Kreditkarten auch so? Wie sicher sind Kreditkarten tats\u00e4chlich -> Der Kreditkarten Ratgeber informiert","robots":{"index":"index","follow":"follow","max-snippet":"max-snippet:-1","max-image-preview":"max-image-preview:large","max-video-preview":"max-video-preview:-1"},"canonical":"https:\/\/www.kreditkartenvergleich.org\/ratgeber\/wie-sicher-sind-kreditkarten\/","twitter_misc":{"Gesch\u00e4tzte Lesezeit":"2\u00a0Minuten"},"schema":{"@context":"https:\/\/schema.org","@graph":[{"@type":"WebPage","@id":"http:\/\/www.crcg.de\/kreditkartenvergleich\/ratgeber\/wie-sicher-sind-kreditkarten\/","url":"http:\/\/www.crcg.de\/kreditkartenvergleich\/ratgeber\/wie-sicher-sind-kreditkarten\/","name":"Die Sicherheit von Kreditkarten wird gro\u00df geschrieben","isPartOf":{"@id":"http:\/\/www.crcg.de\/kreditkartenvergleich\/#website"},"primaryImageOfPage":{"@id":"http:\/\/www.crcg.de\/kreditkartenvergleich\/ratgeber\/wie-sicher-sind-kreditkarten\/#primaryimage"},"image":{"@id":"http:\/\/www.crcg.de\/kreditkartenvergleich\/ratgeber\/wie-sicher-sind-kreditkarten\/#primaryimage"},"thumbnailUrl":"http:\/\/www.crcg.de\/kreditkartenvergleich\/wp-content\/uploads\/sicherheit-277x300.jpg","datePublished":"2011-08-10T15:22:42+00:00","dateModified":"2017-09-12T11:25:55+00:00","description":"Sicherheit geht vor - Ist das bei den Kreditkarten auch so? Wie sicher sind Kreditkarten tats\u00e4chlich -> Der Kreditkarten Ratgeber informiert","breadcrumb":{"@id":"http:\/\/www.crcg.de\/kreditkartenvergleich\/ratgeber\/wie-sicher-sind-kreditkarten\/#breadcrumb"},"inLanguage":"de","potentialAction":[{"@type":"ReadAction","target":["http:\/\/www.crcg.de\/kreditkartenvergleich\/ratgeber\/wie-sicher-sind-kreditkarten\/"]}]},{"@type":"ImageObject","inLanguage":"de","@id":"http:\/\/www.crcg.de\/kreditkartenvergleich\/ratgeber\/wie-sicher-sind-kreditkarten\/#primaryimage","url":"http:\/\/www.crcg.de\/kreditkartenvergleich\/wp-content\/uploads\/sicherheit.jpg","contentUrl":"http:\/\/www.crcg.de\/kreditkartenvergleich\/wp-content\/uploads\/sicherheit.jpg","width":333,"height":360,"caption":"Sicherheit f\u00fcr Kreditkarten. Symbol mit Schloss."},{"@type":"BreadcrumbList","@id":"http:\/\/www.crcg.de\/kreditkartenvergleich\/ratgeber\/wie-sicher-sind-kreditkarten\/#breadcrumb","itemListElement":[{"@type":"ListItem","position":1,"name":"Startseite","item":"http:\/\/www.crcg.de\/kreditkartenvergleich\/"},{"@type":"ListItem","position":2,"name":"Ratgeber","item":"http:\/\/www.crcg.de\/kreditkartenvergleich\/ratgeber\/"},{"@type":"ListItem","position":3,"name":"Wie sicher sind Kreditkarten?"}]},{"@type":"WebSite","@id":"http:\/\/www.crcg.de\/kreditkartenvergleich\/#website","url":"http:\/\/www.crcg.de\/kreditkartenvergleich\/","name":"Kreditkartenvergleich.org","description":"Das unabh\u00e4ngige Kreditkarten Vergleich Portal","potentialAction":[{"@type":"SearchAction","target":{"@type":"EntryPoint","urlTemplate":"http:\/\/www.crcg.de\/kreditkartenvergleich\/?s={search_term_string}"},"query-input":{"@type":"PropertyValueSpecification","valueRequired":true,"valueName":"search_term_string"}}],"inLanguage":"de"}]}},"_links":{"self":[{"href":"http:\/\/www.crcg.de\/kreditkartenvergleich\/wp-json\/wp\/v2\/pages\/1888","targetHints":{"allow":["GET"]}}],"collection":[{"href":"http:\/\/www.crcg.de\/kreditkartenvergleich\/wp-json\/wp\/v2\/pages"}],"about":[{"href":"http:\/\/www.crcg.de\/kreditkartenvergleich\/wp-json\/wp\/v2\/types\/page"}],"author":[{"embeddable":true,"href":"http:\/\/www.crcg.de\/kreditkartenvergleich\/wp-json\/wp\/v2\/users\/2"}],"replies":[{"embeddable":true,"href":"http:\/\/www.crcg.de\/kreditkartenvergleich\/wp-json\/wp\/v2\/comments?post=1888"}],"version-history":[{"count":3,"href":"http:\/\/www.crcg.de\/kreditkartenvergleich\/wp-json\/wp\/v2\/pages\/1888\/revisions"}],"predecessor-version":[{"id":5434,"href":"http:\/\/www.crcg.de\/kreditkartenvergleich\/wp-json\/wp\/v2\/pages\/1888\/revisions\/5434"}],"up":[{"embeddable":true,"href":"http:\/\/www.crcg.de\/kreditkartenvergleich\/wp-json\/wp\/v2\/pages\/1736"}],"wp:attachment":[{"href":"http:\/\/www.crcg.de\/kreditkartenvergleich\/wp-json\/wp\/v2\/media?parent=1888"}],"curies":[{"name":"wp","href":"https:\/\/api.w.org\/{rel}","templated":true}]}}