


{"id":1874,"date":"2011-08-08T16:14:22","date_gmt":"2011-08-08T15:14:22","guid":{"rendered":"http:\/\/www.kreditkartenvergleich.org\/?page_id=1874"},"modified":"2017-09-12T12:07:43","modified_gmt":"2017-09-12T11:07:43","slug":"missbrauch-der-kreditkarte","status":"publish","type":"page","link":"http:\/\/www.crcg.de\/kreditkartenvergleich\/ratgeber\/missbrauch-der-kreditkarte\/","title":{"rendered":"Missbrauch der Kreditkarte: Haftung und Vorgehensweise"},"content":{"rendered":"<p>Bei <a title=\"Verlust oder Diebstahl der Kreditkarte\" href=\"http:\/\/www.crcg.de\/kreditkartenvergleich\/ratgeber\/verlust-der-kreditkarte\/\">Verlust oder Diebstahl einer Kreditkarte<\/a>, kann diese durch einen <strong>kurzen Anruf bei der Kreditkarten Gesellschaft<\/strong> oder \u00fcber den <a href=\"http:\/\/www.crcg.de\/kreditkartenvergleich\/ratgeber\/verlust-der-kreditkarte\/\">zentralen Sperrnotruf 116 116<\/a> gesperrt werden. Dies gilt f\u00fcr <a title=\"Alle Karten in unserem Vergleich\" href=\"http:\/\/www.crcg.de\/kreditkartenvergleich\/\">jede Karte aus unserem Vergleich<\/a>, egal ob <a title=\"kostenlose Ausf\u00fchrungen\" href=\"http:\/\/www.crcg.de\/kreditkartenvergleich\/kostenlose-kreditkarten\/\">kostenlos<\/a>, <a title=\"Prepaid Ausf\u00fchrungen\" href=\"http:\/\/www.crcg.de\/kreditkartenvergleich\/prepaid-kreditkarte\/\">Prepaid-<\/a> oder <a title=\"klassische Ausf\u00fchrungen\" href=\"http:\/\/www.crcg.de\/kreditkartenvergleich\/ratgeber\/klassische-kreditkarte\/\">klassisch<\/a>. Um die Nummer stets griffbereit zu haben eignet sich unser <strong>Sperrnummern-PDF<\/strong> f\u00fcr Ihren Geldbeutel:<br \/>\n<a class=\"zumanbieter\" title=\"Sperrnummern f\u00fcr EC- und Kreditkarten\" href=\"http:\/\/www.crcg.de\/kreditkartenvergleich\/sperrnummern.pdf\">Sperrnummern Download<\/a><\/p>\n<div style=\"clear: both;\"><\/div>\n<div class=\"infobox-big\"><div class=\"infobox-small\"><div class=\"info-bulb\"><\/div><div class=\"info-header\">Haftungsgrenzen f\u00fcr Transaktionen<\/div><p>F\u00fcr bereits <strong>get\u00e4tigte Zahlungen oder Bargeldabhebungen<\/strong>, die durch einen <strong>Missbrauch der Kreditkarte<\/strong> stattgefunden haben, gelten bestimmte Haftungsbegrenzungen. Die Eigenbeteiligung f\u00fcr den Kreditkarten Besitzer betr\u00e4gt, je nach Kreditkarten Anbieter, zwischen 50 und 100 Euro. Nur in F\u00e4llen von bewiesener, <strong>fahrl\u00e4ssiger oder vors\u00e4tzlicher Verletzung der Sorgfaltspflicht<\/strong>, ist der komplette Schaden vom Kreditkarten Inhaber zu tragen.<\/p><\/div><\/div>\n<h2>Kreditkarten-Missbrauch: Haftungsgrenzen k\u00f6nnen sich erh\u00f6hen<\/h2>\n<p>Die genauen <strong>Haftungsgrenzen der Kreditkarten-Gesellschaften<\/strong> sind in den Allgemeinen Gesch\u00e4ftsbedingungen nachzulesen. Sie k\u00f6nnen bei sorgfaltswidrigem Verhalten angepasst und erh\u00f6ht werden. So kann das Vergessen der Kreditkarte an der Kasse oder ein <strong>Diebstahl aus dem Auto<\/strong> als nachl\u00e4ssig angesehen werden. In diesen F\u00e4llen erh\u00f6hen sich die <strong>Haftungsgrenzen auf bis zu 1.000 Euro<\/strong>. Auch bei Bargeldabhebungen und <a title=\"Verlust der Karte im Ausland\" href=\"http:\/\/www.crcg.de\/kreditkartenvergleich\/ratgeber\/kreditkarten-im-auslandseinsatz\/\">Verlust im Ausland<\/a> k\u00f6nnen h\u00f6here Haftungsgrenzen gelten.<\/p>\n<h3>Kreditkarten Missbrauch ohne Verlust der Kreditkarte<\/h3>\n<p><img decoding=\"async\" class=\"alignright wp-image-3689\" style=\"border: 0px;\" src=\"http:\/\/www.crcg.de\/kreditkartenvergleich\/wp-content\/uploads\/missbrauch-276x300.jpg\" alt=\"Missbrauch der Kreditkarte\" width=\"166\" height=\"180\" srcset=\"http:\/\/www.crcg.de\/kreditkartenvergleich\/wp-content\/uploads\/missbrauch-276x300.jpg 276w, http:\/\/www.crcg.de\/kreditkartenvergleich\/wp-content\/uploads\/missbrauch-92x100.jpg 92w, http:\/\/www.crcg.de\/kreditkartenvergleich\/wp-content\/uploads\/missbrauch.jpg 346w\" sizes=\"(max-width: 166px) 100vw, 166px\" \/>Kreditkarten Missbrauch kann aber auch ohne einen <strong>tats\u00e4chlichen Verlust der Kreditkarte<\/strong> stattfinden. Der Erhalt von <strong>\u00fcberh\u00f6hten Kreditkarten-Abrechnungen<\/strong> mit unbekannten Zahlungen, weist auf einen Missbrauch hin. Meist haben Betr\u00fcger die Kreditkarten Daten ausgesp\u00e4ht und benutzen diese f\u00fcr Internet-Eink\u00e4ufe. Eine andere Methode ist das Kopieren des Magnetstreifens w\u00e4hrend des Bezahlvorgangs, um anschlie\u00dfend ein <strong>Duplikat herzustellen<\/strong>. Wieder andere Betr\u00fcger tauschen die Kreditkarte nach dem Bezahlen einfach durch eine falsche Karte aus. Auch Kreditkarten-Daten auf <strong>Rechnungen und Tankstellenbelegen<\/strong> laden zum Betr\u00fcgen ein. Deshalb sollten <strong>Kassenbelege bargeldloser Zahlungen<\/strong> nicht einfach weggeworfen werden, sondern vorher unleserlich gemacht werden.<\/p>\n<h4>Gegen falsche Kreditkarten Abrechnungen vorgehen<\/h4>\n<p>Bei falschen <a title=\"Abrechnung\" href=\"http:\/\/www.crcg.de\/kreditkartenvergleich\/ratgeber\/kreditkarten-abrechnung\/\">Abrechnungen<\/a> muss der jeweilige Kreditkarten Anbieter <a title=\"Notrufnummer um den Anbieter \u00fcber die Sperrung zu informieren\" href=\"http:\/\/www.crcg.de\/kreditkartenvergleich\/ratgeber\/notrufnummern\/\">umgehend informiert werden<\/a>. Das Einhalten der Einspruchsfrist ist dabei unbedingt notwendig. Sie betr\u00e4gt im besten Fall <strong>bis zu vier Wochen<\/strong> und ist aus der Abrechnung ersichtlich. Im Zweifel liegt das <strong>Erbringen der Beweislast bei der Kreditkarten Gesellschaft<\/strong>. Nicht der Kreditkarten Inhaber muss seine Unschuld beweisen, sondern der Einkauf muss ihm vom <strong>Kreditkarten Anbieter<\/strong> zweifelsfrei nachgewiesen werden.<\/p>\n","protected":false},"excerpt":{"rendered":"<p>Bei Verlust oder Diebstahl einer Kreditkarte, kann diese durch einen kurzen Anruf bei der Kreditkarten Gesellschaft oder \u00fcber den zentralen Sperrnotruf 116 116 gesperrt werden. Dies gilt f\u00fcr jede...","protected":false},"author":2,"featured_media":0,"parent":1736,"menu_order":0,"comment_status":"closed","ping_status":"open","template":"page-full.php","meta":{"_acf_changed":false,"_monsterinsights_skip_tracking":false,"_monsterinsights_sitenote_active":false,"_monsterinsights_sitenote_note":"","_monsterinsights_sitenote_category":0,"footnotes":""},"class_list":["post-1874","page","type-page","status-publish","hentry"],"acf":[],"yoast_head":"<!-- This site is optimized with the Yoast SEO plugin v26.8 - https:\/\/yoast.com\/product\/yoast-seo-wordpress\/ -->\n<title>Missbrauch der Kreditkarte bei Diebstahl oder Verlust<\/title>\n<meta name=\"description\" content=\"Wer seine Kreditkarte verliert und diese nicht sperren l\u00e4sst, der muss mit einem Missbrauch der Kreditkarte rechnen.\" \/>\n<meta name=\"robots\" content=\"index, follow, max-snippet:-1, max-image-preview:large, max-video-preview:-1\" \/>\n<link rel=\"canonical\" href=\"https:\/\/www.kreditkartenvergleich.org\/ratgeber\/missbrauch-der-kreditkarte\/\" \/>\n<meta name=\"twitter:label1\" content=\"Gesch\u00e4tzte Lesezeit\" \/>\n\t<meta name=\"twitter:data1\" content=\"2\u00a0Minuten\" \/>\n<script type=\"application\/ld+json\" class=\"yoast-schema-graph\">{\"@context\":\"https:\/\/schema.org\",\"@graph\":[{\"@type\":\"WebPage\",\"@id\":\"http:\/\/www.crcg.de\/kreditkartenvergleich\/ratgeber\/missbrauch-der-kreditkarte\/\",\"url\":\"http:\/\/www.crcg.de\/kreditkartenvergleich\/ratgeber\/missbrauch-der-kreditkarte\/\",\"name\":\"Missbrauch der Kreditkarte bei Diebstahl oder Verlust\",\"isPartOf\":{\"@id\":\"http:\/\/www.crcg.de\/kreditkartenvergleich\/#website\"},\"primaryImageOfPage\":{\"@id\":\"http:\/\/www.crcg.de\/kreditkartenvergleich\/ratgeber\/missbrauch-der-kreditkarte\/#primaryimage\"},\"image\":{\"@id\":\"http:\/\/www.crcg.de\/kreditkartenvergleich\/ratgeber\/missbrauch-der-kreditkarte\/#primaryimage\"},\"thumbnailUrl\":\"http:\/\/www.crcg.de\/kreditkartenvergleich\/wp-content\/uploads\/missbrauch-276x300.jpg\",\"datePublished\":\"2011-08-08T15:14:22+00:00\",\"dateModified\":\"2017-09-12T11:07:43+00:00\",\"description\":\"Wer seine Kreditkarte verliert und diese nicht sperren l\u00e4sst, der muss mit einem Missbrauch der Kreditkarte rechnen.\",\"breadcrumb\":{\"@id\":\"http:\/\/www.crcg.de\/kreditkartenvergleich\/ratgeber\/missbrauch-der-kreditkarte\/#breadcrumb\"},\"inLanguage\":\"de\",\"potentialAction\":[{\"@type\":\"ReadAction\",\"target\":[\"http:\/\/www.crcg.de\/kreditkartenvergleich\/ratgeber\/missbrauch-der-kreditkarte\/\"]}]},{\"@type\":\"ImageObject\",\"inLanguage\":\"de\",\"@id\":\"http:\/\/www.crcg.de\/kreditkartenvergleich\/ratgeber\/missbrauch-der-kreditkarte\/#primaryimage\",\"url\":\"http:\/\/www.crcg.de\/kreditkartenvergleich\/wp-content\/uploads\/missbrauch.jpg\",\"contentUrl\":\"http:\/\/www.crcg.de\/kreditkartenvergleich\/wp-content\/uploads\/missbrauch.jpg\",\"width\":346,\"height\":376,\"caption\":\"Missbrauch der Kreditkarte\"},{\"@type\":\"BreadcrumbList\",\"@id\":\"http:\/\/www.crcg.de\/kreditkartenvergleich\/ratgeber\/missbrauch-der-kreditkarte\/#breadcrumb\",\"itemListElement\":[{\"@type\":\"ListItem\",\"position\":1,\"name\":\"Startseite\",\"item\":\"http:\/\/www.crcg.de\/kreditkartenvergleich\/\"},{\"@type\":\"ListItem\",\"position\":2,\"name\":\"Ratgeber\",\"item\":\"http:\/\/www.crcg.de\/kreditkartenvergleich\/ratgeber\/\"},{\"@type\":\"ListItem\",\"position\":3,\"name\":\"Missbrauch der Kreditkarte: Haftung und Vorgehensweise\"}]},{\"@type\":\"WebSite\",\"@id\":\"http:\/\/www.crcg.de\/kreditkartenvergleich\/#website\",\"url\":\"http:\/\/www.crcg.de\/kreditkartenvergleich\/\",\"name\":\"Kreditkartenvergleich.org\",\"description\":\"Das unabh\u00e4ngige Kreditkarten Vergleich Portal\",\"potentialAction\":[{\"@type\":\"SearchAction\",\"target\":{\"@type\":\"EntryPoint\",\"urlTemplate\":\"http:\/\/www.crcg.de\/kreditkartenvergleich\/?s={search_term_string}\"},\"query-input\":{\"@type\":\"PropertyValueSpecification\",\"valueRequired\":true,\"valueName\":\"search_term_string\"}}],\"inLanguage\":\"de\"}]}<\/script>\n<!-- \/ Yoast SEO plugin. -->","yoast_head_json":{"title":"Missbrauch der Kreditkarte bei Diebstahl oder Verlust","description":"Wer seine Kreditkarte verliert und diese nicht sperren l\u00e4sst, der muss mit einem Missbrauch der Kreditkarte rechnen.","robots":{"index":"index","follow":"follow","max-snippet":"max-snippet:-1","max-image-preview":"max-image-preview:large","max-video-preview":"max-video-preview:-1"},"canonical":"https:\/\/www.kreditkartenvergleich.org\/ratgeber\/missbrauch-der-kreditkarte\/","twitter_misc":{"Gesch\u00e4tzte Lesezeit":"2\u00a0Minuten"},"schema":{"@context":"https:\/\/schema.org","@graph":[{"@type":"WebPage","@id":"http:\/\/www.crcg.de\/kreditkartenvergleich\/ratgeber\/missbrauch-der-kreditkarte\/","url":"http:\/\/www.crcg.de\/kreditkartenvergleich\/ratgeber\/missbrauch-der-kreditkarte\/","name":"Missbrauch der Kreditkarte bei Diebstahl oder Verlust","isPartOf":{"@id":"http:\/\/www.crcg.de\/kreditkartenvergleich\/#website"},"primaryImageOfPage":{"@id":"http:\/\/www.crcg.de\/kreditkartenvergleich\/ratgeber\/missbrauch-der-kreditkarte\/#primaryimage"},"image":{"@id":"http:\/\/www.crcg.de\/kreditkartenvergleich\/ratgeber\/missbrauch-der-kreditkarte\/#primaryimage"},"thumbnailUrl":"http:\/\/www.crcg.de\/kreditkartenvergleich\/wp-content\/uploads\/missbrauch-276x300.jpg","datePublished":"2011-08-08T15:14:22+00:00","dateModified":"2017-09-12T11:07:43+00:00","description":"Wer seine Kreditkarte verliert und diese nicht sperren l\u00e4sst, der muss mit einem Missbrauch der Kreditkarte rechnen.","breadcrumb":{"@id":"http:\/\/www.crcg.de\/kreditkartenvergleich\/ratgeber\/missbrauch-der-kreditkarte\/#breadcrumb"},"inLanguage":"de","potentialAction":[{"@type":"ReadAction","target":["http:\/\/www.crcg.de\/kreditkartenvergleich\/ratgeber\/missbrauch-der-kreditkarte\/"]}]},{"@type":"ImageObject","inLanguage":"de","@id":"http:\/\/www.crcg.de\/kreditkartenvergleich\/ratgeber\/missbrauch-der-kreditkarte\/#primaryimage","url":"http:\/\/www.crcg.de\/kreditkartenvergleich\/wp-content\/uploads\/missbrauch.jpg","contentUrl":"http:\/\/www.crcg.de\/kreditkartenvergleich\/wp-content\/uploads\/missbrauch.jpg","width":346,"height":376,"caption":"Missbrauch der Kreditkarte"},{"@type":"BreadcrumbList","@id":"http:\/\/www.crcg.de\/kreditkartenvergleich\/ratgeber\/missbrauch-der-kreditkarte\/#breadcrumb","itemListElement":[{"@type":"ListItem","position":1,"name":"Startseite","item":"http:\/\/www.crcg.de\/kreditkartenvergleich\/"},{"@type":"ListItem","position":2,"name":"Ratgeber","item":"http:\/\/www.crcg.de\/kreditkartenvergleich\/ratgeber\/"},{"@type":"ListItem","position":3,"name":"Missbrauch der Kreditkarte: Haftung und Vorgehensweise"}]},{"@type":"WebSite","@id":"http:\/\/www.crcg.de\/kreditkartenvergleich\/#website","url":"http:\/\/www.crcg.de\/kreditkartenvergleich\/","name":"Kreditkartenvergleich.org","description":"Das unabh\u00e4ngige Kreditkarten Vergleich Portal","potentialAction":[{"@type":"SearchAction","target":{"@type":"EntryPoint","urlTemplate":"http:\/\/www.crcg.de\/kreditkartenvergleich\/?s={search_term_string}"},"query-input":{"@type":"PropertyValueSpecification","valueRequired":true,"valueName":"search_term_string"}}],"inLanguage":"de"}]}},"_links":{"self":[{"href":"http:\/\/www.crcg.de\/kreditkartenvergleich\/wp-json\/wp\/v2\/pages\/1874","targetHints":{"allow":["GET"]}}],"collection":[{"href":"http:\/\/www.crcg.de\/kreditkartenvergleich\/wp-json\/wp\/v2\/pages"}],"about":[{"href":"http:\/\/www.crcg.de\/kreditkartenvergleich\/wp-json\/wp\/v2\/types\/page"}],"author":[{"embeddable":true,"href":"http:\/\/www.crcg.de\/kreditkartenvergleich\/wp-json\/wp\/v2\/users\/2"}],"replies":[{"embeddable":true,"href":"http:\/\/www.crcg.de\/kreditkartenvergleich\/wp-json\/wp\/v2\/comments?post=1874"}],"version-history":[{"count":1,"href":"http:\/\/www.crcg.de\/kreditkartenvergleich\/wp-json\/wp\/v2\/pages\/1874\/revisions"}],"predecessor-version":[{"id":5407,"href":"http:\/\/www.crcg.de\/kreditkartenvergleich\/wp-json\/wp\/v2\/pages\/1874\/revisions\/5407"}],"up":[{"embeddable":true,"href":"http:\/\/www.crcg.de\/kreditkartenvergleich\/wp-json\/wp\/v2\/pages\/1736"}],"wp:attachment":[{"href":"http:\/\/www.crcg.de\/kreditkartenvergleich\/wp-json\/wp\/v2\/media?parent=1874"}],"curies":[{"name":"wp","href":"https:\/\/api.w.org\/{rel}","templated":true}]}}