


{"id":1844,"date":"2011-08-04T20:17:04","date_gmt":"2011-08-04T19:17:04","guid":{"rendered":"http:\/\/www.kreditkartenvergleich.org\/?page_id=1844"},"modified":"2017-09-12T11:49:42","modified_gmt":"2017-09-12T10:49:42","slug":"business-kreditkarte","status":"publish","type":"page","link":"http:\/\/www.crcg.de\/kreditkartenvergleich\/ratgeber\/business-kreditkarte\/","title":{"rendered":"Business-Kreditkarte f\u00fcr Gesch\u00e4ftsleute und Unternehmer"},"content":{"rendered":"<p><iframe loading=\"lazy\" style=\"padding: 0px; margin: 0px; border-width: 0px;\" src=\"https:\/\/tools.financeads.net\/kreditkarterechner.php?tp=dif&amp;h=1&amp;wf=22327\" width=\"100%\" height=\"150\" frameborder=\"0\" scrolling=\"no\"><\/iframe><script type=\"text\/javascript\" src=\"http:\/\/www.crcg.de\/kreditkartenvergleich\/\/js.financeads.net\/iframeResizeMe.min.js.gz\"><\/script><\/p>\n<p><img decoding=\"async\" class=\"alignright wp-image-3774\" src=\"http:\/\/www.crcg.de\/kreditkartenvergleich\/wp-content\/uploads\/business-einsatz-300x213.jpg\" alt=\"Business Einsatz der Kreditkarte\" width=\"240\" height=\"170\" srcset=\"http:\/\/www.crcg.de\/kreditkartenvergleich\/wp-content\/uploads\/business-einsatz-300x213.jpg 300w, http:\/\/www.crcg.de\/kreditkartenvergleich\/wp-content\/uploads\/business-einsatz-140x100.jpg 140w, http:\/\/www.crcg.de\/kreditkartenvergleich\/wp-content\/uploads\/business-einsatz.jpg 432w\" sizes=\"(max-width: 240px) 100vw, 240px\" \/>Das Einsatzgebiet von <strong>Business-Kreditkarten<\/strong> befindet sich haupts\u00e4chlich in mittelst\u00e4ndischen und gr\u00f6\u00dferen Unternehmen. Aber auch Gesch\u00e4ftskunden und Selbstst\u00e4ndige setzen auf die <strong>besondere Form der Kreditkarte<\/strong> und sorgen damit f\u00fcr <strong>gr\u00f6\u00dftm\u00f6gliche finanzielle Unabh\u00e4ngigkeit<\/strong> und Flexibilit\u00e4t. Der <a title=\"Kreditkarten Vergleich\" href=\"http:\/\/www.crcg.de\/kreditkartenvergleich\/\">Kreditkarten Vergleich<\/a> von Business-Kreditkarte und herk\u00f6mmlicher Kreditkarte zeigt auf, dass die Unterschiede vor allem in der H\u00f6he des Verf\u00fcgungsrahmens bestehen. Das Kreditkartenlimit f\u00fcr Bargeldabhebungen und <strong>bargeldlose Zahlungen<\/strong> ist bei der Business-Kreditkarte weitaus gro\u00dfz\u00fcgiger gestaltet. Mit Business-Kreditkarten lassen sich Zahlungen <strong>weltweit bargeldlos<\/strong> vornehmen, sowie <strong>Bargeldabhebungen auf Gesch\u00e4ftsreisen<\/strong> in der jeweiligen Landesw\u00e4hrung t\u00e4tigen. Auch im Internet kann die Kreditkarte eingesetzt werden, um beispielsweise Gesch\u00e4ftsreisen und Fl\u00fcge zu buchen. Abh\u00e4ngig vom Kreditkarten Anbieter sind oft <strong>Zusatzleistungen wie Bonusprogramme, Rabatte oder Versicherungen<\/strong> in der Business-Kreditkarte enthalten.<\/p>\n<h2>Business Kreditkarte: Visa Card und MasterCard vereint<\/h2>\n<p>Eine spezielle Art der Business-Kreditkarten vereint <a title=\"Visa Card\" href=\"http:\/\/www.crcg.de\/kreditkartenvergleich\/visa-kreditkarte\/\">sogar Visa Card<\/a> und <a title=\"MasterCard\" href=\"http:\/\/www.crcg.de\/kreditkartenvergleich\/mastercard-kreditkarte\/\">Mastercard<\/a> in einer Kreditkarte. Auf diese Weise k\u00f6nnen mit derselben Karte p<strong>rivate und gesch\u00e4ftliche Buchungen<\/strong> getrennt werden, indem f\u00fcr den jeweiligen Zweck immer nur <strong>Visa- oder MasterCard-Zahlungen<\/strong> veranlasst werden. Der Vorteil dieser Trennung liegt klar auf der Hand: Der besserer \u00dcberblick sorgt mit den separaten Ausgabenaufstellungen f\u00fcr eine vereinfachte Verwaltung der Gesch\u00e4ftsbuchungen.<\/p>\n<h3>Business-Kreditkarten vereinfachen Reisekostenabrechnungen<\/h3>\n<p><img decoding=\"async\" class=\"alignright wp-image-3776\" style=\"border: 0px;\" src=\"http:\/\/www.crcg.de\/kreditkartenvergleich\/wp-content\/uploads\/einfache-abrechnung-276x300.jpg\" alt=\"Einfache Abrechnung der Reisekosten\" width=\"166\" height=\"180\" srcset=\"http:\/\/www.crcg.de\/kreditkartenvergleich\/wp-content\/uploads\/einfache-abrechnung-276x300.jpg 276w, http:\/\/www.crcg.de\/kreditkartenvergleich\/wp-content\/uploads\/einfache-abrechnung-92x100.jpg 92w, http:\/\/www.crcg.de\/kreditkartenvergleich\/wp-content\/uploads\/einfache-abrechnung.jpg 346w\" sizes=\"(max-width: 166px) 100vw, 166px\" \/>Versorgen <strong>Unternehmer ihre Angestellten auf Gesch\u00e4ftsreisen<\/strong> mit einer Business-Kreditkarte, ist die Abrechnung der jeweiligen Reisekosten und Spesen im Handumdrehen erledigt. Die monatliche \u00dcbersicht der Kreditkartenabrechnung bietet eine detaillierte Aufstellung aller Ausgaben mit Name des Mitarbeiters, sowie Datum und Ort der Buchung. Au\u00dferdem l\u00e4sst sich <strong>ein individueller Kreditrahmen<\/strong> auf jeder Kreditkarte festlegen, um die m\u00f6glichen Ausgaben zu begrenzen. Wegen der <strong>zeitlichen Entlastung der Buchhaltung<\/strong> werden Business-Kreditkarten in vielen Firmen eingesetzt. Ein <a title=\"Weitere Vorteile von Kreditkarten\" href=\"http:\/\/www.crcg.de\/kreditkartenvergleich\/ratgeber\/vorteile-von-kreditkarten\/\">weiterer Vorteil<\/a> ist das Online-Banking, das es dem Unternehmer leicht macht, jederzeit im Bild \u00fcber die laufenden Ausgaben seiner Mitarbeiter zu sein. Business-Kreditkarten bieten au\u00dferdem Liquidit\u00e4tsvorteile, weil sie einen <strong>hohen Bargeldbestand unn\u00f6tig<\/strong> machen.<\/p>\n","protected":false},"excerpt":{"rendered":"<p>Das Einsatzgebiet von Business-Kreditkarten befindet sich haupts\u00e4chlich in mittelst\u00e4ndischen und gr\u00f6\u00dferen Unternehmen. Aber auch Gesch\u00e4ftskunden und Selbstst\u00e4ndige setzen auf die besondere Fo...","protected":false},"author":2,"featured_media":0,"parent":1736,"menu_order":0,"comment_status":"closed","ping_status":"open","template":"page-full.php","meta":{"_acf_changed":false,"_monsterinsights_skip_tracking":false,"_monsterinsights_sitenote_active":false,"_monsterinsights_sitenote_note":"","_monsterinsights_sitenote_category":0,"footnotes":""},"class_list":["post-1844","page","type-page","status-publish","hentry"],"acf":[],"yoast_head":"<!-- This site is optimized with the Yoast SEO plugin v26.8 - https:\/\/yoast.com\/product\/yoast-seo-wordpress\/ -->\n<title>Kreditkarten f\u00fcr Gesch\u00e4ftsleute: Business kreditkarte<\/title>\n<meta name=\"description\" content=\"Die Business Kreditkarte eignet sich vor Allem f\u00fcr Gesch\u00e4ftsleute, welche eine Kreditkarte zum t\u00e4glichen Einsatz ben\u00f6tigen und diverse Zusatzversicherungen beanspruchen.\" \/>\n<meta name=\"robots\" content=\"index, follow, max-snippet:-1, max-image-preview:large, max-video-preview:-1\" \/>\n<link rel=\"canonical\" href=\"https:\/\/www.kreditkartenvergleich.org\/ratgeber\/business-kreditkarte\/\" \/>\n<meta name=\"twitter:label1\" content=\"Gesch\u00e4tzte Lesezeit\" \/>\n\t<meta name=\"twitter:data1\" content=\"2\u00a0Minuten\" \/>\n<script type=\"application\/ld+json\" class=\"yoast-schema-graph\">{\"@context\":\"https:\/\/schema.org\",\"@graph\":[{\"@type\":\"WebPage\",\"@id\":\"http:\/\/www.crcg.de\/kreditkartenvergleich\/ratgeber\/business-kreditkarte\/\",\"url\":\"http:\/\/www.crcg.de\/kreditkartenvergleich\/ratgeber\/business-kreditkarte\/\",\"name\":\"Kreditkarten f\u00fcr Gesch\u00e4ftsleute: Business kreditkarte\",\"isPartOf\":{\"@id\":\"http:\/\/www.crcg.de\/kreditkartenvergleich\/#website\"},\"primaryImageOfPage\":{\"@id\":\"http:\/\/www.crcg.de\/kreditkartenvergleich\/ratgeber\/business-kreditkarte\/#primaryimage\"},\"image\":{\"@id\":\"http:\/\/www.crcg.de\/kreditkartenvergleich\/ratgeber\/business-kreditkarte\/#primaryimage\"},\"thumbnailUrl\":\"http:\/\/www.crcg.de\/kreditkartenvergleich\/wp-content\/uploads\/business-einsatz-300x213.jpg\",\"datePublished\":\"2011-08-04T19:17:04+00:00\",\"dateModified\":\"2017-09-12T10:49:42+00:00\",\"description\":\"Die Business Kreditkarte eignet sich vor Allem f\u00fcr Gesch\u00e4ftsleute, welche eine Kreditkarte zum t\u00e4glichen Einsatz ben\u00f6tigen und diverse Zusatzversicherungen beanspruchen.\",\"breadcrumb\":{\"@id\":\"http:\/\/www.crcg.de\/kreditkartenvergleich\/ratgeber\/business-kreditkarte\/#breadcrumb\"},\"inLanguage\":\"de\",\"potentialAction\":[{\"@type\":\"ReadAction\",\"target\":[\"http:\/\/www.crcg.de\/kreditkartenvergleich\/ratgeber\/business-kreditkarte\/\"]}]},{\"@type\":\"ImageObject\",\"inLanguage\":\"de\",\"@id\":\"http:\/\/www.crcg.de\/kreditkartenvergleich\/ratgeber\/business-kreditkarte\/#primaryimage\",\"url\":\"http:\/\/www.crcg.de\/kreditkartenvergleich\/wp-content\/uploads\/business-einsatz.jpg\",\"contentUrl\":\"http:\/\/www.crcg.de\/kreditkartenvergleich\/wp-content\/uploads\/business-einsatz.jpg\",\"width\":432,\"height\":308,\"caption\":\"Business Einsatz der Kreditkarte\"},{\"@type\":\"BreadcrumbList\",\"@id\":\"http:\/\/www.crcg.de\/kreditkartenvergleich\/ratgeber\/business-kreditkarte\/#breadcrumb\",\"itemListElement\":[{\"@type\":\"ListItem\",\"position\":1,\"name\":\"Startseite\",\"item\":\"http:\/\/www.crcg.de\/kreditkartenvergleich\/\"},{\"@type\":\"ListItem\",\"position\":2,\"name\":\"Ratgeber\",\"item\":\"http:\/\/www.crcg.de\/kreditkartenvergleich\/ratgeber\/\"},{\"@type\":\"ListItem\",\"position\":3,\"name\":\"Business-Kreditkarte f\u00fcr Gesch\u00e4ftsleute und Unternehmer\"}]},{\"@type\":\"WebSite\",\"@id\":\"http:\/\/www.crcg.de\/kreditkartenvergleich\/#website\",\"url\":\"http:\/\/www.crcg.de\/kreditkartenvergleich\/\",\"name\":\"Kreditkartenvergleich.org\",\"description\":\"Das unabh\u00e4ngige Kreditkarten Vergleich Portal\",\"potentialAction\":[{\"@type\":\"SearchAction\",\"target\":{\"@type\":\"EntryPoint\",\"urlTemplate\":\"http:\/\/www.crcg.de\/kreditkartenvergleich\/?s={search_term_string}\"},\"query-input\":{\"@type\":\"PropertyValueSpecification\",\"valueRequired\":true,\"valueName\":\"search_term_string\"}}],\"inLanguage\":\"de\"}]}<\/script>\n<!-- \/ Yoast SEO plugin. -->","yoast_head_json":{"title":"Kreditkarten f\u00fcr Gesch\u00e4ftsleute: Business kreditkarte","description":"Die Business Kreditkarte eignet sich vor Allem f\u00fcr Gesch\u00e4ftsleute, welche eine Kreditkarte zum t\u00e4glichen Einsatz ben\u00f6tigen und diverse Zusatzversicherungen beanspruchen.","robots":{"index":"index","follow":"follow","max-snippet":"max-snippet:-1","max-image-preview":"max-image-preview:large","max-video-preview":"max-video-preview:-1"},"canonical":"https:\/\/www.kreditkartenvergleich.org\/ratgeber\/business-kreditkarte\/","twitter_misc":{"Gesch\u00e4tzte Lesezeit":"2\u00a0Minuten"},"schema":{"@context":"https:\/\/schema.org","@graph":[{"@type":"WebPage","@id":"http:\/\/www.crcg.de\/kreditkartenvergleich\/ratgeber\/business-kreditkarte\/","url":"http:\/\/www.crcg.de\/kreditkartenvergleich\/ratgeber\/business-kreditkarte\/","name":"Kreditkarten f\u00fcr Gesch\u00e4ftsleute: Business kreditkarte","isPartOf":{"@id":"http:\/\/www.crcg.de\/kreditkartenvergleich\/#website"},"primaryImageOfPage":{"@id":"http:\/\/www.crcg.de\/kreditkartenvergleich\/ratgeber\/business-kreditkarte\/#primaryimage"},"image":{"@id":"http:\/\/www.crcg.de\/kreditkartenvergleich\/ratgeber\/business-kreditkarte\/#primaryimage"},"thumbnailUrl":"http:\/\/www.crcg.de\/kreditkartenvergleich\/wp-content\/uploads\/business-einsatz-300x213.jpg","datePublished":"2011-08-04T19:17:04+00:00","dateModified":"2017-09-12T10:49:42+00:00","description":"Die Business Kreditkarte eignet sich vor Allem f\u00fcr Gesch\u00e4ftsleute, welche eine Kreditkarte zum t\u00e4glichen Einsatz ben\u00f6tigen und diverse Zusatzversicherungen beanspruchen.","breadcrumb":{"@id":"http:\/\/www.crcg.de\/kreditkartenvergleich\/ratgeber\/business-kreditkarte\/#breadcrumb"},"inLanguage":"de","potentialAction":[{"@type":"ReadAction","target":["http:\/\/www.crcg.de\/kreditkartenvergleich\/ratgeber\/business-kreditkarte\/"]}]},{"@type":"ImageObject","inLanguage":"de","@id":"http:\/\/www.crcg.de\/kreditkartenvergleich\/ratgeber\/business-kreditkarte\/#primaryimage","url":"http:\/\/www.crcg.de\/kreditkartenvergleich\/wp-content\/uploads\/business-einsatz.jpg","contentUrl":"http:\/\/www.crcg.de\/kreditkartenvergleich\/wp-content\/uploads\/business-einsatz.jpg","width":432,"height":308,"caption":"Business Einsatz der Kreditkarte"},{"@type":"BreadcrumbList","@id":"http:\/\/www.crcg.de\/kreditkartenvergleich\/ratgeber\/business-kreditkarte\/#breadcrumb","itemListElement":[{"@type":"ListItem","position":1,"name":"Startseite","item":"http:\/\/www.crcg.de\/kreditkartenvergleich\/"},{"@type":"ListItem","position":2,"name":"Ratgeber","item":"http:\/\/www.crcg.de\/kreditkartenvergleich\/ratgeber\/"},{"@type":"ListItem","position":3,"name":"Business-Kreditkarte f\u00fcr Gesch\u00e4ftsleute und Unternehmer"}]},{"@type":"WebSite","@id":"http:\/\/www.crcg.de\/kreditkartenvergleich\/#website","url":"http:\/\/www.crcg.de\/kreditkartenvergleich\/","name":"Kreditkartenvergleich.org","description":"Das unabh\u00e4ngige Kreditkarten Vergleich Portal","potentialAction":[{"@type":"SearchAction","target":{"@type":"EntryPoint","urlTemplate":"http:\/\/www.crcg.de\/kreditkartenvergleich\/?s={search_term_string}"},"query-input":{"@type":"PropertyValueSpecification","valueRequired":true,"valueName":"search_term_string"}}],"inLanguage":"de"}]}},"_links":{"self":[{"href":"http:\/\/www.crcg.de\/kreditkartenvergleich\/wp-json\/wp\/v2\/pages\/1844","targetHints":{"allow":["GET"]}}],"collection":[{"href":"http:\/\/www.crcg.de\/kreditkartenvergleich\/wp-json\/wp\/v2\/pages"}],"about":[{"href":"http:\/\/www.crcg.de\/kreditkartenvergleich\/wp-json\/wp\/v2\/types\/page"}],"author":[{"embeddable":true,"href":"http:\/\/www.crcg.de\/kreditkartenvergleich\/wp-json\/wp\/v2\/users\/2"}],"replies":[{"embeddable":true,"href":"http:\/\/www.crcg.de\/kreditkartenvergleich\/wp-json\/wp\/v2\/comments?post=1844"}],"version-history":[{"count":2,"href":"http:\/\/www.crcg.de\/kreditkartenvergleich\/wp-json\/wp\/v2\/pages\/1844\/revisions"}],"predecessor-version":[{"id":5363,"href":"http:\/\/www.crcg.de\/kreditkartenvergleich\/wp-json\/wp\/v2\/pages\/1844\/revisions\/5363"}],"up":[{"embeddable":true,"href":"http:\/\/www.crcg.de\/kreditkartenvergleich\/wp-json\/wp\/v2\/pages\/1736"}],"wp:attachment":[{"href":"http:\/\/www.crcg.de\/kreditkartenvergleich\/wp-json\/wp\/v2\/media?parent=1844"}],"curies":[{"name":"wp","href":"https:\/\/api.w.org\/{rel}","templated":true}]}}