{"id":972,"date":"2017-09-01T12:05:23","date_gmt":"2017-09-01T11:05:23","guid":{"rendered":"https:\/\/www.kreditvergleich-gratis.de\/?page_id=901"},"modified":"2018-11-27T12:06:28","modified_gmt":"2018-11-27T11:06:28","slug":"autokredit-mit-schlussrate","status":"publish","type":"page","link":"http:\/\/www.crcg.de\/kreditvergleich\/autokredit-mit-schlussrate\/","title":{"rendered":"Autokredit mit Schlussrate \u2013 Jetzt Ballonfinanzierung berechnen &#038; online beantragen"},"content":{"rendered":"<p>Es sind erstaunliche Fakten, die eine Studie des Kraftfahrt-Bundesamts Anfang des Jahres 2017 auf den Tisch bringt. Trotz aller Krisen, welche die gro\u00dfen Autokonzerne wie Volkswagen und Co. im Jahr 2017 und zuvor umgeben und auch trotz der Abgasaff\u00e4re und ihren immer gr\u00f6\u00dferen Ausma\u00dfen, verzeichnen die Konzerne einen stetigen Anstieg an verkauften Neuwagen. Die Ergebnisse zeigen: Vor allem Modelle der Ober- und Mittelklasse sind bei den Deutschen beliebt, w\u00e4hrend sich die Verkaufszahlen bei Kleinwagen im Vergleich zu den letzten Jahren eher stabil halten \u2013 aber bei weitem auch nicht zur\u00fcck gehen. Das Auto bleibt also des Deutschen liebstes Kind und am besten soll es ein Neuwagen sein.<\/p>\n<p>Das Problem, vor dem sehr viele potentielle Neuwagenbesitzer jedoch zun\u00e4chst stehen, ist die passende Finanzierung f\u00fcr das neue Fahrzeug. Das Geld, um einen Neuwagen bar zu bezahlen, ist oft entweder nicht vorhanden oder anderweitig festgelegt und selbst wenn die Mittel zur Verf\u00fcgung stehen w\u00fcrden, ist Barzahlung nicht immer die sinnvollste M\u00f6glichkeit. Es muss also eine Finanzierung her und hier bietet der Finanzsektor viele verschiedene M\u00f6glichkeiten. Eine davon ist die Schlussratenfinanzierung f\u00fcr das Auto.<\/p>\n<h2>Was ist die Ballonfinanzierung?<\/h2>\n<p>Aber wie genau funktioniert eine solche <a href=\"http:\/\/www.crcg.de\/kreditvergleich\/autokredit\/\">Autokredit<\/a> Ballonfinanzierung und wie geht man vor, wenn ein g\u00fcnstiger Autokredit mit Endrate gesucht wird? Was sind die Besonderheiten, welche Vor- und Nachteile bietet der Ballon-<a href=\"http:\/\/www.crcg.de\/kreditvergleich\/\">Kredit<\/a> f\u00fcrs Auto und worauf muss man bei der Auswahl einer Kfz-Finanzierung mit Finalrate achten?<\/p>\n<p>Zun\u00e4chst einmal ist das zu tun, was bei jeder Kreditaufnahme zu tun ist: Die anfallenden Kosten m\u00fcssen durchgerechnet, das zur Verf\u00fcgung stehende Budget muss festgestellt und es muss eine solide Finanzierungsplanung durchgef\u00fchrt werden. Ob f\u00fcr die <a href=\"http:\/\/www.crcg.de\/kreditvergleich\/autofinanzierung\/\">Autofinanzierung<\/a> ein Kredit mit Endrate, auch bekannt als Ballondarlehen, \u00fcberhaupt in Frage kommt oder ob Sie unter Umst\u00e4nden mit einer anderen Finanzierungsm\u00f6glichkeit wie beispielsweise einem herk\u00f6mmlichen Kredit, einem zweckgebundenen Autokredit oder sogar einem Leasing Angebot besser beraten sind, werden Sie nach der Lekt\u00fcre dieses Ratgebers gut einsch\u00e4tzen k\u00f6nnen.<\/p>\n<p>Falls Sie die unterschiedlichen Finanzierungsm\u00f6glichkeiten bereits kennen, sollten Sie vor dem Abschluss eines Kredits auf jeden Fall noch die Angebote von verschiedenen Kreditgebern vergleichen. Unser Rechner auf STERN.de hilft Ihnen dabei, aus dem Dickicht der Angebote den passenden Kredit f\u00fcr Ihre Bed\u00fcrfnisse zu finden. Dabei m\u00fcssen Sie nur wenige, nicht personenbezogene Daten in den Ballonfinanzierungsrechner eingeben, um ein aussagekr\u00e4ftiges Ergebnis zu erhalten. Wer sich allerdings zuvor noch \u00fcber den Autokredit mit Restwert bzw. die Ballonfinanzierung informieren m\u00f6chte, der wird in dem folgenden Ratgeber viele n\u00fctzliche Informationen finden. Es wird erkl\u00e4rt, was ein Kredit mit Schlussrate \u00fcberhaupt ist, welche Vor- und Nachteile er bietet, wo der Unterschied zum Leasing liegt und in welchen F\u00e4llen sich diese Kreditform anbietet. Gut informiert sind Sie dann in der Lage, zu entscheiden, ob ein Ballondarlehen das richtige Mittel f\u00fcr Ihre Autofinanzierung darstellt und der Autokreditrechner versorgt Sie mit allen notwendigen Zahlen, um eine Entscheidung zu treffen.<\/p>\n<h2>Was ist ein Kredit mit Schlussrate?<\/h2>\n<p>Der Kredit mit Schlussrate wird, wie bereits erw\u00e4hnt, auch h\u00e4ufig als Ballonfinanzierung bezeichnet und ist dem klassischen Kredit im Grundsatz nicht ganz un\u00e4hnlich. Dennoch gibt es einige sehr wichtige und gravierende Unterschiede zwischen einem herk\u00f6mmlichen <a href=\"http:\/\/www.crcg.de\/kreditvergleich\/ratenkredit\/\">Ratenkredit<\/a> und einem Ballon-Kredit.<br \/>\nDer Name stammt daher, dass bei dieser Finanzierungsart zu Beginn keine allzu gro\u00dfen Belastungen im Monat entstehen. Die monatlichen Raten sind also zun\u00e4chst eher niedrig, vergleicht man sie mit den anfallenden monatlichen Zahlungen, die bei Abschluss eines Ratenkredits f\u00e4llig werden.<br \/>\nDie zweite Besonderheit hier steckt ebenfalls bereits in vielen gel\u00e4ufigen Bezeichnungen f\u00fcr diese Art von Kredit und verr\u00e4t, wie es zu den vergleichsweise niedrigen monatlichen Raten kommt: Es kommt am Ende der Laufzeit zu einer nicht unerheblichen Schlussrate, die entweder am St\u00fcck oder in einer Anschlussfinanzierung beglichen werden muss. Doch wie funktioniert der Kredit nun genau?<\/p>\n<p>Eine Kfz Finanzierung mit Schlussrate beinhaltet drei entscheidende Phasen:<\/p>\n<ul>\n<li>In Phase 1 unterschreiben Sie als Kreditnehmer den Vertrag f\u00fcr die geplante Finanzierung und k\u00f6nnen das Auto im Anschluss direkt nutzen. Hier bestehen also keine gro\u00dfen Unterschiede zum normalen Ratenkredit oder zum zweckgebundenen Autokredit.<\/li>\n<li>Phase 2 besteht aus einer vertraglich festgelegten Laufzeit, w\u00e4hrend der Sie jeden Monat bestimmte Raten mit einem festen Zinssatz abbezahlen m\u00fcssen. Diese Rate ist zun\u00e4chst deutlich niedriger als die Raten, die bei einem vergleichbaren Ratenkredit f\u00e4llig werden.<\/li>\n<li>In Phase 3, also am Ende der Finanzierung, k\u00f6nnen Sie dann entweder die in der Regel sehr hohe Schlussrate mit einer Einmalzahlung abbezahlen oder Sie entscheiden sich f\u00fcr eine Anschlussfinanzierung, um so das Auto vollst\u00e4ndig abzubezahlen.<\/li>\n<\/ul>\n<div class=\"alert alert-danger\">Aber ACHTUNG: Bei einer Anschlussfinanzierung m\u00fcssen Sie davon ausgehen, dass die \u00fcbrigen Raten schlechter verzinst sind. Haben Sie die Schlussrate beziehungsweise die letzte Rate der Anschlussfinanzierung beglichen, sind Sie der Eigent\u00fcmer des Autos.<\/div>\n\n<h3>Beachten Sie: Die 3-Wege-Finanzierung<\/h3>\n<p>Die meisten Kreditgeber bieten Ihnen eine sognannte Drei-Wege-Finanzierung bei einem Autokredit mit Schlussrate an, was sehr h\u00e4ufig auch sinnvoll ist.<br \/>\nDiese 3-Wege-Finanzierung bezieht sich auf drei Alternativen, die Ihnen nach Ende der Laufzeit zur Verf\u00fcgung stehen:<\/p>\n<ul>\n<li><strong>Alternative 1<\/strong>: Sie begleichen die Schlussrate in einer Zahlung und sind damit Eigent\u00fcmer des Autos.<\/li>\n<li><strong>Alternative 2<\/strong>: Sie w\u00e4hlen eine Anschlussfinanzierung, um die Schlussrate zu begleichen. Zumeist handelt es sich dabei um einer herk\u00f6mmlichen Ratenkredit, bei dem Sie jedoch die meist schlechteren Zinsbedingungen in Betracht ziehen m\u00fcssen. Ist die letzte Rate der Anschlussfinanzierung getilgt, sind Sie Eigent\u00fcmer des Autos.<\/li>\n<li><strong>Alternative 3<\/strong>: Sie geben das Kraftfahrzeug an den Kreditgeber, also den Hersteller oder die Bank zur\u00fcck und tilgen damit die Schlussrate. Entscheiden Sie sich f\u00fcr diese Alternative, haben Sie den Ballonkredit abgel\u00f6st, doch Sie haben kein Auto mehr.<\/li>\n<\/ul>\n<h2>Das m\u00fcssen Sie bei der Schlussratenfinanzierung beachten<\/h2>\n<p>Der Ballonkredit f\u00fcr das Kraftfahrzeug weist also sowohl Parallelen zum Ratenkredit oder Autokredit als auch zum Leasing auf. Im Vergleich mit einem Ratenkredit oder Autokredit ist beim Ballonkredit vor Allem Folgendes zu beachten: Die monatlich zu zahlenden Raten sind bei gleicher Kreditsumme bei einer Kfz Finanzierung mit Schlussrate deutlich niedriger als bei einem herk\u00f6mmlichen Kredit. W\u00e4hrend aber beim Ratenkredit die Zinszahlungen im Laufe der Zeit immer mehr sinken und sich in gleichem Ausma\u00df die Tilgungsrate erh\u00f6ht, weil die Zinsen auf die geringer werdende Restsumme gezahlt werden, wird beim Ballonkredit w\u00e4hrend der gesamten Laufzeit die Schlussrate verzinst. Die Schlussrate macht jedoch in der Regel mehr als die H\u00e4lfte der aufgenommenen Kreditsumme aus, so dass sp\u00e4testens ab der H\u00e4lfte der Laufzeit bei gleichem Zinssatz und gleicher Kreditsumme f\u00fcr den Ballonkredit deutlich mehr Zinsen gezahlt werden als f\u00fcr den Ratenkredit. Genaueren Aufschluss \u00fcber die zu zahlenden Zinsen gibt ein Kfz Finanzierungsrechner, mit dem Sie sich auf STERN.de die Kosten f\u00fcr eine Auto-Ballonfinanzierung durchrechnen k\u00f6nnen.<\/p>\n<div class=\"alert alert-info\">Im Endeffekt ist es jedoch oft so, dass Sie bei einer Schlussratenfinanzierung durch die anfallenden Zinsen auf die Schlussrate mehr zahlen als bei einem vergleichbaren Ratenkredit. Muss zur Abzahlung der Schlussrate dann noch eine Anschluss-Finanzierung aufgenommen werden, steigen die Kosten noch mehr in die H\u00f6he.<\/div>\n\n<p>Die folgende \u00dcbersicht in unserem Ratgeber zum Thema Kredit mit Schlussrate zeigt Ihnen die wesentlichen Vor- und Nachteile dieser Finanzierungsform auf einen Blick:<\/p>\n<p><strong>Vorteile<\/strong>:<\/p>\n<ul>\n<li>Die monatlich zu entrichtenden Raten sind zu Beginn auf niedrigem Niveau<\/li>\n<li>Es ist nur ein geringes Startkapital erforderlich (manchmal sogar gar keines!)<\/li>\n<li>In der Regel werden g\u00fcnstige Zinss\u00e4tze angeboten<\/li>\n<li>Zur Abzahlung der Schlussrate gibt es mehrere M\u00f6glichkeiten<\/li>\n<\/ul>\n<p><strong>Nachteile<\/strong>:<\/p>\n<ul>\n<li>Deutlich h\u00f6here Schlussrate als bei anderen Finanzierungsmodellen (die g\u00fcnstigen Raten wirken zun\u00e4chst aber verlockend)<\/li>\n<li>H\u00f6here Zins, da die Schlussrate w\u00e4hrend der gesamten Laufzeit voll verzinst wird<\/li>\n<li>Bei m\u00f6glicher Anschluss-Finanzierung zahlen Sie drauf<\/li>\n<\/ul>\n<h2>Wann eignet sich ein Kredit mit Schlussrate?<\/h2>\n<p>Die Autofinanzierung mit Schlussrate bringt also durchaus einige Nachteile mit sich, die vor allem in der hohen Schlussrate und in ihrer Verzinsung \u00fcber die gesamte Laufzeit liegen. Dennoch gibt es Situationen, in denen eine Schlussratenfinanzierung eine durchaus sinnvolle Finanzierungsform ist. Dies ist insbesondere dann der Fall, wenn Sie sich zum Anfang der Laufzeit die hohen monatlichen Raten f\u00fcr einen Ratenkredit nicht leisten k\u00f6nnen oder wollen, zum Ende der Laufzeit aber \u00fcber gen\u00fcgend Geld verf\u00fcgen, um die Schlussrate in einem St\u00fcck abzuzahlen, weil Sie beispielsweise die Auszahlung einer Lebensversicherung erwarten, weil Festgeld frei wird oder Sie eine Abfindung bekommen.<\/p>\n<p>W\u00e4hrend der Laufzeit profitieren Sie also von niedrigen monatlichen Zahlungen und am Ende der Laufzeit l\u00f6sen Sie die Schlussrate ab und das Auto geh\u00f6rt Ihnen. Auch wenn diese Art der Finanzierung also unter dem Strich gesehen oft um einige hundert Euro teurer ist als ein herk\u00f6mmlicher Ratenkredit, ist sie in bestimmten Situationen durchaus sinnvoll. Der Kredit-Rechner auf STERN.de hilft Ihnen dabei, das F\u00fcr und Wider einer Auto Ballonfinanzierung genau abzuw\u00e4gen und die richtige Entscheidung f\u00fcr Ihre Situation zu treffen.<\/p>\n<h2>Auto Schlussratenkredit und Leasing \u2013 Gemeinsamkeiten und Unterschiede<\/h2>\n<p>Der Autokredit mit Finanzierung weist einige Parallelen zum Fahrzeugleasing auf. So besteht im Rahmen der 3-Wege-Finanzierung die M\u00f6glichkeit, das Kfz am Ende der Laufzeit an den Kreditgeber zur\u00fcckzugeben, um die Schlussrate zu begleichen oder, wenn keine 3-Wege-Finanzierung angeboten wird, kann das Auto auf dem freien Markt verkauft werden, um mit dem Kaufpreis die Schlussrate zu finanzieren. M\u00f6glich wird das dadurch, dass mit den Raten neben dem Zins vor allem der Wertverlust des Fahrzeugs ausgeglichen wird. Dieses Vorgehen ist jedoch f\u00fcr junge <a href=\"http:\/\/www.crcg.de\/kreditvergleich\/gebrauchtwagen-finanzierung\/\">Gebrauchtwagen<\/a> deutlich besser geeignet als f\u00fcr <a href=\"http:\/\/www.crcg.de\/kreditvergleich\/neuwagen-finanzierung\/\">Neuwagen<\/a>, da dort der Wertverlust der ersten Jahre zu hoch ist.<\/p>\n<p>Wie auch beim Leasing, wo die Kunden das Fahrzeug nach Ablauf der Leasingzeit gegen eine Abschlusszahlung \u00fcbernehmen kann, kann der Kreditnehmer bei einem Ballonkredit den Kredit mit einer einmaligen Zahlung der Schlussrate abl\u00f6sen. Vom Prinzip her bestehen also in der m\u00f6glichen Handhabung durchaus \u00c4hnlichkeiten zum Konzept des Leasings, doch einer der grundlegenden Unterschiede liegt in der rechtlichen Situation hinsichtlich des Eigentums an dem Fahrzeug. Das Fahrzeug verbleibt w\u00e4hrend der gesamten Leasingdauer im Eigentum des Leasinggebers, der Kunde hat das Fahrzeug hier nur gemietet. Im Fall einer Autofinanzierung mit Schlussrate ist jedoch der Kreditnehmer Eigent\u00fcmer des Fahrzeugs, wodurch auch das gesamte Wertrisiko beim Kreditnehmer liegt.<\/p>\n<p>Trotz augenf\u00e4lliger Parallelen wie geringen monatlichen Raten und einer hohen abschlie\u00dfenden Zahlung beziehungsweise der M\u00f6glichkeit einer R\u00fcckgabe des Fahrzeugs besteht der Unterschied hier also in der juristischen Bewertung der Eigentumsverh\u00e4ltnisse und daher sollten diese beiden Finanzierungsformen nicht in einen Topf geworfen oder miteinander verwechselt werden. Wer sich mit dem Gedanken tr\u00e4gt, ein Kfz nur f\u00fcr einen begrenzten Zeitraum von wenigen Jahren zu fahren und dann zur\u00fcckzugeben oder zu verkaufen, der sollte sich sowohl mit dem Leasing als auch mit der M\u00f6glichkeit einer Ballonfinanzierung besch\u00e4ftigen, um herauszufinden, welche Vorgehensweise in der individuellen Situation die bessere ist. Ein <a href=\"http:\/\/www.crcg.de\/kreditvergleich\/kreditrechner\/\">Kreditrechner<\/a> f\u00fcr ein neues Kraftfahrzeug mit Schlussrate hilft, um die Kosten, die bei einer Autokredit Ballonfinanzierung auf Sie zukommen, mit den Kosten f\u00fcr Leasingangebote zu vergleichen und so die beste Finanzierungsm\u00f6glichkeit zu finden.<\/p>\n<h2>Autofinanzierung mit Schlussrate: Gegen\u00fcberstellen lohnt sich<\/h2>\n<p>Haben Sie sich f\u00fcr einen Kredit mit Schlussrate zur Autofinanzierung entschieden, gilt das, was bei jeder Kreditaufnahme gilt: vergleichen. Nur wenn Sie die Angebote m\u00f6glichst vieler Kreditgeber vergleichen, haben Sie die M\u00f6glichkeit, den besten und g\u00fcnstigsten Ballon-Kredit zu finden. M\u00f6chten Sie die monatlichen Raten bei einer Ballonfinanzierung auf m\u00f6glichst geringem Niveau halten und sind Sie bereit, daf\u00fcr eine teure Schlussrate in Kauf zu nehmen, ist die klassische 3-Wege-Finanzierung bei einem H\u00e4ndler oder einer Autobank meist nicht die optimale L\u00f6sung. Vorteile haben Sie eher, wenn Sie sich bei einer unabh\u00e4ngigen Bank informieren, da hier die Konditionen meist deutlich besser sind. Ein g\u00fcnstiger Autokredit mit Schlussrate wird sich also nur dann finden lassen, wenn Sie m\u00f6glichst viele Angebote einholen und auch das Kleingedruckte gr\u00fcndlich lesen.<\/p>\n<p>Vergleichen Sie die Angebote verschiedener H\u00e4ndler, Autobanken und Kreditinstitute, indem Sie unseren Kredit mit Schlussrate Rechner nutzen, mit dessen Hilfe Sie schnell und einfach die besten und g\u00fcnstigsten Angebote f\u00fcr eine Kfz Finanzierung mit Schlussrate finden k\u00f6nnen. Eines sollten Sie jedoch immer vermeiden: den erstbesten Kredit aufnehmen, weil der Anbieter mit g\u00fcnstigen Konditionen wirbt, denn ohne einen gr\u00fcndlichen Vergleich k\u00f6nnen Sie nicht wissen, ob Ihnen die Konkurrenz nicht doch deutlich bessere Konditionen gew\u00e4hrt. Ein Vergleich, auch wenn Ihnen ein Angebot gut und g\u00fcnstig erscheint, ist also immer angeraten, kostet nichts und ist mit einem Ballonfinanzierung Rechner, wie Sie ihn auf STERN.de finden, schnell und einfach gemacht und spart Ihnen unter Umst\u00e4nden einiges an Geld.<\/p>\n","protected":false},"excerpt":{"rendered":"<p>Es sind erstaunliche Fakten, die eine Studie des Kraftfahrt-Bundesamts Anfang des Jahres 2017 auf den Tisch bringt. Trotz aller Krisen, welche die gro\u00dfen Autokonzerne wie Volkswagen und Co. im Jahr 2017 und zuvor umgeben und auch trotz der Abgasaff\u00e4re und ihren immer gr\u00f6\u00dferen Ausma\u00dfen, verzeichnen die Konzerne einen stetigen Anstieg an verkauften Neuwagen. Die Ergebnisse [&hellip;]<\/p>\n","protected":false},"author":2,"featured_media":0,"parent":0,"menu_order":0,"comment_status":"closed","ping_status":"closed","template":"","meta":{"footnotes":""},"class_list":["post-972","page","type-page","status-publish","hentry"],"yoast_head":"<!-- This site is optimized with the Yoast SEO plugin v26.8 - https:\/\/yoast.com\/product\/yoast-seo-wordpress\/ -->\n<title>Autokredit mit Schlussrate: Ballonfinanzierung ab 0,69% Zins p.a.<\/title>\n<meta name=\"description\" content=\"lll\u27a4 Autokredit mit Schlussrate auf STERN.de \u2b50 Schnelle Auszahlung + T\u00dcV-gepr\u00fcft + flexible Laufzeiten + 100% transparent \u2705 Jetzt Ballonfinanzierung sichern!\" \/>\n<meta name=\"robots\" content=\"index, follow, max-snippet:-1, max-image-preview:large, max-video-preview:-1\" \/>\n<link rel=\"canonical\" href=\"https:\/\/www.stern.de\/vergleich\/kredit\/autokredit-mit-schlussrate\/\" \/>\n<meta property=\"og:locale\" content=\"de_DE\" \/>\n<meta property=\"og:type\" content=\"article\" \/>\n<meta property=\"og:title\" content=\"Autokredit mit Schlussrate: Ballonfinanzierung ab 0,69% Zins p.a.\" \/>\n<meta property=\"og:description\" content=\"lll\u27a4 Autokredit mit Schlussrate auf STERN.de \u2b50 Schnelle Auszahlung + T\u00dcV-gepr\u00fcft + flexible Laufzeiten + 100% transparent \u2705 Jetzt Ballonfinanzierung sichern!\" \/>\n<meta property=\"og:url\" content=\"https:\/\/www.stern.de\/vergleich\/kredit\/autokredit-mit-schlussrate\/\" \/>\n<meta property=\"og:site_name\" content=\"Kreditvergleich gratis\" \/>\n<meta property=\"article:modified_time\" content=\"2018-11-27T11:06:28+00:00\" \/>\n<meta name=\"twitter:card\" content=\"summary_large_image\" \/>\n<meta name=\"twitter:label1\" content=\"Gesch\u00e4tzte Lesezeit\" \/>\n\t<meta name=\"twitter:data1\" content=\"11\u00a0Minuten\" \/>\n<script type=\"application\/ld+json\" class=\"yoast-schema-graph\">{\"@context\":\"https:\/\/schema.org\",\"@graph\":[{\"@type\":\"WebPage\",\"@id\":\"http:\/\/www.crcg.de\/kreditvergleich\/autokredit-mit-schlussrate\/\",\"url\":\"https:\/\/www.stern.de\/vergleich\/kredit\/autokredit-mit-schlussrate\/\",\"name\":\"Autokredit mit Schlussrate: Ballonfinanzierung ab 0,69% Zins p.a.\",\"isPartOf\":{\"@id\":\"http:\/\/www.crcg.de\/kreditvergleich\/#website\"},\"datePublished\":\"2017-09-01T11:05:23+00:00\",\"dateModified\":\"2018-11-27T11:06:28+00:00\",\"description\":\"lll\u27a4 Autokredit mit Schlussrate auf STERN.de \u2b50 Schnelle Auszahlung + T\u00dcV-gepr\u00fcft + flexible Laufzeiten + 100% transparent \u2705 Jetzt Ballonfinanzierung sichern!\",\"breadcrumb\":{\"@id\":\"https:\/\/www.stern.de\/vergleich\/kredit\/autokredit-mit-schlussrate\/#breadcrumb\"},\"inLanguage\":\"de\",\"potentialAction\":[{\"@type\":\"ReadAction\",\"target\":[\"https:\/\/www.stern.de\/vergleich\/kredit\/autokredit-mit-schlussrate\/\"]}]},{\"@type\":\"BreadcrumbList\",\"@id\":\"https:\/\/www.stern.de\/vergleich\/kredit\/autokredit-mit-schlussrate\/#breadcrumb\",\"itemListElement\":[{\"@type\":\"ListItem\",\"position\":1,\"name\":\"Startseite\",\"item\":\"http:\/\/www.crcg.de\/kreditvergleich\/\"},{\"@type\":\"ListItem\",\"position\":2,\"name\":\"Autokredit mit Schlussrate \u2013 Jetzt Ballonfinanzierung berechnen &#038; online beantragen\"}]},{\"@type\":\"WebSite\",\"@id\":\"http:\/\/www.crcg.de\/kreditvergleich\/#website\",\"url\":\"http:\/\/www.crcg.de\/kreditvergleich\/\",\"name\":\"Kreditvergleich gratis\",\"description\":\"Gratis Kreditvergleich f\u00fcr Jedermann\",\"potentialAction\":[{\"@type\":\"SearchAction\",\"target\":{\"@type\":\"EntryPoint\",\"urlTemplate\":\"http:\/\/www.crcg.de\/kreditvergleich\/?s={search_term_string}\"},\"query-input\":{\"@type\":\"PropertyValueSpecification\",\"valueRequired\":true,\"valueName\":\"search_term_string\"}}],\"inLanguage\":\"de\"}]}<\/script>\n<!-- \/ Yoast SEO plugin. -->","yoast_head_json":{"title":"Autokredit mit Schlussrate: Ballonfinanzierung ab 0,69% Zins p.a.","description":"lll\u27a4 Autokredit mit Schlussrate auf STERN.de \u2b50 Schnelle Auszahlung + T\u00dcV-gepr\u00fcft + flexible Laufzeiten + 100% transparent \u2705 Jetzt Ballonfinanzierung sichern!","robots":{"index":"index","follow":"follow","max-snippet":"max-snippet:-1","max-image-preview":"max-image-preview:large","max-video-preview":"max-video-preview:-1"},"canonical":"https:\/\/www.stern.de\/vergleich\/kredit\/autokredit-mit-schlussrate\/","og_locale":"de_DE","og_type":"article","og_title":"Autokredit mit Schlussrate: Ballonfinanzierung ab 0,69% Zins p.a.","og_description":"lll\u27a4 Autokredit mit Schlussrate auf STERN.de \u2b50 Schnelle Auszahlung + T\u00dcV-gepr\u00fcft + flexible Laufzeiten + 100% transparent \u2705 Jetzt Ballonfinanzierung sichern!","og_url":"https:\/\/www.stern.de\/vergleich\/kredit\/autokredit-mit-schlussrate\/","og_site_name":"Kreditvergleich gratis","article_modified_time":"2018-11-27T11:06:28+00:00","twitter_card":"summary_large_image","twitter_misc":{"Gesch\u00e4tzte Lesezeit":"11\u00a0Minuten"},"schema":{"@context":"https:\/\/schema.org","@graph":[{"@type":"WebPage","@id":"http:\/\/www.crcg.de\/kreditvergleich\/autokredit-mit-schlussrate\/","url":"https:\/\/www.stern.de\/vergleich\/kredit\/autokredit-mit-schlussrate\/","name":"Autokredit mit Schlussrate: Ballonfinanzierung ab 0,69% Zins p.a.","isPartOf":{"@id":"http:\/\/www.crcg.de\/kreditvergleich\/#website"},"datePublished":"2017-09-01T11:05:23+00:00","dateModified":"2018-11-27T11:06:28+00:00","description":"lll\u27a4 Autokredit mit Schlussrate auf STERN.de \u2b50 Schnelle Auszahlung + T\u00dcV-gepr\u00fcft + flexible Laufzeiten + 100% transparent \u2705 Jetzt Ballonfinanzierung sichern!","breadcrumb":{"@id":"https:\/\/www.stern.de\/vergleich\/kredit\/autokredit-mit-schlussrate\/#breadcrumb"},"inLanguage":"de","potentialAction":[{"@type":"ReadAction","target":["https:\/\/www.stern.de\/vergleich\/kredit\/autokredit-mit-schlussrate\/"]}]},{"@type":"BreadcrumbList","@id":"https:\/\/www.stern.de\/vergleich\/kredit\/autokredit-mit-schlussrate\/#breadcrumb","itemListElement":[{"@type":"ListItem","position":1,"name":"Startseite","item":"http:\/\/www.crcg.de\/kreditvergleich\/"},{"@type":"ListItem","position":2,"name":"Autokredit mit Schlussrate \u2013 Jetzt Ballonfinanzierung berechnen &#038; online beantragen"}]},{"@type":"WebSite","@id":"http:\/\/www.crcg.de\/kreditvergleich\/#website","url":"http:\/\/www.crcg.de\/kreditvergleich\/","name":"Kreditvergleich gratis","description":"Gratis Kreditvergleich f\u00fcr Jedermann","potentialAction":[{"@type":"SearchAction","target":{"@type":"EntryPoint","urlTemplate":"http:\/\/www.crcg.de\/kreditvergleich\/?s={search_term_string}"},"query-input":{"@type":"PropertyValueSpecification","valueRequired":true,"valueName":"search_term_string"}}],"inLanguage":"de"}]}},"_links":{"self":[{"href":"http:\/\/www.crcg.de\/kreditvergleich\/wp-json\/wp\/v2\/pages\/972","targetHints":{"allow":["GET"]}}],"collection":[{"href":"http:\/\/www.crcg.de\/kreditvergleich\/wp-json\/wp\/v2\/pages"}],"about":[{"href":"http:\/\/www.crcg.de\/kreditvergleich\/wp-json\/wp\/v2\/types\/page"}],"author":[{"embeddable":true,"href":"http:\/\/www.crcg.de\/kreditvergleich\/wp-json\/wp\/v2\/users\/2"}],"replies":[{"embeddable":true,"href":"http:\/\/www.crcg.de\/kreditvergleich\/wp-json\/wp\/v2\/comments?post=972"}],"version-history":[{"count":11,"href":"http:\/\/www.crcg.de\/kreditvergleich\/wp-json\/wp\/v2\/pages\/972\/revisions"}],"predecessor-version":[{"id":1086,"href":"http:\/\/www.crcg.de\/kreditvergleich\/wp-json\/wp\/v2\/pages\/972\/revisions\/1086"}],"wp:attachment":[{"href":"http:\/\/www.crcg.de\/kreditvergleich\/wp-json\/wp\/v2\/media?parent=972"}],"curies":[{"name":"wp","href":"https:\/\/api.w.org\/{rel}","templated":true}]}}