{"id":72,"date":"2013-06-25T10:55:25","date_gmt":"2013-06-25T09:55:25","guid":{"rendered":"http:\/\/www.kreditvergleich-gratis.de\/?page_id=72"},"modified":"2018-08-20T09:14:07","modified_gmt":"2018-08-20T08:14:07","slug":"targobank","status":"publish","type":"page","link":"http:\/\/www.crcg.de\/kreditvergleich\/targobank\/","title":{"rendered":"TARGOBANK \u2013 so geht Bank heute"},"content":{"rendered":"<p>Moderne Zeiten fordern moderne Produkte, das hat auch die Targobank erkannt. Schon seit 1926 wurde die Bank als Kundenkredit GmbH gegr\u00fcndet, damit war sie die erste Bank in Deutschland, die Kredite an den Verbraucher vergab. Im Laufe der folgenden Jahre wurde sowohl erweitert wie auch ver\u00e4ndert und im Jahr 1968 wurde die KKB eine Vollbank f\u00fcr den privaten Kunden. Das Girokonto wurde ebenso angeboten wie Geldanlagen in verschiedenen Bereichen, auch Versicherungen und <a href=\"http:\/\/www.crcg.de\/kreditvergleich\/baufinanzierung\/\">Baufinanzierungen<\/a> geh\u00f6rten zum Portfolio. 1973 erfolgte die Umfirmierung in Deutsche Haushaltsbank, im gleichen Jahr \u00fcbernimmt die Citibank 55 % der Aktien der KKB. 1989 wird der Anteil des Grundkapitals durch die Citibank noch einmal erh\u00f6ht, nunmehr bis auf 97 %. Zwei Jahre sp\u00e4ter wird das auch durch die Umbenennung in Citibank Privatkunden AG deutlich gemacht, seit 2010 nennt sich die Citibank nunmehr TARGOBANK.<\/p>\n<p>Fragen Sie jetzt Ihren TARGOBANK Online-Vorteilskredit an:<\/p>\n<p><script src=\"https:\/\/embed.finanzcheck.de\/embed\/iframe.js?configuration=W33AaszzaVML&#038;amount=12000&#038;term=84&#038;productId=29&#038;subId=targobank\"><\/script><\/p>\n<h2>Targobank Kredit &#8211; Gro\u00dfes Filialnetz in Deutschland<\/h2>\n<p>Heute ist die Citibank ein Teil der franz\u00f6sischen Genossenschaftsbank Cr\u00e9dit Mutuel und hat seinen Standort in D\u00fcsseldorf als Unternehmenszentrale, in Duisburg als Dienstleistungscenter und betreibt Niederlassungen in 200 St\u00e4dten in Deutschland. Mehr als 6.500 Mitarbeiter und 3 Millionen Kunden zeugen vom Erfolg des Unternehmens, welches bevorzugt den Targobank <a href=\"http:\/\/www.crcg.de\/kreditvergleich\/\">Kredit<\/a> an den Mann bringen will, das nun schon seit 80 Jahren erfolgreich auf dem deutschen Markt vorhanden ist.<\/p>\n<p>Kunden der Targobank sch\u00e4tzen vor allem die M\u00f6glichkeiten f\u00fcr das ganz normale Alltagsgesch\u00e4ft. Das sind neben dem Girokonto auch die Sparten:<\/p>\n<ul>\n<li>Sparen und Einlagen<\/li>\n<li>Schutz und Vorsorge<\/li>\n<li>Verm\u00f6gen<\/li>\n<li>Targobank <a href=\"http:\/\/www.crcg.de\/kreditvergleich\/onlinekredit\/\">Online Kredit<\/a> und Finanzierung<\/li>\n<\/ul>\n<p>Die Internetpr\u00e4senz der TARGOBANK ist modern gestaltet und ansprechend designed. Die einzelnen Sparten sind \u00fcbersichtlich angeordnet und sorgen f\u00fcr eine leichte Bedienbarkeit. Jeder Bankkunde kann seinen Onlinezugang zu seinen Produkten schalten. Als Nichtkunde bietet sich dem Besucher ein ebenso \u00fcbersichtliches Bild und die Bewerbung der laufenden Produkte. Das sind meistens Kredite, daf\u00fcr macht sich die TARGOBANK stark. <a title=\"Online Kredite\" href=\"http:\/\/www.crcg.de\/kreditvergleich\/onlinekredit\/\">Online Kredite<\/a> aus unserem Kreditvergleich wie f\u00fcr mich gemacht ist ein Slogan, der die Kunden anspricht, denn wer hat heute als Verbraucher nicht die Notwendigkeit, mit einem Targobank Online Kredit zu leben? Auf alle finanziellen Fragen kann der Verbraucher bei der TARGOBANK eine Antwort finden. Dazu stehen nicht nur die umfangreichen Informationen, sondern auch eine umfassende Kontaktseite zur Verf\u00fcgung. Wer als Kunde oder Nichtkunde Fragen oder Anregungen, W\u00fcnsche oder Kritik \u00e4u\u00dfern m\u00f6chte, kann unter den M\u00f6glichkeiten Telefon, Filiale oder Kontaktformular ausw\u00e4hlen. Die TARGOBANK ist keine reine Direktbank, sondern durch die Filialen auch im direkten Kundenkontakt erreichbar.<\/p>\n<h3 class=\"notoc\">Sehr informative Webseite<\/h3>\n<p>Wer sich \u00fcber die Webseite \u00fcber seine pers\u00f6nlichen Bankprodukte informieren m\u00f6chte, kann dies bequem von zu Hause aus rund um die Uhr vornehmen. Das Onlinebanking wird bequem und sicher durch iTAN und mTAN vorgenommen, alle Gesch\u00e4ftsbereiche sind durch einen einfachen Zugriff erreichbar. Dazu spricht die Bank eine Online-Sicherheits-Garantie aus, die einen sicheren Schutz vor dem Missbrauch von Kundendaten m\u00f6glich macht. Wer auch mobil auf seinen Onlinezugang zugreifen m\u00f6chte, findet \u00fcber die Banking-App der TARGOBANK die M\u00f6glichkeit dazu.<\/p>\n<h2>Kredite von der TARGOBANK<\/h2>\n<p>Die TARGOBANK ist eine der gr\u00f6\u00dften Banken in Deutschland, recht bekannt und der Cr\u00e9dit Mutuel-Bankengruppe angeh\u00f6rig, deren Hauptsitz in Stra\u00dfburg und in Frankreich die zweitgr\u00f6\u00dfte Privatbank ist. Die TARGOBANK vergibt Kredite mit niedrigen effektiven Jahreszinsen. Dabei kann zwischen einer Kreditsumme von 1.500 Euro und 65.000 Euro gew\u00e4hlt werden. Vorteilhaft ist die erste Rate, diese wird erst nach 59 oder 89 Tagen f\u00e4llig. Das verschafft eine kleine Zahlungspause. Vor der Bank werden viele Vorteile geboten. Zum Beispiel auf Anfrage m\u00f6gliche Sonderzahlungen. Bei bestehenden Krediten mit h\u00f6heren Zinss\u00e4tzen k\u00f6nnen diese geb\u00fcndelt und bei der TARGOBANK mit einem Kredit abgel\u00f6st werden.<\/p>\n<h2>Autokredit online<\/h2>\n<p>Der Online-<a href=\"http:\/\/www.crcg.de\/kreditvergleich\/autokredit\/\">Autokredit<\/a> zeigt sich als konkurrenzf\u00e4higes Produkt und punktet durch verbraucherfreundliche Zinsen, guter Qualit\u00e4t und durchdachten Ans\u00e4tzen. Der Online-Autokredit erlaubt sogar geringe Kreditsummen, dabei liegt die minimale Kreditsumme bei 1.500 Euro. Dieser Vorteil l\u00e4sst sich sehr gut als kleinen Zuschuss f\u00fcr ein neues Fahrzeug verwenden. Der Online-Autokredit unterst\u00fctzt ebenso gr\u00f6\u00dfere Investitionen. Die maximale Kreditsumme dieser Kreditart liegt bei 65.000 Euro. Die H\u00f6he des Nettokreditbetrags kann vom Kreditnehmer selbst festgelegt werden. Eine Staffelung ist nicht vorgesehen, da die Kreditsumme genau auf das Vorhaben ausgerichtet wird.<\/p>\n<p>Die Laufzeit ist nicht stufenlos und es wird eine j\u00e4hrliche Staffelung einger\u00e4umt. Die k\u00fcrzeste Laufzeit sind 12 Monate und die l\u00e4ngste 60 Monate. Die monatlichen Raten der gew\u00fcnschten Kreditsumme sind auf der Internetseite vom Bankhaus im Rechentool zu errechnen. Daf\u00fcr einfach die Wunschkreditsumme, Anzahl monatlicher Raten, der Kreditnehmer und die H\u00f6he des monatlichen Nettoeinkommens eintragen. Mit diesen Angaben entsteht vom Rechentool ein erstes unverbindliches Angebot, dieses kann anschlie\u00dfend zudem noch verfeinert werden.<\/p>\n<p>Nach der Erstellung des Online Kreditantrags und dem Absenden erh\u00e4lt der Kreditinteressent sofort eine erste Zusage. Unterschreiben im Nachgang beide Parteien den Kreditvertrag, erfolgt die Kreditauszahlung in der Regel innerhalb von 7 Werktagen. Als <a href=\"http:\/\/www.crcg.de\/kreditvergleich\/sofortkredit\/\">Sofortkredit<\/a> eignet sich dieser Online-Autokredit daher nicht unbedingt.<\/p>\n<p>Privatpersonen, Beamte und Rentner k\u00f6nnen diesen Online Autokredit in Anspruch nehmen. Der Autokredit ist zweckgebundenen und somit wird genau festgelegt, f\u00fcr welche Fahrzeuge der Kredit ausgelegt wird. Die Finanzierung beschr\u00e4nkt sich auf Fahrzeuge zur privaten Nutzung, bis zu 9 Sitzpl\u00e4tzen und beim Ankauf darf das Fahrzeug das Alter von zehn Jahren nicht \u00fcberschreiten. Bei Luxusfahrzeugen ergeben sich zudem Einschr\u00e4nkungen. Diese Details m\u00fcssen mit dem Bankhaus vor der Kreditaufnahme besprochen werden, um L\u00f6sungen f\u00fcr den Einzelfall zu finden. Mit der Antragstellung erfolgt auch automatisch eine Schufa-Abfrage. Dieser Anfrage muss der Kreditinteressent zustimmen. Hierbei gilt ebenfalls die Zweckbindung und ein Nachweis f\u00fcr die Verwendung muss erbracht werden. Das ist in der Regel der Fahrzeugschein.<\/p>\n<h2>Kredit f\u00fcr Selbst\u00e4ndige<\/h2>\n<p>Private W\u00fcnsche k\u00f6nnen sich Gewerbetreibende und Freiberufler mit einem <a href=\"http:\/\/www.crcg.de\/kreditvergleich\/kredit-fuer-selbststaendige\/\">Kredit f\u00fcr Selbstst\u00e4ndige<\/a> erf\u00fcllen. Mit diesem Kredit sind Sondertilgungen und flexible Ratenpausen m\u00f6glich. Der Onlineantrag ist rasch ausgef\u00fcllt, erkl\u00e4rt sich selbst und mit dem Video-Ident Verfahren beschleunigt sich die Auszahlung. Die maximale Laufzeit betr\u00e4gt hier 84 Monate und die k\u00fcrzeste 12 Monate. Angefragte Kreditsummen sind von 1.500 Euro bis 35.000 Euro zu beantragen.<\/p>\n<p>Die relativ geringe Kreditsumme von 1.500 Euro eignet sich sehr gut zur \u00dcberbr\u00fcckung kleiner Investitionsengp\u00e4sse. Die maximale Kreditsumme von 35.000 Euro erlaubt dagegen kaum gr\u00f6\u00dfere Investitionen. Der Kredit eignet sich ebenso f\u00fcr eine <a href=\"http:\/\/www.crcg.de\/kreditvergleich\/umschuldungskredit\/\">Umschuldung<\/a>. Im Verlauf der Beantragung wird dieser Umstand separat abgefragt und die TARGOBANK bietet bei der Umschuldung sogar Unterst\u00fctzung an. F\u00fcr unternehmerische Dinge kann eine Finanzierung ebenso genutzt werden.<\/p>\n<p>Weitere Vorteile: keine Bearbeitungsgeb\u00fchr und keine Bereitstellungszinsen f\u00fcr den Kredit. Das Kreditinstitut ist eigenst\u00e4ndig, agiert nicht als Vermittler und somit fallen auch keine Vermittlungsgeb\u00fchren an. Der Kredit gilt speziell f\u00fcr Freiberufler und Selbstst\u00e4ndige. Ein B\u00fcrge oder zweiter Antragsteller muss nicht unbedingt aus dieser Berufsgruppe stammen. Dieser kann ebenso als Arbeiter, Angestellter oder Beamter t\u00e4tig sein.<\/p>\n<p>Sobald der Kreditantrag vollst\u00e4ndig eingegangen ist, wird die Bank innerhalb von 2 bis 3 Tagen die Antragszusage erteilen und m\u00f6glichst innerhalb von sieben Werktagen das Geld auszahlen. Die TARKGOBANK ist damit nicht unbedingt der schnellste Anbieter und somit nicht wirklich konkurrenzf\u00e4hig. Die Zweckbindung l\u00e4sst einen Zinsvorteil nicht erkennen. Anders liegt dies bei einem regul\u00e4ren <a href=\"http:\/\/www.crcg.de\/kreditvergleich\/ratenkredit\/\">Ratenkredit<\/a> ohne Zweckbindung. Die Laufzeit ist nicht stufenlos einstellbar und eine m\u00f6gliche Abstufung erfolgt nur j\u00e4hrlich. Mit dem Rechentool kann die gew\u00fcnschte Kreditsumme und bevorzugte Laufzeit eingegeben werden, danach wird sofort die monatliche Rate angezeigt. Somit ist eine Kreditplanung schnell gemacht und gro\u00dfe \u00dcberraschungen bleiben aus.<\/p>\n<h2>Online-Wohnkredit<\/h2>\n<p>Der Online-Wohnkredit eignet sich gut zum Modernisieren der eigenen vier W\u00e4nde. Eine Kreditentscheidung erfolgt nach dem Antrag recht schnell, und sobald der Vertrag unterzeichnet ist, ebenso eine schnelle Auszahlung. Als Immobilienbesitzer kann mit der ersten Rate bis zu drei Monaten gewartet und mit einem Sicherheitspaket die R\u00fcckzahlung abgesichert werden. Ein Online-Wohnkredit zeigt sich als Ratenkredit mit Zweckbindung und niedrigen Zinsen. Anders bei zweckungebundenen Krediten, viele Banken vergeben diese nur an Immobilienbesitzer. Eine Grundschuldbestellung f\u00e4llt trotz niedriger Zinsen nicht an.<\/p>\n<p>Online-Wohnkredite sind zwischen 1.500 Euro und 65.000 Euro zu beantragen und die Kreditsumme in Schritten von 500 Euro w\u00e4hlbar. Die Monatsraten belaufen sich auf mindestens 12 und maximal auf 84 monatliche Raten. Die Kreditlaufzeit ist schrittweise von 12 Monaten definierbar. Eine Rate muss mindestens 50 Euro betragen. Mit der ersten Rate kann bis 89 Tage nach Auszahlung gewartet werden. Erh\u00e4ltlich ist der Online-Wohnkredit nur f\u00fcr Neukunden. Durch Festlegung der h\u00f6chstrichterlichen Rechtsprechung f\u00e4llt eine Kreditabschlussgeb\u00fchr nicht an. Die M\u00f6glichkeit zur Umschuldung besteht nur bedingt. Dazu muss der Kreditnehmer nachweisen, dass ein anderer Online-Wohnkredit abgel\u00f6st werden soll.<\/p>\n<p>Der Darlehensnehmer erh\u00e4lt im Online-Antragsprozess sofort eine vorl\u00e4ufige Erkl\u00e4rung zur Annahme. Sobald der Bank jegliche Unterlagen vorliegen, erfolgt die Darlehensauszahlung maximal in 7 Tagen. Das Nettoeinkommen f\u00fcr einen TARGOBANK Online-Wohnkredit sollte sich auf 2.000 Euro belaufen und aus nicht selbstst\u00e4ndiger T\u00e4tigkeit erwirtschaftet werden.<\/p>\n<h2>Online-Vorteilskredit<\/h2>\n<p>In der Landschaft der Banken hat sich die TARGOBANK recht fr\u00fch einen Namen als Ratenkreditbank gemacht. Vom Online-Vorteilskredit, als \u201eWie f\u00fcr mich gemacht\u201c-Kredit bekannt, wird ein Produkt geboten, das einen Vergleich mit Mitbewerbern standhalten kann. Den perfekten Kredit gibt es wohl nicht und an einigen Stellen m\u00fcssen Abstriche gemacht werden, diese stehen mit den Konditionen allerdings nicht im Zusammenhang. Mit der obersten Grenze von maximal 65.000 Euro Kreditvolumen steht die TARGOBANK im oberen Mittelfeld. Positiv dagegen der Mindestbetrag von 1.500 Euro. Damit ist eventuell eine Umschuldung des ausgereizten Dispos interessant.<\/p>\n<p>Der Online-Vorteilskredit ist in 500 Euro Schritten verf\u00fcgbar. Die Laufzeit bewegt sich zwischen 12 Monaten bis zu positiven 96 Monaten. Allerdings ist die Festsetzung der Dauer recht unflexibel und bewegt sich nur in 12-Monatsschritten. Nach Pr\u00fcfung aller Unterlagen erfolgt die Darlehensauszahlung innerhalb von 7 Tagen. Die Auszahlung kann sich bei einer schwachen Bonit\u00e4t etwas verz\u00f6gern, denn die TARGOBANK lehnt nicht einfach ab, sondern sucht nach L\u00f6sungen. F\u00fcr die Bearbeitung selbst fallen keine Entgelte an. Mit einem Kredit der TARGOBANK k\u00f6nnen bestehende Darlehen abgel\u00f6st oder mehrere Kredite geb\u00fcndelt werden.<\/p>\n","protected":false},"excerpt":{"rendered":"<p>Moderne Zeiten fordern moderne Produkte, das hat auch die Targobank erkannt. Schon seit 1926 wurde die Bank als Kundenkredit GmbH gegr\u00fcndet, damit war sie die erste Bank in Deutschland, die Kredite an den Verbraucher vergab. Im Laufe der folgenden Jahre wurde sowohl erweitert wie auch ver\u00e4ndert und im Jahr 1968 wurde die KKB eine Vollbank [&hellip;]<\/p>\n","protected":false},"author":2,"featured_media":0,"parent":0,"menu_order":0,"comment_status":"open","ping_status":"closed","template":"","meta":{"footnotes":""},"class_list":["post-72","page","type-page","status-publish","hentry"],"yoast_head":"<!-- This site is optimized with the Yoast SEO plugin v26.8 - https:\/\/yoast.com\/product\/yoast-seo-wordpress\/ -->\n<title>Targobank Kredit: G\u00fcnstige Kreditzinsen, Stand: Mai\/2026<\/title>\n<meta name=\"description\" content=\"lll\u27a4 Targobank Kredit 2026 auf STERN.de \u2b50 G\u00fcnstige Kredite bei der Targobank mit schneller Auszahlung &amp; Niedrig-Zins sichern! \u2705 Jetzt beantragen!\" \/>\n<meta name=\"robots\" content=\"index, follow, max-snippet:-1, max-image-preview:large, max-video-preview:-1\" \/>\n<link rel=\"canonical\" href=\"https:\/\/www.stern.de\/vergleich\/kredit\/targobank\/\" \/>\n<meta property=\"og:locale\" content=\"de_DE\" \/>\n<meta property=\"og:type\" content=\"article\" \/>\n<meta property=\"og:title\" content=\"Targobank Kredit: G\u00fcnstige Kreditzinsen, Stand: Mai\/2026\" \/>\n<meta property=\"og:description\" content=\"lll\u27a4 Targobank Kredit 2026 auf STERN.de \u2b50 G\u00fcnstige Kredite bei der Targobank mit schneller Auszahlung &amp; Niedrig-Zins sichern! \u2705 Jetzt beantragen!\" \/>\n<meta property=\"og:url\" content=\"https:\/\/www.stern.de\/vergleich\/kredit\/targobank\/\" \/>\n<meta property=\"og:site_name\" content=\"Kreditvergleich gratis\" \/>\n<meta property=\"article:modified_time\" content=\"2018-08-20T08:14:07+00:00\" \/>\n<meta name=\"twitter:card\" content=\"summary_large_image\" \/>\n<meta name=\"twitter:label1\" content=\"Gesch\u00e4tzte Lesezeit\" \/>\n\t<meta name=\"twitter:data1\" content=\"8\u00a0Minuten\" \/>\n<script type=\"application\/ld+json\" class=\"yoast-schema-graph\">{\"@context\":\"https:\/\/schema.org\",\"@graph\":[{\"@type\":\"WebPage\",\"@id\":\"http:\/\/www.crcg.de\/kreditvergleich\/targobank\/\",\"url\":\"https:\/\/www.stern.de\/vergleich\/kredit\/targobank\/\",\"name\":\"Targobank Kredit: G\u00fcnstige Kreditzinsen, Stand: Mai\/2026\",\"isPartOf\":{\"@id\":\"http:\/\/www.crcg.de\/kreditvergleich\/#website\"},\"datePublished\":\"2013-06-25T09:55:25+00:00\",\"dateModified\":\"2018-08-20T08:14:07+00:00\",\"description\":\"lll\u27a4 Targobank Kredit 2026 auf STERN.de \u2b50 G\u00fcnstige Kredite bei der Targobank mit schneller Auszahlung & Niedrig-Zins sichern! \u2705 Jetzt beantragen!\",\"breadcrumb\":{\"@id\":\"https:\/\/www.stern.de\/vergleich\/kredit\/targobank\/#breadcrumb\"},\"inLanguage\":\"de\",\"potentialAction\":[{\"@type\":\"ReadAction\",\"target\":[\"https:\/\/www.stern.de\/vergleich\/kredit\/targobank\/\"]}]},{\"@type\":\"BreadcrumbList\",\"@id\":\"https:\/\/www.stern.de\/vergleich\/kredit\/targobank\/#breadcrumb\",\"itemListElement\":[{\"@type\":\"ListItem\",\"position\":1,\"name\":\"Startseite\",\"item\":\"http:\/\/www.crcg.de\/kreditvergleich\/\"},{\"@type\":\"ListItem\",\"position\":2,\"name\":\"TARGOBANK \u2013 so geht Bank heute\"}]},{\"@type\":\"WebSite\",\"@id\":\"http:\/\/www.crcg.de\/kreditvergleich\/#website\",\"url\":\"http:\/\/www.crcg.de\/kreditvergleich\/\",\"name\":\"Kreditvergleich gratis\",\"description\":\"Gratis Kreditvergleich f\u00fcr Jedermann\",\"potentialAction\":[{\"@type\":\"SearchAction\",\"target\":{\"@type\":\"EntryPoint\",\"urlTemplate\":\"http:\/\/www.crcg.de\/kreditvergleich\/?s={search_term_string}\"},\"query-input\":{\"@type\":\"PropertyValueSpecification\",\"valueRequired\":true,\"valueName\":\"search_term_string\"}}],\"inLanguage\":\"de\"}]}<\/script>\n<!-- \/ Yoast SEO plugin. -->","yoast_head_json":{"title":"Targobank Kredit: G\u00fcnstige Kreditzinsen, Stand: Mai\/2026","description":"lll\u27a4 Targobank Kredit 2026 auf STERN.de \u2b50 G\u00fcnstige Kredite bei der Targobank mit schneller Auszahlung & Niedrig-Zins sichern! \u2705 Jetzt beantragen!","robots":{"index":"index","follow":"follow","max-snippet":"max-snippet:-1","max-image-preview":"max-image-preview:large","max-video-preview":"max-video-preview:-1"},"canonical":"https:\/\/www.stern.de\/vergleich\/kredit\/targobank\/","og_locale":"de_DE","og_type":"article","og_title":"Targobank Kredit: G\u00fcnstige Kreditzinsen, Stand: Mai\/2026","og_description":"lll\u27a4 Targobank Kredit 2026 auf STERN.de \u2b50 G\u00fcnstige Kredite bei der Targobank mit schneller Auszahlung & Niedrig-Zins sichern! \u2705 Jetzt beantragen!","og_url":"https:\/\/www.stern.de\/vergleich\/kredit\/targobank\/","og_site_name":"Kreditvergleich gratis","article_modified_time":"2018-08-20T08:14:07+00:00","twitter_card":"summary_large_image","twitter_misc":{"Gesch\u00e4tzte Lesezeit":"8\u00a0Minuten"},"schema":{"@context":"https:\/\/schema.org","@graph":[{"@type":"WebPage","@id":"http:\/\/www.crcg.de\/kreditvergleich\/targobank\/","url":"https:\/\/www.stern.de\/vergleich\/kredit\/targobank\/","name":"Targobank Kredit: G\u00fcnstige Kreditzinsen, Stand: Mai\/2026","isPartOf":{"@id":"http:\/\/www.crcg.de\/kreditvergleich\/#website"},"datePublished":"2013-06-25T09:55:25+00:00","dateModified":"2018-08-20T08:14:07+00:00","description":"lll\u27a4 Targobank Kredit 2026 auf STERN.de \u2b50 G\u00fcnstige Kredite bei der Targobank mit schneller Auszahlung & Niedrig-Zins sichern! \u2705 Jetzt beantragen!","breadcrumb":{"@id":"https:\/\/www.stern.de\/vergleich\/kredit\/targobank\/#breadcrumb"},"inLanguage":"de","potentialAction":[{"@type":"ReadAction","target":["https:\/\/www.stern.de\/vergleich\/kredit\/targobank\/"]}]},{"@type":"BreadcrumbList","@id":"https:\/\/www.stern.de\/vergleich\/kredit\/targobank\/#breadcrumb","itemListElement":[{"@type":"ListItem","position":1,"name":"Startseite","item":"http:\/\/www.crcg.de\/kreditvergleich\/"},{"@type":"ListItem","position":2,"name":"TARGOBANK \u2013 so geht Bank heute"}]},{"@type":"WebSite","@id":"http:\/\/www.crcg.de\/kreditvergleich\/#website","url":"http:\/\/www.crcg.de\/kreditvergleich\/","name":"Kreditvergleich gratis","description":"Gratis Kreditvergleich f\u00fcr Jedermann","potentialAction":[{"@type":"SearchAction","target":{"@type":"EntryPoint","urlTemplate":"http:\/\/www.crcg.de\/kreditvergleich\/?s={search_term_string}"},"query-input":{"@type":"PropertyValueSpecification","valueRequired":true,"valueName":"search_term_string"}}],"inLanguage":"de"}]}},"_links":{"self":[{"href":"http:\/\/www.crcg.de\/kreditvergleich\/wp-json\/wp\/v2\/pages\/72","targetHints":{"allow":["GET"]}}],"collection":[{"href":"http:\/\/www.crcg.de\/kreditvergleich\/wp-json\/wp\/v2\/pages"}],"about":[{"href":"http:\/\/www.crcg.de\/kreditvergleich\/wp-json\/wp\/v2\/types\/page"}],"author":[{"embeddable":true,"href":"http:\/\/www.crcg.de\/kreditvergleich\/wp-json\/wp\/v2\/users\/2"}],"replies":[{"embeddable":true,"href":"http:\/\/www.crcg.de\/kreditvergleich\/wp-json\/wp\/v2\/comments?post=72"}],"version-history":[{"count":11,"href":"http:\/\/www.crcg.de\/kreditvergleich\/wp-json\/wp\/v2\/pages\/72\/revisions"}],"predecessor-version":[{"id":1058,"href":"http:\/\/www.crcg.de\/kreditvergleich\/wp-json\/wp\/v2\/pages\/72\/revisions\/1058"}],"wp:attachment":[{"href":"http:\/\/www.crcg.de\/kreditvergleich\/wp-json\/wp\/v2\/media?parent=72"}],"curies":[{"name":"wp","href":"https:\/\/api.w.org\/{rel}","templated":true}]}}