{"id":69,"date":"2013-06-25T10:53:47","date_gmt":"2013-06-25T09:53:47","guid":{"rendered":"http:\/\/www.kreditvergleich-gratis.de\/?page_id=69"},"modified":"2018-08-20T09:15:55","modified_gmt":"2018-08-20T08:15:55","slug":"norisbank","status":"publish","type":"page","link":"http:\/\/www.crcg.de\/kreditvergleich\/norisbank\/","title":{"rendered":"Norisbank \u2013 die verbraucherfreundliche Bank"},"content":{"rendered":"<p>Der Name Norisbank wird vielen Verbrauchern nicht so gel\u00e4ufig sein, die der Name des ehemaligen Versandhauses Quelle und doch geh\u00f6ren beide zusammen. Im Jahr 1954 wurde dieses Versandunternehmen gegr\u00fcndet und konnte sich schnell zunehmender Beliebtheit erfreuen. Um die angebotenen Produkte in den starken Katalogen auch bequem bezahlen zu k\u00f6nnen, wurde die Norisbank eingerichtet und wurde 1965 als Noris Kreditbank er\u00f6ffnet. Die Umfirmierung im Jahr 1969 in Noris Bank war ein weiterer Meilenstein, 2006 wurde sie von der Deutschen Bank \u00fcbernommen und seither forciert. 2012 kam der letzte Schritt, die Weiterentwicklung zur Direktbank im Internet und als solche ist sie bereits jetzt, ein Jahr sp\u00e4ter, sehr beliebt.<\/p>\n<p>Ihren pers\u00f6nlichen Norisbank <a href=\"http:\/\/www.crcg.de\/kreditvergleich\/\">Kredit<\/a> fragen Sie direkt hier an:<br \/>\n<script src=\"https:\/\/embed.finanzcheck.de\/embed\/iframe.js?configuration=W33AaszzaVML&#038;amount=12000&#038;term=84&#038;productId=23&#038;subId=norisbank\"><\/script><\/p>\n<p>Die Beliebtheit bei den Kunden der Norisbank kommt von der guten Erreichbarkeit rund um die Uhr und weltweit. Aber alleine darauf kann der Erfolg nicht beruhen, denn einen solchen Kundenservice bieten auch noch andere Banken. Dass was die meisten Kunden an der Norisbank begeistert, ist ein qualifizierter Kundenservice, der die \u00fcberaus g\u00fcnstigen Bankprodukte anbietet. Top Auszeichnungen f\u00fchrender Institutionen belegen dies eindeutig. Die Verbraucher sch\u00e4tzen sowohl die komfortable Nutzung f\u00fcr ihr Girokonto und sind auch von den g\u00fcnstigen Konditionen im Bereich der Kredite begeistert. Als Direktbank bietet die Norisbank eine gro\u00dfe Vielzahl an Bankprodukten in diesen Bereichen an:<\/p>\n<ul>\n<li>Girokonto mit Kreditkarte und SparCard<\/li>\n<li>Finanzierungen <a href=\"http:\/\/www.crcg.de\/kreditvergleich\/baufinanzierung\/\">als Kredit und Baufinanzierung<\/a><\/li>\n<li>Geldanlage wie Tages- und Festgeld, Sparplan und Depot<\/li>\n<li>Angebote zu Mietkaution, Kfz-Versicherung, Hausrat- und Haftpflichtversicherung<\/li>\n<\/ul>\n<p>Das sind die Bereiche, die den normalen Verbraucher t\u00e4glich ber\u00fchren und f\u00fcr die er einen kompetenten Bankpartner an seiner Seite haben m\u00f6chte. Wenn dieser rund um die Uhr erreichbar ist und einen freundlichen Service anbietet, bleiben beim Kunden keine W\u00fcnsche offen. Besonders junge Menschen sch\u00e4tzen den Service und die g\u00fcnstigen Angebote der Norisbank. Ein Girokonto f\u00fcr 0,0 Kontof\u00fchrungsgeb\u00fchren oder auch viele M\u00f6glichkeiten, kostenlos Bargeld am Automaten abzuholen, stehen dabei im Vordergrund.<\/p>\n<h2>G\u00fcnstiger Norisbank Kredit<\/h2>\n<p>Ein Kredit Vergleich <a title=\"Kredit Vergleich\" href=\"http:\/\/www.crcg.de\/kreditvergleich\/\">ermittelt immer in Sekundenschnelle die g\u00fcnstigsten Angebote der Banken<\/a>. Die Norisbank wird mit Sicherheit auch an den ersten Pl\u00e4tzen zu finden sein, denn die Kreditangebote sind sehr g\u00fcnstig. Au\u00dferdem kann ein Antrag f\u00fcr einen Norisbank Kredit online gestellt werden und wird auch online zugesagt. Ein g\u00fcnstiger effektiver Jahreszins sorgt daf\u00fcr, dass die Kosten f\u00fcr den Kredit sehr g\u00fcnstig bleiben, die Best-Preis-Garantie wird \u00fcber die gesamte Laufzeit gew\u00e4hrt. Die Kreditnehmer haben au\u00dferdem die M\u00f6glichkeit, bis zu 50 % der Restsumme einmal im Jahr kostenfrei zu zahlen, eine ideale M\u00f6glichkeit, schneller f\u00fcr die Tilgung des Darlehens zu sorgen. Diese Vorteile sind beispielhaft f\u00fcr die Norisbank, das gesamte Angebot zeichnet sich als sehr kundenfreundlich aus.<\/p>\n<h2>Norisbank Kreditangebote<\/h2>\n<p>Die Norisbank bietet ihre Produkte im Internet an, zudem pers\u00f6nlich und kompetent in den Filialen. Weiterhin \u00fcberzeugen Konditionen und ein umfangreicher Service. Bei einem online beantragten Kredit wird die Vorabzusage sofort mitgeteilt. Bei speziellen Fragen kann die Norisbank direkt \u00fcber das Internet kontaktiert oder in einer n\u00e4chstgelegenen Filiale aufgesucht werden. Die Bank bietet regelm\u00e4\u00dfig niedrigste Zinsen und eine Niedrigzinsgarantie an. Privatpersonen k\u00f6nnen bei den \u00fcblichen Voraussetzungen Kredite beantragen.<\/p>\n<p>Dazu z\u00e4hlt:<\/p>\n<ul>\n<li>Wohnsitz in Deutschland<\/li>\n<li>regelm\u00e4\u00dfiges Einkommen<\/li>\n<li>Vollj\u00e4hrigkeit<\/li>\n<\/ul>\n<p>Die Norisbank verk\u00fcndete erst k\u00fcrzlich im M\u00e4rz 2018 die deutliche Verbesserung der eigenen App. Die Besonderheiten der App sind u.a.:<\/p>\n<ul>\n<li>der Fingerprint-Login f\u00fcr optimale Sicherheit<\/li>\n<li>individuelle M\u00f6glichkeit zur Gestaltung der eigenen Banking-App<\/li>\n<li>eine interaktive Konto\u00fcbersicht<\/li>\n<li>innovative Funktionen f\u00fcr \u00dcberweisungen<\/li>\n<li>schnelleres und bequemeres Banking<\/li>\n<li>Nutzung per Sprachsteuerung<\/li>\n<\/ul>\n<p>Als \u201eimmer-und-\u00fcberall-dabei\u201c Bank gewann die Norisbank bereits zahlreiche Preise. Vom Focus Money Anfang 2017 f\u00fcnffach ausgezeichnet und Mitte 2017 vom Nachrichtensender n-tv wurde der Titel \u201eBester <a href=\"http:\/\/www.crcg.de\/kreditvergleich\/ratenkredit\/\">Ratenkredit<\/a>\u201c verliehen. Vom T\u00dcV Saarland und CHIP wurde das Pr\u00e4dikat \u201esehr gut\u201c f\u00fcr das Preis-Leistungsverh\u00e4ltnis der Angebote vergeben. Dies spricht eine eindeutige Sprache und untermauert die Zuverl\u00e4ssigkeit der Norisbank.<\/p>\n<h2>Kreditversicherung optional<\/h2>\n<p>Die Norisbank bietet als Service die M\u00f6glichkeit an, eine Kreditversicherung abzuschlie\u00dfen. Im Falle einer Arbeitslosigkeit oder Berufsunf\u00e4higkeit tritt diese in Kraft, wenn der Kredit nicht mehr zur\u00fcckgezahlt werden kann.<\/p>\n<h2>Autokredit<\/h2>\n<p><img decoding=\"async\" class=\"alignright size-full wp-image-1442\" src=\"http:\/\/work.vergleich.heidorn.gmbh\/vergleich\/wp-content\/uploads\/2018\/03\/autokredit.jpg\" alt=\"Top Konditionen beim Norisbank Autokredit\" width=\"424\" height=\"283\" \/>F\u00fcr einen <a href=\"http:\/\/www.crcg.de\/kreditvergleich\/autokredit\/\">Autokredit<\/a> wird eine Bestpreisgarantie inklusive 50 Euro Entsch\u00e4digungszahlung angeboten, somit ist dieser Kredit eine runde Sache. Durch den Autokredit ist fast jedes Auto finanzierbar. Mit dem Einstieg von 1.000 Euro f\u00fcr einen Gebrauchtwagen bis zum Neufahrzeug der oberen Mittelklasse bis hin zu 65.000 Euro. Die Kreditsumme kann je in 100 Euro Schritten gew\u00e4hlt werden. Die Laufzeit ist mit der Mindestdauer von 12 Monaten recht attraktiv und kann in Stufen von 3 bis 96 Monate ausgedehnt werden.<\/p>\n<p>Eine <a href=\"http:\/\/www.crcg.de\/kreditvergleich\/umschuldungskredit\/\">Umschuldung<\/a> ist mit dem Autokredit von der Norisbank nur m\u00f6glich, wenn damit ein anderer bestehender Autokredit abgel\u00f6st wird. Im Hintergrund stehen die kalkulierten g\u00fcnstigeren Zinsen, als ein Ratenkredit ohne Verwendungszweck. F\u00fcr Selbstst\u00e4ndige steht dieses Angebot generell nicht zur Verf\u00fcgung, da zur Kreditgew\u00e4hrung die Voraussetzung eine unselbstst\u00e4ndige T\u00e4tigkeit ist.<\/p>\n<p>Direkt nach dem Antrag eines Darlehens erfolgen eine sofortige Antragszusage und die Auszahlung nach Vorliegen aller erforderlichen Dokumente und der Bonit\u00e4tspr\u00fcfung. Die Fahrzeugpapiere m\u00fcssen bei einem Autokredit nicht an die Bank abgetreten werden, wie bei einigen anderen Banken. Au\u00dfer der vereinbarten Zinsen fallen f\u00fcr ein Darlehen keine weiteren Kosten an und damit verh\u00e4lt es sich \u00fcbereinstimmend zur g\u00fcltigen Rechtsprechung.<\/p>\n<h2>Top-Kredit<\/h2>\n<p>Von der Norisbank wird auf den Top Kredit eine Garantie auf niedrige Zinsen gegeben. Wird ein g\u00fcnstigerer Kredit gefunden werden 50 Euro durch die Norisbank ausgezahlt. Dabei ist die Wahrscheinlichkeit einer Auszahlung recht klein, denn aufgrund der niedrigen Zinsen ist die Bank definitiv ein guter Anbieter. Des Weiteren gilt ein erweitertes R\u00fcckgaberecht von 30 Tagen. Weiterhin zeigt sich das Produkt mit der Sofort\u00fcberweisung des Wunschbetrags, kostenlose Sondertilgungen, der Laufzeit und hohe Flexibilit\u00e4t bei dem Kreditbetrag von seiner guten Seite. Trotz vieler guter Eigenschaften ergeben sich aber auch kleine Defizite und das bei der vorzeitigen Abl\u00f6sung und Ratenstundung.<\/p>\n<p>Der Norisbank Topkredit ist bereits ab 1.000 Euro erh\u00e4ltlich, beispielsweise f\u00fcr kleinere Anschaffungen oder um das \u00fcberspannte Girokonto auszugleichen. Der gr\u00f6\u00dfte zu beantragende Betrag sind maximale 50.000 Euro. Bei der Laufzeit ist das Unternehmen sehr gro\u00dfz\u00fcgig, denn je h\u00f6her die Darlehenssumme, umso geringer ist die maximale Laufzeit. In Schritten von 3 Monaten ist die Darlehenslaufzeit w\u00e4hlbar, dabei werden zum Beispiel Laufzeiten von 24, 27, 30, 33 oder 36 Monaten angeboten. Die Kredith\u00f6he ist in 100 Euro Schritten gestaffelt. Mit dieser Kombination lassen sich der Betrag und die Laufzeit individuell gestalten.<\/p>\n<p>Da der Topkredit zur freien Verwendung steht, k\u00f6nnen mit ihm ebenso bestehende Darlehen und andere Verbindlichkeiten f\u00fcr eine Umschuldung zusammengefasst werden. Damit legen sich mehrere Raten zu einer einzigen Rate zusammen. Aufgrund rechtlicher Vorgaben erhebt die Norisbank hier ebenfalls keine Bearbeitungsgeb\u00fchr f\u00fcr einen Kredit.<\/p>\n<p>Die Dauer der Bearbeitung zeigt sich bei der Bank allerdings von zwei Seiten. Erstens: Nach Eingang aller Unterlagen erfolgt die Darlehensauszahlung innerhalb von zwei Tagen. Zweitens: Die Bank verf\u00fcgt allerdings \u00fcber kein digitales Antragsverfahren und mittels Post-Ident Verfahren verl\u00e4ngert sich der Zeitraum zwischen Antragstellung und Auszahlung erheblich. Dar\u00fcber hinaus bietet die Bank aber eine Best-Preis-Garantie. Wird innerhalb von 30 Tagen nach Abschluss des Vertrages ein Kredit mit gleicher Laufzeit und Kreditsumme bei einer anderen Bank g\u00fcnstiger gefunden, kann das Darlehen bei der Norisbank sofort storniert werden, zudem werden 50 Euro zur freien Verf\u00fcgung ausbezahlt.<\/p>\n","protected":false},"excerpt":{"rendered":"<p>Der Name Norisbank wird vielen Verbrauchern nicht so gel\u00e4ufig sein, die der Name des ehemaligen Versandhauses Quelle und doch geh\u00f6ren beide zusammen. Im Jahr 1954 wurde dieses Versandunternehmen gegr\u00fcndet und konnte sich schnell zunehmender Beliebtheit erfreuen. Um die angebotenen Produkte in den starken Katalogen auch bequem bezahlen zu k\u00f6nnen, wurde die Norisbank eingerichtet und wurde [&hellip;]<\/p>\n","protected":false},"author":2,"featured_media":0,"parent":0,"menu_order":0,"comment_status":"open","ping_status":"closed","template":"","meta":{"footnotes":""},"class_list":["post-69","page","type-page","status-publish","hentry"],"yoast_head":"<!-- This site is optimized with the Yoast SEO plugin v26.8 - https:\/\/yoast.com\/product\/yoast-seo-wordpress\/ -->\n<title>Norisbank Kredit: Jetzt G\u00fcnstigen-Zins sichern, Stand: April 2026<\/title>\n<meta name=\"description\" content=\"lll\u27a4 Norisbank Kredit 2026 auf STERN.de \u2b50 G\u00fcnstige Kredite bei der Norisbank mit schneller Auszahlung &amp; Niedrig-Zins sichern! \u2705 Jetzt beantragen!\" \/>\n<meta name=\"robots\" content=\"index, follow, max-snippet:-1, max-image-preview:large, max-video-preview:-1\" \/>\n<link rel=\"canonical\" href=\"https:\/\/www.stern.de\/vergleich\/kredit\/norisbank\/\" \/>\n<meta property=\"og:locale\" content=\"de_DE\" \/>\n<meta property=\"og:type\" content=\"article\" \/>\n<meta property=\"og:title\" content=\"Norisbank Kredit: Jetzt G\u00fcnstigen-Zins sichern, Stand: April 2026\" \/>\n<meta property=\"og:description\" content=\"lll\u27a4 Norisbank Kredit 2026 auf STERN.de \u2b50 G\u00fcnstige Kredite bei der Norisbank mit schneller Auszahlung &amp; Niedrig-Zins sichern! \u2705 Jetzt beantragen!\" \/>\n<meta property=\"og:url\" content=\"https:\/\/www.stern.de\/vergleich\/kredit\/norisbank\/\" \/>\n<meta property=\"og:site_name\" content=\"Kreditvergleich gratis\" \/>\n<meta property=\"article:modified_time\" content=\"2018-08-20T08:15:55+00:00\" \/>\n<meta name=\"twitter:card\" content=\"summary_large_image\" \/>\n<meta name=\"twitter:label1\" content=\"Gesch\u00e4tzte Lesezeit\" \/>\n\t<meta name=\"twitter:data1\" content=\"6\u00a0Minuten\" \/>\n<script type=\"application\/ld+json\" class=\"yoast-schema-graph\">{\"@context\":\"https:\/\/schema.org\",\"@graph\":[{\"@type\":\"WebPage\",\"@id\":\"http:\/\/www.crcg.de\/kreditvergleich\/norisbank\/\",\"url\":\"https:\/\/www.stern.de\/vergleich\/kredit\/norisbank\/\",\"name\":\"Norisbank Kredit: Jetzt G\u00fcnstigen-Zins sichern, Stand: April 2026\",\"isPartOf\":{\"@id\":\"http:\/\/www.crcg.de\/kreditvergleich\/#website\"},\"primaryImageOfPage\":{\"@id\":\"https:\/\/www.stern.de\/vergleich\/kredit\/norisbank\/#primaryimage\"},\"image\":{\"@id\":\"https:\/\/www.stern.de\/vergleich\/kredit\/norisbank\/#primaryimage\"},\"thumbnailUrl\":\"http:\/\/work.vergleich.heidorn.gmbh\/vergleich\/wp-content\/uploads\/2018\/03\/autokredit.jpg\",\"datePublished\":\"2013-06-25T09:53:47+00:00\",\"dateModified\":\"2018-08-20T08:15:55+00:00\",\"description\":\"lll\u27a4 Norisbank Kredit 2026 auf STERN.de \u2b50 G\u00fcnstige Kredite bei der Norisbank mit schneller Auszahlung & Niedrig-Zins sichern! \u2705 Jetzt beantragen!\",\"breadcrumb\":{\"@id\":\"https:\/\/www.stern.de\/vergleich\/kredit\/norisbank\/#breadcrumb\"},\"inLanguage\":\"de\",\"potentialAction\":[{\"@type\":\"ReadAction\",\"target\":[\"https:\/\/www.stern.de\/vergleich\/kredit\/norisbank\/\"]}]},{\"@type\":\"ImageObject\",\"inLanguage\":\"de\",\"@id\":\"https:\/\/www.stern.de\/vergleich\/kredit\/norisbank\/#primaryimage\",\"url\":\"http:\/\/work.vergleich.heidorn.gmbh\/vergleich\/wp-content\/uploads\/2018\/03\/autokredit.jpg\",\"contentUrl\":\"http:\/\/work.vergleich.heidorn.gmbh\/vergleich\/wp-content\/uploads\/2018\/03\/autokredit.jpg\"},{\"@type\":\"BreadcrumbList\",\"@id\":\"https:\/\/www.stern.de\/vergleich\/kredit\/norisbank\/#breadcrumb\",\"itemListElement\":[{\"@type\":\"ListItem\",\"position\":1,\"name\":\"Startseite\",\"item\":\"http:\/\/www.crcg.de\/kreditvergleich\/\"},{\"@type\":\"ListItem\",\"position\":2,\"name\":\"Norisbank \u2013 die verbraucherfreundliche Bank\"}]},{\"@type\":\"WebSite\",\"@id\":\"http:\/\/www.crcg.de\/kreditvergleich\/#website\",\"url\":\"http:\/\/www.crcg.de\/kreditvergleich\/\",\"name\":\"Kreditvergleich gratis\",\"description\":\"Gratis Kreditvergleich f\u00fcr Jedermann\",\"potentialAction\":[{\"@type\":\"SearchAction\",\"target\":{\"@type\":\"EntryPoint\",\"urlTemplate\":\"http:\/\/www.crcg.de\/kreditvergleich\/?s={search_term_string}\"},\"query-input\":{\"@type\":\"PropertyValueSpecification\",\"valueRequired\":true,\"valueName\":\"search_term_string\"}}],\"inLanguage\":\"de\"}]}<\/script>\n<!-- \/ Yoast SEO plugin. -->","yoast_head_json":{"title":"Norisbank Kredit: Jetzt G\u00fcnstigen-Zins sichern, Stand: April 2026","description":"lll\u27a4 Norisbank Kredit 2026 auf STERN.de \u2b50 G\u00fcnstige Kredite bei der Norisbank mit schneller Auszahlung & Niedrig-Zins sichern! \u2705 Jetzt beantragen!","robots":{"index":"index","follow":"follow","max-snippet":"max-snippet:-1","max-image-preview":"max-image-preview:large","max-video-preview":"max-video-preview:-1"},"canonical":"https:\/\/www.stern.de\/vergleich\/kredit\/norisbank\/","og_locale":"de_DE","og_type":"article","og_title":"Norisbank Kredit: Jetzt G\u00fcnstigen-Zins sichern, Stand: April 2026","og_description":"lll\u27a4 Norisbank Kredit 2026 auf STERN.de \u2b50 G\u00fcnstige Kredite bei der Norisbank mit schneller Auszahlung & Niedrig-Zins sichern! \u2705 Jetzt beantragen!","og_url":"https:\/\/www.stern.de\/vergleich\/kredit\/norisbank\/","og_site_name":"Kreditvergleich gratis","article_modified_time":"2018-08-20T08:15:55+00:00","twitter_card":"summary_large_image","twitter_misc":{"Gesch\u00e4tzte Lesezeit":"6\u00a0Minuten"},"schema":{"@context":"https:\/\/schema.org","@graph":[{"@type":"WebPage","@id":"http:\/\/www.crcg.de\/kreditvergleich\/norisbank\/","url":"https:\/\/www.stern.de\/vergleich\/kredit\/norisbank\/","name":"Norisbank Kredit: Jetzt G\u00fcnstigen-Zins sichern, Stand: April 2026","isPartOf":{"@id":"http:\/\/www.crcg.de\/kreditvergleich\/#website"},"primaryImageOfPage":{"@id":"https:\/\/www.stern.de\/vergleich\/kredit\/norisbank\/#primaryimage"},"image":{"@id":"https:\/\/www.stern.de\/vergleich\/kredit\/norisbank\/#primaryimage"},"thumbnailUrl":"http:\/\/work.vergleich.heidorn.gmbh\/vergleich\/wp-content\/uploads\/2018\/03\/autokredit.jpg","datePublished":"2013-06-25T09:53:47+00:00","dateModified":"2018-08-20T08:15:55+00:00","description":"lll\u27a4 Norisbank Kredit 2026 auf STERN.de \u2b50 G\u00fcnstige Kredite bei der Norisbank mit schneller Auszahlung & Niedrig-Zins sichern! \u2705 Jetzt beantragen!","breadcrumb":{"@id":"https:\/\/www.stern.de\/vergleich\/kredit\/norisbank\/#breadcrumb"},"inLanguage":"de","potentialAction":[{"@type":"ReadAction","target":["https:\/\/www.stern.de\/vergleich\/kredit\/norisbank\/"]}]},{"@type":"ImageObject","inLanguage":"de","@id":"https:\/\/www.stern.de\/vergleich\/kredit\/norisbank\/#primaryimage","url":"http:\/\/work.vergleich.heidorn.gmbh\/vergleich\/wp-content\/uploads\/2018\/03\/autokredit.jpg","contentUrl":"http:\/\/work.vergleich.heidorn.gmbh\/vergleich\/wp-content\/uploads\/2018\/03\/autokredit.jpg"},{"@type":"BreadcrumbList","@id":"https:\/\/www.stern.de\/vergleich\/kredit\/norisbank\/#breadcrumb","itemListElement":[{"@type":"ListItem","position":1,"name":"Startseite","item":"http:\/\/www.crcg.de\/kreditvergleich\/"},{"@type":"ListItem","position":2,"name":"Norisbank \u2013 die verbraucherfreundliche Bank"}]},{"@type":"WebSite","@id":"http:\/\/www.crcg.de\/kreditvergleich\/#website","url":"http:\/\/www.crcg.de\/kreditvergleich\/","name":"Kreditvergleich gratis","description":"Gratis Kreditvergleich f\u00fcr Jedermann","potentialAction":[{"@type":"SearchAction","target":{"@type":"EntryPoint","urlTemplate":"http:\/\/www.crcg.de\/kreditvergleich\/?s={search_term_string}"},"query-input":{"@type":"PropertyValueSpecification","valueRequired":true,"valueName":"search_term_string"}}],"inLanguage":"de"}]}},"_links":{"self":[{"href":"http:\/\/www.crcg.de\/kreditvergleich\/wp-json\/wp\/v2\/pages\/69","targetHints":{"allow":["GET"]}}],"collection":[{"href":"http:\/\/www.crcg.de\/kreditvergleich\/wp-json\/wp\/v2\/pages"}],"about":[{"href":"http:\/\/www.crcg.de\/kreditvergleich\/wp-json\/wp\/v2\/types\/page"}],"author":[{"embeddable":true,"href":"http:\/\/www.crcg.de\/kreditvergleich\/wp-json\/wp\/v2\/users\/2"}],"replies":[{"embeddable":true,"href":"http:\/\/www.crcg.de\/kreditvergleich\/wp-json\/wp\/v2\/comments?post=69"}],"version-history":[{"count":9,"href":"http:\/\/www.crcg.de\/kreditvergleich\/wp-json\/wp\/v2\/pages\/69\/revisions"}],"predecessor-version":[{"id":1059,"href":"http:\/\/www.crcg.de\/kreditvergleich\/wp-json\/wp\/v2\/pages\/69\/revisions\/1059"}],"wp:attachment":[{"href":"http:\/\/www.crcg.de\/kreditvergleich\/wp-json\/wp\/v2\/media?parent=69"}],"curies":[{"name":"wp","href":"https:\/\/api.w.org\/{rel}","templated":true}]}}