{"id":188,"date":"2013-09-10T08:21:10","date_gmt":"2013-09-10T07:21:10","guid":{"rendered":"http:\/\/www.kreditvergleich-gratis.de\/?page_id=188"},"modified":"2018-08-20T09:38:06","modified_gmt":"2018-08-20T08:38:06","slug":"dsl-bank-privatkredit","status":"publish","type":"page","link":"http:\/\/www.crcg.de\/kreditvergleich\/dsl-bank-privatkredit\/","title":{"rendered":"DSL Bank &#8211; Privatkredit jetzt auf STERN.de"},"content":{"rendered":"<p>Der <a href=\"http:\/\/www.crcg.de\/kreditvergleich\/privatkredit\/\">Privatkredit<\/a> der DSL Bank sorgt f\u00fcr sp\u00fcrbar verbesserte Liquidit\u00e4t und eignet sich auch zur Erf\u00fcllung spontaner W\u00fcnsche. Er ist nicht zweckgebunden. Damit ein Kreditnehmer mit seinem pers\u00f6nlichen DSL Bank Privatkredit viel Freude hat, kombiniert dieser <a href=\"http:\/\/www.crcg.de\/kreditvergleich\/\">Kredit<\/a> als innovatives Finanzprodukt spontane Wunscherf\u00fcllung mit der notwendigen Sicherheit und Vernunft. Denn der Kunde hat die M\u00f6glichkeit eine Kreditabsicherung mit in den Vertrag aufzunehmen. Damit wird gew\u00e4hrleistet, dass die Tilgung des Kredites stets gew\u00e4hrleistet ist, gerade auch dann, wenn der Versicherungsfall w\u00e4hrend der Laufzeit eintreten sollte. Welchen Traum sich ein Kreditnehmer auch immer erf\u00fcllen m\u00f6chte, hier werden Tr\u00e4ume mit gutem Gewissen endlich Wirklichkeit. Sollte sich w\u00e4hrend der Laufzeit Entscheidendes im Leben ver\u00e4ndern, so braucht sich der Kreditnehmer dank der Kreditzusatzversicherung keine Sorgen um die Tilgung zu machen.<\/p>\n<p>Hier k\u00f6nnen Sie direkt bei der DSL Bank einen Kredit anfragen. Vorher muss noch die gew\u00fcnschte Kreditsumme, die Laufzeit und der Verwendungszweck angepasst werden:<\/p>\n<p><script src=\"https:\/\/embed.finanzcheck.de\/embed\/iframe.js?configuration=W33AaszzaVML&#038;amount=12000&#038;term=84&#038;productId=31&#038;subId=dsl-bank\"><\/script><\/p>\n<h2>Die vielen Vorteile eines Privatkredits der DSL Bank<\/h2>\n<p>Krankheit, Arbeitslosigkeit oder Arbeitsunf\u00e4higkeit k\u00f6nnen die R\u00fcckzahlung eines Kredites schnell gef\u00e4hrden. Die Kreditversicherung zum g\u00fcnstigen Beitrag sch\u00fctzt sicher vor all diesen Eventualit\u00e4ten, von denen nat\u00fcrlich niemand w\u00fcnscht, dass diese tats\u00e4chlich eintreten. Die noch f\u00e4lligen Raten werden im Falle eines Falles komplett von der Kreditversicherung \u00fcbernommen. Diese zus\u00e4tzliche M\u00f6glichkeit einer Kreditabsicherung ist gerade in der heutigen Zeit wichtig. Im Vergleich schneidet der DSL-Privatkredit durch den niedrig gebundenen Sollzins sehr gut ab. Zahlreiche Vorz\u00fcge und volle Flexibilit\u00e4t machen den DSL Bank <a href=\"http:\/\/www.crcg.de\/kreditvergleich\/privatkredit\/\">Privatkredit f\u00fcr Kreditnehmer<\/a> so attraktiv. Es stehen Kreditbetr\u00e4ge von 5000 bis 50000 Euro zur Verf\u00fcgung. Die Laufzeit kann flexibel zwischen 12 bis zu 120 Monaten gew\u00e4hlt werden.<\/p>\n<h3>Hohe Flexibilit\u00e4t und Barzahlerrabatte machen den DSL Bank Privatkredit so lukrativ<\/h3>\n<p>Auch die R\u00fcckzahlungsraten k\u00f6nnen ganz individuell nach Wunsch berechnet werden, dadurch ergibt sich bei der Tilgung die gr\u00f6\u00dftm\u00f6gliche Flexibilit\u00e4t. Die notwendige Kreditpr\u00fcfung wird rasch und unkompliziert vorgenommen. Bei einer Kreditzusage wird die vereinbarte Summe schnellstm\u00f6glich auf das Girokonto \u00fcberwiesen. Viele Kunden konnten sich bereits von den g\u00fcnstigen Konditionen gerade im direkten Vergleich mit anderen Finanzierungsformen \u00fcberzeugen. Die Kreditabl\u00f6sung bestehender teurer Kredite ist ebenfalls m\u00f6glich, so kann effektiv gespart werden. Bei Abschluss eines DSL Bank Privatkredits locken zudem satte Barzahlerrabatte. Denn wenn Teile der Kreditsumme zur Barzahlung verwendet werden, haben Verbraucher die Chance, dass ihnen gro\u00dfz\u00fcgige Rabatte einger\u00e4umt werden.<\/p>\n<h2>Die Immobilienfinanzierung der DSL<\/h2>\n<p>Neben dem Privatkredit bietet die DSL Bank auch eine <a title=\"Immobilienfinanzierung\" href=\"http:\/\/www.crcg.de\/kreditvergleich\/immobilienkredit\/\">Immobilienfinanzierung<\/a> an. Die Angebote richten sich nach Ihren Bed\u00fcrfnissen. Neben einem Annuit\u00e4tendarlehen, einem endf\u00e4lligem Darlehen, einem Darlehen mit variablen Zins wird auch die staatliche F\u00f6rderung unterst\u00fctzt. Beim Annuit\u00e4tendarlehen bleibt die monatliche Rate \u00fcber die gesamte Laufzeit gleich. Dies bedeutet nicht nur Planungssicherheit, sondern auch langfristig festgesetzte Zinsen. Bei den endf\u00e4lligen Darlehen wird die R\u00fcckzahlung erst zum Ende der Laufzeit f\u00e4llig. Diese Variante ist oft mit einem Bausparvertrag gekoppelt. Das &#8222;Variabler Zins&#8220; Darlehen hingehen passt den Zinssatz in vorgegebenen Zeitr\u00e4umen an die aktuelle Marktsituation an. Dar\u00fcber hinaus werden bei der <a href=\"http:\/\/www.crcg.de\/kreditvergleich\/immobilienkredit\/\">Immobilienfinanzierung<\/a> M\u00f6glichkeiten f\u00fcr staatliche F\u00f6rderungen \u00fcberpr\u00fcft und ggf. mit in die Finanzierung eingebunden.<\/p>\n<h2>Die DSL Bank<\/h2>\n<p>Der Name steht f\u00fcr Deutsche Siedlungs- und Landesrentenbank. Im Jahr 1850 wurde erlie\u00df der preu\u00dfische K\u00f6nig einen Erlass und begr\u00fcndete die Provinzial-Rentenbanken. Sie diente dazu, der Bev\u00f6lkerung einen leichteren Zugang zu Krediten zu erhalten. Die Finanzierung der Kredit lief \u00fcber die seit 1772 bestehenden sogenannten Seehandlung. Nach anf\u00e4nglichen Erl\u00f6sen durch den Handel auf See profitierete sie sp\u00e4ter von privaten Beteiligungen. Sp\u00e4ter wurde die Einrichtung zur preu\u00dfischen Staatsbank und in weiterer Folge zur Hausbank des Norddeutschen Bundes. Ab 1904 ist der offizielle Name: &#8222;K\u00f6nigliche Seehandlung (Preu\u00dfische Staatsbank)&#8220;. Nach dem zweiten Weltkrieg erhielt sie eine Zulassung zum Neugesch\u00e4ft und der Sitz wurde von Lotte nach Bonn verlegt. Im Jahr 1966 wurde die Siedlungsbank mit der Landesrentenbank zusammengelegt und in die Deutsche Siedlungs- und Landesrentenbank (DSL-Bank) umbenannt. Seit 1981 erlaubte die Bundesregierung das allgemine Kreditgesch\u00e4ft. Nach dem kompletten Verkauf der Anteile der Bundesregierung \u00fcbernahm die <a title=\"Deutsche Postbank AG\" href=\"http:\/\/www.crcg.de\/kreditvergleich\/postbank\/\">Deutsche Postbank AG<\/a> die Anteile.<\/p>\n<div class=\"alert alert-info\">Die Kredite der DSL Bank stehen auch alle in unserem <a title=\"Kreditvergleich\" href=\"http:\/\/www.crcg.de\/kreditvergleich\/\">Kreditvergleich<\/a> in den Sie \u00fcber unsere Startseite einsteigen k\u00f6nnen zur Verf\u00fcgung oder direkt hier.<\/div>\n\n<h2>DSL Ratenschutz und Kreditabsicherung<\/h2>\n<p>Unvorhersehbare Lebenssituationen k\u00f6nnen immer eintreten, damit der Kredit hierbei abgesichert ist, empfiehlt sich eine Restschuldversicherung. Der Ratenschutz ist eine gute Erg\u00e4nzung zum Privatkredit. Im Ratenschutz sind der Todesfall und eine l\u00e4ngere Arbeitsunf\u00e4higkeit abgesichert. Im Todesfall werden von der Versicherung die offenen Kreditraten \u00fcbernommen und die Hinterbliebenen fallen somit nicht in eine unvorhergesehene finanzielle Notsituation.<\/p>\n<p>Bei einer Arbeitsunf\u00e4higkeit tritt der Ratenschutz nach einer Wartezeit von 3 Monaten ein und \u00fcbernimmt die Zahlung der Kreditraten bis zu 12 Monate. F\u00fcr die Arbeitsunf\u00e4higkeit muss allerdings ein \u00e4rztliches Attest erbracht werden. Die monatliche Rate wird in die Kreditabsicherung einberechnet und sie erh\u00f6ht sich dadurch aber geringf\u00fcgig.<\/p>\n<p>Interessante Produktdetails:<\/p>\n<ul>\n<li><a href=\"http:\/\/www.crcg.de\/kreditvergleich\/umschuldungskredit\/\">Umschuldung<\/a>: Nein<\/li>\n<li>Sondertilgung: Sondertilgungen zu jederzeit, kostenfrei einmal im Jahr bis zu 50 Prozent der restlichen Summe<\/li>\n<li>Ratenstundung: Eine Stundung der Raten ist im Einzelfall zu vereinbaren<\/li>\n<li>Kreditversicherung: Optional m\u00f6glich<\/li>\n<li>Kontoverwaltung: Telefon und Postweg<\/li>\n<li>Speziell beim <a href=\"http:\/\/www.crcg.de\/kreditvergleich\/autokredit\/\">Autokredit<\/a>: Der Fahrzeugschein ist bei der Bank zu hinterlegen<\/li>\n<li>Widerrufsfrist: 14 Tage<\/li>\n<\/ul>\n<p>Die Antragsstrecke:<\/p>\n<ul>\n<li>Kreditanfrage: Online<\/li>\n<li>Kreditzusage: Erfolgt umgehend online<\/li>\n<li>Antragskosten: 0<\/li>\n<li>Legitimation: Video-Ident und Postident<\/li>\n<\/ul>\n<h2>Autokredit<\/h2>\n<p>Bei dem Autokredit fungiert die DSL-Bank als freier Vermittler exklusiv f\u00fcr Autoh\u00e4user, jedoch k\u00f6nnen die Konditionen frei gestaltet werden. Das Darlehen k\u00f6nnen ebenfalls Privatpersonen beantragen. Der Zinssatz zeigt sich attraktiv, jedoch sind im Formalen etliche Nachteile zu finden. Die Finanzierung bel\u00e4uft sich nicht nur auf teure Limousinen, sondern ebenso auf einen preiswerten Gebrauchten. Daher ist die niedrigste Kreditsumme von 3.000 Euro bestens geeignet, der maximale Betrag endet f\u00fcr ein h\u00f6herwertiges Fahrzeug bei 50.000 Euro.<\/p>\n<p>Die Kreditsumme ist frei w\u00e4hlbar, daher werden im <a href=\"http:\/\/www.crcg.de\/kreditvergleich\/kreditrechner\/\">Kreditrechner<\/a> Betr\u00e4ge wie beispielsweise 4.376 Euro ebenfalls akzeptiert. Die Laufzeit ist allerdings nicht so flexibel, diese bewegt sich zwischen 48 und 120 Monatsraten und kann nur in 12 Monats-Schritten gew\u00e4hlt werden. Neben der freien Verwendung beim Autokredit bietet sich zudem ein Zinsvorteil. Denn bei einem R\u00fcckstand der Raten kann die Bank das Auto schnell ver\u00e4u\u00dfern, um damit den Kredit ganz oder teilweise zu tilgen. Diese schnellere Verwertung der Sicherheit zeigt sich in einem Zinsvorteil.<\/p>\n<p>Von der DSL-Bank werden allerdings nur PKWs und Motorr\u00e4der finanziert, also keine Wohnmobile oder LKWs. Mit dem Autokredit k\u00f6nnen Neuwagen, neue Motorr\u00e4der und gebrauchte Fahrzeuge finanziert werden. Von der DSL-Bank werden ebenfalls keine Bearbeitungsgeb\u00fchren erhoben. Nach Pr\u00fcfung des Antrages erfolgt die Auszahlung des Darlehens innerhalb eines Tages, dies ist allerdings davon abh\u00e4ngig, wie zeitnah die Bank die ben\u00f6tigten Unterlagen erhalten hat.<\/p>\n<h2>Modernisierungskredit<\/h2>\n<p>Die DSL-Bank ist auch Spezialist f\u00fcr Immobilienfinanzierungen, denn es stehen neben herk\u00f6mmlichen Ratenkrediten auch Renovierungskredite im Angebot, wie hier der Modernisierungskredit. Mit diesem lassen sich Ma\u00dfnahmen zur Modernisierung und Substanzerhaltung im eigenen Heim finanzieren. Die DSL-Bank \u00fcberzeugt bei den Zinsen und vorzeitigen Teiltilgungen mit guten Rahmenbedingungen, dagegen stehen deutliche Nachteile bei der direkten Kredit-Beantragung und den M\u00f6glichkeiten der Kommunikation.<\/p>\n<p>Bei der Darlehensh\u00f6he bel\u00e4uft sich der minimalste Betrag auf 5.000 Euro bis maximal 50.000 Euro. Die H\u00f6he des Darlehens ist in diesem Rahmen frei w\u00e4hlbar. Die Laufzeit betr\u00e4gt mindestens 12 Monate, die maximale Laufzeit 120 Monate. Dabei kann die Dauer des Kredits in 12-Monatsschritten festgesetzt werden.<\/p>\n<p>Das Darlehen obliegt der Zweckbindung, daf\u00fcr ergibt sich allerdings ein deutlich g\u00fcnstigerer Zinssatz als bei einem freien <a href=\"http:\/\/www.crcg.de\/kreditvergleich\/ratenkredit\/\">Ratenkredit<\/a>. \u00dcber die Verwendung muss an die Bank ein Nachweis erbracht werden. Nach h\u00f6chstrichterlichen Urteilsspruch entf\u00e4llt auch hier eine Bearbeitungsgeb\u00fchr f\u00fcr Kredite. Sobald alle ben\u00f6tigten Unterlagen bei der Bank vorliegen, erfolgt eine recht z\u00fcgige Bearbeitung und innerhalb von 3 Werktagen wird die Kreditauszahlung vorgenommen.<\/p>\n<p>Eine Umschuldung ist aufgrund der Zweckbindung des Darlehens nur m\u00f6glich, wenn der bereits bestehende Kredit ebenfalls zur Modernisierung genutzt wurde. Bei der Kreditvergabe ist Voraussetzung, dass der Antragsteller mindestens 5 Jahre Besitzer der Immobilie ist. Von Selbstst\u00e4ndigen kann das Darlehen zudem nur in Anspruch genommen werden, sofern ein zweiter Kreditnehmer mit Festanstellung ebenfalls unterschreibt.<\/p>\n<h2>Privatkredit<\/h2>\n<p>Kunden der DSL-Bank k\u00f6nnen den Privatkredit durch bis zu 120 Monatsraten zur\u00fcckzahlen und somit sind verh\u00e4ltnism\u00e4\u00dfig niedrige Raten w\u00e4hlbar. Zudem bewilligt die Bank vergleichsweise viele Kreditantr\u00e4ge. Ein starker Vertreter ist der DSL-Privatkredit bei den Konsumkrediten nicht unbedingt, denn das Angebot weist in formalen Dingen deutliche Defizite gegen\u00fcber anderen Banken auf. Dar\u00fcber hinaus verf\u00fcgt das Institut \u00fcber keine \u201eDigitalisierung\u201c.<\/p>\n<p>F\u00fcr eine kleine Anschaffung eignet sich der Ratenkredit leider nicht, denn die niedrigste Summe kommt mit stolzen 5.000 Euro daher. \u00dcberraschenderweise f\u00e4llt der maximale Betrag von 50.000 Euro recht durchschnittlich aus. Die Kreditsumme ist in 100 Euro Schritten festzulegen. Die DSL-Bank weist auch ausdr\u00fccklich darauf hin, dass mit dem Darlehen eine Umschuldung vorgenommen werden kann. Die Darlehenslaufzeit ist zwischen 12 und 120 Monaten zu w\u00e4hlen und die Kreditlaufzeit erfolgt in einj\u00e4hrigen Schritten.<\/p>\n<p>Von Selbstst\u00e4ndigen kann auch hier der Kredit nur beantragt werden, wenn ein zweiter Antragsteller in Festanstellung mit unterschreibt. Au\u00dfer den Zinsen fallen entsprechend der gesetzlichen Rechtsprechung ebenfalls keine weiteren Geb\u00fchren an. Nach Pr\u00fcfung aller Unterlagen erfolgt die Auszahlung des Darlehens innerhalb eines Tages. Eine schnelle Gesamtabwicklung ist davon abh\u00e4ngig, wie schnell der Bank die notwendigen Unterlagen vorliegen.<\/p>\n","protected":false},"excerpt":{"rendered":"<p>Der Privatkredit der DSL Bank sorgt f\u00fcr sp\u00fcrbar verbesserte Liquidit\u00e4t und eignet sich auch zur Erf\u00fcllung spontaner W\u00fcnsche. Er ist nicht zweckgebunden. Damit ein Kreditnehmer mit seinem pers\u00f6nlichen DSL Bank Privatkredit viel Freude hat, kombiniert dieser Kredit als innovatives Finanzprodukt spontane Wunscherf\u00fcllung mit der notwendigen Sicherheit und Vernunft. Denn der Kunde hat die M\u00f6glichkeit eine [&hellip;]<\/p>\n","protected":false},"author":2,"featured_media":0,"parent":0,"menu_order":0,"comment_status":"open","ping_status":"closed","template":"","meta":{"footnotes":""},"class_list":["post-188","page","type-page","status-publish","hentry"],"yoast_head":"<!-- This site is optimized with the Yoast SEO plugin v26.8 - https:\/\/yoast.com\/product\/yoast-seo-wordpress\/ -->\n<title>DSL Bank: Jetzt Privatkredite zu g\u00fcnstigen Zinsen sichern<\/title>\n<meta name=\"description\" content=\"lll\u27a4 DSL Bank Kredit 2026 auf STERN.de \u2b50 Privatkredite bei der DSL Bank mit schneller Auszahlung &amp; Niedrig-Zins sichern! \u2705 Jetzt beantragen!\" \/>\n<meta name=\"robots\" content=\"index, follow, max-snippet:-1, max-image-preview:large, max-video-preview:-1\" \/>\n<link rel=\"canonical\" href=\"https:\/\/www.stern.de\/vergleich\/kredit\/dsl-bank\/\" \/>\n<meta property=\"og:locale\" content=\"de_DE\" \/>\n<meta property=\"og:type\" content=\"article\" \/>\n<meta property=\"og:title\" content=\"DSL Bank: Jetzt Privatkredite zu g\u00fcnstigen Zinsen sichern\" \/>\n<meta property=\"og:description\" content=\"lll\u27a4 DSL Bank Kredit 2026 auf STERN.de \u2b50 Privatkredite bei der DSL Bank mit schneller Auszahlung &amp; Niedrig-Zins sichern! \u2705 Jetzt beantragen!\" \/>\n<meta property=\"og:url\" content=\"https:\/\/www.stern.de\/vergleich\/kredit\/dsl-bank\/\" \/>\n<meta property=\"og:site_name\" content=\"Kreditvergleich gratis\" \/>\n<meta property=\"article:modified_time\" content=\"2018-08-20T08:38:06+00:00\" \/>\n<meta name=\"twitter:card\" content=\"summary_large_image\" \/>\n<meta name=\"twitter:label1\" content=\"Gesch\u00e4tzte Lesezeit\" \/>\n\t<meta name=\"twitter:data1\" content=\"8\u00a0Minuten\" \/>\n<script type=\"application\/ld+json\" class=\"yoast-schema-graph\">{\"@context\":\"https:\/\/schema.org\",\"@graph\":[{\"@type\":\"WebPage\",\"@id\":\"http:\/\/www.crcg.de\/kreditvergleich\/dsl-bank-privatkredit\/\",\"url\":\"https:\/\/www.stern.de\/vergleich\/kredit\/dsl-bank\/\",\"name\":\"DSL Bank: Jetzt Privatkredite zu g\u00fcnstigen Zinsen sichern\",\"isPartOf\":{\"@id\":\"http:\/\/www.crcg.de\/kreditvergleich\/#website\"},\"datePublished\":\"2013-09-10T07:21:10+00:00\",\"dateModified\":\"2018-08-20T08:38:06+00:00\",\"description\":\"lll\u27a4 DSL Bank Kredit 2026 auf STERN.de \u2b50 Privatkredite bei der DSL Bank mit schneller Auszahlung & Niedrig-Zins sichern! \u2705 Jetzt beantragen!\",\"breadcrumb\":{\"@id\":\"https:\/\/www.stern.de\/vergleich\/kredit\/dsl-bank\/#breadcrumb\"},\"inLanguage\":\"de\",\"potentialAction\":[{\"@type\":\"ReadAction\",\"target\":[\"https:\/\/www.stern.de\/vergleich\/kredit\/dsl-bank\/\"]}]},{\"@type\":\"BreadcrumbList\",\"@id\":\"https:\/\/www.stern.de\/vergleich\/kredit\/dsl-bank\/#breadcrumb\",\"itemListElement\":[{\"@type\":\"ListItem\",\"position\":1,\"name\":\"Startseite\",\"item\":\"http:\/\/www.crcg.de\/kreditvergleich\/\"},{\"@type\":\"ListItem\",\"position\":2,\"name\":\"DSL Bank &#8211; Privatkredit jetzt auf STERN.de\"}]},{\"@type\":\"WebSite\",\"@id\":\"http:\/\/www.crcg.de\/kreditvergleich\/#website\",\"url\":\"http:\/\/www.crcg.de\/kreditvergleich\/\",\"name\":\"Kreditvergleich gratis\",\"description\":\"Gratis Kreditvergleich f\u00fcr Jedermann\",\"potentialAction\":[{\"@type\":\"SearchAction\",\"target\":{\"@type\":\"EntryPoint\",\"urlTemplate\":\"http:\/\/www.crcg.de\/kreditvergleich\/?s={search_term_string}\"},\"query-input\":{\"@type\":\"PropertyValueSpecification\",\"valueRequired\":true,\"valueName\":\"search_term_string\"}}],\"inLanguage\":\"de\"}]}<\/script>\n<!-- \/ Yoast SEO plugin. -->","yoast_head_json":{"title":"DSL Bank: Jetzt Privatkredite zu g\u00fcnstigen Zinsen sichern","description":"lll\u27a4 DSL Bank Kredit 2026 auf STERN.de \u2b50 Privatkredite bei der DSL Bank mit schneller Auszahlung & Niedrig-Zins sichern! \u2705 Jetzt beantragen!","robots":{"index":"index","follow":"follow","max-snippet":"max-snippet:-1","max-image-preview":"max-image-preview:large","max-video-preview":"max-video-preview:-1"},"canonical":"https:\/\/www.stern.de\/vergleich\/kredit\/dsl-bank\/","og_locale":"de_DE","og_type":"article","og_title":"DSL Bank: Jetzt Privatkredite zu g\u00fcnstigen Zinsen sichern","og_description":"lll\u27a4 DSL Bank Kredit 2026 auf STERN.de \u2b50 Privatkredite bei der DSL Bank mit schneller Auszahlung & Niedrig-Zins sichern! \u2705 Jetzt beantragen!","og_url":"https:\/\/www.stern.de\/vergleich\/kredit\/dsl-bank\/","og_site_name":"Kreditvergleich gratis","article_modified_time":"2018-08-20T08:38:06+00:00","twitter_card":"summary_large_image","twitter_misc":{"Gesch\u00e4tzte Lesezeit":"8\u00a0Minuten"},"schema":{"@context":"https:\/\/schema.org","@graph":[{"@type":"WebPage","@id":"http:\/\/www.crcg.de\/kreditvergleich\/dsl-bank-privatkredit\/","url":"https:\/\/www.stern.de\/vergleich\/kredit\/dsl-bank\/","name":"DSL Bank: Jetzt Privatkredite zu g\u00fcnstigen Zinsen sichern","isPartOf":{"@id":"http:\/\/www.crcg.de\/kreditvergleich\/#website"},"datePublished":"2013-09-10T07:21:10+00:00","dateModified":"2018-08-20T08:38:06+00:00","description":"lll\u27a4 DSL Bank Kredit 2026 auf STERN.de \u2b50 Privatkredite bei der DSL Bank mit schneller Auszahlung & Niedrig-Zins sichern! \u2705 Jetzt beantragen!","breadcrumb":{"@id":"https:\/\/www.stern.de\/vergleich\/kredit\/dsl-bank\/#breadcrumb"},"inLanguage":"de","potentialAction":[{"@type":"ReadAction","target":["https:\/\/www.stern.de\/vergleich\/kredit\/dsl-bank\/"]}]},{"@type":"BreadcrumbList","@id":"https:\/\/www.stern.de\/vergleich\/kredit\/dsl-bank\/#breadcrumb","itemListElement":[{"@type":"ListItem","position":1,"name":"Startseite","item":"http:\/\/www.crcg.de\/kreditvergleich\/"},{"@type":"ListItem","position":2,"name":"DSL Bank &#8211; Privatkredit jetzt auf STERN.de"}]},{"@type":"WebSite","@id":"http:\/\/www.crcg.de\/kreditvergleich\/#website","url":"http:\/\/www.crcg.de\/kreditvergleich\/","name":"Kreditvergleich gratis","description":"Gratis Kreditvergleich f\u00fcr Jedermann","potentialAction":[{"@type":"SearchAction","target":{"@type":"EntryPoint","urlTemplate":"http:\/\/www.crcg.de\/kreditvergleich\/?s={search_term_string}"},"query-input":{"@type":"PropertyValueSpecification","valueRequired":true,"valueName":"search_term_string"}}],"inLanguage":"de"}]}},"_links":{"self":[{"href":"http:\/\/www.crcg.de\/kreditvergleich\/wp-json\/wp\/v2\/pages\/188","targetHints":{"allow":["GET"]}}],"collection":[{"href":"http:\/\/www.crcg.de\/kreditvergleich\/wp-json\/wp\/v2\/pages"}],"about":[{"href":"http:\/\/www.crcg.de\/kreditvergleich\/wp-json\/wp\/v2\/types\/page"}],"author":[{"embeddable":true,"href":"http:\/\/www.crcg.de\/kreditvergleich\/wp-json\/wp\/v2\/users\/2"}],"replies":[{"embeddable":true,"href":"http:\/\/www.crcg.de\/kreditvergleich\/wp-json\/wp\/v2\/comments?post=188"}],"version-history":[{"count":15,"href":"http:\/\/www.crcg.de\/kreditvergleich\/wp-json\/wp\/v2\/pages\/188\/revisions"}],"predecessor-version":[{"id":1071,"href":"http:\/\/www.crcg.de\/kreditvergleich\/wp-json\/wp\/v2\/pages\/188\/revisions\/1071"}],"wp:attachment":[{"href":"http:\/\/www.crcg.de\/kreditvergleich\/wp-json\/wp\/v2\/media?parent=188"}],"curies":[{"name":"wp","href":"https:\/\/api.w.org\/{rel}","templated":true}]}}