{"id":17,"date":"2013-06-19T15:16:38","date_gmt":"2013-06-19T14:16:38","guid":{"rendered":"http:\/\/www.kreditvergleich-gratis.de\/?page_id=17"},"modified":"2018-08-20T08:28:11","modified_gmt":"2018-08-20T07:28:11","slug":"ratenkredit","status":"publish","type":"page","link":"http:\/\/www.crcg.de\/kreditvergleich\/ratenkredit\/","title":{"rendered":"Ratenkredit Vergleich \u2013 g\u00fcnstigen Kredit beantragen und in Raten abzahlen"},"content":{"rendered":"<p>Beim Ratenkredit handelt es sich nicht um ein spezifisches Darlehen, sondern vielmehr um eine Darlehensgattung, zu der zahlreiche andere Kreditarten z\u00e4hlen. So geh\u00f6ren zum Beispiel Verwendungskredite mit regelm\u00e4\u00dfiger Ratenzahlung dazu. Ratenkredite, die auch h\u00e4ufig als Konsumentenkredite bezeichnet werden, dienen der Bezeichnung nach folgerichtig meist der Finanzierung von Konsumg\u00fctern ohne konkreten oder strikt gebundenen Verwendungszweck.<\/p>\n<p>Der Ratenkredit zeichnet sich durch seine fest vereinbarte und regelm\u00e4\u00dfige R\u00fcckzahlung beziehungsweise Tilgung aus und stellt damit kredittechnisch das Gegenst\u00fcck zum sogenannten revolvierenden <a href=\"http:\/\/www.crcg.de\/kreditvergleich\/\">Kredit<\/a> dar, welcher in vielerlei Hinsicht mit dem Dispositionskredit vergleichbar ist. Er kann etwa f\u00fcr nachfolgend genannte Verwendungszwecke genutzt werden, auch wenn h\u00e4ufig keine Zweckbindung im entsprechenden Kreditvertrag vereinbart wird:<\/p>\n<ul>\n<li>Baudarlehen<\/li>\n<li>Hypothekenfinanzierung<\/li>\n<li>Eigenheimdarlehen<\/li>\n<li>Renovierungskredit<\/li>\n<li><a title=\"Autokredit\" href=\"http:\/\/www.crcg.de\/kreditvergleich\/autokredit\/\">Autokredit<\/a><\/li>\n<li>Bootskredit<\/li>\n<li><a title=\"Studentendarlehen\" href=\"http:\/\/www.crcg.de\/kreditvergleich\/kredit-fuer-studenten\/\">Studentendarlehen<\/a><\/li>\n<li>Urlaubsdarlehen<\/li>\n<li><a title=\"Kleinkredit\" href=\"http:\/\/www.crcg.de\/kreditvergleich\/kleinkredit\/\">Kleinkredit<\/a><\/li>\n<\/ul>\n<p>Je nach Marketingabsicht gibt es noch viele andere Unterarten und spezifische Bezeichnungen, mit denen der Ratenkredit gemeint ist.<\/p>\n<h2>Definitionen des Begriffs Raten-Kredit<\/h2>\n<p>Der Begriff Raten-Kredit wird nicht \u00fcberall gleich definiert. Im Englischen wird beispielsweise unter einem Ratenkredit ein Darlehen verstanden, bei dem einem Verbraucher \u2013 dem Kreditnehmer \u2013 eine gewisse Geldsumme zu Konsumzwecken \u00fcber einen festen Zeitraum bereitgestellt wird. Er stellt demnach eine Form des Verbraucherkredits dar. Zu dieser Kreditgattung geh\u00f6ren ebenso Kreditkarten, Kundenkarten, <a href=\"http:\/\/www.crcg.de\/kreditvergleich\/privatkredit\/\">Privatkredite<\/a>, Verbraucherlinienkredite, Produktkredite und Hypotheken. Dabei gilt der Ratenkredit insbesondere im angels\u00e4chsischen Raum als deutlich weniger h\u00e4ufig verbreitet wie etwa im deutschsprachigen Raum.<\/p>\n<p>Im Deutschen wird die Definition zum Raten-Kredit deutlich enger gefasst. So handelt es sich hierzulande bei einem Darlehen mit Ratenr\u00fcckzahlungsmodell um einen Kredit, der zum Beispiel nach Meinung des Gabler-Lexikons \u201ein einer Summe zur Verf\u00fcgung gestellt\u201c wird \u201eund durch Teilbetr\u00e4ge (Raten) zu tilgen ist. Er kommt als Konsumentenkredit, Teilzahlungsdarlehen oder Verbraucherdarlehen vor, der an private Haushalte zur Finanzierung von Konsumg\u00fctern gew\u00e4hrt wird (Ratenkredit im engeren Sinne), und als Produktivkredit an Gewerbetreibende und Selbstst\u00e4ndige zur Finanzierung von Investitionen (Gegenst\u00e4nde des Anlageverm\u00f6gens).\u201c<\/p>\n<p>Tragende Eigenschaft des Ratenkredits im deutschsprachigen Raum ist also, dass dem Kreditnehmer eine gewisse Geldsumme zur Verf\u00fcgung gestellt wird, die er in festgelegten Raten zur\u00fcckzahlt.<\/p>\n<h2>Haupteigenschaften des Ratenkredits<\/h2>\n<p>Zu den Haupteigenschaften, mit denen der Ratenkredit ausgestattet ist, geh\u00f6ren neben einer regelm\u00e4\u00dfigen R\u00fcckzahlung vor allem die klare Rechtsstruktur, die im Kreditvertrag festgelegten Modalit\u00e4ten und die Transparenz. Genau diese Eigenschaften zeichnen den Ratenkredit in einem besonderen Sinne aus.<\/p>\n<p>Vor diesem Hintergrund lassen sich einige Eigenschaften aufz\u00e4hlen, die den klassischen Raten-Kredit ausmachen:<\/p>\n<ul>\n<li>Klassische Laufzeiten meist zwischen 12 und 72 Monaten<\/li>\n<li>H\u00e4ufig wird eine einmalige Bearbeitungsgeb\u00fchr berechnet<\/li>\n<li>Ratenkredite werden in der Regel nur mit der Bereitstellung von Sicherheiten gew\u00e4hrt<\/li>\n<li>Wird heutzutage sehr oft mit variablen Zinsmodalit\u00e4ten bereitgestellt<\/li>\n<\/ul>\n<div class=\"alert alert-info\">Dar\u00fcber hinaus gibt es eine spezifische Unterart des <a href=\"http:\/\/www.crcg.de\/kreditvergleich\/ratenkredit\/\">Ratenkredits<\/a>, den sogenannten Finanzkauf, der jedoch nicht alle klassischen Merkmale eines Ratenkredits vereint. Aufgrund von Marketinggr\u00fcnden wird der Finanzkauf h\u00e4ufig als 0-Prozent-Finanzierung bereitgestellt, sodass gar keine Zinsbelastungen auf den Kreditnehmer zukommen.<\/div>\n\n<h2>Die Tilgungsmodelle des Ratenkredits<\/h2>\n<p>Beim Ratenkredit wird zwischen verschiedenen Tilgungsmodellen unterschieden, die im Rahmen eines entsprechenden Kreditvertrages Anwendung finden. Nachfolgend sind die verschiedenen Tilgungsarten tabellarisch gelistet:<\/p>\n<div class=\"table-responsive\">\n<table>\n<tbody>\n<tr>\n<th>Tilgungsart<\/th>\n<th>Erkl\u00e4rung<\/th>\n<\/tr>\n<tr>\n<td>Ratentilgung mit Schlusszahlung<\/td>\n<td>Bei dieser Tilgungsart wird eine \u00fcber den Kreditzeitraum gleichbleibende Rate an den Kreditgeber zur\u00fcckgezahlt, die jedoch nicht der kompletten Kreditsumme plus Zinsen entspricht. Eine Schlusszahlung gleicht die Differenz zwischen der Gesamtsumme aller Tilgungssummen und der Gesamtkreditsumme inklusive Zinskosten aus.<\/td>\n<\/tr>\n<tr>\n<td>Ratentilgung mit Anfangszahlung<\/td>\n<td>Auch in diesem Fall wird eine \u00fcber den Kreditzeitraum gleichbleibende Rate an den Kreditgeber zur\u00fcckgezahlt, die jedoch nicht der kompletten Kreditsumme plus Zinsen entspricht. Eine Anfangszahlung gleicht die Differenz zwischen der Gesamtsumme aller Tilgungssummen und der Gesamtkreditsumme inklusive Zinskosten aus.<\/td>\n<\/tr>\n<tr>\n<td>Ratentilgung ohne Anfangs- und Schlusszahlung<\/td>\n<td>Bei dieser Tilgungsart wird eine \u00fcber den Kreditzeitraum gleichbleibende Rate an den Kreditgeber zur\u00fcckgezahlt, die zugleich der kompletten Kreditsumme plus Zinsen entspricht.<\/td>\n<\/tr>\n<\/tbody>\n<\/table>\n<\/div>\n<p>S\u00e4mtliche Tilgungsmodelle haben eine gleichbleibende R\u00fcckzahlung der Kreditsumme gemein, die entweder monatlich oder aber in anderen regelm\u00e4\u00dfigen Abst\u00e4nden erfolgt. Aufgeschlagen werden die jeweils f\u00e4lligen Zinsen auf die Restschuldsumme. Dieses Tilgungsmodell mit regelm\u00e4\u00dfigen Tilgungszahlungen unterscheidet den Ratenkredit zum Beispiel vom sogenannten Annuit\u00e4tendarlehen.<\/p>\n<p>Bei dieser Darlehensart wird eine \u00fcber die vereinbarte Kreditlaufzeit stets gleichbleibende Ratenzahlung get\u00e4tigt. Diese Raten, die sich aus der Tilgung und den Zinsen f\u00fcr die verbleibende Restsumme zusammensetzen, werden in immer gleichhohen Summen \u00fcber einen bestimmten Zeitraum an den Kreditgeber zur\u00fcckgezahlt. Da die Restsumme mit jeder Ratenzahlung sinkt, sinken auch die zu zahlenden Zinsen und das Verh\u00e4ltnis von Tilgung und Zinszahlung verschiebt sich w\u00e4hrend der Laufzeit immer mehr zugunsten der Tilgung. Ein solches Annuit\u00e4tendarlehen kommt vorwiegend bei Immobilienkrediten oder beim Kauf derer Automobile zum Einsatz und zeichnet sich durch einen \u00fcber l\u00e4ngere Zeit festgelegten Fixzinssatz aus.<\/p>\n<p>Beim klassischen Ratenkredit hingegen ist die Tilgungssumme festgelegt und wird jeden Monat in gleicher H\u00f6he zur\u00fcckgezahlt, die anfallenden Zinsen auf die Restschuldsumme, die hier auch mit jeder Zahlung kleiner wird, werden jeweils auf die feste Tilgungssumme aufgeschlagen, so dass sich bei gleichbleibender Tilgung differierende Monatsraten ergeben, die zum Ende der Laufzeit immer geringer werden. Die H\u00f6he der zu zahlenden Zinsen ist dabei zus\u00e4tzlich abh\u00e4ngig vom Zinsniveau, da klassische Ratenkredite oft mit variablem Zinssatz angeboten werden. Der Ratenkreditrechner f\u00fcr Kredite auf STERN.de hilft dabei, festzustellen, ob f\u00fcr den eigenen Zweck ein Annuit\u00e4tendarlehen mit Zinsbindung und gleichbleibender monatlicher Rate oder ein Ratenkredit mit sinkender monatlicher Rate und variablem Zinssatz besser geeignet ist.<\/p>\n<h2>Verbreitung des Ratenkredits<\/h2>\n<p>Laut Kredit-Kompass der SCHUFA gab es im Jahr 2016 insgesamt rund 7,7 Millionen neue Ratenkreditabschl\u00fcsse in Deutschland und somit etwa 229.000 mehr als noch im Jahr 2015. Die Gesamtzahl der laufenden Ratenkredite belief sich zum Ende 2016 auf 17,4 Millionen, was einen nur geringen Zuwachs von 0,4 % gegen\u00fcber dem Jahr 2015 darstellt. Wie die SCHUFA in ihrem j\u00e4hrlich erscheinenden Kredit-Kompass mitteilt, werden Ratenkredite besonders h\u00e4ufig von Personen im Alter zwischen 25 und 59 Jahren in Anspruch genommen, wobei entgegen dem herrschenden Trend vor allem bei der Altersgruppe von 55 bis 69 Jahre eine \u00fcberdurchschnittlich hohe Zunahme an Kreditaufnahmen und laufenden Krediten zu verzeichnen war. Insgesamt gesehen bleibt die Anzahl aufgenommener Ratenkredite seit 2010 recht konstant und liegt zwischen 17,2 Millionen (2011) und knapp 17,7 Millionen (2013). Ein Anstieg hingegen ist seit 2013 bei der durchschnittlichen Kredith\u00f6he zu verzeichnen. Sie stieg von 7.996 \u20ac im Jahr 2013 auf 10.225 \u20ac im Jahr 2016. Bei den Kleinkrediten unter 1.000 \u20ac ist dagegen ein R\u00fcckgang zu verzeichnen. (Quelle: <a href=\"https:\/\/www.schufa.de\/media\/editorial\/themenportal\/kredit_kompass_2017\/SCHUFA_Kredit-Kompass_2017_neu.pdf\" rel=\"nofollow\">Schufa<\/a>)<\/p>\n<p>Es gibt noch weitere Statistiken, die je nach Aktualit\u00e4t zu Ratenkrediten in Deutschland ver\u00f6ffentlicht werden und ein Indiz darauf geben, wie hoch der Verbreitungsgrad dieser Darlehensart hierzulande ist. So kommt das Statistikportal Statista zum Entschluss, dass der Ratenkredit als Finanzierungsform f\u00fcr 14 % aller Befragten laut einer Umfrage aus dem Jahre 2009 unter dem Titel \u201eKredite und Finanzierungsformen\u201c infrage kommt. Lediglich der Dispositionskredit ist aufgrund seiner einfachen Einr\u00e4umung mit 16 % noch beliebter, wobei angemerkt werden muss, dass die Konditionen und Zinss\u00e4tze des Dispositionskredits deutlich schlechter sind als die des Ratenkredits und der Raten-Kredit somit immer die g\u00fcnstigere Variante darstellt.<\/p>\n<p>Ebenfalls interessant ist die von afinu ver\u00f6ffentlichte Grafik zur Restschuldverteilung bei Ratenkrediten nach verschiedenen Altersgruppen, die ebenfalls f\u00fcr das Jahr 2012 gelten. Demnach wies die Altersgruppe zwischen 45 und 49 Jahren mit 10.440 Euro die h\u00f6chste Restschuld auf, gefolgt von der benachbarten Altersgruppe zwischen 50 und 54 Jahren mit 10.413 Euro.<\/p>\n<div id=\"ratenkreditrestschuld\"><\/div>\n<p>Quelle: affinu.de &#8211; Verteilung der Restschuld bei Ratenkrediten nach Altersgruppen<\/p>\n<p>F\u00fcr das Jahr 2016 schwankten die effektiven Jahreszinsen f\u00fcr Konsumentenkredite zwischen 5,78 und 6 % mit einem Durchschnittswert von 5,91 %. Im Vergleich zum Vorjahr 2015 lie\u00df sich hier ein Anstieg um 0,17 % verzeichnen. Beim Kreditabschluss im Internet sind die Zinsen dabei um bis zu 1,7 % g\u00fcnstiger als in der Filialbank. Ein Vergleich beim Ratenkredit lohnt daher immer und wenn ein g\u00fcnstiger Ratenkredit gesucht wird, sollten Online Banken immer in den Vergleich einbezogen werden. Mit 23 % waren Raten-Kredite auch 2016 die am h\u00e4ufigsten genutzte Kreditform der Deutschen, wobei sie am h\u00e4ufigsten von verheirateten M\u00e4nnern im Alter von 48 Jahren aufgenommen wurden und die durchschnittliche Kredith\u00f6he lag bei 9.330 \u20ac. (Quelle: <a href=\"https:\/\/www.smava.de\/blog\/finanz-news\/zinsen-fuer-konsumentenkredite-werden-2017-kaum-sinken\/\" rel=\"nofollow\">Smava.de<\/a>)<\/p>\n<h2>Anbieter im Ratenkreditrechner<\/h2>\n<p>Seitdem es Online- und Direktbanken gibt, haben Sie als Kreditnehmer die M\u00f6glichkeit, von einer unglaublich gro\u00dfen Angebotsvielfalt zu profitieren. Bei diesem gro\u00dfen Angebot ist es jedoch ungemein wichtig, nicht den erstbesten Raten-Kredit zu w\u00e4hlen, sondern einen gr\u00fcndlichen Ratenkredit Vergleich anzustellen. Anbieter von Ratenkrediten sehen die Bonit\u00e4t des Kreditnehmers als wichtigstes Indiz f\u00fcr die Kalkulation der Zinsen und unterbreiten jedem Kunden basierend auf seiner Bonit\u00e4t ein individuelles Angebot, doch nicht alle Banken beurteilen die Bonit\u00e4t in gleicher Weise, so dass sich Vergleiche durchaus lohnen, wenn man ein Ratendarlehen berechnen m\u00f6chte.<\/p>\n<p>F\u00fcr Kreditnehmer ist es dar\u00fcber hinaus besonders wichtig, zwischen seri\u00f6sen und bekannten Kreditgebern zu w\u00e4hlen, um bei der Kreditbestimmung nicht zu hohe Belastungen zu haben. Klingt das Angebot eines unbekannten Kreditanbieters zu gut um wahr zu sein, dann ist es das meist auch und die T\u00fccken liegen im Kleingedruckten. Von Anbietern, die deutlich g\u00fcnstigere Konditionen versprechen als die Konkurrenz und mit Zinss\u00e4tzen locken, die 4 oder gar 5 % unter dem \u00fcblichen Zinssatz liegen, sollten Verbraucher daher besser die Finger lassen. Dar\u00fcber hinaus versuchen Kreditvermittler versuchen in einigen F\u00e4llen, \u00fcber die Zinsen ihre Vermittlungsgeb\u00fchr zu erh\u00f6hen, so dass auch bei der Wahl eines Kreditvermittlers genau hingeschaut werden muss.<\/p>\n<p>Schwankungen in H\u00f6he von 1-2 % k\u00f6nnen bei den unterschiedlichen Kreditanbietern jedoch schnell auftreten und insbesondere die die Online Banken bieten hier g\u00fcnstige Konditionen. So gut wie jedes in Deutschland ans\u00e4ssige Kreditinstitut, das ein Privatkundengesch\u00e4ft aufweist, bietet den Ratenkredit als Finanzierungsprodukt in seinem Sortiment an. S\u00e4mtliche Marktteilnehmer zu nennen, w\u00fcrde an dieser Stelle den Rahmen sprengen, weshalb nachfolgend lediglich die wichtigsten Ratenkreditanbieter aufgelistet sind:<\/p>\n<ul>\n<li>Deutsche Kreditbank (<a title=\"DKB\" href=\"http:\/\/www.crcg.de\/kreditvergleich\/dkb\/\">DKB<\/a>)<\/li>\n<li><a title=\"Targobank\" href=\"http:\/\/www.crcg.de\/kreditvergleich\/targobank\/\">Targobank<\/a><\/li>\n<li>DKV Bank<\/li>\n<li>Deutsche Bank<\/li>\n<li><a title=\"Postbank Kredit\" href=\"http:\/\/www.crcg.de\/kreditvergleich\/postbank\/\">Postbank Kredit<\/a><\/li>\n<li>Santander<\/li>\n<li><a title=\"Creditplus\" href=\"http:\/\/www.crcg.de\/kreditvergleich\/creditplus\/\">Creditplus<\/a><\/li>\n<li><a title=\"Barclaycard Kredit\" href=\"http:\/\/www.crcg.de\/kreditvergleich\/barclaycard\/\">Barclaycard Kredit<\/a><\/li>\n<li><a href=\"http:\/\/www.crcg.de\/kreditvergleich\/netbank\/\">Netbank<\/a><\/li>\n<li><a title=\"DSL Bank\" href=\"http:\/\/www.crcg.de\/kreditvergleich\/dsl-bank-privatkredit\/\">DSL Bank<\/a><\/li>\n<li><a href=\"http:\/\/www.crcg.de\/kreditvergleich\/swk-bank\/\">SWK Bank<\/a><\/li>\n<li><a title=\"ING-DiBa\" href=\"http:\/\/www.crcg.de\/kreditvergleich\/ing-diba\/\">ING-DiBa<\/a><\/li>\n<li>1822direkt<\/li>\n<li>Audi Bank<\/li>\n<li><a title=\"Norisbank Kredit\" href=\"http:\/\/www.crcg.de\/kreditvergleich\/norisbank\/\">Norisbank Kredit<\/a><\/li>\n<li>Oyak Anker Bank<\/li>\n<li>Volkswagen Bank<\/li>\n<\/ul>\n<p>Zahlreiche Ratenkredite aus unserem Online Ratenkreditrechner werden zu gro\u00dfen Teilen noch immer station\u00e4r beantragt oder gew\u00e4hrt.<br \/>\nDa die Zinsen bei einem <a href=\"http:\/\/www.crcg.de\/kreditvergleich\/onlinekredit\/\">Online Kredit<\/a> jedoch um einiges niedriger liegen k\u00f6nnen als bei einem Angebot einer Filialbank, sollten Verbraucher immer, wenn sie einen Ratenkredit berechnen, auch die Angebote von Online-Banken einbeziehen.<\/p>\n<h2>Ratenkredit Vergleich via Vergleichsrechner<\/h2>\n<p>\u00dcber den <a href=\"http:\/\/www.crcg.de\/kreditvergleich\/kreditrechner\/\">Kreditvergleichsrechner<\/a> auf STERN.de lassen sich in wenigen Schritten zahlreiche Angebote renommierter Kreditgeber des Ratenkredits miteinander vergleichen. Als Vergleichsgrundsatz dienen beim Ratenkredit Vergleich<\/p>\n<ul>\n<li>die monatliche Rate<\/li>\n<li>der effektive Jahreszins abh\u00e4ngig von der Laufzeit<\/li>\n<li>die Tilgungsflexibilit\u00e4t, mit denen die Darlehen ausgestattet sind<\/li>\n<\/ul>\n<p>Darauf gilt es auch f\u00fcr Sie im Ratenkredit Vergleich zu achten, wenn Sie sich dazu entschlie\u00dfen, vor der Beantragung eines Ratenkredits zun\u00e4chst einmal den Markt zu sondieren und eine aktuelle Angebots\u00fcbersicht zu erhalten.<\/p>\n<p>Um den Ratenkredit Vergleich auf <a href=\"http:\/\/www.crcg.de\/kreditvergleich\/\">STERN.de<\/a> zu starten, m\u00fcssen nur wenige Eingaben get\u00e4tigt werden. Dazu geh\u00f6ren etwa die Bestimmung des Kreditbetrags, der Laufzeit und des Verwendungszwecks des Kredits. Mit Hilfe dieser Angaben kann sogar direkt beim Vergleichen der Ratenkreditangebote die Suche eingegrenzt werden, etwa um ausschlie\u00dflich Ratenkredite zu finden, die f\u00fcr die Finanzierung eines Autos, neuer M\u00f6bel oder des Urlaubs infrage kommen, da diese zweckgebundenen Kredite oftmals zu g\u00fcnstigeren Konditionen vergeben werden als freie, nicht zweckgebundene Kredite. Nach Eingabe der Eckdaten l\u00e4sst sich der Markt direkt per Mausklick problemlos differenzieren und Sie k\u00f6nnen bequem Ihr Ratendarlehen berechnen und die besten Angebote heraussuchen.<\/p>\n<p>Beachten Sie dabei jedoch, dass es sich bei den Ergebnissen immer nur um unverbindliche Angebote handelt, um ein verbindliches Angebot f\u00fcr einen Ratenkredit berechnen zu lassen, m\u00fcssen Sie eine individuelle anfrage an den jeweiligen Kreditanbieter stellen. Der Ratenkredit Vergleich bietet Ihnen jedoch einen guten ersten \u00dcberblick dar\u00fcber, bei welchem Kreditinstitut ein g\u00fcnstiger Ratenkredit angeboten wird und hilft Ihnen, die Liste der infrage kommenden Kreditgeber einzugrenzen. Ein gr\u00fcndlicher Vergleich beim Ratenkredit kann durchaus einiges an Geld einsparen, so dass Sie unseren praktischen und komfortablen Ratenkreditrechner f\u00fcr Kredite auf jeden Fall nutzen sollten, bevor Sie einen Raten-Kredit aufnehmen.<\/p>\n","protected":false},"excerpt":{"rendered":"<p>Beim Ratenkredit handelt es sich nicht um ein spezifisches Darlehen, sondern vielmehr um eine Darlehensgattung, zu der zahlreiche andere Kreditarten z\u00e4hlen. So geh\u00f6ren zum Beispiel Verwendungskredite mit regelm\u00e4\u00dfiger Ratenzahlung dazu. Ratenkredite, die auch h\u00e4ufig als Konsumentenkredite bezeichnet werden, dienen der Bezeichnung nach folgerichtig meist der Finanzierung von Konsumg\u00fctern ohne konkreten oder strikt gebundenen Verwendungszweck. Der [&hellip;]<\/p>\n","protected":false},"author":2,"featured_media":0,"parent":0,"menu_order":0,"comment_status":"open","ping_status":"closed","template":"","meta":{"footnotes":""},"class_list":["post-17","page","type-page","status-publish","hentry"],"yoast_head":"<!-- This site is optimized with the Yoast SEO plugin v26.8 - https:\/\/yoast.com\/product\/yoast-seo-wordpress\/ -->\n<title>Ratenkredit Vergleich 2026: G\u00fcnstige Ratenkredite ab 0,69% Zins<\/title>\n<meta name=\"description\" content=\"lll\u27a4 Ratenkredit Vergleich auf STERN.de \u2b50 Schnelle Auszahlung + flexible Raten + T\u00dcV-gepr\u00fcft \u2705 Jetzt Ratenkreditrechner nutzen und Kredit beantragen!\" \/>\n<meta name=\"robots\" content=\"index, follow, max-snippet:-1, max-image-preview:large, max-video-preview:-1\" \/>\n<link rel=\"canonical\" href=\"https:\/\/www.stern.de\/vergleich\/kredit\/ratenkredit\/\" \/>\n<meta property=\"og:locale\" content=\"de_DE\" \/>\n<meta property=\"og:type\" content=\"article\" \/>\n<meta property=\"og:title\" content=\"Ratenkredit Vergleich 2026: G\u00fcnstige Ratenkredite ab 0,69% Zins\" \/>\n<meta property=\"og:description\" content=\"lll\u27a4 Ratenkredit Vergleich auf STERN.de \u2b50 Schnelle Auszahlung + flexible Raten + T\u00dcV-gepr\u00fcft \u2705 Jetzt Ratenkreditrechner nutzen und Kredit beantragen!\" \/>\n<meta property=\"og:url\" content=\"https:\/\/www.stern.de\/vergleich\/kredit\/ratenkredit\/\" \/>\n<meta property=\"og:site_name\" content=\"Kreditvergleich gratis\" \/>\n<meta property=\"article:modified_time\" content=\"2018-08-20T07:28:11+00:00\" \/>\n<meta name=\"twitter:card\" content=\"summary_large_image\" \/>\n<meta name=\"twitter:label1\" content=\"Gesch\u00e4tzte Lesezeit\" \/>\n\t<meta name=\"twitter:data1\" content=\"10\u00a0Minuten\" \/>\n<script type=\"application\/ld+json\" class=\"yoast-schema-graph\">{\"@context\":\"https:\/\/schema.org\",\"@graph\":[{\"@type\":\"WebPage\",\"@id\":\"http:\/\/www.crcg.de\/kreditvergleich\/ratenkredit\/\",\"url\":\"https:\/\/www.stern.de\/vergleich\/kredit\/ratenkredit\/\",\"name\":\"Ratenkredit Vergleich 2026: G\u00fcnstige Ratenkredite ab 0,69% Zins\",\"isPartOf\":{\"@id\":\"http:\/\/www.crcg.de\/kreditvergleich\/#website\"},\"datePublished\":\"2013-06-19T14:16:38+00:00\",\"dateModified\":\"2018-08-20T07:28:11+00:00\",\"description\":\"lll\u27a4 Ratenkredit Vergleich auf STERN.de \u2b50 Schnelle Auszahlung + flexible Raten + T\u00dcV-gepr\u00fcft \u2705 Jetzt Ratenkreditrechner nutzen und Kredit beantragen!\",\"breadcrumb\":{\"@id\":\"https:\/\/www.stern.de\/vergleich\/kredit\/ratenkredit\/#breadcrumb\"},\"inLanguage\":\"de\",\"potentialAction\":[{\"@type\":\"ReadAction\",\"target\":[\"https:\/\/www.stern.de\/vergleich\/kredit\/ratenkredit\/\"]}]},{\"@type\":\"BreadcrumbList\",\"@id\":\"https:\/\/www.stern.de\/vergleich\/kredit\/ratenkredit\/#breadcrumb\",\"itemListElement\":[{\"@type\":\"ListItem\",\"position\":1,\"name\":\"Startseite\",\"item\":\"http:\/\/www.crcg.de\/kreditvergleich\/\"},{\"@type\":\"ListItem\",\"position\":2,\"name\":\"Ratenkredit Vergleich \u2013 g\u00fcnstigen Kredit beantragen und in Raten abzahlen\"}]},{\"@type\":\"WebSite\",\"@id\":\"http:\/\/www.crcg.de\/kreditvergleich\/#website\",\"url\":\"http:\/\/www.crcg.de\/kreditvergleich\/\",\"name\":\"Kreditvergleich gratis\",\"description\":\"Gratis Kreditvergleich f\u00fcr Jedermann\",\"potentialAction\":[{\"@type\":\"SearchAction\",\"target\":{\"@type\":\"EntryPoint\",\"urlTemplate\":\"http:\/\/www.crcg.de\/kreditvergleich\/?s={search_term_string}\"},\"query-input\":{\"@type\":\"PropertyValueSpecification\",\"valueRequired\":true,\"valueName\":\"search_term_string\"}}],\"inLanguage\":\"de\"}]}<\/script>\n<!-- \/ Yoast SEO plugin. -->","yoast_head_json":{"title":"Ratenkredit Vergleich 2026: G\u00fcnstige Ratenkredite ab 0,69% Zins","description":"lll\u27a4 Ratenkredit Vergleich auf STERN.de \u2b50 Schnelle Auszahlung + flexible Raten + T\u00dcV-gepr\u00fcft \u2705 Jetzt Ratenkreditrechner nutzen und Kredit beantragen!","robots":{"index":"index","follow":"follow","max-snippet":"max-snippet:-1","max-image-preview":"max-image-preview:large","max-video-preview":"max-video-preview:-1"},"canonical":"https:\/\/www.stern.de\/vergleich\/kredit\/ratenkredit\/","og_locale":"de_DE","og_type":"article","og_title":"Ratenkredit Vergleich 2026: G\u00fcnstige Ratenkredite ab 0,69% Zins","og_description":"lll\u27a4 Ratenkredit Vergleich auf STERN.de \u2b50 Schnelle Auszahlung + flexible Raten + T\u00dcV-gepr\u00fcft \u2705 Jetzt Ratenkreditrechner nutzen und Kredit beantragen!","og_url":"https:\/\/www.stern.de\/vergleich\/kredit\/ratenkredit\/","og_site_name":"Kreditvergleich gratis","article_modified_time":"2018-08-20T07:28:11+00:00","twitter_card":"summary_large_image","twitter_misc":{"Gesch\u00e4tzte Lesezeit":"10\u00a0Minuten"},"schema":{"@context":"https:\/\/schema.org","@graph":[{"@type":"WebPage","@id":"http:\/\/www.crcg.de\/kreditvergleich\/ratenkredit\/","url":"https:\/\/www.stern.de\/vergleich\/kredit\/ratenkredit\/","name":"Ratenkredit Vergleich 2026: G\u00fcnstige Ratenkredite ab 0,69% Zins","isPartOf":{"@id":"http:\/\/www.crcg.de\/kreditvergleich\/#website"},"datePublished":"2013-06-19T14:16:38+00:00","dateModified":"2018-08-20T07:28:11+00:00","description":"lll\u27a4 Ratenkredit Vergleich auf STERN.de \u2b50 Schnelle Auszahlung + flexible Raten + T\u00dcV-gepr\u00fcft \u2705 Jetzt Ratenkreditrechner nutzen und Kredit beantragen!","breadcrumb":{"@id":"https:\/\/www.stern.de\/vergleich\/kredit\/ratenkredit\/#breadcrumb"},"inLanguage":"de","potentialAction":[{"@type":"ReadAction","target":["https:\/\/www.stern.de\/vergleich\/kredit\/ratenkredit\/"]}]},{"@type":"BreadcrumbList","@id":"https:\/\/www.stern.de\/vergleich\/kredit\/ratenkredit\/#breadcrumb","itemListElement":[{"@type":"ListItem","position":1,"name":"Startseite","item":"http:\/\/www.crcg.de\/kreditvergleich\/"},{"@type":"ListItem","position":2,"name":"Ratenkredit Vergleich \u2013 g\u00fcnstigen Kredit beantragen und in Raten abzahlen"}]},{"@type":"WebSite","@id":"http:\/\/www.crcg.de\/kreditvergleich\/#website","url":"http:\/\/www.crcg.de\/kreditvergleich\/","name":"Kreditvergleich gratis","description":"Gratis Kreditvergleich f\u00fcr Jedermann","potentialAction":[{"@type":"SearchAction","target":{"@type":"EntryPoint","urlTemplate":"http:\/\/www.crcg.de\/kreditvergleich\/?s={search_term_string}"},"query-input":{"@type":"PropertyValueSpecification","valueRequired":true,"valueName":"search_term_string"}}],"inLanguage":"de"}]}},"_links":{"self":[{"href":"http:\/\/www.crcg.de\/kreditvergleich\/wp-json\/wp\/v2\/pages\/17","targetHints":{"allow":["GET"]}}],"collection":[{"href":"http:\/\/www.crcg.de\/kreditvergleich\/wp-json\/wp\/v2\/pages"}],"about":[{"href":"http:\/\/www.crcg.de\/kreditvergleich\/wp-json\/wp\/v2\/types\/page"}],"author":[{"embeddable":true,"href":"http:\/\/www.crcg.de\/kreditvergleich\/wp-json\/wp\/v2\/users\/2"}],"replies":[{"embeddable":true,"href":"http:\/\/www.crcg.de\/kreditvergleich\/wp-json\/wp\/v2\/comments?post=17"}],"version-history":[{"count":9,"href":"http:\/\/www.crcg.de\/kreditvergleich\/wp-json\/wp\/v2\/pages\/17\/revisions"}],"predecessor-version":[{"id":1038,"href":"http:\/\/www.crcg.de\/kreditvergleich\/wp-json\/wp\/v2\/pages\/17\/revisions\/1038"}],"wp:attachment":[{"href":"http:\/\/www.crcg.de\/kreditvergleich\/wp-json\/wp\/v2\/media?parent=17"}],"curies":[{"name":"wp","href":"https:\/\/api.w.org\/{rel}","templated":true}]}}