{"id":118,"date":"2013-06-28T12:51:02","date_gmt":"2013-06-28T11:51:02","guid":{"rendered":"http:\/\/www.kreditvergleich-gratis.de\/?page_id=118"},"modified":"2018-08-20T09:43:38","modified_gmt":"2018-08-20T08:43:38","slug":"dkb","status":"publish","type":"page","link":"http:\/\/www.crcg.de\/kreditvergleich\/dkb\/","title":{"rendered":"DKB \u2013 die Bank, die Ihre Sprache spricht"},"content":{"rendered":"<p>Die Deutsche Kreditbank AG mit Sitz in Berlin ist eine der Gro\u00dfbanken in Deutschland und hat mehr als 2 Millionen Privatkunden. Der Gesch\u00e4ftskundenbereich wird besonders mit Unternehmen aus den Bereichen erneuerbare Energien, Gesundheit und Pflege, Bildung und Forschung, Landwirtschaft sowie Wohnen gebildet. Das sind zukunftstr\u00e4chtige Bereiche, die die DKB mit ihren Angeboten unterst\u00fctzen will. F\u00fcr den privaten Kunden bietet die Bank g\u00fcnstige Konditionen in den Bereichen Girokonto und <a href=\"http:\/\/www.crcg.de\/kreditvergleich\/\">Kredit<\/a> an. \u00dcberzeugen Sie sich selbst mit unserem <a title=\"Kredit Vergleich\" href=\"http:\/\/www.crcg.de\/kreditvergleich\/\">Kredit Vergleich<\/a> oder fragen Sie direkt Ihren DKB Kredit an:<\/p>\n<p><script src=\"https:\/\/embed.finanzcheck.de\/embed\/iframe.js?configuration=W33AaszzaVML&#038;amount=12000&#038;term=84&#038;productId=33&#038;subId=dkb\"><\/script><\/p>\n<h2>DKB Kredit als Privatdarlehen<\/h2>\n<p>Der DKB Kredit stellt einen <a href=\"http:\/\/www.crcg.de\/kreditvergleich\/ratenkredit\/\">Ratenkredit<\/a> mit flexibler R\u00fcckzahlung dar und ist an keine Verwendung gebunden. Auch k\u00f6nnen bestehende <a title=\"Kredite umgeschuldet\" href=\"http:\/\/www.crcg.de\/kreditvergleich\/umschuldungskredit\/\">Kredite umgeschuldet<\/a> werden.Er wird als <a title=\"Privatdarlehen\" href=\"http:\/\/www.crcg.de\/kreditvergleich\/privatkredit\/\">Privatdarlehen<\/a> ausgegeben und als DKB-Cash Kunde erhalten Sie zus\u00e4tzlich einen Zins-Vorteil von 0,2%-Punkten auf den effektiven Jahreszins. Aber nur, wenn Sie den Kredit \u00fcber Ihr Internet-Banking abschliessen.<\/p>\n<h2>Kostenloses Girokonto bei der DKB<\/h2>\n<p>Das Girokonto bei der DKB nennt sich DKB-Cash und bietet sich als Testsieger-Konto mit kostenlosen Leistungen an. Neben der kostenlosen Kontof\u00fchrung ist auch die DKB-Visa-Card kostenlos, ebenso wie die Girokarte und f\u00fcr beide kann ebenfalls eine kostenlose Partnerkarte beantragt werden. Besonders f\u00fcr Urlaubsreisen oder f\u00fcr sonstige Eins\u00e4tze ist die DKB-Visa-Card bestens geeignet, \u00fcberall in der Welt kostenfrei Geld abheben zu k\u00f6nnen und bargeldlos zahlen zu k\u00f6nnen. Die Visa-Card ist eine Prepaidkarte, die auch zum Sparen verwendet werden kann. Daf\u00fcr ist ihre Handhabung praktisch, sie wird mit dem Girokonto als Unterkonto angezeigt und kann ohne Umst\u00e4nde mit Guthaben gef\u00fcllt oder vom Guthaben auf das Girokonto \u00fcberwiesen werden. Auf diese Weise kann der Kontoinhaber \u00e4hnlich wie beim Tagesgeld schnell \u00fcber sein Geld verf\u00fcgen und damit auch den einen oder anderen pl\u00f6tzlich auftretenden Wunsch Wirklichkeit werden lassen. Das ist in der heutigen Zeit sehr leicht, denn nicht nur die DKB-Bank ist online zu erreichen, sondern auch viele Onlineshops und Firmenwebseiten. Hier bietet die DKB nicht nur g\u00fcnstige Produkte aus ihrem eigenen Finanzbereich sondern auch die M\u00f6glichkeit f\u00fcr die Kunden, bei ihren Eink\u00e4ufen Punkte zu sammeln. Im sogenannten DKB-Club k\u00f6nnen die Kunden \u00fcber den Einkauf in mehr als 300 Onlineshops bis zu 17% Rabatte erhalten.<\/p>\n<h2>DKB f\u00fcr Firmenkunden<\/h2>\n<p>Die DKB hat ihren Fokus auf ausgew\u00e4hlte Zukunftsbranchen gerichtet und bietet diesen Firmen und Unternehmen branchenspezifische Zahlungsverkehrskonten, Anlageprodukte und andere Finanzierungsl\u00f6sungen an. Eine Beratung kann seitens der DKB auch vor Ort erfolgen. Wenn Unternehmen B\u00fcrgerbeteiligungen in den genannten Branchen planen, k\u00f6nnen sie auf die Unterst\u00fctzung durch die Bank hoffen. Auf der Webseite der DKB-Bank sind weiterf\u00fchrende Informationen f\u00fcr Gesch\u00e4ftskunden eingerichtet worden.<\/p>\n<h2>Konditionen abh\u00e4ngig von Bonit\u00e4t<\/h2>\n<p>Der Zweck zur Verwendung kann selbst entschieden werden. Mit einem <a href=\"http:\/\/www.crcg.de\/kreditvergleich\/sofortkredit\/\">Sofortkredit<\/a> als <a href=\"http:\/\/www.crcg.de\/kreditvergleich\/kleinkredit\/\">Kleinkredit<\/a> und einer Kreditsumme von 2.500,- Euro kann sich mit dem DKB- Privatdarlehen ein kleiner Wunsch erf\u00fcllt werden. Dieser Kredit ist ebenfalls zur Finanzierung eines Autos nutzbar. Maximal 80.000 Euro sind als Kreditsumme w\u00e4hlbar. Welchen effektiven Zinssatz Kunden von der DKB erhalten, h\u00e4ngt von der Bonit\u00e4t ab. Unabh\u00e4ngig von der Laufzeit bleibt der effektive Jahreszins bestehen. Von der DKB wird daher ein gutes Paket angeboten und ist ohne Einschr\u00e4nkung zu empfehlen. <a href=\"http:\/\/www.crcg.de\/kreditvergleich\/kredit-fuer-selbststaendige\/\">Selbstst\u00e4ndige<\/a> k\u00f6nnen oft nur schwer einen Kredit erhalten, dabei kann ein Kredit f\u00fcr viele kleine Unternehmen den Erhalt des Betriebes bedeuten. Die DKB unterst\u00fctzt einige Berufsgruppen mit g\u00fcnstigen Krediten.<\/p>\n<p>Dazu geh\u00f6ren:<\/p>\n<ul>\n<li>Tier\u00e4rzte<\/li>\n<li>Steuerberater<\/li>\n<li>Rechtsanw\u00e4lte<\/li>\n<li>Notare<\/li>\n<li>Insolvenzverwalter<\/li>\n<li>Wirtschaftspr\u00fcfer<\/li>\n<\/ul>\n<p><u>Interessante Produktdetails:<\/u><\/p>\n<ul>\n<li>M\u00f6gliche <a href=\"http:\/\/www.crcg.de\/kreditvergleich\/umschuldungskredit\/\">Umschuldung<\/a>: Ja<\/li>\n<li>Sondertilgung: Sondertilgungen jederzeit und kostenfrei m\u00f6glich<\/li>\n<li>Ratenstundung: Im Einzelfall nach Absprache m\u00f6glich<\/li>\n<li>Kreditversicherung: Optional m\u00f6glich<\/li>\n<li>Kontoverwaltung: Online<\/li>\n<li>per App<\/li>\n<li>Widerrufsfrist: 14 Tage<\/li>\n<li>Informationen zur Antragsstrecke<\/li>\n<li>Kreditanfrage: Online<\/li>\n<li>Kreditzusage: Nach Pr\u00fcfung innerhalb weniger Tage<\/li>\n<li>Antragskosten: Keine<\/li>\n<li>Art der Legitimation: Videoident oder Postident<\/li>\n<\/ul>\n<p>Der Einstieg ist mit 2.500 Euro als Mindestdarlehenssumme bereits sehr hoch angesetzt. Werden allerdings nur 1500 Euro zum Ausgleich einer Konto\u00fcberziehung ben\u00f6tigt, wird die DKB nicht weiterhelfen. Eine maximale Kredith\u00f6he von 80.000 Euro ist ein absoluter Durchschnitt. Der Kreditnehmer kann die Darlehensh\u00f6he in 500 Euro Schritten w\u00e4hlen. Bei der h\u00f6chsten Laufzeit von 120 Monaten bietet die DKB ein Privatdarlehen als soliden Standard an. Die k\u00fcrzeste Laufzeit sind 12 Monate.<\/p>\n<p>Die DKB grenzt bei der Kreditvergabe den Kreis der Personen stark ein. Ein Darlehen k\u00f6nnen Selbstst\u00e4ndige nur als Angeh\u00f6rige folgender Berufszweige erhalten:<\/p>\n<ul>\n<li>Apotheker<\/li>\n<li>\u00c4rzte<\/li>\n<li>Hausverwalter<\/li>\n<li>Notar<\/li>\n<li>Rechtsanwalt<\/li>\n<li>Insolvenzverwalter<\/li>\n<li>Steuerberater<\/li>\n<li>Wirtschaftspr\u00fcfer<\/li>\n<li>vereidigter Buchpr\u00fcfer<\/li>\n<li>\u00f6ffentlich bestellter Vermessungsingenieur<\/li>\n<li>Zahnarzt<\/li>\n<\/ul>\n<p><u>F\u00fcr Arbeitnehmer gilt:<\/u><\/p>\n<ul>\n<li>ein ungek\u00fcndigtes Arbeitsverh\u00e4ltnis<\/li>\n<li>Probezeit muss beendet sein<\/li>\n<\/ul>\n<p>Bei einem Privatdarlehen der DKB gestaltet sich die Auswahl der Laufzeit als gr\u00f6\u00dftm\u00f6gliche Flexibilit\u00e4t. Der Kreditnehmer kann eine stufenlose Laufzeit ausw\u00e4hlen, zum Beispiel 35 oder 47 Monate. Alternativ kann die H\u00f6he der monatlichen Raten im <a href=\"http:\/\/www.crcg.de\/kreditvergleich\/kreditrechner\/\">Kreditrechner<\/a> eingegeben werden.<\/p>\n<p>Mit einem DKB-<a href=\"http:\/\/www.crcg.de\/kreditvergleich\/privatkredit\/\">Privatkredit<\/a> sind <a href=\"http:\/\/www.crcg.de\/kreditvergleich\/umschuldungskredit\/\">Umschuldungen<\/a> mit einem moderaten Zinssatz jederzeit m\u00f6glich. Auf die Bearbeitungsgeb\u00fchr verzichtet die DKB gem\u00e4\u00df der Rechtsprechung. Das Darlehen wird bearbeitet, sobald vom Antragsteller alle ben\u00f6tigten Unterlagen postalisch eingereicht wurden.<\/p>\n<h2>R\u00fcckzahlungsphase<\/h2>\n<p>Die R\u00fcckzahlungsphase der Raten geschieht normalerweise als monatliche Abbuchung vom Girokonto des Darlehensnehmers. Kommt ein Kunde der DKB unverhofft zu Geld, kann das Darlehen damit vorzeitig teilweise oder g\u00e4nzlich getilgt werden. Die DKB steht Sondertilgungen offen gegen\u00fcber und eine Vorf\u00e4lligkeitsentsch\u00e4digung entsteht dabei nicht. Dies gilt ebenso f\u00fcr eine vollst\u00e4ndige Abl\u00f6sung vor Ablauf des Darlehens. Bei anderen Banken k\u00f6nnen hierbei Kosten entstehen.<\/p>\n<p>Kommt ein Darlehensnehmer finanziell einmal etwas in Bedr\u00e4ngnis, kann eine individuelle Ratenstundung vereinbart werden. Allerdings ist von der DKB keine generelle Ratenpause vorgesehen. Die H\u00f6he der Raten kann im Einzelfall auf Anfrage ebenfalls nachtr\u00e4glich und individuell angepasst werden. Der telefonische Service der DKB steht rund um die Uhr zur Verf\u00fcgung. Sehr neutral und sachlich werden Anfragen beantwortet. Von der DKB steht Internetbanking und als App Onlinebanking zur Verf\u00fcgung, jedoch ist das Darlehen online nicht zu verwalten. Ein Live Chat wie bei anderen Mitbewerbern fehlt ebenso.<\/p>\n<p>Die Bank hinkt im Bereich Antragstellung und Abwicklung etwas nach. Der Antrag kann zwar online gestellt und sich im Video-Ident-Verfahren ausgewiesen werden, jedoch sind die Unterlagen immer noch per Post an die DKB zu leiten. Notwendige Papiere k\u00f6nnen also nicht hochgeladen und digital unterschrieben werden. Die gew\u00fcnschte Sicherheit des Kreditnehmers ist der DKB bei einem Privatdarlehen wichtig. Eine Restschuldversicherung \u00fcbernimmt bei unverschuldeter Arbeitslosigkeit, Arbeitsunf\u00e4higkeit die Kreditraten oder Abl\u00f6sung bei Tod des Darlehensnehmers.<\/p>\n","protected":false},"excerpt":{"rendered":"<p>Die Deutsche Kreditbank AG mit Sitz in Berlin ist eine der Gro\u00dfbanken in Deutschland und hat mehr als 2 Millionen Privatkunden. Der Gesch\u00e4ftskundenbereich wird besonders mit Unternehmen aus den Bereichen erneuerbare Energien, Gesundheit und Pflege, Bildung und Forschung, Landwirtschaft sowie Wohnen gebildet. Das sind zukunftstr\u00e4chtige Bereiche, die die DKB mit ihren Angeboten unterst\u00fctzen will. F\u00fcr [&hellip;]<\/p>\n","protected":false},"author":2,"featured_media":0,"parent":0,"menu_order":0,"comment_status":"open","ping_status":"closed","template":"","meta":{"footnotes":""},"class_list":["post-118","page","type-page","status-publish","hentry"],"yoast_head":"<!-- This site is optimized with the Yoast SEO plugin v26.8 - https:\/\/yoast.com\/product\/yoast-seo-wordpress\/ -->\n<title>DKB Kredit: Jetzt g\u00fcnstigen Zins sichern, Stand: April\/2026<\/title>\n<meta name=\"description\" content=\"lll\u27a4 DKB Kredit 2026 auf STERN.de \u2b50 G\u00fcnstige Kredite bei der DKB mit schneller Auszahlung &amp; Niedrig-Zins sichern! \u2705 Jetzt beantragen!\" \/>\n<meta name=\"robots\" content=\"index, follow, max-snippet:-1, max-image-preview:large, max-video-preview:-1\" \/>\n<link rel=\"canonical\" href=\"https:\/\/www.stern.de\/vergleich\/kredit\/dkb\/\" \/>\n<meta property=\"og:locale\" content=\"de_DE\" \/>\n<meta property=\"og:type\" content=\"article\" \/>\n<meta property=\"og:title\" content=\"DKB Kredit: Jetzt g\u00fcnstigen Zins sichern, Stand: April\/2026\" \/>\n<meta property=\"og:description\" content=\"lll\u27a4 DKB Kredit 2026 auf STERN.de \u2b50 G\u00fcnstige Kredite bei der DKB mit schneller Auszahlung &amp; Niedrig-Zins sichern! \u2705 Jetzt beantragen!\" \/>\n<meta property=\"og:url\" content=\"https:\/\/www.stern.de\/vergleich\/kredit\/dkb\/\" \/>\n<meta property=\"og:site_name\" content=\"Kreditvergleich gratis\" \/>\n<meta property=\"article:modified_time\" content=\"2018-08-20T08:43:38+00:00\" \/>\n<meta name=\"twitter:card\" content=\"summary_large_image\" \/>\n<meta name=\"twitter:label1\" content=\"Gesch\u00e4tzte Lesezeit\" \/>\n\t<meta name=\"twitter:data1\" content=\"5\u00a0Minuten\" \/>\n<script type=\"application\/ld+json\" class=\"yoast-schema-graph\">{\"@context\":\"https:\/\/schema.org\",\"@graph\":[{\"@type\":\"WebPage\",\"@id\":\"http:\/\/www.crcg.de\/kreditvergleich\/dkb\/\",\"url\":\"https:\/\/www.stern.de\/vergleich\/kredit\/dkb\/\",\"name\":\"DKB Kredit: Jetzt g\u00fcnstigen Zins sichern, Stand: April\/2026\",\"isPartOf\":{\"@id\":\"http:\/\/www.crcg.de\/kreditvergleich\/#website\"},\"datePublished\":\"2013-06-28T11:51:02+00:00\",\"dateModified\":\"2018-08-20T08:43:38+00:00\",\"description\":\"lll\u27a4 DKB Kredit 2026 auf STERN.de \u2b50 G\u00fcnstige Kredite bei der DKB mit schneller Auszahlung & Niedrig-Zins sichern! \u2705 Jetzt beantragen!\",\"breadcrumb\":{\"@id\":\"https:\/\/www.stern.de\/vergleich\/kredit\/dkb\/#breadcrumb\"},\"inLanguage\":\"de\",\"potentialAction\":[{\"@type\":\"ReadAction\",\"target\":[\"https:\/\/www.stern.de\/vergleich\/kredit\/dkb\/\"]}]},{\"@type\":\"BreadcrumbList\",\"@id\":\"https:\/\/www.stern.de\/vergleich\/kredit\/dkb\/#breadcrumb\",\"itemListElement\":[{\"@type\":\"ListItem\",\"position\":1,\"name\":\"Startseite\",\"item\":\"http:\/\/www.crcg.de\/kreditvergleich\/\"},{\"@type\":\"ListItem\",\"position\":2,\"name\":\"DKB \u2013 die Bank, die Ihre Sprache spricht\"}]},{\"@type\":\"WebSite\",\"@id\":\"http:\/\/www.crcg.de\/kreditvergleich\/#website\",\"url\":\"http:\/\/www.crcg.de\/kreditvergleich\/\",\"name\":\"Kreditvergleich gratis\",\"description\":\"Gratis Kreditvergleich f\u00fcr Jedermann\",\"potentialAction\":[{\"@type\":\"SearchAction\",\"target\":{\"@type\":\"EntryPoint\",\"urlTemplate\":\"http:\/\/www.crcg.de\/kreditvergleich\/?s={search_term_string}\"},\"query-input\":{\"@type\":\"PropertyValueSpecification\",\"valueRequired\":true,\"valueName\":\"search_term_string\"}}],\"inLanguage\":\"de\"}]}<\/script>\n<!-- \/ Yoast SEO plugin. -->","yoast_head_json":{"title":"DKB Kredit: Jetzt g\u00fcnstigen Zins sichern, Stand: April\/2026","description":"lll\u27a4 DKB Kredit 2026 auf STERN.de \u2b50 G\u00fcnstige Kredite bei der DKB mit schneller Auszahlung & Niedrig-Zins sichern! \u2705 Jetzt beantragen!","robots":{"index":"index","follow":"follow","max-snippet":"max-snippet:-1","max-image-preview":"max-image-preview:large","max-video-preview":"max-video-preview:-1"},"canonical":"https:\/\/www.stern.de\/vergleich\/kredit\/dkb\/","og_locale":"de_DE","og_type":"article","og_title":"DKB Kredit: Jetzt g\u00fcnstigen Zins sichern, Stand: April\/2026","og_description":"lll\u27a4 DKB Kredit 2026 auf STERN.de \u2b50 G\u00fcnstige Kredite bei der DKB mit schneller Auszahlung & Niedrig-Zins sichern! \u2705 Jetzt beantragen!","og_url":"https:\/\/www.stern.de\/vergleich\/kredit\/dkb\/","og_site_name":"Kreditvergleich gratis","article_modified_time":"2018-08-20T08:43:38+00:00","twitter_card":"summary_large_image","twitter_misc":{"Gesch\u00e4tzte Lesezeit":"5\u00a0Minuten"},"schema":{"@context":"https:\/\/schema.org","@graph":[{"@type":"WebPage","@id":"http:\/\/www.crcg.de\/kreditvergleich\/dkb\/","url":"https:\/\/www.stern.de\/vergleich\/kredit\/dkb\/","name":"DKB Kredit: Jetzt g\u00fcnstigen Zins sichern, Stand: April\/2026","isPartOf":{"@id":"http:\/\/www.crcg.de\/kreditvergleich\/#website"},"datePublished":"2013-06-28T11:51:02+00:00","dateModified":"2018-08-20T08:43:38+00:00","description":"lll\u27a4 DKB Kredit 2026 auf STERN.de \u2b50 G\u00fcnstige Kredite bei der DKB mit schneller Auszahlung & Niedrig-Zins sichern! \u2705 Jetzt beantragen!","breadcrumb":{"@id":"https:\/\/www.stern.de\/vergleich\/kredit\/dkb\/#breadcrumb"},"inLanguage":"de","potentialAction":[{"@type":"ReadAction","target":["https:\/\/www.stern.de\/vergleich\/kredit\/dkb\/"]}]},{"@type":"BreadcrumbList","@id":"https:\/\/www.stern.de\/vergleich\/kredit\/dkb\/#breadcrumb","itemListElement":[{"@type":"ListItem","position":1,"name":"Startseite","item":"http:\/\/www.crcg.de\/kreditvergleich\/"},{"@type":"ListItem","position":2,"name":"DKB \u2013 die Bank, die Ihre Sprache spricht"}]},{"@type":"WebSite","@id":"http:\/\/www.crcg.de\/kreditvergleich\/#website","url":"http:\/\/www.crcg.de\/kreditvergleich\/","name":"Kreditvergleich gratis","description":"Gratis Kreditvergleich f\u00fcr Jedermann","potentialAction":[{"@type":"SearchAction","target":{"@type":"EntryPoint","urlTemplate":"http:\/\/www.crcg.de\/kreditvergleich\/?s={search_term_string}"},"query-input":{"@type":"PropertyValueSpecification","valueRequired":true,"valueName":"search_term_string"}}],"inLanguage":"de"}]}},"_links":{"self":[{"href":"http:\/\/www.crcg.de\/kreditvergleich\/wp-json\/wp\/v2\/pages\/118","targetHints":{"allow":["GET"]}}],"collection":[{"href":"http:\/\/www.crcg.de\/kreditvergleich\/wp-json\/wp\/v2\/pages"}],"about":[{"href":"http:\/\/www.crcg.de\/kreditvergleich\/wp-json\/wp\/v2\/types\/page"}],"author":[{"embeddable":true,"href":"http:\/\/www.crcg.de\/kreditvergleich\/wp-json\/wp\/v2\/users\/2"}],"replies":[{"embeddable":true,"href":"http:\/\/www.crcg.de\/kreditvergleich\/wp-json\/wp\/v2\/comments?post=118"}],"version-history":[{"count":10,"href":"http:\/\/www.crcg.de\/kreditvergleich\/wp-json\/wp\/v2\/pages\/118\/revisions"}],"predecessor-version":[{"id":1078,"href":"http:\/\/www.crcg.de\/kreditvergleich\/wp-json\/wp\/v2\/pages\/118\/revisions\/1078"}],"wp:attachment":[{"href":"http:\/\/www.crcg.de\/kreditvergleich\/wp-json\/wp\/v2\/media?parent=118"}],"curies":[{"name":"wp","href":"https:\/\/api.w.org\/{rel}","templated":true}]}}