


{"id":2516,"date":"2013-11-10T12:25:30","date_gmt":"2013-11-10T11:25:30","guid":{"rendered":"http:\/\/www.kreditkartenvergleich.org\/?page_id=2516"},"modified":"2017-09-12T11:50:16","modified_gmt":"2017-09-12T10:50:16","slug":"kreditkarten-mit-girokonto","status":"publish","type":"page","link":"http:\/\/www.crcg.de\/kreditkartenvergleich\/kreditkarten-mit-girokonto\/","title":{"rendered":"Kreditkarten mit Girokonto"},"content":{"rendered":"<p><iframe onload=\"fa_iframeresize.do(this);\" src=\"https:\/\/tools.financeads.net\/kreditkarterechner.php?tp=dif&#038;h=1&#038;wf=22327\" scrolling=\"no\" width=\"100%\" style=\"padding:0px;margin:0px;border-width:0px;\" frameborder=\"0\"><\/iframe><script type=\"text\/javascript\" src=\"http:\/\/www.crcg.de\/kreditkartenvergleich\/\/js.financeads.net\/iframeResizeMe.min.js.gz\"><\/script><\/p>\n<div class=\"text-space\">Zu den vielen Ausf\u00fchrungen von Kreditkarten geh\u00f6ren auch solche, die <strong>in Verbindung mit einem Girokonto<\/strong> <a title=\"Kreditkarte die kostenlos ausgegeben werden\" href=\"http:\/\/www.crcg.de\/kreditkartenvergleich\/kostenlose-kreditkarten\/\">kostenlos ausgegeben<\/a> werden. Einige Banken bieten diese sogenannten Komplettpakete Neukunden an, die <strong>ein Girokonto er\u00f6ffnen<\/strong> m\u00f6chten. Neben der Kreditkarte ist meistens auch die Kontof\u00fchrung f\u00fcr das Girokonto kostenlos, mindestens f\u00fcr das erste Jahr. Wie die Kreditkarten dann im Einzelnen eingesetzt werden k\u00f6nnen, ist von einer Bank zur anderen unterschiedlich. Unser unten stehender Vergleichsrechner zeigt die verschiedenen Konditionen, die die einzelnen Banken <strong>f\u00fcr das Girokonto und f\u00fcr die Kreditkarte<\/strong> anbieten.<\/div>\n<div class=\"text-space\">\n<div class=\"infobox-big\"><div class=\"infobox-small\"><div class=\"info-bulb\"><\/div><div class=\"info-header\">Diese Bedingungen k\u00f6nnen gestellt werden:<\/div><p>\n<ul>\n<li>Monatlicher <strong>Mindesteingang in einer bestimmten H\u00f6he<\/strong><\/li>\n<li>Ein Geldzugang pro Monat in beliebiger H\u00f6he<\/li>\n<li>Kostenlose EC-Karte <strong>bei einmaligen Geldeingang<\/strong> pro Monat<\/li>\n<li><strong>Bei Geldeingang kostenlos<\/strong><\/li>\n<li>Kostenlose Girokonten ohne Bedingungen<\/p><\/div><\/div><\/li>\n<\/ul>\n<\/div>\n<div class=\"text-space\">\n<h2>Girokonto und Kreditkarte kostenlos?<\/h2>\n<p><img decoding=\"async\" class=\"alignright size-medium wp-image-2221\" style=\"margin-left: 10px; margin-bottom: 8px; border: 1px solid #5c0564; float: right;\" src=\"http:\/\/www.crcg.de\/kreditkartenvergleich\/wp-content\/uploads\/2010\/03\/kreditkartegirokonto-300x199.jpg\" alt=\"Kreditkarte und Girokonto\" width=\"300\" height=\"199\" srcset=\"http:\/\/www.crcg.de\/kreditkartenvergleich\/wp-content\/uploads\/2010\/03\/kreditkartegirokonto-300x199.jpg 300w, http:\/\/www.crcg.de\/kreditkartenvergleich\/wp-content\/uploads\/2010\/03\/kreditkartegirokonto.jpg 425w\" sizes=\"(max-width: 300px) 100vw, 300px\" \/>Wie der Vergleichsrechner zeigt, sind einige Banken darunter, die ein <strong>komplett kostenloses Girokonto<\/strong> mit in vielen F\u00e4llen ebenso kostenloser Kreditkarte anbieten. Doch nicht in jedem Fall ist die Kreditkarte ohne Geb\u00fchren und damit kostenlos. In vielen F\u00e4llen wird die Jahresgeb\u00fchr zur\u00fcckerstattet, sofern sich ein <strong>bestimmter Jahresumsatz<\/strong> eingestellt hat. Auch bei den <strong>Kreditkarten mit Girokonto<\/strong> gibt es die bekannten Unterschiede zwischen den jeweiligen Abrechnungsvarianten:<\/p>\n<ul>\n<li>Charge Card mit <strong>monatlicher Abrechnung der Ums\u00e4tze<\/strong> und Abbuchung vom Girokonto<\/li>\n<li>Debit Card mit sofortigem Einzug des Kreditkartenumsatzes vom Girokonto<\/li>\n<\/ul>\n<p>Ein kostenloses Girokonto mit Kreditkarte ist grunds\u00e4tzlich f\u00fcr jeden Verbraucher interessant, wird aber besonders von <strong>Jugendlichen und Berufsanf\u00e4ngern<\/strong> genutzt. Sie erhalten die M\u00f6glichkeit, in die Gesch\u00e4ftswelt einzutauchen, ohne sich gleich zu verschulden.<\/p>\n<h3>Wo kann die Kreditkarte mit Girokonto eingesetzt werden?<\/h3>\n<p><img decoding=\"async\" class=\"alignright size-medium wp-image-1105\" style=\"margin-left: 10px; margin-bottom: 8px; border: 1px solid #5c0564; float: right;\" src=\"http:\/\/www.crcg.de\/kreditkartenvergleich\/wp-content\/uploads\/2010\/11\/kreditkartenzahlung-300x199.jpg\" alt=\"Einsatz einer Kreditkarte\" width=\"300\" height=\"199\" srcset=\"http:\/\/www.crcg.de\/kreditkartenvergleich\/wp-content\/uploads\/2010\/11\/kreditkartenzahlung-300x199.jpg 300w, http:\/\/www.crcg.de\/kreditkartenvergleich\/wp-content\/uploads\/2010\/11\/kreditkartenzahlung.jpg 425w\" sizes=\"(max-width: 300px) 100vw, 300px\" \/>Im Laufe der vergangenen Jahre haben sich die M\u00f6glichkeiten im Zahlungsverkehr nicht nur ge\u00e4ndert, sondern sind gleichzeitig auch <strong>viel bequemer<\/strong> geworden. Kunden k\u00f6nnen bargeldlos zahlen und haben die M\u00f6glichkeit, fast alles im Internet zu kaufen. Daraus ergeben sich auch besondere Zahlungsmittel, die mittlerweile derart im Wettbewerb stehen, dass sie entweder kostenlos angeboten oder <strong>durch Zusatzleistungen attraktiver<\/strong> gemacht werden. Schon die Kreditkarte mit Girokonto zeigt durch die breite Angebotspalette, dass selbst im Banking-Bereich ein Wettbewerb stattfindet. Um das g\u00fcnstigste und in diesem Fall <strong>das beste Angebot herauszufinden<\/strong>, sollte <a title=\"Unser Vergleichsrechner findet das beste Angebot\" href=\"http:\/\/www.crcg.de\/kreditkartenvergleich\/\">unser Vergleichsrechner bem\u00fcht<\/a> werden. Er zeigt die Angebote <strong>nicht nur \u00fcbersichtlich aufgelistet<\/strong>, sondern auch mit den markanten Punkten versehen.<\/p>\n<div class=\"infobox-big\"><div class=\"infobox-small\"><div class=\"info-bulb\"><\/div><div class=\"info-header\">Einsatzm\u00f6glichkeiten der Kreditkarte<\/div><p>Die Kreditkarte, die es zu einem Girokonto dazu gibt, kann \u00fcberall eingesetzt werden, wo Kreditkarten \u00fcblicherweise verwendet werden. Sowohl im Internet als <strong>sicheres Zahlungsmittel<\/strong>, wie auch im \u00f6rtlichen Handel, zum Geld abheben am Geldautomaten und auch im Ausland. Gleichg\u00fcltig, ob die Banken diese Kreditkarte als <a title=\"Angebot an Prepaid Kreditkarten\" href=\"http:\/\/www.crcg.de\/kreditkartenvergleich\/prepaid-kreditkarte\/\">Prepaid Kreditkarte<\/a> anbieten oder als Charge Card mit <a title=\"Monatliche Abrechnung\" href=\"http:\/\/www.crcg.de\/kreditkartenvergleich\/ratgeber\/kreditkarten-abrechnung\/\">monatlicher Abrechnung<\/a>, sie ist und bleibt ein beliebtes Zahlungsmittel. In Verbindung mit den jeweiligen <strong>Konditionen f\u00fcr das Girokonto<\/strong> \u2013 das in den meisten F\u00e4llen ebenso kostenlos ist \u2013 ergibt sich daraus ein <strong>interessantes und g\u00fcnstiges Angebot<\/strong>.<\/p><\/div><\/div>\n<h4>Die Unterschiede zwischen den einzelnen Anbietern<\/h4>\n<p>Bei der Suche nach einer Kreditkarte mit Girokonto sollte unbedingt auf beiden Seiten nach den jeweiligen <strong>Vor- und Nachteilen<\/strong> gesucht werden. Jemand, der nicht ins Ausland auf Gesch\u00e4ftsreisen geht, braucht <strong>keine Versicherungszus\u00e4tze als Bonus<\/strong>, die dazu n\u00fctzlich w\u00e4ren. Dieses sind die weiteren Zusatzleistungen, die eine Kreditkarte oder ein Girokonto aus dem Paket haben k\u00f6nnen:<\/p>\n<ul>\n<li><strong>Bonussysteme<\/strong> wie Meilen, Prozentpunkte oder Rabatte<\/li>\n<li><strong>Kostenloser Gebrauch<\/strong> der Kreditkarte <a title=\"Kostenloser Einsatz im Ausland\" href=\"http:\/\/www.crcg.de\/kreditkartenvergleich\/ratgeber\/kreditkarten-im-auslandseinsatz\/\">im Ausland<\/a><\/li>\n<li>Reiser\u00fccktritts- und Krankenversicherung<\/li>\n<li>Kfz-Versicherung f\u00fcr Mietwagen<\/li>\n<li><strong>Guthabenzinsen f\u00fcr Konto<\/strong><\/li>\n<li>Tagesgeldkonto kostenlos inklusive<\/li>\n<\/ul>\n<p>Wichtig ist es, die Bedingungen f\u00fcr die jeweiligen Angebote genau zu lesen. Oftmals ist es auch so, dass auch <strong>kostenlose Angebote nicht ganz ohne Geb\u00fchren<\/strong> auskommen. Im Zuge des Wettbewerbs ist es zwar f\u00fcr die Kreditinstitute und Banken nicht einfach, sich <strong>aus dem gro\u00dfen Angebot hervorzuheben<\/strong>. Jedoch sollte dies nicht dadurch geschehen, dass <strong>falsche Versprechungen<\/strong> gemacht werden. Deshalb sollten Verbraucher auf der Suche nach Kreditkarte mit Girokonto besonders gut aufpassen, denn die doppelte Konstellation ergibt auch doppelte Risiken. Hierauf sollte geachtet werden:<\/p>\n<ul>\n<li><b>Altersabh\u00e4ngige Angebote<\/b>: hier werden zwar in der Schulzeit oder w\u00e4hrend des Studiums keine Geb\u00fchren berechnet, meist jedoch sofort nach Ende der Ausbildung bzw. mit Erreichen eines bestimmten Alters<\/li>\n<li><b>Bedingungen f\u00fcr Geb\u00fchrenfreiheit<\/b>: wenn ein Mindestgeldeingang vorgeschrieben ist oder ein bestimmter Kontostand die Bedingung f\u00fcr ein kostenloses Girokonto ist<\/li>\n<li><b>Geb\u00fchrenpflichtige Zusatzleistungen<\/b>: manchmal ist ein Girokonto nur dann kostenlos, wenn es online bedient wird<\/li>\n<li><b>Geldautomaten kostenlos<\/b>: viele Banken bieten nur in gr\u00f6\u00dferen St\u00e4dten kostenlose Bargeldabhebung an bestimmten Geldautomatengruppen an<\/li>\n<li><b>Kreditkarten<\/b>: kostenloses Konto und hohe Geb\u00fchren f\u00fcr Kreditkarten sind keine seltene Kombination<\/li>\n<\/ul>\n<h5>Fazit:<\/h5>\n<p><img decoding=\"async\" class=\"alignright size-medium wp-image-2520\" style=\"margin-left: 10px; margin-bottom: 8px; border: 1px solid #5c0564; float: right;\" src=\"http:\/\/www.crcg.de\/kreditkartenvergleich\/wp-content\/uploads\/2013\/11\/fazit-300x200.jpg\" alt=\"Fazit zur Kreditkarte mit Girokonto\" width=\"300\" height=\"200\" srcset=\"http:\/\/www.crcg.de\/kreditkartenvergleich\/wp-content\/uploads\/2013\/11\/fazit-300x200.jpg 300w, http:\/\/www.crcg.de\/kreditkartenvergleich\/wp-content\/uploads\/2013\/11\/fazit.jpg 424w\" sizes=\"(max-width: 300px) 100vw, 300px\" \/>Wo kostenlos drauf steht, muss <strong>nicht alles kostenlos<\/strong> sein, denn <strong>versteckte Geb\u00fchren<\/strong> oder an Bedingungen gekn\u00fcpfte Kostenfreiheit sind nicht immer auf den ersten Blick zu erkennen. Es lohnt sich auf jeden Fall, die jeweiligen Angebote gr\u00fcndlich zu studieren und sich vor allem vor <strong>Abschluss einer Kreditkarte mit Girokonto<\/strong> dar\u00fcber bewusst zu sein, wo man seine pers\u00f6nlichen Priorit\u00e4ten setzen m\u00f6chte. Wer die Kreditkarte <strong>nur zum Bezahlen im Onlineshop<\/strong> benutzt, braucht keine Auslandskrankenversicherung als Zugabe. Vielleicht ist eine Prepaid Kreditkarte sogar noch besser, denn <a title=\"Vorteile\" href=\"http:\/\/www.crcg.de\/kreditkartenvergleich\/ratgeber\/vorteile-von-kreditkarten\/\">auch sie hat Vorteile<\/a>. Das Girokonto, das ausgew\u00e4hlt wird, sollte besonders auf die <strong>Anspr\u00fcche des Kontoinhabers<\/strong> ausgerichtet sein. Jugendliche ohne regelm\u00e4\u00dfigen Geldeingang werden nicht in jedem Fall ein kostenloses Konto erhalten, hier ist <strong>genaues Nachlesen der Bedingungen<\/strong> auf jeden Fall zu empfehlen.<\/p>\n<\/div>\n","protected":false},"excerpt":{"rendered":"<p>Zu den vielen Ausf\u00fchrungen von Kreditkarten geh\u00f6ren auch solche, die in Verbindung mit einem Girokonto kostenlos ausgegeben werden. Einige Banken bieten diese sogenannten Komplettpakete Neukunden...","protected":false},"author":2,"featured_media":0,"parent":0,"menu_order":0,"comment_status":"closed","ping_status":"open","template":"page-full.php","meta":{"_acf_changed":false,"_monsterinsights_skip_tracking":false,"_monsterinsights_sitenote_active":false,"_monsterinsights_sitenote_note":"","_monsterinsights_sitenote_category":0,"footnotes":""},"class_list":["post-2516","page","type-page","status-publish","hentry"],"acf":[],"yoast_head":"<!-- This site is optimized with the Yoast SEO plugin v26.8 - https:\/\/yoast.com\/product\/yoast-seo-wordpress\/ -->\n<title>Kreditkarten mit Girokonto<\/title>\n<meta name=\"robots\" content=\"index, follow, max-snippet:-1, max-image-preview:large, max-video-preview:-1\" \/>\n<link rel=\"canonical\" href=\"https:\/\/www.kreditkartenvergleich.org\/kreditkarten-mit-girokonto\/\" \/>\n<meta name=\"twitter:label1\" content=\"Gesch\u00e4tzte Lesezeit\" \/>\n\t<meta name=\"twitter:data1\" content=\"4\u00a0Minuten\" \/>\n<script type=\"application\/ld+json\" class=\"yoast-schema-graph\">{\"@context\":\"https:\/\/schema.org\",\"@graph\":[{\"@type\":\"WebPage\",\"@id\":\"http:\/\/www.crcg.de\/kreditkartenvergleich\/kreditkarten-mit-girokonto\/\",\"url\":\"http:\/\/www.crcg.de\/kreditkartenvergleich\/kreditkarten-mit-girokonto\/\",\"name\":\"Kreditkarten mit Girokonto\",\"isPartOf\":{\"@id\":\"http:\/\/www.crcg.de\/kreditkartenvergleich\/#website\"},\"primaryImageOfPage\":{\"@id\":\"http:\/\/www.crcg.de\/kreditkartenvergleich\/kreditkarten-mit-girokonto\/#primaryimage\"},\"image\":{\"@id\":\"http:\/\/www.crcg.de\/kreditkartenvergleich\/kreditkarten-mit-girokonto\/#primaryimage\"},\"thumbnailUrl\":\"http:\/\/www.crcg.de\/kreditkartenvergleich\/wp-content\/uploads\/2010\/03\/kreditkartegirokonto-300x199.jpg\",\"datePublished\":\"2013-11-10T11:25:30+00:00\",\"dateModified\":\"2017-09-12T10:50:16+00:00\",\"breadcrumb\":{\"@id\":\"http:\/\/www.crcg.de\/kreditkartenvergleich\/kreditkarten-mit-girokonto\/#breadcrumb\"},\"inLanguage\":\"de\",\"potentialAction\":[{\"@type\":\"ReadAction\",\"target\":[\"http:\/\/www.crcg.de\/kreditkartenvergleich\/kreditkarten-mit-girokonto\/\"]}]},{\"@type\":\"ImageObject\",\"inLanguage\":\"de\",\"@id\":\"http:\/\/www.crcg.de\/kreditkartenvergleich\/kreditkarten-mit-girokonto\/#primaryimage\",\"url\":\"http:\/\/www.crcg.de\/kreditkartenvergleich\/wp-content\/uploads\/2010\/03\/kreditkartegirokonto.jpg\",\"contentUrl\":\"http:\/\/www.crcg.de\/kreditkartenvergleich\/wp-content\/uploads\/2010\/03\/kreditkartegirokonto.jpg\",\"width\":\"425\",\"height\":\"282\",\"caption\":\"Kreditkarte und Girokonto\"},{\"@type\":\"BreadcrumbList\",\"@id\":\"http:\/\/www.crcg.de\/kreditkartenvergleich\/kreditkarten-mit-girokonto\/#breadcrumb\",\"itemListElement\":[{\"@type\":\"ListItem\",\"position\":1,\"name\":\"Startseite\",\"item\":\"http:\/\/www.crcg.de\/kreditkartenvergleich\/\"},{\"@type\":\"ListItem\",\"position\":2,\"name\":\"Kreditkarten mit Girokonto\"}]},{\"@type\":\"WebSite\",\"@id\":\"http:\/\/www.crcg.de\/kreditkartenvergleich\/#website\",\"url\":\"http:\/\/www.crcg.de\/kreditkartenvergleich\/\",\"name\":\"Kreditkartenvergleich.org\",\"description\":\"Das unabh\u00e4ngige Kreditkarten Vergleich Portal\",\"potentialAction\":[{\"@type\":\"SearchAction\",\"target\":{\"@type\":\"EntryPoint\",\"urlTemplate\":\"http:\/\/www.crcg.de\/kreditkartenvergleich\/?s={search_term_string}\"},\"query-input\":{\"@type\":\"PropertyValueSpecification\",\"valueRequired\":true,\"valueName\":\"search_term_string\"}}],\"inLanguage\":\"de\"}]}<\/script>\n<!-- \/ Yoast SEO plugin. -->","yoast_head_json":{"title":"Kreditkarten mit Girokonto","robots":{"index":"index","follow":"follow","max-snippet":"max-snippet:-1","max-image-preview":"max-image-preview:large","max-video-preview":"max-video-preview:-1"},"canonical":"https:\/\/www.kreditkartenvergleich.org\/kreditkarten-mit-girokonto\/","twitter_misc":{"Gesch\u00e4tzte Lesezeit":"4\u00a0Minuten"},"schema":{"@context":"https:\/\/schema.org","@graph":[{"@type":"WebPage","@id":"http:\/\/www.crcg.de\/kreditkartenvergleich\/kreditkarten-mit-girokonto\/","url":"http:\/\/www.crcg.de\/kreditkartenvergleich\/kreditkarten-mit-girokonto\/","name":"Kreditkarten mit Girokonto","isPartOf":{"@id":"http:\/\/www.crcg.de\/kreditkartenvergleich\/#website"},"primaryImageOfPage":{"@id":"http:\/\/www.crcg.de\/kreditkartenvergleich\/kreditkarten-mit-girokonto\/#primaryimage"},"image":{"@id":"http:\/\/www.crcg.de\/kreditkartenvergleich\/kreditkarten-mit-girokonto\/#primaryimage"},"thumbnailUrl":"http:\/\/www.crcg.de\/kreditkartenvergleich\/wp-content\/uploads\/2010\/03\/kreditkartegirokonto-300x199.jpg","datePublished":"2013-11-10T11:25:30+00:00","dateModified":"2017-09-12T10:50:16+00:00","breadcrumb":{"@id":"http:\/\/www.crcg.de\/kreditkartenvergleich\/kreditkarten-mit-girokonto\/#breadcrumb"},"inLanguage":"de","potentialAction":[{"@type":"ReadAction","target":["http:\/\/www.crcg.de\/kreditkartenvergleich\/kreditkarten-mit-girokonto\/"]}]},{"@type":"ImageObject","inLanguage":"de","@id":"http:\/\/www.crcg.de\/kreditkartenvergleich\/kreditkarten-mit-girokonto\/#primaryimage","url":"http:\/\/www.crcg.de\/kreditkartenvergleich\/wp-content\/uploads\/2010\/03\/kreditkartegirokonto.jpg","contentUrl":"http:\/\/www.crcg.de\/kreditkartenvergleich\/wp-content\/uploads\/2010\/03\/kreditkartegirokonto.jpg","width":"425","height":"282","caption":"Kreditkarte und Girokonto"},{"@type":"BreadcrumbList","@id":"http:\/\/www.crcg.de\/kreditkartenvergleich\/kreditkarten-mit-girokonto\/#breadcrumb","itemListElement":[{"@type":"ListItem","position":1,"name":"Startseite","item":"http:\/\/www.crcg.de\/kreditkartenvergleich\/"},{"@type":"ListItem","position":2,"name":"Kreditkarten mit Girokonto"}]},{"@type":"WebSite","@id":"http:\/\/www.crcg.de\/kreditkartenvergleich\/#website","url":"http:\/\/www.crcg.de\/kreditkartenvergleich\/","name":"Kreditkartenvergleich.org","description":"Das unabh\u00e4ngige Kreditkarten Vergleich Portal","potentialAction":[{"@type":"SearchAction","target":{"@type":"EntryPoint","urlTemplate":"http:\/\/www.crcg.de\/kreditkartenvergleich\/?s={search_term_string}"},"query-input":{"@type":"PropertyValueSpecification","valueRequired":true,"valueName":"search_term_string"}}],"inLanguage":"de"}]}},"_links":{"self":[{"href":"http:\/\/www.crcg.de\/kreditkartenvergleich\/wp-json\/wp\/v2\/pages\/2516","targetHints":{"allow":["GET"]}}],"collection":[{"href":"http:\/\/www.crcg.de\/kreditkartenvergleich\/wp-json\/wp\/v2\/pages"}],"about":[{"href":"http:\/\/www.crcg.de\/kreditkartenvergleich\/wp-json\/wp\/v2\/types\/page"}],"author":[{"embeddable":true,"href":"http:\/\/www.crcg.de\/kreditkartenvergleich\/wp-json\/wp\/v2\/users\/2"}],"replies":[{"embeddable":true,"href":"http:\/\/www.crcg.de\/kreditkartenvergleich\/wp-json\/wp\/v2\/comments?post=2516"}],"version-history":[{"count":3,"href":"http:\/\/www.crcg.de\/kreditkartenvergleich\/wp-json\/wp\/v2\/pages\/2516\/revisions"}],"predecessor-version":[{"id":5365,"href":"http:\/\/www.crcg.de\/kreditkartenvergleich\/wp-json\/wp\/v2\/pages\/2516\/revisions\/5365"}],"wp:attachment":[{"href":"http:\/\/www.crcg.de\/kreditkartenvergleich\/wp-json\/wp\/v2\/media?parent=2516"}],"curies":[{"name":"wp","href":"https:\/\/api.w.org\/{rel}","templated":true}]}}