


{"id":2050,"date":"2011-12-19T14:34:54","date_gmt":"2011-12-19T13:34:54","guid":{"rendered":"http:\/\/www.kreditkartenvergleich.org\/?page_id=2050"},"modified":"2017-09-12T12:10:48","modified_gmt":"2017-09-12T11:10:48","slug":"vorteile-von-kreditkarten","status":"publish","type":"page","link":"http:\/\/www.crcg.de\/kreditkartenvergleich\/ratgeber\/vorteile-von-kreditkarten\/","title":{"rendered":"Vorteile von Kreditkarten"},"content":{"rendered":"<p><img decoding=\"async\" class=\"alignright wp-image-3677\" style=\"margin-left: 10px; margin-bottom: 8px; border: 0px none;\" src=\"http:\/\/www.crcg.de\/kreditkartenvergleich\/wp-content\/uploads\/vorteile-276x300.jpg\" alt=\"Vorteile von Kreditkarten\" width=\"166\" height=\"180\" srcset=\"http:\/\/www.crcg.de\/kreditkartenvergleich\/wp-content\/uploads\/vorteile-276x300.jpg 276w, http:\/\/www.crcg.de\/kreditkartenvergleich\/wp-content\/uploads\/vorteile-92x100.jpg 92w, http:\/\/www.crcg.de\/kreditkartenvergleich\/wp-content\/uploads\/vorteile.jpg 346w\" sizes=\"(max-width: 166px) 100vw, 166px\" \/>Kreditkarten bieten nicht zu untersch\u00e4tzende Vorteile. Viele Gr\u00fcnde sprechen <strong>f\u00fcr den Besitz einer Kreditkarte.<\/strong> Sie beschert ihren Besitzern flexible Handlungsm\u00f6glichkeiten und ist an mehr als 30 Millionen Akzeptanzstellen weltweit gern gesehen. Kreditkarten machen ihre Besitzer unabh\u00e4ngig von Geldautomaten und bieten zudem eine gr\u00f6\u00dfere Sicherheit als Bargeld. Mit der Kreditkarte l\u00e4sst sich beinahe alles bezahlen. Rechnungen in <strong>Hotels, Restaurants, Tankstellen, bei Mietwagenfirmen und in vielen Einkaufsh\u00e4usern<\/strong> sind mit der Kreditkarte schnell und bequem bargeldlos beglichen. Auch im Internet wird die Kreditkarte zu einem immer wichtiger werdenden Zahlungsmittel. Die meisten Online-Versandhandel versenden ihre Ware erst <strong>nach Zahlungseingang<\/strong>. Der Einsatz von Kreditkarten erm\u00f6glicht eine schnellere Zahlungsabwicklung und somit einen schnelleren Erhalt der bestellten Ware.<\/p>\n<div class=\"infobox-big\"><div class=\"infobox-small\"><div class=\"info-bulb\"><\/div><div class=\"info-header\">Fast nur Vorteile mit einer Kreditkarte<\/div><p>Wie Sie <strong>bereits im ersten Absatz<\/strong> erfahren haben, bringen Kreditkarten <strong>fast ausschlie\u00dflich Vorteile<\/strong> mit sich. Es gibt kaum eine Kreditkarte <a title=\"Kreditkarten auf unserer Seite\" href=\"http:\/\/www.crcg.de\/kreditkartenvergleich\/\">auf unserer Seite<\/a>, bzw. in unserem Vergleich, mit der Sie gravierende Nachteile in Kauf nehmen m\u00fcssen.<\/p><\/div><\/div>\n<h2>Die Kreditkarte im Ausland ist unverzichtbar<\/h2>\n<p><img decoding=\"async\" class=\"alignleft wp-image-2051\" style=\"border: 0px;\" title=\"Vorteile von Kreditkarten\" src=\"http:\/\/www.crcg.de\/kreditkartenvergleich\/wp-content\/uploads\/2011\/12\/kreditkartenvorteile-300x225.jpg\" alt=\"Vorteile von Kreditkarten\" width=\"180\" height=\"135\" srcset=\"http:\/\/www.crcg.de\/kreditkartenvergleich\/wp-content\/uploads\/2011\/12\/kreditkartenvorteile-300x225.jpg 300w, http:\/\/www.crcg.de\/kreditkartenvergleich\/wp-content\/uploads\/2011\/12\/kreditkartenvorteile.jpg 400w\" sizes=\"(max-width: 180px) 100vw, 180px\" \/>Das <a title=\"H\u00e4ufiges Bezahlen mit Kreditkarte im Ausland\" href=\"http:\/\/www.crcg.de\/kreditkartenvergleich\/ratgeber\/kreditkarten-im-auslandseinsatz\/\">Bezahlen im Ausland<\/a> ist stark von Kreditkarten gepr\u00e4gt. In einigen L\u00e4ndern werden Kreditkarten sogar dem Bargeld vorgezogen, weil sie Falschgeld ausschlie\u00dfen und f\u00fcr die Verk\u00e4ufer einfacher zu handhaben sind. Sie erleichtern zudem den <strong>Umgang mit ausl\u00e4ndischer W\u00e4hrung<\/strong>, denn mit einer Kreditkarte er\u00fcbrigt sich das Mitf\u00fchren gro\u00dfer Geldsummen. Wer nicht auf Bargeld verzichten m\u00f6chte, kann dieses mit seiner Kreditkarte an Geldautomaten weltweit abheben. Im Vergleich zur EC-Karte hat die Kreditkarte weitere Vorteile zu verzeichnen. W\u00e4hrend die <strong>EC-Karte in Deutschland gro\u00dfe Akzeptanz<\/strong> genie\u00dft, ist sie im Ausland kaum einsetzbar.<\/p>\n<h3>Kreditkarte: Der finanzielle Spielraum w\u00e4chst<\/h3>\n<p>Besitzer von <strong>Kreditkarten verf\u00fcgen \u00fcber einen finanziellen Spielraum<\/strong>, der auch kurzfristige Eins\u00e4tze erm\u00f6glicht. Bis zu einem bestimmten Verf\u00fcgungsrahmen kann die Kreditkarte \u00fcberzogen werden und sorgt f\u00fcr flexible Entscheidungsfreiheit. Weil die <strong>Abrechnung monatlich stattfindet<\/strong>, ergeben sich zus\u00e4tzliche Zinsvorteile f\u00fcr den Kreditkarten Inhaber.<\/p>\n<h4>Mit Kreditkarten sicher bezahlen<\/h4>\n<p>Weil das Mitf\u00fchren von viel Bargeld mit einer Kreditkarte nicht notwendig ist, wird das <strong>Risiko eines Geldverlustes<\/strong> stark vermindert. Sogar wenn <a title=\"Verlust oder Diebstahl der Kreditkarte\" href=\"http:\/\/www.crcg.de\/kreditkartenvergleich\/ratgeber\/verlust-der-kreditkarte\/\">die Kreditkarte verloren geht oder gestohlen wird<\/a>, stellt dies keinen tragischen Verlust dar. Die <strong>pers\u00f6nliche Haftung ist bei ordnungsgem\u00e4\u00dfem Umgang auf maximal 50 Euro begrenzt<\/strong>. Ein <a title=\"Nummer zum sofortigen Sperren der Kreditkarte\" href=\"http:\/\/www.crcg.de\/kreditkartenvergleich\/ratgeber\/notrufnummern\/\">sofortiges Sperren der Kreditkarte<\/a> ist in diesem Fall schnell erledigt und ein <strong>m\u00f6glicher Schaden somit begrenzt<\/strong>.<\/p>\n","protected":false},"excerpt":{"rendered":"<p>Kreditkarten bieten nicht zu untersch\u00e4tzende Vorteile. Viele Gr\u00fcnde sprechen f\u00fcr den Besitz einer Kreditkarte. Sie beschert ihren Besitzern flexible Handlungsm\u00f6glichkeiten und ist an mehr als 3...","protected":false},"author":2,"featured_media":0,"parent":1736,"menu_order":0,"comment_status":"closed","ping_status":"open","template":"page-full.php","meta":{"_acf_changed":false,"_monsterinsights_skip_tracking":false,"_monsterinsights_sitenote_active":false,"_monsterinsights_sitenote_note":"","_monsterinsights_sitenote_category":0,"footnotes":""},"class_list":["post-2050","page","type-page","status-publish","hentry"],"acf":[],"yoast_head":"<!-- This site is optimized with the Yoast SEO plugin v26.8 - https:\/\/yoast.com\/product\/yoast-seo-wordpress\/ -->\n<title>Vorteile von Kreditkarten<\/title>\n<meta name=\"robots\" content=\"index, follow, max-snippet:-1, max-image-preview:large, max-video-preview:-1\" \/>\n<link rel=\"canonical\" href=\"https:\/\/www.kreditkartenvergleich.org\/ratgeber\/vorteile-von-kreditkarten\/\" \/>\n<meta name=\"twitter:label1\" content=\"Gesch\u00e4tzte Lesezeit\" \/>\n\t<meta name=\"twitter:data1\" content=\"2\u00a0Minuten\" \/>\n<script type=\"application\/ld+json\" class=\"yoast-schema-graph\">{\"@context\":\"https:\/\/schema.org\",\"@graph\":[{\"@type\":\"WebPage\",\"@id\":\"http:\/\/www.crcg.de\/kreditkartenvergleich\/ratgeber\/vorteile-von-kreditkarten\/\",\"url\":\"http:\/\/www.crcg.de\/kreditkartenvergleich\/ratgeber\/vorteile-von-kreditkarten\/\",\"name\":\"Vorteile von Kreditkarten\",\"isPartOf\":{\"@id\":\"http:\/\/www.crcg.de\/kreditkartenvergleich\/#website\"},\"primaryImageOfPage\":{\"@id\":\"http:\/\/www.crcg.de\/kreditkartenvergleich\/ratgeber\/vorteile-von-kreditkarten\/#primaryimage\"},\"image\":{\"@id\":\"http:\/\/www.crcg.de\/kreditkartenvergleich\/ratgeber\/vorteile-von-kreditkarten\/#primaryimage\"},\"thumbnailUrl\":\"http:\/\/www.crcg.de\/kreditkartenvergleich\/wp-content\/uploads\/vorteile-276x300.jpg\",\"datePublished\":\"2011-12-19T13:34:54+00:00\",\"dateModified\":\"2017-09-12T11:10:48+00:00\",\"breadcrumb\":{\"@id\":\"http:\/\/www.crcg.de\/kreditkartenvergleich\/ratgeber\/vorteile-von-kreditkarten\/#breadcrumb\"},\"inLanguage\":\"de\",\"potentialAction\":[{\"@type\":\"ReadAction\",\"target\":[\"http:\/\/www.crcg.de\/kreditkartenvergleich\/ratgeber\/vorteile-von-kreditkarten\/\"]}]},{\"@type\":\"ImageObject\",\"inLanguage\":\"de\",\"@id\":\"http:\/\/www.crcg.de\/kreditkartenvergleich\/ratgeber\/vorteile-von-kreditkarten\/#primaryimage\",\"url\":\"http:\/\/www.crcg.de\/kreditkartenvergleich\/wp-content\/uploads\/vorteile.jpg\",\"contentUrl\":\"http:\/\/www.crcg.de\/kreditkartenvergleich\/wp-content\/uploads\/vorteile.jpg\",\"width\":346,\"height\":376,\"caption\":\"Vorteile von Kreditkarten\"},{\"@type\":\"BreadcrumbList\",\"@id\":\"http:\/\/www.crcg.de\/kreditkartenvergleich\/ratgeber\/vorteile-von-kreditkarten\/#breadcrumb\",\"itemListElement\":[{\"@type\":\"ListItem\",\"position\":1,\"name\":\"Startseite\",\"item\":\"http:\/\/www.crcg.de\/kreditkartenvergleich\/\"},{\"@type\":\"ListItem\",\"position\":2,\"name\":\"Ratgeber\",\"item\":\"http:\/\/www.crcg.de\/kreditkartenvergleich\/ratgeber\/\"},{\"@type\":\"ListItem\",\"position\":3,\"name\":\"Vorteile von Kreditkarten\"}]},{\"@type\":\"WebSite\",\"@id\":\"http:\/\/www.crcg.de\/kreditkartenvergleich\/#website\",\"url\":\"http:\/\/www.crcg.de\/kreditkartenvergleich\/\",\"name\":\"Kreditkartenvergleich.org\",\"description\":\"Das unabh\u00e4ngige Kreditkarten Vergleich Portal\",\"potentialAction\":[{\"@type\":\"SearchAction\",\"target\":{\"@type\":\"EntryPoint\",\"urlTemplate\":\"http:\/\/www.crcg.de\/kreditkartenvergleich\/?s={search_term_string}\"},\"query-input\":{\"@type\":\"PropertyValueSpecification\",\"valueRequired\":true,\"valueName\":\"search_term_string\"}}],\"inLanguage\":\"de\"}]}<\/script>\n<!-- \/ Yoast SEO plugin. -->","yoast_head_json":{"title":"Vorteile von Kreditkarten","robots":{"index":"index","follow":"follow","max-snippet":"max-snippet:-1","max-image-preview":"max-image-preview:large","max-video-preview":"max-video-preview:-1"},"canonical":"https:\/\/www.kreditkartenvergleich.org\/ratgeber\/vorteile-von-kreditkarten\/","twitter_misc":{"Gesch\u00e4tzte Lesezeit":"2\u00a0Minuten"},"schema":{"@context":"https:\/\/schema.org","@graph":[{"@type":"WebPage","@id":"http:\/\/www.crcg.de\/kreditkartenvergleich\/ratgeber\/vorteile-von-kreditkarten\/","url":"http:\/\/www.crcg.de\/kreditkartenvergleich\/ratgeber\/vorteile-von-kreditkarten\/","name":"Vorteile von Kreditkarten","isPartOf":{"@id":"http:\/\/www.crcg.de\/kreditkartenvergleich\/#website"},"primaryImageOfPage":{"@id":"http:\/\/www.crcg.de\/kreditkartenvergleich\/ratgeber\/vorteile-von-kreditkarten\/#primaryimage"},"image":{"@id":"http:\/\/www.crcg.de\/kreditkartenvergleich\/ratgeber\/vorteile-von-kreditkarten\/#primaryimage"},"thumbnailUrl":"http:\/\/www.crcg.de\/kreditkartenvergleich\/wp-content\/uploads\/vorteile-276x300.jpg","datePublished":"2011-12-19T13:34:54+00:00","dateModified":"2017-09-12T11:10:48+00:00","breadcrumb":{"@id":"http:\/\/www.crcg.de\/kreditkartenvergleich\/ratgeber\/vorteile-von-kreditkarten\/#breadcrumb"},"inLanguage":"de","potentialAction":[{"@type":"ReadAction","target":["http:\/\/www.crcg.de\/kreditkartenvergleich\/ratgeber\/vorteile-von-kreditkarten\/"]}]},{"@type":"ImageObject","inLanguage":"de","@id":"http:\/\/www.crcg.de\/kreditkartenvergleich\/ratgeber\/vorteile-von-kreditkarten\/#primaryimage","url":"http:\/\/www.crcg.de\/kreditkartenvergleich\/wp-content\/uploads\/vorteile.jpg","contentUrl":"http:\/\/www.crcg.de\/kreditkartenvergleich\/wp-content\/uploads\/vorteile.jpg","width":346,"height":376,"caption":"Vorteile von Kreditkarten"},{"@type":"BreadcrumbList","@id":"http:\/\/www.crcg.de\/kreditkartenvergleich\/ratgeber\/vorteile-von-kreditkarten\/#breadcrumb","itemListElement":[{"@type":"ListItem","position":1,"name":"Startseite","item":"http:\/\/www.crcg.de\/kreditkartenvergleich\/"},{"@type":"ListItem","position":2,"name":"Ratgeber","item":"http:\/\/www.crcg.de\/kreditkartenvergleich\/ratgeber\/"},{"@type":"ListItem","position":3,"name":"Vorteile von Kreditkarten"}]},{"@type":"WebSite","@id":"http:\/\/www.crcg.de\/kreditkartenvergleich\/#website","url":"http:\/\/www.crcg.de\/kreditkartenvergleich\/","name":"Kreditkartenvergleich.org","description":"Das unabh\u00e4ngige Kreditkarten Vergleich Portal","potentialAction":[{"@type":"SearchAction","target":{"@type":"EntryPoint","urlTemplate":"http:\/\/www.crcg.de\/kreditkartenvergleich\/?s={search_term_string}"},"query-input":{"@type":"PropertyValueSpecification","valueRequired":true,"valueName":"search_term_string"}}],"inLanguage":"de"}]}},"_links":{"self":[{"href":"http:\/\/www.crcg.de\/kreditkartenvergleich\/wp-json\/wp\/v2\/pages\/2050","targetHints":{"allow":["GET"]}}],"collection":[{"href":"http:\/\/www.crcg.de\/kreditkartenvergleich\/wp-json\/wp\/v2\/pages"}],"about":[{"href":"http:\/\/www.crcg.de\/kreditkartenvergleich\/wp-json\/wp\/v2\/types\/page"}],"author":[{"embeddable":true,"href":"http:\/\/www.crcg.de\/kreditkartenvergleich\/wp-json\/wp\/v2\/users\/2"}],"replies":[{"embeddable":true,"href":"http:\/\/www.crcg.de\/kreditkartenvergleich\/wp-json\/wp\/v2\/comments?post=2050"}],"version-history":[{"count":1,"href":"http:\/\/www.crcg.de\/kreditkartenvergleich\/wp-json\/wp\/v2\/pages\/2050\/revisions"}],"predecessor-version":[{"id":5417,"href":"http:\/\/www.crcg.de\/kreditkartenvergleich\/wp-json\/wp\/v2\/pages\/2050\/revisions\/5417"}],"up":[{"embeddable":true,"href":"http:\/\/www.crcg.de\/kreditkartenvergleich\/wp-json\/wp\/v2\/pages\/1736"}],"wp:attachment":[{"href":"http:\/\/www.crcg.de\/kreditkartenvergleich\/wp-json\/wp\/v2\/media?parent=2050"}],"curies":[{"name":"wp","href":"https:\/\/api.w.org\/{rel}","templated":true}]}}