


{"id":2030,"date":"2011-12-16T15:08:08","date_gmt":"2011-12-16T14:08:08","guid":{"rendered":"http:\/\/www.kreditkartenvergleich.org\/?page_id=2030"},"modified":"2017-09-12T12:04:23","modified_gmt":"2017-09-12T11:04:23","slug":"kreditkarte-vorsicht-vor-der-schuldenfalle","status":"publish","type":"page","link":"http:\/\/www.crcg.de\/kreditkartenvergleich\/ratgeber\/kreditkarte-vorsicht-vor-der-schuldenfalle\/","title":{"rendered":"Kreditkarte: Vorsicht vor der Schuldenfalle"},"content":{"rendered":"<p><img decoding=\"async\" class=\"alignright wp-image-3703\" src=\"http:\/\/www.crcg.de\/kreditkartenvergleich\/wp-content\/uploads\/schulden-300x233.jpg\" alt=\"Vorsicht vor Schulden\" width=\"240\" height=\"186\" srcset=\"http:\/\/www.crcg.de\/kreditkartenvergleich\/wp-content\/uploads\/schulden-300x233.jpg 300w, http:\/\/www.crcg.de\/kreditkartenvergleich\/wp-content\/uploads\/schulden-128x100.jpg 128w, http:\/\/www.crcg.de\/kreditkartenvergleich\/wp-content\/uploads\/schulden.jpg 412w\" sizes=\"(max-width: 240px) 100vw, 240px\" \/>Die Kreditkarte ist ein gerne <strong>genutztes Zahlungsmittel<\/strong>: Wer kein Bargeld mit sich f\u00fchrt, greift in Gesch\u00e4ften und bei Dienstleistern einfach auf die Kreditkarte zur\u00fcck. Der besondere Vorteil dabei: Die get\u00e4tigten Ums\u00e4tze werden meist erst Wochen sp\u00e4ter vom Bankkonto abgebucht, in vielen F\u00e4llen ist heute sogar eine <strong>bequeme Ratenzahlung<\/strong> der Kreditkartenschulden m\u00f6glich. So l\u00e4sst sich auch noch gem\u00fctlich shoppen, wenn auf dem Konto bereits Ebbe ist. Doch was verlockend klingt, kann <strong>schnell zur Schuldenfalle<\/strong> werden: Die T\u00fccke besteht darin, dass Verbraucher nur allzu leicht <a title=\"Bezahlen mit einer Kreditkarte\" href=\"http:\/\/www.crcg.de\/kreditkartenvergleich\/\">mit der Kreditkarte bezahlen<\/a> \u2013 und damit h\u00e4ufig wesentlich mehr und teurer eingekauft wird als mit anderen Zahlungsmitteln. Schnell verliert der ein oder andere den <strong>\u00dcberblick \u00fcber seine Ausgaben<\/strong>.<\/p>\n<h2>Deshalb unsere Tipps f\u00fcr den Umgang mit Kreditkarten, um nicht in die Schuldenfalle zu geraten:<\/h2>\n<ul>\n<li>Bargeld geht vor! Bei Zahlungen mit Bargeld ist die <strong>Hemmschwelle deutlich h\u00f6her<\/strong> \u2013 und Ausgaben werden besser \u00fcberlegt. Die Kreditkarte sollte deshalb nicht als Mittel der Wahl, sondern nur als <strong>gelegentliche Alternative zur Zahlung<\/strong> eingesetzt werden.<\/li>\n<li><strong>Rechnungen von Kreditkatenzahlungen<\/strong> sollten gesammelt werden. Wer immer mal wieder <strong>einen Blick auf die Summen<\/strong> wirft und nachrechnet, erlebt <a title=\"Kreditkarten Abrechnung der monatlichen Ausgaben\" href=\"http:\/\/www.crcg.de\/kreditkartenvergleich\/ratgeber\/kreditkarten-abrechnung\/\">mit der Kreditkarten-Abrechnung am Ende des Monats<\/a> keine b\u00f6se \u00dcberraschung \u2013 und wei\u00df, wie viel er noch ausgeben kann.<\/li>\n<li>Kreditkarten sollten grunds\u00e4tzlich nicht aus der Hand gegeben werden!<\/li>\n<li>Um <strong>Missbrauchsf\u00e4lle zu vermeiden<\/strong>, sollten PIN und Kreditkarte <strong>separat voneinander aufbewahrt<\/strong> werden. Geht die <a title=\"Kreditkarte verloren? Was tun?\" href=\"http:\/\/www.crcg.de\/kreditkartenvergleich\/ratgeber\/verlust-der-kreditkarte\/\">Kreditkarte verloren<\/a>, sollte diese <a title=\"Telefonnummer zum sofortigen Sperren der Kreditkarte\" href=\"http:\/\/www.crcg.de\/kreditkartenvergleich\/ratgeber\/notrufnummern\/\">sofort gesperrt werden<\/a>.<\/li>\n<li>Wer feststellt, dass er mit der Kreditkarte <strong>\u00fcber seine Verh\u00e4ltnisse lebt<\/strong>, sollte vielleicht besser auf seine Kreditkarte verzichten. Die <strong>sichere Alternative<\/strong> lautet: <a title=\"Prepaid Kreditkarten als kosteng\u00fcnstige Alternative\" href=\"http:\/\/www.crcg.de\/kreditkartenvergleich\/prepaid-kreditkarte\/\">Prepaid-Kreditkarte<\/a>. Diese Karte funktioniert <strong>ausschlie\u00dflich auf Guthabenbasis<\/strong> und bewahrt sicher vor einer \u00dcberschuldung.<\/li>\n<\/ul>\n<p>Die Kreditkarte ist ein <strong>praktisches Zahlungsmittel<\/strong> \u2013 sie sollte allerdings sorgf\u00e4ltig und gewissenhaft eingesetzt werden.<\/p>\n","protected":false},"excerpt":{"rendered":"<p>Die Kreditkarte ist ein gerne genutztes Zahlungsmittel: Wer kein Bargeld mit sich f\u00fchrt, greift in Gesch\u00e4ften und bei Dienstleistern einfach auf die Kreditkarte zur\u00fcck. Der besondere Vorteil dab...","protected":false},"author":2,"featured_media":0,"parent":1736,"menu_order":0,"comment_status":"closed","ping_status":"open","template":"page-full.php","meta":{"_acf_changed":false,"_monsterinsights_skip_tracking":false,"_monsterinsights_sitenote_active":false,"_monsterinsights_sitenote_note":"","_monsterinsights_sitenote_category":0,"footnotes":""},"class_list":["post-2030","page","type-page","status-publish","hentry"],"acf":[],"yoast_head":"<!-- This site is optimized with the Yoast SEO plugin v26.8 - https:\/\/yoast.com\/product\/yoast-seo-wordpress\/ -->\n<title>Kreditkarte: Vorsicht vor der Schuldenfalle<\/title>\n<meta name=\"robots\" content=\"index, follow, max-snippet:-1, max-image-preview:large, max-video-preview:-1\" \/>\n<link rel=\"canonical\" href=\"https:\/\/www.kreditkartenvergleich.org\/ratgeber\/kreditkarte-vorsicht-vor-der-schuldenfalle\/\" \/>\n<meta name=\"twitter:label1\" content=\"Gesch\u00e4tzte Lesezeit\" \/>\n\t<meta name=\"twitter:data1\" content=\"1\u00a0Minute\" \/>\n<script type=\"application\/ld+json\" class=\"yoast-schema-graph\">{\"@context\":\"https:\/\/schema.org\",\"@graph\":[{\"@type\":\"WebPage\",\"@id\":\"http:\/\/www.crcg.de\/kreditkartenvergleich\/ratgeber\/kreditkarte-vorsicht-vor-der-schuldenfalle\/\",\"url\":\"http:\/\/www.crcg.de\/kreditkartenvergleich\/ratgeber\/kreditkarte-vorsicht-vor-der-schuldenfalle\/\",\"name\":\"Kreditkarte: Vorsicht vor der Schuldenfalle\",\"isPartOf\":{\"@id\":\"http:\/\/www.crcg.de\/kreditkartenvergleich\/#website\"},\"primaryImageOfPage\":{\"@id\":\"http:\/\/www.crcg.de\/kreditkartenvergleich\/ratgeber\/kreditkarte-vorsicht-vor-der-schuldenfalle\/#primaryimage\"},\"image\":{\"@id\":\"http:\/\/www.crcg.de\/kreditkartenvergleich\/ratgeber\/kreditkarte-vorsicht-vor-der-schuldenfalle\/#primaryimage\"},\"thumbnailUrl\":\"http:\/\/www.crcg.de\/kreditkartenvergleich\/wp-content\/uploads\/schulden-300x233.jpg\",\"datePublished\":\"2011-12-16T14:08:08+00:00\",\"dateModified\":\"2017-09-12T11:04:23+00:00\",\"breadcrumb\":{\"@id\":\"http:\/\/www.crcg.de\/kreditkartenvergleich\/ratgeber\/kreditkarte-vorsicht-vor-der-schuldenfalle\/#breadcrumb\"},\"inLanguage\":\"de\",\"potentialAction\":[{\"@type\":\"ReadAction\",\"target\":[\"http:\/\/www.crcg.de\/kreditkartenvergleich\/ratgeber\/kreditkarte-vorsicht-vor-der-schuldenfalle\/\"]}]},{\"@type\":\"ImageObject\",\"inLanguage\":\"de\",\"@id\":\"http:\/\/www.crcg.de\/kreditkartenvergleich\/ratgeber\/kreditkarte-vorsicht-vor-der-schuldenfalle\/#primaryimage\",\"url\":\"http:\/\/www.crcg.de\/kreditkartenvergleich\/wp-content\/uploads\/schulden.jpg\",\"contentUrl\":\"http:\/\/www.crcg.de\/kreditkartenvergleich\/wp-content\/uploads\/schulden.jpg\",\"width\":412,\"height\":321,\"caption\":\"Vorsicht vor Schulden\"},{\"@type\":\"BreadcrumbList\",\"@id\":\"http:\/\/www.crcg.de\/kreditkartenvergleich\/ratgeber\/kreditkarte-vorsicht-vor-der-schuldenfalle\/#breadcrumb\",\"itemListElement\":[{\"@type\":\"ListItem\",\"position\":1,\"name\":\"Startseite\",\"item\":\"http:\/\/www.crcg.de\/kreditkartenvergleich\/\"},{\"@type\":\"ListItem\",\"position\":2,\"name\":\"Ratgeber\",\"item\":\"http:\/\/www.crcg.de\/kreditkartenvergleich\/ratgeber\/\"},{\"@type\":\"ListItem\",\"position\":3,\"name\":\"Kreditkarte: Vorsicht vor der Schuldenfalle\"}]},{\"@type\":\"WebSite\",\"@id\":\"http:\/\/www.crcg.de\/kreditkartenvergleich\/#website\",\"url\":\"http:\/\/www.crcg.de\/kreditkartenvergleich\/\",\"name\":\"Kreditkartenvergleich.org\",\"description\":\"Das unabh\u00e4ngige Kreditkarten Vergleich Portal\",\"potentialAction\":[{\"@type\":\"SearchAction\",\"target\":{\"@type\":\"EntryPoint\",\"urlTemplate\":\"http:\/\/www.crcg.de\/kreditkartenvergleich\/?s={search_term_string}\"},\"query-input\":{\"@type\":\"PropertyValueSpecification\",\"valueRequired\":true,\"valueName\":\"search_term_string\"}}],\"inLanguage\":\"de\"}]}<\/script>\n<!-- \/ Yoast SEO plugin. -->","yoast_head_json":{"title":"Kreditkarte: Vorsicht vor der Schuldenfalle","robots":{"index":"index","follow":"follow","max-snippet":"max-snippet:-1","max-image-preview":"max-image-preview:large","max-video-preview":"max-video-preview:-1"},"canonical":"https:\/\/www.kreditkartenvergleich.org\/ratgeber\/kreditkarte-vorsicht-vor-der-schuldenfalle\/","twitter_misc":{"Gesch\u00e4tzte Lesezeit":"1\u00a0Minute"},"schema":{"@context":"https:\/\/schema.org","@graph":[{"@type":"WebPage","@id":"http:\/\/www.crcg.de\/kreditkartenvergleich\/ratgeber\/kreditkarte-vorsicht-vor-der-schuldenfalle\/","url":"http:\/\/www.crcg.de\/kreditkartenvergleich\/ratgeber\/kreditkarte-vorsicht-vor-der-schuldenfalle\/","name":"Kreditkarte: Vorsicht vor der Schuldenfalle","isPartOf":{"@id":"http:\/\/www.crcg.de\/kreditkartenvergleich\/#website"},"primaryImageOfPage":{"@id":"http:\/\/www.crcg.de\/kreditkartenvergleich\/ratgeber\/kreditkarte-vorsicht-vor-der-schuldenfalle\/#primaryimage"},"image":{"@id":"http:\/\/www.crcg.de\/kreditkartenvergleich\/ratgeber\/kreditkarte-vorsicht-vor-der-schuldenfalle\/#primaryimage"},"thumbnailUrl":"http:\/\/www.crcg.de\/kreditkartenvergleich\/wp-content\/uploads\/schulden-300x233.jpg","datePublished":"2011-12-16T14:08:08+00:00","dateModified":"2017-09-12T11:04:23+00:00","breadcrumb":{"@id":"http:\/\/www.crcg.de\/kreditkartenvergleich\/ratgeber\/kreditkarte-vorsicht-vor-der-schuldenfalle\/#breadcrumb"},"inLanguage":"de","potentialAction":[{"@type":"ReadAction","target":["http:\/\/www.crcg.de\/kreditkartenvergleich\/ratgeber\/kreditkarte-vorsicht-vor-der-schuldenfalle\/"]}]},{"@type":"ImageObject","inLanguage":"de","@id":"http:\/\/www.crcg.de\/kreditkartenvergleich\/ratgeber\/kreditkarte-vorsicht-vor-der-schuldenfalle\/#primaryimage","url":"http:\/\/www.crcg.de\/kreditkartenvergleich\/wp-content\/uploads\/schulden.jpg","contentUrl":"http:\/\/www.crcg.de\/kreditkartenvergleich\/wp-content\/uploads\/schulden.jpg","width":412,"height":321,"caption":"Vorsicht vor Schulden"},{"@type":"BreadcrumbList","@id":"http:\/\/www.crcg.de\/kreditkartenvergleich\/ratgeber\/kreditkarte-vorsicht-vor-der-schuldenfalle\/#breadcrumb","itemListElement":[{"@type":"ListItem","position":1,"name":"Startseite","item":"http:\/\/www.crcg.de\/kreditkartenvergleich\/"},{"@type":"ListItem","position":2,"name":"Ratgeber","item":"http:\/\/www.crcg.de\/kreditkartenvergleich\/ratgeber\/"},{"@type":"ListItem","position":3,"name":"Kreditkarte: Vorsicht vor der Schuldenfalle"}]},{"@type":"WebSite","@id":"http:\/\/www.crcg.de\/kreditkartenvergleich\/#website","url":"http:\/\/www.crcg.de\/kreditkartenvergleich\/","name":"Kreditkartenvergleich.org","description":"Das unabh\u00e4ngige Kreditkarten Vergleich Portal","potentialAction":[{"@type":"SearchAction","target":{"@type":"EntryPoint","urlTemplate":"http:\/\/www.crcg.de\/kreditkartenvergleich\/?s={search_term_string}"},"query-input":{"@type":"PropertyValueSpecification","valueRequired":true,"valueName":"search_term_string"}}],"inLanguage":"de"}]}},"_links":{"self":[{"href":"http:\/\/www.crcg.de\/kreditkartenvergleich\/wp-json\/wp\/v2\/pages\/2030","targetHints":{"allow":["GET"]}}],"collection":[{"href":"http:\/\/www.crcg.de\/kreditkartenvergleich\/wp-json\/wp\/v2\/pages"}],"about":[{"href":"http:\/\/www.crcg.de\/kreditkartenvergleich\/wp-json\/wp\/v2\/types\/page"}],"author":[{"embeddable":true,"href":"http:\/\/www.crcg.de\/kreditkartenvergleich\/wp-json\/wp\/v2\/users\/2"}],"replies":[{"embeddable":true,"href":"http:\/\/www.crcg.de\/kreditkartenvergleich\/wp-json\/wp\/v2\/comments?post=2030"}],"version-history":[{"count":2,"href":"http:\/\/www.crcg.de\/kreditkartenvergleich\/wp-json\/wp\/v2\/pages\/2030\/revisions"}],"predecessor-version":[{"id":5397,"href":"http:\/\/www.crcg.de\/kreditkartenvergleich\/wp-json\/wp\/v2\/pages\/2030\/revisions\/5397"}],"up":[{"embeddable":true,"href":"http:\/\/www.crcg.de\/kreditkartenvergleich\/wp-json\/wp\/v2\/pages\/1736"}],"wp:attachment":[{"href":"http:\/\/www.crcg.de\/kreditkartenvergleich\/wp-json\/wp\/v2\/media?parent=2030"}],"curies":[{"name":"wp","href":"https:\/\/api.w.org\/{rel}","templated":true}]}}