


{"id":1914,"date":"2011-08-26T08:40:02","date_gmt":"2011-08-26T07:40:02","guid":{"rendered":"http:\/\/www.kreditkartenvergleich.org\/?page_id=1914"},"modified":"2017-09-12T12:06:08","modified_gmt":"2017-09-12T11:06:08","slug":"kreditkarten-vergleich-die-richtige-kreditkarte-finden","status":"publish","type":"page","link":"http:\/\/www.crcg.de\/kreditkartenvergleich\/ratgeber\/kreditkarten-vergleich-die-richtige-kreditkarte-finden\/","title":{"rendered":"Kreditkarten Vergleich: Die richtige Kreditkarte finden"},"content":{"rendered":"<p><img decoding=\"async\" class=\"alignright wp-image-2224\" src=\"http:\/\/www.crcg.de\/kreditkartenvergleich\/wp-content\/uploads\/2010\/03\/vergleichenlohntsich-300x229.jpg\" alt=\"Vergleichen von Kreditkarten lohnt sich\" width=\"240\" height=\"183\" srcset=\"http:\/\/www.crcg.de\/kreditkartenvergleich\/wp-content\/uploads\/2010\/03\/vergleichenlohntsich-300x229.jpg 300w, http:\/\/www.crcg.de\/kreditkartenvergleich\/wp-content\/uploads\/2010\/03\/vergleichenlohntsich.jpg 396w\" sizes=\"(max-width: 240px) 100vw, 240px\" \/>Kreditkarten unterscheiden sich vor allem in der <a title=\"Unterschiedliche Abrechnungsarten\" href=\"http:\/\/www.crcg.de\/kreditkartenvergleich\/ratgeber\/kreditkarten-abrechnung\/\">Abrechnungsart<\/a>. Weitere <strong>Unterschiede liegen bei den Geb\u00fchren<\/strong> der Kreditkarten Anbieter und in den Zusatzleistungen. Um die <a title=\"Bei uns finden Sie die richtige Kreditkarte\" href=\"http:\/\/www.crcg.de\/kreditkartenvergleich\/\">richtige Kreditkarte finden zu k\u00f6nnen<\/a>, muss der Zweck und der haupts\u00e4chliche Einsatz der Kreditkarte festgelegt werden.<\/p>\n<h2>Soll- und Habenzinsen bei Kreditkarten<\/h2>\n<p>Die Abrechnungsarten werden in Credit, Charge, Debit und Prepaid unterteilt. Credit Cards sind Kreditkarten, die im Soll gef\u00fchrt werden, wobei die Ums\u00e4tze monatlich in einer Gesamtrechnung aufgelistet und in einer ganzen Summe oder in monatlichen Teilbetr\u00e4gen abgezahlt werden. <strong>F\u00fcr die Kreditkarten Ums\u00e4tze fallen Zinsen an<\/strong>, die vom Kreditkarten Inhaber zu tragen sind. Die Abrechnung bei Charge-Kreditkarten geschieht monatlich oder 14-t\u00e4gig. Per Lastschrift wird der gesamte Rechnungsbetrag vom Girokonto eingezogen. Zinsen fallen dabei nicht an, was als gro\u00dfer Vorteil gilt. Die <strong>Debit-Kreditkarte<\/strong> funktioniert wie eine ec-Karte. Die bezahlte Summe wird umgehend vom Konto eingezogen.<\/p>\n<div class=\"infobox-big\"><div class=\"infobox-small\"><div class=\"info-bulb\"><\/div><div class=\"info-header\">Auslandseinsatz nur mit Pr\u00e4gung<\/div><p>Im Ausland sind Debit-Kreditkarten nur einsetzbar, wenn sie <strong>\u00fcber eine Hochpr\u00e4gung verf\u00fcgen<\/strong>. Prepaid-Kreditkarten bieten ihrem Besitzer dagegen vor allem Zinsvorteile, au\u00dferdem ist f\u00fcr ihren Erhalt <strong>keine Bonit\u00e4tspr\u00fcfung notwendig<\/strong>. Bei den meisten Kreditkarten Gesellschaften werden dem Kunden <a title=\"Zinsen auf das Guthaben der Kreditkarte\" href=\"http:\/\/www.crcg.de\/kreditkartenvergleich\/prepaid-kreditkarte\/\">Zinsen f\u00fcr ihr Guthaben auf der Kreditkarte<\/a> verg\u00fctet. Nachteil bei Prepaid Kreditkarten ist, dass sie auch in Notf\u00e4llen nicht \u00fcberzogen werden k\u00f6nnen.<\/p><\/div><\/div>\n<h3>Anfallende Kreditkarten Geb\u00fchren<\/h3>\n<p><img decoding=\"async\" class=\"alignright wp-image-2047\" src=\"http:\/\/www.crcg.de\/kreditkartenvergleich\/wp-content\/uploads\/2011\/12\/kreditkartengebuehren-300x199.jpg\" alt=\"Geb\u00fchren von Kreditkarten\" width=\"240\" height=\"159\" srcset=\"http:\/\/www.crcg.de\/kreditkartenvergleich\/wp-content\/uploads\/2011\/12\/kreditkartengebuehren-300x199.jpg 300w, http:\/\/www.crcg.de\/kreditkartenvergleich\/wp-content\/uploads\/2011\/12\/kreditkartengebuehren.jpg 425w\" sizes=\"(max-width: 240px) 100vw, 240px\" \/>Die Kreditkarten Geb\u00fchren k\u00f6nnen bei den einzelnen Anbietern stark voneinander abweichen. Sie fallen an f\u00fcr Bargeldabhebungen an Geldautomaten, f\u00fcr bargeldlose Zahlungen und f\u00fcr Auslandstransaktionen. Einige <strong>Kreditkarten Anbieter<\/strong> verzichten vollst\u00e4ndig auf Geb\u00fchren an Geldautomaten und erh\u00f6hen diese daf\u00fcr bei bargeldlosen Eink\u00e4ufen. Bei den Geb\u00fchren zu ber\u00fccksichtigen sind weiterhin eventuell anfallende Umrechnungsaufw\u00e4nde im Ausland. Sie werden meist <strong>in den Wechselkurs mit eingerechnet<\/strong> und nicht separat aufgef\u00fchrt. F\u00fcr die meisten Kreditkarten wird au\u00dferdem eine Jahresgeb\u00fchr berechnet, die den Verwaltungsaufwand abdecken soll.<\/p>\n<h4>Zusatzleistungen bieten Mehrwert<\/h4>\n<p>Viele Kreditkarten verf\u00fcgen \u00fcber weitere Vorteile und sind nicht nur f\u00fcr das Bezahlen gedacht. Mit <strong>Bonusprogrammen, Reiseversicherungen und Auslandskrankenschutz<\/strong> sorgen sie f\u00fcr einen Mehrwert. Auch optisch unterscheiden sich Kreditkarten voneinander. Individuelle Designs mit frei w\u00e4hlbaren Motiven, eigenen Fotos und Firmenlogos k\u00f6nnen <strong>die Kreditkarte einzigartig machen<\/strong>. Gut betuchte Kunden mit hohen Jahresums\u00e4tzen werden mit weiteren Zusatzleistungen belohnt und k\u00f6nnen <a title=\"Luxus Kreditkarten\" href=\"http:\/\/www.crcg.de\/kreditkartenvergleich\/goldene-kreditkarten\/\">Luxus-Kreditkarten<\/a> erhalten, die sie als VIP ausweisen und einen besonderen Service bieten.<\/p>\n","protected":false},"excerpt":{"rendered":"<p>Kreditkarten unterscheiden sich vor allem in der Abrechnungsart. Weitere Unterschiede liegen bei den Geb\u00fchren der Kreditkarten Anbieter und in den Zusatzleistungen. Um die richtige Kreditkarte fin...","protected":false},"author":2,"featured_media":0,"parent":1736,"menu_order":0,"comment_status":"closed","ping_status":"open","template":"page-full.php","meta":{"_acf_changed":false,"_monsterinsights_skip_tracking":false,"_monsterinsights_sitenote_active":false,"_monsterinsights_sitenote_note":"","_monsterinsights_sitenote_category":0,"footnotes":""},"class_list":["post-1914","page","type-page","status-publish","hentry"],"acf":[],"yoast_head":"<!-- This site is optimized with the Yoast SEO plugin v26.8 - https:\/\/yoast.com\/product\/yoast-seo-wordpress\/ -->\n<title>Mit dem Kreditkarten Vergleich die passende Kreditkarte finden<\/title>\n<meta name=\"description\" content=\"Mit einem ausf\u00fchrlichen und vor Allem unabh\u00e4ngigen Kreditkarten Vergleich findet jeder die f\u00fcr sich passende Kreditkarte.\" \/>\n<meta name=\"robots\" content=\"index, follow, max-snippet:-1, max-image-preview:large, max-video-preview:-1\" \/>\n<link rel=\"canonical\" href=\"https:\/\/www.kreditkartenvergleich.org\/ratgeber\/kreditkarten-vergleich-die-richtige-kreditkarte-finden\/\" \/>\n<meta name=\"twitter:label1\" content=\"Gesch\u00e4tzte Lesezeit\" \/>\n\t<meta name=\"twitter:data1\" content=\"2\u00a0Minuten\" \/>\n<script type=\"application\/ld+json\" class=\"yoast-schema-graph\">{\"@context\":\"https:\/\/schema.org\",\"@graph\":[{\"@type\":\"WebPage\",\"@id\":\"http:\/\/www.crcg.de\/kreditkartenvergleich\/ratgeber\/kreditkarten-vergleich-die-richtige-kreditkarte-finden\/\",\"url\":\"http:\/\/www.crcg.de\/kreditkartenvergleich\/ratgeber\/kreditkarten-vergleich-die-richtige-kreditkarte-finden\/\",\"name\":\"Mit dem Kreditkarten Vergleich die passende Kreditkarte finden\",\"isPartOf\":{\"@id\":\"http:\/\/www.crcg.de\/kreditkartenvergleich\/#website\"},\"primaryImageOfPage\":{\"@id\":\"http:\/\/www.crcg.de\/kreditkartenvergleich\/ratgeber\/kreditkarten-vergleich-die-richtige-kreditkarte-finden\/#primaryimage\"},\"image\":{\"@id\":\"http:\/\/www.crcg.de\/kreditkartenvergleich\/ratgeber\/kreditkarten-vergleich-die-richtige-kreditkarte-finden\/#primaryimage\"},\"thumbnailUrl\":\"http:\/\/www.crcg.de\/kreditkartenvergleich\/wp-content\/uploads\/2010\/03\/vergleichenlohntsich-300x229.jpg\",\"datePublished\":\"2011-08-26T07:40:02+00:00\",\"dateModified\":\"2017-09-12T11:06:08+00:00\",\"description\":\"Mit einem ausf\u00fchrlichen und vor Allem unabh\u00e4ngigen Kreditkarten Vergleich findet jeder die f\u00fcr sich passende Kreditkarte.\",\"breadcrumb\":{\"@id\":\"http:\/\/www.crcg.de\/kreditkartenvergleich\/ratgeber\/kreditkarten-vergleich-die-richtige-kreditkarte-finden\/#breadcrumb\"},\"inLanguage\":\"de\",\"potentialAction\":[{\"@type\":\"ReadAction\",\"target\":[\"http:\/\/www.crcg.de\/kreditkartenvergleich\/ratgeber\/kreditkarten-vergleich-die-richtige-kreditkarte-finden\/\"]}]},{\"@type\":\"ImageObject\",\"inLanguage\":\"de\",\"@id\":\"http:\/\/www.crcg.de\/kreditkartenvergleich\/ratgeber\/kreditkarten-vergleich-die-richtige-kreditkarte-finden\/#primaryimage\",\"url\":\"http:\/\/www.crcg.de\/kreditkartenvergleich\/wp-content\/uploads\/2010\/03\/vergleichenlohntsich.jpg\",\"contentUrl\":\"http:\/\/www.crcg.de\/kreditkartenvergleich\/wp-content\/uploads\/2010\/03\/vergleichenlohntsich.jpg\",\"width\":\"396\",\"height\":\"303\",\"caption\":\"Vergleichen von Kreditkarten lohnt sich\"},{\"@type\":\"BreadcrumbList\",\"@id\":\"http:\/\/www.crcg.de\/kreditkartenvergleich\/ratgeber\/kreditkarten-vergleich-die-richtige-kreditkarte-finden\/#breadcrumb\",\"itemListElement\":[{\"@type\":\"ListItem\",\"position\":1,\"name\":\"Startseite\",\"item\":\"http:\/\/www.crcg.de\/kreditkartenvergleich\/\"},{\"@type\":\"ListItem\",\"position\":2,\"name\":\"Ratgeber\",\"item\":\"http:\/\/www.crcg.de\/kreditkartenvergleich\/ratgeber\/\"},{\"@type\":\"ListItem\",\"position\":3,\"name\":\"Kreditkarten Vergleich: Die richtige Kreditkarte finden\"}]},{\"@type\":\"WebSite\",\"@id\":\"http:\/\/www.crcg.de\/kreditkartenvergleich\/#website\",\"url\":\"http:\/\/www.crcg.de\/kreditkartenvergleich\/\",\"name\":\"Kreditkartenvergleich.org\",\"description\":\"Das unabh\u00e4ngige Kreditkarten Vergleich Portal\",\"potentialAction\":[{\"@type\":\"SearchAction\",\"target\":{\"@type\":\"EntryPoint\",\"urlTemplate\":\"http:\/\/www.crcg.de\/kreditkartenvergleich\/?s={search_term_string}\"},\"query-input\":{\"@type\":\"PropertyValueSpecification\",\"valueRequired\":true,\"valueName\":\"search_term_string\"}}],\"inLanguage\":\"de\"}]}<\/script>\n<!-- \/ Yoast SEO plugin. -->","yoast_head_json":{"title":"Mit dem Kreditkarten Vergleich die passende Kreditkarte finden","description":"Mit einem ausf\u00fchrlichen und vor Allem unabh\u00e4ngigen Kreditkarten Vergleich findet jeder die f\u00fcr sich passende Kreditkarte.","robots":{"index":"index","follow":"follow","max-snippet":"max-snippet:-1","max-image-preview":"max-image-preview:large","max-video-preview":"max-video-preview:-1"},"canonical":"https:\/\/www.kreditkartenvergleich.org\/ratgeber\/kreditkarten-vergleich-die-richtige-kreditkarte-finden\/","twitter_misc":{"Gesch\u00e4tzte Lesezeit":"2\u00a0Minuten"},"schema":{"@context":"https:\/\/schema.org","@graph":[{"@type":"WebPage","@id":"http:\/\/www.crcg.de\/kreditkartenvergleich\/ratgeber\/kreditkarten-vergleich-die-richtige-kreditkarte-finden\/","url":"http:\/\/www.crcg.de\/kreditkartenvergleich\/ratgeber\/kreditkarten-vergleich-die-richtige-kreditkarte-finden\/","name":"Mit dem Kreditkarten Vergleich die passende Kreditkarte finden","isPartOf":{"@id":"http:\/\/www.crcg.de\/kreditkartenvergleich\/#website"},"primaryImageOfPage":{"@id":"http:\/\/www.crcg.de\/kreditkartenvergleich\/ratgeber\/kreditkarten-vergleich-die-richtige-kreditkarte-finden\/#primaryimage"},"image":{"@id":"http:\/\/www.crcg.de\/kreditkartenvergleich\/ratgeber\/kreditkarten-vergleich-die-richtige-kreditkarte-finden\/#primaryimage"},"thumbnailUrl":"http:\/\/www.crcg.de\/kreditkartenvergleich\/wp-content\/uploads\/2010\/03\/vergleichenlohntsich-300x229.jpg","datePublished":"2011-08-26T07:40:02+00:00","dateModified":"2017-09-12T11:06:08+00:00","description":"Mit einem ausf\u00fchrlichen und vor Allem unabh\u00e4ngigen Kreditkarten Vergleich findet jeder die f\u00fcr sich passende Kreditkarte.","breadcrumb":{"@id":"http:\/\/www.crcg.de\/kreditkartenvergleich\/ratgeber\/kreditkarten-vergleich-die-richtige-kreditkarte-finden\/#breadcrumb"},"inLanguage":"de","potentialAction":[{"@type":"ReadAction","target":["http:\/\/www.crcg.de\/kreditkartenvergleich\/ratgeber\/kreditkarten-vergleich-die-richtige-kreditkarte-finden\/"]}]},{"@type":"ImageObject","inLanguage":"de","@id":"http:\/\/www.crcg.de\/kreditkartenvergleich\/ratgeber\/kreditkarten-vergleich-die-richtige-kreditkarte-finden\/#primaryimage","url":"http:\/\/www.crcg.de\/kreditkartenvergleich\/wp-content\/uploads\/2010\/03\/vergleichenlohntsich.jpg","contentUrl":"http:\/\/www.crcg.de\/kreditkartenvergleich\/wp-content\/uploads\/2010\/03\/vergleichenlohntsich.jpg","width":"396","height":"303","caption":"Vergleichen von Kreditkarten lohnt sich"},{"@type":"BreadcrumbList","@id":"http:\/\/www.crcg.de\/kreditkartenvergleich\/ratgeber\/kreditkarten-vergleich-die-richtige-kreditkarte-finden\/#breadcrumb","itemListElement":[{"@type":"ListItem","position":1,"name":"Startseite","item":"http:\/\/www.crcg.de\/kreditkartenvergleich\/"},{"@type":"ListItem","position":2,"name":"Ratgeber","item":"http:\/\/www.crcg.de\/kreditkartenvergleich\/ratgeber\/"},{"@type":"ListItem","position":3,"name":"Kreditkarten Vergleich: Die richtige Kreditkarte finden"}]},{"@type":"WebSite","@id":"http:\/\/www.crcg.de\/kreditkartenvergleich\/#website","url":"http:\/\/www.crcg.de\/kreditkartenvergleich\/","name":"Kreditkartenvergleich.org","description":"Das unabh\u00e4ngige Kreditkarten Vergleich Portal","potentialAction":[{"@type":"SearchAction","target":{"@type":"EntryPoint","urlTemplate":"http:\/\/www.crcg.de\/kreditkartenvergleich\/?s={search_term_string}"},"query-input":{"@type":"PropertyValueSpecification","valueRequired":true,"valueName":"search_term_string"}}],"inLanguage":"de"}]}},"_links":{"self":[{"href":"http:\/\/www.crcg.de\/kreditkartenvergleich\/wp-json\/wp\/v2\/pages\/1914","targetHints":{"allow":["GET"]}}],"collection":[{"href":"http:\/\/www.crcg.de\/kreditkartenvergleich\/wp-json\/wp\/v2\/pages"}],"about":[{"href":"http:\/\/www.crcg.de\/kreditkartenvergleich\/wp-json\/wp\/v2\/types\/page"}],"author":[{"embeddable":true,"href":"http:\/\/www.crcg.de\/kreditkartenvergleich\/wp-json\/wp\/v2\/users\/2"}],"replies":[{"embeddable":true,"href":"http:\/\/www.crcg.de\/kreditkartenvergleich\/wp-json\/wp\/v2\/comments?post=1914"}],"version-history":[{"count":2,"href":"http:\/\/www.crcg.de\/kreditkartenvergleich\/wp-json\/wp\/v2\/pages\/1914\/revisions"}],"predecessor-version":[{"id":5404,"href":"http:\/\/www.crcg.de\/kreditkartenvergleich\/wp-json\/wp\/v2\/pages\/1914\/revisions\/5404"}],"up":[{"embeddable":true,"href":"http:\/\/www.crcg.de\/kreditkartenvergleich\/wp-json\/wp\/v2\/pages\/1736"}],"wp:attachment":[{"href":"http:\/\/www.crcg.de\/kreditkartenvergleich\/wp-json\/wp\/v2\/media?parent=1914"}],"curies":[{"name":"wp","href":"https:\/\/api.w.org\/{rel}","templated":true}]}}