


{"id":1884,"date":"2011-08-10T16:18:12","date_gmt":"2011-08-10T15:18:12","guid":{"rendered":"http:\/\/www.kreditkartenvergleich.org\/?page_id=1884"},"modified":"2017-09-12T12:05:16","modified_gmt":"2017-09-12T11:05:16","slug":"kreditkarten-im-auslandseinsatz","status":"publish","type":"page","link":"http:\/\/www.crcg.de\/kreditkartenvergleich\/ratgeber\/kreditkarten-im-auslandseinsatz\/","title":{"rendered":"Kreditkarten im Auslandseinsatz \u2013 was beachtet werden sollte"},"content":{"rendered":"<p><img decoding=\"async\" class=\"alignright wp-image-3694\" style=\"border: 0px;\" src=\"http:\/\/www.crcg.de\/kreditkartenvergleich\/wp-content\/uploads\/kreditkarte-im-ausland-209x300.jpg\" alt=\"Kreditkarte auf Reisen\" width=\"167\" height=\"240\" srcset=\"http:\/\/www.crcg.de\/kreditkartenvergleich\/wp-content\/uploads\/kreditkarte-im-ausland-209x300.jpg 209w, http:\/\/www.crcg.de\/kreditkartenvergleich\/wp-content\/uploads\/kreditkarte-im-ausland-69x100.jpg 69w, http:\/\/www.crcg.de\/kreditkartenvergleich\/wp-content\/uploads\/kreditkarte-im-ausland.jpg 300w\" sizes=\"(max-width: 167px) 100vw, 167px\" \/>Die weltweite Akzeptanz von Kreditkarten macht dieses bargeldlose Zahlungsmittel beinahe \u00fcberall einsetzbar. Wer mit der Kreditkarte bezahlt, muss sich nicht um das Umtauschen von Geld in die jeweilige Landesw\u00e4hrung k\u00fcmmern. Auch unterschiedliche Wechselkurse in den ausl\u00e4ndischen Geldwechselb\u00fcros sind f\u00fcr Kreditkarten Inhaber eher uninteressant. Zudem werden Kreditkarten in einigen L\u00e4ndern der Welt sogar <strong>dem Bargeld vorgezogen<\/strong>. Wer trotzdem <strong>Bargeld im Ausland<\/strong> ben\u00f6tigt, kann dort Bargeld an den Geldautomaten in der jeweiligen Landesw\u00e4hrung erhalten. F\u00fcr mehr Sicherheit sollten gr\u00f6\u00dfere Betr\u00e4ge aber nur dann abgehoben werden, wenn sie wirklich ben\u00f6tigt werden.<\/p>\n<h2>Auslandsverf\u00fcgungen kosten zus\u00e4tzliche Kreditkarten Geb\u00fchren<\/h2>\n<p>Eher nachteilig sind die <strong>h\u00f6heren Geb\u00fchren bei Auslandseins\u00e4tzen der Kreditkarte<\/strong>. Das gilt besonders f\u00fcr nichteurop\u00e4ische L\u00e4nder und betrifft Bargeldabhebungen ebenso, wie bargeldlose Zahlungen. Bis zu 5% des Betrages k\u00f6nnen dem Kreditkarten Inhaber an <strong>Auslandsgeb\u00fchren in Rechnung gestellt<\/strong> werden. Diese setzen sich zusammen aus der Interchange Fee, der Auslandseinsatzgeb\u00fchr, der Lizenzgeb\u00fchr, sowie <strong>anderen Kosten f\u00fcr technische Abwicklungen<\/strong>. Die Geb\u00fchren werden in der <a title=\"Abrechnung bei Kreditkarten\" href=\"http:\/\/www.crcg.de\/kreditkartenvergleich\/ratgeber\/kreditkarten-abrechnung\/\">Kreditkarten Abrechnung<\/a> meist nicht gesondert aufgef\u00fchrt, sondern befinden sich versteckt im Wechselkurs. Einige Kreditkarten Anbieter erheben jedoch f\u00fcr Bargeldverf\u00fcgungen weltweit oder f\u00fcr <strong>bargeldlose Zahlungen innerhalb der EU<\/strong> keine Geb\u00fchren.<\/p>\n<h3>Kreditkarten Haftungsgrenzen im Ausland<\/h3>\n<p>Bei <a title=\"Verlust oder Diebstahl der Kreditkarte\" href=\"http:\/\/www.crcg.de\/kreditkartenvergleich\/ratgeber\/verlust-der-kreditkarte\/\">Verlust oder Diebstahl<\/a> im Ausland gelten andere Haftungsgrenzen als in Deutschland. Die <a title=\"Telefonnummer zur sofortigen Sperrung der Kreditkarte\" href=\"http:\/\/www.crcg.de\/kreditkartenvergleich\/ratgeber\/notrufnummern\/\">sofortige Sperrung<\/a> kann den Schaden begrenzen &#8211; trotzdem liegt die Eigenbeteiligung etwas h\u00f6her als im Inland und betr\u00e4gt bei den meisten Anbietern bis zu 150 Euro. <strong>Vor der Auslandsreise sollte auch \u00fcberpr\u00fcft werden<\/strong>, ob die <strong>Kreditkarte noch \u00fcber den Reisezeitraum hinweg G\u00fcltigkeit hat<\/strong> und ob das Kreditlimit ausreicht. Damit die Kreditkarte w\u00e4hrend des Auslandsaufenthaltes \u00fcber gen\u00fcgend Spielraum verf\u00fcgt, empfiehlt es sich, vorherige Zahlungen im Inland auf andere Art zu begleichen.<\/p>\n<div class=\"infobox-big\"><div class=\"infobox-small\"><div class=\"info-bulb\"><\/div><div class=\"info-header\">Spezielle Angebote<\/div><p>Alle <strong>Kreditkarten f\u00fcr den Auslandseinsatz<\/strong> sind <a title=\"Unser kostenloser Kreditkarten Vergleich\" href=\"http:\/\/www.crcg.de\/kreditkartenvergleich\/\">in unseren kostenlosen Kreditkartenvergleichen<\/a> integriert. Au\u00dferdem bieten wir spezielle Kreditkarten f\u00fcr Reisende an. Diese beinhalten meist <strong>Versicherungen in Zusammenhang mit der Reise<\/strong> oder bieten zus\u00e4tzliche Leistungen an.<\/p><\/div><\/div>\n","protected":false},"excerpt":{"rendered":"<p>Die weltweite Akzeptanz von Kreditkarten macht dieses bargeldlose Zahlungsmittel beinahe \u00fcberall einsetzbar. Wer mit der Kreditkarte bezahlt, muss sich nicht um das Umtauschen von Geld in die jewe...","protected":false},"author":2,"featured_media":0,"parent":1736,"menu_order":0,"comment_status":"closed","ping_status":"open","template":"page-full.php","meta":{"_acf_changed":false,"_monsterinsights_skip_tracking":false,"_monsterinsights_sitenote_active":false,"_monsterinsights_sitenote_note":"","_monsterinsights_sitenote_category":0,"footnotes":""},"class_list":["post-1884","page","type-page","status-publish","hentry"],"acf":[],"yoast_head":"<!-- This site is optimized with the Yoast SEO plugin v26.8 - https:\/\/yoast.com\/product\/yoast-seo-wordpress\/ -->\n<title>Der Auslandseinsatz von Kreditkarten kann teuer werden<\/title>\n<meta name=\"description\" content=\"Wer seine Kreditkarte im Urlaub einsetzt, der muss sich bewusst sein, dass hohe Kosten beim Auslandseinsatz auf ihn zukommen k\u00f6nnen.\" \/>\n<meta name=\"robots\" content=\"index, follow, max-snippet:-1, max-image-preview:large, max-video-preview:-1\" \/>\n<link rel=\"canonical\" href=\"https:\/\/www.kreditkartenvergleich.org\/ratgeber\/kreditkarten-im-auslandseinsatz\/\" \/>\n<meta name=\"twitter:label1\" content=\"Gesch\u00e4tzte Lesezeit\" \/>\n\t<meta name=\"twitter:data1\" content=\"2\u00a0Minuten\" \/>\n<script type=\"application\/ld+json\" class=\"yoast-schema-graph\">{\"@context\":\"https:\/\/schema.org\",\"@graph\":[{\"@type\":\"WebPage\",\"@id\":\"http:\/\/www.crcg.de\/kreditkartenvergleich\/ratgeber\/kreditkarten-im-auslandseinsatz\/\",\"url\":\"http:\/\/www.crcg.de\/kreditkartenvergleich\/ratgeber\/kreditkarten-im-auslandseinsatz\/\",\"name\":\"Der Auslandseinsatz von Kreditkarten kann teuer werden\",\"isPartOf\":{\"@id\":\"http:\/\/www.crcg.de\/kreditkartenvergleich\/#website\"},\"primaryImageOfPage\":{\"@id\":\"http:\/\/www.crcg.de\/kreditkartenvergleich\/ratgeber\/kreditkarten-im-auslandseinsatz\/#primaryimage\"},\"image\":{\"@id\":\"http:\/\/www.crcg.de\/kreditkartenvergleich\/ratgeber\/kreditkarten-im-auslandseinsatz\/#primaryimage\"},\"thumbnailUrl\":\"http:\/\/www.crcg.de\/kreditkartenvergleich\/wp-content\/uploads\/kreditkarte-im-ausland-209x300.jpg\",\"datePublished\":\"2011-08-10T15:18:12+00:00\",\"dateModified\":\"2017-09-12T11:05:16+00:00\",\"description\":\"Wer seine Kreditkarte im Urlaub einsetzt, der muss sich bewusst sein, dass hohe Kosten beim Auslandseinsatz auf ihn zukommen k\u00f6nnen.\",\"breadcrumb\":{\"@id\":\"http:\/\/www.crcg.de\/kreditkartenvergleich\/ratgeber\/kreditkarten-im-auslandseinsatz\/#breadcrumb\"},\"inLanguage\":\"de\",\"potentialAction\":[{\"@type\":\"ReadAction\",\"target\":[\"http:\/\/www.crcg.de\/kreditkartenvergleich\/ratgeber\/kreditkarten-im-auslandseinsatz\/\"]}]},{\"@type\":\"ImageObject\",\"inLanguage\":\"de\",\"@id\":\"http:\/\/www.crcg.de\/kreditkartenvergleich\/ratgeber\/kreditkarten-im-auslandseinsatz\/#primaryimage\",\"url\":\"http:\/\/www.crcg.de\/kreditkartenvergleich\/wp-content\/uploads\/kreditkarte-im-ausland.jpg\",\"contentUrl\":\"http:\/\/www.crcg.de\/kreditkartenvergleich\/wp-content\/uploads\/kreditkarte-im-ausland.jpg\",\"width\":300,\"height\":430,\"caption\":\"Kreditkarte auf Reisen\"},{\"@type\":\"BreadcrumbList\",\"@id\":\"http:\/\/www.crcg.de\/kreditkartenvergleich\/ratgeber\/kreditkarten-im-auslandseinsatz\/#breadcrumb\",\"itemListElement\":[{\"@type\":\"ListItem\",\"position\":1,\"name\":\"Startseite\",\"item\":\"http:\/\/www.crcg.de\/kreditkartenvergleich\/\"},{\"@type\":\"ListItem\",\"position\":2,\"name\":\"Ratgeber\",\"item\":\"http:\/\/www.crcg.de\/kreditkartenvergleich\/ratgeber\/\"},{\"@type\":\"ListItem\",\"position\":3,\"name\":\"Kreditkarten im Auslandseinsatz \u2013 was beachtet werden sollte\"}]},{\"@type\":\"WebSite\",\"@id\":\"http:\/\/www.crcg.de\/kreditkartenvergleich\/#website\",\"url\":\"http:\/\/www.crcg.de\/kreditkartenvergleich\/\",\"name\":\"Kreditkartenvergleich.org\",\"description\":\"Das unabh\u00e4ngige Kreditkarten Vergleich Portal\",\"potentialAction\":[{\"@type\":\"SearchAction\",\"target\":{\"@type\":\"EntryPoint\",\"urlTemplate\":\"http:\/\/www.crcg.de\/kreditkartenvergleich\/?s={search_term_string}\"},\"query-input\":{\"@type\":\"PropertyValueSpecification\",\"valueRequired\":true,\"valueName\":\"search_term_string\"}}],\"inLanguage\":\"de\"}]}<\/script>\n<!-- \/ Yoast SEO plugin. -->","yoast_head_json":{"title":"Der Auslandseinsatz von Kreditkarten kann teuer werden","description":"Wer seine Kreditkarte im Urlaub einsetzt, der muss sich bewusst sein, dass hohe Kosten beim Auslandseinsatz auf ihn zukommen k\u00f6nnen.","robots":{"index":"index","follow":"follow","max-snippet":"max-snippet:-1","max-image-preview":"max-image-preview:large","max-video-preview":"max-video-preview:-1"},"canonical":"https:\/\/www.kreditkartenvergleich.org\/ratgeber\/kreditkarten-im-auslandseinsatz\/","twitter_misc":{"Gesch\u00e4tzte Lesezeit":"2\u00a0Minuten"},"schema":{"@context":"https:\/\/schema.org","@graph":[{"@type":"WebPage","@id":"http:\/\/www.crcg.de\/kreditkartenvergleich\/ratgeber\/kreditkarten-im-auslandseinsatz\/","url":"http:\/\/www.crcg.de\/kreditkartenvergleich\/ratgeber\/kreditkarten-im-auslandseinsatz\/","name":"Der Auslandseinsatz von Kreditkarten kann teuer werden","isPartOf":{"@id":"http:\/\/www.crcg.de\/kreditkartenvergleich\/#website"},"primaryImageOfPage":{"@id":"http:\/\/www.crcg.de\/kreditkartenvergleich\/ratgeber\/kreditkarten-im-auslandseinsatz\/#primaryimage"},"image":{"@id":"http:\/\/www.crcg.de\/kreditkartenvergleich\/ratgeber\/kreditkarten-im-auslandseinsatz\/#primaryimage"},"thumbnailUrl":"http:\/\/www.crcg.de\/kreditkartenvergleich\/wp-content\/uploads\/kreditkarte-im-ausland-209x300.jpg","datePublished":"2011-08-10T15:18:12+00:00","dateModified":"2017-09-12T11:05:16+00:00","description":"Wer seine Kreditkarte im Urlaub einsetzt, der muss sich bewusst sein, dass hohe Kosten beim Auslandseinsatz auf ihn zukommen k\u00f6nnen.","breadcrumb":{"@id":"http:\/\/www.crcg.de\/kreditkartenvergleich\/ratgeber\/kreditkarten-im-auslandseinsatz\/#breadcrumb"},"inLanguage":"de","potentialAction":[{"@type":"ReadAction","target":["http:\/\/www.crcg.de\/kreditkartenvergleich\/ratgeber\/kreditkarten-im-auslandseinsatz\/"]}]},{"@type":"ImageObject","inLanguage":"de","@id":"http:\/\/www.crcg.de\/kreditkartenvergleich\/ratgeber\/kreditkarten-im-auslandseinsatz\/#primaryimage","url":"http:\/\/www.crcg.de\/kreditkartenvergleich\/wp-content\/uploads\/kreditkarte-im-ausland.jpg","contentUrl":"http:\/\/www.crcg.de\/kreditkartenvergleich\/wp-content\/uploads\/kreditkarte-im-ausland.jpg","width":300,"height":430,"caption":"Kreditkarte auf Reisen"},{"@type":"BreadcrumbList","@id":"http:\/\/www.crcg.de\/kreditkartenvergleich\/ratgeber\/kreditkarten-im-auslandseinsatz\/#breadcrumb","itemListElement":[{"@type":"ListItem","position":1,"name":"Startseite","item":"http:\/\/www.crcg.de\/kreditkartenvergleich\/"},{"@type":"ListItem","position":2,"name":"Ratgeber","item":"http:\/\/www.crcg.de\/kreditkartenvergleich\/ratgeber\/"},{"@type":"ListItem","position":3,"name":"Kreditkarten im Auslandseinsatz \u2013 was beachtet werden sollte"}]},{"@type":"WebSite","@id":"http:\/\/www.crcg.de\/kreditkartenvergleich\/#website","url":"http:\/\/www.crcg.de\/kreditkartenvergleich\/","name":"Kreditkartenvergleich.org","description":"Das unabh\u00e4ngige Kreditkarten Vergleich Portal","potentialAction":[{"@type":"SearchAction","target":{"@type":"EntryPoint","urlTemplate":"http:\/\/www.crcg.de\/kreditkartenvergleich\/?s={search_term_string}"},"query-input":{"@type":"PropertyValueSpecification","valueRequired":true,"valueName":"search_term_string"}}],"inLanguage":"de"}]}},"_links":{"self":[{"href":"http:\/\/www.crcg.de\/kreditkartenvergleich\/wp-json\/wp\/v2\/pages\/1884","targetHints":{"allow":["GET"]}}],"collection":[{"href":"http:\/\/www.crcg.de\/kreditkartenvergleich\/wp-json\/wp\/v2\/pages"}],"about":[{"href":"http:\/\/www.crcg.de\/kreditkartenvergleich\/wp-json\/wp\/v2\/types\/page"}],"author":[{"embeddable":true,"href":"http:\/\/www.crcg.de\/kreditkartenvergleich\/wp-json\/wp\/v2\/users\/2"}],"replies":[{"embeddable":true,"href":"http:\/\/www.crcg.de\/kreditkartenvergleich\/wp-json\/wp\/v2\/comments?post=1884"}],"version-history":[{"count":1,"href":"http:\/\/www.crcg.de\/kreditkartenvergleich\/wp-json\/wp\/v2\/pages\/1884\/revisions"}],"predecessor-version":[{"id":5401,"href":"http:\/\/www.crcg.de\/kreditkartenvergleich\/wp-json\/wp\/v2\/pages\/1884\/revisions\/5401"}],"up":[{"embeddable":true,"href":"http:\/\/www.crcg.de\/kreditkartenvergleich\/wp-json\/wp\/v2\/pages\/1736"}],"wp:attachment":[{"href":"http:\/\/www.crcg.de\/kreditkartenvergleich\/wp-json\/wp\/v2\/media?parent=1884"}],"curies":[{"name":"wp","href":"https:\/\/api.w.org\/{rel}","templated":true}]}}